{"id":10840,"date":"2026-03-04T08:48:41","date_gmt":"2026-03-04T08:48:41","guid":{"rendered":"https:\/\/adcelectronique.com\/?post_type=product&#038;p=10840"},"modified":"2026-03-04T08:48:41","modified_gmt":"2026-03-04T08:48:41","slug":"2wdrobot-car-chassis-smart-carchassis-traking","status":"publish","type":"product","link":"https:\/\/adcelectronique.com\/index.php\/product\/2wdrobot-car-chassis-smart-carchassis-traking\/","title":{"rendered":"2WDROBOT CAR CHASSIS SMART\/CARCHASSIS\/TRAKING"},"content":{"rendered":"<h3>\u00a0 \u00a0 \u00a0 \u00a0 \u00a0 \u00a0 \u00a0 \u00a0 \u00a0 \u00a0 2WDROBOT CAR CHASSIS SMART\/CARCHASSIS\/TRAKING<\/h3>\n<h3 data-start=\"199\" data-end=\"242\">Description du 2WD Robot Car Chassis<\/h3>\n<p data-start=\"243\" data-end=\"312\">Le ch\u00e2ssis est la base m\u00e9canique du robot. Il contient g\u00e9n\u00e9ralement :<\/p>\n<ul data-start=\"314\" data-end=\"550\">\n<li data-start=\"314\" data-end=\"352\">\n<p data-start=\"316\" data-end=\"352\">\u2705 2 moteurs DC (un pour chaque roue)<\/p>\n<\/li>\n<li data-start=\"353\" data-end=\"373\">\n<p data-start=\"355\" data-end=\"373\">\u2705 2 roues motrices<\/p>\n<\/li>\n<li data-start=\"374\" data-end=\"428\">\n<p data-start=\"376\" data-end=\"428\">\u2705 1 roue folle (roue libre \u00e0 l\u2019avant ou \u00e0 l\u2019arri\u00e8re)<\/p>\n<\/li>\n<li data-start=\"429\" data-end=\"478\">\n<p data-start=\"431\" data-end=\"478\">\u2705 Support pour piles (4xAA ou batterie lithium)<\/p>\n<\/li>\n<li data-start=\"479\" data-end=\"515\">\n<p data-start=\"481\" data-end=\"515\">\u2705 Plaque en acrylique ou plastique<\/p>\n<\/li>\n<li data-start=\"516\" data-end=\"550\">\n<p data-start=\"518\" data-end=\"550\">\u2705 Vis et accessoires de fixation<\/p>\n<\/li>\n<\/ul>\n<h3 data-start=\"557\" data-end=\"586\">\ud83e\udd16 Utilisation principale<\/h3>\n<p data-start=\"587\" data-end=\"624\">Ce type de ch\u00e2ssis est utilis\u00e9 pour :<\/p>\n<ul data-start=\"626\" data-end=\"774\">\n<li data-start=\"626\" data-end=\"658\">\n<p data-start=\"628\" data-end=\"658\">\ud83d\ude98 Robot \u00e9viteur d\u2019obstacles<\/p>\n<\/li>\n<li data-start=\"659\" data-end=\"699\">\n<p data-start=\"661\" data-end=\"699\">\ud83c\udfaf Robot suiveur de ligne (Tracking)<\/p>\n<\/li>\n<li data-start=\"700\" data-end=\"735\">\n<p data-start=\"702\" data-end=\"735\">\ud83d\udcf1 Robot contr\u00f4l\u00e9 par Bluetooth<\/p>\n<\/li>\n<li data-start=\"736\" data-end=\"774\">\n<p data-start=\"738\" data-end=\"774\">\ud83d\udce1 Robot contr\u00f4l\u00e9 par t\u00e9l\u00e9commande<\/p>\n<\/li>\n<\/ul>\n","protected":false},"excerpt":{"rendered":"<h3 data-start=\"199\" data-end=\"242\">Description du 2WD Robot Car Chassis<\/h3>\n<p data-start=\"243\" data-end=\"312\">Le ch\u00e2ssis est la base m\u00e9canique du robot. Il contient g\u00e9n\u00e9ralement :<\/p>\n<ul data-start=\"314\" data-end=\"550\">\n<li data-start=\"314\" data-end=\"352\">\n<p data-start=\"316\" data-end=\"352\">\u2705 2 moteurs DC (un pour chaque roue)<\/p>\n<\/li>\n<li data-start=\"353\" data-end=\"373\">\n<p data-start=\"355\" data-end=\"373\">\u2705 2 roues motrices<\/p>\n<\/li>\n<li data-start=\"374\" data-end=\"428\">\n<p data-start=\"376\" data-end=\"428\">\u2705 1 roue folle (roue libre \u00e0 l\u2019avant ou \u00e0 l\u2019arri\u00e8re)<\/p>\n<\/li>\n<li data-start=\"429\" data-end=\"478\">\n<p data-start=\"431\" data-end=\"478\">\u2705 Support pour piles (4xAA ou batterie lithium)<\/p>\n<\/li>\n<li data-start=\"479\" data-end=\"515\">\n<p data-start=\"481\" data-end=\"515\">\u2705 Plaque en acrylique ou plastique<\/p>\n<\/li>\n<li data-start=\"516\" data-end=\"550\">\n<p data-start=\"518\" data-end=\"550\">\u2705 Vis et accessoires de fixation<\/p>\n<\/li>\n<\/ul>\n","protected":false},"featured_media":10841,"comment_status":"open","ping_status":"closed","template":"","meta":[],"product_brand":[144],"product_cat":[31],"product_tag":[],"class_list":{"0":"post-10840","1":"product","2":"type-product","3":"status-publish","4":"has-post-thumbnail","6":"product_brand-arduino","7":"product_cat-cartes-microcontroleurs","9":"first","10":"instock","11":"shipping-taxable","12":"purchasable","13":"product-type-simple"},"yoast_head":"<!-- This site is optimized with the Yoast SEO Premium plugin v26.2 (Yoast SEO v26.2) - https:\/\/yoast.com\/wordpress\/plugins\/seo\/ -->\n<title>2WDROBOT CAR CHASSIS SMART\/CARCHASSIS\/TRAKING - ADC Electronique<\/title>\n<meta name=\"robots\" content=\"index, follow, max-snippet:-1, max-image-preview:large, max-video-preview:-1\" \/>\n<link rel=\"canonical\" href=\"https:\/\/adcelectronique.com\/index.php\/product\/2wdrobot-car-chassis-smart-carchassis-traking\/\" \/>\n<meta property=\"og:locale\" content=\"fr_FR\" \/>\n<meta property=\"og:type\" content=\"article\" \/>\n<meta property=\"og:title\" content=\"2WDROBOT CAR CHASSIS SMART\/CARCHASSIS\/TRAKING\" \/>\n<meta property=\"og:description\" content=\"Description du 2WD Robot Car Chassis Le ch\u00e2ssis est la base m\u00e9canique du robot. Il contient g\u00e9n\u00e9ralement :     \u2705 2 moteurs DC (un pour chaque roue)    \u2705 2 roues motrices    \u2705 1 roue folle (roue libre \u00e0 l\u2019avant ou \u00e0 l\u2019arri\u00e8re)    \u2705 Support pour piles (4xAA ou batterie lithium)    \u2705 Plaque en acrylique ou plastique    \u2705 Vis et accessoires de fixation\" \/>\n<meta property=\"og:url\" content=\"https:\/\/adcelectronique.com\/index.php\/product\/2wdrobot-car-chassis-smart-carchassis-traking\/\" \/>\n<meta property=\"og:site_name\" content=\"ADC Electronique\" \/>\n<meta property=\"og:image\" content=\"https:\/\/adcelectronique.com\/wp-content\/uploads\/2026\/03\/image_2026-03-04_094750946.png\" \/>\n\t<meta property=\"og:image:width\" content=\"1000\" \/>\n\t<meta property=\"og:image:height\" content=\"1000\" \/>\n\t<meta property=\"og:image:type\" content=\"image\/png\" \/>\n<meta name=\"twitter:card\" content=\"summary_large_image\" \/>\n<meta name=\"twitter:label1\" content=\"Dur\u00e9e de lecture estim\u00e9e\" \/>\n\t<meta name=\"twitter:data1\" content=\"1 minute\" \/>\n<script type=\"application\/ld+json\" class=\"yoast-schema-graph\">{\"@context\":\"https:\/\/schema.org\",\"@graph\":[{\"@type\":\"WebPage\",\"@id\":\"https:\/\/adcelectronique.com\/index.php\/product\/2wdrobot-car-chassis-smart-carchassis-traking\/\",\"url\":\"https:\/\/adcelectronique.com\/index.php\/product\/2wdrobot-car-chassis-smart-carchassis-traking\/\",\"name\":\"2WDROBOT CAR CHASSIS SMART\/CARCHASSIS\/TRAKING - ADC Electronique\",\"isPartOf\":{\"@id\":\"https:\/\/adcelectronique.com\/#website\"},\"primaryImageOfPage\":{\"@id\":\"https:\/\/adcelectronique.com\/index.php\/product\/2wdrobot-car-chassis-smart-carchassis-traking\/#primaryimage\"},\"image\":{\"@id\":\"https:\/\/adcelectronique.com\/index.php\/product\/2wdrobot-car-chassis-smart-carchassis-traking\/#primaryimage\"},\"thumbnailUrl\":\"https:\/\/adcelectronique.com\/wp-content\/uploads\/2026\/03\/image_2026-03-04_094750946.png\",\"datePublished\":\"2026-03-04T08:48:41+00:00\",\"breadcrumb\":{\"@id\":\"https:\/\/adcelectronique.com\/index.php\/product\/2wdrobot-car-chassis-smart-carchassis-traking\/#breadcrumb\"},\"inLanguage\":\"fr-FR\",\"potentialAction\":[{\"@type\":\"ReadAction\",\"target\":[\"https:\/\/adcelectronique.com\/index.php\/product\/2wdrobot-car-chassis-smart-carchassis-traking\/\"]}]},{\"@type\":\"ImageObject\",\"inLanguage\":\"fr-FR\",\"@id\":\"https:\/\/adcelectronique.com\/index.php\/product\/2wdrobot-car-chassis-smart-carchassis-traking\/#primaryimage\",\"url\":\"https:\/\/adcelectronique.com\/wp-content\/uploads\/2026\/03\/image_2026-03-04_094750946.png\",\"contentUrl\":\"https:\/\/adcelectronique.com\/wp-content\/uploads\/2026\/03\/image_2026-03-04_094750946.png\",\"width\":1000,\"height\":1000},{\"@type\":\"BreadcrumbList\",\"@id\":\"https:\/\/adcelectronique.com\/index.php\/product\/2wdrobot-car-chassis-smart-carchassis-traking\/#breadcrumb\",\"itemListElement\":[{\"@type\":\"ListItem\",\"position\":1,\"name\":\"Home\",\"item\":\"https:\/\/adcelectronique.com\/\"},{\"@type\":\"ListItem\",\"position\":2,\"name\":\"Shop\",\"item\":\"https:\/\/adcelectronique.com\/index.php\/shop\/\"},{\"@type\":\"ListItem\",\"position\":3,\"name\":\"2WDROBOT CAR CHASSIS SMART\/CARCHASSIS\/TRAKING\"}]},{\"@type\":\"WebSite\",\"@id\":\"https:\/\/adcelectronique.com\/#website\",\"url\":\"https:\/\/adcelectronique.com\/\",\"name\":\"ADC Electronique\",\"description\":\"\",\"potentialAction\":[{\"@type\":\"SearchAction\",\"target\":{\"@type\":\"EntryPoint\",\"urlTemplate\":\"https:\/\/adcelectronique.com\/?s={search_term_string}\"},\"query-input\":{\"@type\":\"PropertyValueSpecification\",\"valueRequired\":true,\"valueName\":\"search_term_string\"}}],\"inLanguage\":\"fr-FR\"}]}<\/script>\n<!-- \/ Yoast SEO Premium plugin. -->","yoast_head_json":{"title":"2WDROBOT CAR CHASSIS SMART\/CARCHASSIS\/TRAKING - ADC Electronique","robots":{"index":"index","follow":"follow","max-snippet":"max-snippet:-1","max-image-preview":"max-image-preview:large","max-video-preview":"max-video-preview:-1"},"canonical":"https:\/\/adcelectronique.com\/index.php\/product\/2wdrobot-car-chassis-smart-carchassis-traking\/","og_locale":"fr_FR","og_type":"article","og_title":"2WDROBOT CAR CHASSIS SMART\/CARCHASSIS\/TRAKING","og_description":"Description du 2WD Robot Car Chassis Le ch\u00e2ssis est la base m\u00e9canique du robot. Il contient g\u00e9n\u00e9ralement :     \u2705 2 moteurs DC (un pour chaque roue)    \u2705 2 roues motrices    \u2705 1 roue folle (roue libre \u00e0 l\u2019avant ou \u00e0 l\u2019arri\u00e8re)    \u2705 Support pour piles (4xAA ou batterie lithium)    \u2705 Plaque en acrylique ou plastique    \u2705 Vis et accessoires de fixation","og_url":"https:\/\/adcelectronique.com\/index.php\/product\/2wdrobot-car-chassis-smart-carchassis-traking\/","og_site_name":"ADC Electronique","og_image":[{"width":1000,"height":1000,"url":"https:\/\/adcelectronique.com\/wp-content\/uploads\/2026\/03\/image_2026-03-04_094750946.png","type":"image\/png"}],"twitter_card":"summary_large_image","twitter_misc":{"Dur\u00e9e de lecture estim\u00e9e":"1 minute"},"schema":{"@context":"https:\/\/schema.org","@graph":[{"@type":"WebPage","@id":"https:\/\/adcelectronique.com\/index.php\/product\/2wdrobot-car-chassis-smart-carchassis-traking\/","url":"https:\/\/adcelectronique.com\/index.php\/product\/2wdrobot-car-chassis-smart-carchassis-traking\/","name":"2WDROBOT CAR CHASSIS SMART\/CARCHASSIS\/TRAKING - ADC Electronique","isPartOf":{"@id":"https:\/\/adcelectronique.com\/#website"},"primaryImageOfPage":{"@id":"https:\/\/adcelectronique.com\/index.php\/product\/2wdrobot-car-chassis-smart-carchassis-traking\/#primaryimage"},"image":{"@id":"https:\/\/adcelectronique.com\/index.php\/product\/2wdrobot-car-chassis-smart-carchassis-traking\/#primaryimage"},"thumbnailUrl":"https:\/\/adcelectronique.com\/wp-content\/uploads\/2026\/03\/image_2026-03-04_094750946.png","datePublished":"2026-03-04T08:48:41+00:00","breadcrumb":{"@id":"https:\/\/adcelectronique.com\/index.php\/product\/2wdrobot-car-chassis-smart-carchassis-traking\/#breadcrumb"},"inLanguage":"fr-FR","potentialAction":[{"@type":"ReadAction","target":["https:\/\/adcelectronique.com\/index.php\/product\/2wdrobot-car-chassis-smart-carchassis-traking\/"]}]},{"@type":"ImageObject","inLanguage":"fr-FR","@id":"https:\/\/adcelectronique.com\/index.php\/product\/2wdrobot-car-chassis-smart-carchassis-traking\/#primaryimage","url":"https:\/\/adcelectronique.com\/wp-content\/uploads\/2026\/03\/image_2026-03-04_094750946.png","contentUrl":"https:\/\/adcelectronique.com\/wp-content\/uploads\/2026\/03\/image_2026-03-04_094750946.png","width":1000,"height":1000},{"@type":"BreadcrumbList","@id":"https:\/\/adcelectronique.com\/index.php\/product\/2wdrobot-car-chassis-smart-carchassis-traking\/#breadcrumb","itemListElement":[{"@type":"ListItem","position":1,"name":"Home","item":"https:\/\/adcelectronique.com\/"},{"@type":"ListItem","position":2,"name":"Shop","item":"https:\/\/adcelectronique.com\/index.php\/shop\/"},{"@type":"ListItem","position":3,"name":"2WDROBOT CAR CHASSIS SMART\/CARCHASSIS\/TRAKING"}]},{"@type":"WebSite","@id":"https:\/\/adcelectronique.com\/#website","url":"https:\/\/adcelectronique.com\/","name":"ADC Electronique","description":"","potentialAction":[{"@type":"SearchAction","target":{"@type":"EntryPoint","urlTemplate":"https:\/\/adcelectronique.com\/?s={search_term_string}"},"query-input":{"@type":"PropertyValueSpecification","valueRequired":true,"valueName":"search_term_string"}}],"inLanguage":"fr-FR"}]}},"_links":{"self":[{"href":"https:\/\/adcelectronique.com\/index.php\/wp-json\/wp\/v2\/product\/10840","targetHints":{"allow":["GET"]}}],"collection":[{"href":"https:\/\/adcelectronique.com\/index.php\/wp-json\/wp\/v2\/product"}],"about":[{"href":"https:\/\/adcelectronique.com\/index.php\/wp-json\/wp\/v2\/types\/product"}],"replies":[{"embeddable":true,"href":"https:\/\/adcelectronique.com\/index.php\/wp-json\/wp\/v2\/comments?post=10840"}],"version-history":[{"count":0,"href":"https:\/\/adcelectronique.com\/index.php\/wp-json\/wp\/v2\/product\/10840\/revisions"}],"wp:featuredmedia":[{"embeddable":true,"href":"https:\/\/adcelectronique.com\/index.php\/wp-json\/wp\/v2\/media\/10841"}],"wp:attachment":[{"href":"https:\/\/adcelectronique.com\/index.php\/wp-json\/wp\/v2\/media?parent=10840"}],"wp:term":[{"taxonomy":"product_brand","embeddable":true,"href":"https:\/\/adcelectronique.com\/index.php\/wp-json\/wp\/v2\/product_brand?post=10840"},{"taxonomy":"product_cat","embeddable":true,"href":"https:\/\/adcelectronique.com\/index.php\/wp-json\/wp\/v2\/product_cat?post=10840"},{"taxonomy":"product_tag","embeddable":true,"href":"https:\/\/adcelectronique.com\/index.php\/wp-json\/wp\/v2\/product_tag?post=10840"}],"curies":[{"name":"wp","href":"https:\/\/api.w.org\/{rel}","templated":true}]}}