{"id":10859,"date":"2026-03-04T09:06:47","date_gmt":"2026-03-04T09:06:47","guid":{"rendered":"https:\/\/adcelectronique.com\/?post_type=product&#038;p=10859"},"modified":"2026-03-04T09:07:12","modified_gmt":"2026-03-04T09:07:12","slug":"fil-de-connexion-male-male-65-pcs","status":"publish","type":"product","link":"https:\/\/adcelectronique.com\/index.php\/product\/fil-de-connexion-male-male-65-pcs\/","title":{"rendered":"FIL DE CONNEXION MALE MALE 65 PCS"},"content":{"rendered":"<h4 data-start=\"0\" data-end=\"216\"><span style=\"color: #1b1919;font-size: 18px\">\u00a0 \u00a0 \u00a0 \u00a0 \u00a0 \u00a0 \u00a0 \u00a0 \u00a0 \u00a0 \u00a0 \u00a0 \u00a0 \u00a0 \u00a0 \u00a0 \u00a0 \u00a0 \u00a0 \u00a0 \u00a0 \u00a0 \u00a0 \u00a0 \u00a0 \u00a0 \u00a0 \u00a0 FIL DE CONNEXION MALE MALE 65 PCS<\/span><\/h4>\n<div class=\"text-base my-auto mx-auto pt-3 [--thread-content-margin:--spacing(4)] @w-sm\/main:[--thread-content-margin:--spacing(6)] @w-lg\/main:[--thread-content-margin:--spacing(16)] px-(--thread-content-margin)\">\n<div class=\"[--thread-content-max-width:40rem] @w-lg\/main:[--thread-content-max-width:48rem] mx-auto max-w-(--thread-content-max-width) flex-1 group\/turn-messages focus-visible:outline-hidden relative flex w-full min-w-0 flex-col\">\n<div class=\"z-0 flex justify-end\">un <strong data-start=\"53\" data-end=\"91\">lot de fils de connexion m\u00e2le-m\u00e2le<\/strong> utilis\u00e9 pour l\u2019\u00e9lectronique et les cartes de prototypage comme Arduino ou Raspberry Pi. Voici quelques pr\u00e9cisions utiles :<\/div>\n<\/div>\n<\/div>\n<ul data-start=\"218\" data-end=\"593\">\n<li data-start=\"218\" data-end=\"254\">\n<p data-start=\"220\" data-end=\"254\"><strong data-start=\"220\" data-end=\"230\">Type :<\/strong> Fils Dupont m\u00e2le-m\u00e2le<\/p>\n<\/li>\n<li data-start=\"255\" data-end=\"283\">\n<p data-start=\"257\" data-end=\"283\"><strong data-start=\"257\" data-end=\"271\">Quantit\u00e9 :<\/strong> 65 pi\u00e8ces<\/p>\n<\/li>\n<li data-start=\"284\" data-end=\"419\">\n<p data-start=\"286\" data-end=\"419\"><strong data-start=\"286\" data-end=\"303\">Utilisation :<\/strong> Pour relier des modules, capteurs ou composants sur une breadboard ou directement sur une carte de d\u00e9veloppement.<\/p>\n<\/li>\n<li data-start=\"420\" data-end=\"497\">\n<p data-start=\"422\" data-end=\"497\"><strong data-start=\"422\" data-end=\"436\">Longueur :<\/strong> Souvent entre 10 cm et 20 cm, mais cela d\u00e9pend du vendeur.<\/p>\n<\/li>\n<li data-start=\"498\" data-end=\"593\">\n<p data-start=\"500\" data-end=\"593\"><strong data-start=\"500\" data-end=\"519\">Compatibilit\u00e9 :<\/strong> Convient \u00e0 Arduino, ESP32, Raspberry Pi, et autres circuits prototyp\u00e9s.<\/p>\n<\/li>\n<\/ul>\n","protected":false},"excerpt":{"rendered":"<div class=\"text-base my-auto mx-auto pt-3 [--thread-content-margin:--spacing(4)] @w-sm\/main:[--thread-content-margin:--spacing(6)] @w-lg\/main:[--thread-content-margin:--spacing(16)] px-(--thread-content-margin)\">\n<div class=\"[--thread-content-max-width:40rem] @w-lg\/main:[--thread-content-max-width:48rem] mx-auto max-w-(--thread-content-max-width) flex-1 group\/turn-messages focus-visible:outline-hidden relative flex w-full min-w-0 flex-col\">\n<div class=\"z-0 flex justify-end\">un <strong data-start=\"53\" data-end=\"91\">lot de fils de connexion m\u00e2le-m\u00e2le<\/strong> utilis\u00e9 pour l\u2019\u00e9lectronique et les cartes de prototypage comme Arduino ou Raspberry Pi. Voici quelques pr\u00e9cisions utiles :<\/div>\n<\/div>\n<\/div>\n<ul data-start=\"218\" data-end=\"593\">\n<li data-start=\"218\" data-end=\"254\">\n<p data-start=\"220\" data-end=\"254\"><strong data-start=\"220\" data-end=\"230\">Type :<\/strong> Fils Dupont m\u00e2le-m\u00e2le<\/p>\n<\/li>\n<li data-start=\"255\" data-end=\"283\">\n<p data-start=\"257\" data-end=\"283\"><strong data-start=\"257\" data-end=\"271\">Quantit\u00e9 :<\/strong> 65 pi\u00e8ces<\/p>\n<\/li>\n<li data-start=\"284\" data-end=\"419\">\n<p data-start=\"286\" data-end=\"419\"><strong data-start=\"286\" data-end=\"303\">Utilisation :<\/strong> Pour relier des modules, capteurs ou composants sur une breadboard ou directement sur une carte de d\u00e9veloppement.<\/p>\n<\/li>\n<li data-start=\"420\" data-end=\"497\">\n<p data-start=\"422\" data-end=\"497\"><strong data-start=\"422\" data-end=\"436\">Longueur :<\/strong> Souvent entre 10 cm et 20 cm, mais cela d\u00e9pend du vendeur.<\/p>\n<\/li>\n<li data-start=\"498\" data-end=\"593\">\n<p data-start=\"500\" data-end=\"593\"><strong data-start=\"500\" data-end=\"519\">Compatibilit\u00e9 :<\/strong> Convient \u00e0 Arduino, ESP32, Raspberry Pi, et autres circuits prototyp\u00e9s.<\/p>\n<\/li>\n<\/ul>\n","protected":false},"featured_media":10861,"comment_status":"open","ping_status":"closed","template":"","meta":[],"product_brand":[144],"product_cat":[31],"product_tag":[],"class_list":{"0":"post-10859","1":"product","2":"type-product","3":"status-publish","4":"has-post-thumbnail","6":"product_brand-arduino","7":"product_cat-cartes-microcontroleurs","9":"first","10":"instock","11":"shipping-taxable","12":"purchasable","13":"product-type-simple"},"yoast_head":"<!-- This site is optimized with the Yoast SEO Premium plugin v26.2 (Yoast SEO v26.2) - https:\/\/yoast.com\/wordpress\/plugins\/seo\/ -->\n<title>FIL DE CONNEXION MALE MALE 65 PCS - ADC Electronique<\/title>\n<meta name=\"robots\" content=\"index, follow, max-snippet:-1, max-image-preview:large, max-video-preview:-1\" \/>\n<link rel=\"canonical\" href=\"https:\/\/adcelectronique.com\/index.php\/product\/fil-de-connexion-male-male-65-pcs\/\" \/>\n<meta property=\"og:locale\" content=\"fr_FR\" \/>\n<meta property=\"og:type\" content=\"article\" \/>\n<meta property=\"og:title\" content=\"FIL DE CONNEXION MALE MALE 65 PCS\" \/>\n<meta property=\"og:description\" content=\"un lot de fils de connexion m\u00e2le-m\u00e2le utilis\u00e9 pour l\u2019\u00e9lectronique et les cartes de prototypage comme Arduino ou Raspberry Pi. Voici quelques pr\u00e9cisions utiles :      Type : Fils Dupont m\u00e2le-m\u00e2le    Quantit\u00e9 : 65 pi\u00e8ces    Utilisation : Pour relier des modules, capteurs ou composants sur une breadboard ou directement sur une carte de d\u00e9veloppement.    Longueur : Souvent entre 10 cm et 20 cm, mais cela d\u00e9pend du vendeur.    Compatibilit\u00e9 : Convient \u00e0 Arduino, ESP32, Raspberry Pi, et autres circuits prototyp\u00e9s.\" \/>\n<meta property=\"og:url\" content=\"https:\/\/adcelectronique.com\/index.php\/product\/fil-de-connexion-male-male-65-pcs\/\" \/>\n<meta property=\"og:site_name\" content=\"ADC Electronique\" \/>\n<meta property=\"article:modified_time\" content=\"2026-03-04T09:07:12+00:00\" \/>\n<meta property=\"og:image\" content=\"https:\/\/adcelectronique.com\/wp-content\/uploads\/2026\/03\/619Xqbdh2OL._AC_UF10001000_QL80_.jpg\" \/>\n\t<meta property=\"og:image:width\" content=\"1000\" \/>\n\t<meta property=\"og:image:height\" content=\"800\" \/>\n\t<meta property=\"og:image:type\" content=\"image\/jpeg\" \/>\n<meta name=\"twitter:card\" content=\"summary_large_image\" \/>\n<meta name=\"twitter:label1\" content=\"Dur\u00e9e de lecture estim\u00e9e\" \/>\n\t<meta name=\"twitter:data1\" content=\"1 minute\" \/>\n<script type=\"application\/ld+json\" class=\"yoast-schema-graph\">{\"@context\":\"https:\/\/schema.org\",\"@graph\":[{\"@type\":\"WebPage\",\"@id\":\"https:\/\/adcelectronique.com\/index.php\/product\/fil-de-connexion-male-male-65-pcs\/\",\"url\":\"https:\/\/adcelectronique.com\/index.php\/product\/fil-de-connexion-male-male-65-pcs\/\",\"name\":\"FIL DE CONNEXION MALE MALE 65 PCS - ADC Electronique\",\"isPartOf\":{\"@id\":\"https:\/\/adcelectronique.com\/#website\"},\"primaryImageOfPage\":{\"@id\":\"https:\/\/adcelectronique.com\/index.php\/product\/fil-de-connexion-male-male-65-pcs\/#primaryimage\"},\"image\":{\"@id\":\"https:\/\/adcelectronique.com\/index.php\/product\/fil-de-connexion-male-male-65-pcs\/#primaryimage\"},\"thumbnailUrl\":\"https:\/\/adcelectronique.com\/wp-content\/uploads\/2026\/03\/619Xqbdh2OL._AC_UF10001000_QL80_.jpg\",\"datePublished\":\"2026-03-04T09:06:47+00:00\",\"dateModified\":\"2026-03-04T09:07:12+00:00\",\"breadcrumb\":{\"@id\":\"https:\/\/adcelectronique.com\/index.php\/product\/fil-de-connexion-male-male-65-pcs\/#breadcrumb\"},\"inLanguage\":\"fr-FR\",\"potentialAction\":[{\"@type\":\"ReadAction\",\"target\":[\"https:\/\/adcelectronique.com\/index.php\/product\/fil-de-connexion-male-male-65-pcs\/\"]}]},{\"@type\":\"ImageObject\",\"inLanguage\":\"fr-FR\",\"@id\":\"https:\/\/adcelectronique.com\/index.php\/product\/fil-de-connexion-male-male-65-pcs\/#primaryimage\",\"url\":\"https:\/\/adcelectronique.com\/wp-content\/uploads\/2026\/03\/619Xqbdh2OL._AC_UF10001000_QL80_.jpg\",\"contentUrl\":\"https:\/\/adcelectronique.com\/wp-content\/uploads\/2026\/03\/619Xqbdh2OL._AC_UF10001000_QL80_.jpg\",\"width\":1000,\"height\":800},{\"@type\":\"BreadcrumbList\",\"@id\":\"https:\/\/adcelectronique.com\/index.php\/product\/fil-de-connexion-male-male-65-pcs\/#breadcrumb\",\"itemListElement\":[{\"@type\":\"ListItem\",\"position\":1,\"name\":\"Home\",\"item\":\"https:\/\/adcelectronique.com\/\"},{\"@type\":\"ListItem\",\"position\":2,\"name\":\"Shop\",\"item\":\"https:\/\/adcelectronique.com\/index.php\/shop\/\"},{\"@type\":\"ListItem\",\"position\":3,\"name\":\"FIL DE CONNEXION MALE MALE 65 PCS\"}]},{\"@type\":\"WebSite\",\"@id\":\"https:\/\/adcelectronique.com\/#website\",\"url\":\"https:\/\/adcelectronique.com\/\",\"name\":\"ADC Electronique\",\"description\":\"\",\"potentialAction\":[{\"@type\":\"SearchAction\",\"target\":{\"@type\":\"EntryPoint\",\"urlTemplate\":\"https:\/\/adcelectronique.com\/?s={search_term_string}\"},\"query-input\":{\"@type\":\"PropertyValueSpecification\",\"valueRequired\":true,\"valueName\":\"search_term_string\"}}],\"inLanguage\":\"fr-FR\"}]}<\/script>\n<!-- \/ Yoast SEO Premium plugin. -->","yoast_head_json":{"title":"FIL DE CONNEXION MALE MALE 65 PCS - ADC Electronique","robots":{"index":"index","follow":"follow","max-snippet":"max-snippet:-1","max-image-preview":"max-image-preview:large","max-video-preview":"max-video-preview:-1"},"canonical":"https:\/\/adcelectronique.com\/index.php\/product\/fil-de-connexion-male-male-65-pcs\/","og_locale":"fr_FR","og_type":"article","og_title":"FIL DE CONNEXION MALE MALE 65 PCS","og_description":"un lot de fils de connexion m\u00e2le-m\u00e2le utilis\u00e9 pour l\u2019\u00e9lectronique et les cartes de prototypage comme Arduino ou Raspberry Pi. Voici quelques pr\u00e9cisions utiles :      Type : Fils Dupont m\u00e2le-m\u00e2le    Quantit\u00e9 : 65 pi\u00e8ces    Utilisation : Pour relier des modules, capteurs ou composants sur une breadboard ou directement sur une carte de d\u00e9veloppement.    Longueur : Souvent entre 10 cm et 20 cm, mais cela d\u00e9pend du vendeur.    Compatibilit\u00e9 : Convient \u00e0 Arduino, ESP32, Raspberry Pi, et autres circuits prototyp\u00e9s.","og_url":"https:\/\/adcelectronique.com\/index.php\/product\/fil-de-connexion-male-male-65-pcs\/","og_site_name":"ADC Electronique","article_modified_time":"2026-03-04T09:07:12+00:00","og_image":[{"width":1000,"height":800,"url":"https:\/\/adcelectronique.com\/wp-content\/uploads\/2026\/03\/619Xqbdh2OL._AC_UF10001000_QL80_.jpg","type":"image\/jpeg"}],"twitter_card":"summary_large_image","twitter_misc":{"Dur\u00e9e de lecture estim\u00e9e":"1 minute"},"schema":{"@context":"https:\/\/schema.org","@graph":[{"@type":"WebPage","@id":"https:\/\/adcelectronique.com\/index.php\/product\/fil-de-connexion-male-male-65-pcs\/","url":"https:\/\/adcelectronique.com\/index.php\/product\/fil-de-connexion-male-male-65-pcs\/","name":"FIL DE CONNEXION MALE MALE 65 PCS - ADC Electronique","isPartOf":{"@id":"https:\/\/adcelectronique.com\/#website"},"primaryImageOfPage":{"@id":"https:\/\/adcelectronique.com\/index.php\/product\/fil-de-connexion-male-male-65-pcs\/#primaryimage"},"image":{"@id":"https:\/\/adcelectronique.com\/index.php\/product\/fil-de-connexion-male-male-65-pcs\/#primaryimage"},"thumbnailUrl":"https:\/\/adcelectronique.com\/wp-content\/uploads\/2026\/03\/619Xqbdh2OL._AC_UF10001000_QL80_.jpg","datePublished":"2026-03-04T09:06:47+00:00","dateModified":"2026-03-04T09:07:12+00:00","breadcrumb":{"@id":"https:\/\/adcelectronique.com\/index.php\/product\/fil-de-connexion-male-male-65-pcs\/#breadcrumb"},"inLanguage":"fr-FR","potentialAction":[{"@type":"ReadAction","target":["https:\/\/adcelectronique.com\/index.php\/product\/fil-de-connexion-male-male-65-pcs\/"]}]},{"@type":"ImageObject","inLanguage":"fr-FR","@id":"https:\/\/adcelectronique.com\/index.php\/product\/fil-de-connexion-male-male-65-pcs\/#primaryimage","url":"https:\/\/adcelectronique.com\/wp-content\/uploads\/2026\/03\/619Xqbdh2OL._AC_UF10001000_QL80_.jpg","contentUrl":"https:\/\/adcelectronique.com\/wp-content\/uploads\/2026\/03\/619Xqbdh2OL._AC_UF10001000_QL80_.jpg","width":1000,"height":800},{"@type":"BreadcrumbList","@id":"https:\/\/adcelectronique.com\/index.php\/product\/fil-de-connexion-male-male-65-pcs\/#breadcrumb","itemListElement":[{"@type":"ListItem","position":1,"name":"Home","item":"https:\/\/adcelectronique.com\/"},{"@type":"ListItem","position":2,"name":"Shop","item":"https:\/\/adcelectronique.com\/index.php\/shop\/"},{"@type":"ListItem","position":3,"name":"FIL DE CONNEXION MALE MALE 65 PCS"}]},{"@type":"WebSite","@id":"https:\/\/adcelectronique.com\/#website","url":"https:\/\/adcelectronique.com\/","name":"ADC Electronique","description":"","potentialAction":[{"@type":"SearchAction","target":{"@type":"EntryPoint","urlTemplate":"https:\/\/adcelectronique.com\/?s={search_term_string}"},"query-input":{"@type":"PropertyValueSpecification","valueRequired":true,"valueName":"search_term_string"}}],"inLanguage":"fr-FR"}]}},"_links":{"self":[{"href":"https:\/\/adcelectronique.com\/index.php\/wp-json\/wp\/v2\/product\/10859","targetHints":{"allow":["GET"]}}],"collection":[{"href":"https:\/\/adcelectronique.com\/index.php\/wp-json\/wp\/v2\/product"}],"about":[{"href":"https:\/\/adcelectronique.com\/index.php\/wp-json\/wp\/v2\/types\/product"}],"replies":[{"embeddable":true,"href":"https:\/\/adcelectronique.com\/index.php\/wp-json\/wp\/v2\/comments?post=10859"}],"version-history":[{"count":0,"href":"https:\/\/adcelectronique.com\/index.php\/wp-json\/wp\/v2\/product\/10859\/revisions"}],"wp:featuredmedia":[{"embeddable":true,"href":"https:\/\/adcelectronique.com\/index.php\/wp-json\/wp\/v2\/media\/10861"}],"wp:attachment":[{"href":"https:\/\/adcelectronique.com\/index.php\/wp-json\/wp\/v2\/media?parent=10859"}],"wp:term":[{"taxonomy":"product_brand","embeddable":true,"href":"https:\/\/adcelectronique.com\/index.php\/wp-json\/wp\/v2\/product_brand?post=10859"},{"taxonomy":"product_cat","embeddable":true,"href":"https:\/\/adcelectronique.com\/index.php\/wp-json\/wp\/v2\/product_cat?post=10859"},{"taxonomy":"product_tag","embeddable":true,"href":"https:\/\/adcelectronique.com\/index.php\/wp-json\/wp\/v2\/product_tag?post=10859"}],"curies":[{"name":"wp","href":"https:\/\/api.w.org\/{rel}","templated":true}]}}