{"id":10864,"date":"2026-03-04T09:12:31","date_gmt":"2026-03-04T09:12:31","guid":{"rendered":"https:\/\/adcelectronique.com\/?post_type=product&#038;p=10864"},"modified":"2026-03-04T09:12:33","modified_gmt":"2026-03-04T09:12:33","slug":"carte-sensor-shiekd-arduino-nano","status":"publish","type":"product","link":"https:\/\/adcelectronique.com\/index.php\/product\/carte-sensor-shiekd-arduino-nano\/","title":{"rendered":"CARTE SENSOR SHIEKD ARDUINO NANO"},"content":{"rendered":"<h3>\u00a0 \u00a0 \u00a0 \u00a0 \u00a0 \u00a0 \u00a0 \u00a0 \u00a0 \u00a0 \u00a0 \u00a0 \u00a0 \u00a0 \u00a0 \u00a0 \u00a0 \u00a0 \u00a0 \u00a0 \u00a0CARTE SENSOR SHIEKD ARDUINO NANO<\/h3>\n<h2 data-start=\"248\" data-end=\"269\"><strong data-start=\"251\" data-end=\"269\">1. Description<\/strong><\/h2>\n<ul data-start=\"270\" data-end=\"585\">\n<li data-start=\"270\" data-end=\"390\">\n<p data-start=\"272\" data-end=\"390\">La <strong data-start=\"275\" data-end=\"310\">Sensor Shield pour Arduino Nano<\/strong> est une petite carte qui se connecte directement aux broches de l\u2019Arduino Nano.<\/p>\n<\/li>\n<li data-start=\"391\" data-end=\"505\">\n<p data-start=\"393\" data-end=\"505\">Elle simplifie la connexion des capteurs et actuateurs gr\u00e2ce \u00e0 des ports <strong data-start=\"466\" data-end=\"488\">GND \/ VCC \/ Signal<\/strong> d\u00e9j\u00e0 configur\u00e9s.<\/p>\n<\/li>\n<li data-start=\"506\" data-end=\"585\">\n<p data-start=\"508\" data-end=\"585\">Tr\u00e8s utilis\u00e9e pour les projets de robotique, domotique et prototypage rapide.<\/p>\n<\/li>\n<\/ul>\n<h2 data-start=\"592\" data-end=\"629\"><strong data-start=\"595\" data-end=\"629\">2. Fonctionnalit\u00e9s principales<\/strong><\/h2>\n<ol data-start=\"630\" data-end=\"1092\">\n<li data-start=\"630\" data-end=\"757\">\n<p data-start=\"633\" data-end=\"658\"><strong data-start=\"633\" data-end=\"656\">Alimentation facile<\/strong><\/p>\n<ul data-start=\"662\" data-end=\"757\">\n<li data-start=\"662\" data-end=\"757\">\n<p data-start=\"664\" data-end=\"757\">Chaque port fournit <strong data-start=\"684\" data-end=\"705\">5V, GND et signal<\/strong> pour alimenter et contr\u00f4ler les capteurs et servos.<\/p>\n<\/li>\n<\/ul>\n<\/li>\n<li data-start=\"758\" data-end=\"872\">\n<p data-start=\"761\" data-end=\"782\"><strong data-start=\"761\" data-end=\"780\">Ports multiples<\/strong><\/p>\n<ul data-start=\"786\" data-end=\"872\">\n<li data-start=\"786\" data-end=\"872\">\n<p data-start=\"788\" data-end=\"872\">G\u00e9n\u00e9ralement 15 \u00e0 16 ports de connexion pour les capteurs analogiques ou num\u00e9riques.<\/p>\n<\/li>\n<\/ul>\n<\/li>\n<li data-start=\"873\" data-end=\"973\">\n<p data-start=\"876\" data-end=\"906\"><strong data-start=\"876\" data-end=\"904\">Support des servomoteurs<\/strong><\/p>\n<ul data-start=\"910\" data-end=\"973\">\n<li data-start=\"910\" data-end=\"973\">\n<p data-start=\"912\" data-end=\"973\">Ports compatibles pour brancher directement des servos (PWM).<\/p>\n<\/li>\n<\/ul>\n<\/li>\n<li data-start=\"974\" data-end=\"1092\">\n<p data-start=\"977\" data-end=\"1008\"><strong data-start=\"977\" data-end=\"1006\">Pas de soudure n\u00e9cessaire<\/strong><\/p>\n<ul data-start=\"1012\" data-end=\"1092\">\n<li data-start=\"1012\" data-end=\"1092\">\n<p data-start=\"1014\" data-end=\"1092\">Les connecteurs femelles permettent de brancher des c\u00e2bles Dupont directement.<\/p>\n<\/li>\n<\/ul>\n<\/li>\n<\/ol>\n","protected":false},"excerpt":{"rendered":"<h2 data-start=\"248\" data-end=\"269\"><strong data-start=\"251\" data-end=\"269\">1. Description<\/strong><\/h2>\n<ul data-start=\"270\" data-end=\"585\">\n<li data-start=\"270\" data-end=\"390\">\n<p data-start=\"272\" data-end=\"390\">La <strong data-start=\"275\" data-end=\"310\">Sensor Shield pour Arduino Nano<\/strong> est une petite carte qui se connecte directement aux broches de l\u2019Arduino Nano.<\/p>\n<\/li>\n<li data-start=\"391\" data-end=\"505\">\n<p data-start=\"393\" data-end=\"505\">Elle simplifie la connexion des capteurs et actuateurs gr\u00e2ce \u00e0 des ports <strong data-start=\"466\" data-end=\"488\">GND \/ VCC \/ Signal<\/strong> d\u00e9j\u00e0 configur\u00e9s.<\/p>\n<\/li>\n<li data-start=\"506\" data-end=\"585\">\n<p data-start=\"508\" data-end=\"585\">Tr\u00e8s utilis\u00e9e pour les projets de robotique, domotique et prototypage rapide.<\/p>\n<\/li>\n<\/ul>\n","protected":false},"featured_media":10867,"comment_status":"open","ping_status":"closed","template":"","meta":[],"product_brand":[144],"product_cat":[31],"product_tag":[],"class_list":{"0":"post-10864","1":"product","2":"type-product","3":"status-publish","4":"has-post-thumbnail","6":"product_brand-arduino","7":"product_cat-cartes-microcontroleurs","9":"first","10":"instock","11":"shipping-taxable","12":"purchasable","13":"product-type-simple"},"yoast_head":"<!-- This site is optimized with the Yoast SEO Premium plugin v26.2 (Yoast SEO v26.2) - https:\/\/yoast.com\/wordpress\/plugins\/seo\/ -->\n<title>CARTE SENSOR SHIEKD ARDUINO NANO - ADC Electronique<\/title>\n<meta name=\"robots\" content=\"index, follow, max-snippet:-1, max-image-preview:large, max-video-preview:-1\" \/>\n<link rel=\"canonical\" href=\"https:\/\/adcelectronique.com\/index.php\/product\/carte-sensor-shiekd-arduino-nano\/\" \/>\n<meta property=\"og:locale\" content=\"fr_FR\" \/>\n<meta property=\"og:type\" content=\"article\" \/>\n<meta property=\"og:title\" content=\"CARTE SENSOR SHIEKD ARDUINO NANO\" \/>\n<meta property=\"og:description\" content=\"1. Description    La Sensor Shield pour Arduino Nano est une petite carte qui se connecte directement aux broches de l\u2019Arduino Nano.    Elle simplifie la connexion des capteurs et actuateurs gr\u00e2ce \u00e0 des ports GND \/ VCC \/ Signal d\u00e9j\u00e0 configur\u00e9s.    Tr\u00e8s utilis\u00e9e pour les projets de robotique, domotique et prototypage rapide.\" \/>\n<meta property=\"og:url\" content=\"https:\/\/adcelectronique.com\/index.php\/product\/carte-sensor-shiekd-arduino-nano\/\" \/>\n<meta property=\"og:site_name\" content=\"ADC Electronique\" \/>\n<meta property=\"article:modified_time\" content=\"2026-03-04T09:12:33+00:00\" \/>\n<meta property=\"og:image\" content=\"https:\/\/adcelectronique.com\/wp-content\/uploads\/2026\/03\/images-4.jpg\" \/>\n\t<meta property=\"og:image:width\" content=\"225\" \/>\n\t<meta property=\"og:image:height\" content=\"225\" \/>\n\t<meta property=\"og:image:type\" content=\"image\/jpeg\" \/>\n<meta name=\"twitter:card\" content=\"summary_large_image\" \/>\n<meta name=\"twitter:label1\" content=\"Dur\u00e9e de lecture estim\u00e9e\" \/>\n\t<meta name=\"twitter:data1\" content=\"1 minute\" \/>\n<script type=\"application\/ld+json\" class=\"yoast-schema-graph\">{\"@context\":\"https:\/\/schema.org\",\"@graph\":[{\"@type\":\"WebPage\",\"@id\":\"https:\/\/adcelectronique.com\/index.php\/product\/carte-sensor-shiekd-arduino-nano\/\",\"url\":\"https:\/\/adcelectronique.com\/index.php\/product\/carte-sensor-shiekd-arduino-nano\/\",\"name\":\"CARTE SENSOR SHIEKD ARDUINO NANO - ADC Electronique\",\"isPartOf\":{\"@id\":\"https:\/\/adcelectronique.com\/#website\"},\"primaryImageOfPage\":{\"@id\":\"https:\/\/adcelectronique.com\/index.php\/product\/carte-sensor-shiekd-arduino-nano\/#primaryimage\"},\"image\":{\"@id\":\"https:\/\/adcelectronique.com\/index.php\/product\/carte-sensor-shiekd-arduino-nano\/#primaryimage\"},\"thumbnailUrl\":\"https:\/\/adcelectronique.com\/wp-content\/uploads\/2026\/03\/images-4.jpg\",\"datePublished\":\"2026-03-04T09:12:31+00:00\",\"dateModified\":\"2026-03-04T09:12:33+00:00\",\"breadcrumb\":{\"@id\":\"https:\/\/adcelectronique.com\/index.php\/product\/carte-sensor-shiekd-arduino-nano\/#breadcrumb\"},\"inLanguage\":\"fr-FR\",\"potentialAction\":[{\"@type\":\"ReadAction\",\"target\":[\"https:\/\/adcelectronique.com\/index.php\/product\/carte-sensor-shiekd-arduino-nano\/\"]}]},{\"@type\":\"ImageObject\",\"inLanguage\":\"fr-FR\",\"@id\":\"https:\/\/adcelectronique.com\/index.php\/product\/carte-sensor-shiekd-arduino-nano\/#primaryimage\",\"url\":\"https:\/\/adcelectronique.com\/wp-content\/uploads\/2026\/03\/images-4.jpg\",\"contentUrl\":\"https:\/\/adcelectronique.com\/wp-content\/uploads\/2026\/03\/images-4.jpg\",\"width\":225,\"height\":225},{\"@type\":\"BreadcrumbList\",\"@id\":\"https:\/\/adcelectronique.com\/index.php\/product\/carte-sensor-shiekd-arduino-nano\/#breadcrumb\",\"itemListElement\":[{\"@type\":\"ListItem\",\"position\":1,\"name\":\"Home\",\"item\":\"https:\/\/adcelectronique.com\/\"},{\"@type\":\"ListItem\",\"position\":2,\"name\":\"Shop\",\"item\":\"https:\/\/adcelectronique.com\/index.php\/shop\/\"},{\"@type\":\"ListItem\",\"position\":3,\"name\":\"CARTE SENSOR SHIEKD ARDUINO NANO\"}]},{\"@type\":\"WebSite\",\"@id\":\"https:\/\/adcelectronique.com\/#website\",\"url\":\"https:\/\/adcelectronique.com\/\",\"name\":\"ADC Electronique\",\"description\":\"\",\"potentialAction\":[{\"@type\":\"SearchAction\",\"target\":{\"@type\":\"EntryPoint\",\"urlTemplate\":\"https:\/\/adcelectronique.com\/?s={search_term_string}\"},\"query-input\":{\"@type\":\"PropertyValueSpecification\",\"valueRequired\":true,\"valueName\":\"search_term_string\"}}],\"inLanguage\":\"fr-FR\"}]}<\/script>\n<!-- \/ Yoast SEO Premium plugin. -->","yoast_head_json":{"title":"CARTE SENSOR SHIEKD ARDUINO NANO - ADC Electronique","robots":{"index":"index","follow":"follow","max-snippet":"max-snippet:-1","max-image-preview":"max-image-preview:large","max-video-preview":"max-video-preview:-1"},"canonical":"https:\/\/adcelectronique.com\/index.php\/product\/carte-sensor-shiekd-arduino-nano\/","og_locale":"fr_FR","og_type":"article","og_title":"CARTE SENSOR SHIEKD ARDUINO NANO","og_description":"1. Description    La Sensor Shield pour Arduino Nano est une petite carte qui se connecte directement aux broches de l\u2019Arduino Nano.    Elle simplifie la connexion des capteurs et actuateurs gr\u00e2ce \u00e0 des ports GND \/ VCC \/ Signal d\u00e9j\u00e0 configur\u00e9s.    Tr\u00e8s utilis\u00e9e pour les projets de robotique, domotique et prototypage rapide.","og_url":"https:\/\/adcelectronique.com\/index.php\/product\/carte-sensor-shiekd-arduino-nano\/","og_site_name":"ADC Electronique","article_modified_time":"2026-03-04T09:12:33+00:00","og_image":[{"width":225,"height":225,"url":"https:\/\/adcelectronique.com\/wp-content\/uploads\/2026\/03\/images-4.jpg","type":"image\/jpeg"}],"twitter_card":"summary_large_image","twitter_misc":{"Dur\u00e9e de lecture estim\u00e9e":"1 minute"},"schema":{"@context":"https:\/\/schema.org","@graph":[{"@type":"WebPage","@id":"https:\/\/adcelectronique.com\/index.php\/product\/carte-sensor-shiekd-arduino-nano\/","url":"https:\/\/adcelectronique.com\/index.php\/product\/carte-sensor-shiekd-arduino-nano\/","name":"CARTE SENSOR SHIEKD ARDUINO NANO - ADC Electronique","isPartOf":{"@id":"https:\/\/adcelectronique.com\/#website"},"primaryImageOfPage":{"@id":"https:\/\/adcelectronique.com\/index.php\/product\/carte-sensor-shiekd-arduino-nano\/#primaryimage"},"image":{"@id":"https:\/\/adcelectronique.com\/index.php\/product\/carte-sensor-shiekd-arduino-nano\/#primaryimage"},"thumbnailUrl":"https:\/\/adcelectronique.com\/wp-content\/uploads\/2026\/03\/images-4.jpg","datePublished":"2026-03-04T09:12:31+00:00","dateModified":"2026-03-04T09:12:33+00:00","breadcrumb":{"@id":"https:\/\/adcelectronique.com\/index.php\/product\/carte-sensor-shiekd-arduino-nano\/#breadcrumb"},"inLanguage":"fr-FR","potentialAction":[{"@type":"ReadAction","target":["https:\/\/adcelectronique.com\/index.php\/product\/carte-sensor-shiekd-arduino-nano\/"]}]},{"@type":"ImageObject","inLanguage":"fr-FR","@id":"https:\/\/adcelectronique.com\/index.php\/product\/carte-sensor-shiekd-arduino-nano\/#primaryimage","url":"https:\/\/adcelectronique.com\/wp-content\/uploads\/2026\/03\/images-4.jpg","contentUrl":"https:\/\/adcelectronique.com\/wp-content\/uploads\/2026\/03\/images-4.jpg","width":225,"height":225},{"@type":"BreadcrumbList","@id":"https:\/\/adcelectronique.com\/index.php\/product\/carte-sensor-shiekd-arduino-nano\/#breadcrumb","itemListElement":[{"@type":"ListItem","position":1,"name":"Home","item":"https:\/\/adcelectronique.com\/"},{"@type":"ListItem","position":2,"name":"Shop","item":"https:\/\/adcelectronique.com\/index.php\/shop\/"},{"@type":"ListItem","position":3,"name":"CARTE SENSOR SHIEKD ARDUINO NANO"}]},{"@type":"WebSite","@id":"https:\/\/adcelectronique.com\/#website","url":"https:\/\/adcelectronique.com\/","name":"ADC Electronique","description":"","potentialAction":[{"@type":"SearchAction","target":{"@type":"EntryPoint","urlTemplate":"https:\/\/adcelectronique.com\/?s={search_term_string}"},"query-input":{"@type":"PropertyValueSpecification","valueRequired":true,"valueName":"search_term_string"}}],"inLanguage":"fr-FR"}]}},"_links":{"self":[{"href":"https:\/\/adcelectronique.com\/index.php\/wp-json\/wp\/v2\/product\/10864","targetHints":{"allow":["GET"]}}],"collection":[{"href":"https:\/\/adcelectronique.com\/index.php\/wp-json\/wp\/v2\/product"}],"about":[{"href":"https:\/\/adcelectronique.com\/index.php\/wp-json\/wp\/v2\/types\/product"}],"replies":[{"embeddable":true,"href":"https:\/\/adcelectronique.com\/index.php\/wp-json\/wp\/v2\/comments?post=10864"}],"version-history":[{"count":0,"href":"https:\/\/adcelectronique.com\/index.php\/wp-json\/wp\/v2\/product\/10864\/revisions"}],"wp:featuredmedia":[{"embeddable":true,"href":"https:\/\/adcelectronique.com\/index.php\/wp-json\/wp\/v2\/media\/10867"}],"wp:attachment":[{"href":"https:\/\/adcelectronique.com\/index.php\/wp-json\/wp\/v2\/media?parent=10864"}],"wp:term":[{"taxonomy":"product_brand","embeddable":true,"href":"https:\/\/adcelectronique.com\/index.php\/wp-json\/wp\/v2\/product_brand?post=10864"},{"taxonomy":"product_cat","embeddable":true,"href":"https:\/\/adcelectronique.com\/index.php\/wp-json\/wp\/v2\/product_cat?post=10864"},{"taxonomy":"product_tag","embeddable":true,"href":"https:\/\/adcelectronique.com\/index.php\/wp-json\/wp\/v2\/product_tag?post=10864"}],"curies":[{"name":"wp","href":"https:\/\/api.w.org\/{rel}","templated":true}]}}