{"id":10869,"date":"2026-03-04T09:18:05","date_gmt":"2026-03-04T09:18:05","guid":{"rendered":"https:\/\/adcelectronique.com\/?post_type=product&#038;p=10869"},"modified":"2026-03-04T09:18:06","modified_gmt":"2026-03-04T09:18:06","slug":"shield-ethernet-arduino-uno-ws5100","status":"publish","type":"product","link":"https:\/\/adcelectronique.com\/index.php\/product\/shield-ethernet-arduino-uno-ws5100\/","title":{"rendered":"SHIELD ETHERNET ARDUINO UNO WS5100"},"content":{"rendered":"<h4>\u00a0 \u00a0 \u00a0 \u00a0 \u00a0 \u00a0 \u00a0 \u00a0 \u00a0 \u00a0 \u00a0 \u00a0 \u00a0 \u00a0 \u00a0 \u00a0 \u00a0 \u00a0 \u00a0 \u00a0SHIELD ETHERNET ARDUINO UNO WS5100<\/h4>\n<p>Le <strong data-start=\"149\" data-end=\"174\">Shield Ethernet W5100<\/strong> est une carte additionnelle pour <strong data-start=\"208\" data-end=\"223\">Arduino Uno<\/strong> qui permet de connecter votre Arduino \u00e0 un r\u00e9seau <strong data-start=\"274\" data-end=\"293\">Ethernet (RJ45)<\/strong>.<br data-start=\"294\" data-end=\"297\" \/>Il est souvent utilis\u00e9 pour des projets <strong data-start=\"337\" data-end=\"344\">IoT<\/strong>, des serveurs web ou des capteurs connect\u00e9s.<\/p>\n<h3 data-start=\"396\" data-end=\"435\"><strong data-start=\"400\" data-end=\"435\">\u00a0Caract\u00e9ristiques principales<\/strong><\/h3>\n<ul data-start=\"436\" data-end=\"815\">\n<li data-start=\"436\" data-end=\"501\">\n<p data-start=\"438\" data-end=\"501\"><strong data-start=\"438\" data-end=\"451\">Chipset :<\/strong> W5100 (contr\u00f4leur Ethernet avec TCP\/IP int\u00e9gr\u00e9)<\/p>\n<\/li>\n<li data-start=\"502\" data-end=\"538\">\n<p data-start=\"504\" data-end=\"538\"><strong data-start=\"504\" data-end=\"524\">Vitesse r\u00e9seau :<\/strong> 10\/100 Mbps<\/p>\n<\/li>\n<li data-start=\"539\" data-end=\"597\">\n<p data-start=\"541\" data-end=\"597\"><strong data-start=\"541\" data-end=\"556\">Interface :<\/strong> SPI (communication s\u00e9rie avec Arduino)<\/p>\n<\/li>\n<li data-start=\"598\" data-end=\"655\">\n<p data-start=\"600\" data-end=\"655\"><strong data-start=\"600\" data-end=\"628\">Connexions simultan\u00e9es :<\/strong> Jusqu\u2019\u00e0 4 connexions TCP<\/p>\n<\/li>\n<li data-start=\"656\" data-end=\"687\">\n<p data-start=\"658\" data-end=\"687\"><strong data-start=\"658\" data-end=\"674\">Protocoles :<\/strong> TCP et UDP<\/p>\n<\/li>\n<li data-start=\"688\" data-end=\"730\">\n<p data-start=\"690\" data-end=\"730\"><strong data-start=\"690\" data-end=\"708\">Alimentation :<\/strong> 5V depuis l\u2019Arduino<\/p>\n<\/li>\n<li data-start=\"731\" data-end=\"815\">\n<p data-start=\"733\" data-end=\"815\"><strong data-start=\"733\" data-end=\"745\">Autres :<\/strong> Bouton Reset, pins SPI connect\u00e9es aux pins 10 \u00e0 13 de l\u2019Arduino Uno<\/p>\n<\/li>\n<\/ul>\n","protected":false},"excerpt":{"rendered":"<p>Le <strong data-start=\"149\" data-end=\"174\">Shield Ethernet W5100<\/strong> est une carte additionnelle pour <strong data-start=\"208\" data-end=\"223\">Arduino Uno<\/strong> qui permet de connecter votre Arduino \u00e0 un r\u00e9seau <strong data-start=\"274\" data-end=\"293\">Ethernet (RJ45)<\/strong>.<br data-start=\"294\" data-end=\"297\" \/>Il est souvent utilis\u00e9 pour des projets <strong data-start=\"337\" data-end=\"344\">IoT<\/strong>, des serveurs web ou des capteurs connect\u00e9s.<\/p>\n<h3 data-start=\"396\" data-end=\"435\"><strong data-start=\"400\" data-end=\"435\">\u00a0Caract\u00e9ristiques principales<\/strong><\/h3>\n<ul data-start=\"436\" data-end=\"815\">\n<li data-start=\"436\" data-end=\"501\">\n<p data-start=\"438\" data-end=\"501\"><strong data-start=\"438\" data-end=\"451\">Chipset :<\/strong> W5100 (contr\u00f4leur Ethernet avec TCP\/IP int\u00e9gr\u00e9)<\/p>\n<\/li>\n<li data-start=\"502\" data-end=\"538\">\n<p data-start=\"504\" data-end=\"538\"><strong data-start=\"504\" data-end=\"524\">Vitesse r\u00e9seau :<\/strong> 10\/100 Mbps<\/p>\n<\/li>\n<li data-start=\"539\" data-end=\"597\">\n<p data-start=\"541\" data-end=\"597\"><strong data-start=\"541\" data-end=\"556\">Interface :<\/strong> SPI (communication s\u00e9rie avec Arduino)<\/p>\n<\/li>\n<li data-start=\"598\" data-end=\"655\">\n<p data-start=\"600\" data-end=\"655\"><strong data-start=\"600\" data-end=\"628\">Connexions simultan\u00e9es :<\/strong> Jusqu\u2019\u00e0 4 connexions TCP<\/p>\n<\/li>\n<li data-start=\"656\" data-end=\"687\">\n<p data-start=\"658\" data-end=\"687\"><strong data-start=\"658\" data-end=\"674\">Protocoles :<\/strong> TCP et UDP<\/p>\n<\/li>\n<li data-start=\"688\" data-end=\"730\">\n<p data-start=\"690\" data-end=\"730\"><strong data-start=\"690\" data-end=\"708\">Alimentation :<\/strong> 5V depuis l\u2019Arduino<\/p>\n<\/li>\n<li data-start=\"731\" data-end=\"815\">\n<p data-start=\"733\" data-end=\"815\"><strong data-start=\"733\" data-end=\"745\">Autres :<\/strong> Bouton Reset, pins SPI connect\u00e9es aux pins 10 \u00e0 13 de l\u2019Arduino Uno<\/p>\n<\/li>\n<\/ul>\n","protected":false},"featured_media":10871,"comment_status":"open","ping_status":"closed","template":"","meta":[],"product_brand":[144],"product_cat":[31],"product_tag":[],"class_list":{"0":"post-10869","1":"product","2":"type-product","3":"status-publish","4":"has-post-thumbnail","6":"product_brand-arduino","7":"product_cat-cartes-microcontroleurs","9":"first","10":"instock","11":"shipping-taxable","12":"purchasable","13":"product-type-simple"},"yoast_head":"<!-- This site is optimized with the Yoast SEO Premium plugin v26.2 (Yoast SEO v26.2) - https:\/\/yoast.com\/wordpress\/plugins\/seo\/ -->\n<title>SHIELD ETHERNET ARDUINO UNO WS5100 - ADC Electronique<\/title>\n<meta name=\"robots\" content=\"index, follow, max-snippet:-1, max-image-preview:large, max-video-preview:-1\" \/>\n<link rel=\"canonical\" href=\"https:\/\/adcelectronique.com\/index.php\/product\/shield-ethernet-arduino-uno-ws5100\/\" \/>\n<meta property=\"og:locale\" content=\"fr_FR\" \/>\n<meta property=\"og:type\" content=\"article\" \/>\n<meta property=\"og:title\" content=\"SHIELD ETHERNET ARDUINO UNO WS5100\" \/>\n<meta property=\"og:description\" content=\"Le Shield Ethernet W5100 est une carte additionnelle pour Arduino Uno qui permet de connecter votre Arduino \u00e0 un r\u00e9seau Ethernet (RJ45).Il est souvent utilis\u00e9 pour des projets IoT, des serveurs web ou des capteurs connect\u00e9s. \u00a0Caract\u00e9ristiques principales    Chipset : W5100 (contr\u00f4leur Ethernet avec TCP\/IP int\u00e9gr\u00e9)    Vitesse r\u00e9seau : 10\/100 Mbps    Interface : SPI (communication s\u00e9rie avec Arduino)    Connexions simultan\u00e9es : Jusqu\u2019\u00e0 4 connexions TCP    Protocoles : TCP et UDP    Alimentation : 5V depuis l\u2019Arduino    Autres : Bouton Reset, pins SPI connect\u00e9es aux pins 10 \u00e0 13 de l\u2019Arduino Uno\" \/>\n<meta property=\"og:url\" content=\"https:\/\/adcelectronique.com\/index.php\/product\/shield-ethernet-arduino-uno-ws5100\/\" \/>\n<meta property=\"og:site_name\" content=\"ADC Electronique\" \/>\n<meta property=\"article:modified_time\" content=\"2026-03-04T09:18:06+00:00\" \/>\n<meta property=\"og:image\" content=\"https:\/\/adcelectronique.com\/wp-content\/uploads\/2026\/03\/a000072_featured.jpg\" \/>\n\t<meta property=\"og:image:width\" content=\"650\" \/>\n\t<meta property=\"og:image:height\" content=\"413\" \/>\n\t<meta property=\"og:image:type\" content=\"image\/jpeg\" \/>\n<meta name=\"twitter:card\" content=\"summary_large_image\" \/>\n<meta name=\"twitter:label1\" content=\"Dur\u00e9e de lecture estim\u00e9e\" \/>\n\t<meta name=\"twitter:data1\" content=\"1 minute\" \/>\n<script type=\"application\/ld+json\" class=\"yoast-schema-graph\">{\"@context\":\"https:\/\/schema.org\",\"@graph\":[{\"@type\":\"WebPage\",\"@id\":\"https:\/\/adcelectronique.com\/index.php\/product\/shield-ethernet-arduino-uno-ws5100\/\",\"url\":\"https:\/\/adcelectronique.com\/index.php\/product\/shield-ethernet-arduino-uno-ws5100\/\",\"name\":\"SHIELD ETHERNET ARDUINO UNO WS5100 - ADC Electronique\",\"isPartOf\":{\"@id\":\"https:\/\/adcelectronique.com\/#website\"},\"primaryImageOfPage\":{\"@id\":\"https:\/\/adcelectronique.com\/index.php\/product\/shield-ethernet-arduino-uno-ws5100\/#primaryimage\"},\"image\":{\"@id\":\"https:\/\/adcelectronique.com\/index.php\/product\/shield-ethernet-arduino-uno-ws5100\/#primaryimage\"},\"thumbnailUrl\":\"https:\/\/adcelectronique.com\/wp-content\/uploads\/2026\/03\/a000072_featured.jpg\",\"datePublished\":\"2026-03-04T09:18:05+00:00\",\"dateModified\":\"2026-03-04T09:18:06+00:00\",\"breadcrumb\":{\"@id\":\"https:\/\/adcelectronique.com\/index.php\/product\/shield-ethernet-arduino-uno-ws5100\/#breadcrumb\"},\"inLanguage\":\"fr-FR\",\"potentialAction\":[{\"@type\":\"ReadAction\",\"target\":[\"https:\/\/adcelectronique.com\/index.php\/product\/shield-ethernet-arduino-uno-ws5100\/\"]}]},{\"@type\":\"ImageObject\",\"inLanguage\":\"fr-FR\",\"@id\":\"https:\/\/adcelectronique.com\/index.php\/product\/shield-ethernet-arduino-uno-ws5100\/#primaryimage\",\"url\":\"https:\/\/adcelectronique.com\/wp-content\/uploads\/2026\/03\/a000072_featured.jpg\",\"contentUrl\":\"https:\/\/adcelectronique.com\/wp-content\/uploads\/2026\/03\/a000072_featured.jpg\",\"width\":650,\"height\":413},{\"@type\":\"BreadcrumbList\",\"@id\":\"https:\/\/adcelectronique.com\/index.php\/product\/shield-ethernet-arduino-uno-ws5100\/#breadcrumb\",\"itemListElement\":[{\"@type\":\"ListItem\",\"position\":1,\"name\":\"Home\",\"item\":\"https:\/\/adcelectronique.com\/\"},{\"@type\":\"ListItem\",\"position\":2,\"name\":\"Shop\",\"item\":\"https:\/\/adcelectronique.com\/index.php\/shop\/\"},{\"@type\":\"ListItem\",\"position\":3,\"name\":\"SHIELD ETHERNET ARDUINO UNO WS5100\"}]},{\"@type\":\"WebSite\",\"@id\":\"https:\/\/adcelectronique.com\/#website\",\"url\":\"https:\/\/adcelectronique.com\/\",\"name\":\"ADC Electronique\",\"description\":\"\",\"potentialAction\":[{\"@type\":\"SearchAction\",\"target\":{\"@type\":\"EntryPoint\",\"urlTemplate\":\"https:\/\/adcelectronique.com\/?s={search_term_string}\"},\"query-input\":{\"@type\":\"PropertyValueSpecification\",\"valueRequired\":true,\"valueName\":\"search_term_string\"}}],\"inLanguage\":\"fr-FR\"}]}<\/script>\n<!-- \/ Yoast SEO Premium plugin. -->","yoast_head_json":{"title":"SHIELD ETHERNET ARDUINO UNO WS5100 - ADC Electronique","robots":{"index":"index","follow":"follow","max-snippet":"max-snippet:-1","max-image-preview":"max-image-preview:large","max-video-preview":"max-video-preview:-1"},"canonical":"https:\/\/adcelectronique.com\/index.php\/product\/shield-ethernet-arduino-uno-ws5100\/","og_locale":"fr_FR","og_type":"article","og_title":"SHIELD ETHERNET ARDUINO UNO WS5100","og_description":"Le Shield Ethernet W5100 est une carte additionnelle pour Arduino Uno qui permet de connecter votre Arduino \u00e0 un r\u00e9seau Ethernet (RJ45).Il est souvent utilis\u00e9 pour des projets IoT, des serveurs web ou des capteurs connect\u00e9s. \u00a0Caract\u00e9ristiques principales    Chipset : W5100 (contr\u00f4leur Ethernet avec TCP\/IP int\u00e9gr\u00e9)    Vitesse r\u00e9seau : 10\/100 Mbps    Interface : SPI (communication s\u00e9rie avec Arduino)    Connexions simultan\u00e9es : Jusqu\u2019\u00e0 4 connexions TCP    Protocoles : TCP et UDP    Alimentation : 5V depuis l\u2019Arduino    Autres : Bouton Reset, pins SPI connect\u00e9es aux pins 10 \u00e0 13 de l\u2019Arduino Uno","og_url":"https:\/\/adcelectronique.com\/index.php\/product\/shield-ethernet-arduino-uno-ws5100\/","og_site_name":"ADC Electronique","article_modified_time":"2026-03-04T09:18:06+00:00","og_image":[{"width":650,"height":413,"url":"https:\/\/adcelectronique.com\/wp-content\/uploads\/2026\/03\/a000072_featured.jpg","type":"image\/jpeg"}],"twitter_card":"summary_large_image","twitter_misc":{"Dur\u00e9e de lecture estim\u00e9e":"1 minute"},"schema":{"@context":"https:\/\/schema.org","@graph":[{"@type":"WebPage","@id":"https:\/\/adcelectronique.com\/index.php\/product\/shield-ethernet-arduino-uno-ws5100\/","url":"https:\/\/adcelectronique.com\/index.php\/product\/shield-ethernet-arduino-uno-ws5100\/","name":"SHIELD ETHERNET ARDUINO UNO WS5100 - ADC Electronique","isPartOf":{"@id":"https:\/\/adcelectronique.com\/#website"},"primaryImageOfPage":{"@id":"https:\/\/adcelectronique.com\/index.php\/product\/shield-ethernet-arduino-uno-ws5100\/#primaryimage"},"image":{"@id":"https:\/\/adcelectronique.com\/index.php\/product\/shield-ethernet-arduino-uno-ws5100\/#primaryimage"},"thumbnailUrl":"https:\/\/adcelectronique.com\/wp-content\/uploads\/2026\/03\/a000072_featured.jpg","datePublished":"2026-03-04T09:18:05+00:00","dateModified":"2026-03-04T09:18:06+00:00","breadcrumb":{"@id":"https:\/\/adcelectronique.com\/index.php\/product\/shield-ethernet-arduino-uno-ws5100\/#breadcrumb"},"inLanguage":"fr-FR","potentialAction":[{"@type":"ReadAction","target":["https:\/\/adcelectronique.com\/index.php\/product\/shield-ethernet-arduino-uno-ws5100\/"]}]},{"@type":"ImageObject","inLanguage":"fr-FR","@id":"https:\/\/adcelectronique.com\/index.php\/product\/shield-ethernet-arduino-uno-ws5100\/#primaryimage","url":"https:\/\/adcelectronique.com\/wp-content\/uploads\/2026\/03\/a000072_featured.jpg","contentUrl":"https:\/\/adcelectronique.com\/wp-content\/uploads\/2026\/03\/a000072_featured.jpg","width":650,"height":413},{"@type":"BreadcrumbList","@id":"https:\/\/adcelectronique.com\/index.php\/product\/shield-ethernet-arduino-uno-ws5100\/#breadcrumb","itemListElement":[{"@type":"ListItem","position":1,"name":"Home","item":"https:\/\/adcelectronique.com\/"},{"@type":"ListItem","position":2,"name":"Shop","item":"https:\/\/adcelectronique.com\/index.php\/shop\/"},{"@type":"ListItem","position":3,"name":"SHIELD ETHERNET ARDUINO UNO WS5100"}]},{"@type":"WebSite","@id":"https:\/\/adcelectronique.com\/#website","url":"https:\/\/adcelectronique.com\/","name":"ADC Electronique","description":"","potentialAction":[{"@type":"SearchAction","target":{"@type":"EntryPoint","urlTemplate":"https:\/\/adcelectronique.com\/?s={search_term_string}"},"query-input":{"@type":"PropertyValueSpecification","valueRequired":true,"valueName":"search_term_string"}}],"inLanguage":"fr-FR"}]}},"_links":{"self":[{"href":"https:\/\/adcelectronique.com\/index.php\/wp-json\/wp\/v2\/product\/10869","targetHints":{"allow":["GET"]}}],"collection":[{"href":"https:\/\/adcelectronique.com\/index.php\/wp-json\/wp\/v2\/product"}],"about":[{"href":"https:\/\/adcelectronique.com\/index.php\/wp-json\/wp\/v2\/types\/product"}],"replies":[{"embeddable":true,"href":"https:\/\/adcelectronique.com\/index.php\/wp-json\/wp\/v2\/comments?post=10869"}],"version-history":[{"count":0,"href":"https:\/\/adcelectronique.com\/index.php\/wp-json\/wp\/v2\/product\/10869\/revisions"}],"wp:featuredmedia":[{"embeddable":true,"href":"https:\/\/adcelectronique.com\/index.php\/wp-json\/wp\/v2\/media\/10871"}],"wp:attachment":[{"href":"https:\/\/adcelectronique.com\/index.php\/wp-json\/wp\/v2\/media?parent=10869"}],"wp:term":[{"taxonomy":"product_brand","embeddable":true,"href":"https:\/\/adcelectronique.com\/index.php\/wp-json\/wp\/v2\/product_brand?post=10869"},{"taxonomy":"product_cat","embeddable":true,"href":"https:\/\/adcelectronique.com\/index.php\/wp-json\/wp\/v2\/product_cat?post=10869"},{"taxonomy":"product_tag","embeddable":true,"href":"https:\/\/adcelectronique.com\/index.php\/wp-json\/wp\/v2\/product_tag?post=10869"}],"curies":[{"name":"wp","href":"https:\/\/api.w.org\/{rel}","templated":true}]}}