{"id":10902,"date":"2026-03-04T10:03:41","date_gmt":"2026-03-04T10:03:41","guid":{"rendered":"https:\/\/adcelectronique.com\/?post_type=product&#038;p=10902"},"modified":"2026-03-04T10:03:42","modified_gmt":"2026-03-04T10:03:42","slug":"convertisseur-dc-dc3-40v-sortie-reglabe-1-5-35v","status":"publish","type":"product","link":"https:\/\/adcelectronique.com\/index.php\/product\/convertisseur-dc-dc3-40v-sortie-reglabe-1-5-35v\/","title":{"rendered":"CONVERTISSEUR DC DC3-40V SORTIE REGLABE 1.5 -35V"},"content":{"rendered":"<h3 data-start=\"198\" data-end=\"234\">\u00a0 \u00a0 \u00a0 \u00a0 \u00a0 \u00a0 \u00a0 \u00a0 \u00a0 \u00a0 \u00a0CONVERTISSEUR DC DC3-40V SORTIE REGLABE 1.5 -35V<\/h3>\n<h3 data-start=\"198\" data-end=\"234\"><strong data-start=\"202\" data-end=\"234\">Caract\u00e9ristiques principales<\/strong><\/h3>\n<ul data-start=\"235\" data-end=\"675\">\n<li data-start=\"235\" data-end=\"312\">\n<p data-start=\"237\" data-end=\"312\"><strong data-start=\"237\" data-end=\"245\">Type<\/strong> : Convertisseur DC-DC Buck (abaisseur) ou Buck-Boost selon module.<\/p>\n<\/li>\n<li data-start=\"313\" data-end=\"351\">\n<p data-start=\"315\" data-end=\"351\"><strong data-start=\"315\" data-end=\"335\">Tension d\u2019entr\u00e9e<\/strong> : 3\u202fV \u00e0 40\u202fV DC<\/p>\n<\/li>\n<li data-start=\"352\" data-end=\"424\">\n<p data-start=\"354\" data-end=\"424\"><strong data-start=\"354\" data-end=\"375\">Tension de sortie<\/strong> : 1,5\u202fV \u00e0 35\u202fV DC r\u00e9glable via un potentiom\u00e8tre.<\/p>\n<\/li>\n<li data-start=\"425\" data-end=\"519\">\n<p data-start=\"427\" data-end=\"519\"><strong data-start=\"427\" data-end=\"448\">Courant de sortie<\/strong> : d\u00e9pend du module, souvent 3\u20135\u202fA max (\u00e0 v\u00e9rifier sur le module exact)<\/p>\n<\/li>\n<li data-start=\"520\" data-end=\"589\">\n<p data-start=\"522\" data-end=\"589\"><strong data-start=\"522\" data-end=\"536\">Efficacit\u00e9<\/strong> : souvent 90\u202f% ou plus selon le module et la charge.<\/p>\n<\/li>\n<li data-start=\"590\" data-end=\"675\">\n<p data-start=\"592\" data-end=\"675\"><strong data-start=\"592\" data-end=\"606\">Protection<\/strong> : surintensit\u00e9, surchauffe, parfois protection contre court-circuit.<\/p>\n<\/li>\n<\/ul>\n","protected":false},"excerpt":{"rendered":"<h3 data-start=\"198\" data-end=\"234\"><strong data-start=\"202\" data-end=\"234\">Caract\u00e9ristiques principales<\/strong><\/h3>\n<ul data-start=\"235\" data-end=\"675\">\n<li data-start=\"235\" data-end=\"312\">\n<p data-start=\"237\" data-end=\"312\"><strong data-start=\"237\" data-end=\"245\">Type<\/strong> : Convertisseur DC-DC Buck (abaisseur) ou Buck-Boost selon module.<\/p>\n<\/li>\n<li data-start=\"313\" data-end=\"351\">\n<p data-start=\"315\" data-end=\"351\"><strong data-start=\"315\" data-end=\"335\">Tension d\u2019entr\u00e9e<\/strong> : 3\u202fV \u00e0 40\u202fV DC<\/p>\n<\/li>\n<li data-start=\"352\" data-end=\"424\">\n<p data-start=\"354\" data-end=\"424\"><strong data-start=\"354\" data-end=\"375\">Tension de sortie<\/strong> : 1,5\u202fV \u00e0 35\u202fV DC r\u00e9glable via un potentiom\u00e8tre.<\/p>\n<\/li>\n<li data-start=\"425\" data-end=\"519\">\n<p data-start=\"427\" data-end=\"519\"><strong data-start=\"427\" data-end=\"448\">Courant de sortie<\/strong> : d\u00e9pend du module, souvent 3\u20135\u202fA max (\u00e0 v\u00e9rifier sur le module exact)<\/p>\n<\/li>\n<li data-start=\"520\" data-end=\"589\">\n<p data-start=\"522\" data-end=\"589\"><strong data-start=\"522\" data-end=\"536\">Efficacit\u00e9<\/strong> : souvent 90\u202f% ou plus selon le module et la charge.<\/p>\n<\/li>\n<li data-start=\"590\" data-end=\"675\">\n<p data-start=\"592\" data-end=\"675\"><strong data-start=\"592\" data-end=\"606\">Protection<\/strong> : surintensit\u00e9, surchauffe, parfois protection contre court-circuit.<\/p>\n<\/li>\n<\/ul>\n","protected":false},"featured_media":10904,"comment_status":"open","ping_status":"closed","template":"","meta":[],"product_brand":[144],"product_cat":[31],"product_tag":[],"class_list":{"0":"post-10902","1":"product","2":"type-product","3":"status-publish","4":"has-post-thumbnail","6":"product_brand-arduino","7":"product_cat-cartes-microcontroleurs","9":"first","10":"instock","11":"shipping-taxable","12":"purchasable","13":"product-type-simple"},"yoast_head":"<!-- This site is optimized with the Yoast SEO Premium plugin v26.2 (Yoast SEO v26.2) - https:\/\/yoast.com\/wordpress\/plugins\/seo\/ -->\n<title>CONVERTISSEUR DC DC3-40V SORTIE REGLABE 1.5 -35V - ADC Electronique<\/title>\n<meta name=\"robots\" content=\"index, follow, max-snippet:-1, max-image-preview:large, max-video-preview:-1\" \/>\n<link rel=\"canonical\" href=\"https:\/\/adcelectronique.com\/index.php\/product\/convertisseur-dc-dc3-40v-sortie-reglabe-1-5-35v\/\" \/>\n<meta property=\"og:locale\" content=\"fr_FR\" \/>\n<meta property=\"og:type\" content=\"article\" \/>\n<meta property=\"og:title\" content=\"CONVERTISSEUR DC DC3-40V SORTIE REGLABE 1.5 -35V\" \/>\n<meta property=\"og:description\" content=\"Caract\u00e9ristiques principales    Type : Convertisseur DC-DC Buck (abaisseur) ou Buck-Boost selon module.    Tension d\u2019entr\u00e9e : 3\u202fV \u00e0 40\u202fV DC    Tension de sortie : 1,5\u202fV \u00e0 35\u202fV DC r\u00e9glable via un potentiom\u00e8tre.    Courant de sortie : d\u00e9pend du module, souvent 3\u20135\u202fA max (\u00e0 v\u00e9rifier sur le module exact)    Efficacit\u00e9 : souvent 90\u202f% ou plus selon le module et la charge.    Protection : surintensit\u00e9, surchauffe, parfois protection contre court-circuit.\" \/>\n<meta property=\"og:url\" content=\"https:\/\/adcelectronique.com\/index.php\/product\/convertisseur-dc-dc3-40v-sortie-reglabe-1-5-35v\/\" \/>\n<meta property=\"og:site_name\" content=\"ADC Electronique\" \/>\n<meta property=\"article:modified_time\" content=\"2026-03-04T10:03:42+00:00\" \/>\n<meta property=\"og:image\" content=\"https:\/\/adcelectronique.com\/wp-content\/uploads\/2026\/03\/71uw8QRRugL._AC_UF8941000_QL80_.jpg\" \/>\n\t<meta property=\"og:image:width\" content=\"894\" \/>\n\t<meta property=\"og:image:height\" content=\"967\" \/>\n\t<meta property=\"og:image:type\" content=\"image\/jpeg\" \/>\n<meta name=\"twitter:card\" content=\"summary_large_image\" \/>\n<meta name=\"twitter:label1\" content=\"Dur\u00e9e de lecture estim\u00e9e\" \/>\n\t<meta name=\"twitter:data1\" content=\"1 minute\" \/>\n<script type=\"application\/ld+json\" class=\"yoast-schema-graph\">{\"@context\":\"https:\/\/schema.org\",\"@graph\":[{\"@type\":\"WebPage\",\"@id\":\"https:\/\/adcelectronique.com\/index.php\/product\/convertisseur-dc-dc3-40v-sortie-reglabe-1-5-35v\/\",\"url\":\"https:\/\/adcelectronique.com\/index.php\/product\/convertisseur-dc-dc3-40v-sortie-reglabe-1-5-35v\/\",\"name\":\"CONVERTISSEUR DC DC3-40V SORTIE REGLABE 1.5 -35V - ADC Electronique\",\"isPartOf\":{\"@id\":\"https:\/\/adcelectronique.com\/#website\"},\"primaryImageOfPage\":{\"@id\":\"https:\/\/adcelectronique.com\/index.php\/product\/convertisseur-dc-dc3-40v-sortie-reglabe-1-5-35v\/#primaryimage\"},\"image\":{\"@id\":\"https:\/\/adcelectronique.com\/index.php\/product\/convertisseur-dc-dc3-40v-sortie-reglabe-1-5-35v\/#primaryimage\"},\"thumbnailUrl\":\"https:\/\/adcelectronique.com\/wp-content\/uploads\/2026\/03\/71uw8QRRugL._AC_UF8941000_QL80_.jpg\",\"datePublished\":\"2026-03-04T10:03:41+00:00\",\"dateModified\":\"2026-03-04T10:03:42+00:00\",\"breadcrumb\":{\"@id\":\"https:\/\/adcelectronique.com\/index.php\/product\/convertisseur-dc-dc3-40v-sortie-reglabe-1-5-35v\/#breadcrumb\"},\"inLanguage\":\"fr-FR\",\"potentialAction\":[{\"@type\":\"ReadAction\",\"target\":[\"https:\/\/adcelectronique.com\/index.php\/product\/convertisseur-dc-dc3-40v-sortie-reglabe-1-5-35v\/\"]}]},{\"@type\":\"ImageObject\",\"inLanguage\":\"fr-FR\",\"@id\":\"https:\/\/adcelectronique.com\/index.php\/product\/convertisseur-dc-dc3-40v-sortie-reglabe-1-5-35v\/#primaryimage\",\"url\":\"https:\/\/adcelectronique.com\/wp-content\/uploads\/2026\/03\/71uw8QRRugL._AC_UF8941000_QL80_.jpg\",\"contentUrl\":\"https:\/\/adcelectronique.com\/wp-content\/uploads\/2026\/03\/71uw8QRRugL._AC_UF8941000_QL80_.jpg\",\"width\":894,\"height\":967},{\"@type\":\"BreadcrumbList\",\"@id\":\"https:\/\/adcelectronique.com\/index.php\/product\/convertisseur-dc-dc3-40v-sortie-reglabe-1-5-35v\/#breadcrumb\",\"itemListElement\":[{\"@type\":\"ListItem\",\"position\":1,\"name\":\"Home\",\"item\":\"https:\/\/adcelectronique.com\/\"},{\"@type\":\"ListItem\",\"position\":2,\"name\":\"Shop\",\"item\":\"https:\/\/adcelectronique.com\/index.php\/shop\/\"},{\"@type\":\"ListItem\",\"position\":3,\"name\":\"CONVERTISSEUR DC DC3-40V SORTIE REGLABE 1.5 -35V\"}]},{\"@type\":\"WebSite\",\"@id\":\"https:\/\/adcelectronique.com\/#website\",\"url\":\"https:\/\/adcelectronique.com\/\",\"name\":\"ADC Electronique\",\"description\":\"\",\"potentialAction\":[{\"@type\":\"SearchAction\",\"target\":{\"@type\":\"EntryPoint\",\"urlTemplate\":\"https:\/\/adcelectronique.com\/?s={search_term_string}\"},\"query-input\":{\"@type\":\"PropertyValueSpecification\",\"valueRequired\":true,\"valueName\":\"search_term_string\"}}],\"inLanguage\":\"fr-FR\"}]}<\/script>\n<!-- \/ Yoast SEO Premium plugin. -->","yoast_head_json":{"title":"CONVERTISSEUR DC DC3-40V SORTIE REGLABE 1.5 -35V - ADC Electronique","robots":{"index":"index","follow":"follow","max-snippet":"max-snippet:-1","max-image-preview":"max-image-preview:large","max-video-preview":"max-video-preview:-1"},"canonical":"https:\/\/adcelectronique.com\/index.php\/product\/convertisseur-dc-dc3-40v-sortie-reglabe-1-5-35v\/","og_locale":"fr_FR","og_type":"article","og_title":"CONVERTISSEUR DC DC3-40V SORTIE REGLABE 1.5 -35V","og_description":"Caract\u00e9ristiques principales    Type : Convertisseur DC-DC Buck (abaisseur) ou Buck-Boost selon module.    Tension d\u2019entr\u00e9e : 3\u202fV \u00e0 40\u202fV DC    Tension de sortie : 1,5\u202fV \u00e0 35\u202fV DC r\u00e9glable via un potentiom\u00e8tre.    Courant de sortie : d\u00e9pend du module, souvent 3\u20135\u202fA max (\u00e0 v\u00e9rifier sur le module exact)    Efficacit\u00e9 : souvent 90\u202f% ou plus selon le module et la charge.    Protection : surintensit\u00e9, surchauffe, parfois protection contre court-circuit.","og_url":"https:\/\/adcelectronique.com\/index.php\/product\/convertisseur-dc-dc3-40v-sortie-reglabe-1-5-35v\/","og_site_name":"ADC Electronique","article_modified_time":"2026-03-04T10:03:42+00:00","og_image":[{"width":894,"height":967,"url":"https:\/\/adcelectronique.com\/wp-content\/uploads\/2026\/03\/71uw8QRRugL._AC_UF8941000_QL80_.jpg","type":"image\/jpeg"}],"twitter_card":"summary_large_image","twitter_misc":{"Dur\u00e9e de lecture estim\u00e9e":"1 minute"},"schema":{"@context":"https:\/\/schema.org","@graph":[{"@type":"WebPage","@id":"https:\/\/adcelectronique.com\/index.php\/product\/convertisseur-dc-dc3-40v-sortie-reglabe-1-5-35v\/","url":"https:\/\/adcelectronique.com\/index.php\/product\/convertisseur-dc-dc3-40v-sortie-reglabe-1-5-35v\/","name":"CONVERTISSEUR DC DC3-40V SORTIE REGLABE 1.5 -35V - ADC Electronique","isPartOf":{"@id":"https:\/\/adcelectronique.com\/#website"},"primaryImageOfPage":{"@id":"https:\/\/adcelectronique.com\/index.php\/product\/convertisseur-dc-dc3-40v-sortie-reglabe-1-5-35v\/#primaryimage"},"image":{"@id":"https:\/\/adcelectronique.com\/index.php\/product\/convertisseur-dc-dc3-40v-sortie-reglabe-1-5-35v\/#primaryimage"},"thumbnailUrl":"https:\/\/adcelectronique.com\/wp-content\/uploads\/2026\/03\/71uw8QRRugL._AC_UF8941000_QL80_.jpg","datePublished":"2026-03-04T10:03:41+00:00","dateModified":"2026-03-04T10:03:42+00:00","breadcrumb":{"@id":"https:\/\/adcelectronique.com\/index.php\/product\/convertisseur-dc-dc3-40v-sortie-reglabe-1-5-35v\/#breadcrumb"},"inLanguage":"fr-FR","potentialAction":[{"@type":"ReadAction","target":["https:\/\/adcelectronique.com\/index.php\/product\/convertisseur-dc-dc3-40v-sortie-reglabe-1-5-35v\/"]}]},{"@type":"ImageObject","inLanguage":"fr-FR","@id":"https:\/\/adcelectronique.com\/index.php\/product\/convertisseur-dc-dc3-40v-sortie-reglabe-1-5-35v\/#primaryimage","url":"https:\/\/adcelectronique.com\/wp-content\/uploads\/2026\/03\/71uw8QRRugL._AC_UF8941000_QL80_.jpg","contentUrl":"https:\/\/adcelectronique.com\/wp-content\/uploads\/2026\/03\/71uw8QRRugL._AC_UF8941000_QL80_.jpg","width":894,"height":967},{"@type":"BreadcrumbList","@id":"https:\/\/adcelectronique.com\/index.php\/product\/convertisseur-dc-dc3-40v-sortie-reglabe-1-5-35v\/#breadcrumb","itemListElement":[{"@type":"ListItem","position":1,"name":"Home","item":"https:\/\/adcelectronique.com\/"},{"@type":"ListItem","position":2,"name":"Shop","item":"https:\/\/adcelectronique.com\/index.php\/shop\/"},{"@type":"ListItem","position":3,"name":"CONVERTISSEUR DC DC3-40V SORTIE REGLABE 1.5 -35V"}]},{"@type":"WebSite","@id":"https:\/\/adcelectronique.com\/#website","url":"https:\/\/adcelectronique.com\/","name":"ADC Electronique","description":"","potentialAction":[{"@type":"SearchAction","target":{"@type":"EntryPoint","urlTemplate":"https:\/\/adcelectronique.com\/?s={search_term_string}"},"query-input":{"@type":"PropertyValueSpecification","valueRequired":true,"valueName":"search_term_string"}}],"inLanguage":"fr-FR"}]}},"_links":{"self":[{"href":"https:\/\/adcelectronique.com\/index.php\/wp-json\/wp\/v2\/product\/10902","targetHints":{"allow":["GET"]}}],"collection":[{"href":"https:\/\/adcelectronique.com\/index.php\/wp-json\/wp\/v2\/product"}],"about":[{"href":"https:\/\/adcelectronique.com\/index.php\/wp-json\/wp\/v2\/types\/product"}],"replies":[{"embeddable":true,"href":"https:\/\/adcelectronique.com\/index.php\/wp-json\/wp\/v2\/comments?post=10902"}],"version-history":[{"count":0,"href":"https:\/\/adcelectronique.com\/index.php\/wp-json\/wp\/v2\/product\/10902\/revisions"}],"wp:featuredmedia":[{"embeddable":true,"href":"https:\/\/adcelectronique.com\/index.php\/wp-json\/wp\/v2\/media\/10904"}],"wp:attachment":[{"href":"https:\/\/adcelectronique.com\/index.php\/wp-json\/wp\/v2\/media?parent=10902"}],"wp:term":[{"taxonomy":"product_brand","embeddable":true,"href":"https:\/\/adcelectronique.com\/index.php\/wp-json\/wp\/v2\/product_brand?post=10902"},{"taxonomy":"product_cat","embeddable":true,"href":"https:\/\/adcelectronique.com\/index.php\/wp-json\/wp\/v2\/product_cat?post=10902"},{"taxonomy":"product_tag","embeddable":true,"href":"https:\/\/adcelectronique.com\/index.php\/wp-json\/wp\/v2\/product_tag?post=10902"}],"curies":[{"name":"wp","href":"https:\/\/api.w.org\/{rel}","templated":true}]}}