{"id":10911,"date":"2026-03-04T10:12:21","date_gmt":"2026-03-04T10:12:21","guid":{"rendered":"https:\/\/adcelectronique.com\/?post_type=product&#038;p=10911"},"modified":"2026-03-04T10:12:22","modified_gmt":"2026-03-04T10:12:22","slug":"moteur-dc3v-12vdc-double-axis","status":"publish","type":"product","link":"https:\/\/adcelectronique.com\/index.php\/product\/moteur-dc3v-12vdc-double-axis\/","title":{"rendered":"MOTEUR DC3V 12VDC DOUBLE AXIS"},"content":{"rendered":"<h2 data-start=\"170\" data-end=\"205\">\u00a0 \u00a0 \u00a0 \u00a0 \u00a0 \u00a0 \u00a0 \u00a0 \u00a0 \u00a0 \u00a0 \u00a0 \u00a0 \u00a0 \u00a0 \u00a0 \u00a0MOTEUR DC3V 12VDC DOUBLE AXIS<\/h2>\n<h3 data-start=\"170\" data-end=\"205\">1. Caract\u00e9ristiques principales<\/h3>\n<ul data-start=\"206\" data-end=\"707\">\n<li data-start=\"206\" data-end=\"318\">\n<p data-start=\"208\" data-end=\"318\"><strong data-start=\"208\" data-end=\"239\">Tension de fonctionnement :<\/strong> 3\u202fV \u00e0 12\u202fV DC (selon le mod\u00e8le, attention \u00e0 ne pas d\u00e9passer la tension max).<\/p>\n<\/li>\n<li data-start=\"319\" data-end=\"494\">\n<p data-start=\"321\" data-end=\"494\"><strong data-start=\"321\" data-end=\"352\">Double axe (double shaft) :<\/strong> L\u2019axe est pr\u00e9sent des deux c\u00f4t\u00e9s, ce qui permet de fixer des accessoires de chaque c\u00f4t\u00e9 (roues, engrenages, h\u00e9lices, petits ventilateurs\u2026).<\/p>\n<\/li>\n<li data-start=\"495\" data-end=\"592\">\n<p data-start=\"497\" data-end=\"592\"><strong data-start=\"497\" data-end=\"510\">Courant :<\/strong> G\u00e9n\u00e9ralement faible, autour de 100\u202fmA \u00e0 300\u202fmA \u00e0 vide, et plus \u00e9lev\u00e9 en charge.<\/p>\n<\/li>\n<li data-start=\"593\" data-end=\"707\">\n<p data-start=\"595\" data-end=\"707\"><strong data-start=\"595\" data-end=\"608\">Vitesse :<\/strong> D\u00e9pend de la tension, souvent plusieurs centaines \u00e0 quelques milliers de tours par minute (RPM).<\/p>\n<\/li>\n<\/ul>\n","protected":false},"excerpt":{"rendered":"<p>Caract\u00e9ristiques principales<\/p>\n<p>Tension de fonctionnement : 3\u202fV \u00e0 12\u202fV DC (selon le mod\u00e8le, attention \u00e0 ne pas d\u00e9passer la tension max).<\/p>\n<p>Double axe (double shaft) : L\u2019axe est pr\u00e9sent des deux c\u00f4t\u00e9s, ce qui permet de fixer des accessoires de chaque c\u00f4t\u00e9 (roues, engrenages, h\u00e9lices, petits ventilateurs\u2026).<\/p>\n<p>Courant : G\u00e9n\u00e9ralement faible, autour de 100\u202fmA \u00e0 300\u202fmA \u00e0 vide, et plus \u00e9lev\u00e9 en charge.<\/p>\n<p>Vitesse : D\u00e9pend de la tension, souvent plusieurs centaines \u00e0 quelques milliers de tours par minute (RPM).<\/p>\n","protected":false},"featured_media":10912,"comment_status":"open","ping_status":"closed","template":"","meta":[],"product_brand":[144],"product_cat":[31],"product_tag":[],"class_list":{"0":"post-10911","1":"product","2":"type-product","3":"status-publish","4":"has-post-thumbnail","6":"product_brand-arduino","7":"product_cat-cartes-microcontroleurs","9":"first","10":"instock","11":"shipping-taxable","12":"purchasable","13":"product-type-simple"},"yoast_head":"<!-- This site is optimized with the Yoast SEO Premium plugin v26.2 (Yoast SEO v26.2) - https:\/\/yoast.com\/wordpress\/plugins\/seo\/ -->\n<title>MOTEUR DC3V 12VDC DOUBLE AXIS - ADC Electronique<\/title>\n<meta name=\"robots\" content=\"index, follow, max-snippet:-1, max-image-preview:large, max-video-preview:-1\" \/>\n<link rel=\"canonical\" href=\"https:\/\/adcelectronique.com\/index.php\/product\/moteur-dc3v-12vdc-double-axis\/\" \/>\n<meta property=\"og:locale\" content=\"fr_FR\" \/>\n<meta property=\"og:type\" content=\"article\" \/>\n<meta property=\"og:title\" content=\"MOTEUR DC3V 12VDC DOUBLE AXIS\" \/>\n<meta property=\"og:description\" content=\"Caract\u00e9ristiques principales  Tension de fonctionnement : 3\u202fV \u00e0 12\u202fV DC (selon le mod\u00e8le, attention \u00e0 ne pas d\u00e9passer la tension max).  Double axe (double shaft) : L\u2019axe est pr\u00e9sent des deux c\u00f4t\u00e9s, ce qui permet de fixer des accessoires de chaque c\u00f4t\u00e9 (roues, engrenages, h\u00e9lices, petits ventilateurs\u2026).  Courant : G\u00e9n\u00e9ralement faible, autour de 100\u202fmA \u00e0 300\u202fmA \u00e0 vide, et plus \u00e9lev\u00e9 en charge.  Vitesse : D\u00e9pend de la tension, souvent plusieurs centaines \u00e0 quelques milliers de tours par minute (RPM).\" \/>\n<meta property=\"og:url\" content=\"https:\/\/adcelectronique.com\/index.php\/product\/moteur-dc3v-12vdc-double-axis\/\" \/>\n<meta property=\"og:site_name\" content=\"ADC Electronique\" \/>\n<meta property=\"article:modified_time\" content=\"2026-03-04T10:12:22+00:00\" \/>\n<meta property=\"og:image\" content=\"https:\/\/adcelectronique.com\/wp-content\/uploads\/2026\/03\/51R3945tFJL.jpg\" \/>\n\t<meta property=\"og:image:width\" content=\"1600\" \/>\n\t<meta property=\"og:image:height\" content=\"1600\" \/>\n\t<meta property=\"og:image:type\" content=\"image\/jpeg\" \/>\n<meta name=\"twitter:card\" content=\"summary_large_image\" \/>\n<meta name=\"twitter:label1\" content=\"Dur\u00e9e de lecture estim\u00e9e\" \/>\n\t<meta name=\"twitter:data1\" content=\"1 minute\" \/>\n<script type=\"application\/ld+json\" class=\"yoast-schema-graph\">{\"@context\":\"https:\/\/schema.org\",\"@graph\":[{\"@type\":\"WebPage\",\"@id\":\"https:\/\/adcelectronique.com\/index.php\/product\/moteur-dc3v-12vdc-double-axis\/\",\"url\":\"https:\/\/adcelectronique.com\/index.php\/product\/moteur-dc3v-12vdc-double-axis\/\",\"name\":\"MOTEUR DC3V 12VDC DOUBLE AXIS - ADC Electronique\",\"isPartOf\":{\"@id\":\"https:\/\/adcelectronique.com\/#website\"},\"primaryImageOfPage\":{\"@id\":\"https:\/\/adcelectronique.com\/index.php\/product\/moteur-dc3v-12vdc-double-axis\/#primaryimage\"},\"image\":{\"@id\":\"https:\/\/adcelectronique.com\/index.php\/product\/moteur-dc3v-12vdc-double-axis\/#primaryimage\"},\"thumbnailUrl\":\"https:\/\/adcelectronique.com\/wp-content\/uploads\/2026\/03\/51R3945tFJL.jpg\",\"datePublished\":\"2026-03-04T10:12:21+00:00\",\"dateModified\":\"2026-03-04T10:12:22+00:00\",\"breadcrumb\":{\"@id\":\"https:\/\/adcelectronique.com\/index.php\/product\/moteur-dc3v-12vdc-double-axis\/#breadcrumb\"},\"inLanguage\":\"fr-FR\",\"potentialAction\":[{\"@type\":\"ReadAction\",\"target\":[\"https:\/\/adcelectronique.com\/index.php\/product\/moteur-dc3v-12vdc-double-axis\/\"]}]},{\"@type\":\"ImageObject\",\"inLanguage\":\"fr-FR\",\"@id\":\"https:\/\/adcelectronique.com\/index.php\/product\/moteur-dc3v-12vdc-double-axis\/#primaryimage\",\"url\":\"https:\/\/adcelectronique.com\/wp-content\/uploads\/2026\/03\/51R3945tFJL.jpg\",\"contentUrl\":\"https:\/\/adcelectronique.com\/wp-content\/uploads\/2026\/03\/51R3945tFJL.jpg\",\"width\":1600,\"height\":1600},{\"@type\":\"BreadcrumbList\",\"@id\":\"https:\/\/adcelectronique.com\/index.php\/product\/moteur-dc3v-12vdc-double-axis\/#breadcrumb\",\"itemListElement\":[{\"@type\":\"ListItem\",\"position\":1,\"name\":\"Home\",\"item\":\"https:\/\/adcelectronique.com\/\"},{\"@type\":\"ListItem\",\"position\":2,\"name\":\"Shop\",\"item\":\"https:\/\/adcelectronique.com\/index.php\/shop\/\"},{\"@type\":\"ListItem\",\"position\":3,\"name\":\"MOTEUR DC3V 12VDC DOUBLE AXIS\"}]},{\"@type\":\"WebSite\",\"@id\":\"https:\/\/adcelectronique.com\/#website\",\"url\":\"https:\/\/adcelectronique.com\/\",\"name\":\"ADC Electronique\",\"description\":\"\",\"potentialAction\":[{\"@type\":\"SearchAction\",\"target\":{\"@type\":\"EntryPoint\",\"urlTemplate\":\"https:\/\/adcelectronique.com\/?s={search_term_string}\"},\"query-input\":{\"@type\":\"PropertyValueSpecification\",\"valueRequired\":true,\"valueName\":\"search_term_string\"}}],\"inLanguage\":\"fr-FR\"}]}<\/script>\n<!-- \/ Yoast SEO Premium plugin. -->","yoast_head_json":{"title":"MOTEUR DC3V 12VDC DOUBLE AXIS - ADC Electronique","robots":{"index":"index","follow":"follow","max-snippet":"max-snippet:-1","max-image-preview":"max-image-preview:large","max-video-preview":"max-video-preview:-1"},"canonical":"https:\/\/adcelectronique.com\/index.php\/product\/moteur-dc3v-12vdc-double-axis\/","og_locale":"fr_FR","og_type":"article","og_title":"MOTEUR DC3V 12VDC DOUBLE AXIS","og_description":"Caract\u00e9ristiques principales  Tension de fonctionnement : 3\u202fV \u00e0 12\u202fV DC (selon le mod\u00e8le, attention \u00e0 ne pas d\u00e9passer la tension max).  Double axe (double shaft) : L\u2019axe est pr\u00e9sent des deux c\u00f4t\u00e9s, ce qui permet de fixer des accessoires de chaque c\u00f4t\u00e9 (roues, engrenages, h\u00e9lices, petits ventilateurs\u2026).  Courant : G\u00e9n\u00e9ralement faible, autour de 100\u202fmA \u00e0 300\u202fmA \u00e0 vide, et plus \u00e9lev\u00e9 en charge.  Vitesse : D\u00e9pend de la tension, souvent plusieurs centaines \u00e0 quelques milliers de tours par minute (RPM).","og_url":"https:\/\/adcelectronique.com\/index.php\/product\/moteur-dc3v-12vdc-double-axis\/","og_site_name":"ADC Electronique","article_modified_time":"2026-03-04T10:12:22+00:00","og_image":[{"width":1600,"height":1600,"url":"https:\/\/adcelectronique.com\/wp-content\/uploads\/2026\/03\/51R3945tFJL.jpg","type":"image\/jpeg"}],"twitter_card":"summary_large_image","twitter_misc":{"Dur\u00e9e de lecture estim\u00e9e":"1 minute"},"schema":{"@context":"https:\/\/schema.org","@graph":[{"@type":"WebPage","@id":"https:\/\/adcelectronique.com\/index.php\/product\/moteur-dc3v-12vdc-double-axis\/","url":"https:\/\/adcelectronique.com\/index.php\/product\/moteur-dc3v-12vdc-double-axis\/","name":"MOTEUR DC3V 12VDC DOUBLE AXIS - ADC Electronique","isPartOf":{"@id":"https:\/\/adcelectronique.com\/#website"},"primaryImageOfPage":{"@id":"https:\/\/adcelectronique.com\/index.php\/product\/moteur-dc3v-12vdc-double-axis\/#primaryimage"},"image":{"@id":"https:\/\/adcelectronique.com\/index.php\/product\/moteur-dc3v-12vdc-double-axis\/#primaryimage"},"thumbnailUrl":"https:\/\/adcelectronique.com\/wp-content\/uploads\/2026\/03\/51R3945tFJL.jpg","datePublished":"2026-03-04T10:12:21+00:00","dateModified":"2026-03-04T10:12:22+00:00","breadcrumb":{"@id":"https:\/\/adcelectronique.com\/index.php\/product\/moteur-dc3v-12vdc-double-axis\/#breadcrumb"},"inLanguage":"fr-FR","potentialAction":[{"@type":"ReadAction","target":["https:\/\/adcelectronique.com\/index.php\/product\/moteur-dc3v-12vdc-double-axis\/"]}]},{"@type":"ImageObject","inLanguage":"fr-FR","@id":"https:\/\/adcelectronique.com\/index.php\/product\/moteur-dc3v-12vdc-double-axis\/#primaryimage","url":"https:\/\/adcelectronique.com\/wp-content\/uploads\/2026\/03\/51R3945tFJL.jpg","contentUrl":"https:\/\/adcelectronique.com\/wp-content\/uploads\/2026\/03\/51R3945tFJL.jpg","width":1600,"height":1600},{"@type":"BreadcrumbList","@id":"https:\/\/adcelectronique.com\/index.php\/product\/moteur-dc3v-12vdc-double-axis\/#breadcrumb","itemListElement":[{"@type":"ListItem","position":1,"name":"Home","item":"https:\/\/adcelectronique.com\/"},{"@type":"ListItem","position":2,"name":"Shop","item":"https:\/\/adcelectronique.com\/index.php\/shop\/"},{"@type":"ListItem","position":3,"name":"MOTEUR DC3V 12VDC DOUBLE AXIS"}]},{"@type":"WebSite","@id":"https:\/\/adcelectronique.com\/#website","url":"https:\/\/adcelectronique.com\/","name":"ADC Electronique","description":"","potentialAction":[{"@type":"SearchAction","target":{"@type":"EntryPoint","urlTemplate":"https:\/\/adcelectronique.com\/?s={search_term_string}"},"query-input":{"@type":"PropertyValueSpecification","valueRequired":true,"valueName":"search_term_string"}}],"inLanguage":"fr-FR"}]}},"_links":{"self":[{"href":"https:\/\/adcelectronique.com\/index.php\/wp-json\/wp\/v2\/product\/10911","targetHints":{"allow":["GET"]}}],"collection":[{"href":"https:\/\/adcelectronique.com\/index.php\/wp-json\/wp\/v2\/product"}],"about":[{"href":"https:\/\/adcelectronique.com\/index.php\/wp-json\/wp\/v2\/types\/product"}],"replies":[{"embeddable":true,"href":"https:\/\/adcelectronique.com\/index.php\/wp-json\/wp\/v2\/comments?post=10911"}],"version-history":[{"count":0,"href":"https:\/\/adcelectronique.com\/index.php\/wp-json\/wp\/v2\/product\/10911\/revisions"}],"wp:featuredmedia":[{"embeddable":true,"href":"https:\/\/adcelectronique.com\/index.php\/wp-json\/wp\/v2\/media\/10912"}],"wp:attachment":[{"href":"https:\/\/adcelectronique.com\/index.php\/wp-json\/wp\/v2\/media?parent=10911"}],"wp:term":[{"taxonomy":"product_brand","embeddable":true,"href":"https:\/\/adcelectronique.com\/index.php\/wp-json\/wp\/v2\/product_brand?post=10911"},{"taxonomy":"product_cat","embeddable":true,"href":"https:\/\/adcelectronique.com\/index.php\/wp-json\/wp\/v2\/product_cat?post=10911"},{"taxonomy":"product_tag","embeddable":true,"href":"https:\/\/adcelectronique.com\/index.php\/wp-json\/wp\/v2\/product_tag?post=10911"}],"curies":[{"name":"wp","href":"https:\/\/api.w.org\/{rel}","templated":true}]}}