{"id":10914,"date":"2026-03-04T10:17:28","date_gmt":"2026-03-04T10:17:28","guid":{"rendered":"https:\/\/adcelectronique.com\/?post_type=product&#038;p=10914"},"modified":"2026-03-04T10:17:29","modified_gmt":"2026-03-04T10:17:29","slug":"clavier-matrice-1414","status":"publish","type":"product","link":"https:\/\/adcelectronique.com\/index.php\/product\/clavier-matrice-1414\/","title":{"rendered":"CLAVIER MATRICE 1*41*4"},"content":{"rendered":"<h3>\u00a0 \u00a0 \u00a0 \u00a0 \u00a0 \u00a0 \u00a0 \u00a0 \u00a0 \u00a0 \u00a0 \u00a0 \u00a0 \u00a0 \u00a0 \u00a0 \u00a0 \u00a0 \u00a0 \u00a0 \u00a0 \u00a0 \u00a0CLAVIER MATRICE 1*41*4<\/h3>\n<p>Un <strong data-start=\"141\" data-end=\"162\">clavier matriciel<\/strong> est un type de clavier o\u00f9 les touches sont organis\u00e9es en <strong data-start=\"220\" data-end=\"242\">lignes et colonnes<\/strong>. Cela permet \u00e0 un microcontr\u00f4leur (comme un Arduino) de d\u00e9tecter quelle touche est press\u00e9e sans avoir besoin d\u2019un fil pour chaque touche.<\/p>\n<h3 data-start=\"384\" data-end=\"425\">Interpr\u00e9tation possible de \u201c1<em data-start=\"417\" data-end=\"421\">41<\/em>4\u201d :<\/h3>\n<ol data-start=\"426\" data-end=\"653\">\n<li data-start=\"426\" data-end=\"488\">\n<p data-start=\"429\" data-end=\"488\"><strong data-start=\"429\" data-end=\"436\">1\u00d74<\/strong> : 1 ligne et 4 colonnes \u2192 clavier avec 4 touches.<\/p>\n<\/li>\n<li data-start=\"489\" data-end=\"560\">\n<p data-start=\"492\" data-end=\"560\"><strong data-start=\"492\" data-end=\"499\">4\u00d71<\/strong> : 4 lignes et 1 colonne \u2192 clavier vertical avec 4 touches.<\/p>\n<\/li>\n<li data-start=\"561\" data-end=\"653\">\n<p data-start=\"564\" data-end=\"653\"><strong data-start=\"564\" data-end=\"571\">4\u00d74<\/strong> : Clavier classique avec 16 touches (souvent utilis\u00e9 dans les projets Arduino).<\/p>\n<\/li>\n<\/ol>\n","protected":false},"excerpt":{"rendered":"<p>Un <strong data-start=\"141\" data-end=\"162\">clavier matriciel<\/strong> est un type de clavier o\u00f9 les touches sont organis\u00e9es en <strong data-start=\"220\" data-end=\"242\">lignes et colonnes<\/strong>. Cela permet \u00e0 un microcontr\u00f4leur (comme un Arduino) de d\u00e9tecter quelle touche est press\u00e9e sans avoir besoin d\u2019un fil pour chaque touche.<\/p>\n","protected":false},"featured_media":10918,"comment_status":"open","ping_status":"closed","template":"","meta":[],"product_brand":[144],"product_cat":[31],"product_tag":[],"class_list":{"0":"post-10914","1":"product","2":"type-product","3":"status-publish","4":"has-post-thumbnail","6":"product_brand-arduino","7":"product_cat-cartes-microcontroleurs","9":"first","10":"instock","11":"shipping-taxable","12":"purchasable","13":"product-type-simple"},"yoast_head":"<!-- This site is optimized with the Yoast SEO Premium plugin v26.2 (Yoast SEO v26.2) - https:\/\/yoast.com\/wordpress\/plugins\/seo\/ -->\n<title>CLAVIER MATRICE 1*41*4 - ADC Electronique<\/title>\n<meta name=\"robots\" content=\"index, follow, max-snippet:-1, max-image-preview:large, max-video-preview:-1\" \/>\n<link rel=\"canonical\" href=\"https:\/\/adcelectronique.com\/index.php\/product\/clavier-matrice-1414\/\" \/>\n<meta property=\"og:locale\" content=\"fr_FR\" \/>\n<meta property=\"og:type\" content=\"article\" \/>\n<meta property=\"og:title\" content=\"CLAVIER MATRICE 1*41*4\" \/>\n<meta property=\"og:description\" content=\"Un clavier matriciel est un type de clavier o\u00f9 les touches sont organis\u00e9es en lignes et colonnes. Cela permet \u00e0 un microcontr\u00f4leur (comme un Arduino) de d\u00e9tecter quelle touche est press\u00e9e sans avoir besoin d\u2019un fil pour chaque touche.\" \/>\n<meta property=\"og:url\" content=\"https:\/\/adcelectronique.com\/index.php\/product\/clavier-matrice-1414\/\" \/>\n<meta property=\"og:site_name\" content=\"ADC Electronique\" \/>\n<meta property=\"article:modified_time\" content=\"2026-03-04T10:17:29+00:00\" \/>\n<meta property=\"og:image\" content=\"https:\/\/adcelectronique.com\/wp-content\/uploads\/2026\/03\/images-15-1.jpg\" \/>\n\t<meta property=\"og:image:width\" content=\"225\" \/>\n\t<meta property=\"og:image:height\" content=\"225\" \/>\n\t<meta property=\"og:image:type\" content=\"image\/jpeg\" \/>\n<meta name=\"twitter:card\" content=\"summary_large_image\" \/>\n<meta name=\"twitter:label1\" content=\"Dur\u00e9e de lecture estim\u00e9e\" \/>\n\t<meta name=\"twitter:data1\" content=\"1 minute\" \/>\n<script type=\"application\/ld+json\" class=\"yoast-schema-graph\">{\"@context\":\"https:\/\/schema.org\",\"@graph\":[{\"@type\":\"WebPage\",\"@id\":\"https:\/\/adcelectronique.com\/index.php\/product\/clavier-matrice-1414\/\",\"url\":\"https:\/\/adcelectronique.com\/index.php\/product\/clavier-matrice-1414\/\",\"name\":\"CLAVIER MATRICE 1*41*4 - ADC Electronique\",\"isPartOf\":{\"@id\":\"https:\/\/adcelectronique.com\/#website\"},\"primaryImageOfPage\":{\"@id\":\"https:\/\/adcelectronique.com\/index.php\/product\/clavier-matrice-1414\/#primaryimage\"},\"image\":{\"@id\":\"https:\/\/adcelectronique.com\/index.php\/product\/clavier-matrice-1414\/#primaryimage\"},\"thumbnailUrl\":\"https:\/\/adcelectronique.com\/wp-content\/uploads\/2026\/03\/images-15-1.jpg\",\"datePublished\":\"2026-03-04T10:17:28+00:00\",\"dateModified\":\"2026-03-04T10:17:29+00:00\",\"breadcrumb\":{\"@id\":\"https:\/\/adcelectronique.com\/index.php\/product\/clavier-matrice-1414\/#breadcrumb\"},\"inLanguage\":\"fr-FR\",\"potentialAction\":[{\"@type\":\"ReadAction\",\"target\":[\"https:\/\/adcelectronique.com\/index.php\/product\/clavier-matrice-1414\/\"]}]},{\"@type\":\"ImageObject\",\"inLanguage\":\"fr-FR\",\"@id\":\"https:\/\/adcelectronique.com\/index.php\/product\/clavier-matrice-1414\/#primaryimage\",\"url\":\"https:\/\/adcelectronique.com\/wp-content\/uploads\/2026\/03\/images-15-1.jpg\",\"contentUrl\":\"https:\/\/adcelectronique.com\/wp-content\/uploads\/2026\/03\/images-15-1.jpg\",\"width\":225,\"height\":225},{\"@type\":\"BreadcrumbList\",\"@id\":\"https:\/\/adcelectronique.com\/index.php\/product\/clavier-matrice-1414\/#breadcrumb\",\"itemListElement\":[{\"@type\":\"ListItem\",\"position\":1,\"name\":\"Home\",\"item\":\"https:\/\/adcelectronique.com\/\"},{\"@type\":\"ListItem\",\"position\":2,\"name\":\"Shop\",\"item\":\"https:\/\/adcelectronique.com\/index.php\/shop\/\"},{\"@type\":\"ListItem\",\"position\":3,\"name\":\"CLAVIER MATRICE 1*41*4\"}]},{\"@type\":\"WebSite\",\"@id\":\"https:\/\/adcelectronique.com\/#website\",\"url\":\"https:\/\/adcelectronique.com\/\",\"name\":\"ADC Electronique\",\"description\":\"\",\"potentialAction\":[{\"@type\":\"SearchAction\",\"target\":{\"@type\":\"EntryPoint\",\"urlTemplate\":\"https:\/\/adcelectronique.com\/?s={search_term_string}\"},\"query-input\":{\"@type\":\"PropertyValueSpecification\",\"valueRequired\":true,\"valueName\":\"search_term_string\"}}],\"inLanguage\":\"fr-FR\"}]}<\/script>\n<!-- \/ Yoast SEO Premium plugin. -->","yoast_head_json":{"title":"CLAVIER MATRICE 1*41*4 - ADC Electronique","robots":{"index":"index","follow":"follow","max-snippet":"max-snippet:-1","max-image-preview":"max-image-preview:large","max-video-preview":"max-video-preview:-1"},"canonical":"https:\/\/adcelectronique.com\/index.php\/product\/clavier-matrice-1414\/","og_locale":"fr_FR","og_type":"article","og_title":"CLAVIER MATRICE 1*41*4","og_description":"Un clavier matriciel est un type de clavier o\u00f9 les touches sont organis\u00e9es en lignes et colonnes. Cela permet \u00e0 un microcontr\u00f4leur (comme un Arduino) de d\u00e9tecter quelle touche est press\u00e9e sans avoir besoin d\u2019un fil pour chaque touche.","og_url":"https:\/\/adcelectronique.com\/index.php\/product\/clavier-matrice-1414\/","og_site_name":"ADC Electronique","article_modified_time":"2026-03-04T10:17:29+00:00","og_image":[{"width":225,"height":225,"url":"https:\/\/adcelectronique.com\/wp-content\/uploads\/2026\/03\/images-15-1.jpg","type":"image\/jpeg"}],"twitter_card":"summary_large_image","twitter_misc":{"Dur\u00e9e de lecture estim\u00e9e":"1 minute"},"schema":{"@context":"https:\/\/schema.org","@graph":[{"@type":"WebPage","@id":"https:\/\/adcelectronique.com\/index.php\/product\/clavier-matrice-1414\/","url":"https:\/\/adcelectronique.com\/index.php\/product\/clavier-matrice-1414\/","name":"CLAVIER MATRICE 1*41*4 - ADC Electronique","isPartOf":{"@id":"https:\/\/adcelectronique.com\/#website"},"primaryImageOfPage":{"@id":"https:\/\/adcelectronique.com\/index.php\/product\/clavier-matrice-1414\/#primaryimage"},"image":{"@id":"https:\/\/adcelectronique.com\/index.php\/product\/clavier-matrice-1414\/#primaryimage"},"thumbnailUrl":"https:\/\/adcelectronique.com\/wp-content\/uploads\/2026\/03\/images-15-1.jpg","datePublished":"2026-03-04T10:17:28+00:00","dateModified":"2026-03-04T10:17:29+00:00","breadcrumb":{"@id":"https:\/\/adcelectronique.com\/index.php\/product\/clavier-matrice-1414\/#breadcrumb"},"inLanguage":"fr-FR","potentialAction":[{"@type":"ReadAction","target":["https:\/\/adcelectronique.com\/index.php\/product\/clavier-matrice-1414\/"]}]},{"@type":"ImageObject","inLanguage":"fr-FR","@id":"https:\/\/adcelectronique.com\/index.php\/product\/clavier-matrice-1414\/#primaryimage","url":"https:\/\/adcelectronique.com\/wp-content\/uploads\/2026\/03\/images-15-1.jpg","contentUrl":"https:\/\/adcelectronique.com\/wp-content\/uploads\/2026\/03\/images-15-1.jpg","width":225,"height":225},{"@type":"BreadcrumbList","@id":"https:\/\/adcelectronique.com\/index.php\/product\/clavier-matrice-1414\/#breadcrumb","itemListElement":[{"@type":"ListItem","position":1,"name":"Home","item":"https:\/\/adcelectronique.com\/"},{"@type":"ListItem","position":2,"name":"Shop","item":"https:\/\/adcelectronique.com\/index.php\/shop\/"},{"@type":"ListItem","position":3,"name":"CLAVIER MATRICE 1*41*4"}]},{"@type":"WebSite","@id":"https:\/\/adcelectronique.com\/#website","url":"https:\/\/adcelectronique.com\/","name":"ADC Electronique","description":"","potentialAction":[{"@type":"SearchAction","target":{"@type":"EntryPoint","urlTemplate":"https:\/\/adcelectronique.com\/?s={search_term_string}"},"query-input":{"@type":"PropertyValueSpecification","valueRequired":true,"valueName":"search_term_string"}}],"inLanguage":"fr-FR"}]}},"_links":{"self":[{"href":"https:\/\/adcelectronique.com\/index.php\/wp-json\/wp\/v2\/product\/10914","targetHints":{"allow":["GET"]}}],"collection":[{"href":"https:\/\/adcelectronique.com\/index.php\/wp-json\/wp\/v2\/product"}],"about":[{"href":"https:\/\/adcelectronique.com\/index.php\/wp-json\/wp\/v2\/types\/product"}],"replies":[{"embeddable":true,"href":"https:\/\/adcelectronique.com\/index.php\/wp-json\/wp\/v2\/comments?post=10914"}],"version-history":[{"count":0,"href":"https:\/\/adcelectronique.com\/index.php\/wp-json\/wp\/v2\/product\/10914\/revisions"}],"wp:featuredmedia":[{"embeddable":true,"href":"https:\/\/adcelectronique.com\/index.php\/wp-json\/wp\/v2\/media\/10918"}],"wp:attachment":[{"href":"https:\/\/adcelectronique.com\/index.php\/wp-json\/wp\/v2\/media?parent=10914"}],"wp:term":[{"taxonomy":"product_brand","embeddable":true,"href":"https:\/\/adcelectronique.com\/index.php\/wp-json\/wp\/v2\/product_brand?post=10914"},{"taxonomy":"product_cat","embeddable":true,"href":"https:\/\/adcelectronique.com\/index.php\/wp-json\/wp\/v2\/product_cat?post=10914"},{"taxonomy":"product_tag","embeddable":true,"href":"https:\/\/adcelectronique.com\/index.php\/wp-json\/wp\/v2\/product_tag?post=10914"}],"curies":[{"name":"wp","href":"https:\/\/api.w.org\/{rel}","templated":true}]}}