{"id":10924,"date":"2026-03-04T10:24:19","date_gmt":"2026-03-04T10:24:19","guid":{"rendered":"https:\/\/adcelectronique.com\/?post_type=product&#038;p=10924"},"modified":"2026-03-04T10:24:20","modified_gmt":"2026-03-04T10:24:20","slug":"driver-moteur-pas-a-pas-a4988","status":"publish","type":"product","link":"https:\/\/adcelectronique.com\/index.php\/product\/driver-moteur-pas-a-pas-a4988\/","title":{"rendered":"DRIVER MOTEUR PAS A PAS A4988"},"content":{"rendered":"<h3 data-start=\"150\" data-end=\"319\">\u00a0 \u00a0 \u00a0 \u00a0 \u00a0 \u00a0 \u00a0 \u00a0 \u00a0 \u00a0 \u00a0 \u00a0 \u00a0 \u00a0 \u00a0 \u00a0 \u00a0 \u00a0 \u00a0DRIVER MOTEUR PAS A PAS A4988<\/h3>\n<p data-start=\"150\" data-end=\"319\">Le <strong data-start=\"153\" data-end=\"162\">A4988<\/strong> est un driver tr\u00e8s populaire pour contr\u00f4ler des <strong data-start=\"211\" data-end=\"243\">moteurs pas \u00e0 pas bipolaires<\/strong>. Il permet de contr\u00f4ler la vitesse, la direction et le micro-pas du moteur.<\/p>\n<h3 data-start=\"321\" data-end=\"355\">Caract\u00e9ristiques principales :<\/h3>\n<ul data-start=\"356\" data-end=\"625\">\n<li data-start=\"356\" data-end=\"385\">\n<p data-start=\"358\" data-end=\"385\">Tension moteur : <strong data-start=\"375\" data-end=\"385\">8\u201335 V<\/strong><\/p>\n<\/li>\n<li data-start=\"386\" data-end=\"446\">\n<p data-start=\"388\" data-end=\"446\">Courant par phase : <strong data-start=\"408\" data-end=\"423\">jusqu\u2019\u00e0 2 A<\/strong> (avec refroidissement)<\/p>\n<\/li>\n<li data-start=\"447\" data-end=\"502\">\n<p data-start=\"449\" data-end=\"502\">Micro-pas : plein pas, demi-pas, 1\/4, 1\/8 et 1\/16 pas<\/p>\n<\/li>\n<li data-start=\"503\" data-end=\"553\">\n<p data-start=\"505\" data-end=\"553\">Protection thermique et contre les surintensit\u00e9s<\/p>\n<\/li>\n<li data-start=\"554\" data-end=\"625\">\n<p data-start=\"556\" data-end=\"625\">Connexion facile avec microcontr\u00f4leurs comme <strong data-start=\"601\" data-end=\"612\">Arduino<\/strong>, ESP32, etc.<\/p>\n<\/li>\n<\/ul>\n","protected":false},"excerpt":{"rendered":"<p>Le <strong data-start=\"153\" data-end=\"162\">A4988<\/strong> est un driver tr\u00e8s populaire pour contr\u00f4ler des <strong data-start=\"211\" data-end=\"243\">moteurs pas \u00e0 pas bipolaires<\/strong>. Il permet de contr\u00f4ler la vitesse, la direction et le micro-pas du moteur.<\/p>\n","protected":false},"featured_media":10926,"comment_status":"open","ping_status":"closed","template":"","meta":[],"product_brand":[144],"product_cat":[31],"product_tag":[],"class_list":{"0":"post-10924","1":"product","2":"type-product","3":"status-publish","4":"has-post-thumbnail","6":"product_brand-arduino","7":"product_cat-cartes-microcontroleurs","9":"first","10":"instock","11":"shipping-taxable","12":"purchasable","13":"product-type-simple"},"yoast_head":"<!-- This site is optimized with the Yoast SEO Premium plugin v26.2 (Yoast SEO v26.2) - https:\/\/yoast.com\/wordpress\/plugins\/seo\/ -->\n<title>DRIVER MOTEUR PAS A PAS A4988 - ADC Electronique<\/title>\n<meta name=\"robots\" content=\"index, follow, max-snippet:-1, max-image-preview:large, max-video-preview:-1\" \/>\n<link rel=\"canonical\" href=\"https:\/\/adcelectronique.com\/index.php\/product\/driver-moteur-pas-a-pas-a4988\/\" \/>\n<meta property=\"og:locale\" content=\"fr_FR\" \/>\n<meta property=\"og:type\" content=\"article\" \/>\n<meta property=\"og:title\" content=\"DRIVER MOTEUR PAS A PAS A4988\" \/>\n<meta property=\"og:description\" content=\"Le A4988 est un driver tr\u00e8s populaire pour contr\u00f4ler des moteurs pas \u00e0 pas bipolaires. Il permet de contr\u00f4ler la vitesse, la direction et le micro-pas du moteur.\" \/>\n<meta property=\"og:url\" content=\"https:\/\/adcelectronique.com\/index.php\/product\/driver-moteur-pas-a-pas-a4988\/\" \/>\n<meta property=\"og:site_name\" content=\"ADC Electronique\" \/>\n<meta property=\"article:modified_time\" content=\"2026-03-04T10:24:20+00:00\" \/>\n<meta property=\"og:image\" content=\"https:\/\/adcelectronique.com\/wp-content\/uploads\/2026\/03\/img20210901190523558872789.jpeg\" \/>\n\t<meta property=\"og:image:width\" content=\"600\" \/>\n\t<meta property=\"og:image:height\" content=\"600\" \/>\n\t<meta property=\"og:image:type\" content=\"image\/jpeg\" \/>\n<meta name=\"twitter:card\" content=\"summary_large_image\" \/>\n<meta name=\"twitter:label1\" content=\"Dur\u00e9e de lecture estim\u00e9e\" \/>\n\t<meta name=\"twitter:data1\" content=\"1 minute\" \/>\n<script type=\"application\/ld+json\" class=\"yoast-schema-graph\">{\"@context\":\"https:\/\/schema.org\",\"@graph\":[{\"@type\":\"WebPage\",\"@id\":\"https:\/\/adcelectronique.com\/index.php\/product\/driver-moteur-pas-a-pas-a4988\/\",\"url\":\"https:\/\/adcelectronique.com\/index.php\/product\/driver-moteur-pas-a-pas-a4988\/\",\"name\":\"DRIVER MOTEUR PAS A PAS A4988 - ADC Electronique\",\"isPartOf\":{\"@id\":\"https:\/\/adcelectronique.com\/#website\"},\"primaryImageOfPage\":{\"@id\":\"https:\/\/adcelectronique.com\/index.php\/product\/driver-moteur-pas-a-pas-a4988\/#primaryimage\"},\"image\":{\"@id\":\"https:\/\/adcelectronique.com\/index.php\/product\/driver-moteur-pas-a-pas-a4988\/#primaryimage\"},\"thumbnailUrl\":\"https:\/\/adcelectronique.com\/wp-content\/uploads\/2026\/03\/img20210901190523558872789.jpeg\",\"datePublished\":\"2026-03-04T10:24:19+00:00\",\"dateModified\":\"2026-03-04T10:24:20+00:00\",\"breadcrumb\":{\"@id\":\"https:\/\/adcelectronique.com\/index.php\/product\/driver-moteur-pas-a-pas-a4988\/#breadcrumb\"},\"inLanguage\":\"fr-FR\",\"potentialAction\":[{\"@type\":\"ReadAction\",\"target\":[\"https:\/\/adcelectronique.com\/index.php\/product\/driver-moteur-pas-a-pas-a4988\/\"]}]},{\"@type\":\"ImageObject\",\"inLanguage\":\"fr-FR\",\"@id\":\"https:\/\/adcelectronique.com\/index.php\/product\/driver-moteur-pas-a-pas-a4988\/#primaryimage\",\"url\":\"https:\/\/adcelectronique.com\/wp-content\/uploads\/2026\/03\/img20210901190523558872789.jpeg\",\"contentUrl\":\"https:\/\/adcelectronique.com\/wp-content\/uploads\/2026\/03\/img20210901190523558872789.jpeg\",\"width\":600,\"height\":600},{\"@type\":\"BreadcrumbList\",\"@id\":\"https:\/\/adcelectronique.com\/index.php\/product\/driver-moteur-pas-a-pas-a4988\/#breadcrumb\",\"itemListElement\":[{\"@type\":\"ListItem\",\"position\":1,\"name\":\"Home\",\"item\":\"https:\/\/adcelectronique.com\/\"},{\"@type\":\"ListItem\",\"position\":2,\"name\":\"Shop\",\"item\":\"https:\/\/adcelectronique.com\/index.php\/shop\/\"},{\"@type\":\"ListItem\",\"position\":3,\"name\":\"DRIVER MOTEUR PAS A PAS A4988\"}]},{\"@type\":\"WebSite\",\"@id\":\"https:\/\/adcelectronique.com\/#website\",\"url\":\"https:\/\/adcelectronique.com\/\",\"name\":\"ADC Electronique\",\"description\":\"\",\"potentialAction\":[{\"@type\":\"SearchAction\",\"target\":{\"@type\":\"EntryPoint\",\"urlTemplate\":\"https:\/\/adcelectronique.com\/?s={search_term_string}\"},\"query-input\":{\"@type\":\"PropertyValueSpecification\",\"valueRequired\":true,\"valueName\":\"search_term_string\"}}],\"inLanguage\":\"fr-FR\"}]}<\/script>\n<!-- \/ Yoast SEO Premium plugin. -->","yoast_head_json":{"title":"DRIVER MOTEUR PAS A PAS A4988 - ADC Electronique","robots":{"index":"index","follow":"follow","max-snippet":"max-snippet:-1","max-image-preview":"max-image-preview:large","max-video-preview":"max-video-preview:-1"},"canonical":"https:\/\/adcelectronique.com\/index.php\/product\/driver-moteur-pas-a-pas-a4988\/","og_locale":"fr_FR","og_type":"article","og_title":"DRIVER MOTEUR PAS A PAS A4988","og_description":"Le A4988 est un driver tr\u00e8s populaire pour contr\u00f4ler des moteurs pas \u00e0 pas bipolaires. Il permet de contr\u00f4ler la vitesse, la direction et le micro-pas du moteur.","og_url":"https:\/\/adcelectronique.com\/index.php\/product\/driver-moteur-pas-a-pas-a4988\/","og_site_name":"ADC Electronique","article_modified_time":"2026-03-04T10:24:20+00:00","og_image":[{"width":600,"height":600,"url":"https:\/\/adcelectronique.com\/wp-content\/uploads\/2026\/03\/img20210901190523558872789.jpeg","type":"image\/jpeg"}],"twitter_card":"summary_large_image","twitter_misc":{"Dur\u00e9e de lecture estim\u00e9e":"1 minute"},"schema":{"@context":"https:\/\/schema.org","@graph":[{"@type":"WebPage","@id":"https:\/\/adcelectronique.com\/index.php\/product\/driver-moteur-pas-a-pas-a4988\/","url":"https:\/\/adcelectronique.com\/index.php\/product\/driver-moteur-pas-a-pas-a4988\/","name":"DRIVER MOTEUR PAS A PAS A4988 - ADC Electronique","isPartOf":{"@id":"https:\/\/adcelectronique.com\/#website"},"primaryImageOfPage":{"@id":"https:\/\/adcelectronique.com\/index.php\/product\/driver-moteur-pas-a-pas-a4988\/#primaryimage"},"image":{"@id":"https:\/\/adcelectronique.com\/index.php\/product\/driver-moteur-pas-a-pas-a4988\/#primaryimage"},"thumbnailUrl":"https:\/\/adcelectronique.com\/wp-content\/uploads\/2026\/03\/img20210901190523558872789.jpeg","datePublished":"2026-03-04T10:24:19+00:00","dateModified":"2026-03-04T10:24:20+00:00","breadcrumb":{"@id":"https:\/\/adcelectronique.com\/index.php\/product\/driver-moteur-pas-a-pas-a4988\/#breadcrumb"},"inLanguage":"fr-FR","potentialAction":[{"@type":"ReadAction","target":["https:\/\/adcelectronique.com\/index.php\/product\/driver-moteur-pas-a-pas-a4988\/"]}]},{"@type":"ImageObject","inLanguage":"fr-FR","@id":"https:\/\/adcelectronique.com\/index.php\/product\/driver-moteur-pas-a-pas-a4988\/#primaryimage","url":"https:\/\/adcelectronique.com\/wp-content\/uploads\/2026\/03\/img20210901190523558872789.jpeg","contentUrl":"https:\/\/adcelectronique.com\/wp-content\/uploads\/2026\/03\/img20210901190523558872789.jpeg","width":600,"height":600},{"@type":"BreadcrumbList","@id":"https:\/\/adcelectronique.com\/index.php\/product\/driver-moteur-pas-a-pas-a4988\/#breadcrumb","itemListElement":[{"@type":"ListItem","position":1,"name":"Home","item":"https:\/\/adcelectronique.com\/"},{"@type":"ListItem","position":2,"name":"Shop","item":"https:\/\/adcelectronique.com\/index.php\/shop\/"},{"@type":"ListItem","position":3,"name":"DRIVER MOTEUR PAS A PAS A4988"}]},{"@type":"WebSite","@id":"https:\/\/adcelectronique.com\/#website","url":"https:\/\/adcelectronique.com\/","name":"ADC Electronique","description":"","potentialAction":[{"@type":"SearchAction","target":{"@type":"EntryPoint","urlTemplate":"https:\/\/adcelectronique.com\/?s={search_term_string}"},"query-input":{"@type":"PropertyValueSpecification","valueRequired":true,"valueName":"search_term_string"}}],"inLanguage":"fr-FR"}]}},"_links":{"self":[{"href":"https:\/\/adcelectronique.com\/index.php\/wp-json\/wp\/v2\/product\/10924","targetHints":{"allow":["GET"]}}],"collection":[{"href":"https:\/\/adcelectronique.com\/index.php\/wp-json\/wp\/v2\/product"}],"about":[{"href":"https:\/\/adcelectronique.com\/index.php\/wp-json\/wp\/v2\/types\/product"}],"replies":[{"embeddable":true,"href":"https:\/\/adcelectronique.com\/index.php\/wp-json\/wp\/v2\/comments?post=10924"}],"version-history":[{"count":0,"href":"https:\/\/adcelectronique.com\/index.php\/wp-json\/wp\/v2\/product\/10924\/revisions"}],"wp:featuredmedia":[{"embeddable":true,"href":"https:\/\/adcelectronique.com\/index.php\/wp-json\/wp\/v2\/media\/10926"}],"wp:attachment":[{"href":"https:\/\/adcelectronique.com\/index.php\/wp-json\/wp\/v2\/media?parent=10924"}],"wp:term":[{"taxonomy":"product_brand","embeddable":true,"href":"https:\/\/adcelectronique.com\/index.php\/wp-json\/wp\/v2\/product_brand?post=10924"},{"taxonomy":"product_cat","embeddable":true,"href":"https:\/\/adcelectronique.com\/index.php\/wp-json\/wp\/v2\/product_cat?post=10924"},{"taxonomy":"product_tag","embeddable":true,"href":"https:\/\/adcelectronique.com\/index.php\/wp-json\/wp\/v2\/product_tag?post=10924"}],"curies":[{"name":"wp","href":"https:\/\/api.w.org\/{rel}","templated":true}]}}