{"id":10932,"date":"2026-03-04T10:35:22","date_gmt":"2026-03-04T10:35:22","guid":{"rendered":"https:\/\/adcelectronique.com\/?post_type=product&#038;p=10932"},"modified":"2026-03-04T10:35:23","modified_gmt":"2026-03-04T10:35:23","slug":"servo-moteur-mg909g","status":"publish","type":"product","link":"https:\/\/adcelectronique.com\/index.php\/product\/servo-moteur-mg909g\/","title":{"rendered":"SERVO MOTEUR MG909G"},"content":{"rendered":"<p>Le <strong data-start=\"1428\" data-end=\"1437\">MG909G<\/strong>\u00a0est un des servos les plus populaires pour petits projets \u00e9lectroniques ou robots \u2014 il remplace tr\u00e8s souvent le servo SG90 mais avec engrenages <strong data-start=\"1582\" data-end=\"1597\">m\u00e9talliques<\/strong><\/p>\n<h3 data-start=\"372\" data-end=\"427\">\ud83d\udee0\ufe0f Caract\u00e9ristiques principales du <strong data-start=\"412\" data-end=\"427\">servo MG90S<\/strong><\/h3>\n<ul data-start=\"428\" data-end=\"1405\">\n<li data-start=\"428\" data-end=\"574\">\n<p data-start=\"430\" data-end=\"574\">\ud83d\udccf <strong data-start=\"433\" data-end=\"443\">Type :<\/strong> Micro servomoteur \u00e0 engrenages m\u00e9talliques (analogique ou parfois num\u00e9rique selon version)<\/p>\n<\/li>\n<li data-start=\"575\" data-end=\"659\">\n<p data-start=\"577\" data-end=\"659\">\ud83d\udce6 <strong data-start=\"580\" data-end=\"596\">Dimensions :<\/strong> ~22,6\u202f\u00d7\u202f12,2\u202f\u00d7\u202f28,5\u202fmm<\/p>\n<\/li>\n<li data-start=\"660\" data-end=\"722\">\n<p data-start=\"662\" data-end=\"722\">\u2696\ufe0f <strong data-start=\"665\" data-end=\"676\">Poids :<\/strong> ~13\u202fg<\/p>\n<\/li>\n<li data-start=\"723\" data-end=\"814\">\n<p data-start=\"725\" data-end=\"814\">\ud83d\udd0c <strong data-start=\"728\" data-end=\"759\">Tension de fonctionnement :<\/strong> 4,8\u202fV \u00e0 6\u202fV DC<\/p>\n<\/li>\n<li data-start=\"815\" data-end=\"940\">\n<p data-start=\"817\" data-end=\"840\">\u2699\ufe0f <strong data-start=\"820\" data-end=\"840\">Couple maximum :<\/strong><\/p>\n<ul data-start=\"843\" data-end=\"940\">\n<li data-start=\"843\" data-end=\"871\">\n<p data-start=\"845\" data-end=\"871\">~1,6\u20131,8\u202fkg\u00b7cm \u00e0 <strong data-start=\"862\" data-end=\"871\">4,8\u202fV<\/strong><\/p>\n<\/li>\n<li data-start=\"874\" data-end=\"940\">\n<p data-start=\"876\" data-end=\"940\">~2,0\u20132,2\u202fkg\u00b7cm \u00e0 <strong data-start=\"893\" data-end=\"900\">6\u202fV<\/strong><\/p>\n<\/li>\n<\/ul>\n<\/li>\n<li data-start=\"941\" data-end=\"1049\">\n<p data-start=\"943\" data-end=\"959\">\u23f1\ufe0f <strong data-start=\"946\" data-end=\"959\">Vitesse :<\/strong><\/p>\n<ul data-start=\"962\" data-end=\"1049\">\n<li data-start=\"962\" data-end=\"985\">\n<p data-start=\"964\" data-end=\"985\">~0,10\u202fs \/ 60\u00b0 (4,8\u202fV)<\/p>\n<\/li>\n<li data-start=\"988\" data-end=\"1049\">\n<p data-start=\"990\" data-end=\"1049\">~0,08\u202fs \/ 60\u00b0 (6\u202fV)<\/p>\n<\/li>\n<\/ul>\n<\/li>\n<li data-start=\"1050\" data-end=\"1149\">\n<p data-start=\"1052\" data-end=\"1149\">\ud83d\udd04 <strong data-start=\"1055\" data-end=\"1078\">Angle de rotation :<\/strong> ~180\u00b0 pour la version standard<\/p>\n<\/li>\n<li data-start=\"1150\" data-end=\"1260\">\n<p data-start=\"1152\" data-end=\"1260\">\ud83e\udde0 <strong data-start=\"1155\" data-end=\"1169\">Commande :<\/strong> Signal PWM standard des servos RC (type JR\/Futaba)<\/p>\n<\/li>\n<li data-start=\"1261\" data-end=\"1405\">\n<p data-start=\"1263\" data-end=\"1405\">\ud83e\uddf0 <strong data-start=\"1266\" data-end=\"1283\">Utilisation :<\/strong> Robots, bras robotis\u00e9s, drones, mod\u00e8les r\u00e9duits, projets Arduino\/Raspberry Pi, etc.<\/p>\n<\/li>\n<\/ul>\n","protected":false},"excerpt":{"rendered":"<p>Le <strong data-start=\"1428\" data-end=\"1437\">MG909G<\/strong>\u00a0est un des servos les plus populaires pour petits projets \u00e9lectroniques ou robots \u2014 il remplace tr\u00e8s souvent le servo SG90 mais avec engrenages <strong data-start=\"1582\" data-end=\"1597\">m\u00e9talliques<\/strong><\/p>\n","protected":false},"featured_media":10933,"comment_status":"open","ping_status":"closed","template":"","meta":[],"product_brand":[144],"product_cat":[31],"product_tag":[],"class_list":{"0":"post-10932","1":"product","2":"type-product","3":"status-publish","4":"has-post-thumbnail","6":"product_brand-arduino","7":"product_cat-cartes-microcontroleurs","9":"first","10":"instock","11":"shipping-taxable","12":"purchasable","13":"product-type-simple"},"yoast_head":"<!-- This site is optimized with the Yoast SEO Premium plugin v26.2 (Yoast SEO v26.2) - https:\/\/yoast.com\/wordpress\/plugins\/seo\/ -->\n<title>SERVO MOTEUR MG909G - ADC Electronique<\/title>\n<meta name=\"robots\" content=\"index, follow, max-snippet:-1, max-image-preview:large, max-video-preview:-1\" \/>\n<link rel=\"canonical\" href=\"https:\/\/adcelectronique.com\/index.php\/product\/servo-moteur-mg909g\/\" \/>\n<meta property=\"og:locale\" content=\"fr_FR\" \/>\n<meta property=\"og:type\" content=\"article\" \/>\n<meta property=\"og:title\" content=\"SERVO MOTEUR MG909G\" \/>\n<meta property=\"og:description\" content=\"Le MG909G\u00a0est un des servos les plus populaires pour petits projets \u00e9lectroniques ou robots \u2014 il remplace tr\u00e8s souvent le servo SG90 mais avec engrenages m\u00e9talliques\" \/>\n<meta property=\"og:url\" content=\"https:\/\/adcelectronique.com\/index.php\/product\/servo-moteur-mg909g\/\" \/>\n<meta property=\"og:site_name\" content=\"ADC Electronique\" \/>\n<meta property=\"article:modified_time\" content=\"2026-03-04T10:35:23+00:00\" \/>\n<meta property=\"og:image\" content=\"https:\/\/adcelectronique.com\/wp-content\/uploads\/2026\/03\/download-2023-02-28T194842.251.jpg\" \/>\n\t<meta property=\"og:image:width\" content=\"225\" \/>\n\t<meta property=\"og:image:height\" content=\"225\" \/>\n\t<meta property=\"og:image:type\" content=\"image\/jpeg\" \/>\n<meta name=\"twitter:card\" content=\"summary_large_image\" \/>\n<meta name=\"twitter:label1\" content=\"Dur\u00e9e de lecture estim\u00e9e\" \/>\n\t<meta name=\"twitter:data1\" content=\"1 minute\" \/>\n<script type=\"application\/ld+json\" class=\"yoast-schema-graph\">{\"@context\":\"https:\/\/schema.org\",\"@graph\":[{\"@type\":\"WebPage\",\"@id\":\"https:\/\/adcelectronique.com\/index.php\/product\/servo-moteur-mg909g\/\",\"url\":\"https:\/\/adcelectronique.com\/index.php\/product\/servo-moteur-mg909g\/\",\"name\":\"SERVO MOTEUR MG909G - ADC Electronique\",\"isPartOf\":{\"@id\":\"https:\/\/adcelectronique.com\/#website\"},\"primaryImageOfPage\":{\"@id\":\"https:\/\/adcelectronique.com\/index.php\/product\/servo-moteur-mg909g\/#primaryimage\"},\"image\":{\"@id\":\"https:\/\/adcelectronique.com\/index.php\/product\/servo-moteur-mg909g\/#primaryimage\"},\"thumbnailUrl\":\"https:\/\/adcelectronique.com\/wp-content\/uploads\/2026\/03\/download-2023-02-28T194842.251.jpg\",\"datePublished\":\"2026-03-04T10:35:22+00:00\",\"dateModified\":\"2026-03-04T10:35:23+00:00\",\"breadcrumb\":{\"@id\":\"https:\/\/adcelectronique.com\/index.php\/product\/servo-moteur-mg909g\/#breadcrumb\"},\"inLanguage\":\"fr-FR\",\"potentialAction\":[{\"@type\":\"ReadAction\",\"target\":[\"https:\/\/adcelectronique.com\/index.php\/product\/servo-moteur-mg909g\/\"]}]},{\"@type\":\"ImageObject\",\"inLanguage\":\"fr-FR\",\"@id\":\"https:\/\/adcelectronique.com\/index.php\/product\/servo-moteur-mg909g\/#primaryimage\",\"url\":\"https:\/\/adcelectronique.com\/wp-content\/uploads\/2026\/03\/download-2023-02-28T194842.251.jpg\",\"contentUrl\":\"https:\/\/adcelectronique.com\/wp-content\/uploads\/2026\/03\/download-2023-02-28T194842.251.jpg\",\"width\":225,\"height\":225},{\"@type\":\"BreadcrumbList\",\"@id\":\"https:\/\/adcelectronique.com\/index.php\/product\/servo-moteur-mg909g\/#breadcrumb\",\"itemListElement\":[{\"@type\":\"ListItem\",\"position\":1,\"name\":\"Home\",\"item\":\"https:\/\/adcelectronique.com\/\"},{\"@type\":\"ListItem\",\"position\":2,\"name\":\"Shop\",\"item\":\"https:\/\/adcelectronique.com\/index.php\/shop\/\"},{\"@type\":\"ListItem\",\"position\":3,\"name\":\"SERVO MOTEUR MG909G\"}]},{\"@type\":\"WebSite\",\"@id\":\"https:\/\/adcelectronique.com\/#website\",\"url\":\"https:\/\/adcelectronique.com\/\",\"name\":\"ADC Electronique\",\"description\":\"\",\"potentialAction\":[{\"@type\":\"SearchAction\",\"target\":{\"@type\":\"EntryPoint\",\"urlTemplate\":\"https:\/\/adcelectronique.com\/?s={search_term_string}\"},\"query-input\":{\"@type\":\"PropertyValueSpecification\",\"valueRequired\":true,\"valueName\":\"search_term_string\"}}],\"inLanguage\":\"fr-FR\"}]}<\/script>\n<!-- \/ Yoast SEO Premium plugin. -->","yoast_head_json":{"title":"SERVO MOTEUR MG909G - ADC Electronique","robots":{"index":"index","follow":"follow","max-snippet":"max-snippet:-1","max-image-preview":"max-image-preview:large","max-video-preview":"max-video-preview:-1"},"canonical":"https:\/\/adcelectronique.com\/index.php\/product\/servo-moteur-mg909g\/","og_locale":"fr_FR","og_type":"article","og_title":"SERVO MOTEUR MG909G","og_description":"Le MG909G\u00a0est un des servos les plus populaires pour petits projets \u00e9lectroniques ou robots \u2014 il remplace tr\u00e8s souvent le servo SG90 mais avec engrenages m\u00e9talliques","og_url":"https:\/\/adcelectronique.com\/index.php\/product\/servo-moteur-mg909g\/","og_site_name":"ADC Electronique","article_modified_time":"2026-03-04T10:35:23+00:00","og_image":[{"width":225,"height":225,"url":"https:\/\/adcelectronique.com\/wp-content\/uploads\/2026\/03\/download-2023-02-28T194842.251.jpg","type":"image\/jpeg"}],"twitter_card":"summary_large_image","twitter_misc":{"Dur\u00e9e de lecture estim\u00e9e":"1 minute"},"schema":{"@context":"https:\/\/schema.org","@graph":[{"@type":"WebPage","@id":"https:\/\/adcelectronique.com\/index.php\/product\/servo-moteur-mg909g\/","url":"https:\/\/adcelectronique.com\/index.php\/product\/servo-moteur-mg909g\/","name":"SERVO MOTEUR MG909G - ADC Electronique","isPartOf":{"@id":"https:\/\/adcelectronique.com\/#website"},"primaryImageOfPage":{"@id":"https:\/\/adcelectronique.com\/index.php\/product\/servo-moteur-mg909g\/#primaryimage"},"image":{"@id":"https:\/\/adcelectronique.com\/index.php\/product\/servo-moteur-mg909g\/#primaryimage"},"thumbnailUrl":"https:\/\/adcelectronique.com\/wp-content\/uploads\/2026\/03\/download-2023-02-28T194842.251.jpg","datePublished":"2026-03-04T10:35:22+00:00","dateModified":"2026-03-04T10:35:23+00:00","breadcrumb":{"@id":"https:\/\/adcelectronique.com\/index.php\/product\/servo-moteur-mg909g\/#breadcrumb"},"inLanguage":"fr-FR","potentialAction":[{"@type":"ReadAction","target":["https:\/\/adcelectronique.com\/index.php\/product\/servo-moteur-mg909g\/"]}]},{"@type":"ImageObject","inLanguage":"fr-FR","@id":"https:\/\/adcelectronique.com\/index.php\/product\/servo-moteur-mg909g\/#primaryimage","url":"https:\/\/adcelectronique.com\/wp-content\/uploads\/2026\/03\/download-2023-02-28T194842.251.jpg","contentUrl":"https:\/\/adcelectronique.com\/wp-content\/uploads\/2026\/03\/download-2023-02-28T194842.251.jpg","width":225,"height":225},{"@type":"BreadcrumbList","@id":"https:\/\/adcelectronique.com\/index.php\/product\/servo-moteur-mg909g\/#breadcrumb","itemListElement":[{"@type":"ListItem","position":1,"name":"Home","item":"https:\/\/adcelectronique.com\/"},{"@type":"ListItem","position":2,"name":"Shop","item":"https:\/\/adcelectronique.com\/index.php\/shop\/"},{"@type":"ListItem","position":3,"name":"SERVO MOTEUR MG909G"}]},{"@type":"WebSite","@id":"https:\/\/adcelectronique.com\/#website","url":"https:\/\/adcelectronique.com\/","name":"ADC Electronique","description":"","potentialAction":[{"@type":"SearchAction","target":{"@type":"EntryPoint","urlTemplate":"https:\/\/adcelectronique.com\/?s={search_term_string}"},"query-input":{"@type":"PropertyValueSpecification","valueRequired":true,"valueName":"search_term_string"}}],"inLanguage":"fr-FR"}]}},"_links":{"self":[{"href":"https:\/\/adcelectronique.com\/index.php\/wp-json\/wp\/v2\/product\/10932","targetHints":{"allow":["GET"]}}],"collection":[{"href":"https:\/\/adcelectronique.com\/index.php\/wp-json\/wp\/v2\/product"}],"about":[{"href":"https:\/\/adcelectronique.com\/index.php\/wp-json\/wp\/v2\/types\/product"}],"replies":[{"embeddable":true,"href":"https:\/\/adcelectronique.com\/index.php\/wp-json\/wp\/v2\/comments?post=10932"}],"version-history":[{"count":0,"href":"https:\/\/adcelectronique.com\/index.php\/wp-json\/wp\/v2\/product\/10932\/revisions"}],"wp:featuredmedia":[{"embeddable":true,"href":"https:\/\/adcelectronique.com\/index.php\/wp-json\/wp\/v2\/media\/10933"}],"wp:attachment":[{"href":"https:\/\/adcelectronique.com\/index.php\/wp-json\/wp\/v2\/media?parent=10932"}],"wp:term":[{"taxonomy":"product_brand","embeddable":true,"href":"https:\/\/adcelectronique.com\/index.php\/wp-json\/wp\/v2\/product_brand?post=10932"},{"taxonomy":"product_cat","embeddable":true,"href":"https:\/\/adcelectronique.com\/index.php\/wp-json\/wp\/v2\/product_cat?post=10932"},{"taxonomy":"product_tag","embeddable":true,"href":"https:\/\/adcelectronique.com\/index.php\/wp-json\/wp\/v2\/product_tag?post=10932"}],"curies":[{"name":"wp","href":"https:\/\/api.w.org\/{rel}","templated":true}]}}