{"id":10935,"date":"2026-03-04T10:37:53","date_gmt":"2026-03-04T10:37:53","guid":{"rendered":"https:\/\/adcelectronique.com\/?post_type=product&#038;p=10935"},"modified":"2026-03-04T10:37:54","modified_gmt":"2026-03-04T10:37:54","slug":"servo-moteur-mg995","status":"publish","type":"product","link":"https:\/\/adcelectronique.com\/index.php\/product\/servo-moteur-mg995\/","title":{"rendered":"SERVO MOTEUR MG995"},"content":{"rendered":"<h3>\u00a0 \u00a0 \u00a0 \u00a0 \u00a0 \u00a0 \u00a0 \u00a0 \u00a0 \u00a0 \u00a0 \u00a0 \u00a0 \u00a0 \u00a0 \u00a0 \u00a0 \u00a0 \u00a0 \u00a0 \u00a0 \u00a0 \u00a0SERVO MOTEUR MG995<\/h3>\n<p>Le <strong data-start=\"3\" data-end=\"25\">servo moteur MG995<\/strong> est un servo standard tr\u00e8s utilis\u00e9 dans les projets \u00e9lectroniques et de robotique.<\/p>\n<h3 data-start=\"153\" data-end=\"184\">Caract\u00e9ristiques techniques<\/h3>\n<ul data-start=\"185\" data-end=\"575\">\n<li data-start=\"185\" data-end=\"225\">\n<p data-start=\"187\" data-end=\"225\"><strong data-start=\"187\" data-end=\"197\">Type :<\/strong> Servo analogique standard<\/p>\n<\/li>\n<li data-start=\"226\" data-end=\"298\">\n<p data-start=\"228\" data-end=\"298\"><strong data-start=\"228\" data-end=\"240\">Couple :<\/strong> Environ 9\u201310 kg\u00b7cm \u00e0 6 V (tr\u00e8s puissant pour sa taille)<\/p>\n<\/li>\n<li data-start=\"299\" data-end=\"333\">\n<p data-start=\"301\" data-end=\"333\"><strong data-start=\"301\" data-end=\"314\">Vitesse :<\/strong> ~0,2 s\/60\u00b0 \u00e0 6 V<\/p>\n<\/li>\n<li data-start=\"334\" data-end=\"405\">\n<p data-start=\"336\" data-end=\"405\"><strong data-start=\"336\" data-end=\"359\">Angle de rotation :<\/strong> ~180\u00b0 (certains peuvent aller jusqu\u2019\u00e0 210\u00b0)<\/p>\n<\/li>\n<li data-start=\"406\" data-end=\"455\">\n<p data-start=\"408\" data-end=\"455\"><strong data-start=\"408\" data-end=\"439\">Tension de fonctionnement :<\/strong> 4,8 V \u00e0 7,2 V<\/p>\n<\/li>\n<li data-start=\"456\" data-end=\"528\">\n<p data-start=\"458\" data-end=\"528\"><strong data-start=\"458\" data-end=\"471\">Courant :<\/strong> ~500 mA au repos, peut atteindre 1 A ou plus en charge<\/p>\n<\/li>\n<li data-start=\"529\" data-end=\"575\">\n<p data-start=\"531\" data-end=\"575\"><strong data-start=\"531\" data-end=\"548\">Connectique :<\/strong> 3 fils (signal, +V, GND)<\/p>\n<\/li>\n<\/ul>\n","protected":false},"excerpt":{"rendered":"<p>Le <strong data-start=\"3\" data-end=\"25\">servo moteur MG995<\/strong> est un servo standard tr\u00e8s utilis\u00e9 dans les projets \u00e9lectroniques et de robotique.<\/p>\n","protected":false},"featured_media":10936,"comment_status":"open","ping_status":"closed","template":"","meta":[],"product_brand":[144],"product_cat":[31],"product_tag":[],"class_list":{"0":"post-10935","1":"product","2":"type-product","3":"status-publish","4":"has-post-thumbnail","6":"product_brand-arduino","7":"product_cat-cartes-microcontroleurs","9":"first","10":"instock","11":"shipping-taxable","12":"purchasable","13":"product-type-simple"},"yoast_head":"<!-- This site is optimized with the Yoast SEO Premium plugin v26.2 (Yoast SEO v26.2) - https:\/\/yoast.com\/wordpress\/plugins\/seo\/ -->\n<title>SERVO MOTEUR MG995 - ADC Electronique<\/title>\n<meta name=\"robots\" content=\"index, follow, max-snippet:-1, max-image-preview:large, max-video-preview:-1\" \/>\n<link rel=\"canonical\" href=\"https:\/\/adcelectronique.com\/index.php\/product\/servo-moteur-mg995\/\" \/>\n<meta property=\"og:locale\" content=\"fr_FR\" \/>\n<meta property=\"og:type\" content=\"article\" \/>\n<meta property=\"og:title\" content=\"SERVO MOTEUR MG995\" \/>\n<meta property=\"og:description\" content=\"Le servo moteur MG995 est un servo standard tr\u00e8s utilis\u00e9 dans les projets \u00e9lectroniques et de robotique.\" \/>\n<meta property=\"og:url\" content=\"https:\/\/adcelectronique.com\/index.php\/product\/servo-moteur-mg995\/\" \/>\n<meta property=\"og:site_name\" content=\"ADC Electronique\" \/>\n<meta property=\"article:modified_time\" content=\"2026-03-04T10:37:54+00:00\" \/>\n<meta property=\"og:image\" content=\"https:\/\/adcelectronique.com\/wp-content\/uploads\/2026\/03\/ee.png\" \/>\n\t<meta property=\"og:image:width\" content=\"1600\" \/>\n\t<meta property=\"og:image:height\" content=\"1600\" \/>\n\t<meta property=\"og:image:type\" content=\"image\/png\" \/>\n<meta name=\"twitter:card\" content=\"summary_large_image\" \/>\n<meta name=\"twitter:label1\" content=\"Dur\u00e9e de lecture estim\u00e9e\" \/>\n\t<meta name=\"twitter:data1\" content=\"1 minute\" \/>\n<script type=\"application\/ld+json\" class=\"yoast-schema-graph\">{\"@context\":\"https:\/\/schema.org\",\"@graph\":[{\"@type\":\"WebPage\",\"@id\":\"https:\/\/adcelectronique.com\/index.php\/product\/servo-moteur-mg995\/\",\"url\":\"https:\/\/adcelectronique.com\/index.php\/product\/servo-moteur-mg995\/\",\"name\":\"SERVO MOTEUR MG995 - ADC Electronique\",\"isPartOf\":{\"@id\":\"https:\/\/adcelectronique.com\/#website\"},\"primaryImageOfPage\":{\"@id\":\"https:\/\/adcelectronique.com\/index.php\/product\/servo-moteur-mg995\/#primaryimage\"},\"image\":{\"@id\":\"https:\/\/adcelectronique.com\/index.php\/product\/servo-moteur-mg995\/#primaryimage\"},\"thumbnailUrl\":\"https:\/\/adcelectronique.com\/wp-content\/uploads\/2026\/03\/ee.png\",\"datePublished\":\"2026-03-04T10:37:53+00:00\",\"dateModified\":\"2026-03-04T10:37:54+00:00\",\"breadcrumb\":{\"@id\":\"https:\/\/adcelectronique.com\/index.php\/product\/servo-moteur-mg995\/#breadcrumb\"},\"inLanguage\":\"fr-FR\",\"potentialAction\":[{\"@type\":\"ReadAction\",\"target\":[\"https:\/\/adcelectronique.com\/index.php\/product\/servo-moteur-mg995\/\"]}]},{\"@type\":\"ImageObject\",\"inLanguage\":\"fr-FR\",\"@id\":\"https:\/\/adcelectronique.com\/index.php\/product\/servo-moteur-mg995\/#primaryimage\",\"url\":\"https:\/\/adcelectronique.com\/wp-content\/uploads\/2026\/03\/ee.png\",\"contentUrl\":\"https:\/\/adcelectronique.com\/wp-content\/uploads\/2026\/03\/ee.png\",\"width\":1600,\"height\":1600},{\"@type\":\"BreadcrumbList\",\"@id\":\"https:\/\/adcelectronique.com\/index.php\/product\/servo-moteur-mg995\/#breadcrumb\",\"itemListElement\":[{\"@type\":\"ListItem\",\"position\":1,\"name\":\"Home\",\"item\":\"https:\/\/adcelectronique.com\/\"},{\"@type\":\"ListItem\",\"position\":2,\"name\":\"Shop\",\"item\":\"https:\/\/adcelectronique.com\/index.php\/shop\/\"},{\"@type\":\"ListItem\",\"position\":3,\"name\":\"SERVO MOTEUR MG995\"}]},{\"@type\":\"WebSite\",\"@id\":\"https:\/\/adcelectronique.com\/#website\",\"url\":\"https:\/\/adcelectronique.com\/\",\"name\":\"ADC Electronique\",\"description\":\"\",\"potentialAction\":[{\"@type\":\"SearchAction\",\"target\":{\"@type\":\"EntryPoint\",\"urlTemplate\":\"https:\/\/adcelectronique.com\/?s={search_term_string}\"},\"query-input\":{\"@type\":\"PropertyValueSpecification\",\"valueRequired\":true,\"valueName\":\"search_term_string\"}}],\"inLanguage\":\"fr-FR\"}]}<\/script>\n<!-- \/ Yoast SEO Premium plugin. -->","yoast_head_json":{"title":"SERVO MOTEUR MG995 - ADC Electronique","robots":{"index":"index","follow":"follow","max-snippet":"max-snippet:-1","max-image-preview":"max-image-preview:large","max-video-preview":"max-video-preview:-1"},"canonical":"https:\/\/adcelectronique.com\/index.php\/product\/servo-moteur-mg995\/","og_locale":"fr_FR","og_type":"article","og_title":"SERVO MOTEUR MG995","og_description":"Le servo moteur MG995 est un servo standard tr\u00e8s utilis\u00e9 dans les projets \u00e9lectroniques et de robotique.","og_url":"https:\/\/adcelectronique.com\/index.php\/product\/servo-moteur-mg995\/","og_site_name":"ADC Electronique","article_modified_time":"2026-03-04T10:37:54+00:00","og_image":[{"width":1600,"height":1600,"url":"https:\/\/adcelectronique.com\/wp-content\/uploads\/2026\/03\/ee.png","type":"image\/png"}],"twitter_card":"summary_large_image","twitter_misc":{"Dur\u00e9e de lecture estim\u00e9e":"1 minute"},"schema":{"@context":"https:\/\/schema.org","@graph":[{"@type":"WebPage","@id":"https:\/\/adcelectronique.com\/index.php\/product\/servo-moteur-mg995\/","url":"https:\/\/adcelectronique.com\/index.php\/product\/servo-moteur-mg995\/","name":"SERVO MOTEUR MG995 - ADC Electronique","isPartOf":{"@id":"https:\/\/adcelectronique.com\/#website"},"primaryImageOfPage":{"@id":"https:\/\/adcelectronique.com\/index.php\/product\/servo-moteur-mg995\/#primaryimage"},"image":{"@id":"https:\/\/adcelectronique.com\/index.php\/product\/servo-moteur-mg995\/#primaryimage"},"thumbnailUrl":"https:\/\/adcelectronique.com\/wp-content\/uploads\/2026\/03\/ee.png","datePublished":"2026-03-04T10:37:53+00:00","dateModified":"2026-03-04T10:37:54+00:00","breadcrumb":{"@id":"https:\/\/adcelectronique.com\/index.php\/product\/servo-moteur-mg995\/#breadcrumb"},"inLanguage":"fr-FR","potentialAction":[{"@type":"ReadAction","target":["https:\/\/adcelectronique.com\/index.php\/product\/servo-moteur-mg995\/"]}]},{"@type":"ImageObject","inLanguage":"fr-FR","@id":"https:\/\/adcelectronique.com\/index.php\/product\/servo-moteur-mg995\/#primaryimage","url":"https:\/\/adcelectronique.com\/wp-content\/uploads\/2026\/03\/ee.png","contentUrl":"https:\/\/adcelectronique.com\/wp-content\/uploads\/2026\/03\/ee.png","width":1600,"height":1600},{"@type":"BreadcrumbList","@id":"https:\/\/adcelectronique.com\/index.php\/product\/servo-moteur-mg995\/#breadcrumb","itemListElement":[{"@type":"ListItem","position":1,"name":"Home","item":"https:\/\/adcelectronique.com\/"},{"@type":"ListItem","position":2,"name":"Shop","item":"https:\/\/adcelectronique.com\/index.php\/shop\/"},{"@type":"ListItem","position":3,"name":"SERVO MOTEUR MG995"}]},{"@type":"WebSite","@id":"https:\/\/adcelectronique.com\/#website","url":"https:\/\/adcelectronique.com\/","name":"ADC Electronique","description":"","potentialAction":[{"@type":"SearchAction","target":{"@type":"EntryPoint","urlTemplate":"https:\/\/adcelectronique.com\/?s={search_term_string}"},"query-input":{"@type":"PropertyValueSpecification","valueRequired":true,"valueName":"search_term_string"}}],"inLanguage":"fr-FR"}]}},"_links":{"self":[{"href":"https:\/\/adcelectronique.com\/index.php\/wp-json\/wp\/v2\/product\/10935","targetHints":{"allow":["GET"]}}],"collection":[{"href":"https:\/\/adcelectronique.com\/index.php\/wp-json\/wp\/v2\/product"}],"about":[{"href":"https:\/\/adcelectronique.com\/index.php\/wp-json\/wp\/v2\/types\/product"}],"replies":[{"embeddable":true,"href":"https:\/\/adcelectronique.com\/index.php\/wp-json\/wp\/v2\/comments?post=10935"}],"version-history":[{"count":0,"href":"https:\/\/adcelectronique.com\/index.php\/wp-json\/wp\/v2\/product\/10935\/revisions"}],"wp:featuredmedia":[{"embeddable":true,"href":"https:\/\/adcelectronique.com\/index.php\/wp-json\/wp\/v2\/media\/10936"}],"wp:attachment":[{"href":"https:\/\/adcelectronique.com\/index.php\/wp-json\/wp\/v2\/media?parent=10935"}],"wp:term":[{"taxonomy":"product_brand","embeddable":true,"href":"https:\/\/adcelectronique.com\/index.php\/wp-json\/wp\/v2\/product_brand?post=10935"},{"taxonomy":"product_cat","embeddable":true,"href":"https:\/\/adcelectronique.com\/index.php\/wp-json\/wp\/v2\/product_cat?post=10935"},{"taxonomy":"product_tag","embeddable":true,"href":"https:\/\/adcelectronique.com\/index.php\/wp-json\/wp\/v2\/product_tag?post=10935"}],"curies":[{"name":"wp","href":"https:\/\/api.w.org\/{rel}","templated":true}]}}