{"id":10943,"date":"2026-03-04T10:45:42","date_gmt":"2026-03-04T10:45:42","guid":{"rendered":"https:\/\/adcelectronique.com\/?post_type=product&#038;p=10943"},"modified":"2026-03-04T10:45:43","modified_gmt":"2026-03-04T10:45:43","slug":"circuit-de-commande-a-double-mosfet-5v-36-15-a-400w","status":"publish","type":"product","link":"https:\/\/adcelectronique.com\/index.php\/product\/circuit-de-commande-a-double-mosfet-5v-36-15-a-400w\/","title":{"rendered":"CIRCUIT DE COMMANDE A DOUBLE MOSFET 5V 36 15 A 400W"},"content":{"rendered":"<h3>\u00a0 \u00a0 \u00a0 \u00a0 \u00a0 \u00a0 \u00a0 CIRCUIT DE COMMANDE A DOUBLE MOSFET 5V 36 15 A 400W<\/h3>\n<p>La carte est compos\u00e9e d&rsquo;un puissant module de commande MOS \u00e0 d\u00e9clenchement et d&rsquo;une platine de contr\u00f4le avec effet de champ pour r\u00e9gler l&rsquo;interrupteur \u00e9lectronique.<\/p>\n<p>Il utilise une double sortie parall\u00e8le active MOS pour obtenir une r\u00e9sistance interne plus faible, un courant \u00e9lectrique plus \u00e9lev\u00e9 et une performance plus \u00e9lev\u00e9e. En outre, il fonctionne avec 15 A et 400 W \u00e0 temp\u00e9rature normale, ce qui convient \u00e0 la plupart des appareils et permet de contr\u00f4ler des appareils \u00e0 grande puissance de mani\u00e8re d\u00e9tendue.<\/p>\n<h6>Caract\u00e9ristiques techniques :<\/h6>\n<p>Tension de fonctionnement : DC 5 V &#8211; 36 V.<br \/>\nSource de d\u00e9clenchement : High -Low num\u00e9rique (DC3,3 V &#8211; 20 V), peut \u00eatre connect\u00e9 au microcontr\u00f4leur de port IO, aux interfaces SPS, \u00e0 la puissance CC, vous pouvez utiliser le signal PWM, la fr\u00e9quence du signal 0-20 KHz.<br \/>\nCapacit\u00e9 de la puissance de sortie : DC 5 V &#8211; 36 V, \u00e0 temp\u00e9rature ambiante, courant continu 15 A, puissance 400 W, conditions de refroidissement am\u00e9lior\u00e9es, courant maximal jusqu&rsquo;\u00e0 30 A.<br \/>\nApplications : vous pouvez contr\u00f4ler la sortie des appareils \u00e9lectriques, moteurs, ampoules, lampes LED, moteurs CC, micro pompes, \u00e9lectrovannes, etc. Vous pouvez entrer PWM, vitesse de rotation du moteur, luminosit\u00e9 de la lampe et ainsi de suite.<br \/>\nTemp\u00e9rature de fonctionnement : -40 \u00e0 85 \u00b0C.<br \/>\nDimensions (L x l x h) : 34 x 17 x 12 mm.<\/p>\n","protected":false},"excerpt":{"rendered":"<p>La carte est compos\u00e9e d&rsquo;un puissant module de commande MOS \u00e0 d\u00e9clenchement et d&rsquo;une platine de contr\u00f4le avec effet de champ pour r\u00e9gler l&rsquo;interrupteur \u00e9lectronique.<\/p>\n<p>Il utilise une double sortie parall\u00e8le active MOS pour obtenir une r\u00e9sistance interne plus faible, un courant \u00e9lectrique plus \u00e9lev\u00e9 et une performance plus \u00e9lev\u00e9e. En outre, il fonctionne avec 15 A et 400 W \u00e0 temp\u00e9rature normale, ce qui convient \u00e0 la plupart des appareils et permet de contr\u00f4ler des appareils \u00e0 grande puissance de mani\u00e8re d\u00e9tendue.<\/p>\n","protected":false},"featured_media":10944,"comment_status":"open","ping_status":"closed","template":"","meta":[],"product_brand":[144],"product_cat":[31],"product_tag":[],"class_list":{"0":"post-10943","1":"product","2":"type-product","3":"status-publish","4":"has-post-thumbnail","6":"product_brand-arduino","7":"product_cat-cartes-microcontroleurs","9":"first","10":"instock","11":"shipping-taxable","12":"purchasable","13":"product-type-simple"},"yoast_head":"<!-- This site is optimized with the Yoast SEO Premium plugin v26.2 (Yoast SEO v26.2) - https:\/\/yoast.com\/wordpress\/plugins\/seo\/ -->\n<title>CIRCUIT DE COMMANDE A DOUBLE MOSFET 5V 36 15 A 400W - ADC Electronique<\/title>\n<meta name=\"robots\" content=\"index, follow, max-snippet:-1, max-image-preview:large, max-video-preview:-1\" \/>\n<link rel=\"canonical\" href=\"https:\/\/adcelectronique.com\/index.php\/product\/circuit-de-commande-a-double-mosfet-5v-36-15-a-400w\/\" \/>\n<meta property=\"og:locale\" content=\"fr_FR\" \/>\n<meta property=\"og:type\" content=\"article\" \/>\n<meta property=\"og:title\" content=\"CIRCUIT DE COMMANDE A DOUBLE MOSFET 5V 36 15 A 400W\" \/>\n<meta property=\"og:description\" content=\"La carte est compos\u00e9e d&#039;un puissant module de commande MOS \u00e0 d\u00e9clenchement et d&#039;une platine de contr\u00f4le avec effet de champ pour r\u00e9gler l&#039;interrupteur \u00e9lectronique.  Il utilise une double sortie parall\u00e8le active MOS pour obtenir une r\u00e9sistance interne plus faible, un courant \u00e9lectrique plus \u00e9lev\u00e9 et une performance plus \u00e9lev\u00e9e. En outre, il fonctionne avec 15 A et 400 W \u00e0 temp\u00e9rature normale, ce qui convient \u00e0 la plupart des appareils et permet de contr\u00f4ler des appareils \u00e0 grande puissance de mani\u00e8re d\u00e9tendue.\" \/>\n<meta property=\"og:url\" content=\"https:\/\/adcelectronique.com\/index.php\/product\/circuit-de-commande-a-double-mosfet-5v-36-15-a-400w\/\" \/>\n<meta property=\"og:site_name\" content=\"ADC Electronique\" \/>\n<meta property=\"article:modified_time\" content=\"2026-03-04T10:45:43+00:00\" \/>\n<meta property=\"og:image\" content=\"https:\/\/adcelectronique.com\/wp-content\/uploads\/2026\/03\/51irz-5FdL.jpg\" \/>\n\t<meta property=\"og:image:width\" content=\"800\" \/>\n\t<meta property=\"og:image:height\" content=\"800\" \/>\n\t<meta property=\"og:image:type\" content=\"image\/jpeg\" \/>\n<meta name=\"twitter:card\" content=\"summary_large_image\" \/>\n<meta name=\"twitter:label1\" content=\"Dur\u00e9e de lecture estim\u00e9e\" \/>\n\t<meta name=\"twitter:data1\" content=\"2 minutes\" \/>\n<script type=\"application\/ld+json\" class=\"yoast-schema-graph\">{\"@context\":\"https:\/\/schema.org\",\"@graph\":[{\"@type\":\"WebPage\",\"@id\":\"https:\/\/adcelectronique.com\/index.php\/product\/circuit-de-commande-a-double-mosfet-5v-36-15-a-400w\/\",\"url\":\"https:\/\/adcelectronique.com\/index.php\/product\/circuit-de-commande-a-double-mosfet-5v-36-15-a-400w\/\",\"name\":\"CIRCUIT DE COMMANDE A DOUBLE MOSFET 5V 36 15 A 400W - ADC Electronique\",\"isPartOf\":{\"@id\":\"https:\/\/adcelectronique.com\/#website\"},\"primaryImageOfPage\":{\"@id\":\"https:\/\/adcelectronique.com\/index.php\/product\/circuit-de-commande-a-double-mosfet-5v-36-15-a-400w\/#primaryimage\"},\"image\":{\"@id\":\"https:\/\/adcelectronique.com\/index.php\/product\/circuit-de-commande-a-double-mosfet-5v-36-15-a-400w\/#primaryimage\"},\"thumbnailUrl\":\"https:\/\/adcelectronique.com\/wp-content\/uploads\/2026\/03\/51irz-5FdL.jpg\",\"datePublished\":\"2026-03-04T10:45:42+00:00\",\"dateModified\":\"2026-03-04T10:45:43+00:00\",\"breadcrumb\":{\"@id\":\"https:\/\/adcelectronique.com\/index.php\/product\/circuit-de-commande-a-double-mosfet-5v-36-15-a-400w\/#breadcrumb\"},\"inLanguage\":\"fr-FR\",\"potentialAction\":[{\"@type\":\"ReadAction\",\"target\":[\"https:\/\/adcelectronique.com\/index.php\/product\/circuit-de-commande-a-double-mosfet-5v-36-15-a-400w\/\"]}]},{\"@type\":\"ImageObject\",\"inLanguage\":\"fr-FR\",\"@id\":\"https:\/\/adcelectronique.com\/index.php\/product\/circuit-de-commande-a-double-mosfet-5v-36-15-a-400w\/#primaryimage\",\"url\":\"https:\/\/adcelectronique.com\/wp-content\/uploads\/2026\/03\/51irz-5FdL.jpg\",\"contentUrl\":\"https:\/\/adcelectronique.com\/wp-content\/uploads\/2026\/03\/51irz-5FdL.jpg\",\"width\":800,\"height\":800},{\"@type\":\"BreadcrumbList\",\"@id\":\"https:\/\/adcelectronique.com\/index.php\/product\/circuit-de-commande-a-double-mosfet-5v-36-15-a-400w\/#breadcrumb\",\"itemListElement\":[{\"@type\":\"ListItem\",\"position\":1,\"name\":\"Home\",\"item\":\"https:\/\/adcelectronique.com\/\"},{\"@type\":\"ListItem\",\"position\":2,\"name\":\"Shop\",\"item\":\"https:\/\/adcelectronique.com\/index.php\/shop\/\"},{\"@type\":\"ListItem\",\"position\":3,\"name\":\"CIRCUIT DE COMMANDE A DOUBLE MOSFET 5V 36 15 A 400W\"}]},{\"@type\":\"WebSite\",\"@id\":\"https:\/\/adcelectronique.com\/#website\",\"url\":\"https:\/\/adcelectronique.com\/\",\"name\":\"ADC Electronique\",\"description\":\"\",\"potentialAction\":[{\"@type\":\"SearchAction\",\"target\":{\"@type\":\"EntryPoint\",\"urlTemplate\":\"https:\/\/adcelectronique.com\/?s={search_term_string}\"},\"query-input\":{\"@type\":\"PropertyValueSpecification\",\"valueRequired\":true,\"valueName\":\"search_term_string\"}}],\"inLanguage\":\"fr-FR\"}]}<\/script>\n<!-- \/ Yoast SEO Premium plugin. -->","yoast_head_json":{"title":"CIRCUIT DE COMMANDE A DOUBLE MOSFET 5V 36 15 A 400W - ADC Electronique","robots":{"index":"index","follow":"follow","max-snippet":"max-snippet:-1","max-image-preview":"max-image-preview:large","max-video-preview":"max-video-preview:-1"},"canonical":"https:\/\/adcelectronique.com\/index.php\/product\/circuit-de-commande-a-double-mosfet-5v-36-15-a-400w\/","og_locale":"fr_FR","og_type":"article","og_title":"CIRCUIT DE COMMANDE A DOUBLE MOSFET 5V 36 15 A 400W","og_description":"La carte est compos\u00e9e d'un puissant module de commande MOS \u00e0 d\u00e9clenchement et d'une platine de contr\u00f4le avec effet de champ pour r\u00e9gler l'interrupteur \u00e9lectronique.  Il utilise une double sortie parall\u00e8le active MOS pour obtenir une r\u00e9sistance interne plus faible, un courant \u00e9lectrique plus \u00e9lev\u00e9 et une performance plus \u00e9lev\u00e9e. En outre, il fonctionne avec 15 A et 400 W \u00e0 temp\u00e9rature normale, ce qui convient \u00e0 la plupart des appareils et permet de contr\u00f4ler des appareils \u00e0 grande puissance de mani\u00e8re d\u00e9tendue.","og_url":"https:\/\/adcelectronique.com\/index.php\/product\/circuit-de-commande-a-double-mosfet-5v-36-15-a-400w\/","og_site_name":"ADC Electronique","article_modified_time":"2026-03-04T10:45:43+00:00","og_image":[{"width":800,"height":800,"url":"https:\/\/adcelectronique.com\/wp-content\/uploads\/2026\/03\/51irz-5FdL.jpg","type":"image\/jpeg"}],"twitter_card":"summary_large_image","twitter_misc":{"Dur\u00e9e de lecture estim\u00e9e":"2 minutes"},"schema":{"@context":"https:\/\/schema.org","@graph":[{"@type":"WebPage","@id":"https:\/\/adcelectronique.com\/index.php\/product\/circuit-de-commande-a-double-mosfet-5v-36-15-a-400w\/","url":"https:\/\/adcelectronique.com\/index.php\/product\/circuit-de-commande-a-double-mosfet-5v-36-15-a-400w\/","name":"CIRCUIT DE COMMANDE A DOUBLE MOSFET 5V 36 15 A 400W - ADC Electronique","isPartOf":{"@id":"https:\/\/adcelectronique.com\/#website"},"primaryImageOfPage":{"@id":"https:\/\/adcelectronique.com\/index.php\/product\/circuit-de-commande-a-double-mosfet-5v-36-15-a-400w\/#primaryimage"},"image":{"@id":"https:\/\/adcelectronique.com\/index.php\/product\/circuit-de-commande-a-double-mosfet-5v-36-15-a-400w\/#primaryimage"},"thumbnailUrl":"https:\/\/adcelectronique.com\/wp-content\/uploads\/2026\/03\/51irz-5FdL.jpg","datePublished":"2026-03-04T10:45:42+00:00","dateModified":"2026-03-04T10:45:43+00:00","breadcrumb":{"@id":"https:\/\/adcelectronique.com\/index.php\/product\/circuit-de-commande-a-double-mosfet-5v-36-15-a-400w\/#breadcrumb"},"inLanguage":"fr-FR","potentialAction":[{"@type":"ReadAction","target":["https:\/\/adcelectronique.com\/index.php\/product\/circuit-de-commande-a-double-mosfet-5v-36-15-a-400w\/"]}]},{"@type":"ImageObject","inLanguage":"fr-FR","@id":"https:\/\/adcelectronique.com\/index.php\/product\/circuit-de-commande-a-double-mosfet-5v-36-15-a-400w\/#primaryimage","url":"https:\/\/adcelectronique.com\/wp-content\/uploads\/2026\/03\/51irz-5FdL.jpg","contentUrl":"https:\/\/adcelectronique.com\/wp-content\/uploads\/2026\/03\/51irz-5FdL.jpg","width":800,"height":800},{"@type":"BreadcrumbList","@id":"https:\/\/adcelectronique.com\/index.php\/product\/circuit-de-commande-a-double-mosfet-5v-36-15-a-400w\/#breadcrumb","itemListElement":[{"@type":"ListItem","position":1,"name":"Home","item":"https:\/\/adcelectronique.com\/"},{"@type":"ListItem","position":2,"name":"Shop","item":"https:\/\/adcelectronique.com\/index.php\/shop\/"},{"@type":"ListItem","position":3,"name":"CIRCUIT DE COMMANDE A DOUBLE MOSFET 5V 36 15 A 400W"}]},{"@type":"WebSite","@id":"https:\/\/adcelectronique.com\/#website","url":"https:\/\/adcelectronique.com\/","name":"ADC Electronique","description":"","potentialAction":[{"@type":"SearchAction","target":{"@type":"EntryPoint","urlTemplate":"https:\/\/adcelectronique.com\/?s={search_term_string}"},"query-input":{"@type":"PropertyValueSpecification","valueRequired":true,"valueName":"search_term_string"}}],"inLanguage":"fr-FR"}]}},"_links":{"self":[{"href":"https:\/\/adcelectronique.com\/index.php\/wp-json\/wp\/v2\/product\/10943","targetHints":{"allow":["GET"]}}],"collection":[{"href":"https:\/\/adcelectronique.com\/index.php\/wp-json\/wp\/v2\/product"}],"about":[{"href":"https:\/\/adcelectronique.com\/index.php\/wp-json\/wp\/v2\/types\/product"}],"replies":[{"embeddable":true,"href":"https:\/\/adcelectronique.com\/index.php\/wp-json\/wp\/v2\/comments?post=10943"}],"version-history":[{"count":0,"href":"https:\/\/adcelectronique.com\/index.php\/wp-json\/wp\/v2\/product\/10943\/revisions"}],"wp:featuredmedia":[{"embeddable":true,"href":"https:\/\/adcelectronique.com\/index.php\/wp-json\/wp\/v2\/media\/10944"}],"wp:attachment":[{"href":"https:\/\/adcelectronique.com\/index.php\/wp-json\/wp\/v2\/media?parent=10943"}],"wp:term":[{"taxonomy":"product_brand","embeddable":true,"href":"https:\/\/adcelectronique.com\/index.php\/wp-json\/wp\/v2\/product_brand?post=10943"},{"taxonomy":"product_cat","embeddable":true,"href":"https:\/\/adcelectronique.com\/index.php\/wp-json\/wp\/v2\/product_cat?post=10943"},{"taxonomy":"product_tag","embeddable":true,"href":"https:\/\/adcelectronique.com\/index.php\/wp-json\/wp\/v2\/product_tag?post=10943"}],"curies":[{"name":"wp","href":"https:\/\/api.w.org\/{rel}","templated":true}]}}