{"id":10947,"date":"2026-03-04T10:51:25","date_gmt":"2026-03-04T10:51:25","guid":{"rendered":"https:\/\/adcelectronique.com\/?post_type=product&#038;p=10947"},"modified":"2026-03-04T10:51:26","modified_gmt":"2026-03-04T10:51:26","slug":"circuit-de-commande-a-double-mosfet-4v-60-600w","status":"publish","type":"product","link":"https:\/\/adcelectronique.com\/index.php\/product\/circuit-de-commande-a-double-mosfet-4v-60-600w\/","title":{"rendered":"CIRCUIT DE COMMANDE A DOUBLE MOSFET 4V 60 600W"},"content":{"rendered":"<h4>\u00a0 \u00a0 \u00a0 \u00a0 \u00a0 \u00a0 \u00a0 \u00a0 \u00a0 \u00a0 \u00a0 \u00a0 \u00a0 \u00a0 \u00a0 \u00a0 \u00a0 \u00a0 \u00a0 \u00a0 \u00a0 \u00a0 \u00a0 \u00a0 CIRCUIT DE COMMANDE A DOUBLE MOSFET 4V 60 600W<\/h4>\n<p>un <strong data-start=\"19\" data-end=\"75\">circuit de commande \u00e0 double MOSFET 4\u202fV, 60\u202fA, 600\u202fW<\/strong>, voici les points essentiels \u00e0 comprendre et \u00e0 consid\u00e9rer.<\/p>\n<p>Le module prend en charge le d\u00e9clencheur de haut niveau, le d\u00e9clencheur de bas niveau, le contr\u00f4le de commutation.<\/p>\n<p>L&rsquo;utilisation d&rsquo;une sortie active parall\u00e8le import\u00e9e \u00e0 double MOS, une r\u00e9sistance interne inf\u00e9rieure, un courant, une puissance forte, un courant continu \u00e0 temp\u00e9rature ambiante est de 10A, 600W, pour r\u00e9pondre \u00e0 la plupart des \u00e9quipements utilis\u00e9s;<\/p>\n<p>Entr\u00e9e de tension large: DC 4V ~ 60V;<\/p>\n","protected":false},"excerpt":{"rendered":"<p>un <strong data-start=\"19\" data-end=\"75\">circuit de commande \u00e0 double MOSFET 4\u202fV, 60\u202fA, 600\u202fW<\/strong>, voici les points essentiels \u00e0 comprendre et \u00e0 consid\u00e9rer.<\/p>\n<p>Le module prend en charge le d\u00e9clencheur de haut niveau, le d\u00e9clencheur de bas niveau, le contr\u00f4le de commutation.<\/p>\n","protected":false},"featured_media":10949,"comment_status":"open","ping_status":"closed","template":"","meta":[],"product_brand":[144],"product_cat":[31],"product_tag":[],"class_list":{"0":"post-10947","1":"product","2":"type-product","3":"status-publish","4":"has-post-thumbnail","6":"product_brand-arduino","7":"product_cat-cartes-microcontroleurs","9":"first","10":"instock","11":"shipping-taxable","12":"purchasable","13":"product-type-simple"},"yoast_head":"<!-- This site is optimized with the Yoast SEO Premium plugin v26.2 (Yoast SEO v26.2) - https:\/\/yoast.com\/wordpress\/plugins\/seo\/ -->\n<title>CIRCUIT DE COMMANDE A DOUBLE MOSFET 4V 60 600W - ADC Electronique<\/title>\n<meta name=\"robots\" content=\"index, follow, max-snippet:-1, max-image-preview:large, max-video-preview:-1\" \/>\n<link rel=\"canonical\" href=\"https:\/\/adcelectronique.com\/index.php\/product\/circuit-de-commande-a-double-mosfet-4v-60-600w\/\" \/>\n<meta property=\"og:locale\" content=\"fr_FR\" \/>\n<meta property=\"og:type\" content=\"article\" \/>\n<meta property=\"og:title\" content=\"CIRCUIT DE COMMANDE A DOUBLE MOSFET 4V 60 600W\" \/>\n<meta property=\"og:description\" content=\"un circuit de commande \u00e0 double MOSFET 4\u202fV, 60\u202fA, 600\u202fW, voici les points essentiels \u00e0 comprendre et \u00e0 consid\u00e9rer.  Le module prend en charge le d\u00e9clencheur de haut niveau, le d\u00e9clencheur de bas niveau, le contr\u00f4le de commutation.\" \/>\n<meta property=\"og:url\" content=\"https:\/\/adcelectronique.com\/index.php\/product\/circuit-de-commande-a-double-mosfet-4v-60-600w\/\" \/>\n<meta property=\"og:site_name\" content=\"ADC Electronique\" \/>\n<meta property=\"article:modified_time\" content=\"2026-03-04T10:51:26+00:00\" \/>\n<meta property=\"og:image\" content=\"https:\/\/adcelectronique.com\/wp-content\/uploads\/2026\/03\/images-22.jpg\" \/>\n\t<meta property=\"og:image:width\" content=\"225\" \/>\n\t<meta property=\"og:image:height\" content=\"225\" \/>\n\t<meta property=\"og:image:type\" content=\"image\/jpeg\" \/>\n<meta name=\"twitter:card\" content=\"summary_large_image\" \/>\n<meta name=\"twitter:label1\" content=\"Dur\u00e9e de lecture estim\u00e9e\" \/>\n\t<meta name=\"twitter:data1\" content=\"1 minute\" \/>\n<script type=\"application\/ld+json\" class=\"yoast-schema-graph\">{\"@context\":\"https:\/\/schema.org\",\"@graph\":[{\"@type\":\"WebPage\",\"@id\":\"https:\/\/adcelectronique.com\/index.php\/product\/circuit-de-commande-a-double-mosfet-4v-60-600w\/\",\"url\":\"https:\/\/adcelectronique.com\/index.php\/product\/circuit-de-commande-a-double-mosfet-4v-60-600w\/\",\"name\":\"CIRCUIT DE COMMANDE A DOUBLE MOSFET 4V 60 600W - ADC Electronique\",\"isPartOf\":{\"@id\":\"https:\/\/adcelectronique.com\/#website\"},\"primaryImageOfPage\":{\"@id\":\"https:\/\/adcelectronique.com\/index.php\/product\/circuit-de-commande-a-double-mosfet-4v-60-600w\/#primaryimage\"},\"image\":{\"@id\":\"https:\/\/adcelectronique.com\/index.php\/product\/circuit-de-commande-a-double-mosfet-4v-60-600w\/#primaryimage\"},\"thumbnailUrl\":\"https:\/\/adcelectronique.com\/wp-content\/uploads\/2026\/03\/images-22.jpg\",\"datePublished\":\"2026-03-04T10:51:25+00:00\",\"dateModified\":\"2026-03-04T10:51:26+00:00\",\"breadcrumb\":{\"@id\":\"https:\/\/adcelectronique.com\/index.php\/product\/circuit-de-commande-a-double-mosfet-4v-60-600w\/#breadcrumb\"},\"inLanguage\":\"fr-FR\",\"potentialAction\":[{\"@type\":\"ReadAction\",\"target\":[\"https:\/\/adcelectronique.com\/index.php\/product\/circuit-de-commande-a-double-mosfet-4v-60-600w\/\"]}]},{\"@type\":\"ImageObject\",\"inLanguage\":\"fr-FR\",\"@id\":\"https:\/\/adcelectronique.com\/index.php\/product\/circuit-de-commande-a-double-mosfet-4v-60-600w\/#primaryimage\",\"url\":\"https:\/\/adcelectronique.com\/wp-content\/uploads\/2026\/03\/images-22.jpg\",\"contentUrl\":\"https:\/\/adcelectronique.com\/wp-content\/uploads\/2026\/03\/images-22.jpg\",\"width\":225,\"height\":225},{\"@type\":\"BreadcrumbList\",\"@id\":\"https:\/\/adcelectronique.com\/index.php\/product\/circuit-de-commande-a-double-mosfet-4v-60-600w\/#breadcrumb\",\"itemListElement\":[{\"@type\":\"ListItem\",\"position\":1,\"name\":\"Home\",\"item\":\"https:\/\/adcelectronique.com\/\"},{\"@type\":\"ListItem\",\"position\":2,\"name\":\"Shop\",\"item\":\"https:\/\/adcelectronique.com\/index.php\/shop\/\"},{\"@type\":\"ListItem\",\"position\":3,\"name\":\"CIRCUIT DE COMMANDE A DOUBLE MOSFET 4V 60 600W\"}]},{\"@type\":\"WebSite\",\"@id\":\"https:\/\/adcelectronique.com\/#website\",\"url\":\"https:\/\/adcelectronique.com\/\",\"name\":\"ADC Electronique\",\"description\":\"\",\"potentialAction\":[{\"@type\":\"SearchAction\",\"target\":{\"@type\":\"EntryPoint\",\"urlTemplate\":\"https:\/\/adcelectronique.com\/?s={search_term_string}\"},\"query-input\":{\"@type\":\"PropertyValueSpecification\",\"valueRequired\":true,\"valueName\":\"search_term_string\"}}],\"inLanguage\":\"fr-FR\"}]}<\/script>\n<!-- \/ Yoast SEO Premium plugin. -->","yoast_head_json":{"title":"CIRCUIT DE COMMANDE A DOUBLE MOSFET 4V 60 600W - ADC Electronique","robots":{"index":"index","follow":"follow","max-snippet":"max-snippet:-1","max-image-preview":"max-image-preview:large","max-video-preview":"max-video-preview:-1"},"canonical":"https:\/\/adcelectronique.com\/index.php\/product\/circuit-de-commande-a-double-mosfet-4v-60-600w\/","og_locale":"fr_FR","og_type":"article","og_title":"CIRCUIT DE COMMANDE A DOUBLE MOSFET 4V 60 600W","og_description":"un circuit de commande \u00e0 double MOSFET 4\u202fV, 60\u202fA, 600\u202fW, voici les points essentiels \u00e0 comprendre et \u00e0 consid\u00e9rer.  Le module prend en charge le d\u00e9clencheur de haut niveau, le d\u00e9clencheur de bas niveau, le contr\u00f4le de commutation.","og_url":"https:\/\/adcelectronique.com\/index.php\/product\/circuit-de-commande-a-double-mosfet-4v-60-600w\/","og_site_name":"ADC Electronique","article_modified_time":"2026-03-04T10:51:26+00:00","og_image":[{"width":225,"height":225,"url":"https:\/\/adcelectronique.com\/wp-content\/uploads\/2026\/03\/images-22.jpg","type":"image\/jpeg"}],"twitter_card":"summary_large_image","twitter_misc":{"Dur\u00e9e de lecture estim\u00e9e":"1 minute"},"schema":{"@context":"https:\/\/schema.org","@graph":[{"@type":"WebPage","@id":"https:\/\/adcelectronique.com\/index.php\/product\/circuit-de-commande-a-double-mosfet-4v-60-600w\/","url":"https:\/\/adcelectronique.com\/index.php\/product\/circuit-de-commande-a-double-mosfet-4v-60-600w\/","name":"CIRCUIT DE COMMANDE A DOUBLE MOSFET 4V 60 600W - ADC Electronique","isPartOf":{"@id":"https:\/\/adcelectronique.com\/#website"},"primaryImageOfPage":{"@id":"https:\/\/adcelectronique.com\/index.php\/product\/circuit-de-commande-a-double-mosfet-4v-60-600w\/#primaryimage"},"image":{"@id":"https:\/\/adcelectronique.com\/index.php\/product\/circuit-de-commande-a-double-mosfet-4v-60-600w\/#primaryimage"},"thumbnailUrl":"https:\/\/adcelectronique.com\/wp-content\/uploads\/2026\/03\/images-22.jpg","datePublished":"2026-03-04T10:51:25+00:00","dateModified":"2026-03-04T10:51:26+00:00","breadcrumb":{"@id":"https:\/\/adcelectronique.com\/index.php\/product\/circuit-de-commande-a-double-mosfet-4v-60-600w\/#breadcrumb"},"inLanguage":"fr-FR","potentialAction":[{"@type":"ReadAction","target":["https:\/\/adcelectronique.com\/index.php\/product\/circuit-de-commande-a-double-mosfet-4v-60-600w\/"]}]},{"@type":"ImageObject","inLanguage":"fr-FR","@id":"https:\/\/adcelectronique.com\/index.php\/product\/circuit-de-commande-a-double-mosfet-4v-60-600w\/#primaryimage","url":"https:\/\/adcelectronique.com\/wp-content\/uploads\/2026\/03\/images-22.jpg","contentUrl":"https:\/\/adcelectronique.com\/wp-content\/uploads\/2026\/03\/images-22.jpg","width":225,"height":225},{"@type":"BreadcrumbList","@id":"https:\/\/adcelectronique.com\/index.php\/product\/circuit-de-commande-a-double-mosfet-4v-60-600w\/#breadcrumb","itemListElement":[{"@type":"ListItem","position":1,"name":"Home","item":"https:\/\/adcelectronique.com\/"},{"@type":"ListItem","position":2,"name":"Shop","item":"https:\/\/adcelectronique.com\/index.php\/shop\/"},{"@type":"ListItem","position":3,"name":"CIRCUIT DE COMMANDE A DOUBLE MOSFET 4V 60 600W"}]},{"@type":"WebSite","@id":"https:\/\/adcelectronique.com\/#website","url":"https:\/\/adcelectronique.com\/","name":"ADC Electronique","description":"","potentialAction":[{"@type":"SearchAction","target":{"@type":"EntryPoint","urlTemplate":"https:\/\/adcelectronique.com\/?s={search_term_string}"},"query-input":{"@type":"PropertyValueSpecification","valueRequired":true,"valueName":"search_term_string"}}],"inLanguage":"fr-FR"}]}},"_links":{"self":[{"href":"https:\/\/adcelectronique.com\/index.php\/wp-json\/wp\/v2\/product\/10947","targetHints":{"allow":["GET"]}}],"collection":[{"href":"https:\/\/adcelectronique.com\/index.php\/wp-json\/wp\/v2\/product"}],"about":[{"href":"https:\/\/adcelectronique.com\/index.php\/wp-json\/wp\/v2\/types\/product"}],"replies":[{"embeddable":true,"href":"https:\/\/adcelectronique.com\/index.php\/wp-json\/wp\/v2\/comments?post=10947"}],"version-history":[{"count":0,"href":"https:\/\/adcelectronique.com\/index.php\/wp-json\/wp\/v2\/product\/10947\/revisions"}],"wp:featuredmedia":[{"embeddable":true,"href":"https:\/\/adcelectronique.com\/index.php\/wp-json\/wp\/v2\/media\/10949"}],"wp:attachment":[{"href":"https:\/\/adcelectronique.com\/index.php\/wp-json\/wp\/v2\/media?parent=10947"}],"wp:term":[{"taxonomy":"product_brand","embeddable":true,"href":"https:\/\/adcelectronique.com\/index.php\/wp-json\/wp\/v2\/product_brand?post=10947"},{"taxonomy":"product_cat","embeddable":true,"href":"https:\/\/adcelectronique.com\/index.php\/wp-json\/wp\/v2\/product_cat?post=10947"},{"taxonomy":"product_tag","embeddable":true,"href":"https:\/\/adcelectronique.com\/index.php\/wp-json\/wp\/v2\/product_tag?post=10947"}],"curies":[{"name":"wp","href":"https:\/\/api.w.org\/{rel}","templated":true}]}}