{"id":10967,"date":"2026-03-04T11:09:35","date_gmt":"2026-03-04T11:09:35","guid":{"rendered":"https:\/\/adcelectronique.com\/?post_type=product&#038;p=10967"},"modified":"2026-03-04T11:09:36","modified_gmt":"2026-03-04T11:09:36","slug":"esp32-weroom-32-carte-de-devlopement-wifi-bluetooth","status":"publish","type":"product","link":"https:\/\/adcelectronique.com\/index.php\/product\/esp32-weroom-32-carte-de-devlopement-wifi-bluetooth\/","title":{"rendered":"ESP32-WEROOM-32 CARTE DE DEVLOPEMENT WIFI BLUETOOTH"},"content":{"rendered":"<h3>\u00a0 \u00a0 \u00a0 \u00a0 \u00a0 \u00a0 \u00a0 \u00a0 \u00a0 \u00a0 \u00a0 \u00a0 \u00a0 \u00a0 \u00a0 ESP32-WEROOM-32 CARTE DE DEVLOPEMENT WIFI BLUETOOTH<\/h3>\n<p>est une carte de d\u00e9veloppement tr\u00e8s populaire pour des projets IoT gr\u00e2ce \u00e0 son <strong data-start=\"119\" data-end=\"150\">Wi-Fi et Bluetooth int\u00e9gr\u00e9s<\/strong>.<\/p>\n<h2 data-start=\"184\" data-end=\"202\">1. Pr\u00e9sentation<\/h2>\n<ul data-start=\"203\" data-end=\"489\">\n<li data-start=\"203\" data-end=\"241\">\n<p data-start=\"205\" data-end=\"241\"><strong data-start=\"205\" data-end=\"224\">Microcontr\u00f4leur<\/strong> : ESP32-D0WDQ6<\/p>\n<\/li>\n<li data-start=\"242\" data-end=\"319\">\n<p data-start=\"244\" data-end=\"319\"><strong data-start=\"244\" data-end=\"260\">Connectivit\u00e9<\/strong> : Wi-Fi 802.11 b\/g\/n et Bluetooth 4.2 (BLE et classique)<\/p>\n<\/li>\n<li data-start=\"320\" data-end=\"357\">\n<p data-start=\"322\" data-end=\"357\"><strong data-start=\"322\" data-end=\"331\">C\u0153urs<\/strong> : 2 c\u0153urs Tensilica LX6<\/p>\n<\/li>\n<li data-start=\"358\" data-end=\"397\">\n<p data-start=\"360\" data-end=\"397\"><strong data-start=\"360\" data-end=\"377\">Fr\u00e9quence CPU<\/strong> : jusqu\u2019\u00e0 240 MHz<\/p>\n<\/li>\n<li data-start=\"398\" data-end=\"431\">\n<p data-start=\"400\" data-end=\"431\"><strong data-start=\"400\" data-end=\"407\">RAM<\/strong> : 520 KB SRAM interne<\/p>\n<\/li>\n<li data-start=\"432\" data-end=\"489\">\n<p data-start=\"434\" data-end=\"489\"><strong data-start=\"434\" data-end=\"443\">Flash<\/strong> : g\u00e9n\u00e9ralement 4 MB (variable selon mod\u00e8le)<\/p>\n<\/li>\n<\/ul>\n","protected":false},"excerpt":{"rendered":"<p>est une carte de d\u00e9veloppement tr\u00e8s populaire pour des projets IoT gr\u00e2ce \u00e0 son <strong data-start=\"119\" data-end=\"150\">Wi-Fi et Bluetooth int\u00e9gr\u00e9s<\/strong>.<\/p>\n","protected":false},"featured_media":10970,"comment_status":"open","ping_status":"closed","template":"","meta":[],"product_brand":[144],"product_cat":[31],"product_tag":[],"class_list":{"0":"post-10967","1":"product","2":"type-product","3":"status-publish","4":"has-post-thumbnail","6":"product_brand-arduino","7":"product_cat-cartes-microcontroleurs","9":"first","10":"instock","11":"shipping-taxable","12":"purchasable","13":"product-type-simple"},"yoast_head":"<!-- This site is optimized with the Yoast SEO Premium plugin v26.2 (Yoast SEO v26.2) - https:\/\/yoast.com\/wordpress\/plugins\/seo\/ -->\n<title>ESP32-WEROOM-32 CARTE DE DEVLOPEMENT WIFI BLUETOOTH - ADC Electronique<\/title>\n<meta name=\"robots\" content=\"index, follow, max-snippet:-1, max-image-preview:large, max-video-preview:-1\" \/>\n<link rel=\"canonical\" href=\"https:\/\/adcelectronique.com\/index.php\/product\/esp32-weroom-32-carte-de-devlopement-wifi-bluetooth\/\" \/>\n<meta property=\"og:locale\" content=\"fr_FR\" \/>\n<meta property=\"og:type\" content=\"article\" \/>\n<meta property=\"og:title\" content=\"ESP32-WEROOM-32 CARTE DE DEVLOPEMENT WIFI BLUETOOTH\" \/>\n<meta property=\"og:description\" content=\"est une carte de d\u00e9veloppement tr\u00e8s populaire pour des projets IoT gr\u00e2ce \u00e0 son Wi-Fi et Bluetooth int\u00e9gr\u00e9s.\" \/>\n<meta property=\"og:url\" content=\"https:\/\/adcelectronique.com\/index.php\/product\/esp32-weroom-32-carte-de-devlopement-wifi-bluetooth\/\" \/>\n<meta property=\"og:site_name\" content=\"ADC Electronique\" \/>\n<meta property=\"article:modified_time\" content=\"2026-03-04T11:09:36+00:00\" \/>\n<meta property=\"og:image\" content=\"https:\/\/adcelectronique.com\/wp-content\/uploads\/2026\/03\/71sGKxbFhbL._AC_UF8941000_QL80_.jpg\" \/>\n\t<meta property=\"og:image:width\" content=\"894\" \/>\n\t<meta property=\"og:image:height\" content=\"613\" \/>\n\t<meta property=\"og:image:type\" content=\"image\/jpeg\" \/>\n<meta name=\"twitter:card\" content=\"summary_large_image\" \/>\n<meta name=\"twitter:label1\" content=\"Dur\u00e9e de lecture estim\u00e9e\" \/>\n\t<meta name=\"twitter:data1\" content=\"1 minute\" \/>\n<script type=\"application\/ld+json\" class=\"yoast-schema-graph\">{\"@context\":\"https:\/\/schema.org\",\"@graph\":[{\"@type\":\"WebPage\",\"@id\":\"https:\/\/adcelectronique.com\/index.php\/product\/esp32-weroom-32-carte-de-devlopement-wifi-bluetooth\/\",\"url\":\"https:\/\/adcelectronique.com\/index.php\/product\/esp32-weroom-32-carte-de-devlopement-wifi-bluetooth\/\",\"name\":\"ESP32-WEROOM-32 CARTE DE DEVLOPEMENT WIFI BLUETOOTH - ADC Electronique\",\"isPartOf\":{\"@id\":\"https:\/\/adcelectronique.com\/#website\"},\"primaryImageOfPage\":{\"@id\":\"https:\/\/adcelectronique.com\/index.php\/product\/esp32-weroom-32-carte-de-devlopement-wifi-bluetooth\/#primaryimage\"},\"image\":{\"@id\":\"https:\/\/adcelectronique.com\/index.php\/product\/esp32-weroom-32-carte-de-devlopement-wifi-bluetooth\/#primaryimage\"},\"thumbnailUrl\":\"https:\/\/adcelectronique.com\/wp-content\/uploads\/2026\/03\/71sGKxbFhbL._AC_UF8941000_QL80_.jpg\",\"datePublished\":\"2026-03-04T11:09:35+00:00\",\"dateModified\":\"2026-03-04T11:09:36+00:00\",\"breadcrumb\":{\"@id\":\"https:\/\/adcelectronique.com\/index.php\/product\/esp32-weroom-32-carte-de-devlopement-wifi-bluetooth\/#breadcrumb\"},\"inLanguage\":\"fr-FR\",\"potentialAction\":[{\"@type\":\"ReadAction\",\"target\":[\"https:\/\/adcelectronique.com\/index.php\/product\/esp32-weroom-32-carte-de-devlopement-wifi-bluetooth\/\"]}]},{\"@type\":\"ImageObject\",\"inLanguage\":\"fr-FR\",\"@id\":\"https:\/\/adcelectronique.com\/index.php\/product\/esp32-weroom-32-carte-de-devlopement-wifi-bluetooth\/#primaryimage\",\"url\":\"https:\/\/adcelectronique.com\/wp-content\/uploads\/2026\/03\/71sGKxbFhbL._AC_UF8941000_QL80_.jpg\",\"contentUrl\":\"https:\/\/adcelectronique.com\/wp-content\/uploads\/2026\/03\/71sGKxbFhbL._AC_UF8941000_QL80_.jpg\",\"width\":894,\"height\":613},{\"@type\":\"BreadcrumbList\",\"@id\":\"https:\/\/adcelectronique.com\/index.php\/product\/esp32-weroom-32-carte-de-devlopement-wifi-bluetooth\/#breadcrumb\",\"itemListElement\":[{\"@type\":\"ListItem\",\"position\":1,\"name\":\"Home\",\"item\":\"https:\/\/adcelectronique.com\/\"},{\"@type\":\"ListItem\",\"position\":2,\"name\":\"Shop\",\"item\":\"https:\/\/adcelectronique.com\/index.php\/shop\/\"},{\"@type\":\"ListItem\",\"position\":3,\"name\":\"ESP32-WEROOM-32 CARTE DE DEVLOPEMENT WIFI BLUETOOTH\"}]},{\"@type\":\"WebSite\",\"@id\":\"https:\/\/adcelectronique.com\/#website\",\"url\":\"https:\/\/adcelectronique.com\/\",\"name\":\"ADC Electronique\",\"description\":\"\",\"potentialAction\":[{\"@type\":\"SearchAction\",\"target\":{\"@type\":\"EntryPoint\",\"urlTemplate\":\"https:\/\/adcelectronique.com\/?s={search_term_string}\"},\"query-input\":{\"@type\":\"PropertyValueSpecification\",\"valueRequired\":true,\"valueName\":\"search_term_string\"}}],\"inLanguage\":\"fr-FR\"}]}<\/script>\n<!-- \/ Yoast SEO Premium plugin. -->","yoast_head_json":{"title":"ESP32-WEROOM-32 CARTE DE DEVLOPEMENT WIFI BLUETOOTH - ADC Electronique","robots":{"index":"index","follow":"follow","max-snippet":"max-snippet:-1","max-image-preview":"max-image-preview:large","max-video-preview":"max-video-preview:-1"},"canonical":"https:\/\/adcelectronique.com\/index.php\/product\/esp32-weroom-32-carte-de-devlopement-wifi-bluetooth\/","og_locale":"fr_FR","og_type":"article","og_title":"ESP32-WEROOM-32 CARTE DE DEVLOPEMENT WIFI BLUETOOTH","og_description":"est une carte de d\u00e9veloppement tr\u00e8s populaire pour des projets IoT gr\u00e2ce \u00e0 son Wi-Fi et Bluetooth int\u00e9gr\u00e9s.","og_url":"https:\/\/adcelectronique.com\/index.php\/product\/esp32-weroom-32-carte-de-devlopement-wifi-bluetooth\/","og_site_name":"ADC Electronique","article_modified_time":"2026-03-04T11:09:36+00:00","og_image":[{"width":894,"height":613,"url":"https:\/\/adcelectronique.com\/wp-content\/uploads\/2026\/03\/71sGKxbFhbL._AC_UF8941000_QL80_.jpg","type":"image\/jpeg"}],"twitter_card":"summary_large_image","twitter_misc":{"Dur\u00e9e de lecture estim\u00e9e":"1 minute"},"schema":{"@context":"https:\/\/schema.org","@graph":[{"@type":"WebPage","@id":"https:\/\/adcelectronique.com\/index.php\/product\/esp32-weroom-32-carte-de-devlopement-wifi-bluetooth\/","url":"https:\/\/adcelectronique.com\/index.php\/product\/esp32-weroom-32-carte-de-devlopement-wifi-bluetooth\/","name":"ESP32-WEROOM-32 CARTE DE DEVLOPEMENT WIFI BLUETOOTH - ADC Electronique","isPartOf":{"@id":"https:\/\/adcelectronique.com\/#website"},"primaryImageOfPage":{"@id":"https:\/\/adcelectronique.com\/index.php\/product\/esp32-weroom-32-carte-de-devlopement-wifi-bluetooth\/#primaryimage"},"image":{"@id":"https:\/\/adcelectronique.com\/index.php\/product\/esp32-weroom-32-carte-de-devlopement-wifi-bluetooth\/#primaryimage"},"thumbnailUrl":"https:\/\/adcelectronique.com\/wp-content\/uploads\/2026\/03\/71sGKxbFhbL._AC_UF8941000_QL80_.jpg","datePublished":"2026-03-04T11:09:35+00:00","dateModified":"2026-03-04T11:09:36+00:00","breadcrumb":{"@id":"https:\/\/adcelectronique.com\/index.php\/product\/esp32-weroom-32-carte-de-devlopement-wifi-bluetooth\/#breadcrumb"},"inLanguage":"fr-FR","potentialAction":[{"@type":"ReadAction","target":["https:\/\/adcelectronique.com\/index.php\/product\/esp32-weroom-32-carte-de-devlopement-wifi-bluetooth\/"]}]},{"@type":"ImageObject","inLanguage":"fr-FR","@id":"https:\/\/adcelectronique.com\/index.php\/product\/esp32-weroom-32-carte-de-devlopement-wifi-bluetooth\/#primaryimage","url":"https:\/\/adcelectronique.com\/wp-content\/uploads\/2026\/03\/71sGKxbFhbL._AC_UF8941000_QL80_.jpg","contentUrl":"https:\/\/adcelectronique.com\/wp-content\/uploads\/2026\/03\/71sGKxbFhbL._AC_UF8941000_QL80_.jpg","width":894,"height":613},{"@type":"BreadcrumbList","@id":"https:\/\/adcelectronique.com\/index.php\/product\/esp32-weroom-32-carte-de-devlopement-wifi-bluetooth\/#breadcrumb","itemListElement":[{"@type":"ListItem","position":1,"name":"Home","item":"https:\/\/adcelectronique.com\/"},{"@type":"ListItem","position":2,"name":"Shop","item":"https:\/\/adcelectronique.com\/index.php\/shop\/"},{"@type":"ListItem","position":3,"name":"ESP32-WEROOM-32 CARTE DE DEVLOPEMENT WIFI BLUETOOTH"}]},{"@type":"WebSite","@id":"https:\/\/adcelectronique.com\/#website","url":"https:\/\/adcelectronique.com\/","name":"ADC Electronique","description":"","potentialAction":[{"@type":"SearchAction","target":{"@type":"EntryPoint","urlTemplate":"https:\/\/adcelectronique.com\/?s={search_term_string}"},"query-input":{"@type":"PropertyValueSpecification","valueRequired":true,"valueName":"search_term_string"}}],"inLanguage":"fr-FR"}]}},"_links":{"self":[{"href":"https:\/\/adcelectronique.com\/index.php\/wp-json\/wp\/v2\/product\/10967","targetHints":{"allow":["GET"]}}],"collection":[{"href":"https:\/\/adcelectronique.com\/index.php\/wp-json\/wp\/v2\/product"}],"about":[{"href":"https:\/\/adcelectronique.com\/index.php\/wp-json\/wp\/v2\/types\/product"}],"replies":[{"embeddable":true,"href":"https:\/\/adcelectronique.com\/index.php\/wp-json\/wp\/v2\/comments?post=10967"}],"version-history":[{"count":0,"href":"https:\/\/adcelectronique.com\/index.php\/wp-json\/wp\/v2\/product\/10967\/revisions"}],"wp:featuredmedia":[{"embeddable":true,"href":"https:\/\/adcelectronique.com\/index.php\/wp-json\/wp\/v2\/media\/10970"}],"wp:attachment":[{"href":"https:\/\/adcelectronique.com\/index.php\/wp-json\/wp\/v2\/media?parent=10967"}],"wp:term":[{"taxonomy":"product_brand","embeddable":true,"href":"https:\/\/adcelectronique.com\/index.php\/wp-json\/wp\/v2\/product_brand?post=10967"},{"taxonomy":"product_cat","embeddable":true,"href":"https:\/\/adcelectronique.com\/index.php\/wp-json\/wp\/v2\/product_cat?post=10967"},{"taxonomy":"product_tag","embeddable":true,"href":"https:\/\/adcelectronique.com\/index.php\/wp-json\/wp\/v2\/product_tag?post=10967"}],"curies":[{"name":"wp","href":"https:\/\/api.w.org\/{rel}","templated":true}]}}