{"id":10972,"date":"2026-03-04T11:14:22","date_gmt":"2026-03-04T11:14:22","guid":{"rendered":"https:\/\/adcelectronique.com\/?post_type=product&#038;p=10972"},"modified":"2026-03-04T11:14:23","modified_gmt":"2026-03-04T11:14:23","slug":"node-mcu-v3","status":"publish","type":"product","link":"https:\/\/adcelectronique.com\/index.php\/product\/node-mcu-v3\/","title":{"rendered":"NODE MCU V3"},"content":{"rendered":"<h3>\u00a0 \u00a0 \u00a0 \u00a0 \u00a0 \u00a0 \u00a0 \u00a0 \u00a0 \u00a0 \u00a0 \u00a0 \u00a0 \u00a0 \u00a0 \u00a0 \u00a0 \u00a0 \u00a0 \u00a0 \u00a0 \u00a0 \u00a0 \u00a0 \u00a0 \u00a0 \u00a0 \u00a0 \u00a0 \u00a0 \u00a0 \u00a0 \u00a0 \u00a0 \u00a0 \u00a0 \u00a0 NODE MCU V3<\/h3>\n<p>Le <strong data-start=\"117\" data-end=\"131\">NodeMCU V3<\/strong> est une <strong data-start=\"140\" data-end=\"172\">carte de d\u00e9veloppement Wi-Fi<\/strong> bas\u00e9e sur le <strong data-start=\"186\" data-end=\"197\">ESP8266<\/strong>, qui permet de cr\u00e9er des projets connect\u00e9s facilement. Il est populaire pour les projets IoT (Internet des Objets) gr\u00e2ce \u00e0 sa facilit\u00e9 de programmation et sa compatibilit\u00e9 avec Arduino IDE.<\/p>\n<h2 data-start=\"394\" data-end=\"429\"><strong data-start=\"397\" data-end=\"429\">Caract\u00e9ristiques principales<\/strong><\/h2>\n<ul data-start=\"430\" data-end=\"753\">\n<li data-start=\"430\" data-end=\"479\">\n<p data-start=\"432\" data-end=\"479\"><strong data-start=\"432\" data-end=\"453\">Microcontr\u00f4leur :<\/strong> ESP8266 (Wi-Fi int\u00e9gr\u00e9)<\/p>\n<\/li>\n<li data-start=\"480\" data-end=\"541\">\n<p data-start=\"482\" data-end=\"541\"><strong data-start=\"482\" data-end=\"510\">Tension d\u2019alimentation :<\/strong> 3.3V (logiciel) \/ via USB 5V<\/p>\n<\/li>\n<li data-start=\"542\" data-end=\"582\">\n<p data-start=\"544\" data-end=\"582\"><strong data-start=\"544\" data-end=\"555\">Ports :<\/strong> GPIO, ADC, PWM, I2C, SPI<\/p>\n<\/li>\n<li data-start=\"583\" data-end=\"651\">\n<p data-start=\"585\" data-end=\"651\"><strong data-start=\"585\" data-end=\"604\">Connexion USB :<\/strong> Micro-USB pour alimentation et programmation<\/p>\n<\/li>\n<li data-start=\"652\" data-end=\"714\">\n<p data-start=\"654\" data-end=\"714\"><strong data-start=\"654\" data-end=\"667\">M\u00e9moire :<\/strong> Flash de 4 Mo pour les programmes et donn\u00e9es<\/p>\n<\/li>\n<li data-start=\"715\" data-end=\"753\">\n<p data-start=\"717\" data-end=\"753\"><strong data-start=\"717\" data-end=\"732\">Protocole :<\/strong> Wi-Fi 802.11 b\/g\/n<\/p>\n<\/li>\n<\/ul>\n","protected":false},"excerpt":{"rendered":"<p>Le <strong data-start=\"117\" data-end=\"131\">NodeMCU V3<\/strong> est une <strong data-start=\"140\" data-end=\"172\">carte de d\u00e9veloppement Wi-Fi<\/strong> bas\u00e9e sur le <strong data-start=\"186\" data-end=\"197\">ESP8266<\/strong>, qui permet de cr\u00e9er des projets connect\u00e9s facilement. Il est populaire pour les projets IoT (Internet des Objets) gr\u00e2ce \u00e0 sa facilit\u00e9 de programmation et sa compatibilit\u00e9 avec Arduino IDE.<\/p>\n","protected":false},"featured_media":10975,"comment_status":"open","ping_status":"closed","template":"","meta":[],"product_brand":[144],"product_cat":[31],"product_tag":[],"class_list":{"0":"post-10972","1":"product","2":"type-product","3":"status-publish","4":"has-post-thumbnail","6":"product_brand-arduino","7":"product_cat-cartes-microcontroleurs","9":"first","10":"instock","11":"shipping-taxable","12":"purchasable","13":"product-type-simple"},"yoast_head":"<!-- This site is optimized with the Yoast SEO Premium plugin v26.2 (Yoast SEO v26.2) - https:\/\/yoast.com\/wordpress\/plugins\/seo\/ -->\n<title>NODE MCU V3 - ADC Electronique<\/title>\n<meta name=\"robots\" content=\"index, follow, max-snippet:-1, max-image-preview:large, max-video-preview:-1\" \/>\n<link rel=\"canonical\" href=\"https:\/\/adcelectronique.com\/index.php\/product\/node-mcu-v3\/\" \/>\n<meta property=\"og:locale\" content=\"fr_FR\" \/>\n<meta property=\"og:type\" content=\"article\" \/>\n<meta property=\"og:title\" content=\"NODE MCU V3\" \/>\n<meta property=\"og:description\" content=\"Le NodeMCU V3 est une carte de d\u00e9veloppement Wi-Fi bas\u00e9e sur le ESP8266, qui permet de cr\u00e9er des projets connect\u00e9s facilement. Il est populaire pour les projets IoT (Internet des Objets) gr\u00e2ce \u00e0 sa facilit\u00e9 de programmation et sa compatibilit\u00e9 avec Arduino IDE.\" \/>\n<meta property=\"og:url\" content=\"https:\/\/adcelectronique.com\/index.php\/product\/node-mcu-v3\/\" \/>\n<meta property=\"og:site_name\" content=\"ADC Electronique\" \/>\n<meta property=\"article:modified_time\" content=\"2026-03-04T11:14:23+00:00\" \/>\n<meta property=\"og:image\" content=\"https:\/\/adcelectronique.com\/wp-content\/uploads\/2026\/03\/Introduction-to-NodeMCU-V3.png\" \/>\n\t<meta property=\"og:image:width\" content=\"1042\" \/>\n\t<meta property=\"og:image:height\" content=\"734\" \/>\n\t<meta property=\"og:image:type\" content=\"image\/png\" \/>\n<meta name=\"twitter:card\" content=\"summary_large_image\" \/>\n<meta name=\"twitter:label1\" content=\"Dur\u00e9e de lecture estim\u00e9e\" \/>\n\t<meta name=\"twitter:data1\" content=\"1 minute\" \/>\n<script type=\"application\/ld+json\" class=\"yoast-schema-graph\">{\"@context\":\"https:\/\/schema.org\",\"@graph\":[{\"@type\":\"WebPage\",\"@id\":\"https:\/\/adcelectronique.com\/index.php\/product\/node-mcu-v3\/\",\"url\":\"https:\/\/adcelectronique.com\/index.php\/product\/node-mcu-v3\/\",\"name\":\"NODE MCU V3 - ADC Electronique\",\"isPartOf\":{\"@id\":\"https:\/\/adcelectronique.com\/#website\"},\"primaryImageOfPage\":{\"@id\":\"https:\/\/adcelectronique.com\/index.php\/product\/node-mcu-v3\/#primaryimage\"},\"image\":{\"@id\":\"https:\/\/adcelectronique.com\/index.php\/product\/node-mcu-v3\/#primaryimage\"},\"thumbnailUrl\":\"https:\/\/adcelectronique.com\/wp-content\/uploads\/2026\/03\/Introduction-to-NodeMCU-V3.png\",\"datePublished\":\"2026-03-04T11:14:22+00:00\",\"dateModified\":\"2026-03-04T11:14:23+00:00\",\"breadcrumb\":{\"@id\":\"https:\/\/adcelectronique.com\/index.php\/product\/node-mcu-v3\/#breadcrumb\"},\"inLanguage\":\"fr-FR\",\"potentialAction\":[{\"@type\":\"ReadAction\",\"target\":[\"https:\/\/adcelectronique.com\/index.php\/product\/node-mcu-v3\/\"]}]},{\"@type\":\"ImageObject\",\"inLanguage\":\"fr-FR\",\"@id\":\"https:\/\/adcelectronique.com\/index.php\/product\/node-mcu-v3\/#primaryimage\",\"url\":\"https:\/\/adcelectronique.com\/wp-content\/uploads\/2026\/03\/Introduction-to-NodeMCU-V3.png\",\"contentUrl\":\"https:\/\/adcelectronique.com\/wp-content\/uploads\/2026\/03\/Introduction-to-NodeMCU-V3.png\",\"width\":1042,\"height\":734},{\"@type\":\"BreadcrumbList\",\"@id\":\"https:\/\/adcelectronique.com\/index.php\/product\/node-mcu-v3\/#breadcrumb\",\"itemListElement\":[{\"@type\":\"ListItem\",\"position\":1,\"name\":\"Home\",\"item\":\"https:\/\/adcelectronique.com\/\"},{\"@type\":\"ListItem\",\"position\":2,\"name\":\"Shop\",\"item\":\"https:\/\/adcelectronique.com\/index.php\/shop\/\"},{\"@type\":\"ListItem\",\"position\":3,\"name\":\"NODE MCU V3\"}]},{\"@type\":\"WebSite\",\"@id\":\"https:\/\/adcelectronique.com\/#website\",\"url\":\"https:\/\/adcelectronique.com\/\",\"name\":\"ADC Electronique\",\"description\":\"\",\"potentialAction\":[{\"@type\":\"SearchAction\",\"target\":{\"@type\":\"EntryPoint\",\"urlTemplate\":\"https:\/\/adcelectronique.com\/?s={search_term_string}\"},\"query-input\":{\"@type\":\"PropertyValueSpecification\",\"valueRequired\":true,\"valueName\":\"search_term_string\"}}],\"inLanguage\":\"fr-FR\"}]}<\/script>\n<!-- \/ Yoast SEO Premium plugin. -->","yoast_head_json":{"title":"NODE MCU V3 - ADC Electronique","robots":{"index":"index","follow":"follow","max-snippet":"max-snippet:-1","max-image-preview":"max-image-preview:large","max-video-preview":"max-video-preview:-1"},"canonical":"https:\/\/adcelectronique.com\/index.php\/product\/node-mcu-v3\/","og_locale":"fr_FR","og_type":"article","og_title":"NODE MCU V3","og_description":"Le NodeMCU V3 est une carte de d\u00e9veloppement Wi-Fi bas\u00e9e sur le ESP8266, qui permet de cr\u00e9er des projets connect\u00e9s facilement. Il est populaire pour les projets IoT (Internet des Objets) gr\u00e2ce \u00e0 sa facilit\u00e9 de programmation et sa compatibilit\u00e9 avec Arduino IDE.","og_url":"https:\/\/adcelectronique.com\/index.php\/product\/node-mcu-v3\/","og_site_name":"ADC Electronique","article_modified_time":"2026-03-04T11:14:23+00:00","og_image":[{"width":1042,"height":734,"url":"https:\/\/adcelectronique.com\/wp-content\/uploads\/2026\/03\/Introduction-to-NodeMCU-V3.png","type":"image\/png"}],"twitter_card":"summary_large_image","twitter_misc":{"Dur\u00e9e de lecture estim\u00e9e":"1 minute"},"schema":{"@context":"https:\/\/schema.org","@graph":[{"@type":"WebPage","@id":"https:\/\/adcelectronique.com\/index.php\/product\/node-mcu-v3\/","url":"https:\/\/adcelectronique.com\/index.php\/product\/node-mcu-v3\/","name":"NODE MCU V3 - ADC Electronique","isPartOf":{"@id":"https:\/\/adcelectronique.com\/#website"},"primaryImageOfPage":{"@id":"https:\/\/adcelectronique.com\/index.php\/product\/node-mcu-v3\/#primaryimage"},"image":{"@id":"https:\/\/adcelectronique.com\/index.php\/product\/node-mcu-v3\/#primaryimage"},"thumbnailUrl":"https:\/\/adcelectronique.com\/wp-content\/uploads\/2026\/03\/Introduction-to-NodeMCU-V3.png","datePublished":"2026-03-04T11:14:22+00:00","dateModified":"2026-03-04T11:14:23+00:00","breadcrumb":{"@id":"https:\/\/adcelectronique.com\/index.php\/product\/node-mcu-v3\/#breadcrumb"},"inLanguage":"fr-FR","potentialAction":[{"@type":"ReadAction","target":["https:\/\/adcelectronique.com\/index.php\/product\/node-mcu-v3\/"]}]},{"@type":"ImageObject","inLanguage":"fr-FR","@id":"https:\/\/adcelectronique.com\/index.php\/product\/node-mcu-v3\/#primaryimage","url":"https:\/\/adcelectronique.com\/wp-content\/uploads\/2026\/03\/Introduction-to-NodeMCU-V3.png","contentUrl":"https:\/\/adcelectronique.com\/wp-content\/uploads\/2026\/03\/Introduction-to-NodeMCU-V3.png","width":1042,"height":734},{"@type":"BreadcrumbList","@id":"https:\/\/adcelectronique.com\/index.php\/product\/node-mcu-v3\/#breadcrumb","itemListElement":[{"@type":"ListItem","position":1,"name":"Home","item":"https:\/\/adcelectronique.com\/"},{"@type":"ListItem","position":2,"name":"Shop","item":"https:\/\/adcelectronique.com\/index.php\/shop\/"},{"@type":"ListItem","position":3,"name":"NODE MCU V3"}]},{"@type":"WebSite","@id":"https:\/\/adcelectronique.com\/#website","url":"https:\/\/adcelectronique.com\/","name":"ADC Electronique","description":"","potentialAction":[{"@type":"SearchAction","target":{"@type":"EntryPoint","urlTemplate":"https:\/\/adcelectronique.com\/?s={search_term_string}"},"query-input":{"@type":"PropertyValueSpecification","valueRequired":true,"valueName":"search_term_string"}}],"inLanguage":"fr-FR"}]}},"_links":{"self":[{"href":"https:\/\/adcelectronique.com\/index.php\/wp-json\/wp\/v2\/product\/10972","targetHints":{"allow":["GET"]}}],"collection":[{"href":"https:\/\/adcelectronique.com\/index.php\/wp-json\/wp\/v2\/product"}],"about":[{"href":"https:\/\/adcelectronique.com\/index.php\/wp-json\/wp\/v2\/types\/product"}],"replies":[{"embeddable":true,"href":"https:\/\/adcelectronique.com\/index.php\/wp-json\/wp\/v2\/comments?post=10972"}],"version-history":[{"count":0,"href":"https:\/\/adcelectronique.com\/index.php\/wp-json\/wp\/v2\/product\/10972\/revisions"}],"wp:featuredmedia":[{"embeddable":true,"href":"https:\/\/adcelectronique.com\/index.php\/wp-json\/wp\/v2\/media\/10975"}],"wp:attachment":[{"href":"https:\/\/adcelectronique.com\/index.php\/wp-json\/wp\/v2\/media?parent=10972"}],"wp:term":[{"taxonomy":"product_brand","embeddable":true,"href":"https:\/\/adcelectronique.com\/index.php\/wp-json\/wp\/v2\/product_brand?post=10972"},{"taxonomy":"product_cat","embeddable":true,"href":"https:\/\/adcelectronique.com\/index.php\/wp-json\/wp\/v2\/product_cat?post=10972"},{"taxonomy":"product_tag","embeddable":true,"href":"https:\/\/adcelectronique.com\/index.php\/wp-json\/wp\/v2\/product_tag?post=10972"}],"curies":[{"name":"wp","href":"https:\/\/api.w.org\/{rel}","templated":true}]}}