{"id":10985,"date":"2026-03-04T11:26:09","date_gmt":"2026-03-04T11:26:09","guid":{"rendered":"https:\/\/adcelectronique.com\/?post_type=product&#038;p=10985"},"modified":"2026-03-04T11:26:10","modified_gmt":"2026-03-04T11:26:10","slug":"carte-de-devlopement-wemos-d1-r32","status":"publish","type":"product","link":"https:\/\/adcelectronique.com\/index.php\/product\/carte-de-devlopement-wemos-d1-r32\/","title":{"rendered":"CARTE DE DEVLOPEMENT WEMOS D1 R32"},"content":{"rendered":"<h3>\u00a0 \u00a0 \u00a0 \u00a0 \u00a0 \u00a0 \u00a0 \u00a0 \u00a0 \u00a0 \u00a0 \u00a0 \u00a0 \u00a0 \u00a0 \u00a0 \u00a0 \u00a0 \u00a0 \u00a0 \u00a0 \u00a0 \u00a0 CARTE DE DEVLOPEMENT WEMOS D1 R32<\/h3>\n<p>est un microcontr\u00f4leur bas\u00e9 sur l\u2019<strong data-start=\"77\" data-end=\"86\">ESP32<\/strong>. C\u2019est une version am\u00e9lior\u00e9e de la Wemos D1 classique (qui \u00e9tait bas\u00e9e sur l\u2019ESP8266), offrant plus de puissance et de fonctionnalit\u00e9s.<\/p>\n<h3 data-start=\"258\" data-end=\"284\"><strong data-start=\"265\" data-end=\"284\">Microcontr\u00f4leur<\/strong><\/h3>\n<ul data-start=\"285\" data-end=\"471\">\n<li data-start=\"285\" data-end=\"345\">\n<p data-start=\"287\" data-end=\"345\"><strong data-start=\"287\" data-end=\"296\">ESP32<\/strong> : double c\u0153ur, 32 bits, cadenc\u00e9 jusqu\u2019\u00e0 240\u202fMHz.<\/p>\n<\/li>\n<li data-start=\"346\" data-end=\"393\">\n<p data-start=\"348\" data-end=\"393\">Wi-Fi 802.11 b\/g\/n et Bluetooth BLE int\u00e9gr\u00e9s.<\/p>\n<\/li>\n<li data-start=\"394\" data-end=\"471\">\n<p data-start=\"396\" data-end=\"471\">Plus de GPIOs que l\u2019ESP8266, support du ADC, DAC, PWM, I\u00b2C, SPI, UART, etc.<\/p>\n<\/li>\n<\/ul>\n<h3 data-start=\"478\" data-end=\"501\"><strong data-start=\"485\" data-end=\"501\">Alimentation<\/strong><\/h3>\n<ul data-start=\"502\" data-end=\"708\">\n<li data-start=\"502\" data-end=\"564\">\n<p data-start=\"504\" data-end=\"564\">Entr\u00e9e via <strong data-start=\"515\" data-end=\"522\">USB<\/strong> (micro-USB ou Type-C selon mod\u00e8le) : 5\u202fV.<\/p>\n<\/li>\n<li data-start=\"565\" data-end=\"622\">\n<p data-start=\"567\" data-end=\"622\">Alimentation possible via pin Vin ou 3.3\u202fV directement.<\/p>\n<\/li>\n<li data-start=\"623\" data-end=\"708\">\n<p data-start=\"625\" data-end=\"708\">Tension logique : 3.3\u202fV (attention \u00e0 ne pas envoyer 5\u202fV directement sur les GPIOs).<\/p>\n<\/li>\n<\/ul>\n<h3 data-start=\"715\" data-end=\"738\"><strong data-start=\"722\" data-end=\"738\">Connectivit\u00e9<\/strong><\/h3>\n<ul data-start=\"739\" data-end=\"898\">\n<li data-start=\"739\" data-end=\"768\">\n<p data-start=\"741\" data-end=\"768\"><strong data-start=\"741\" data-end=\"750\">Wi-Fi<\/strong> pour projets IoT.<\/p>\n<\/li>\n<li data-start=\"769\" data-end=\"842\">\n<p data-start=\"771\" data-end=\"842\"><strong data-start=\"771\" data-end=\"795\">Bluetooth Low Energy<\/strong> (BLE) pour capteurs et p\u00e9riph\u00e9riques sans fil.<\/p>\n<\/li>\n<li data-start=\"843\" data-end=\"898\">\n<p data-start=\"845\" data-end=\"898\">Compatible avec Arduino IDE, MicroPython, PlatformIO.<\/p>\n<\/li>\n<\/ul>\n<h3 data-start=\"905\" data-end=\"937\"><strong data-start=\"912\" data-end=\"937\">GPIO et p\u00e9riph\u00e9riques<\/strong><\/h3>\n<ul data-start=\"938\" data-end=\"1111\">\n<li data-start=\"938\" data-end=\"1076\">\n<p data-start=\"940\" data-end=\"966\">Plusieurs broches pour :<\/p>\n<ul data-start=\"969\" data-end=\"1076\">\n<li data-start=\"969\" data-end=\"992\">\n<p data-start=\"971\" data-end=\"992\">PWM (LEDs, moteurs)<\/p>\n<\/li>\n<li data-start=\"995\" data-end=\"1013\">\n<p data-start=\"997\" data-end=\"1013\">I\u00b2C (capteurs)<\/p>\n<\/li>\n<li data-start=\"1016\" data-end=\"1043\">\n<p data-start=\"1018\" data-end=\"1043\">SPI (\u00e9crans, cartes SD)<\/p>\n<\/li>\n<li data-start=\"1046\" data-end=\"1076\">\n<p data-start=\"1048\" data-end=\"1076\">UART (communication s\u00e9rie)<\/p>\n<\/li>\n<\/ul>\n<\/li>\n<li data-start=\"1077\" data-end=\"1111\">\n<p data-start=\"1079\" data-end=\"1111\">ADC 12 bits int\u00e9gr\u00e9, DAC 8 bits.<\/p>\n<\/li>\n<\/ul>\n<h3 data-start=\"1118\" data-end=\"1149\"><strong data-start=\"1125\" data-end=\"1149\">Dimensions et format<\/strong><\/h3>\n<ul data-start=\"1150\" data-end=\"1283\">\n<li data-start=\"1150\" data-end=\"1283\">\n<p data-start=\"1152\" data-end=\"1283\">Format similaire \u00e0 la Wemos D1 R1\/R2, compatible avec les shields Arduino Uno (dans certains cas, attention aux pins non align\u00e9es).<\/p>\n<\/li>\n<\/ul>\n","protected":false},"excerpt":{"rendered":"<p>est un microcontr\u00f4leur bas\u00e9 sur l\u2019<strong data-start=\"77\" data-end=\"86\">ESP32<\/strong>. C\u2019est une version am\u00e9lior\u00e9e de la Wemos D1 classique (qui \u00e9tait bas\u00e9e sur l\u2019ESP8266), offrant plus de puissance et de fonctionnalit\u00e9s.<\/p>\n","protected":false},"featured_media":10987,"comment_status":"open","ping_status":"closed","template":"","meta":[],"product_brand":[144],"product_cat":[31],"product_tag":[],"class_list":{"0":"post-10985","1":"product","2":"type-product","3":"status-publish","4":"has-post-thumbnail","6":"product_brand-arduino","7":"product_cat-cartes-microcontroleurs","9":"first","10":"instock","11":"shipping-taxable","12":"purchasable","13":"product-type-simple"},"yoast_head":"<!-- This site is optimized with the Yoast SEO Premium plugin v26.2 (Yoast SEO v26.2) - https:\/\/yoast.com\/wordpress\/plugins\/seo\/ -->\n<title>CARTE DE DEVLOPEMENT WEMOS D1 R32 - ADC Electronique<\/title>\n<meta name=\"robots\" content=\"index, follow, max-snippet:-1, max-image-preview:large, max-video-preview:-1\" \/>\n<link rel=\"canonical\" href=\"https:\/\/adcelectronique.com\/index.php\/product\/carte-de-devlopement-wemos-d1-r32\/\" \/>\n<meta property=\"og:locale\" content=\"fr_FR\" \/>\n<meta property=\"og:type\" content=\"article\" \/>\n<meta property=\"og:title\" content=\"CARTE DE DEVLOPEMENT WEMOS D1 R32\" \/>\n<meta property=\"og:description\" content=\"est un microcontr\u00f4leur bas\u00e9 sur l\u2019ESP32. C\u2019est une version am\u00e9lior\u00e9e de la Wemos D1 classique (qui \u00e9tait bas\u00e9e sur l\u2019ESP8266), offrant plus de puissance et de fonctionnalit\u00e9s.\" \/>\n<meta property=\"og:url\" content=\"https:\/\/adcelectronique.com\/index.php\/product\/carte-de-devlopement-wemos-d1-r32\/\" \/>\n<meta property=\"og:site_name\" content=\"ADC Electronique\" \/>\n<meta property=\"article:modified_time\" content=\"2026-03-04T11:26:10+00:00\" \/>\n<meta property=\"og:image\" content=\"https:\/\/adcelectronique.com\/wp-content\/uploads\/2026\/03\/pinOut-R32-compressor.png\" \/>\n\t<meta property=\"og:image:width\" content=\"1436\" \/>\n\t<meta property=\"og:image:height\" content=\"892\" \/>\n\t<meta property=\"og:image:type\" content=\"image\/png\" \/>\n<meta name=\"twitter:card\" content=\"summary_large_image\" \/>\n<meta name=\"twitter:label1\" content=\"Dur\u00e9e de lecture estim\u00e9e\" \/>\n\t<meta name=\"twitter:data1\" content=\"2 minutes\" \/>\n<script type=\"application\/ld+json\" class=\"yoast-schema-graph\">{\"@context\":\"https:\/\/schema.org\",\"@graph\":[{\"@type\":\"WebPage\",\"@id\":\"https:\/\/adcelectronique.com\/index.php\/product\/carte-de-devlopement-wemos-d1-r32\/\",\"url\":\"https:\/\/adcelectronique.com\/index.php\/product\/carte-de-devlopement-wemos-d1-r32\/\",\"name\":\"CARTE DE DEVLOPEMENT WEMOS D1 R32 - ADC Electronique\",\"isPartOf\":{\"@id\":\"https:\/\/adcelectronique.com\/#website\"},\"primaryImageOfPage\":{\"@id\":\"https:\/\/adcelectronique.com\/index.php\/product\/carte-de-devlopement-wemos-d1-r32\/#primaryimage\"},\"image\":{\"@id\":\"https:\/\/adcelectronique.com\/index.php\/product\/carte-de-devlopement-wemos-d1-r32\/#primaryimage\"},\"thumbnailUrl\":\"https:\/\/adcelectronique.com\/wp-content\/uploads\/2026\/03\/pinOut-R32-compressor.png\",\"datePublished\":\"2026-03-04T11:26:09+00:00\",\"dateModified\":\"2026-03-04T11:26:10+00:00\",\"breadcrumb\":{\"@id\":\"https:\/\/adcelectronique.com\/index.php\/product\/carte-de-devlopement-wemos-d1-r32\/#breadcrumb\"},\"inLanguage\":\"fr-FR\",\"potentialAction\":[{\"@type\":\"ReadAction\",\"target\":[\"https:\/\/adcelectronique.com\/index.php\/product\/carte-de-devlopement-wemos-d1-r32\/\"]}]},{\"@type\":\"ImageObject\",\"inLanguage\":\"fr-FR\",\"@id\":\"https:\/\/adcelectronique.com\/index.php\/product\/carte-de-devlopement-wemos-d1-r32\/#primaryimage\",\"url\":\"https:\/\/adcelectronique.com\/wp-content\/uploads\/2026\/03\/pinOut-R32-compressor.png\",\"contentUrl\":\"https:\/\/adcelectronique.com\/wp-content\/uploads\/2026\/03\/pinOut-R32-compressor.png\",\"width\":1436,\"height\":892},{\"@type\":\"BreadcrumbList\",\"@id\":\"https:\/\/adcelectronique.com\/index.php\/product\/carte-de-devlopement-wemos-d1-r32\/#breadcrumb\",\"itemListElement\":[{\"@type\":\"ListItem\",\"position\":1,\"name\":\"Home\",\"item\":\"https:\/\/adcelectronique.com\/\"},{\"@type\":\"ListItem\",\"position\":2,\"name\":\"Shop\",\"item\":\"https:\/\/adcelectronique.com\/index.php\/shop\/\"},{\"@type\":\"ListItem\",\"position\":3,\"name\":\"CARTE DE DEVLOPEMENT WEMOS D1 R32\"}]},{\"@type\":\"WebSite\",\"@id\":\"https:\/\/adcelectronique.com\/#website\",\"url\":\"https:\/\/adcelectronique.com\/\",\"name\":\"ADC Electronique\",\"description\":\"\",\"potentialAction\":[{\"@type\":\"SearchAction\",\"target\":{\"@type\":\"EntryPoint\",\"urlTemplate\":\"https:\/\/adcelectronique.com\/?s={search_term_string}\"},\"query-input\":{\"@type\":\"PropertyValueSpecification\",\"valueRequired\":true,\"valueName\":\"search_term_string\"}}],\"inLanguage\":\"fr-FR\"}]}<\/script>\n<!-- \/ Yoast SEO Premium plugin. -->","yoast_head_json":{"title":"CARTE DE DEVLOPEMENT WEMOS D1 R32 - ADC Electronique","robots":{"index":"index","follow":"follow","max-snippet":"max-snippet:-1","max-image-preview":"max-image-preview:large","max-video-preview":"max-video-preview:-1"},"canonical":"https:\/\/adcelectronique.com\/index.php\/product\/carte-de-devlopement-wemos-d1-r32\/","og_locale":"fr_FR","og_type":"article","og_title":"CARTE DE DEVLOPEMENT WEMOS D1 R32","og_description":"est un microcontr\u00f4leur bas\u00e9 sur l\u2019ESP32. C\u2019est une version am\u00e9lior\u00e9e de la Wemos D1 classique (qui \u00e9tait bas\u00e9e sur l\u2019ESP8266), offrant plus de puissance et de fonctionnalit\u00e9s.","og_url":"https:\/\/adcelectronique.com\/index.php\/product\/carte-de-devlopement-wemos-d1-r32\/","og_site_name":"ADC Electronique","article_modified_time":"2026-03-04T11:26:10+00:00","og_image":[{"width":1436,"height":892,"url":"https:\/\/adcelectronique.com\/wp-content\/uploads\/2026\/03\/pinOut-R32-compressor.png","type":"image\/png"}],"twitter_card":"summary_large_image","twitter_misc":{"Dur\u00e9e de lecture estim\u00e9e":"2 minutes"},"schema":{"@context":"https:\/\/schema.org","@graph":[{"@type":"WebPage","@id":"https:\/\/adcelectronique.com\/index.php\/product\/carte-de-devlopement-wemos-d1-r32\/","url":"https:\/\/adcelectronique.com\/index.php\/product\/carte-de-devlopement-wemos-d1-r32\/","name":"CARTE DE DEVLOPEMENT WEMOS D1 R32 - ADC Electronique","isPartOf":{"@id":"https:\/\/adcelectronique.com\/#website"},"primaryImageOfPage":{"@id":"https:\/\/adcelectronique.com\/index.php\/product\/carte-de-devlopement-wemos-d1-r32\/#primaryimage"},"image":{"@id":"https:\/\/adcelectronique.com\/index.php\/product\/carte-de-devlopement-wemos-d1-r32\/#primaryimage"},"thumbnailUrl":"https:\/\/adcelectronique.com\/wp-content\/uploads\/2026\/03\/pinOut-R32-compressor.png","datePublished":"2026-03-04T11:26:09+00:00","dateModified":"2026-03-04T11:26:10+00:00","breadcrumb":{"@id":"https:\/\/adcelectronique.com\/index.php\/product\/carte-de-devlopement-wemos-d1-r32\/#breadcrumb"},"inLanguage":"fr-FR","potentialAction":[{"@type":"ReadAction","target":["https:\/\/adcelectronique.com\/index.php\/product\/carte-de-devlopement-wemos-d1-r32\/"]}]},{"@type":"ImageObject","inLanguage":"fr-FR","@id":"https:\/\/adcelectronique.com\/index.php\/product\/carte-de-devlopement-wemos-d1-r32\/#primaryimage","url":"https:\/\/adcelectronique.com\/wp-content\/uploads\/2026\/03\/pinOut-R32-compressor.png","contentUrl":"https:\/\/adcelectronique.com\/wp-content\/uploads\/2026\/03\/pinOut-R32-compressor.png","width":1436,"height":892},{"@type":"BreadcrumbList","@id":"https:\/\/adcelectronique.com\/index.php\/product\/carte-de-devlopement-wemos-d1-r32\/#breadcrumb","itemListElement":[{"@type":"ListItem","position":1,"name":"Home","item":"https:\/\/adcelectronique.com\/"},{"@type":"ListItem","position":2,"name":"Shop","item":"https:\/\/adcelectronique.com\/index.php\/shop\/"},{"@type":"ListItem","position":3,"name":"CARTE DE DEVLOPEMENT WEMOS D1 R32"}]},{"@type":"WebSite","@id":"https:\/\/adcelectronique.com\/#website","url":"https:\/\/adcelectronique.com\/","name":"ADC Electronique","description":"","potentialAction":[{"@type":"SearchAction","target":{"@type":"EntryPoint","urlTemplate":"https:\/\/adcelectronique.com\/?s={search_term_string}"},"query-input":{"@type":"PropertyValueSpecification","valueRequired":true,"valueName":"search_term_string"}}],"inLanguage":"fr-FR"}]}},"_links":{"self":[{"href":"https:\/\/adcelectronique.com\/index.php\/wp-json\/wp\/v2\/product\/10985","targetHints":{"allow":["GET"]}}],"collection":[{"href":"https:\/\/adcelectronique.com\/index.php\/wp-json\/wp\/v2\/product"}],"about":[{"href":"https:\/\/adcelectronique.com\/index.php\/wp-json\/wp\/v2\/types\/product"}],"replies":[{"embeddable":true,"href":"https:\/\/adcelectronique.com\/index.php\/wp-json\/wp\/v2\/comments?post=10985"}],"version-history":[{"count":0,"href":"https:\/\/adcelectronique.com\/index.php\/wp-json\/wp\/v2\/product\/10985\/revisions"}],"wp:featuredmedia":[{"embeddable":true,"href":"https:\/\/adcelectronique.com\/index.php\/wp-json\/wp\/v2\/media\/10987"}],"wp:attachment":[{"href":"https:\/\/adcelectronique.com\/index.php\/wp-json\/wp\/v2\/media?parent=10985"}],"wp:term":[{"taxonomy":"product_brand","embeddable":true,"href":"https:\/\/adcelectronique.com\/index.php\/wp-json\/wp\/v2\/product_brand?post=10985"},{"taxonomy":"product_cat","embeddable":true,"href":"https:\/\/adcelectronique.com\/index.php\/wp-json\/wp\/v2\/product_cat?post=10985"},{"taxonomy":"product_tag","embeddable":true,"href":"https:\/\/adcelectronique.com\/index.php\/wp-json\/wp\/v2\/product_tag?post=10985"}],"curies":[{"name":"wp","href":"https:\/\/api.w.org\/{rel}","templated":true}]}}