{"id":10989,"date":"2026-03-04T11:29:29","date_gmt":"2026-03-04T11:29:29","guid":{"rendered":"https:\/\/adcelectronique.com\/?post_type=product&#038;p=10989"},"modified":"2026-03-04T11:29:30","modified_gmt":"2026-03-04T11:29:30","slug":"carte-de-devlopement-esp32-wroom-32u","status":"publish","type":"product","link":"https:\/\/adcelectronique.com\/index.php\/product\/carte-de-devlopement-esp32-wroom-32u\/","title":{"rendered":"CARTE DE DEVLOPEMENT ESP32 WROOM 32U"},"content":{"rendered":"<h3>\u00a0 \u00a0 \u00a0 \u00a0 \u00a0 \u00a0 \u00a0 \u00a0 \u00a0 \u00a0 \u00a0 \u00a0 \u00a0 \u00a0 \u00a0 \u00a0 \u00a0 \u00a0 \u00a0 \u00a0 \u00a0 \u00a0 \u00a0 \u00a0 CARTE DE DEVLOPEMENT ESP32 WROOM 32U<\/h3>\n<p><strong data-start=\"188\" data-end=\"207\">ESP32-WROOM-32U<\/strong> est une carte bas\u00e9e sur le module <strong data-start=\"242\" data-end=\"251\">ESP32<\/strong> de <span class=\"hover:entity-accent entity-underline inline cursor-pointer align-baseline\"><span class=\"whitespace-normal\">Espressif Systems<\/span><\/span>. Elle est tr\u00e8s utilis\u00e9e pour des projets de <strong data-start=\"337\" data-end=\"344\">IoT<\/strong>, domotique, robots et capteurs connect\u00e9s. Le \u00ab\u00a0U\u00a0\u00bb signifie qu\u2019elle a une <strong data-start=\"417\" data-end=\"441\">antenne externe U.FL<\/strong>, ce qui permet de connecter une antenne Wi-Fi\/Bluetooth externe pour am\u00e9liorer la port\u00e9e.<\/p>\n<h2 data-start=\"538\" data-end=\"573\"><strong data-start=\"541\" data-end=\"573\">Caract\u00e9ristiques principales<\/strong><\/h2>\n<ul data-start=\"574\" data-end=\"1014\">\n<li data-start=\"574\" data-end=\"635\">\n<p data-start=\"576\" data-end=\"635\"><strong data-start=\"576\" data-end=\"595\">Microcontr\u00f4leur<\/strong> : ESP32 dual-core Xtensa LX6, 240 MHz<\/p>\n<\/li>\n<li data-start=\"636\" data-end=\"691\">\n<p data-start=\"638\" data-end=\"691\"><strong data-start=\"638\" data-end=\"649\">M\u00e9moire<\/strong> : 520 KB RAM, 4 MB Flash (selon mod\u00e8le)<\/p>\n<\/li>\n<li data-start=\"692\" data-end=\"762\">\n<p data-start=\"694\" data-end=\"762\"><strong data-start=\"694\" data-end=\"710\">Connectivit\u00e9<\/strong> : Wi-Fi 802.11 b\/g\/n, Bluetooth 4.2 BR\/EDR et BLE<\/p>\n<\/li>\n<li data-start=\"763\" data-end=\"856\">\n<p data-start=\"765\" data-end=\"856\"><strong data-start=\"765\" data-end=\"773\">GPIO<\/strong> : Plusieurs broches pour capteurs, moteurs, relais, PWM, ADC\/DAC, SPI, I2C, UART<\/p>\n<\/li>\n<li data-start=\"857\" data-end=\"911\">\n<p data-start=\"859\" data-end=\"911\"><strong data-start=\"859\" data-end=\"870\">Antenne<\/strong> : Connecteur U.FL pour antenne externe<\/p>\n<\/li>\n<li data-start=\"912\" data-end=\"964\">\n<p data-start=\"914\" data-end=\"964\"><strong data-start=\"914\" data-end=\"930\">Alimentation<\/strong> : 3,3V (par USB ou broches VIN)<\/p>\n<\/li>\n<li data-start=\"965\" data-end=\"1014\">\n<p data-start=\"967\" data-end=\"1014\"><strong data-start=\"967\" data-end=\"977\">Taille<\/strong> : compacte, adapt\u00e9e aux prototypes<\/p>\n<\/li>\n<\/ul>\n","protected":false},"excerpt":{"rendered":"<p><strong data-start=\"188\" data-end=\"207\">ESP32-WROOM-32U<\/strong> est une carte bas\u00e9e sur le module <strong data-start=\"242\" data-end=\"251\">ESP32<\/strong> de <span class=\"hover:entity-accent entity-underline inline cursor-pointer align-baseline\"><span class=\"whitespace-normal\">Espressif Systems<\/span><\/span>. Elle est tr\u00e8s utilis\u00e9e pour des projets de <strong data-start=\"337\" data-end=\"344\">IoT<\/strong>, domotique, robots et capteurs connect\u00e9s. Le \u00ab\u00a0U\u00a0\u00bb signifie qu\u2019elle a une <strong data-start=\"417\" data-end=\"441\">antenne externe U.FL<\/strong>, ce qui permet de connecter une antenne Wi-Fi\/Bluetooth externe pour am\u00e9liorer la port\u00e9e.<\/p>\n","protected":false},"featured_media":10991,"comment_status":"open","ping_status":"closed","template":"","meta":[],"product_brand":[144],"product_cat":[31],"product_tag":[],"class_list":{"0":"post-10989","1":"product","2":"type-product","3":"status-publish","4":"has-post-thumbnail","6":"product_brand-arduino","7":"product_cat-cartes-microcontroleurs","9":"first","10":"instock","11":"shipping-taxable","12":"purchasable","13":"product-type-simple"},"yoast_head":"<!-- This site is optimized with the Yoast SEO Premium plugin v26.2 (Yoast SEO v26.2) - https:\/\/yoast.com\/wordpress\/plugins\/seo\/ -->\n<title>CARTE DE DEVLOPEMENT ESP32 WROOM 32U - ADC Electronique<\/title>\n<meta name=\"robots\" content=\"index, follow, max-snippet:-1, max-image-preview:large, max-video-preview:-1\" \/>\n<link rel=\"canonical\" href=\"https:\/\/adcelectronique.com\/index.php\/product\/carte-de-devlopement-esp32-wroom-32u\/\" \/>\n<meta property=\"og:locale\" content=\"fr_FR\" \/>\n<meta property=\"og:type\" content=\"article\" \/>\n<meta property=\"og:title\" content=\"CARTE DE DEVLOPEMENT ESP32 WROOM 32U\" \/>\n<meta property=\"og:description\" content=\"ESP32-WROOM-32U est une carte bas\u00e9e sur le module ESP32 de Espressif Systems. Elle est tr\u00e8s utilis\u00e9e pour des projets de IoT, domotique, robots et capteurs connect\u00e9s. Le &quot;U&quot; signifie qu\u2019elle a une antenne externe U.FL, ce qui permet de connecter une antenne Wi-Fi\/Bluetooth externe pour am\u00e9liorer la port\u00e9e.\" \/>\n<meta property=\"og:url\" content=\"https:\/\/adcelectronique.com\/index.php\/product\/carte-de-devlopement-esp32-wroom-32u\/\" \/>\n<meta property=\"og:site_name\" content=\"ADC Electronique\" \/>\n<meta property=\"article:modified_time\" content=\"2026-03-04T11:29:30+00:00\" \/>\n<meta property=\"og:image\" content=\"https:\/\/adcelectronique.com\/wp-content\/uploads\/2026\/03\/71lpx117w4L.jpg\" \/>\n\t<meta property=\"og:image:width\" content=\"1000\" \/>\n\t<meta property=\"og:image:height\" content=\"1000\" \/>\n\t<meta property=\"og:image:type\" content=\"image\/jpeg\" \/>\n<meta name=\"twitter:card\" content=\"summary_large_image\" \/>\n<meta name=\"twitter:label1\" content=\"Dur\u00e9e de lecture estim\u00e9e\" \/>\n\t<meta name=\"twitter:data1\" content=\"1 minute\" \/>\n<script type=\"application\/ld+json\" class=\"yoast-schema-graph\">{\"@context\":\"https:\/\/schema.org\",\"@graph\":[{\"@type\":\"WebPage\",\"@id\":\"https:\/\/adcelectronique.com\/index.php\/product\/carte-de-devlopement-esp32-wroom-32u\/\",\"url\":\"https:\/\/adcelectronique.com\/index.php\/product\/carte-de-devlopement-esp32-wroom-32u\/\",\"name\":\"CARTE DE DEVLOPEMENT ESP32 WROOM 32U - ADC Electronique\",\"isPartOf\":{\"@id\":\"https:\/\/adcelectronique.com\/#website\"},\"primaryImageOfPage\":{\"@id\":\"https:\/\/adcelectronique.com\/index.php\/product\/carte-de-devlopement-esp32-wroom-32u\/#primaryimage\"},\"image\":{\"@id\":\"https:\/\/adcelectronique.com\/index.php\/product\/carte-de-devlopement-esp32-wroom-32u\/#primaryimage\"},\"thumbnailUrl\":\"https:\/\/adcelectronique.com\/wp-content\/uploads\/2026\/03\/71lpx117w4L.jpg\",\"datePublished\":\"2026-03-04T11:29:29+00:00\",\"dateModified\":\"2026-03-04T11:29:30+00:00\",\"breadcrumb\":{\"@id\":\"https:\/\/adcelectronique.com\/index.php\/product\/carte-de-devlopement-esp32-wroom-32u\/#breadcrumb\"},\"inLanguage\":\"fr-FR\",\"potentialAction\":[{\"@type\":\"ReadAction\",\"target\":[\"https:\/\/adcelectronique.com\/index.php\/product\/carte-de-devlopement-esp32-wroom-32u\/\"]}]},{\"@type\":\"ImageObject\",\"inLanguage\":\"fr-FR\",\"@id\":\"https:\/\/adcelectronique.com\/index.php\/product\/carte-de-devlopement-esp32-wroom-32u\/#primaryimage\",\"url\":\"https:\/\/adcelectronique.com\/wp-content\/uploads\/2026\/03\/71lpx117w4L.jpg\",\"contentUrl\":\"https:\/\/adcelectronique.com\/wp-content\/uploads\/2026\/03\/71lpx117w4L.jpg\",\"width\":1000,\"height\":1000},{\"@type\":\"BreadcrumbList\",\"@id\":\"https:\/\/adcelectronique.com\/index.php\/product\/carte-de-devlopement-esp32-wroom-32u\/#breadcrumb\",\"itemListElement\":[{\"@type\":\"ListItem\",\"position\":1,\"name\":\"Home\",\"item\":\"https:\/\/adcelectronique.com\/\"},{\"@type\":\"ListItem\",\"position\":2,\"name\":\"Shop\",\"item\":\"https:\/\/adcelectronique.com\/index.php\/shop\/\"},{\"@type\":\"ListItem\",\"position\":3,\"name\":\"CARTE DE DEVLOPEMENT ESP32 WROOM 32U\"}]},{\"@type\":\"WebSite\",\"@id\":\"https:\/\/adcelectronique.com\/#website\",\"url\":\"https:\/\/adcelectronique.com\/\",\"name\":\"ADC Electronique\",\"description\":\"\",\"potentialAction\":[{\"@type\":\"SearchAction\",\"target\":{\"@type\":\"EntryPoint\",\"urlTemplate\":\"https:\/\/adcelectronique.com\/?s={search_term_string}\"},\"query-input\":{\"@type\":\"PropertyValueSpecification\",\"valueRequired\":true,\"valueName\":\"search_term_string\"}}],\"inLanguage\":\"fr-FR\"}]}<\/script>\n<!-- \/ Yoast SEO Premium plugin. -->","yoast_head_json":{"title":"CARTE DE DEVLOPEMENT ESP32 WROOM 32U - ADC Electronique","robots":{"index":"index","follow":"follow","max-snippet":"max-snippet:-1","max-image-preview":"max-image-preview:large","max-video-preview":"max-video-preview:-1"},"canonical":"https:\/\/adcelectronique.com\/index.php\/product\/carte-de-devlopement-esp32-wroom-32u\/","og_locale":"fr_FR","og_type":"article","og_title":"CARTE DE DEVLOPEMENT ESP32 WROOM 32U","og_description":"ESP32-WROOM-32U est une carte bas\u00e9e sur le module ESP32 de Espressif Systems. Elle est tr\u00e8s utilis\u00e9e pour des projets de IoT, domotique, robots et capteurs connect\u00e9s. Le \"U\" signifie qu\u2019elle a une antenne externe U.FL, ce qui permet de connecter une antenne Wi-Fi\/Bluetooth externe pour am\u00e9liorer la port\u00e9e.","og_url":"https:\/\/adcelectronique.com\/index.php\/product\/carte-de-devlopement-esp32-wroom-32u\/","og_site_name":"ADC Electronique","article_modified_time":"2026-03-04T11:29:30+00:00","og_image":[{"width":1000,"height":1000,"url":"https:\/\/adcelectronique.com\/wp-content\/uploads\/2026\/03\/71lpx117w4L.jpg","type":"image\/jpeg"}],"twitter_card":"summary_large_image","twitter_misc":{"Dur\u00e9e de lecture estim\u00e9e":"1 minute"},"schema":{"@context":"https:\/\/schema.org","@graph":[{"@type":"WebPage","@id":"https:\/\/adcelectronique.com\/index.php\/product\/carte-de-devlopement-esp32-wroom-32u\/","url":"https:\/\/adcelectronique.com\/index.php\/product\/carte-de-devlopement-esp32-wroom-32u\/","name":"CARTE DE DEVLOPEMENT ESP32 WROOM 32U - ADC Electronique","isPartOf":{"@id":"https:\/\/adcelectronique.com\/#website"},"primaryImageOfPage":{"@id":"https:\/\/adcelectronique.com\/index.php\/product\/carte-de-devlopement-esp32-wroom-32u\/#primaryimage"},"image":{"@id":"https:\/\/adcelectronique.com\/index.php\/product\/carte-de-devlopement-esp32-wroom-32u\/#primaryimage"},"thumbnailUrl":"https:\/\/adcelectronique.com\/wp-content\/uploads\/2026\/03\/71lpx117w4L.jpg","datePublished":"2026-03-04T11:29:29+00:00","dateModified":"2026-03-04T11:29:30+00:00","breadcrumb":{"@id":"https:\/\/adcelectronique.com\/index.php\/product\/carte-de-devlopement-esp32-wroom-32u\/#breadcrumb"},"inLanguage":"fr-FR","potentialAction":[{"@type":"ReadAction","target":["https:\/\/adcelectronique.com\/index.php\/product\/carte-de-devlopement-esp32-wroom-32u\/"]}]},{"@type":"ImageObject","inLanguage":"fr-FR","@id":"https:\/\/adcelectronique.com\/index.php\/product\/carte-de-devlopement-esp32-wroom-32u\/#primaryimage","url":"https:\/\/adcelectronique.com\/wp-content\/uploads\/2026\/03\/71lpx117w4L.jpg","contentUrl":"https:\/\/adcelectronique.com\/wp-content\/uploads\/2026\/03\/71lpx117w4L.jpg","width":1000,"height":1000},{"@type":"BreadcrumbList","@id":"https:\/\/adcelectronique.com\/index.php\/product\/carte-de-devlopement-esp32-wroom-32u\/#breadcrumb","itemListElement":[{"@type":"ListItem","position":1,"name":"Home","item":"https:\/\/adcelectronique.com\/"},{"@type":"ListItem","position":2,"name":"Shop","item":"https:\/\/adcelectronique.com\/index.php\/shop\/"},{"@type":"ListItem","position":3,"name":"CARTE DE DEVLOPEMENT ESP32 WROOM 32U"}]},{"@type":"WebSite","@id":"https:\/\/adcelectronique.com\/#website","url":"https:\/\/adcelectronique.com\/","name":"ADC Electronique","description":"","potentialAction":[{"@type":"SearchAction","target":{"@type":"EntryPoint","urlTemplate":"https:\/\/adcelectronique.com\/?s={search_term_string}"},"query-input":{"@type":"PropertyValueSpecification","valueRequired":true,"valueName":"search_term_string"}}],"inLanguage":"fr-FR"}]}},"_links":{"self":[{"href":"https:\/\/adcelectronique.com\/index.php\/wp-json\/wp\/v2\/product\/10989","targetHints":{"allow":["GET"]}}],"collection":[{"href":"https:\/\/adcelectronique.com\/index.php\/wp-json\/wp\/v2\/product"}],"about":[{"href":"https:\/\/adcelectronique.com\/index.php\/wp-json\/wp\/v2\/types\/product"}],"replies":[{"embeddable":true,"href":"https:\/\/adcelectronique.com\/index.php\/wp-json\/wp\/v2\/comments?post=10989"}],"version-history":[{"count":0,"href":"https:\/\/adcelectronique.com\/index.php\/wp-json\/wp\/v2\/product\/10989\/revisions"}],"wp:featuredmedia":[{"embeddable":true,"href":"https:\/\/adcelectronique.com\/index.php\/wp-json\/wp\/v2\/media\/10991"}],"wp:attachment":[{"href":"https:\/\/adcelectronique.com\/index.php\/wp-json\/wp\/v2\/media?parent=10989"}],"wp:term":[{"taxonomy":"product_brand","embeddable":true,"href":"https:\/\/adcelectronique.com\/index.php\/wp-json\/wp\/v2\/product_brand?post=10989"},{"taxonomy":"product_cat","embeddable":true,"href":"https:\/\/adcelectronique.com\/index.php\/wp-json\/wp\/v2\/product_cat?post=10989"},{"taxonomy":"product_tag","embeddable":true,"href":"https:\/\/adcelectronique.com\/index.php\/wp-json\/wp\/v2\/product_tag?post=10989"}],"curies":[{"name":"wp","href":"https:\/\/api.w.org\/{rel}","templated":true}]}}