{"id":11004,"date":"2026-03-29T08:49:35","date_gmt":"2026-03-29T08:49:35","guid":{"rendered":"https:\/\/adcelectronique.com\/?post_type=product&#038;p=11004"},"modified":"2026-03-29T08:49:37","modified_gmt":"2026-03-29T08:49:37","slug":"centrale-dalarme-teletek-eclipse-08-plus","status":"publish","type":"product","link":"https:\/\/adcelectronique.com\/index.php\/product\/centrale-dalarme-teletek-eclipse-08-plus\/","title":{"rendered":"CENTRALE D&rsquo;ALARME TELETEK ECLIPSE 08 PLUS"},"content":{"rendered":"<h4>\u00a0 \u00a0 \u00a0 \u00a0 \u00a0 \u00a0 \u00a0 \u00a0 \u00a0 \u00a0 \u00a0 \u00a0 \u00a0 \u00a0 \u00a0 \u00a0 \u00a0 \u00a0 \u00a0 \u00a0 \u00a0 \u00a0 \u00a0 \u00a0 \u00a0 \u00a0 \u00a0 \u00a0 \u00a0 \u00a0CENTRALE D&rsquo;ALARME TELETEK ECLIPSE 08 PLUS<\/h4>\n<h4>\u00a0 \u00a0 \u00a0<em> \u00a0Description<\/em><\/h4>\n<div class=\"flex flex-1 grow basis-auto flex-col overflow-hidden\">\n<div class=\"relative h-full\">\n<div class=\"flex h-full flex-col overflow-y-auto [scrollbar-gutter:stable]\">\n<div class=\"@thread-xl\/thread:pt-header-height mt-1.5 flex flex-col text-sm md:pb-9\">\n<article class=\"text-token-text-primary w-full\" dir=\"auto\" data-testid=\"conversation-turn-6\" data-scroll-anchor=\"true\">\n<div class=\"text-base my-auto mx-auto py-5 px-6\">\n<div class=\"mx-auto flex flex-1 text-base gap-4 md:gap-5 lg:gap-6 md:max-w-3xl lg:max-w-[40rem] xl:max-w-[48rem] group\/turn-messages focus-visible:outline-hidden\">\n<div class=\"group\/conversation-turn relative flex w-full min-w-0 flex-col agent-turn @xs\/thread:px-0 @sm\/thread:px-1.5 @md\/thread:px-4\">\n<div class=\"relative flex-col gap-1 md:gap-3\">\n<div class=\"flex max-w-full flex-col grow\">\n<div class=\"min-h-8 text-message relative flex w-full flex-col items-end gap-2 text-start break-words whitespace-normal [.text-message+&amp;]:mt-5\" dir=\"auto\" data-message-author-role=\"assistant\" data-message-id=\"417fa453-4d5b-4f31-8d07-97cd2f866e34\" data-message-model-slug=\"gpt-4o\">\n<div class=\"flex w-full flex-col gap-1 empty:hidden first:pt-[3px]\">\n<div class=\"markdown prose dark:prose-invert w-full break-words light\">\n<p data-start=\"313\" data-end=\"683\">Pour les petites structures commerciales, les bureaux ou les habitations individuelles, il est essentiel de disposer d\u2019un syst\u00e8me de s\u00e9curit\u00e9 simple, performant et \u00e9volutif. C\u2019est exactement ce que propose\u00a0<strong data-start=\"519\" data-end=\"542\">Teletek Electronics<\/strong>\u00a0avec sa\u00a0<strong data-start=\"551\" data-end=\"583\">centrale d\u2019alarme Eclipse 8+<\/strong>, une solution hybride con\u00e7ue pour offrir\u00a0<strong data-start=\"625\" data-end=\"659\">jusqu\u2019\u00e0 16 zones de protection<\/strong>\u00a0dans un format compact.<\/p>\n<p data-start=\"1474\" data-end=\"1513\">L\u2019Eclipse 8+ peut \u00eatre programm\u00e9e via :<\/p>\n<ul data-start=\"1514\" data-end=\"1637\">\n<li data-start=\"1514\" data-end=\"1538\">\n<p data-start=\"1516\" data-end=\"1538\">Le\u00a0<strong data-start=\"1519\" data-end=\"1538\">clavier int\u00e9gr\u00e9<\/strong><\/p>\n<\/li>\n<li data-start=\"1539\" data-end=\"1563\">\n<p data-start=\"1541\" data-end=\"1563\">Le\u00a0<strong data-start=\"1544\" data-end=\"1563\">logiciel ProsTE<\/strong><\/p>\n<\/li>\n<li data-start=\"1564\" data-end=\"1637\">\n<p data-start=\"1566\" data-end=\"1637\">Trois m\u00e9thodes : par adresses, par op\u00e9rations ou par menus arborescents<\/p>\n<\/li>\n<\/ul>\n<p data-start=\"1639\" data-end=\"1729\">Le syst\u00e8me est \u00e9galement compatible avec les outils de supervision et d\u2019acc\u00e8s \u00e0 distance :<\/p>\n<ul data-start=\"1730\" data-end=\"1791\">\n<li data-start=\"1730\" data-end=\"1743\">\n<p data-start=\"1732\" data-end=\"1743\"><strong data-start=\"1732\" data-end=\"1743\">AjaxWEB<\/strong><\/p>\n<\/li>\n<li data-start=\"1744\" data-end=\"1759\">\n<p data-start=\"1746\" data-end=\"1759\"><strong data-start=\"1746\" data-end=\"1759\">MobileTTE<\/strong><\/p>\n<\/li>\n<li data-start=\"1760\" data-end=\"1776\">\n<p data-start=\"1762\" data-end=\"1776\"><strong data-start=\"1762\" data-end=\"1776\">Guard View<\/strong><\/p>\n<\/li>\n<li data-start=\"1777\" data-end=\"1791\">\n<p data-start=\"1779\" data-end=\"1791\"><strong data-start=\"1779\" data-end=\"1791\">Observer<\/strong><\/p>\n<h2 data-start=\"2216\" data-end=\"2258\"><em>Caract\u00e9ristiques techniques principales<\/em><\/h2>\n<div class=\"overflow-x-auto contain-inline-size\">\n<table data-start=\"2260\" data-end=\"3117\">\n<thead data-start=\"2260\" data-end=\"2338\">\n<tr data-start=\"2260\" data-end=\"2338\">\n<th data-start=\"2260\" data-end=\"2294\">FONCTION<\/th>\n<th data-start=\"2294\" data-end=\"2338\">SP\u00c9CIFICATION<\/th>\n<\/tr>\n<\/thead>\n<tbody data-start=\"2418\" data-end=\"3117\">\n<tr data-start=\"2418\" data-end=\"2494\">\n<td>Zones \u00e0 bord<\/td>\n<td>8 (jusqu\u2019\u00e0 16 avec extension)<\/td>\n<\/tr>\n<tr data-start=\"2495\" data-end=\"2571\">\n<td>Sorties PGM<\/td>\n<td>5 \u00e0 bord, jusqu\u2019\u00e0 8 au total<\/td>\n<\/tr>\n<tr data-start=\"2572\" data-end=\"2649\">\n<td>Partitions<\/td>\n<td>3<\/td>\n<\/tr>\n<tr data-start=\"2650\" data-end=\"2728\">\n<td>Appareils sans fil<\/td>\n<td>16 d\u00e9tecteurs, 3 sir\u00e8nes, 32 t\u00e9l\u00e9commandes<\/td>\n<\/tr>\n<tr data-start=\"2729\" data-end=\"2806\">\n<td>Codes utilisateurs<\/td>\n<td>32<\/td>\n<\/tr>\n<tr data-start=\"2807\" data-end=\"2883\">\n<td>Alimentation secteur<\/td>\n<td>230 VAC \u00b110%, 17 VAC\/17 VA<\/td>\n<\/tr>\n<tr data-start=\"2884\" data-end=\"2961\">\n<td>Batterie de secours<\/td>\n<td>12 V \/ 7 Ah<\/td>\n<\/tr>\n<tr data-start=\"2962\" data-end=\"3039\">\n<td>Dimensions du bo\u00eetier<\/td>\n<td>290 x 240 x 80 mm<\/td>\n<\/tr>\n<tr data-start=\"3040\" data-end=\"3117\">\n<td>Temp\u00e9rature de fonctionnement<\/td>\n<td>de -10\u00b0C \u00e0 +60\u00b0<\/td>\n<\/tr>\n<\/tbody>\n<\/table>\n<\/div>\n<\/li>\n<\/ul>\n<\/div>\n<\/div>\n<\/div>\n<\/div>\n<\/div>\n<\/div>\n<\/div>\n<\/div>\n<\/article>\n<\/div>\n<\/div>\n<\/div>\n<\/div>\n","protected":false},"excerpt":{"rendered":"<h4><em>\u00a0Description<\/em><\/h4>\n<div class=\"flex flex-1 grow basis-auto flex-col overflow-hidden\">\n<div class=\"relative h-full\">\n<div class=\"flex h-full flex-col overflow-y-auto [scrollbar-gutter:stable]\">\n<div class=\"@thread-xl\/thread:pt-header-height mt-1.5 flex flex-col text-sm md:pb-9\">\n<article class=\"text-token-text-primary w-full\" dir=\"auto\" data-testid=\"conversation-turn-6\" data-scroll-anchor=\"true\">\n<div class=\"text-base my-auto mx-auto py-5 px-6\">\n<div class=\"mx-auto flex flex-1 text-base gap-4 md:gap-5 lg:gap-6 md:max-w-3xl lg:max-w-[40rem] xl:max-w-[48rem] group\/turn-messages focus-visible:outline-hidden\">\n<div class=\"group\/conversation-turn relative flex w-full min-w-0 flex-col agent-turn @xs\/thread:px-0 @sm\/thread:px-1.5 @md\/thread:px-4\">\n<div class=\"relative flex-col gap-1 md:gap-3\">\n<div class=\"flex max-w-full flex-col grow\">\n<div class=\"min-h-8 text-message relative flex w-full flex-col items-end gap-2 text-start break-words whitespace-normal [.text-message+&amp;]:mt-5\" dir=\"auto\" data-message-author-role=\"assistant\" data-message-id=\"417fa453-4d5b-4f31-8d07-97cd2f866e34\" data-message-model-slug=\"gpt-4o\">\n<div class=\"flex w-full flex-col gap-1 empty:hidden first:pt-[3px]\">\n<div class=\"markdown prose dark:prose-invert w-full break-words light\">\n<p class=\"\" data-start=\"313\" data-end=\"683\">Pour les petites structures commerciales, les bureaux ou les habitations individuelles, il est essentiel de disposer d\u2019un syst\u00e8me de s\u00e9curit\u00e9 simple, performant et \u00e9volutif. C\u2019est exactement ce que propose\u00a0<strong data-start=\"519\" data-end=\"542\">Teletek Electronics<\/strong>\u00a0avec sa\u00a0<strong data-start=\"551\" data-end=\"583\">centrale d\u2019alarme Eclipse 8+<\/strong>, une solution hybride con\u00e7ue pour offrir\u00a0<strong data-start=\"625\" data-end=\"659\">jusqu\u2019\u00e0 16 zones de protection<\/strong>\u00a0dans un format compact.<\/p>\n<p class=\"\" data-start=\"1474\" data-end=\"1513\">L\u2019Eclipse 8+ peut \u00eatre programm\u00e9e via :<\/p>\n<ul data-start=\"1514\" data-end=\"1637\">\n<li class=\"\" data-start=\"1514\" data-end=\"1538\">\n<p class=\"\" data-start=\"1516\" data-end=\"1538\">Le\u00a0<strong data-start=\"1519\" data-end=\"1538\">clavier int\u00e9gr\u00e9<\/strong><\/p>\n<\/li>\n<li class=\"\" data-start=\"1539\" data-end=\"1563\">\n<p class=\"\" data-start=\"1541\" data-end=\"1563\">Le\u00a0<strong data-start=\"1544\" data-end=\"1563\">logiciel ProsTE<\/strong><\/p>\n<\/li>\n<li class=\"\" data-start=\"1564\" data-end=\"1637\">\n<p class=\"\" data-start=\"1566\" data-end=\"1637\">Trois m\u00e9thodes : par adresses, par op\u00e9rations ou par menus arborescents<\/p>\n<\/li>\n<\/ul>\n<p class=\"\" data-start=\"1639\" data-end=\"1729\">Le syst\u00e8me est \u00e9galement compatible avec les outils de supervision et d\u2019acc\u00e8s \u00e0 distance :<\/p>\n<ul data-start=\"1730\" data-end=\"1791\">\n<li class=\"\" data-start=\"1730\" data-end=\"1743\">\n<p class=\"\" data-start=\"1732\" data-end=\"1743\"><strong data-start=\"1732\" data-end=\"1743\">AjaxWEB<\/strong><\/p>\n<\/li>\n<li class=\"\" data-start=\"1744\" data-end=\"1759\">\n<p class=\"\" data-start=\"1746\" data-end=\"1759\"><strong data-start=\"1746\" data-end=\"1759\">MobileTTE<\/strong><\/p>\n<\/li>\n<li class=\"\" data-start=\"1760\" data-end=\"1776\">\n<p class=\"\" data-start=\"1762\" data-end=\"1776\"><strong data-start=\"1762\" data-end=\"1776\">Guard View<\/strong><\/p>\n<\/li>\n<li class=\"\" data-start=\"1777\" data-end=\"1791\">\n<p class=\"\" data-start=\"1779\" data-end=\"1791\"><strong data-start=\"1779\" data-end=\"1791\">Observer<\/strong><\/p>\n<\/li>\n<\/ul>\n<\/div>\n<\/div>\n<\/div>\n<\/div>\n<\/div>\n<\/div>\n<\/div>\n<\/div>\n<\/article>\n<\/div>\n<\/div>\n<\/div>\n<\/div>\n","protected":false},"featured_media":11006,"comment_status":"open","ping_status":"closed","template":"","meta":[],"product_brand":[149],"product_cat":[147],"product_tag":[],"class_list":{"0":"post-11004","1":"product","2":"type-product","3":"status-publish","4":"has-post-thumbnail","6":"product_brand-teletek","7":"product_cat-anti-intrusion","9":"first","10":"instock","11":"shipping-taxable","12":"product-type-simple"},"yoast_head":"<!-- This site is optimized with the Yoast SEO Premium plugin v26.2 (Yoast SEO v26.2) - https:\/\/yoast.com\/wordpress\/plugins\/seo\/ -->\n<title>CENTRALE D&#039;ALARME TELETEK ECLIPSE 08 PLUS - ADC Electronique<\/title>\n<meta name=\"description\" content=\"\u00a0DescriptionPour les petites structures commerciales, les bureaux ou les habitations individuelles, il est essentiel de disposer d\u2019un syst\u00e8me de s\u00e9curit\u00e9 simple, performant et \u00e9volutif. C\u2019est exactement ce que propose\u00a0Teletek Electronics\u00a0avec sa\u00a0centrale d\u2019alarme Eclipse 8+, une solution hybride con\u00e7ue pour offrir\u00a0jusqu\u2019\u00e0 16 zones de protection\u00a0dans un format compact.L\u2019Eclipse 8+ peut \u00eatre programm\u00e9e via :Le\u00a0clavier int\u00e9gr\u00e9Le\u00a0logiciel ProsTETrois m\u00e9thodes : par adresses, par op\u00e9rations ou par menus arborescentsLe syst\u00e8me est \u00e9galement compatible avec les outils de supervision et d\u2019acc\u00e8s \u00e0 distance :AjaxWEBMobileTTEGuard ViewObserver\" \/>\n<meta name=\"robots\" content=\"index, follow, max-snippet:-1, max-image-preview:large, max-video-preview:-1\" \/>\n<link rel=\"canonical\" href=\"https:\/\/adcelectronique.com\/index.php\/product\/centrale-dalarme-teletek-eclipse-08-plus\/\" \/>\n<meta property=\"og:locale\" content=\"fr_FR\" \/>\n<meta property=\"og:type\" content=\"article\" \/>\n<meta property=\"og:title\" content=\"CENTRALE D&#039;ALARME TELETEK ECLIPSE 08 PLUS\" \/>\n<meta property=\"og:description\" content=\"\u00a0DescriptionPour les petites structures commerciales, les bureaux ou les habitations individuelles, il est essentiel de disposer d\u2019un syst\u00e8me de s\u00e9curit\u00e9 simple, performant et \u00e9volutif. C\u2019est exactement ce que propose\u00a0Teletek Electronics\u00a0avec sa\u00a0centrale d\u2019alarme Eclipse 8+, une solution hybride con\u00e7ue pour offrir\u00a0jusqu\u2019\u00e0 16 zones de protection\u00a0dans un format compact.L\u2019Eclipse 8+ peut \u00eatre programm\u00e9e via :Le\u00a0clavier int\u00e9gr\u00e9Le\u00a0logiciel ProsTETrois m\u00e9thodes : par adresses, par op\u00e9rations ou par menus arborescentsLe syst\u00e8me est \u00e9galement compatible avec les outils de supervision et d\u2019acc\u00e8s \u00e0 distance :AjaxWEBMobileTTEGuard ViewObserver\" \/>\n<meta property=\"og:url\" content=\"https:\/\/adcelectronique.com\/index.php\/product\/centrale-dalarme-teletek-eclipse-08-plus\/\" \/>\n<meta property=\"og:site_name\" content=\"ADC Electronique\" \/>\n<meta property=\"article:modified_time\" content=\"2026-03-29T08:49:37+00:00\" \/>\n<meta property=\"og:image\" content=\"https:\/\/adcelectronique.com\/wp-content\/uploads\/2026\/03\/Eclips_8.jpg\" \/>\n\t<meta property=\"og:image:width\" content=\"500\" \/>\n\t<meta property=\"og:image:height\" content=\"500\" \/>\n\t<meta property=\"og:image:type\" content=\"image\/jpeg\" \/>\n<meta name=\"twitter:card\" content=\"summary_large_image\" \/>\n<meta name=\"twitter:label1\" content=\"Dur\u00e9e de lecture estim\u00e9e\" \/>\n\t<meta name=\"twitter:data1\" content=\"2 minutes\" \/>\n<script type=\"application\/ld+json\" class=\"yoast-schema-graph\">{\"@context\":\"https:\/\/schema.org\",\"@graph\":[{\"@type\":\"WebPage\",\"@id\":\"https:\/\/adcelectronique.com\/index.php\/product\/centrale-dalarme-teletek-eclipse-08-plus\/\",\"url\":\"https:\/\/adcelectronique.com\/index.php\/product\/centrale-dalarme-teletek-eclipse-08-plus\/\",\"name\":\"CENTRALE D'ALARME TELETEK ECLIPSE 08 PLUS - ADC Electronique\",\"isPartOf\":{\"@id\":\"https:\/\/adcelectronique.com\/#website\"},\"primaryImageOfPage\":{\"@id\":\"https:\/\/adcelectronique.com\/index.php\/product\/centrale-dalarme-teletek-eclipse-08-plus\/#primaryimage\"},\"image\":{\"@id\":\"https:\/\/adcelectronique.com\/index.php\/product\/centrale-dalarme-teletek-eclipse-08-plus\/#primaryimage\"},\"thumbnailUrl\":\"https:\/\/adcelectronique.com\/wp-content\/uploads\/2026\/03\/Eclips_8.jpg\",\"datePublished\":\"2026-03-29T08:49:35+00:00\",\"dateModified\":\"2026-03-29T08:49:37+00:00\",\"description\":\"\u00a0DescriptionPour les petites structures commerciales, les bureaux ou les habitations individuelles, il est essentiel de disposer d\u2019un syst\u00e8me de s\u00e9curit\u00e9 simple, performant et \u00e9volutif. C\u2019est exactement ce que propose\u00a0Teletek Electronics\u00a0avec sa\u00a0centrale d\u2019alarme Eclipse 8+, une solution hybride con\u00e7ue pour offrir\u00a0jusqu\u2019\u00e0 16 zones de protection\u00a0dans un format compact.L\u2019Eclipse 8+ peut \u00eatre programm\u00e9e via :Le\u00a0clavier int\u00e9gr\u00e9Le\u00a0logiciel ProsTETrois m\u00e9thodes : par adresses, par op\u00e9rations ou par menus arborescentsLe syst\u00e8me est \u00e9galement compatible avec les outils de supervision et d\u2019acc\u00e8s \u00e0 distance :AjaxWEBMobileTTEGuard ViewObserver\",\"breadcrumb\":{\"@id\":\"https:\/\/adcelectronique.com\/index.php\/product\/centrale-dalarme-teletek-eclipse-08-plus\/#breadcrumb\"},\"inLanguage\":\"fr-FR\",\"potentialAction\":[{\"@type\":\"ReadAction\",\"target\":[\"https:\/\/adcelectronique.com\/index.php\/product\/centrale-dalarme-teletek-eclipse-08-plus\/\"]}]},{\"@type\":\"ImageObject\",\"inLanguage\":\"fr-FR\",\"@id\":\"https:\/\/adcelectronique.com\/index.php\/product\/centrale-dalarme-teletek-eclipse-08-plus\/#primaryimage\",\"url\":\"https:\/\/adcelectronique.com\/wp-content\/uploads\/2026\/03\/Eclips_8.jpg\",\"contentUrl\":\"https:\/\/adcelectronique.com\/wp-content\/uploads\/2026\/03\/Eclips_8.jpg\",\"width\":500,\"height\":500},{\"@type\":\"BreadcrumbList\",\"@id\":\"https:\/\/adcelectronique.com\/index.php\/product\/centrale-dalarme-teletek-eclipse-08-plus\/#breadcrumb\",\"itemListElement\":[{\"@type\":\"ListItem\",\"position\":1,\"name\":\"Home\",\"item\":\"https:\/\/adcelectronique.com\/\"},{\"@type\":\"ListItem\",\"position\":2,\"name\":\"Shop\",\"item\":\"https:\/\/adcelectronique.com\/index.php\/shop\/\"},{\"@type\":\"ListItem\",\"position\":3,\"name\":\"CENTRALE D&rsquo;ALARME TELETEK ECLIPSE 08 PLUS\"}]},{\"@type\":\"WebSite\",\"@id\":\"https:\/\/adcelectronique.com\/#website\",\"url\":\"https:\/\/adcelectronique.com\/\",\"name\":\"ADC Electronique\",\"description\":\"\",\"potentialAction\":[{\"@type\":\"SearchAction\",\"target\":{\"@type\":\"EntryPoint\",\"urlTemplate\":\"https:\/\/adcelectronique.com\/?s={search_term_string}\"},\"query-input\":{\"@type\":\"PropertyValueSpecification\",\"valueRequired\":true,\"valueName\":\"search_term_string\"}}],\"inLanguage\":\"fr-FR\"}]}<\/script>\n<!-- \/ Yoast SEO Premium plugin. -->","yoast_head_json":{"title":"CENTRALE D'ALARME TELETEK ECLIPSE 08 PLUS - ADC Electronique","description":"\u00a0DescriptionPour les petites structures commerciales, les bureaux ou les habitations individuelles, il est essentiel de disposer d\u2019un syst\u00e8me de s\u00e9curit\u00e9 simple, performant et \u00e9volutif. C\u2019est exactement ce que propose\u00a0Teletek Electronics\u00a0avec sa\u00a0centrale d\u2019alarme Eclipse 8+, une solution hybride con\u00e7ue pour offrir\u00a0jusqu\u2019\u00e0 16 zones de protection\u00a0dans un format compact.L\u2019Eclipse 8+ peut \u00eatre programm\u00e9e via :Le\u00a0clavier int\u00e9gr\u00e9Le\u00a0logiciel ProsTETrois m\u00e9thodes : par adresses, par op\u00e9rations ou par menus arborescentsLe syst\u00e8me est \u00e9galement compatible avec les outils de supervision et d\u2019acc\u00e8s \u00e0 distance :AjaxWEBMobileTTEGuard ViewObserver","robots":{"index":"index","follow":"follow","max-snippet":"max-snippet:-1","max-image-preview":"max-image-preview:large","max-video-preview":"max-video-preview:-1"},"canonical":"https:\/\/adcelectronique.com\/index.php\/product\/centrale-dalarme-teletek-eclipse-08-plus\/","og_locale":"fr_FR","og_type":"article","og_title":"CENTRALE D'ALARME TELETEK ECLIPSE 08 PLUS","og_description":"\u00a0DescriptionPour les petites structures commerciales, les bureaux ou les habitations individuelles, il est essentiel de disposer d\u2019un syst\u00e8me de s\u00e9curit\u00e9 simple, performant et \u00e9volutif. C\u2019est exactement ce que propose\u00a0Teletek Electronics\u00a0avec sa\u00a0centrale d\u2019alarme Eclipse 8+, une solution hybride con\u00e7ue pour offrir\u00a0jusqu\u2019\u00e0 16 zones de protection\u00a0dans un format compact.L\u2019Eclipse 8+ peut \u00eatre programm\u00e9e via :Le\u00a0clavier int\u00e9gr\u00e9Le\u00a0logiciel ProsTETrois m\u00e9thodes : par adresses, par op\u00e9rations ou par menus arborescentsLe syst\u00e8me est \u00e9galement compatible avec les outils de supervision et d\u2019acc\u00e8s \u00e0 distance :AjaxWEBMobileTTEGuard ViewObserver","og_url":"https:\/\/adcelectronique.com\/index.php\/product\/centrale-dalarme-teletek-eclipse-08-plus\/","og_site_name":"ADC Electronique","article_modified_time":"2026-03-29T08:49:37+00:00","og_image":[{"width":500,"height":500,"url":"https:\/\/adcelectronique.com\/wp-content\/uploads\/2026\/03\/Eclips_8.jpg","type":"image\/jpeg"}],"twitter_card":"summary_large_image","twitter_misc":{"Dur\u00e9e de lecture estim\u00e9e":"2 minutes"},"schema":{"@context":"https:\/\/schema.org","@graph":[{"@type":"WebPage","@id":"https:\/\/adcelectronique.com\/index.php\/product\/centrale-dalarme-teletek-eclipse-08-plus\/","url":"https:\/\/adcelectronique.com\/index.php\/product\/centrale-dalarme-teletek-eclipse-08-plus\/","name":"CENTRALE D'ALARME TELETEK ECLIPSE 08 PLUS - ADC Electronique","isPartOf":{"@id":"https:\/\/adcelectronique.com\/#website"},"primaryImageOfPage":{"@id":"https:\/\/adcelectronique.com\/index.php\/product\/centrale-dalarme-teletek-eclipse-08-plus\/#primaryimage"},"image":{"@id":"https:\/\/adcelectronique.com\/index.php\/product\/centrale-dalarme-teletek-eclipse-08-plus\/#primaryimage"},"thumbnailUrl":"https:\/\/adcelectronique.com\/wp-content\/uploads\/2026\/03\/Eclips_8.jpg","datePublished":"2026-03-29T08:49:35+00:00","dateModified":"2026-03-29T08:49:37+00:00","description":"\u00a0DescriptionPour les petites structures commerciales, les bureaux ou les habitations individuelles, il est essentiel de disposer d\u2019un syst\u00e8me de s\u00e9curit\u00e9 simple, performant et \u00e9volutif. C\u2019est exactement ce que propose\u00a0Teletek Electronics\u00a0avec sa\u00a0centrale d\u2019alarme Eclipse 8+, une solution hybride con\u00e7ue pour offrir\u00a0jusqu\u2019\u00e0 16 zones de protection\u00a0dans un format compact.L\u2019Eclipse 8+ peut \u00eatre programm\u00e9e via :Le\u00a0clavier int\u00e9gr\u00e9Le\u00a0logiciel ProsTETrois m\u00e9thodes : par adresses, par op\u00e9rations ou par menus arborescentsLe syst\u00e8me est \u00e9galement compatible avec les outils de supervision et d\u2019acc\u00e8s \u00e0 distance :AjaxWEBMobileTTEGuard ViewObserver","breadcrumb":{"@id":"https:\/\/adcelectronique.com\/index.php\/product\/centrale-dalarme-teletek-eclipse-08-plus\/#breadcrumb"},"inLanguage":"fr-FR","potentialAction":[{"@type":"ReadAction","target":["https:\/\/adcelectronique.com\/index.php\/product\/centrale-dalarme-teletek-eclipse-08-plus\/"]}]},{"@type":"ImageObject","inLanguage":"fr-FR","@id":"https:\/\/adcelectronique.com\/index.php\/product\/centrale-dalarme-teletek-eclipse-08-plus\/#primaryimage","url":"https:\/\/adcelectronique.com\/wp-content\/uploads\/2026\/03\/Eclips_8.jpg","contentUrl":"https:\/\/adcelectronique.com\/wp-content\/uploads\/2026\/03\/Eclips_8.jpg","width":500,"height":500},{"@type":"BreadcrumbList","@id":"https:\/\/adcelectronique.com\/index.php\/product\/centrale-dalarme-teletek-eclipse-08-plus\/#breadcrumb","itemListElement":[{"@type":"ListItem","position":1,"name":"Home","item":"https:\/\/adcelectronique.com\/"},{"@type":"ListItem","position":2,"name":"Shop","item":"https:\/\/adcelectronique.com\/index.php\/shop\/"},{"@type":"ListItem","position":3,"name":"CENTRALE D&rsquo;ALARME TELETEK ECLIPSE 08 PLUS"}]},{"@type":"WebSite","@id":"https:\/\/adcelectronique.com\/#website","url":"https:\/\/adcelectronique.com\/","name":"ADC Electronique","description":"","potentialAction":[{"@type":"SearchAction","target":{"@type":"EntryPoint","urlTemplate":"https:\/\/adcelectronique.com\/?s={search_term_string}"},"query-input":{"@type":"PropertyValueSpecification","valueRequired":true,"valueName":"search_term_string"}}],"inLanguage":"fr-FR"}]}},"_links":{"self":[{"href":"https:\/\/adcelectronique.com\/index.php\/wp-json\/wp\/v2\/product\/11004","targetHints":{"allow":["GET"]}}],"collection":[{"href":"https:\/\/adcelectronique.com\/index.php\/wp-json\/wp\/v2\/product"}],"about":[{"href":"https:\/\/adcelectronique.com\/index.php\/wp-json\/wp\/v2\/types\/product"}],"replies":[{"embeddable":true,"href":"https:\/\/adcelectronique.com\/index.php\/wp-json\/wp\/v2\/comments?post=11004"}],"version-history":[{"count":0,"href":"https:\/\/adcelectronique.com\/index.php\/wp-json\/wp\/v2\/product\/11004\/revisions"}],"wp:featuredmedia":[{"embeddable":true,"href":"https:\/\/adcelectronique.com\/index.php\/wp-json\/wp\/v2\/media\/11006"}],"wp:attachment":[{"href":"https:\/\/adcelectronique.com\/index.php\/wp-json\/wp\/v2\/media?parent=11004"}],"wp:term":[{"taxonomy":"product_brand","embeddable":true,"href":"https:\/\/adcelectronique.com\/index.php\/wp-json\/wp\/v2\/product_brand?post=11004"},{"taxonomy":"product_cat","embeddable":true,"href":"https:\/\/adcelectronique.com\/index.php\/wp-json\/wp\/v2\/product_cat?post=11004"},{"taxonomy":"product_tag","embeddable":true,"href":"https:\/\/adcelectronique.com\/index.php\/wp-json\/wp\/v2\/product_tag?post=11004"}],"curies":[{"name":"wp","href":"https:\/\/api.w.org\/{rel}","templated":true}]}}