{"id":11063,"date":"2026-03-29T12:54:42","date_gmt":"2026-03-29T12:54:42","guid":{"rendered":"https:\/\/adcelectronique.com\/?post_type=product&#038;p=11063"},"modified":"2026-03-29T12:54:43","modified_gmt":"2026-03-29T12:54:43","slug":"centrale-dalarme-teletek-eclipse-16","status":"publish","type":"product","link":"https:\/\/adcelectronique.com\/index.php\/product\/centrale-dalarme-teletek-eclipse-16\/","title":{"rendered":"CENTRALE D\u2019ALARME TELETEK ECLIPSE 16"},"content":{"rendered":"<h1 class=\"product_title entry-title wd-entities-title\">\u00a0 \u00a0 \u00a0 \u00a0 \u00a0 \u00a0 \u00a0 \u00a0 \u00a0 \u00a0 \u00a0 \u00a0 \u00a0 \u00a0 CENTRALE D\u2019ALARME TELETEK ECLIPSE 16<\/h1>\n<h2><em>Description<\/em><\/h2>\n<p>La centrale d\u2019alarme Eclipse 16 de Teletek Electronics est une solution fiable et facile \u00e0 utiliser pour s\u00e9curiser les habitations et les petits locaux professionnels. Flexible et performante, elle offre une protection efficace tout en restant simple \u00e0 installer et \u00e0 configurer. \ud83d\udd12\ud83c\udfe0<\/p>\n<p data-start=\"321\" data-end=\"634\">\n<hr data-start=\"636\" data-end=\"639\" \/>\n<h2 data-section-id=\"128riy1\" data-start=\"641\" data-end=\"672\"><em>Caract\u00e9ristiques principales<\/em><\/h2>\n<ul data-start=\"674\" data-end=\"1096\">\n<li data-section-id=\"1ehxzl\" data-start=\"674\" data-end=\"727\">Centrale d\u2019alarme filaire (syst\u00e8me conventionnel)<\/li>\n<li data-section-id=\"u0lq2j\" data-start=\"728\" data-end=\"760\">16 zones physiques int\u00e9gr\u00e9es<\/li>\n<li data-section-id=\"kf4y8f\" data-start=\"761\" data-end=\"807\">Jusqu\u2019\u00e0 3 partitions (zones ind\u00e9pendantes)<\/li>\n<li data-section-id=\"1qlwzzx\" data-start=\"808\" data-end=\"849\">Programmation par clavier ou logiciel<\/li>\n<li data-section-id=\"uxlpu5\" data-start=\"850\" data-end=\"888\">Communicateur t\u00e9l\u00e9phonique int\u00e9gr\u00e9<\/li>\n<li data-section-id=\"kd650q\" data-start=\"889\" data-end=\"932\">M\u00e9moire d\u2019\u00e9v\u00e9nements avec date et heure<\/li>\n<li data-section-id=\"ipf62b\" data-start=\"933\" data-end=\"997\">Compatible avec une large gamme de d\u00e9tecteurs et accessoires<\/li>\n<li data-section-id=\"ql3no4\" data-start=\"998\" data-end=\"1096\">Certification EN50131 Grade 2 (s\u00e9curit\u00e9 professionnelle)<\/li>\n<\/ul>\n<hr data-start=\"1098\" data-end=\"1101\" \/>\n<h2 data-section-id=\"kd35m0\" data-start=\"1103\" data-end=\"1131\"><em>Sp\u00e9cifications techniques<\/em><\/h2>\n<h3 data-section-id=\"1rxlftl\" data-start=\"1133\" data-end=\"1155\">Zones et d\u00e9tection<\/h3>\n<ul data-start=\"1156\" data-end=\"1382\">\n<li data-section-id=\"1sq04u8\" data-start=\"1156\" data-end=\"1180\">Nombre de zones : 16<\/li>\n<li data-section-id=\"1dx0sk0\" data-start=\"1181\" data-end=\"1245\">Configuration des zones : 1 ou 2 r\u00e9sistances de fin de ligne<\/li>\n<li data-section-id=\"isj84y\" data-start=\"1246\" data-end=\"1301\">Types de connexion : 5 modes de connexion possibles<\/li>\n<li data-section-id=\"1fd6rkb\" data-start=\"1302\" data-end=\"1382\">Architecture : filaire conventionnelle<\/li>\n<\/ul>\n<hr data-start=\"1384\" data-end=\"1387\" \/>\n<h3 data-section-id=\"1ak56bn\" data-start=\"1389\" data-end=\"1400\">Sorties<\/h3>\n<ul data-start=\"1401\" data-end=\"1562\">\n<li data-section-id=\"wmagmp\" data-start=\"1401\" data-end=\"1450\">4 sorties basse consommation (jusqu\u2019\u00e0 100 mA)<\/li>\n<li data-section-id=\"xk46d9\" data-start=\"1451\" data-end=\"1487\">1 sortie puissante (jusqu\u2019\u00e0 1 A)<\/li>\n<li data-section-id=\"yp8vbw\" data-start=\"1488\" data-end=\"1562\">3 sorties logiques programmables<\/li>\n<\/ul>\n<hr data-start=\"1564\" data-end=\"1567\" \/>\n<h3 data-section-id=\"8qstqe\" data-start=\"1569\" data-end=\"1586\">Communication<\/h3>\n<ul data-start=\"1587\" data-end=\"1797\">\n<li data-section-id=\"1moupdq\" data-start=\"1587\" data-end=\"1620\">Communicateur digital int\u00e9gr\u00e9<\/li>\n<li data-section-id=\"rukpl8\" data-start=\"1621\" data-end=\"1667\">Envoi d\u2019alarme vers 2 num\u00e9ros de t\u00e9l\u00e9phone<\/li>\n<li data-section-id=\"1wytkge\" data-start=\"1668\" data-end=\"1711\">Protocoles support\u00e9s : Contact ID \/ CIA<\/li>\n<li data-section-id=\"1b0nejg\" data-start=\"1712\" data-end=\"1797\">Programmation locale ou via logiciel ProsTE<\/li>\n<\/ul>\n<hr data-start=\"1799\" data-end=\"1802\" \/>\n<h3 data-section-id=\"bxoo72\" data-start=\"1804\" data-end=\"1832\">Gestion et programmation<\/h3>\n<ul data-start=\"1833\" data-end=\"2093\">\n<li data-section-id=\"1fqki2d\" data-start=\"1833\" data-end=\"1873\">Programmation par clavier LED ou LCD<\/li>\n<li data-section-id=\"oax35b\" data-start=\"1874\" data-end=\"1907\">Programmation via logiciel PC<\/li>\n<li data-section-id=\"1tw28nk\" data-start=\"1908\" data-end=\"1948\">3 modes de programmation disponibles<\/li>\n<li data-section-id=\"68y0q2\" data-start=\"1949\" data-end=\"1997\">M\u00e9moire : 1024 \u00e9v\u00e9nements avec date et heure<\/li>\n<li data-section-id=\"1xzocuc\" data-start=\"1998\" data-end=\"2093\">Jusqu\u2019\u00e0 32 codes utilisateurs (dont 1 administrateur)<\/li>\n<\/ul>\n<hr data-start=\"2095\" data-end=\"2098\" \/>\n<h3 data-section-id=\"1tdzjqb\" data-start=\"2100\" data-end=\"2124\">Extension du syst\u00e8me<\/h3>\n<ul data-start=\"2125\" data-end=\"2301\">\n<li data-section-id=\"sbm2gy\" data-start=\"2125\" data-end=\"2171\">Jusqu\u2019\u00e0 5 p\u00e9riph\u00e9riques sur le bus syst\u00e8me<\/li>\n<li data-section-id=\"1lh094v\" data-start=\"2172\" data-end=\"2301\">Compatible avec claviers, d\u00e9tecteurs, modules de communication et lecteurs de proximit\u00e9<\/li>\n<\/ul>\n<hr data-start=\"2303\" data-end=\"2306\" \/>\n<h3 data-section-id=\"heupmv\" data-start=\"2308\" data-end=\"2335\">Certification et normes<\/h3>\n<ul data-start=\"2336\" data-end=\"2487\">\n<li data-section-id=\"1mkuvbz\" data-start=\"2336\" data-end=\"2362\">Conforme norme EN50131<\/li>\n<li data-section-id=\"3aivwe\" data-start=\"2363\" data-end=\"2395\">Niveau de s\u00e9curit\u00e9 : Grade 2<\/li>\n<li data-section-id=\"q6nx27\" data-start=\"2396\" data-end=\"2487\">Classe environnement : Classe I (usage int\u00e9rieur)<\/li>\n<\/ul>\n","protected":false},"excerpt":{"rendered":"<h2><em>Description<\/em><\/h2>\n<p>La centrale d\u2019alarme Eclipse 16 de Teletek Electronics est une solution fiable et facile \u00e0 utiliser pour s\u00e9curiser les habitations et les petits locaux professionnels. Flexible et performante, elle offre une protection efficace tout en restant simple \u00e0 installer et \u00e0 configurer. \ud83d\udd12\ud83c\udfe0<\/p>\n<p data-start=\"321\" data-end=\"634\">\n<hr data-start=\"636\" data-end=\"639\" \/>\n<h2 data-section-id=\"128riy1\" data-start=\"641\" data-end=\"672\"><em>Caract\u00e9ristiques principales<\/em><\/h2>\n<ul data-start=\"674\" data-end=\"1096\">\n<li data-section-id=\"1ehxzl\" data-start=\"674\" data-end=\"727\">Centrale d\u2019alarme filaire (syst\u00e8me conventionnel)<\/li>\n<li data-section-id=\"u0lq2j\" data-start=\"728\" data-end=\"760\">16 zones physiques int\u00e9gr\u00e9es<\/li>\n<li data-section-id=\"kf4y8f\" data-start=\"761\" data-end=\"807\">Jusqu\u2019\u00e0 3 partitions (zones ind\u00e9pendantes)<\/li>\n<li data-section-id=\"1qlwzzx\" data-start=\"808\" data-end=\"849\">Programmation par clavier ou logiciel<\/li>\n<li data-section-id=\"uxlpu5\" data-start=\"850\" data-end=\"888\">Communicateur t\u00e9l\u00e9phonique int\u00e9gr\u00e9<\/li>\n<li data-section-id=\"kd650q\" data-start=\"889\" data-end=\"932\">M\u00e9moire d\u2019\u00e9v\u00e9nements avec date et heure<\/li>\n<li data-section-id=\"ipf62b\" data-start=\"933\" data-end=\"997\">Compatible avec une large gamme de d\u00e9tecteurs et accessoires<\/li>\n<li data-section-id=\"ql3no4\" data-start=\"998\" data-end=\"1096\">Certification EN50131 Grade 2 (s\u00e9curit\u00e9 professionnelle)<\/li>\n<\/ul>\n","protected":false},"featured_media":11064,"comment_status":"open","ping_status":"closed","template":"","meta":[],"product_brand":[149],"product_cat":[147],"product_tag":[],"class_list":{"0":"post-11063","1":"product","2":"type-product","3":"status-publish","4":"has-post-thumbnail","6":"product_brand-teletek","7":"product_cat-anti-intrusion","9":"first","10":"instock","11":"shipping-taxable","12":"product-type-simple"},"yoast_head":"<!-- This site is optimized with the Yoast SEO Premium plugin v26.2 (Yoast SEO v26.2) - https:\/\/yoast.com\/wordpress\/plugins\/seo\/ -->\n<title>CENTRALE D\u2019ALARME TELETEK ECLIPSE 16 - ADC Electronique<\/title>\n<meta name=\"robots\" content=\"index, follow, max-snippet:-1, max-image-preview:large, max-video-preview:-1\" \/>\n<link rel=\"canonical\" href=\"https:\/\/adcelectronique.com\/index.php\/product\/centrale-dalarme-teletek-eclipse-16\/\" \/>\n<meta property=\"og:locale\" content=\"fr_FR\" \/>\n<meta property=\"og:type\" content=\"article\" \/>\n<meta property=\"og:title\" content=\"CENTRALE D\u2019ALARME TELETEK ECLIPSE 16\" \/>\n<meta property=\"og:description\" content=\"Description La centrale d\u2019alarme Eclipse 16 de Teletek Electronics est une solution fiable et facile \u00e0 utiliser pour s\u00e9curiser les habitations et les petits locaux professionnels. Flexible et performante, elle offre une protection efficace tout en restant simple \u00e0 installer et \u00e0 configurer. \ud83d\udd12\ud83c\udfe0      Caract\u00e9ristiques principales   Centrale d\u2019alarme filaire (syst\u00e8me conventionnel)  16 zones physiques int\u00e9gr\u00e9es  Jusqu\u2019\u00e0 3 partitions (zones ind\u00e9pendantes)  Programmation par clavier ou logiciel  Communicateur t\u00e9l\u00e9phonique int\u00e9gr\u00e9  M\u00e9moire d\u2019\u00e9v\u00e9nements avec date et heure  Compatible avec une large gamme de d\u00e9tecteurs et accessoires  Certification EN50131 Grade 2 (s\u00e9curit\u00e9 professionnelle)\" \/>\n<meta property=\"og:url\" content=\"https:\/\/adcelectronique.com\/index.php\/product\/centrale-dalarme-teletek-eclipse-16\/\" \/>\n<meta property=\"og:site_name\" content=\"ADC Electronique\" \/>\n<meta property=\"article:modified_time\" content=\"2026-03-29T12:54:43+00:00\" \/>\n<meta property=\"og:image\" content=\"https:\/\/adcelectronique.com\/wp-content\/uploads\/2026\/03\/eclipse-16-big-2.png\" \/>\n\t<meta property=\"og:image:width\" content=\"334\" \/>\n\t<meta property=\"og:image:height\" content=\"334\" \/>\n\t<meta property=\"og:image:type\" content=\"image\/png\" \/>\n<meta name=\"twitter:card\" content=\"summary_large_image\" \/>\n<meta name=\"twitter:label1\" content=\"Dur\u00e9e de lecture estim\u00e9e\" \/>\n\t<meta name=\"twitter:data1\" content=\"2 minutes\" \/>\n<script type=\"application\/ld+json\" class=\"yoast-schema-graph\">{\"@context\":\"https:\/\/schema.org\",\"@graph\":[{\"@type\":\"WebPage\",\"@id\":\"https:\/\/adcelectronique.com\/index.php\/product\/centrale-dalarme-teletek-eclipse-16\/\",\"url\":\"https:\/\/adcelectronique.com\/index.php\/product\/centrale-dalarme-teletek-eclipse-16\/\",\"name\":\"CENTRALE D\u2019ALARME TELETEK ECLIPSE 16 - ADC Electronique\",\"isPartOf\":{\"@id\":\"https:\/\/adcelectronique.com\/#website\"},\"primaryImageOfPage\":{\"@id\":\"https:\/\/adcelectronique.com\/index.php\/product\/centrale-dalarme-teletek-eclipse-16\/#primaryimage\"},\"image\":{\"@id\":\"https:\/\/adcelectronique.com\/index.php\/product\/centrale-dalarme-teletek-eclipse-16\/#primaryimage\"},\"thumbnailUrl\":\"https:\/\/adcelectronique.com\/wp-content\/uploads\/2026\/03\/eclipse-16-big-2.png\",\"datePublished\":\"2026-03-29T12:54:42+00:00\",\"dateModified\":\"2026-03-29T12:54:43+00:00\",\"breadcrumb\":{\"@id\":\"https:\/\/adcelectronique.com\/index.php\/product\/centrale-dalarme-teletek-eclipse-16\/#breadcrumb\"},\"inLanguage\":\"fr-FR\",\"potentialAction\":[{\"@type\":\"ReadAction\",\"target\":[\"https:\/\/adcelectronique.com\/index.php\/product\/centrale-dalarme-teletek-eclipse-16\/\"]}]},{\"@type\":\"ImageObject\",\"inLanguage\":\"fr-FR\",\"@id\":\"https:\/\/adcelectronique.com\/index.php\/product\/centrale-dalarme-teletek-eclipse-16\/#primaryimage\",\"url\":\"https:\/\/adcelectronique.com\/wp-content\/uploads\/2026\/03\/eclipse-16-big-2.png\",\"contentUrl\":\"https:\/\/adcelectronique.com\/wp-content\/uploads\/2026\/03\/eclipse-16-big-2.png\",\"width\":334,\"height\":334},{\"@type\":\"BreadcrumbList\",\"@id\":\"https:\/\/adcelectronique.com\/index.php\/product\/centrale-dalarme-teletek-eclipse-16\/#breadcrumb\",\"itemListElement\":[{\"@type\":\"ListItem\",\"position\":1,\"name\":\"Home\",\"item\":\"https:\/\/adcelectronique.com\/\"},{\"@type\":\"ListItem\",\"position\":2,\"name\":\"Shop\",\"item\":\"https:\/\/adcelectronique.com\/index.php\/shop\/\"},{\"@type\":\"ListItem\",\"position\":3,\"name\":\"CENTRALE D\u2019ALARME TELETEK ECLIPSE 16\"}]},{\"@type\":\"WebSite\",\"@id\":\"https:\/\/adcelectronique.com\/#website\",\"url\":\"https:\/\/adcelectronique.com\/\",\"name\":\"ADC Electronique\",\"description\":\"\",\"potentialAction\":[{\"@type\":\"SearchAction\",\"target\":{\"@type\":\"EntryPoint\",\"urlTemplate\":\"https:\/\/adcelectronique.com\/?s={search_term_string}\"},\"query-input\":{\"@type\":\"PropertyValueSpecification\",\"valueRequired\":true,\"valueName\":\"search_term_string\"}}],\"inLanguage\":\"fr-FR\"}]}<\/script>\n<!-- \/ Yoast SEO Premium plugin. -->","yoast_head_json":{"title":"CENTRALE D\u2019ALARME TELETEK ECLIPSE 16 - ADC Electronique","robots":{"index":"index","follow":"follow","max-snippet":"max-snippet:-1","max-image-preview":"max-image-preview:large","max-video-preview":"max-video-preview:-1"},"canonical":"https:\/\/adcelectronique.com\/index.php\/product\/centrale-dalarme-teletek-eclipse-16\/","og_locale":"fr_FR","og_type":"article","og_title":"CENTRALE D\u2019ALARME TELETEK ECLIPSE 16","og_description":"Description La centrale d\u2019alarme Eclipse 16 de Teletek Electronics est une solution fiable et facile \u00e0 utiliser pour s\u00e9curiser les habitations et les petits locaux professionnels. Flexible et performante, elle offre une protection efficace tout en restant simple \u00e0 installer et \u00e0 configurer. \ud83d\udd12\ud83c\udfe0      Caract\u00e9ristiques principales   Centrale d\u2019alarme filaire (syst\u00e8me conventionnel)  16 zones physiques int\u00e9gr\u00e9es  Jusqu\u2019\u00e0 3 partitions (zones ind\u00e9pendantes)  Programmation par clavier ou logiciel  Communicateur t\u00e9l\u00e9phonique int\u00e9gr\u00e9  M\u00e9moire d\u2019\u00e9v\u00e9nements avec date et heure  Compatible avec une large gamme de d\u00e9tecteurs et accessoires  Certification EN50131 Grade 2 (s\u00e9curit\u00e9 professionnelle)","og_url":"https:\/\/adcelectronique.com\/index.php\/product\/centrale-dalarme-teletek-eclipse-16\/","og_site_name":"ADC Electronique","article_modified_time":"2026-03-29T12:54:43+00:00","og_image":[{"width":334,"height":334,"url":"https:\/\/adcelectronique.com\/wp-content\/uploads\/2026\/03\/eclipse-16-big-2.png","type":"image\/png"}],"twitter_card":"summary_large_image","twitter_misc":{"Dur\u00e9e de lecture estim\u00e9e":"2 minutes"},"schema":{"@context":"https:\/\/schema.org","@graph":[{"@type":"WebPage","@id":"https:\/\/adcelectronique.com\/index.php\/product\/centrale-dalarme-teletek-eclipse-16\/","url":"https:\/\/adcelectronique.com\/index.php\/product\/centrale-dalarme-teletek-eclipse-16\/","name":"CENTRALE D\u2019ALARME TELETEK ECLIPSE 16 - ADC Electronique","isPartOf":{"@id":"https:\/\/adcelectronique.com\/#website"},"primaryImageOfPage":{"@id":"https:\/\/adcelectronique.com\/index.php\/product\/centrale-dalarme-teletek-eclipse-16\/#primaryimage"},"image":{"@id":"https:\/\/adcelectronique.com\/index.php\/product\/centrale-dalarme-teletek-eclipse-16\/#primaryimage"},"thumbnailUrl":"https:\/\/adcelectronique.com\/wp-content\/uploads\/2026\/03\/eclipse-16-big-2.png","datePublished":"2026-03-29T12:54:42+00:00","dateModified":"2026-03-29T12:54:43+00:00","breadcrumb":{"@id":"https:\/\/adcelectronique.com\/index.php\/product\/centrale-dalarme-teletek-eclipse-16\/#breadcrumb"},"inLanguage":"fr-FR","potentialAction":[{"@type":"ReadAction","target":["https:\/\/adcelectronique.com\/index.php\/product\/centrale-dalarme-teletek-eclipse-16\/"]}]},{"@type":"ImageObject","inLanguage":"fr-FR","@id":"https:\/\/adcelectronique.com\/index.php\/product\/centrale-dalarme-teletek-eclipse-16\/#primaryimage","url":"https:\/\/adcelectronique.com\/wp-content\/uploads\/2026\/03\/eclipse-16-big-2.png","contentUrl":"https:\/\/adcelectronique.com\/wp-content\/uploads\/2026\/03\/eclipse-16-big-2.png","width":334,"height":334},{"@type":"BreadcrumbList","@id":"https:\/\/adcelectronique.com\/index.php\/product\/centrale-dalarme-teletek-eclipse-16\/#breadcrumb","itemListElement":[{"@type":"ListItem","position":1,"name":"Home","item":"https:\/\/adcelectronique.com\/"},{"@type":"ListItem","position":2,"name":"Shop","item":"https:\/\/adcelectronique.com\/index.php\/shop\/"},{"@type":"ListItem","position":3,"name":"CENTRALE D\u2019ALARME TELETEK ECLIPSE 16"}]},{"@type":"WebSite","@id":"https:\/\/adcelectronique.com\/#website","url":"https:\/\/adcelectronique.com\/","name":"ADC Electronique","description":"","potentialAction":[{"@type":"SearchAction","target":{"@type":"EntryPoint","urlTemplate":"https:\/\/adcelectronique.com\/?s={search_term_string}"},"query-input":{"@type":"PropertyValueSpecification","valueRequired":true,"valueName":"search_term_string"}}],"inLanguage":"fr-FR"}]}},"_links":{"self":[{"href":"https:\/\/adcelectronique.com\/index.php\/wp-json\/wp\/v2\/product\/11063","targetHints":{"allow":["GET"]}}],"collection":[{"href":"https:\/\/adcelectronique.com\/index.php\/wp-json\/wp\/v2\/product"}],"about":[{"href":"https:\/\/adcelectronique.com\/index.php\/wp-json\/wp\/v2\/types\/product"}],"replies":[{"embeddable":true,"href":"https:\/\/adcelectronique.com\/index.php\/wp-json\/wp\/v2\/comments?post=11063"}],"version-history":[{"count":0,"href":"https:\/\/adcelectronique.com\/index.php\/wp-json\/wp\/v2\/product\/11063\/revisions"}],"wp:featuredmedia":[{"embeddable":true,"href":"https:\/\/adcelectronique.com\/index.php\/wp-json\/wp\/v2\/media\/11064"}],"wp:attachment":[{"href":"https:\/\/adcelectronique.com\/index.php\/wp-json\/wp\/v2\/media?parent=11063"}],"wp:term":[{"taxonomy":"product_brand","embeddable":true,"href":"https:\/\/adcelectronique.com\/index.php\/wp-json\/wp\/v2\/product_brand?post=11063"},{"taxonomy":"product_cat","embeddable":true,"href":"https:\/\/adcelectronique.com\/index.php\/wp-json\/wp\/v2\/product_cat?post=11063"},{"taxonomy":"product_tag","embeddable":true,"href":"https:\/\/adcelectronique.com\/index.php\/wp-json\/wp\/v2\/product_tag?post=11063"}],"curies":[{"name":"wp","href":"https:\/\/api.w.org\/{rel}","templated":true}]}}