{"id":11073,"date":"2026-03-29T14:17:05","date_gmt":"2026-03-29T14:17:05","guid":{"rendered":"https:\/\/adcelectronique.com\/?post_type=product&#038;p=11073"},"modified":"2026-03-29T14:17:06","modified_gmt":"2026-03-29T14:17:06","slug":"clavier-eclipse-led-16a","status":"publish","type":"product","link":"https:\/\/adcelectronique.com\/index.php\/product\/clavier-eclipse-led-16a\/","title":{"rendered":"CLAVIER ECLIPSE LED 16A"},"content":{"rendered":"<h3>\u00a0 \u00a0 \u00a0 \u00a0 \u00a0 \u00a0 \u00a0 \u00a0 \u00a0 \u00a0 \u00a0 \u00a0 \u00a0 \u00a0 \u00a0 \u00a0 \u00a0 \u00a0 \u00a0 \u00a0 \u00a0 \u00a0 \u00a0 \u00a0 \u00a0 \u00a0 \u00a0 \u00a0 \u00a0 \u00a0 CLAVIER ECLIPSE LED 16A<\/h3>\n<h4><em>\u00a0\u00a0DESCRIPTION:<\/em><\/h4>\n<p><strong data-start=\"60\" data-end=\"79\">Clavier LED 16A<\/strong> pour syst\u00e8mes <strong data-start=\"94\" data-end=\"105\">ECLIPSE<\/strong>. Indicateurs LED pour zones, alertes et armement. G\u00e8re jusqu\u2019\u00e0 16 zones, dont 3 ind\u00e9pendantes.<\/p>\n<h3 data-start=\"2216\" data-end=\"2258\"><em>Caract\u00e9ristiques :<\/em><\/h3>\n<p>*Indication pour 16 zones et 3 partitions<\/p>\n<p>*Boutons d\u2019acc\u00e8s rapide aux menus suppl\u00e9mentaires : M\u00e9moire, Affichage des anomalies et Zones contourn\u00e9es<\/p>\n<p>*Boutons d\u2019acc\u00e8s rapide pour tous les modes d\u2019armement<\/p>\n<p>*Combinaison de 3 boutons d\u2019acc\u00e8s rapide pour l\u2019envoi de messages d\u2019alarme PANIC, M\u00c9DICAL et INCENDIE \u00e0 une centrale de t\u00e9l\u00e9surveillance<\/p>\n<p>*Deux types de programmation : par adresses et par op\u00e9rations<\/p>\n<p>*Intensit\u00e9 du r\u00e9tro\u00e9clairage r\u00e9glable pour l\u2019\u00e9cran et les boutons<\/p>\n<p>*Volume du buzzer r\u00e9glable<\/p>\n<p>*Interrupteur anti-sabotage bidirectionnel<\/p>\n","protected":false},"excerpt":{"rendered":"<h4><em>\u00a0DESCRIPTION:<\/em><\/h4>\n<p><strong data-start=\"60\" data-end=\"79\">Clavier LED 16A<\/strong> pour syst\u00e8mes <strong data-start=\"94\" data-end=\"105\">ECLIPSE<\/strong>. Indicateurs LED pour zones, alertes et armement. G\u00e8re jusqu\u2019\u00e0 16 zones, dont 3 ind\u00e9pendantes.<\/p>\n","protected":false},"featured_media":11074,"comment_status":"open","ping_status":"closed","template":"","meta":[],"product_brand":[149],"product_cat":[147],"product_tag":[],"class_list":{"0":"post-11073","1":"product","2":"type-product","3":"status-publish","4":"has-post-thumbnail","6":"product_brand-teletek","7":"product_cat-anti-intrusion","9":"first","10":"instock","11":"shipping-taxable","12":"product-type-simple"},"yoast_head":"<!-- This site is optimized with the Yoast SEO Premium plugin v26.2 (Yoast SEO v26.2) - https:\/\/yoast.com\/wordpress\/plugins\/seo\/ -->\n<title>CLAVIER ECLIPSE LED 16A - ADC Electronique<\/title>\n<meta name=\"robots\" content=\"index, follow, max-snippet:-1, max-image-preview:large, max-video-preview:-1\" \/>\n<link rel=\"canonical\" href=\"https:\/\/adcelectronique.com\/index.php\/product\/clavier-eclipse-led-16a\/\" \/>\n<meta property=\"og:locale\" content=\"fr_FR\" \/>\n<meta property=\"og:type\" content=\"article\" \/>\n<meta property=\"og:title\" content=\"CLAVIER ECLIPSE LED 16A\" \/>\n<meta property=\"og:description\" content=\"\u00a0DESCRIPTION: Clavier LED 16A pour syst\u00e8mes ECLIPSE. Indicateurs LED pour zones, alertes et armement. G\u00e8re jusqu\u2019\u00e0 16 zones, dont 3 ind\u00e9pendantes.\" \/>\n<meta property=\"og:url\" content=\"https:\/\/adcelectronique.com\/index.php\/product\/clavier-eclipse-led-16a\/\" \/>\n<meta property=\"og:site_name\" content=\"ADC Electronique\" \/>\n<meta property=\"article:modified_time\" content=\"2026-03-29T14:17:06+00:00\" \/>\n<meta property=\"og:image\" content=\"https:\/\/adcelectronique.com\/wp-content\/uploads\/2026\/03\/images-2-1.jpg\" \/>\n\t<meta property=\"og:image:width\" content=\"225\" \/>\n\t<meta property=\"og:image:height\" content=\"225\" \/>\n\t<meta property=\"og:image:type\" content=\"image\/jpeg\" \/>\n<meta name=\"twitter:card\" content=\"summary_large_image\" \/>\n<meta name=\"twitter:label1\" content=\"Dur\u00e9e de lecture estim\u00e9e\" \/>\n\t<meta name=\"twitter:data1\" content=\"1 minute\" \/>\n<script type=\"application\/ld+json\" class=\"yoast-schema-graph\">{\"@context\":\"https:\/\/schema.org\",\"@graph\":[{\"@type\":\"WebPage\",\"@id\":\"https:\/\/adcelectronique.com\/index.php\/product\/clavier-eclipse-led-16a\/\",\"url\":\"https:\/\/adcelectronique.com\/index.php\/product\/clavier-eclipse-led-16a\/\",\"name\":\"CLAVIER ECLIPSE LED 16A - ADC Electronique\",\"isPartOf\":{\"@id\":\"https:\/\/adcelectronique.com\/#website\"},\"primaryImageOfPage\":{\"@id\":\"https:\/\/adcelectronique.com\/index.php\/product\/clavier-eclipse-led-16a\/#primaryimage\"},\"image\":{\"@id\":\"https:\/\/adcelectronique.com\/index.php\/product\/clavier-eclipse-led-16a\/#primaryimage\"},\"thumbnailUrl\":\"https:\/\/adcelectronique.com\/wp-content\/uploads\/2026\/03\/images-2-1.jpg\",\"datePublished\":\"2026-03-29T14:17:05+00:00\",\"dateModified\":\"2026-03-29T14:17:06+00:00\",\"breadcrumb\":{\"@id\":\"https:\/\/adcelectronique.com\/index.php\/product\/clavier-eclipse-led-16a\/#breadcrumb\"},\"inLanguage\":\"fr-FR\",\"potentialAction\":[{\"@type\":\"ReadAction\",\"target\":[\"https:\/\/adcelectronique.com\/index.php\/product\/clavier-eclipse-led-16a\/\"]}]},{\"@type\":\"ImageObject\",\"inLanguage\":\"fr-FR\",\"@id\":\"https:\/\/adcelectronique.com\/index.php\/product\/clavier-eclipse-led-16a\/#primaryimage\",\"url\":\"https:\/\/adcelectronique.com\/wp-content\/uploads\/2026\/03\/images-2-1.jpg\",\"contentUrl\":\"https:\/\/adcelectronique.com\/wp-content\/uploads\/2026\/03\/images-2-1.jpg\",\"width\":225,\"height\":225},{\"@type\":\"BreadcrumbList\",\"@id\":\"https:\/\/adcelectronique.com\/index.php\/product\/clavier-eclipse-led-16a\/#breadcrumb\",\"itemListElement\":[{\"@type\":\"ListItem\",\"position\":1,\"name\":\"Home\",\"item\":\"https:\/\/adcelectronique.com\/\"},{\"@type\":\"ListItem\",\"position\":2,\"name\":\"Shop\",\"item\":\"https:\/\/adcelectronique.com\/index.php\/shop\/\"},{\"@type\":\"ListItem\",\"position\":3,\"name\":\"CLAVIER ECLIPSE LED 16A\"}]},{\"@type\":\"WebSite\",\"@id\":\"https:\/\/adcelectronique.com\/#website\",\"url\":\"https:\/\/adcelectronique.com\/\",\"name\":\"ADC Electronique\",\"description\":\"\",\"potentialAction\":[{\"@type\":\"SearchAction\",\"target\":{\"@type\":\"EntryPoint\",\"urlTemplate\":\"https:\/\/adcelectronique.com\/?s={search_term_string}\"},\"query-input\":{\"@type\":\"PropertyValueSpecification\",\"valueRequired\":true,\"valueName\":\"search_term_string\"}}],\"inLanguage\":\"fr-FR\"}]}<\/script>\n<!-- \/ Yoast SEO Premium plugin. -->","yoast_head_json":{"title":"CLAVIER ECLIPSE LED 16A - ADC Electronique","robots":{"index":"index","follow":"follow","max-snippet":"max-snippet:-1","max-image-preview":"max-image-preview:large","max-video-preview":"max-video-preview:-1"},"canonical":"https:\/\/adcelectronique.com\/index.php\/product\/clavier-eclipse-led-16a\/","og_locale":"fr_FR","og_type":"article","og_title":"CLAVIER ECLIPSE LED 16A","og_description":"\u00a0DESCRIPTION: Clavier LED 16A pour syst\u00e8mes ECLIPSE. Indicateurs LED pour zones, alertes et armement. G\u00e8re jusqu\u2019\u00e0 16 zones, dont 3 ind\u00e9pendantes.","og_url":"https:\/\/adcelectronique.com\/index.php\/product\/clavier-eclipse-led-16a\/","og_site_name":"ADC Electronique","article_modified_time":"2026-03-29T14:17:06+00:00","og_image":[{"width":225,"height":225,"url":"https:\/\/adcelectronique.com\/wp-content\/uploads\/2026\/03\/images-2-1.jpg","type":"image\/jpeg"}],"twitter_card":"summary_large_image","twitter_misc":{"Dur\u00e9e de lecture estim\u00e9e":"1 minute"},"schema":{"@context":"https:\/\/schema.org","@graph":[{"@type":"WebPage","@id":"https:\/\/adcelectronique.com\/index.php\/product\/clavier-eclipse-led-16a\/","url":"https:\/\/adcelectronique.com\/index.php\/product\/clavier-eclipse-led-16a\/","name":"CLAVIER ECLIPSE LED 16A - ADC Electronique","isPartOf":{"@id":"https:\/\/adcelectronique.com\/#website"},"primaryImageOfPage":{"@id":"https:\/\/adcelectronique.com\/index.php\/product\/clavier-eclipse-led-16a\/#primaryimage"},"image":{"@id":"https:\/\/adcelectronique.com\/index.php\/product\/clavier-eclipse-led-16a\/#primaryimage"},"thumbnailUrl":"https:\/\/adcelectronique.com\/wp-content\/uploads\/2026\/03\/images-2-1.jpg","datePublished":"2026-03-29T14:17:05+00:00","dateModified":"2026-03-29T14:17:06+00:00","breadcrumb":{"@id":"https:\/\/adcelectronique.com\/index.php\/product\/clavier-eclipse-led-16a\/#breadcrumb"},"inLanguage":"fr-FR","potentialAction":[{"@type":"ReadAction","target":["https:\/\/adcelectronique.com\/index.php\/product\/clavier-eclipse-led-16a\/"]}]},{"@type":"ImageObject","inLanguage":"fr-FR","@id":"https:\/\/adcelectronique.com\/index.php\/product\/clavier-eclipse-led-16a\/#primaryimage","url":"https:\/\/adcelectronique.com\/wp-content\/uploads\/2026\/03\/images-2-1.jpg","contentUrl":"https:\/\/adcelectronique.com\/wp-content\/uploads\/2026\/03\/images-2-1.jpg","width":225,"height":225},{"@type":"BreadcrumbList","@id":"https:\/\/adcelectronique.com\/index.php\/product\/clavier-eclipse-led-16a\/#breadcrumb","itemListElement":[{"@type":"ListItem","position":1,"name":"Home","item":"https:\/\/adcelectronique.com\/"},{"@type":"ListItem","position":2,"name":"Shop","item":"https:\/\/adcelectronique.com\/index.php\/shop\/"},{"@type":"ListItem","position":3,"name":"CLAVIER ECLIPSE LED 16A"}]},{"@type":"WebSite","@id":"https:\/\/adcelectronique.com\/#website","url":"https:\/\/adcelectronique.com\/","name":"ADC Electronique","description":"","potentialAction":[{"@type":"SearchAction","target":{"@type":"EntryPoint","urlTemplate":"https:\/\/adcelectronique.com\/?s={search_term_string}"},"query-input":{"@type":"PropertyValueSpecification","valueRequired":true,"valueName":"search_term_string"}}],"inLanguage":"fr-FR"}]}},"_links":{"self":[{"href":"https:\/\/adcelectronique.com\/index.php\/wp-json\/wp\/v2\/product\/11073","targetHints":{"allow":["GET"]}}],"collection":[{"href":"https:\/\/adcelectronique.com\/index.php\/wp-json\/wp\/v2\/product"}],"about":[{"href":"https:\/\/adcelectronique.com\/index.php\/wp-json\/wp\/v2\/types\/product"}],"replies":[{"embeddable":true,"href":"https:\/\/adcelectronique.com\/index.php\/wp-json\/wp\/v2\/comments?post=11073"}],"version-history":[{"count":0,"href":"https:\/\/adcelectronique.com\/index.php\/wp-json\/wp\/v2\/product\/11073\/revisions"}],"wp:featuredmedia":[{"embeddable":true,"href":"https:\/\/adcelectronique.com\/index.php\/wp-json\/wp\/v2\/media\/11074"}],"wp:attachment":[{"href":"https:\/\/adcelectronique.com\/index.php\/wp-json\/wp\/v2\/media?parent=11073"}],"wp:term":[{"taxonomy":"product_brand","embeddable":true,"href":"https:\/\/adcelectronique.com\/index.php\/wp-json\/wp\/v2\/product_brand?post=11073"},{"taxonomy":"product_cat","embeddable":true,"href":"https:\/\/adcelectronique.com\/index.php\/wp-json\/wp\/v2\/product_cat?post=11073"},{"taxonomy":"product_tag","embeddable":true,"href":"https:\/\/adcelectronique.com\/index.php\/wp-json\/wp\/v2\/product_tag?post=11073"}],"curies":[{"name":"wp","href":"https:\/\/api.w.org\/{rel}","templated":true}]}}