{"id":11076,"date":"2026-03-29T14:29:42","date_gmt":"2026-03-29T14:29:42","guid":{"rendered":"https:\/\/adcelectronique.com\/?post_type=product&#038;p=11076"},"modified":"2026-03-29T14:29:43","modified_gmt":"2026-03-29T14:29:43","slug":"clavier-eclipse-led-8","status":"publish","type":"product","link":"https:\/\/adcelectronique.com\/index.php\/product\/clavier-eclipse-led-8\/","title":{"rendered":"CLAVIER ECLIPSE LED 8"},"content":{"rendered":"<h3>\u00a0 \u00a0 \u00a0 \u00a0 \u00a0 \u00a0 \u00a0 \u00a0 \u00a0 \u00a0 \u00a0 \u00a0 \u00a0 \u00a0 \u00a0 \u00a0 \u00a0 \u00a0 \u00a0 \u00a0 \u00a0 \u00a0 \u00a0 \u00a0 \u00a0 \u00a0 \u00a0 \u00a0 \u00a0 \u00a0 \u00a0 \u00a0 CLAVIER ECLIPSE LED 8<\/h3>\n<h2>Description:<\/h2>\n<p><strong data-start=\"96\" data-end=\"150\">Clavier Eclipse LED8 \u2013 Contr\u00f4le facile et s\u00e9curis\u00e9<\/strong><br data-start=\"150\" data-end=\"153\" \/>Interface intuitive pour les syst\u00e8mes <strong data-start=\"191\" data-end=\"210\">Eclipse 8 et 16<\/strong>, avec affichage LED clair et touches r\u00e9tro\u00e9clair\u00e9es. Permet la gestion de jusqu\u2019\u00e0 8 zones distinctes et offre des alertes instantan\u00e9es pour renforcer la s\u00e9curit\u00e9 de votre site.<\/p>\n<h3 data-start=\"131\" data-end=\"155\"><strong data-start=\"131\" data-end=\"153\">Caract\u00e9ristiques :<\/strong><\/h3>\n<ul data-start=\"156\" data-end=\"535\">\n<li data-section-id=\"1xgtkj9\" data-start=\"156\" data-end=\"216\">Compatible avec les syst\u00e8mes <strong data-start=\"187\" data-end=\"214\">Eclipse 8 et Eclipse 16<\/strong><\/li>\n<li data-section-id=\"5i58j1\" data-start=\"217\" data-end=\"259\">Gestion jusqu\u2019\u00e0 <strong data-start=\"235\" data-end=\"257\">8 zones distinctes<\/strong><\/li>\n<li data-section-id=\"xudi9x\" data-start=\"260\" data-end=\"326\"><strong data-start=\"262\" data-end=\"285\">Affichage LED clair<\/strong> pour suivi rapide des zones et alertes<\/li>\n<li data-section-id=\"i8zhee\" data-start=\"327\" data-end=\"398\"><strong data-start=\"329\" data-end=\"355\">Touches r\u00e9tro\u00e9clair\u00e9es<\/strong> pour utilisation facile dans l\u2019obscurit\u00e9<\/li>\n<li data-section-id=\"1u2q6pd\" data-start=\"399\" data-end=\"458\"><strong data-start=\"401\" data-end=\"425\">Alertes instantan\u00e9es<\/strong> pour les \u00e9v\u00e9nements et alarmes<\/li>\n<li data-section-id=\"ww5t0u\" data-start=\"459\" data-end=\"535\">Interface <strong data-start=\"471\" data-end=\"494\">intuitive et fiable<\/strong> pour une gestion simplifi\u00e9e du syst\u00e8me<\/li>\n<\/ul>\n","protected":false},"excerpt":{"rendered":"<h2>Description:<\/h2>\n<p><strong data-start=\"96\" data-end=\"150\">Clavier Eclipse LED8 \u2013 Contr\u00f4le facile et s\u00e9curis\u00e9<\/strong><br data-start=\"150\" data-end=\"153\" \/>Interface intuitive pour les syst\u00e8mes <strong data-start=\"191\" data-end=\"210\">Eclipse 8 et 16<\/strong>, avec affichage LED clair et touches r\u00e9tro\u00e9clair\u00e9es. Permet la gestion de jusqu\u2019\u00e0 8 zones distinctes et offre des alertes instantan\u00e9es pour renforcer la s\u00e9curit\u00e9 de votre site.<\/p>\n","protected":false},"featured_media":11077,"comment_status":"open","ping_status":"closed","template":"","meta":[],"product_brand":[149],"product_cat":[147],"product_tag":[],"class_list":{"0":"post-11076","1":"product","2":"type-product","3":"status-publish","4":"has-post-thumbnail","6":"product_brand-teletek","7":"product_cat-anti-intrusion","9":"first","10":"instock","11":"shipping-taxable","12":"product-type-simple"},"yoast_head":"<!-- This site is optimized with the Yoast SEO Premium plugin v26.2 (Yoast SEO v26.2) - https:\/\/yoast.com\/wordpress\/plugins\/seo\/ -->\n<title>CLAVIER ECLIPSE LED 8 - ADC Electronique<\/title>\n<meta name=\"robots\" content=\"index, follow, max-snippet:-1, max-image-preview:large, max-video-preview:-1\" \/>\n<link rel=\"canonical\" href=\"https:\/\/adcelectronique.com\/index.php\/product\/clavier-eclipse-led-8\/\" \/>\n<meta property=\"og:locale\" content=\"fr_FR\" \/>\n<meta property=\"og:type\" content=\"article\" \/>\n<meta property=\"og:title\" content=\"CLAVIER ECLIPSE LED 8\" \/>\n<meta property=\"og:description\" content=\"Description: Clavier Eclipse LED8 \u2013 Contr\u00f4le facile et s\u00e9curis\u00e9Interface intuitive pour les syst\u00e8mes Eclipse 8 et 16, avec affichage LED clair et touches r\u00e9tro\u00e9clair\u00e9es. Permet la gestion de jusqu\u2019\u00e0 8 zones distinctes et offre des alertes instantan\u00e9es pour renforcer la s\u00e9curit\u00e9 de votre site.\" \/>\n<meta property=\"og:url\" content=\"https:\/\/adcelectronique.com\/index.php\/product\/clavier-eclipse-led-8\/\" \/>\n<meta property=\"og:site_name\" content=\"ADC Electronique\" \/>\n<meta property=\"article:modified_time\" content=\"2026-03-29T14:29:43+00:00\" \/>\n<meta property=\"og:image\" content=\"https:\/\/adcelectronique.com\/wp-content\/uploads\/2026\/03\/Eclipse_LED8.jpg\" \/>\n\t<meta property=\"og:image:width\" content=\"500\" \/>\n\t<meta property=\"og:image:height\" content=\"581\" \/>\n\t<meta property=\"og:image:type\" content=\"image\/jpeg\" \/>\n<meta name=\"twitter:card\" content=\"summary_large_image\" \/>\n<meta name=\"twitter:label1\" content=\"Dur\u00e9e de lecture estim\u00e9e\" \/>\n\t<meta name=\"twitter:data1\" content=\"1 minute\" \/>\n<script type=\"application\/ld+json\" class=\"yoast-schema-graph\">{\"@context\":\"https:\/\/schema.org\",\"@graph\":[{\"@type\":\"WebPage\",\"@id\":\"https:\/\/adcelectronique.com\/index.php\/product\/clavier-eclipse-led-8\/\",\"url\":\"https:\/\/adcelectronique.com\/index.php\/product\/clavier-eclipse-led-8\/\",\"name\":\"CLAVIER ECLIPSE LED 8 - ADC Electronique\",\"isPartOf\":{\"@id\":\"https:\/\/adcelectronique.com\/#website\"},\"primaryImageOfPage\":{\"@id\":\"https:\/\/adcelectronique.com\/index.php\/product\/clavier-eclipse-led-8\/#primaryimage\"},\"image\":{\"@id\":\"https:\/\/adcelectronique.com\/index.php\/product\/clavier-eclipse-led-8\/#primaryimage\"},\"thumbnailUrl\":\"https:\/\/adcelectronique.com\/wp-content\/uploads\/2026\/03\/Eclipse_LED8.jpg\",\"datePublished\":\"2026-03-29T14:29:42+00:00\",\"dateModified\":\"2026-03-29T14:29:43+00:00\",\"breadcrumb\":{\"@id\":\"https:\/\/adcelectronique.com\/index.php\/product\/clavier-eclipse-led-8\/#breadcrumb\"},\"inLanguage\":\"fr-FR\",\"potentialAction\":[{\"@type\":\"ReadAction\",\"target\":[\"https:\/\/adcelectronique.com\/index.php\/product\/clavier-eclipse-led-8\/\"]}]},{\"@type\":\"ImageObject\",\"inLanguage\":\"fr-FR\",\"@id\":\"https:\/\/adcelectronique.com\/index.php\/product\/clavier-eclipse-led-8\/#primaryimage\",\"url\":\"https:\/\/adcelectronique.com\/wp-content\/uploads\/2026\/03\/Eclipse_LED8.jpg\",\"contentUrl\":\"https:\/\/adcelectronique.com\/wp-content\/uploads\/2026\/03\/Eclipse_LED8.jpg\",\"width\":500,\"height\":581},{\"@type\":\"BreadcrumbList\",\"@id\":\"https:\/\/adcelectronique.com\/index.php\/product\/clavier-eclipse-led-8\/#breadcrumb\",\"itemListElement\":[{\"@type\":\"ListItem\",\"position\":1,\"name\":\"Home\",\"item\":\"https:\/\/adcelectronique.com\/\"},{\"@type\":\"ListItem\",\"position\":2,\"name\":\"Shop\",\"item\":\"https:\/\/adcelectronique.com\/index.php\/shop\/\"},{\"@type\":\"ListItem\",\"position\":3,\"name\":\"CLAVIER ECLIPSE LED 8\"}]},{\"@type\":\"WebSite\",\"@id\":\"https:\/\/adcelectronique.com\/#website\",\"url\":\"https:\/\/adcelectronique.com\/\",\"name\":\"ADC Electronique\",\"description\":\"\",\"potentialAction\":[{\"@type\":\"SearchAction\",\"target\":{\"@type\":\"EntryPoint\",\"urlTemplate\":\"https:\/\/adcelectronique.com\/?s={search_term_string}\"},\"query-input\":{\"@type\":\"PropertyValueSpecification\",\"valueRequired\":true,\"valueName\":\"search_term_string\"}}],\"inLanguage\":\"fr-FR\"}]}<\/script>\n<!-- \/ Yoast SEO Premium plugin. -->","yoast_head_json":{"title":"CLAVIER ECLIPSE LED 8 - ADC Electronique","robots":{"index":"index","follow":"follow","max-snippet":"max-snippet:-1","max-image-preview":"max-image-preview:large","max-video-preview":"max-video-preview:-1"},"canonical":"https:\/\/adcelectronique.com\/index.php\/product\/clavier-eclipse-led-8\/","og_locale":"fr_FR","og_type":"article","og_title":"CLAVIER ECLIPSE LED 8","og_description":"Description: Clavier Eclipse LED8 \u2013 Contr\u00f4le facile et s\u00e9curis\u00e9Interface intuitive pour les syst\u00e8mes Eclipse 8 et 16, avec affichage LED clair et touches r\u00e9tro\u00e9clair\u00e9es. Permet la gestion de jusqu\u2019\u00e0 8 zones distinctes et offre des alertes instantan\u00e9es pour renforcer la s\u00e9curit\u00e9 de votre site.","og_url":"https:\/\/adcelectronique.com\/index.php\/product\/clavier-eclipse-led-8\/","og_site_name":"ADC Electronique","article_modified_time":"2026-03-29T14:29:43+00:00","og_image":[{"width":500,"height":581,"url":"https:\/\/adcelectronique.com\/wp-content\/uploads\/2026\/03\/Eclipse_LED8.jpg","type":"image\/jpeg"}],"twitter_card":"summary_large_image","twitter_misc":{"Dur\u00e9e de lecture estim\u00e9e":"1 minute"},"schema":{"@context":"https:\/\/schema.org","@graph":[{"@type":"WebPage","@id":"https:\/\/adcelectronique.com\/index.php\/product\/clavier-eclipse-led-8\/","url":"https:\/\/adcelectronique.com\/index.php\/product\/clavier-eclipse-led-8\/","name":"CLAVIER ECLIPSE LED 8 - ADC Electronique","isPartOf":{"@id":"https:\/\/adcelectronique.com\/#website"},"primaryImageOfPage":{"@id":"https:\/\/adcelectronique.com\/index.php\/product\/clavier-eclipse-led-8\/#primaryimage"},"image":{"@id":"https:\/\/adcelectronique.com\/index.php\/product\/clavier-eclipse-led-8\/#primaryimage"},"thumbnailUrl":"https:\/\/adcelectronique.com\/wp-content\/uploads\/2026\/03\/Eclipse_LED8.jpg","datePublished":"2026-03-29T14:29:42+00:00","dateModified":"2026-03-29T14:29:43+00:00","breadcrumb":{"@id":"https:\/\/adcelectronique.com\/index.php\/product\/clavier-eclipse-led-8\/#breadcrumb"},"inLanguage":"fr-FR","potentialAction":[{"@type":"ReadAction","target":["https:\/\/adcelectronique.com\/index.php\/product\/clavier-eclipse-led-8\/"]}]},{"@type":"ImageObject","inLanguage":"fr-FR","@id":"https:\/\/adcelectronique.com\/index.php\/product\/clavier-eclipse-led-8\/#primaryimage","url":"https:\/\/adcelectronique.com\/wp-content\/uploads\/2026\/03\/Eclipse_LED8.jpg","contentUrl":"https:\/\/adcelectronique.com\/wp-content\/uploads\/2026\/03\/Eclipse_LED8.jpg","width":500,"height":581},{"@type":"BreadcrumbList","@id":"https:\/\/adcelectronique.com\/index.php\/product\/clavier-eclipse-led-8\/#breadcrumb","itemListElement":[{"@type":"ListItem","position":1,"name":"Home","item":"https:\/\/adcelectronique.com\/"},{"@type":"ListItem","position":2,"name":"Shop","item":"https:\/\/adcelectronique.com\/index.php\/shop\/"},{"@type":"ListItem","position":3,"name":"CLAVIER ECLIPSE LED 8"}]},{"@type":"WebSite","@id":"https:\/\/adcelectronique.com\/#website","url":"https:\/\/adcelectronique.com\/","name":"ADC Electronique","description":"","potentialAction":[{"@type":"SearchAction","target":{"@type":"EntryPoint","urlTemplate":"https:\/\/adcelectronique.com\/?s={search_term_string}"},"query-input":{"@type":"PropertyValueSpecification","valueRequired":true,"valueName":"search_term_string"}}],"inLanguage":"fr-FR"}]}},"_links":{"self":[{"href":"https:\/\/adcelectronique.com\/index.php\/wp-json\/wp\/v2\/product\/11076","targetHints":{"allow":["GET"]}}],"collection":[{"href":"https:\/\/adcelectronique.com\/index.php\/wp-json\/wp\/v2\/product"}],"about":[{"href":"https:\/\/adcelectronique.com\/index.php\/wp-json\/wp\/v2\/types\/product"}],"replies":[{"embeddable":true,"href":"https:\/\/adcelectronique.com\/index.php\/wp-json\/wp\/v2\/comments?post=11076"}],"version-history":[{"count":0,"href":"https:\/\/adcelectronique.com\/index.php\/wp-json\/wp\/v2\/product\/11076\/revisions"}],"wp:featuredmedia":[{"embeddable":true,"href":"https:\/\/adcelectronique.com\/index.php\/wp-json\/wp\/v2\/media\/11077"}],"wp:attachment":[{"href":"https:\/\/adcelectronique.com\/index.php\/wp-json\/wp\/v2\/media?parent=11076"}],"wp:term":[{"taxonomy":"product_brand","embeddable":true,"href":"https:\/\/adcelectronique.com\/index.php\/wp-json\/wp\/v2\/product_brand?post=11076"},{"taxonomy":"product_cat","embeddable":true,"href":"https:\/\/adcelectronique.com\/index.php\/wp-json\/wp\/v2\/product_cat?post=11076"},{"taxonomy":"product_tag","embeddable":true,"href":"https:\/\/adcelectronique.com\/index.php\/wp-json\/wp\/v2\/product_tag?post=11076"}],"curies":[{"name":"wp","href":"https:\/\/api.w.org\/{rel}","templated":true}]}}