{"id":11086,"date":"2026-03-29T14:48:57","date_gmt":"2026-03-29T14:48:57","guid":{"rendered":"https:\/\/adcelectronique.com\/?post_type=product&#038;p=11086"},"modified":"2026-03-29T14:48:58","modified_gmt":"2026-03-29T14:48:58","slug":"clavier-eclipse-hmi","status":"publish","type":"product","link":"https:\/\/adcelectronique.com\/index.php\/product\/clavier-eclipse-hmi\/","title":{"rendered":"CLAVIER ECLIPSE HMI"},"content":{"rendered":"<h3>\u00a0 \u00a0 \u00a0 \u00a0 \u00a0 \u00a0 \u00a0 \u00a0 \u00a0 \u00a0 \u00a0 \u00a0 \u00a0 \u00a0 \u00a0 \u00a0 \u00a0 \u00a0 \u00a0 \u00a0 \u00a0 \u00a0 \u00a0 \u00a0 \u00a0 \u00a0 \u00a0 \u00a0 \u00a0 \u00a0 \u00a0 \u00a0 \u00a0 CLAVIER ECLIPSE HMI<\/h3>\n<h2>Description<\/h2>\n<p><strong data-start=\"96\" data-end=\"161\">Interface HMI Eclipse \u2013 Gestion avanc\u00e9e des syst\u00e8mes d\u2019alarme<\/strong><br data-start=\"161\" data-end=\"164\" \/>L\u2019<strong data-start=\"166\" data-end=\"181\">Eclipse HMI<\/strong> offre un contr\u00f4le intuitif et s\u00e9curis\u00e9 pour les sites industriels et commerciaux. \u00c9quip\u00e9e d\u2019un <strong data-start=\"277\" data-end=\"303\">\u00e9cran TFT r\u00e9tro\u00e9clair\u00e9<\/strong>, de touches d\u00e9di\u00e9es pour modes d\u2019armement et alertes rapides (PANIC, ASSISTANCE, INCENDIE), elle assure une <strong data-start=\"412\" data-end=\"456\" data-is-only-node=\"\">surveillance efficace et personnalisable<\/strong>. Son design ergonomique, le support multilingue, le mode confidentiel et les fonctions avanc\u00e9es de s\u00e9curit\u00e9 en font un outil indispensable pour la gestion des syst\u00e8mes d\u2019alarme.<\/p>\n<p>Clavier avec \u00e9cran TFT : Un \u00e9cran facile \u00e0 lire avec r\u00e9tro\u00e9clairage r\u00e9glable pour un confort visuel optimal.<\/p>\n","protected":false},"excerpt":{"rendered":"<h2>Description<\/h2>\n<p><strong data-start=\"96\" data-end=\"161\">Interface HMI Eclipse \u2013 Gestion avanc\u00e9e des syst\u00e8mes d\u2019alarme<\/strong><br data-start=\"161\" data-end=\"164\" \/>L\u2019<strong data-start=\"166\" data-end=\"181\">Eclipse HMI<\/strong> offre un contr\u00f4le intuitif et s\u00e9curis\u00e9 pour les sites industriels et commerciaux. \u00c9quip\u00e9e d\u2019un <strong data-start=\"277\" data-end=\"303\">\u00e9cran TFT r\u00e9tro\u00e9clair\u00e9<\/strong>, de touches d\u00e9di\u00e9es pour modes d\u2019armement et alertes rapides (PANIC, ASSISTANCE, INCENDIE), elle assure une <strong data-start=\"412\" data-end=\"456\" data-is-only-node=\"\">surveillance efficace et personnalisable<\/strong>. Son design ergonomique, le support multilingue, le mode confidentiel et les fonctions avanc\u00e9es de s\u00e9curit\u00e9 en font un outil indispensable pour la gestion des syst\u00e8mes d\u2019alarme.<\/p>\n","protected":false},"featured_media":11087,"comment_status":"open","ping_status":"closed","template":"","meta":[],"product_brand":[149],"product_cat":[147],"product_tag":[],"class_list":{"0":"post-11086","1":"product","2":"type-product","3":"status-publish","4":"has-post-thumbnail","6":"product_brand-teletek","7":"product_cat-anti-intrusion","9":"first","10":"instock","11":"shipping-taxable","12":"product-type-simple"},"yoast_head":"<!-- This site is optimized with the Yoast SEO Premium plugin v26.2 (Yoast SEO v26.2) - https:\/\/yoast.com\/wordpress\/plugins\/seo\/ -->\n<title>CLAVIER ECLIPSE HMI - ADC Electronique<\/title>\n<meta name=\"robots\" content=\"index, follow, max-snippet:-1, max-image-preview:large, max-video-preview:-1\" \/>\n<link rel=\"canonical\" href=\"https:\/\/adcelectronique.com\/index.php\/product\/clavier-eclipse-hmi\/\" \/>\n<meta property=\"og:locale\" content=\"fr_FR\" \/>\n<meta property=\"og:type\" content=\"article\" \/>\n<meta property=\"og:title\" content=\"CLAVIER ECLIPSE HMI\" \/>\n<meta property=\"og:description\" content=\"Description Interface HMI Eclipse \u2013 Gestion avanc\u00e9e des syst\u00e8mes d\u2019alarmeL\u2019Eclipse HMI offre un contr\u00f4le intuitif et s\u00e9curis\u00e9 pour les sites industriels et commerciaux. \u00c9quip\u00e9e d\u2019un \u00e9cran TFT r\u00e9tro\u00e9clair\u00e9, de touches d\u00e9di\u00e9es pour modes d\u2019armement et alertes rapides (PANIC, ASSISTANCE, INCENDIE), elle assure une surveillance efficace et personnalisable. Son design ergonomique, le support multilingue, le mode confidentiel et les fonctions avanc\u00e9es de s\u00e9curit\u00e9 en font un outil indispensable pour la gestion des syst\u00e8mes d\u2019alarme.\" \/>\n<meta property=\"og:url\" content=\"https:\/\/adcelectronique.com\/index.php\/product\/clavier-eclipse-hmi\/\" \/>\n<meta property=\"og:site_name\" content=\"ADC Electronique\" \/>\n<meta property=\"article:modified_time\" content=\"2026-03-29T14:48:58+00:00\" \/>\n<meta property=\"og:image\" content=\"https:\/\/adcelectronique.com\/wp-content\/uploads\/2026\/03\/hmi.jpg\" \/>\n\t<meta property=\"og:image:width\" content=\"1100\" \/>\n\t<meta property=\"og:image:height\" content=\"1100\" \/>\n\t<meta property=\"og:image:type\" content=\"image\/jpeg\" \/>\n<meta name=\"twitter:card\" content=\"summary_large_image\" \/>\n<meta name=\"twitter:label1\" content=\"Dur\u00e9e de lecture estim\u00e9e\" \/>\n\t<meta name=\"twitter:data1\" content=\"1 minute\" \/>\n<script type=\"application\/ld+json\" class=\"yoast-schema-graph\">{\"@context\":\"https:\/\/schema.org\",\"@graph\":[{\"@type\":\"WebPage\",\"@id\":\"https:\/\/adcelectronique.com\/index.php\/product\/clavier-eclipse-hmi\/\",\"url\":\"https:\/\/adcelectronique.com\/index.php\/product\/clavier-eclipse-hmi\/\",\"name\":\"CLAVIER ECLIPSE HMI - ADC Electronique\",\"isPartOf\":{\"@id\":\"https:\/\/adcelectronique.com\/#website\"},\"primaryImageOfPage\":{\"@id\":\"https:\/\/adcelectronique.com\/index.php\/product\/clavier-eclipse-hmi\/#primaryimage\"},\"image\":{\"@id\":\"https:\/\/adcelectronique.com\/index.php\/product\/clavier-eclipse-hmi\/#primaryimage\"},\"thumbnailUrl\":\"https:\/\/adcelectronique.com\/wp-content\/uploads\/2026\/03\/hmi.jpg\",\"datePublished\":\"2026-03-29T14:48:57+00:00\",\"dateModified\":\"2026-03-29T14:48:58+00:00\",\"breadcrumb\":{\"@id\":\"https:\/\/adcelectronique.com\/index.php\/product\/clavier-eclipse-hmi\/#breadcrumb\"},\"inLanguage\":\"fr-FR\",\"potentialAction\":[{\"@type\":\"ReadAction\",\"target\":[\"https:\/\/adcelectronique.com\/index.php\/product\/clavier-eclipse-hmi\/\"]}]},{\"@type\":\"ImageObject\",\"inLanguage\":\"fr-FR\",\"@id\":\"https:\/\/adcelectronique.com\/index.php\/product\/clavier-eclipse-hmi\/#primaryimage\",\"url\":\"https:\/\/adcelectronique.com\/wp-content\/uploads\/2026\/03\/hmi.jpg\",\"contentUrl\":\"https:\/\/adcelectronique.com\/wp-content\/uploads\/2026\/03\/hmi.jpg\",\"width\":1100,\"height\":1100},{\"@type\":\"BreadcrumbList\",\"@id\":\"https:\/\/adcelectronique.com\/index.php\/product\/clavier-eclipse-hmi\/#breadcrumb\",\"itemListElement\":[{\"@type\":\"ListItem\",\"position\":1,\"name\":\"Home\",\"item\":\"https:\/\/adcelectronique.com\/\"},{\"@type\":\"ListItem\",\"position\":2,\"name\":\"Shop\",\"item\":\"https:\/\/adcelectronique.com\/index.php\/shop\/\"},{\"@type\":\"ListItem\",\"position\":3,\"name\":\"CLAVIER ECLIPSE HMI\"}]},{\"@type\":\"WebSite\",\"@id\":\"https:\/\/adcelectronique.com\/#website\",\"url\":\"https:\/\/adcelectronique.com\/\",\"name\":\"ADC Electronique\",\"description\":\"\",\"potentialAction\":[{\"@type\":\"SearchAction\",\"target\":{\"@type\":\"EntryPoint\",\"urlTemplate\":\"https:\/\/adcelectronique.com\/?s={search_term_string}\"},\"query-input\":{\"@type\":\"PropertyValueSpecification\",\"valueRequired\":true,\"valueName\":\"search_term_string\"}}],\"inLanguage\":\"fr-FR\"}]}<\/script>\n<!-- \/ Yoast SEO Premium plugin. -->","yoast_head_json":{"title":"CLAVIER ECLIPSE HMI - ADC Electronique","robots":{"index":"index","follow":"follow","max-snippet":"max-snippet:-1","max-image-preview":"max-image-preview:large","max-video-preview":"max-video-preview:-1"},"canonical":"https:\/\/adcelectronique.com\/index.php\/product\/clavier-eclipse-hmi\/","og_locale":"fr_FR","og_type":"article","og_title":"CLAVIER ECLIPSE HMI","og_description":"Description Interface HMI Eclipse \u2013 Gestion avanc\u00e9e des syst\u00e8mes d\u2019alarmeL\u2019Eclipse HMI offre un contr\u00f4le intuitif et s\u00e9curis\u00e9 pour les sites industriels et commerciaux. \u00c9quip\u00e9e d\u2019un \u00e9cran TFT r\u00e9tro\u00e9clair\u00e9, de touches d\u00e9di\u00e9es pour modes d\u2019armement et alertes rapides (PANIC, ASSISTANCE, INCENDIE), elle assure une surveillance efficace et personnalisable. Son design ergonomique, le support multilingue, le mode confidentiel et les fonctions avanc\u00e9es de s\u00e9curit\u00e9 en font un outil indispensable pour la gestion des syst\u00e8mes d\u2019alarme.","og_url":"https:\/\/adcelectronique.com\/index.php\/product\/clavier-eclipse-hmi\/","og_site_name":"ADC Electronique","article_modified_time":"2026-03-29T14:48:58+00:00","og_image":[{"width":1100,"height":1100,"url":"https:\/\/adcelectronique.com\/wp-content\/uploads\/2026\/03\/hmi.jpg","type":"image\/jpeg"}],"twitter_card":"summary_large_image","twitter_misc":{"Dur\u00e9e de lecture estim\u00e9e":"1 minute"},"schema":{"@context":"https:\/\/schema.org","@graph":[{"@type":"WebPage","@id":"https:\/\/adcelectronique.com\/index.php\/product\/clavier-eclipse-hmi\/","url":"https:\/\/adcelectronique.com\/index.php\/product\/clavier-eclipse-hmi\/","name":"CLAVIER ECLIPSE HMI - ADC Electronique","isPartOf":{"@id":"https:\/\/adcelectronique.com\/#website"},"primaryImageOfPage":{"@id":"https:\/\/adcelectronique.com\/index.php\/product\/clavier-eclipse-hmi\/#primaryimage"},"image":{"@id":"https:\/\/adcelectronique.com\/index.php\/product\/clavier-eclipse-hmi\/#primaryimage"},"thumbnailUrl":"https:\/\/adcelectronique.com\/wp-content\/uploads\/2026\/03\/hmi.jpg","datePublished":"2026-03-29T14:48:57+00:00","dateModified":"2026-03-29T14:48:58+00:00","breadcrumb":{"@id":"https:\/\/adcelectronique.com\/index.php\/product\/clavier-eclipse-hmi\/#breadcrumb"},"inLanguage":"fr-FR","potentialAction":[{"@type":"ReadAction","target":["https:\/\/adcelectronique.com\/index.php\/product\/clavier-eclipse-hmi\/"]}]},{"@type":"ImageObject","inLanguage":"fr-FR","@id":"https:\/\/adcelectronique.com\/index.php\/product\/clavier-eclipse-hmi\/#primaryimage","url":"https:\/\/adcelectronique.com\/wp-content\/uploads\/2026\/03\/hmi.jpg","contentUrl":"https:\/\/adcelectronique.com\/wp-content\/uploads\/2026\/03\/hmi.jpg","width":1100,"height":1100},{"@type":"BreadcrumbList","@id":"https:\/\/adcelectronique.com\/index.php\/product\/clavier-eclipse-hmi\/#breadcrumb","itemListElement":[{"@type":"ListItem","position":1,"name":"Home","item":"https:\/\/adcelectronique.com\/"},{"@type":"ListItem","position":2,"name":"Shop","item":"https:\/\/adcelectronique.com\/index.php\/shop\/"},{"@type":"ListItem","position":3,"name":"CLAVIER ECLIPSE HMI"}]},{"@type":"WebSite","@id":"https:\/\/adcelectronique.com\/#website","url":"https:\/\/adcelectronique.com\/","name":"ADC Electronique","description":"","potentialAction":[{"@type":"SearchAction","target":{"@type":"EntryPoint","urlTemplate":"https:\/\/adcelectronique.com\/?s={search_term_string}"},"query-input":{"@type":"PropertyValueSpecification","valueRequired":true,"valueName":"search_term_string"}}],"inLanguage":"fr-FR"}]}},"_links":{"self":[{"href":"https:\/\/adcelectronique.com\/index.php\/wp-json\/wp\/v2\/product\/11086","targetHints":{"allow":["GET"]}}],"collection":[{"href":"https:\/\/adcelectronique.com\/index.php\/wp-json\/wp\/v2\/product"}],"about":[{"href":"https:\/\/adcelectronique.com\/index.php\/wp-json\/wp\/v2\/types\/product"}],"replies":[{"embeddable":true,"href":"https:\/\/adcelectronique.com\/index.php\/wp-json\/wp\/v2\/comments?post=11086"}],"version-history":[{"count":0,"href":"https:\/\/adcelectronique.com\/index.php\/wp-json\/wp\/v2\/product\/11086\/revisions"}],"wp:featuredmedia":[{"embeddable":true,"href":"https:\/\/adcelectronique.com\/index.php\/wp-json\/wp\/v2\/media\/11087"}],"wp:attachment":[{"href":"https:\/\/adcelectronique.com\/index.php\/wp-json\/wp\/v2\/media?parent=11086"}],"wp:term":[{"taxonomy":"product_brand","embeddable":true,"href":"https:\/\/adcelectronique.com\/index.php\/wp-json\/wp\/v2\/product_brand?post=11086"},{"taxonomy":"product_cat","embeddable":true,"href":"https:\/\/adcelectronique.com\/index.php\/wp-json\/wp\/v2\/product_cat?post=11086"},{"taxonomy":"product_tag","embeddable":true,"href":"https:\/\/adcelectronique.com\/index.php\/wp-json\/wp\/v2\/product_tag?post=11086"}],"curies":[{"name":"wp","href":"https:\/\/api.w.org\/{rel}","templated":true}]}}