{"id":11103,"date":"2026-03-30T08:25:38","date_gmt":"2026-03-30T08:25:38","guid":{"rendered":"https:\/\/adcelectronique.com\/?post_type=product&#038;p=11103"},"modified":"2026-03-30T08:25:39","modified_gmt":"2026-03-30T08:25:39","slug":"lecteur-proximite-eclipse-pr","status":"publish","type":"product","link":"https:\/\/adcelectronique.com\/index.php\/product\/lecteur-proximite-eclipse-pr\/","title":{"rendered":"LECTEUR PROXIMITE ECLIPSE PR"},"content":{"rendered":"<h3>\u00a0 \u00a0 \u00a0 \u00a0 \u00a0 \u00a0 \u00a0 \u00a0 \u00a0 \u00a0 \u00a0 \u00a0 \u00a0 \u00a0 \u00a0 \u00a0 \u00a0 \u00a0 \u00a0 \u00a0 \u00a0 \u00a0 \u00a0 \u00a0 \u00a0 \u00a0 \u00a0 \u00a0 \u00a0 LECTEUR PROXIMITE ECLIPSE PR<\/h3>\n<h2>Description<\/h2>\n<p data-start=\"264\" data-end=\"579\">Le lecteur de proximit\u00e9 <strong data-start=\"288\" data-end=\"302\">Eclipse PR<\/strong> est une solution pratique et moderne pour le contr\u00f4le d\u2019acc\u00e8s et la gestion rapide du syst\u00e8me d\u2019alarme. Compatible avec les centrales <strong data-start=\"437\" data-end=\"466\">Eclipse 8, 16 et 32 zones<\/strong>, il permet l\u2019armement et le d\u00e9sarmement du syst\u00e8me en toute simplicit\u00e9 \u00e0 l\u2019aide de cartes RFID passives 125 kHz.<\/p>\n<p data-start=\"581\" data-end=\"845\">Con\u00e7u pour fonctionner parfaitement avec la gamme Eclipse, ce lecteur offre une utilisation intuitive, rapide et s\u00e9curis\u00e9e. Son design discret et \u00e9l\u00e9gant s\u2019int\u00e8gre facilement dans tout type d\u2019environnement : bureaux, commerces, habitations ou sites professionnels.<\/p>\n<p data-start=\"847\" data-end=\"1040\">Fiable et facile \u00e0 installer, l\u2019Eclipse PR constitue une solution id\u00e9ale pour les installations n\u00e9cessitant un acc\u00e8s rapide sans saisie de code, tout en garantissant un haut niveau de s\u00e9curit\u00e9.<\/p>\n<h2 data-section-id=\"128riy1\" data-start=\"748\" data-end=\"779\">Caract\u00e9ristiques principales<\/h2>\n<ul data-start=\"780\" data-end=\"1118\">\n<li data-section-id=\"1ozbxbd\" data-start=\"780\" data-end=\"825\">Lecture de <strong data-start=\"793\" data-end=\"825\">cartes RFID passives 125 kHz<\/strong><\/li>\n<li data-section-id=\"8y8un9\" data-start=\"826\" data-end=\"877\">Armement \/ d\u00e9sarmement rapide du syst\u00e8me d\u2019alarme<\/li>\n<li data-section-id=\"1yk0s82\" data-start=\"878\" data-end=\"913\">Fonctionnement simple et intuitif<\/li>\n<li data-section-id=\"1gx6nlw\" data-start=\"914\" data-end=\"965\">Interface tactile avec indicateurs lumineux (LED)<\/li>\n<li data-section-id=\"16fahbj\" data-start=\"966\" data-end=\"993\">Design discret et moderne<\/li>\n<li data-section-id=\"1qmrscy\" data-start=\"994\" data-end=\"1022\">Installation murale facile<\/li>\n<li data-section-id=\"mmbi7p\" data-start=\"1023\" data-end=\"1061\">Haute fiabilit\u00e9 pour usage quotidien<\/li>\n<li data-section-id=\"butz8a\" data-start=\"1062\" data-end=\"1118\">Id\u00e9al pour bureaux, magasins, habitations et entrep\u00f4ts<\/li>\n<\/ul>\n<hr data-start=\"1120\" data-end=\"1123\" \/>\n<h2 data-section-id=\"1ilt2zm\" data-start=\"1125\" data-end=\"1155\">Caract\u00e9ristiques techniques<\/h2>\n<ul data-start=\"1156\" data-end=\"1541\">\n<li data-section-id=\"1uist4n\" data-start=\"1156\" data-end=\"1186\">Technologie RFID : 125 kHz<\/li>\n<li data-section-id=\"1cryvrr\" data-start=\"1187\" data-end=\"1250\">Type de cartes : cartes RFID passives \/ badges de proximit\u00e9<\/li>\n<li data-section-id=\"xa0ilz\" data-start=\"1251\" data-end=\"1322\">Mode de fonctionnement : lecteur de proximit\u00e9 pour syst\u00e8me d\u2019alarme<\/li>\n<li data-section-id=\"1g41djx\" data-start=\"1323\" data-end=\"1366\">Interface : tactile avec indication LED<\/li>\n<li data-section-id=\"1f97581\" data-start=\"1367\" data-end=\"1409\">Installation : montage mural int\u00e9rieur<\/li>\n<li data-section-id=\"av1d3y\" data-start=\"1410\" data-end=\"1491\">Temp\u00e9rature de fonctionnement : adapt\u00e9e \u00e0 une utilisation int\u00e9rieure standard<\/li>\n<li data-section-id=\"1bvspdh\" data-start=\"1492\" data-end=\"1541\">Mat\u00e9riau : bo\u00eetier plastique haute r\u00e9sistance<\/li>\n<\/ul>\n","protected":false},"excerpt":{"rendered":"<h2>Description<\/h2>\n<p data-start=\"264\" data-end=\"579\">Le lecteur de proximit\u00e9 <strong data-start=\"288\" data-end=\"302\">Eclipse PR<\/strong> est une solution pratique et moderne pour le contr\u00f4le d\u2019acc\u00e8s et la gestion rapide du syst\u00e8me d\u2019alarme. Compatible avec les centrales <strong data-start=\"437\" data-end=\"466\">Eclipse 8, 16 et 32 zones<\/strong>, il permet l\u2019armement et le d\u00e9sarmement du syst\u00e8me en toute simplicit\u00e9 \u00e0 l\u2019aide de cartes RFID passives 125 kHz.<\/p>\n<p data-start=\"581\" data-end=\"845\">Con\u00e7u pour fonctionner parfaitement avec la gamme Eclipse, ce lecteur offre une utilisation intuitive, rapide et s\u00e9curis\u00e9e. Son design discret et \u00e9l\u00e9gant s\u2019int\u00e8gre facilement dans tout type d\u2019environnement : bureaux, commerces, habitations ou sites professionnels.<\/p>\n<p data-start=\"847\" data-end=\"1040\">Fiable et facile \u00e0 installer, l\u2019Eclipse PR constitue une solution id\u00e9ale pour les installations n\u00e9cessitant un acc\u00e8s rapide sans saisie de code, tout en garantissant un haut niveau de s\u00e9curit\u00e9.<\/p>\n","protected":false},"featured_media":11104,"comment_status":"open","ping_status":"closed","template":"","meta":[],"product_brand":[149],"product_cat":[147],"product_tag":[],"class_list":{"0":"post-11103","1":"product","2":"type-product","3":"status-publish","4":"has-post-thumbnail","6":"product_brand-teletek","7":"product_cat-anti-intrusion","9":"first","10":"instock","11":"shipping-taxable","12":"product-type-simple"},"yoast_head":"<!-- This site is optimized with the Yoast SEO Premium plugin v26.2 (Yoast SEO v26.2) - https:\/\/yoast.com\/wordpress\/plugins\/seo\/ -->\n<title>LECTEUR PROXIMITE ECLIPSE PR - ADC Electronique<\/title>\n<meta name=\"robots\" content=\"index, follow, max-snippet:-1, max-image-preview:large, max-video-preview:-1\" \/>\n<link rel=\"canonical\" href=\"https:\/\/adcelectronique.com\/index.php\/product\/lecteur-proximite-eclipse-pr\/\" \/>\n<meta property=\"og:locale\" content=\"fr_FR\" \/>\n<meta property=\"og:type\" content=\"article\" \/>\n<meta property=\"og:title\" content=\"LECTEUR PROXIMITE ECLIPSE PR\" \/>\n<meta property=\"og:description\" content=\"Description Le lecteur de proximit\u00e9 Eclipse PR est une solution pratique et moderne pour le contr\u00f4le d\u2019acc\u00e8s et la gestion rapide du syst\u00e8me d\u2019alarme. Compatible avec les centrales Eclipse 8, 16 et 32 zones, il permet l\u2019armement et le d\u00e9sarmement du syst\u00e8me en toute simplicit\u00e9 \u00e0 l\u2019aide de cartes RFID passives 125 kHz. Con\u00e7u pour fonctionner parfaitement avec la gamme Eclipse, ce lecteur offre une utilisation intuitive, rapide et s\u00e9curis\u00e9e. Son design discret et \u00e9l\u00e9gant s\u2019int\u00e8gre facilement dans tout type d\u2019environnement : bureaux, commerces, habitations ou sites professionnels. Fiable et facile \u00e0 installer, l\u2019Eclipse PR constitue une solution id\u00e9ale pour les installations n\u00e9cessitant un acc\u00e8s rapide sans saisie de code, tout en garantissant un haut niveau de s\u00e9curit\u00e9.\" \/>\n<meta property=\"og:url\" content=\"https:\/\/adcelectronique.com\/index.php\/product\/lecteur-proximite-eclipse-pr\/\" \/>\n<meta property=\"og:site_name\" content=\"ADC Electronique\" \/>\n<meta property=\"article:modified_time\" content=\"2026-03-30T08:25:39+00:00\" \/>\n<meta property=\"og:image\" content=\"https:\/\/adcelectronique.com\/wp-content\/uploads\/2026\/03\/31i-Md1xBNL.jpg\" \/>\n\t<meta property=\"og:image:width\" content=\"500\" \/>\n\t<meta property=\"og:image:height\" content=\"333\" \/>\n\t<meta property=\"og:image:type\" content=\"image\/jpeg\" \/>\n<meta name=\"twitter:card\" content=\"summary_large_image\" \/>\n<meta name=\"twitter:label1\" content=\"Dur\u00e9e de lecture estim\u00e9e\" \/>\n\t<meta name=\"twitter:data1\" content=\"2 minutes\" \/>\n<script type=\"application\/ld+json\" class=\"yoast-schema-graph\">{\"@context\":\"https:\/\/schema.org\",\"@graph\":[{\"@type\":\"WebPage\",\"@id\":\"https:\/\/adcelectronique.com\/index.php\/product\/lecteur-proximite-eclipse-pr\/\",\"url\":\"https:\/\/adcelectronique.com\/index.php\/product\/lecteur-proximite-eclipse-pr\/\",\"name\":\"LECTEUR PROXIMITE ECLIPSE PR - ADC Electronique\",\"isPartOf\":{\"@id\":\"https:\/\/adcelectronique.com\/#website\"},\"primaryImageOfPage\":{\"@id\":\"https:\/\/adcelectronique.com\/index.php\/product\/lecteur-proximite-eclipse-pr\/#primaryimage\"},\"image\":{\"@id\":\"https:\/\/adcelectronique.com\/index.php\/product\/lecteur-proximite-eclipse-pr\/#primaryimage\"},\"thumbnailUrl\":\"https:\/\/adcelectronique.com\/wp-content\/uploads\/2026\/03\/31i-Md1xBNL.jpg\",\"datePublished\":\"2026-03-30T08:25:38+00:00\",\"dateModified\":\"2026-03-30T08:25:39+00:00\",\"breadcrumb\":{\"@id\":\"https:\/\/adcelectronique.com\/index.php\/product\/lecteur-proximite-eclipse-pr\/#breadcrumb\"},\"inLanguage\":\"fr-FR\",\"potentialAction\":[{\"@type\":\"ReadAction\",\"target\":[\"https:\/\/adcelectronique.com\/index.php\/product\/lecteur-proximite-eclipse-pr\/\"]}]},{\"@type\":\"ImageObject\",\"inLanguage\":\"fr-FR\",\"@id\":\"https:\/\/adcelectronique.com\/index.php\/product\/lecteur-proximite-eclipse-pr\/#primaryimage\",\"url\":\"https:\/\/adcelectronique.com\/wp-content\/uploads\/2026\/03\/31i-Md1xBNL.jpg\",\"contentUrl\":\"https:\/\/adcelectronique.com\/wp-content\/uploads\/2026\/03\/31i-Md1xBNL.jpg\",\"width\":500,\"height\":333},{\"@type\":\"BreadcrumbList\",\"@id\":\"https:\/\/adcelectronique.com\/index.php\/product\/lecteur-proximite-eclipse-pr\/#breadcrumb\",\"itemListElement\":[{\"@type\":\"ListItem\",\"position\":1,\"name\":\"Home\",\"item\":\"https:\/\/adcelectronique.com\/\"},{\"@type\":\"ListItem\",\"position\":2,\"name\":\"Shop\",\"item\":\"https:\/\/adcelectronique.com\/index.php\/shop\/\"},{\"@type\":\"ListItem\",\"position\":3,\"name\":\"LECTEUR PROXIMITE ECLIPSE PR\"}]},{\"@type\":\"WebSite\",\"@id\":\"https:\/\/adcelectronique.com\/#website\",\"url\":\"https:\/\/adcelectronique.com\/\",\"name\":\"ADC Electronique\",\"description\":\"\",\"potentialAction\":[{\"@type\":\"SearchAction\",\"target\":{\"@type\":\"EntryPoint\",\"urlTemplate\":\"https:\/\/adcelectronique.com\/?s={search_term_string}\"},\"query-input\":{\"@type\":\"PropertyValueSpecification\",\"valueRequired\":true,\"valueName\":\"search_term_string\"}}],\"inLanguage\":\"fr-FR\"}]}<\/script>\n<!-- \/ Yoast SEO Premium plugin. -->","yoast_head_json":{"title":"LECTEUR PROXIMITE ECLIPSE PR - ADC Electronique","robots":{"index":"index","follow":"follow","max-snippet":"max-snippet:-1","max-image-preview":"max-image-preview:large","max-video-preview":"max-video-preview:-1"},"canonical":"https:\/\/adcelectronique.com\/index.php\/product\/lecteur-proximite-eclipse-pr\/","og_locale":"fr_FR","og_type":"article","og_title":"LECTEUR PROXIMITE ECLIPSE PR","og_description":"Description Le lecteur de proximit\u00e9 Eclipse PR est une solution pratique et moderne pour le contr\u00f4le d\u2019acc\u00e8s et la gestion rapide du syst\u00e8me d\u2019alarme. Compatible avec les centrales Eclipse 8, 16 et 32 zones, il permet l\u2019armement et le d\u00e9sarmement du syst\u00e8me en toute simplicit\u00e9 \u00e0 l\u2019aide de cartes RFID passives 125 kHz. Con\u00e7u pour fonctionner parfaitement avec la gamme Eclipse, ce lecteur offre une utilisation intuitive, rapide et s\u00e9curis\u00e9e. Son design discret et \u00e9l\u00e9gant s\u2019int\u00e8gre facilement dans tout type d\u2019environnement : bureaux, commerces, habitations ou sites professionnels. Fiable et facile \u00e0 installer, l\u2019Eclipse PR constitue une solution id\u00e9ale pour les installations n\u00e9cessitant un acc\u00e8s rapide sans saisie de code, tout en garantissant un haut niveau de s\u00e9curit\u00e9.","og_url":"https:\/\/adcelectronique.com\/index.php\/product\/lecteur-proximite-eclipse-pr\/","og_site_name":"ADC Electronique","article_modified_time":"2026-03-30T08:25:39+00:00","og_image":[{"width":500,"height":333,"url":"https:\/\/adcelectronique.com\/wp-content\/uploads\/2026\/03\/31i-Md1xBNL.jpg","type":"image\/jpeg"}],"twitter_card":"summary_large_image","twitter_misc":{"Dur\u00e9e de lecture estim\u00e9e":"2 minutes"},"schema":{"@context":"https:\/\/schema.org","@graph":[{"@type":"WebPage","@id":"https:\/\/adcelectronique.com\/index.php\/product\/lecteur-proximite-eclipse-pr\/","url":"https:\/\/adcelectronique.com\/index.php\/product\/lecteur-proximite-eclipse-pr\/","name":"LECTEUR PROXIMITE ECLIPSE PR - ADC Electronique","isPartOf":{"@id":"https:\/\/adcelectronique.com\/#website"},"primaryImageOfPage":{"@id":"https:\/\/adcelectronique.com\/index.php\/product\/lecteur-proximite-eclipse-pr\/#primaryimage"},"image":{"@id":"https:\/\/adcelectronique.com\/index.php\/product\/lecteur-proximite-eclipse-pr\/#primaryimage"},"thumbnailUrl":"https:\/\/adcelectronique.com\/wp-content\/uploads\/2026\/03\/31i-Md1xBNL.jpg","datePublished":"2026-03-30T08:25:38+00:00","dateModified":"2026-03-30T08:25:39+00:00","breadcrumb":{"@id":"https:\/\/adcelectronique.com\/index.php\/product\/lecteur-proximite-eclipse-pr\/#breadcrumb"},"inLanguage":"fr-FR","potentialAction":[{"@type":"ReadAction","target":["https:\/\/adcelectronique.com\/index.php\/product\/lecteur-proximite-eclipse-pr\/"]}]},{"@type":"ImageObject","inLanguage":"fr-FR","@id":"https:\/\/adcelectronique.com\/index.php\/product\/lecteur-proximite-eclipse-pr\/#primaryimage","url":"https:\/\/adcelectronique.com\/wp-content\/uploads\/2026\/03\/31i-Md1xBNL.jpg","contentUrl":"https:\/\/adcelectronique.com\/wp-content\/uploads\/2026\/03\/31i-Md1xBNL.jpg","width":500,"height":333},{"@type":"BreadcrumbList","@id":"https:\/\/adcelectronique.com\/index.php\/product\/lecteur-proximite-eclipse-pr\/#breadcrumb","itemListElement":[{"@type":"ListItem","position":1,"name":"Home","item":"https:\/\/adcelectronique.com\/"},{"@type":"ListItem","position":2,"name":"Shop","item":"https:\/\/adcelectronique.com\/index.php\/shop\/"},{"@type":"ListItem","position":3,"name":"LECTEUR PROXIMITE ECLIPSE PR"}]},{"@type":"WebSite","@id":"https:\/\/adcelectronique.com\/#website","url":"https:\/\/adcelectronique.com\/","name":"ADC Electronique","description":"","potentialAction":[{"@type":"SearchAction","target":{"@type":"EntryPoint","urlTemplate":"https:\/\/adcelectronique.com\/?s={search_term_string}"},"query-input":{"@type":"PropertyValueSpecification","valueRequired":true,"valueName":"search_term_string"}}],"inLanguage":"fr-FR"}]}},"_links":{"self":[{"href":"https:\/\/adcelectronique.com\/index.php\/wp-json\/wp\/v2\/product\/11103","targetHints":{"allow":["GET"]}}],"collection":[{"href":"https:\/\/adcelectronique.com\/index.php\/wp-json\/wp\/v2\/product"}],"about":[{"href":"https:\/\/adcelectronique.com\/index.php\/wp-json\/wp\/v2\/types\/product"}],"replies":[{"embeddable":true,"href":"https:\/\/adcelectronique.com\/index.php\/wp-json\/wp\/v2\/comments?post=11103"}],"version-history":[{"count":0,"href":"https:\/\/adcelectronique.com\/index.php\/wp-json\/wp\/v2\/product\/11103\/revisions"}],"wp:featuredmedia":[{"embeddable":true,"href":"https:\/\/adcelectronique.com\/index.php\/wp-json\/wp\/v2\/media\/11104"}],"wp:attachment":[{"href":"https:\/\/adcelectronique.com\/index.php\/wp-json\/wp\/v2\/media?parent=11103"}],"wp:term":[{"taxonomy":"product_brand","embeddable":true,"href":"https:\/\/adcelectronique.com\/index.php\/wp-json\/wp\/v2\/product_brand?post=11103"},{"taxonomy":"product_cat","embeddable":true,"href":"https:\/\/adcelectronique.com\/index.php\/wp-json\/wp\/v2\/product_cat?post=11103"},{"taxonomy":"product_tag","embeddable":true,"href":"https:\/\/adcelectronique.com\/index.php\/wp-json\/wp\/v2\/product_tag?post=11103"}],"curies":[{"name":"wp","href":"https:\/\/api.w.org\/{rel}","templated":true}]}}