{"id":11107,"date":"2026-03-30T08:29:50","date_gmt":"2026-03-30T08:29:50","guid":{"rendered":"https:\/\/adcelectronique.com\/?post_type=product&#038;p=11107"},"modified":"2026-03-30T08:29:51","modified_gmt":"2026-03-30T08:29:51","slug":"module-dextention-eclipse-zone-exp8-teletek","status":"publish","type":"product","link":"https:\/\/adcelectronique.com\/index.php\/product\/module-dextention-eclipse-zone-exp8-teletek\/","title":{"rendered":"MODULE D&rsquo;EXTENTION ECLIPSE ZONE EXP8 TELETEK"},"content":{"rendered":"<h3>\u00a0 \u00a0 \u00a0 \u00a0 \u00a0 \u00a0 \u00a0 \u00a0 \u00a0 \u00a0 \u00a0 \u00a0 \u00a0 \u00a0 \u00a0 \u00a0 \u00a0 \u00a0 \u00a0 \u00a0MODULE D&rsquo;EXTENTION ECLIPSE ZONE EXP8 TELETEK<\/h3>\n<h2>Description<\/h2>\n<p data-start=\"261\" data-end=\"497\"><strong data-start=\"261\" data-end=\"278\">ECLIPSE Zone8<\/strong> est un module d\u2019extension de zones con\u00e7u pour augmenter la capacit\u00e9 des centrales d\u2019alarme de la gamme Eclipse. Il permet d\u2019ajouter <strong data-start=\"411\" data-end=\"438\">8 zones suppl\u00e9mentaires<\/strong> afin d\u2019\u00e9tendre facilement un syst\u00e8me de s\u00e9curit\u00e9 existant.<\/p>\n<p data-start=\"499\" data-end=\"709\">Certifi\u00e9 <strong data-start=\"508\" data-end=\"537\">EN 50131 Grade 3 Class II<\/strong>, ce module est parfaitement adapt\u00e9 aux installations professionnelles n\u00e9cessitant un haut niveau de s\u00e9curit\u00e9 : banques, commerces, entrep\u00f4ts, bureaux et sites industriels.<\/p>\n<hr data-start=\"711\" data-end=\"714\" \/>\n<h2 data-section-id=\"128riy1\" data-start=\"716\" data-end=\"747\">Caract\u00e9ristiques principales<\/h2>\n<ul data-start=\"748\" data-end=\"1117\">\n<li data-section-id=\"y7wbw7\" data-start=\"748\" data-end=\"799\">Extension de <strong data-start=\"763\" data-end=\"799\">8 zones filaires suppl\u00e9mentaires<\/strong><\/li>\n<li data-section-id=\"9stdts\" data-start=\"800\" data-end=\"864\">Compatible avec les centrales <strong data-start=\"832\" data-end=\"846\">ECLIPSE 32<\/strong> et <strong data-start=\"850\" data-end=\"864\">ECLIPSE 99<\/strong><\/li>\n<li data-section-id=\"kn4kdh\" data-start=\"865\" data-end=\"910\">Certification <strong data-start=\"881\" data-end=\"910\">EN 50131 Grade 3 Class II<\/strong><\/li>\n<li data-section-id=\"dowok4\" data-start=\"911\" data-end=\"964\">Haute fiabilit\u00e9 pour installations professionnelles<\/li>\n<li data-section-id=\"1qtw2cg\" data-start=\"965\" data-end=\"996\">Installation simple et rapide<\/li>\n<li data-section-id=\"ss64ya\" data-start=\"997\" data-end=\"1055\">Id\u00e9al pour l\u2019extension progressive d\u2019un syst\u00e8me d\u2019alarme<\/li>\n<li data-section-id=\"8r3er6\" data-start=\"1056\" data-end=\"1117\">Conception compacte pour int\u00e9gration facile dans le coffret<\/li>\n<\/ul>\n<hr data-start=\"1119\" data-end=\"1122\" \/>\n<h2 data-section-id=\"1ilt2zm\" data-start=\"1124\" data-end=\"1154\">Caract\u00e9ristiques techniques<\/h2>\n<ul data-start=\"1155\" data-end=\"1424\">\n<li data-section-id=\"32kfko\" data-start=\"1155\" data-end=\"1191\">Type : module d\u2019extension de zones<\/li>\n<li data-section-id=\"1ggds2l\" data-start=\"1192\" data-end=\"1228\">Nombre de zones : 8 zones filaires<\/li>\n<li data-section-id=\"11qgawv\" data-start=\"1229\" data-end=\"1272\">Certification : EN 50131 Grade 3 Class II<\/li>\n<li data-section-id=\"y79zjr\" data-start=\"1273\" data-end=\"1326\">Installation : int\u00e9gration dans centrale ou coffret<\/li>\n<li data-section-id=\"1mpjh12\" data-start=\"1327\" data-end=\"1375\">Utilisation : syst\u00e8mes d\u2019alarme professionnels<\/li>\n<li data-section-id=\"1hre73p\" data-start=\"1376\" data-end=\"1424\">Conception robuste pour fonctionnement continu<\/li>\n<\/ul>\n","protected":false},"excerpt":{"rendered":"<h2>Description<\/h2>\n<p data-start=\"261\" data-end=\"497\"><strong data-start=\"261\" data-end=\"278\">ECLIPSE Zone8<\/strong> est un module d\u2019extension de zones con\u00e7u pour augmenter la capacit\u00e9 des centrales d\u2019alarme de la gamme Eclipse. Il permet d\u2019ajouter <strong data-start=\"411\" data-end=\"438\">8 zones suppl\u00e9mentaires<\/strong> afin d\u2019\u00e9tendre facilement un syst\u00e8me de s\u00e9curit\u00e9 existant.<\/p>\n<p data-start=\"499\" data-end=\"709\">Certifi\u00e9 <strong data-start=\"508\" data-end=\"537\">EN 50131 Grade 3 Class II<\/strong>, ce module est parfaitement adapt\u00e9 aux installations professionnelles n\u00e9cessitant un haut niveau de s\u00e9curit\u00e9 : banques, commerces, entrep\u00f4ts, bureaux et sites industriels.<\/p>\n","protected":false},"featured_media":11108,"comment_status":"open","ping_status":"closed","template":"","meta":[],"product_brand":[149],"product_cat":[147],"product_tag":[],"class_list":{"0":"post-11107","1":"product","2":"type-product","3":"status-publish","4":"has-post-thumbnail","6":"product_brand-teletek","7":"product_cat-anti-intrusion","9":"first","10":"instock","11":"shipping-taxable","12":"product-type-simple"},"yoast_head":"<!-- This site is optimized with the Yoast SEO Premium plugin v26.2 (Yoast SEO v26.2) - https:\/\/yoast.com\/wordpress\/plugins\/seo\/ -->\n<title>MODULE D&#039;EXTENTION ECLIPSE ZONE EXP8 TELETEK - ADC Electronique<\/title>\n<meta name=\"robots\" content=\"index, follow, max-snippet:-1, max-image-preview:large, max-video-preview:-1\" \/>\n<link rel=\"canonical\" href=\"https:\/\/adcelectronique.com\/index.php\/product\/module-dextention-eclipse-zone-exp8-teletek\/\" \/>\n<meta property=\"og:locale\" content=\"fr_FR\" \/>\n<meta property=\"og:type\" content=\"article\" \/>\n<meta property=\"og:title\" content=\"MODULE D&#039;EXTENTION ECLIPSE ZONE EXP8 TELETEK\" \/>\n<meta property=\"og:description\" content=\"Description ECLIPSE Zone8 est un module d\u2019extension de zones con\u00e7u pour augmenter la capacit\u00e9 des centrales d\u2019alarme de la gamme Eclipse. Il permet d\u2019ajouter 8 zones suppl\u00e9mentaires afin d\u2019\u00e9tendre facilement un syst\u00e8me de s\u00e9curit\u00e9 existant. Certifi\u00e9 EN 50131 Grade 3 Class II, ce module est parfaitement adapt\u00e9 aux installations professionnelles n\u00e9cessitant un haut niveau de s\u00e9curit\u00e9 : banques, commerces, entrep\u00f4ts, bureaux et sites industriels.\" \/>\n<meta property=\"og:url\" content=\"https:\/\/adcelectronique.com\/index.php\/product\/module-dextention-eclipse-zone-exp8-teletek\/\" \/>\n<meta property=\"og:site_name\" content=\"ADC Electronique\" \/>\n<meta property=\"article:modified_time\" content=\"2026-03-30T08:29:51+00:00\" \/>\n<meta property=\"og:image\" content=\"https:\/\/adcelectronique.com\/wp-content\/uploads\/2026\/03\/19038441_1.jpg\" \/>\n\t<meta property=\"og:image:width\" content=\"470\" \/>\n\t<meta property=\"og:image:height\" content=\"470\" \/>\n\t<meta property=\"og:image:type\" content=\"image\/jpeg\" \/>\n<meta name=\"twitter:card\" content=\"summary_large_image\" \/>\n<meta name=\"twitter:label1\" content=\"Dur\u00e9e de lecture estim\u00e9e\" \/>\n\t<meta name=\"twitter:data1\" content=\"1 minute\" \/>\n<script type=\"application\/ld+json\" class=\"yoast-schema-graph\">{\"@context\":\"https:\/\/schema.org\",\"@graph\":[{\"@type\":\"WebPage\",\"@id\":\"https:\/\/adcelectronique.com\/index.php\/product\/module-dextention-eclipse-zone-exp8-teletek\/\",\"url\":\"https:\/\/adcelectronique.com\/index.php\/product\/module-dextention-eclipse-zone-exp8-teletek\/\",\"name\":\"MODULE D'EXTENTION ECLIPSE ZONE EXP8 TELETEK - ADC Electronique\",\"isPartOf\":{\"@id\":\"https:\/\/adcelectronique.com\/#website\"},\"primaryImageOfPage\":{\"@id\":\"https:\/\/adcelectronique.com\/index.php\/product\/module-dextention-eclipse-zone-exp8-teletek\/#primaryimage\"},\"image\":{\"@id\":\"https:\/\/adcelectronique.com\/index.php\/product\/module-dextention-eclipse-zone-exp8-teletek\/#primaryimage\"},\"thumbnailUrl\":\"https:\/\/adcelectronique.com\/wp-content\/uploads\/2026\/03\/19038441_1.jpg\",\"datePublished\":\"2026-03-30T08:29:50+00:00\",\"dateModified\":\"2026-03-30T08:29:51+00:00\",\"breadcrumb\":{\"@id\":\"https:\/\/adcelectronique.com\/index.php\/product\/module-dextention-eclipse-zone-exp8-teletek\/#breadcrumb\"},\"inLanguage\":\"fr-FR\",\"potentialAction\":[{\"@type\":\"ReadAction\",\"target\":[\"https:\/\/adcelectronique.com\/index.php\/product\/module-dextention-eclipse-zone-exp8-teletek\/\"]}]},{\"@type\":\"ImageObject\",\"inLanguage\":\"fr-FR\",\"@id\":\"https:\/\/adcelectronique.com\/index.php\/product\/module-dextention-eclipse-zone-exp8-teletek\/#primaryimage\",\"url\":\"https:\/\/adcelectronique.com\/wp-content\/uploads\/2026\/03\/19038441_1.jpg\",\"contentUrl\":\"https:\/\/adcelectronique.com\/wp-content\/uploads\/2026\/03\/19038441_1.jpg\",\"width\":470,\"height\":470},{\"@type\":\"BreadcrumbList\",\"@id\":\"https:\/\/adcelectronique.com\/index.php\/product\/module-dextention-eclipse-zone-exp8-teletek\/#breadcrumb\",\"itemListElement\":[{\"@type\":\"ListItem\",\"position\":1,\"name\":\"Home\",\"item\":\"https:\/\/adcelectronique.com\/\"},{\"@type\":\"ListItem\",\"position\":2,\"name\":\"Shop\",\"item\":\"https:\/\/adcelectronique.com\/index.php\/shop\/\"},{\"@type\":\"ListItem\",\"position\":3,\"name\":\"MODULE D&rsquo;EXTENTION ECLIPSE ZONE EXP8 TELETEK\"}]},{\"@type\":\"WebSite\",\"@id\":\"https:\/\/adcelectronique.com\/#website\",\"url\":\"https:\/\/adcelectronique.com\/\",\"name\":\"ADC Electronique\",\"description\":\"\",\"potentialAction\":[{\"@type\":\"SearchAction\",\"target\":{\"@type\":\"EntryPoint\",\"urlTemplate\":\"https:\/\/adcelectronique.com\/?s={search_term_string}\"},\"query-input\":{\"@type\":\"PropertyValueSpecification\",\"valueRequired\":true,\"valueName\":\"search_term_string\"}}],\"inLanguage\":\"fr-FR\"}]}<\/script>\n<!-- \/ Yoast SEO Premium plugin. -->","yoast_head_json":{"title":"MODULE D'EXTENTION ECLIPSE ZONE EXP8 TELETEK - ADC Electronique","robots":{"index":"index","follow":"follow","max-snippet":"max-snippet:-1","max-image-preview":"max-image-preview:large","max-video-preview":"max-video-preview:-1"},"canonical":"https:\/\/adcelectronique.com\/index.php\/product\/module-dextention-eclipse-zone-exp8-teletek\/","og_locale":"fr_FR","og_type":"article","og_title":"MODULE D'EXTENTION ECLIPSE ZONE EXP8 TELETEK","og_description":"Description ECLIPSE Zone8 est un module d\u2019extension de zones con\u00e7u pour augmenter la capacit\u00e9 des centrales d\u2019alarme de la gamme Eclipse. Il permet d\u2019ajouter 8 zones suppl\u00e9mentaires afin d\u2019\u00e9tendre facilement un syst\u00e8me de s\u00e9curit\u00e9 existant. Certifi\u00e9 EN 50131 Grade 3 Class II, ce module est parfaitement adapt\u00e9 aux installations professionnelles n\u00e9cessitant un haut niveau de s\u00e9curit\u00e9 : banques, commerces, entrep\u00f4ts, bureaux et sites industriels.","og_url":"https:\/\/adcelectronique.com\/index.php\/product\/module-dextention-eclipse-zone-exp8-teletek\/","og_site_name":"ADC Electronique","article_modified_time":"2026-03-30T08:29:51+00:00","og_image":[{"width":470,"height":470,"url":"https:\/\/adcelectronique.com\/wp-content\/uploads\/2026\/03\/19038441_1.jpg","type":"image\/jpeg"}],"twitter_card":"summary_large_image","twitter_misc":{"Dur\u00e9e de lecture estim\u00e9e":"1 minute"},"schema":{"@context":"https:\/\/schema.org","@graph":[{"@type":"WebPage","@id":"https:\/\/adcelectronique.com\/index.php\/product\/module-dextention-eclipse-zone-exp8-teletek\/","url":"https:\/\/adcelectronique.com\/index.php\/product\/module-dextention-eclipse-zone-exp8-teletek\/","name":"MODULE D'EXTENTION ECLIPSE ZONE EXP8 TELETEK - ADC Electronique","isPartOf":{"@id":"https:\/\/adcelectronique.com\/#website"},"primaryImageOfPage":{"@id":"https:\/\/adcelectronique.com\/index.php\/product\/module-dextention-eclipse-zone-exp8-teletek\/#primaryimage"},"image":{"@id":"https:\/\/adcelectronique.com\/index.php\/product\/module-dextention-eclipse-zone-exp8-teletek\/#primaryimage"},"thumbnailUrl":"https:\/\/adcelectronique.com\/wp-content\/uploads\/2026\/03\/19038441_1.jpg","datePublished":"2026-03-30T08:29:50+00:00","dateModified":"2026-03-30T08:29:51+00:00","breadcrumb":{"@id":"https:\/\/adcelectronique.com\/index.php\/product\/module-dextention-eclipse-zone-exp8-teletek\/#breadcrumb"},"inLanguage":"fr-FR","potentialAction":[{"@type":"ReadAction","target":["https:\/\/adcelectronique.com\/index.php\/product\/module-dextention-eclipse-zone-exp8-teletek\/"]}]},{"@type":"ImageObject","inLanguage":"fr-FR","@id":"https:\/\/adcelectronique.com\/index.php\/product\/module-dextention-eclipse-zone-exp8-teletek\/#primaryimage","url":"https:\/\/adcelectronique.com\/wp-content\/uploads\/2026\/03\/19038441_1.jpg","contentUrl":"https:\/\/adcelectronique.com\/wp-content\/uploads\/2026\/03\/19038441_1.jpg","width":470,"height":470},{"@type":"BreadcrumbList","@id":"https:\/\/adcelectronique.com\/index.php\/product\/module-dextention-eclipse-zone-exp8-teletek\/#breadcrumb","itemListElement":[{"@type":"ListItem","position":1,"name":"Home","item":"https:\/\/adcelectronique.com\/"},{"@type":"ListItem","position":2,"name":"Shop","item":"https:\/\/adcelectronique.com\/index.php\/shop\/"},{"@type":"ListItem","position":3,"name":"MODULE D&rsquo;EXTENTION ECLIPSE ZONE EXP8 TELETEK"}]},{"@type":"WebSite","@id":"https:\/\/adcelectronique.com\/#website","url":"https:\/\/adcelectronique.com\/","name":"ADC Electronique","description":"","potentialAction":[{"@type":"SearchAction","target":{"@type":"EntryPoint","urlTemplate":"https:\/\/adcelectronique.com\/?s={search_term_string}"},"query-input":{"@type":"PropertyValueSpecification","valueRequired":true,"valueName":"search_term_string"}}],"inLanguage":"fr-FR"}]}},"_links":{"self":[{"href":"https:\/\/adcelectronique.com\/index.php\/wp-json\/wp\/v2\/product\/11107","targetHints":{"allow":["GET"]}}],"collection":[{"href":"https:\/\/adcelectronique.com\/index.php\/wp-json\/wp\/v2\/product"}],"about":[{"href":"https:\/\/adcelectronique.com\/index.php\/wp-json\/wp\/v2\/types\/product"}],"replies":[{"embeddable":true,"href":"https:\/\/adcelectronique.com\/index.php\/wp-json\/wp\/v2\/comments?post=11107"}],"version-history":[{"count":0,"href":"https:\/\/adcelectronique.com\/index.php\/wp-json\/wp\/v2\/product\/11107\/revisions"}],"wp:featuredmedia":[{"embeddable":true,"href":"https:\/\/adcelectronique.com\/index.php\/wp-json\/wp\/v2\/media\/11108"}],"wp:attachment":[{"href":"https:\/\/adcelectronique.com\/index.php\/wp-json\/wp\/v2\/media?parent=11107"}],"wp:term":[{"taxonomy":"product_brand","embeddable":true,"href":"https:\/\/adcelectronique.com\/index.php\/wp-json\/wp\/v2\/product_brand?post=11107"},{"taxonomy":"product_cat","embeddable":true,"href":"https:\/\/adcelectronique.com\/index.php\/wp-json\/wp\/v2\/product_cat?post=11107"},{"taxonomy":"product_tag","embeddable":true,"href":"https:\/\/adcelectronique.com\/index.php\/wp-json\/wp\/v2\/product_tag?post=11107"}],"curies":[{"name":"wp","href":"https:\/\/api.w.org\/{rel}","templated":true}]}}