{"id":11113,"date":"2026-03-30T08:37:41","date_gmt":"2026-03-30T08:37:41","guid":{"rendered":"https:\/\/adcelectronique.com\/?post_type=product&#038;p=11113"},"modified":"2026-03-30T08:37:42","modified_gmt":"2026-03-30T08:37:42","slug":"module-dextention-eclipse-zone-exp32-pgm8-teletek","status":"publish","type":"product","link":"https:\/\/adcelectronique.com\/index.php\/product\/module-dextention-eclipse-zone-exp32-pgm8-teletek\/","title":{"rendered":"MODULE D&rsquo;EXTENTION ECLIPSE ZONE EXP32 PGM8 TELETEK"},"content":{"rendered":"<h3>\u00a0 \u00a0 \u00a0 \u00a0 \u00a0 \u00a0 \u00a0 \u00a0 \u00a0 \u00a0 \u00a0 \u00a0 \u00a0 \u00a0 \u00a0 \u00a0 MODULE D&rsquo;EXTENTION ECLIPSE ZONE EXP32 PGM8 TELETEK<\/h3>\n<h2>Description<\/h2>\n<p data-start=\"281\" data-end=\"573\"><strong data-start=\"281\" data-end=\"298\">ECLIPSE PGM 8<\/strong> est un module d\u2019extension permettant d\u2019ajouter <strong data-start=\"346\" data-end=\"379\">8 sorties programmables (PGM)<\/strong> \u00e0 la centrale d\u2019alarme <strong data-start=\"403\" data-end=\"417\">ECLIPSE 32<\/strong>. Il offre une solution id\u00e9ale pour contr\u00f4ler automatiquement diff\u00e9rents \u00e9quipements tels que sir\u00e8nes, \u00e9clairage, automatismes ou syst\u00e8mes de signalisation.<\/p>\n<p data-start=\"575\" data-end=\"732\">Gr\u00e2ce \u00e0 sa programmation simple depuis la centrale, ce module permet d\u2019adapter facilement le syst\u00e8me d\u2019alarme aux besoins sp\u00e9cifiques de chaque installation.<\/p>\n<hr data-start=\"734\" data-end=\"737\" \/>\n<h2 data-section-id=\"128riy1\" data-start=\"739\" data-end=\"770\">Caract\u00e9ristiques principales<\/h2>\n<ul data-start=\"771\" data-end=\"1067\">\n<li data-section-id=\"mnlybu\" data-start=\"771\" data-end=\"815\">Ajout de <strong data-start=\"782\" data-end=\"815\">8 sorties programmables (PGM)<\/strong><\/li>\n<li data-section-id=\"10uds5s\" data-start=\"816\" data-end=\"860\">Compatible avec la centrale <strong data-start=\"846\" data-end=\"860\">ECLIPSE 32<\/strong><\/li>\n<li data-section-id=\"1o4gd0d\" data-start=\"861\" data-end=\"904\">Programmation compl\u00e8te depuis la centrale<\/li>\n<li data-section-id=\"1qtw2cg\" data-start=\"905\" data-end=\"936\">Installation simple et rapide<\/li>\n<li data-section-id=\"lb7bkx\" data-start=\"937\" data-end=\"981\">Id\u00e9al pour automatisation et signalisation<\/li>\n<li data-section-id=\"b185rt\" data-start=\"982\" data-end=\"1026\">Conception fiable pour usage professionnel<\/li>\n<li data-section-id=\"1d0z2xu\" data-start=\"1027\" data-end=\"1067\">Format compact pour int\u00e9gration facile<\/li>\n<\/ul>\n<hr data-start=\"1069\" data-end=\"1072\" \/>\n<h2 data-section-id=\"1ilt2zm\" data-start=\"1074\" data-end=\"1104\">Caract\u00e9ristiques techniques<\/h2>\n<ul data-start=\"1105\" data-end=\"1403\">\n<li data-section-id=\"ktau0h\" data-start=\"1105\" data-end=\"1154\">Type : module d\u2019extension sorties programmables<\/li>\n<li data-section-id=\"5evq3s\" data-start=\"1155\" data-end=\"1190\">Nombre de sorties : 8 sorties PGM<\/li>\n<li data-section-id=\"18k8lhb\" data-start=\"1191\" data-end=\"1252\">Programmation : enti\u00e8rement configurable depuis la centrale<\/li>\n<li data-section-id=\"1b1nsur\" data-start=\"1253\" data-end=\"1305\">Installation : montage dans la centrale ou coffret<\/li>\n<li data-section-id=\"1mpjh12\" data-start=\"1306\" data-end=\"1354\">Utilisation : syst\u00e8mes d\u2019alarme professionnels<\/li>\n<li data-section-id=\"1hre73p\" data-start=\"1355\" data-end=\"1403\">Conception robuste pour fonctionnement continu<\/li>\n<\/ul>\n","protected":false},"excerpt":{"rendered":"<h2>Description<\/h2>\n<p data-start=\"281\" data-end=\"573\"><strong data-start=\"281\" data-end=\"298\">ECLIPSE PGM 8<\/strong> est un module d\u2019extension permettant d\u2019ajouter <strong data-start=\"346\" data-end=\"379\">8 sorties programmables (PGM)<\/strong> \u00e0 la centrale d\u2019alarme <strong data-start=\"403\" data-end=\"417\">ECLIPSE 32<\/strong>. Il offre une solution id\u00e9ale pour contr\u00f4ler automatiquement diff\u00e9rents \u00e9quipements tels que sir\u00e8nes, \u00e9clairage, automatismes ou syst\u00e8mes de signalisation.<\/p>\n<p data-start=\"575\" data-end=\"732\">Gr\u00e2ce \u00e0 sa programmation simple depuis la centrale, ce module permet d\u2019adapter facilement le syst\u00e8me d\u2019alarme aux besoins sp\u00e9cifiques de chaque installation.<\/p>\n","protected":false},"featured_media":11114,"comment_status":"open","ping_status":"closed","template":"","meta":[],"product_brand":[149],"product_cat":[147],"product_tag":[],"class_list":{"0":"post-11113","1":"product","2":"type-product","3":"status-publish","4":"has-post-thumbnail","6":"product_brand-teletek","7":"product_cat-anti-intrusion","9":"first","10":"instock","11":"shipping-taxable","12":"product-type-simple"},"yoast_head":"<!-- This site is optimized with the Yoast SEO Premium plugin v26.2 (Yoast SEO v26.2) - https:\/\/yoast.com\/wordpress\/plugins\/seo\/ -->\n<title>MODULE D&#039;EXTENTION ECLIPSE ZONE EXP32 PGM8 TELETEK - ADC Electronique<\/title>\n<meta name=\"robots\" content=\"index, follow, max-snippet:-1, max-image-preview:large, max-video-preview:-1\" \/>\n<link rel=\"canonical\" href=\"https:\/\/adcelectronique.com\/index.php\/product\/module-dextention-eclipse-zone-exp32-pgm8-teletek\/\" \/>\n<meta property=\"og:locale\" content=\"fr_FR\" \/>\n<meta property=\"og:type\" content=\"article\" \/>\n<meta property=\"og:title\" content=\"MODULE D&#039;EXTENTION ECLIPSE ZONE EXP32 PGM8 TELETEK\" \/>\n<meta property=\"og:description\" content=\"Description ECLIPSE PGM 8 est un module d\u2019extension permettant d\u2019ajouter 8 sorties programmables (PGM) \u00e0 la centrale d\u2019alarme ECLIPSE 32. Il offre une solution id\u00e9ale pour contr\u00f4ler automatiquement diff\u00e9rents \u00e9quipements tels que sir\u00e8nes, \u00e9clairage, automatismes ou syst\u00e8mes de signalisation. Gr\u00e2ce \u00e0 sa programmation simple depuis la centrale, ce module permet d\u2019adapter facilement le syst\u00e8me d\u2019alarme aux besoins sp\u00e9cifiques de chaque installation.\" \/>\n<meta property=\"og:url\" content=\"https:\/\/adcelectronique.com\/index.php\/product\/module-dextention-eclipse-zone-exp32-pgm8-teletek\/\" \/>\n<meta property=\"og:site_name\" content=\"ADC Electronique\" \/>\n<meta property=\"article:modified_time\" content=\"2026-03-30T08:37:42+00:00\" \/>\n<meta property=\"og:image\" content=\"https:\/\/adcelectronique.com\/wp-content\/uploads\/2026\/03\/12047973_1.jpg\" \/>\n\t<meta property=\"og:image:width\" content=\"470\" \/>\n\t<meta property=\"og:image:height\" content=\"470\" \/>\n\t<meta property=\"og:image:type\" content=\"image\/jpeg\" \/>\n<meta name=\"twitter:card\" content=\"summary_large_image\" \/>\n<meta name=\"twitter:label1\" content=\"Dur\u00e9e de lecture estim\u00e9e\" \/>\n\t<meta name=\"twitter:data1\" content=\"1 minute\" \/>\n<script type=\"application\/ld+json\" class=\"yoast-schema-graph\">{\"@context\":\"https:\/\/schema.org\",\"@graph\":[{\"@type\":\"WebPage\",\"@id\":\"https:\/\/adcelectronique.com\/index.php\/product\/module-dextention-eclipse-zone-exp32-pgm8-teletek\/\",\"url\":\"https:\/\/adcelectronique.com\/index.php\/product\/module-dextention-eclipse-zone-exp32-pgm8-teletek\/\",\"name\":\"MODULE D'EXTENTION ECLIPSE ZONE EXP32 PGM8 TELETEK - ADC Electronique\",\"isPartOf\":{\"@id\":\"https:\/\/adcelectronique.com\/#website\"},\"primaryImageOfPage\":{\"@id\":\"https:\/\/adcelectronique.com\/index.php\/product\/module-dextention-eclipse-zone-exp32-pgm8-teletek\/#primaryimage\"},\"image\":{\"@id\":\"https:\/\/adcelectronique.com\/index.php\/product\/module-dextention-eclipse-zone-exp32-pgm8-teletek\/#primaryimage\"},\"thumbnailUrl\":\"https:\/\/adcelectronique.com\/wp-content\/uploads\/2026\/03\/12047973_1.jpg\",\"datePublished\":\"2026-03-30T08:37:41+00:00\",\"dateModified\":\"2026-03-30T08:37:42+00:00\",\"breadcrumb\":{\"@id\":\"https:\/\/adcelectronique.com\/index.php\/product\/module-dextention-eclipse-zone-exp32-pgm8-teletek\/#breadcrumb\"},\"inLanguage\":\"fr-FR\",\"potentialAction\":[{\"@type\":\"ReadAction\",\"target\":[\"https:\/\/adcelectronique.com\/index.php\/product\/module-dextention-eclipse-zone-exp32-pgm8-teletek\/\"]}]},{\"@type\":\"ImageObject\",\"inLanguage\":\"fr-FR\",\"@id\":\"https:\/\/adcelectronique.com\/index.php\/product\/module-dextention-eclipse-zone-exp32-pgm8-teletek\/#primaryimage\",\"url\":\"https:\/\/adcelectronique.com\/wp-content\/uploads\/2026\/03\/12047973_1.jpg\",\"contentUrl\":\"https:\/\/adcelectronique.com\/wp-content\/uploads\/2026\/03\/12047973_1.jpg\",\"width\":470,\"height\":470},{\"@type\":\"BreadcrumbList\",\"@id\":\"https:\/\/adcelectronique.com\/index.php\/product\/module-dextention-eclipse-zone-exp32-pgm8-teletek\/#breadcrumb\",\"itemListElement\":[{\"@type\":\"ListItem\",\"position\":1,\"name\":\"Home\",\"item\":\"https:\/\/adcelectronique.com\/\"},{\"@type\":\"ListItem\",\"position\":2,\"name\":\"Shop\",\"item\":\"https:\/\/adcelectronique.com\/index.php\/shop\/\"},{\"@type\":\"ListItem\",\"position\":3,\"name\":\"MODULE D&rsquo;EXTENTION ECLIPSE ZONE EXP32 PGM8 TELETEK\"}]},{\"@type\":\"WebSite\",\"@id\":\"https:\/\/adcelectronique.com\/#website\",\"url\":\"https:\/\/adcelectronique.com\/\",\"name\":\"ADC Electronique\",\"description\":\"\",\"potentialAction\":[{\"@type\":\"SearchAction\",\"target\":{\"@type\":\"EntryPoint\",\"urlTemplate\":\"https:\/\/adcelectronique.com\/?s={search_term_string}\"},\"query-input\":{\"@type\":\"PropertyValueSpecification\",\"valueRequired\":true,\"valueName\":\"search_term_string\"}}],\"inLanguage\":\"fr-FR\"}]}<\/script>\n<!-- \/ Yoast SEO Premium plugin. -->","yoast_head_json":{"title":"MODULE D'EXTENTION ECLIPSE ZONE EXP32 PGM8 TELETEK - ADC Electronique","robots":{"index":"index","follow":"follow","max-snippet":"max-snippet:-1","max-image-preview":"max-image-preview:large","max-video-preview":"max-video-preview:-1"},"canonical":"https:\/\/adcelectronique.com\/index.php\/product\/module-dextention-eclipse-zone-exp32-pgm8-teletek\/","og_locale":"fr_FR","og_type":"article","og_title":"MODULE D'EXTENTION ECLIPSE ZONE EXP32 PGM8 TELETEK","og_description":"Description ECLIPSE PGM 8 est un module d\u2019extension permettant d\u2019ajouter 8 sorties programmables (PGM) \u00e0 la centrale d\u2019alarme ECLIPSE 32. Il offre une solution id\u00e9ale pour contr\u00f4ler automatiquement diff\u00e9rents \u00e9quipements tels que sir\u00e8nes, \u00e9clairage, automatismes ou syst\u00e8mes de signalisation. Gr\u00e2ce \u00e0 sa programmation simple depuis la centrale, ce module permet d\u2019adapter facilement le syst\u00e8me d\u2019alarme aux besoins sp\u00e9cifiques de chaque installation.","og_url":"https:\/\/adcelectronique.com\/index.php\/product\/module-dextention-eclipse-zone-exp32-pgm8-teletek\/","og_site_name":"ADC Electronique","article_modified_time":"2026-03-30T08:37:42+00:00","og_image":[{"width":470,"height":470,"url":"https:\/\/adcelectronique.com\/wp-content\/uploads\/2026\/03\/12047973_1.jpg","type":"image\/jpeg"}],"twitter_card":"summary_large_image","twitter_misc":{"Dur\u00e9e de lecture estim\u00e9e":"1 minute"},"schema":{"@context":"https:\/\/schema.org","@graph":[{"@type":"WebPage","@id":"https:\/\/adcelectronique.com\/index.php\/product\/module-dextention-eclipse-zone-exp32-pgm8-teletek\/","url":"https:\/\/adcelectronique.com\/index.php\/product\/module-dextention-eclipse-zone-exp32-pgm8-teletek\/","name":"MODULE D'EXTENTION ECLIPSE ZONE EXP32 PGM8 TELETEK - ADC Electronique","isPartOf":{"@id":"https:\/\/adcelectronique.com\/#website"},"primaryImageOfPage":{"@id":"https:\/\/adcelectronique.com\/index.php\/product\/module-dextention-eclipse-zone-exp32-pgm8-teletek\/#primaryimage"},"image":{"@id":"https:\/\/adcelectronique.com\/index.php\/product\/module-dextention-eclipse-zone-exp32-pgm8-teletek\/#primaryimage"},"thumbnailUrl":"https:\/\/adcelectronique.com\/wp-content\/uploads\/2026\/03\/12047973_1.jpg","datePublished":"2026-03-30T08:37:41+00:00","dateModified":"2026-03-30T08:37:42+00:00","breadcrumb":{"@id":"https:\/\/adcelectronique.com\/index.php\/product\/module-dextention-eclipse-zone-exp32-pgm8-teletek\/#breadcrumb"},"inLanguage":"fr-FR","potentialAction":[{"@type":"ReadAction","target":["https:\/\/adcelectronique.com\/index.php\/product\/module-dextention-eclipse-zone-exp32-pgm8-teletek\/"]}]},{"@type":"ImageObject","inLanguage":"fr-FR","@id":"https:\/\/adcelectronique.com\/index.php\/product\/module-dextention-eclipse-zone-exp32-pgm8-teletek\/#primaryimage","url":"https:\/\/adcelectronique.com\/wp-content\/uploads\/2026\/03\/12047973_1.jpg","contentUrl":"https:\/\/adcelectronique.com\/wp-content\/uploads\/2026\/03\/12047973_1.jpg","width":470,"height":470},{"@type":"BreadcrumbList","@id":"https:\/\/adcelectronique.com\/index.php\/product\/module-dextention-eclipse-zone-exp32-pgm8-teletek\/#breadcrumb","itemListElement":[{"@type":"ListItem","position":1,"name":"Home","item":"https:\/\/adcelectronique.com\/"},{"@type":"ListItem","position":2,"name":"Shop","item":"https:\/\/adcelectronique.com\/index.php\/shop\/"},{"@type":"ListItem","position":3,"name":"MODULE D&rsquo;EXTENTION ECLIPSE ZONE EXP32 PGM8 TELETEK"}]},{"@type":"WebSite","@id":"https:\/\/adcelectronique.com\/#website","url":"https:\/\/adcelectronique.com\/","name":"ADC Electronique","description":"","potentialAction":[{"@type":"SearchAction","target":{"@type":"EntryPoint","urlTemplate":"https:\/\/adcelectronique.com\/?s={search_term_string}"},"query-input":{"@type":"PropertyValueSpecification","valueRequired":true,"valueName":"search_term_string"}}],"inLanguage":"fr-FR"}]}},"_links":{"self":[{"href":"https:\/\/adcelectronique.com\/index.php\/wp-json\/wp\/v2\/product\/11113","targetHints":{"allow":["GET"]}}],"collection":[{"href":"https:\/\/adcelectronique.com\/index.php\/wp-json\/wp\/v2\/product"}],"about":[{"href":"https:\/\/adcelectronique.com\/index.php\/wp-json\/wp\/v2\/types\/product"}],"replies":[{"embeddable":true,"href":"https:\/\/adcelectronique.com\/index.php\/wp-json\/wp\/v2\/comments?post=11113"}],"version-history":[{"count":0,"href":"https:\/\/adcelectronique.com\/index.php\/wp-json\/wp\/v2\/product\/11113\/revisions"}],"wp:featuredmedia":[{"embeddable":true,"href":"https:\/\/adcelectronique.com\/index.php\/wp-json\/wp\/v2\/media\/11114"}],"wp:attachment":[{"href":"https:\/\/adcelectronique.com\/index.php\/wp-json\/wp\/v2\/media?parent=11113"}],"wp:term":[{"taxonomy":"product_brand","embeddable":true,"href":"https:\/\/adcelectronique.com\/index.php\/wp-json\/wp\/v2\/product_brand?post=11113"},{"taxonomy":"product_cat","embeddable":true,"href":"https:\/\/adcelectronique.com\/index.php\/wp-json\/wp\/v2\/product_cat?post=11113"},{"taxonomy":"product_tag","embeddable":true,"href":"https:\/\/adcelectronique.com\/index.php\/wp-json\/wp\/v2\/product_tag?post=11113"}],"curies":[{"name":"wp","href":"https:\/\/api.w.org\/{rel}","templated":true}]}}