{"id":11116,"date":"2026-03-30T08:44:00","date_gmt":"2026-03-30T08:44:00","guid":{"rendered":"https:\/\/adcelectronique.com\/?post_type=product&#038;p=11116"},"modified":"2026-03-30T08:44:00","modified_gmt":"2026-03-30T08:44:00","slug":"module-tte-gprs","status":"publish","type":"product","link":"https:\/\/adcelectronique.com\/index.php\/product\/module-tte-gprs\/","title":{"rendered":"MODULE TTE GPRS"},"content":{"rendered":"<h3>\u00a0 \u00a0 \u00a0 \u00a0 \u00a0 \u00a0 \u00a0 \u00a0 \u00a0 \u00a0 \u00a0 \u00a0 \u00a0 \u00a0 \u00a0 \u00a0 \u00a0 \u00a0 \u00a0 \u00a0 \u00a0 \u00a0 \u00a0 \u00a0 \u00a0 \u00a0 \u00a0 \u00a0 \u00a0 \u00a0 \u00a0 \u00a0 \u00a0 \u00a0 \u00a0 \u00a0 MODULE TTE GPRS<\/h3>\n<h3>Description<\/h3>\n<p data-start=\"299\" data-end=\"530\"><strong data-start=\"299\" data-end=\"317\">TTE GPRS Simple<\/strong> est un module de communication <strong data-start=\"349\" data-end=\"367\">quad-band GPRS<\/strong> con\u00e7u pour assurer la transmission des alarmes des centrales <strong data-start=\"429\" data-end=\"466\">Teletek Electronics s\u00e9rie Eclipse<\/strong> vers un centre de t\u00e9l\u00e9surveillance ou vers l\u2019utilisateur final.<\/p>\n<p data-start=\"532\" data-end=\"817\">Le module permet \u00e9galement la <strong data-start=\"562\" data-end=\"620\">gestion, la programmation et la supervision \u00e0 distance<\/strong> du syst\u00e8me d\u2019alarme lorsqu\u2019il est utilis\u00e9 avec la centrale Eclipse et le logiciel <strong data-start=\"703\" data-end=\"718\">AJAX SP PRO<\/strong>.<\/p>\n<hr data-start=\"819\" data-end=\"822\" \/>\n<h2 data-section-id=\"128riy1\" data-start=\"824\" data-end=\"855\">Caract\u00e9ristiques principales<\/h2>\n<ul data-start=\"856\" data-end=\"1234\">\n<li data-section-id=\"154c0cg\" data-start=\"856\" data-end=\"900\">Module de communication <strong data-start=\"882\" data-end=\"900\">GPRS quad-band<\/strong><\/li>\n<li data-section-id=\"1eipmz0\" data-start=\"901\" data-end=\"965\">Transmission des \u00e9v\u00e9nements vers un centre de t\u00e9l\u00e9surveillance<\/li>\n<li data-section-id=\"1go2fow\" data-start=\"966\" data-end=\"1017\">Notification des alarmes vers l\u2019utilisateur final<\/li>\n<li data-section-id=\"1w0i4lr\" data-start=\"1018\" data-end=\"1066\">Gestion et programmation \u00e0 distance du syst\u00e8me<\/li>\n<li data-section-id=\"gz4p0d\" data-start=\"1067\" data-end=\"1118\">Compatible avec les centrales de la s\u00e9rie Eclipse<\/li>\n<li data-section-id=\"1qmrscy\" data-start=\"1119\" data-end=\"1147\">Installation murale facile<\/li>\n<li data-section-id=\"7pvbaz\" data-start=\"1148\" data-end=\"1186\">Bo\u00eetier plastique compact et discret<\/li>\n<li data-section-id=\"12hy1pr\" data-start=\"1187\" data-end=\"1234\">Solution fiable pour communication \u00e0 distance<\/li>\n<\/ul>\n<hr data-start=\"1236\" data-end=\"1239\" \/>\n<h2 data-section-id=\"1ilt2zm\" data-start=\"1241\" data-end=\"1271\">Caract\u00e9ristiques techniques<\/h2>\n<ul data-start=\"1272\" data-end=\"1591\">\n<li data-section-id=\"2wqxtz\" data-start=\"1272\" data-end=\"1309\">Type : module de communication GPRS<\/li>\n<li data-section-id=\"zroa7m\" data-start=\"1310\" data-end=\"1340\">Technologie : GPRS quad-band<\/li>\n<li data-section-id=\"10tl08h\" data-start=\"1341\" data-end=\"1403\">Fonction principale : transmission des alarmes et \u00e9v\u00e9nements<\/li>\n<li data-section-id=\"1hcd6xf\" data-start=\"1404\" data-end=\"1452\">Communication : liaison s\u00e9rie avec la centrale<\/li>\n<li data-section-id=\"nlrueq\" data-start=\"1453\" data-end=\"1493\">Installation : bo\u00eetier plastique mural<\/li>\n<li data-section-id=\"1mpjh12\" data-start=\"1494\" data-end=\"1542\">Utilisation : syst\u00e8mes d\u2019alarme professionnels<\/li>\n<li data-section-id=\"1hre73p\" data-start=\"1543\" data-end=\"1591\">Conception robuste pour fonctionnement continu<\/li>\n<\/ul>\n","protected":false},"excerpt":{"rendered":"<h3>Description<\/h3>\n<p data-start=\"299\" data-end=\"530\"><strong data-start=\"299\" data-end=\"317\">TTE GPRS Simple<\/strong> est un module de communication <strong data-start=\"349\" data-end=\"367\">quad-band GPRS<\/strong> con\u00e7u pour assurer la transmission des alarmes des centrales <strong data-start=\"429\" data-end=\"466\">Teletek Electronics s\u00e9rie Eclipse<\/strong> vers un centre de t\u00e9l\u00e9surveillance ou vers l\u2019utilisateur final.<\/p>\n<p data-start=\"532\" data-end=\"817\">Le module permet \u00e9galement la <strong data-start=\"562\" data-end=\"620\">gestion, la programmation et la supervision \u00e0 distance<\/strong> du syst\u00e8me d\u2019alarme lorsqu\u2019il est utilis\u00e9 avec la centrale Eclipse et le logiciel <strong data-start=\"703\" data-end=\"718\">AJAX SP PRO<\/strong>.<\/p>\n","protected":false},"featured_media":11117,"comment_status":"open","ping_status":"closed","template":"","meta":[],"product_brand":[149],"product_cat":[147],"product_tag":[],"class_list":{"0":"post-11116","1":"product","2":"type-product","3":"status-publish","4":"has-post-thumbnail","6":"product_brand-teletek","7":"product_cat-anti-intrusion","9":"first","10":"instock","11":"shipping-taxable","12":"product-type-simple"},"yoast_head":"<!-- This site is optimized with the Yoast SEO Premium plugin v26.2 (Yoast SEO v26.2) - https:\/\/yoast.com\/wordpress\/plugins\/seo\/ -->\n<title>MODULE TTE GPRS - ADC Electronique<\/title>\n<meta name=\"robots\" content=\"index, follow, max-snippet:-1, max-image-preview:large, max-video-preview:-1\" \/>\n<link rel=\"canonical\" href=\"https:\/\/adcelectronique.com\/index.php\/product\/module-tte-gprs\/\" \/>\n<meta property=\"og:locale\" content=\"fr_FR\" \/>\n<meta property=\"og:type\" content=\"article\" \/>\n<meta property=\"og:title\" content=\"MODULE TTE GPRS\" \/>\n<meta property=\"og:description\" content=\"Description TTE GPRS Simple est un module de communication quad-band GPRS con\u00e7u pour assurer la transmission des alarmes des centrales Teletek Electronics s\u00e9rie Eclipse vers un centre de t\u00e9l\u00e9surveillance ou vers l\u2019utilisateur final. Le module permet \u00e9galement la gestion, la programmation et la supervision \u00e0 distance du syst\u00e8me d\u2019alarme lorsqu\u2019il est utilis\u00e9 avec la centrale Eclipse et le logiciel AJAX SP PRO.\" \/>\n<meta property=\"og:url\" content=\"https:\/\/adcelectronique.com\/index.php\/product\/module-tte-gprs\/\" \/>\n<meta property=\"og:site_name\" content=\"ADC Electronique\" \/>\n<meta property=\"og:image\" content=\"https:\/\/adcelectronique.com\/wp-content\/uploads\/2026\/03\/images-26.jpg\" \/>\n\t<meta property=\"og:image:width\" content=\"225\" \/>\n\t<meta property=\"og:image:height\" content=\"225\" \/>\n\t<meta property=\"og:image:type\" content=\"image\/jpeg\" \/>\n<meta name=\"twitter:card\" content=\"summary_large_image\" \/>\n<meta name=\"twitter:label1\" content=\"Dur\u00e9e de lecture estim\u00e9e\" \/>\n\t<meta name=\"twitter:data1\" content=\"1 minute\" \/>\n<script type=\"application\/ld+json\" class=\"yoast-schema-graph\">{\"@context\":\"https:\/\/schema.org\",\"@graph\":[{\"@type\":\"WebPage\",\"@id\":\"https:\/\/adcelectronique.com\/index.php\/product\/module-tte-gprs\/\",\"url\":\"https:\/\/adcelectronique.com\/index.php\/product\/module-tte-gprs\/\",\"name\":\"MODULE TTE GPRS - ADC Electronique\",\"isPartOf\":{\"@id\":\"https:\/\/adcelectronique.com\/#website\"},\"primaryImageOfPage\":{\"@id\":\"https:\/\/adcelectronique.com\/index.php\/product\/module-tte-gprs\/#primaryimage\"},\"image\":{\"@id\":\"https:\/\/adcelectronique.com\/index.php\/product\/module-tte-gprs\/#primaryimage\"},\"thumbnailUrl\":\"https:\/\/adcelectronique.com\/wp-content\/uploads\/2026\/03\/images-26.jpg\",\"datePublished\":\"2026-03-30T08:44:00+00:00\",\"breadcrumb\":{\"@id\":\"https:\/\/adcelectronique.com\/index.php\/product\/module-tte-gprs\/#breadcrumb\"},\"inLanguage\":\"fr-FR\",\"potentialAction\":[{\"@type\":\"ReadAction\",\"target\":[\"https:\/\/adcelectronique.com\/index.php\/product\/module-tte-gprs\/\"]}]},{\"@type\":\"ImageObject\",\"inLanguage\":\"fr-FR\",\"@id\":\"https:\/\/adcelectronique.com\/index.php\/product\/module-tte-gprs\/#primaryimage\",\"url\":\"https:\/\/adcelectronique.com\/wp-content\/uploads\/2026\/03\/images-26.jpg\",\"contentUrl\":\"https:\/\/adcelectronique.com\/wp-content\/uploads\/2026\/03\/images-26.jpg\",\"width\":225,\"height\":225},{\"@type\":\"BreadcrumbList\",\"@id\":\"https:\/\/adcelectronique.com\/index.php\/product\/module-tte-gprs\/#breadcrumb\",\"itemListElement\":[{\"@type\":\"ListItem\",\"position\":1,\"name\":\"Home\",\"item\":\"https:\/\/adcelectronique.com\/\"},{\"@type\":\"ListItem\",\"position\":2,\"name\":\"Shop\",\"item\":\"https:\/\/adcelectronique.com\/index.php\/shop\/\"},{\"@type\":\"ListItem\",\"position\":3,\"name\":\"MODULE TTE GPRS\"}]},{\"@type\":\"WebSite\",\"@id\":\"https:\/\/adcelectronique.com\/#website\",\"url\":\"https:\/\/adcelectronique.com\/\",\"name\":\"ADC Electronique\",\"description\":\"\",\"potentialAction\":[{\"@type\":\"SearchAction\",\"target\":{\"@type\":\"EntryPoint\",\"urlTemplate\":\"https:\/\/adcelectronique.com\/?s={search_term_string}\"},\"query-input\":{\"@type\":\"PropertyValueSpecification\",\"valueRequired\":true,\"valueName\":\"search_term_string\"}}],\"inLanguage\":\"fr-FR\"}]}<\/script>\n<!-- \/ Yoast SEO Premium plugin. -->","yoast_head_json":{"title":"MODULE TTE GPRS - ADC Electronique","robots":{"index":"index","follow":"follow","max-snippet":"max-snippet:-1","max-image-preview":"max-image-preview:large","max-video-preview":"max-video-preview:-1"},"canonical":"https:\/\/adcelectronique.com\/index.php\/product\/module-tte-gprs\/","og_locale":"fr_FR","og_type":"article","og_title":"MODULE TTE GPRS","og_description":"Description TTE GPRS Simple est un module de communication quad-band GPRS con\u00e7u pour assurer la transmission des alarmes des centrales Teletek Electronics s\u00e9rie Eclipse vers un centre de t\u00e9l\u00e9surveillance ou vers l\u2019utilisateur final. Le module permet \u00e9galement la gestion, la programmation et la supervision \u00e0 distance du syst\u00e8me d\u2019alarme lorsqu\u2019il est utilis\u00e9 avec la centrale Eclipse et le logiciel AJAX SP PRO.","og_url":"https:\/\/adcelectronique.com\/index.php\/product\/module-tte-gprs\/","og_site_name":"ADC Electronique","og_image":[{"width":225,"height":225,"url":"https:\/\/adcelectronique.com\/wp-content\/uploads\/2026\/03\/images-26.jpg","type":"image\/jpeg"}],"twitter_card":"summary_large_image","twitter_misc":{"Dur\u00e9e de lecture estim\u00e9e":"1 minute"},"schema":{"@context":"https:\/\/schema.org","@graph":[{"@type":"WebPage","@id":"https:\/\/adcelectronique.com\/index.php\/product\/module-tte-gprs\/","url":"https:\/\/adcelectronique.com\/index.php\/product\/module-tte-gprs\/","name":"MODULE TTE GPRS - ADC Electronique","isPartOf":{"@id":"https:\/\/adcelectronique.com\/#website"},"primaryImageOfPage":{"@id":"https:\/\/adcelectronique.com\/index.php\/product\/module-tte-gprs\/#primaryimage"},"image":{"@id":"https:\/\/adcelectronique.com\/index.php\/product\/module-tte-gprs\/#primaryimage"},"thumbnailUrl":"https:\/\/adcelectronique.com\/wp-content\/uploads\/2026\/03\/images-26.jpg","datePublished":"2026-03-30T08:44:00+00:00","breadcrumb":{"@id":"https:\/\/adcelectronique.com\/index.php\/product\/module-tte-gprs\/#breadcrumb"},"inLanguage":"fr-FR","potentialAction":[{"@type":"ReadAction","target":["https:\/\/adcelectronique.com\/index.php\/product\/module-tte-gprs\/"]}]},{"@type":"ImageObject","inLanguage":"fr-FR","@id":"https:\/\/adcelectronique.com\/index.php\/product\/module-tte-gprs\/#primaryimage","url":"https:\/\/adcelectronique.com\/wp-content\/uploads\/2026\/03\/images-26.jpg","contentUrl":"https:\/\/adcelectronique.com\/wp-content\/uploads\/2026\/03\/images-26.jpg","width":225,"height":225},{"@type":"BreadcrumbList","@id":"https:\/\/adcelectronique.com\/index.php\/product\/module-tte-gprs\/#breadcrumb","itemListElement":[{"@type":"ListItem","position":1,"name":"Home","item":"https:\/\/adcelectronique.com\/"},{"@type":"ListItem","position":2,"name":"Shop","item":"https:\/\/adcelectronique.com\/index.php\/shop\/"},{"@type":"ListItem","position":3,"name":"MODULE TTE GPRS"}]},{"@type":"WebSite","@id":"https:\/\/adcelectronique.com\/#website","url":"https:\/\/adcelectronique.com\/","name":"ADC Electronique","description":"","potentialAction":[{"@type":"SearchAction","target":{"@type":"EntryPoint","urlTemplate":"https:\/\/adcelectronique.com\/?s={search_term_string}"},"query-input":{"@type":"PropertyValueSpecification","valueRequired":true,"valueName":"search_term_string"}}],"inLanguage":"fr-FR"}]}},"_links":{"self":[{"href":"https:\/\/adcelectronique.com\/index.php\/wp-json\/wp\/v2\/product\/11116","targetHints":{"allow":["GET"]}}],"collection":[{"href":"https:\/\/adcelectronique.com\/index.php\/wp-json\/wp\/v2\/product"}],"about":[{"href":"https:\/\/adcelectronique.com\/index.php\/wp-json\/wp\/v2\/types\/product"}],"replies":[{"embeddable":true,"href":"https:\/\/adcelectronique.com\/index.php\/wp-json\/wp\/v2\/comments?post=11116"}],"version-history":[{"count":0,"href":"https:\/\/adcelectronique.com\/index.php\/wp-json\/wp\/v2\/product\/11116\/revisions"}],"wp:featuredmedia":[{"embeddable":true,"href":"https:\/\/adcelectronique.com\/index.php\/wp-json\/wp\/v2\/media\/11117"}],"wp:attachment":[{"href":"https:\/\/adcelectronique.com\/index.php\/wp-json\/wp\/v2\/media?parent=11116"}],"wp:term":[{"taxonomy":"product_brand","embeddable":true,"href":"https:\/\/adcelectronique.com\/index.php\/wp-json\/wp\/v2\/product_brand?post=11116"},{"taxonomy":"product_cat","embeddable":true,"href":"https:\/\/adcelectronique.com\/index.php\/wp-json\/wp\/v2\/product_cat?post=11116"},{"taxonomy":"product_tag","embeddable":true,"href":"https:\/\/adcelectronique.com\/index.php\/wp-json\/wp\/v2\/product_tag?post=11116"}],"curies":[{"name":"wp","href":"https:\/\/api.w.org\/{rel}","templated":true}]}}