{"id":11119,"date":"2026-03-30T08:50:30","date_gmt":"2026-03-30T08:50:30","guid":{"rendered":"https:\/\/adcelectronique.com\/?post_type=product&#038;p=11119"},"modified":"2026-03-30T08:50:31","modified_gmt":"2026-03-30T08:50:31","slug":"module-tte-gprs-4g","status":"publish","type":"product","link":"https:\/\/adcelectronique.com\/index.php\/product\/module-tte-gprs-4g\/","title":{"rendered":"MODULE TTE GPRS 4G"},"content":{"rendered":"<h3 data-start=\"317\" data-end=\"628\">\u00a0 \u00a0 \u00a0 \u00a0 \u00a0 \u00a0 \u00a0 \u00a0 \u00a0 \u00a0 \u00a0 \u00a0 \u00a0 \u00a0 \u00a0 \u00a0 \u00a0 \u00a0 \u00a0 \u00a0 \u00a0 \u00a0 \u00a0 \u00a0 \u00a0 \u00a0 \u00a0 \u00a0 \u00a0 \u00a0 \u00a0 \u00a0 \u00a0 \u00a0MODULE TTE GPRS 4G<\/h3>\n<h4><em>\u00a0DESCRIPTION<\/em><\/h4>\n<p data-start=\"317\" data-end=\"628\"><strong data-start=\"317\" data-end=\"341\">TTE GPRS Standard 4G<\/strong> est un module de communication universel fonctionnant avec les cartes <strong data-start=\"412\" data-end=\"422\">SIM 4G<\/strong>. Il peut \u00eatre utilis\u00e9 avec les centrales d\u2019alarme de la s\u00e9rie <strong data-start=\"485\" data-end=\"516\">Teletek Electronics Eclipse<\/strong>, mais \u00e9galement comme <strong data-start=\"539\" data-end=\"558\">module autonome<\/strong> ou avec des centrales d\u2019autres marques gr\u00e2ce \u00e0 ses entr\u00e9es int\u00e9gr\u00e9es.<\/p>\n<p data-start=\"630\" data-end=\"950\">Il permet la transmission des alarmes vers un centre de t\u00e9l\u00e9surveillance ou vers l\u2019utilisateur final, tout en offrant des fonctions avanc\u00e9es de <strong data-start=\"774\" data-end=\"826\">gestion, programmation et supervision \u00e0 distance<\/strong> via le logiciel <strong data-start=\"843\" data-end=\"858\">AJAX SP PRO<\/strong>. Le module est install\u00e9 dans un <strong data-start=\"891\" data-end=\"925\">bo\u00eetier plastique SB-U compact<\/strong> adapt\u00e9 au montage mural.<\/p>\n<hr data-start=\"952\" data-end=\"955\" \/>\n<h2 data-section-id=\"128riy1\" data-start=\"957\" data-end=\"988\"><em>Caract\u00e9ristiques principales<\/em><\/h2>\n<ul data-start=\"989\" data-end=\"1529\">\n<li data-section-id=\"1e0ay6h\" data-start=\"989\" data-end=\"1031\">Module de communication <strong data-start=\"1015\" data-end=\"1031\">4G universel<\/strong><\/li>\n<li data-section-id=\"7jks3g\" data-start=\"1032\" data-end=\"1067\">Fonctionne avec <strong data-start=\"1050\" data-end=\"1067\">cartes SIM 4G<\/strong><\/li>\n<li data-section-id=\"1tzpqq1\" data-start=\"1068\" data-end=\"1117\">Compatible avec centrales Teletek s\u00e9rie Eclipse<\/li>\n<li data-section-id=\"1wq8yjx\" data-start=\"1118\" data-end=\"1166\">Utilisable avec <strong data-start=\"1136\" data-end=\"1166\">centrales d\u2019autres marques<\/strong><\/li>\n<li data-section-id=\"mnyh83\" data-start=\"1167\" data-end=\"1214\">Fonctionnement \u00e9galement en <strong data-start=\"1197\" data-end=\"1214\">mode autonome<\/strong><\/li>\n<li data-section-id=\"bonq0e\" data-start=\"1215\" data-end=\"1273\">Transmission des alarmes vers centre de t\u00e9l\u00e9surveillance<\/li>\n<li data-section-id=\"8j22g9\" data-start=\"1274\" data-end=\"1328\">Notification des \u00e9v\u00e9nements vers l\u2019utilisateur final<\/li>\n<li data-section-id=\"2lw8pf\" data-start=\"1329\" data-end=\"1366\">Gestion et programmation \u00e0 distance<\/li>\n<li data-section-id=\"1gp3pe5\" data-start=\"1367\" data-end=\"1409\">Compatible avec logiciel <strong data-start=\"1394\" data-end=\"1409\">AJAX SP PRO<\/strong><\/li>\n<li data-section-id=\"1youfix\" data-start=\"1410\" data-end=\"1461\">Bo\u00eetier plastique SB-U compact pour montage mural<\/li>\n<li data-section-id=\"69gihg\" data-start=\"1462\" data-end=\"1529\">Adapt\u00e9 \u00e9galement aux applications <strong data-start=\"1498\" data-end=\"1529\">domotique (home automation)<\/strong><\/li>\n<\/ul>\n<hr data-start=\"1531\" data-end=\"1534\" \/>\n<h2 data-section-id=\"1ilt2zm\" data-start=\"1536\" data-end=\"1566\"><em>Caract\u00e9ristiques techniques<\/em><\/h2>\n<ul data-start=\"1567\" data-end=\"1888\">\n<li data-section-id=\"18pn42\" data-start=\"1567\" data-end=\"1602\">Type : module de communication 4G<\/li>\n<li data-section-id=\"bhfnjs\" data-start=\"1603\" data-end=\"1616\">R\u00e9seau : 4G<\/li>\n<li data-section-id=\"13mrme6\" data-start=\"1617\" data-end=\"1662\">Communication avec centrale : liaison s\u00e9rie<\/li>\n<li data-section-id=\"10io68u\" data-start=\"1663\" data-end=\"1722\">Entr\u00e9es : 6 entr\u00e9es pour connexion avec centrales tierces<\/li>\n<li data-section-id=\"1yyw9mp\" data-start=\"1723\" data-end=\"1778\">Installation : bo\u00eetier plastique SB-U (montage mural)<\/li>\n<li data-section-id=\"mdtobe\" data-start=\"1779\" data-end=\"1839\">Utilisation : syst\u00e8mes d\u2019alarme et applications domotiques<\/li>\n<li data-section-id=\"1hre73p\" data-start=\"1840\" data-end=\"1888\">Conception robuste pour fonctionnement continu<\/li>\n<\/ul>\n","protected":false},"excerpt":{"rendered":"<h4><em>DESCRIPTION<\/em><\/h4>\n<p data-start=\"317\" data-end=\"628\"><strong data-start=\"317\" data-end=\"341\">TTE GPRS Standard 4G<\/strong> est un module de communication universel fonctionnant avec les cartes <strong data-start=\"412\" data-end=\"422\">SIM 4G<\/strong>. Il peut \u00eatre utilis\u00e9 avec les centrales d\u2019alarme de la s\u00e9rie <strong data-start=\"485\" data-end=\"516\">Teletek Electronics Eclipse<\/strong>, mais \u00e9galement comme <strong data-start=\"539\" data-end=\"558\">module autonome<\/strong> ou avec des centrales d\u2019autres marques gr\u00e2ce \u00e0 ses entr\u00e9es int\u00e9gr\u00e9es.<\/p>\n<p data-start=\"630\" data-end=\"950\">Il permet la transmission des alarmes vers un centre de t\u00e9l\u00e9surveillance ou vers l\u2019utilisateur final, tout en offrant des fonctions avanc\u00e9es de <strong data-start=\"774\" data-end=\"826\">gestion, programmation et supervision \u00e0 distance<\/strong> via le logiciel <strong data-start=\"843\" data-end=\"858\">AJAX SP PRO<\/strong>. Le module est install\u00e9 dans un <strong data-start=\"891\" data-end=\"925\">bo\u00eetier plastique SB-U compact<\/strong> adapt\u00e9 au montage mural.<\/p>\n","protected":false},"featured_media":11120,"comment_status":"open","ping_status":"closed","template":"","meta":[],"product_brand":[149],"product_cat":[147],"product_tag":[],"class_list":{"0":"post-11119","1":"product","2":"type-product","3":"status-publish","4":"has-post-thumbnail","6":"product_brand-teletek","7":"product_cat-anti-intrusion","9":"first","10":"instock","11":"shipping-taxable","12":"product-type-simple"},"yoast_head":"<!-- This site is optimized with the Yoast SEO Premium plugin v26.2 (Yoast SEO v26.2) - https:\/\/yoast.com\/wordpress\/plugins\/seo\/ -->\n<title>MODULE TTE GPRS 4G - ADC Electronique<\/title>\n<meta name=\"robots\" content=\"index, follow, max-snippet:-1, max-image-preview:large, max-video-preview:-1\" \/>\n<link rel=\"canonical\" href=\"https:\/\/adcelectronique.com\/index.php\/product\/module-tte-gprs-4g\/\" \/>\n<meta property=\"og:locale\" content=\"fr_FR\" \/>\n<meta property=\"og:type\" content=\"article\" \/>\n<meta property=\"og:title\" content=\"MODULE TTE GPRS 4G\" \/>\n<meta property=\"og:description\" content=\"DESCRIPTION TTE GPRS Standard 4G est un module de communication universel fonctionnant avec les cartes SIM 4G. Il peut \u00eatre utilis\u00e9 avec les centrales d\u2019alarme de la s\u00e9rie Teletek Electronics Eclipse, mais \u00e9galement comme module autonome ou avec des centrales d\u2019autres marques gr\u00e2ce \u00e0 ses entr\u00e9es int\u00e9gr\u00e9es. Il permet la transmission des alarmes vers un centre de t\u00e9l\u00e9surveillance ou vers l\u2019utilisateur final, tout en offrant des fonctions avanc\u00e9es de gestion, programmation et supervision \u00e0 distance via le logiciel AJAX SP PRO. Le module est install\u00e9 dans un bo\u00eetier plastique SB-U compact adapt\u00e9 au montage mural.\" \/>\n<meta property=\"og:url\" content=\"https:\/\/adcelectronique.com\/index.php\/product\/module-tte-gprs-4g\/\" \/>\n<meta property=\"og:site_name\" content=\"ADC Electronique\" \/>\n<meta property=\"article:modified_time\" content=\"2026-03-30T08:50:31+00:00\" \/>\n<meta property=\"og:image\" content=\"https:\/\/adcelectronique.com\/wp-content\/uploads\/2026\/03\/TTE-GPRS-Simple-1024x1024.png\" \/>\n\t<meta property=\"og:image:width\" content=\"1024\" \/>\n\t<meta property=\"og:image:height\" content=\"1024\" \/>\n\t<meta property=\"og:image:type\" content=\"image\/png\" \/>\n<meta name=\"twitter:card\" content=\"summary_large_image\" \/>\n<meta name=\"twitter:label1\" content=\"Dur\u00e9e de lecture estim\u00e9e\" \/>\n\t<meta name=\"twitter:data1\" content=\"2 minutes\" \/>\n<script type=\"application\/ld+json\" class=\"yoast-schema-graph\">{\"@context\":\"https:\/\/schema.org\",\"@graph\":[{\"@type\":\"WebPage\",\"@id\":\"https:\/\/adcelectronique.com\/index.php\/product\/module-tte-gprs-4g\/\",\"url\":\"https:\/\/adcelectronique.com\/index.php\/product\/module-tte-gprs-4g\/\",\"name\":\"MODULE TTE GPRS 4G - ADC Electronique\",\"isPartOf\":{\"@id\":\"https:\/\/adcelectronique.com\/#website\"},\"primaryImageOfPage\":{\"@id\":\"https:\/\/adcelectronique.com\/index.php\/product\/module-tte-gprs-4g\/#primaryimage\"},\"image\":{\"@id\":\"https:\/\/adcelectronique.com\/index.php\/product\/module-tte-gprs-4g\/#primaryimage\"},\"thumbnailUrl\":\"https:\/\/adcelectronique.com\/wp-content\/uploads\/2026\/03\/TTE-GPRS-Simple-scaled.png\",\"datePublished\":\"2026-03-30T08:50:30+00:00\",\"dateModified\":\"2026-03-30T08:50:31+00:00\",\"breadcrumb\":{\"@id\":\"https:\/\/adcelectronique.com\/index.php\/product\/module-tte-gprs-4g\/#breadcrumb\"},\"inLanguage\":\"fr-FR\",\"potentialAction\":[{\"@type\":\"ReadAction\",\"target\":[\"https:\/\/adcelectronique.com\/index.php\/product\/module-tte-gprs-4g\/\"]}]},{\"@type\":\"ImageObject\",\"inLanguage\":\"fr-FR\",\"@id\":\"https:\/\/adcelectronique.com\/index.php\/product\/module-tte-gprs-4g\/#primaryimage\",\"url\":\"https:\/\/adcelectronique.com\/wp-content\/uploads\/2026\/03\/TTE-GPRS-Simple-scaled.png\",\"contentUrl\":\"https:\/\/adcelectronique.com\/wp-content\/uploads\/2026\/03\/TTE-GPRS-Simple-scaled.png\",\"width\":2560,\"height\":2560},{\"@type\":\"BreadcrumbList\",\"@id\":\"https:\/\/adcelectronique.com\/index.php\/product\/module-tte-gprs-4g\/#breadcrumb\",\"itemListElement\":[{\"@type\":\"ListItem\",\"position\":1,\"name\":\"Home\",\"item\":\"https:\/\/adcelectronique.com\/\"},{\"@type\":\"ListItem\",\"position\":2,\"name\":\"Shop\",\"item\":\"https:\/\/adcelectronique.com\/index.php\/shop\/\"},{\"@type\":\"ListItem\",\"position\":3,\"name\":\"MODULE TTE GPRS 4G\"}]},{\"@type\":\"WebSite\",\"@id\":\"https:\/\/adcelectronique.com\/#website\",\"url\":\"https:\/\/adcelectronique.com\/\",\"name\":\"ADC Electronique\",\"description\":\"\",\"potentialAction\":[{\"@type\":\"SearchAction\",\"target\":{\"@type\":\"EntryPoint\",\"urlTemplate\":\"https:\/\/adcelectronique.com\/?s={search_term_string}\"},\"query-input\":{\"@type\":\"PropertyValueSpecification\",\"valueRequired\":true,\"valueName\":\"search_term_string\"}}],\"inLanguage\":\"fr-FR\"}]}<\/script>\n<!-- \/ Yoast SEO Premium plugin. -->","yoast_head_json":{"title":"MODULE TTE GPRS 4G - ADC Electronique","robots":{"index":"index","follow":"follow","max-snippet":"max-snippet:-1","max-image-preview":"max-image-preview:large","max-video-preview":"max-video-preview:-1"},"canonical":"https:\/\/adcelectronique.com\/index.php\/product\/module-tte-gprs-4g\/","og_locale":"fr_FR","og_type":"article","og_title":"MODULE TTE GPRS 4G","og_description":"DESCRIPTION TTE GPRS Standard 4G est un module de communication universel fonctionnant avec les cartes SIM 4G. Il peut \u00eatre utilis\u00e9 avec les centrales d\u2019alarme de la s\u00e9rie Teletek Electronics Eclipse, mais \u00e9galement comme module autonome ou avec des centrales d\u2019autres marques gr\u00e2ce \u00e0 ses entr\u00e9es int\u00e9gr\u00e9es. Il permet la transmission des alarmes vers un centre de t\u00e9l\u00e9surveillance ou vers l\u2019utilisateur final, tout en offrant des fonctions avanc\u00e9es de gestion, programmation et supervision \u00e0 distance via le logiciel AJAX SP PRO. Le module est install\u00e9 dans un bo\u00eetier plastique SB-U compact adapt\u00e9 au montage mural.","og_url":"https:\/\/adcelectronique.com\/index.php\/product\/module-tte-gprs-4g\/","og_site_name":"ADC Electronique","article_modified_time":"2026-03-30T08:50:31+00:00","og_image":[{"width":1024,"height":1024,"url":"https:\/\/adcelectronique.com\/wp-content\/uploads\/2026\/03\/TTE-GPRS-Simple-1024x1024.png","type":"image\/png"}],"twitter_card":"summary_large_image","twitter_misc":{"Dur\u00e9e de lecture estim\u00e9e":"2 minutes"},"schema":{"@context":"https:\/\/schema.org","@graph":[{"@type":"WebPage","@id":"https:\/\/adcelectronique.com\/index.php\/product\/module-tte-gprs-4g\/","url":"https:\/\/adcelectronique.com\/index.php\/product\/module-tte-gprs-4g\/","name":"MODULE TTE GPRS 4G - ADC Electronique","isPartOf":{"@id":"https:\/\/adcelectronique.com\/#website"},"primaryImageOfPage":{"@id":"https:\/\/adcelectronique.com\/index.php\/product\/module-tte-gprs-4g\/#primaryimage"},"image":{"@id":"https:\/\/adcelectronique.com\/index.php\/product\/module-tte-gprs-4g\/#primaryimage"},"thumbnailUrl":"https:\/\/adcelectronique.com\/wp-content\/uploads\/2026\/03\/TTE-GPRS-Simple-scaled.png","datePublished":"2026-03-30T08:50:30+00:00","dateModified":"2026-03-30T08:50:31+00:00","breadcrumb":{"@id":"https:\/\/adcelectronique.com\/index.php\/product\/module-tte-gprs-4g\/#breadcrumb"},"inLanguage":"fr-FR","potentialAction":[{"@type":"ReadAction","target":["https:\/\/adcelectronique.com\/index.php\/product\/module-tte-gprs-4g\/"]}]},{"@type":"ImageObject","inLanguage":"fr-FR","@id":"https:\/\/adcelectronique.com\/index.php\/product\/module-tte-gprs-4g\/#primaryimage","url":"https:\/\/adcelectronique.com\/wp-content\/uploads\/2026\/03\/TTE-GPRS-Simple-scaled.png","contentUrl":"https:\/\/adcelectronique.com\/wp-content\/uploads\/2026\/03\/TTE-GPRS-Simple-scaled.png","width":2560,"height":2560},{"@type":"BreadcrumbList","@id":"https:\/\/adcelectronique.com\/index.php\/product\/module-tte-gprs-4g\/#breadcrumb","itemListElement":[{"@type":"ListItem","position":1,"name":"Home","item":"https:\/\/adcelectronique.com\/"},{"@type":"ListItem","position":2,"name":"Shop","item":"https:\/\/adcelectronique.com\/index.php\/shop\/"},{"@type":"ListItem","position":3,"name":"MODULE TTE GPRS 4G"}]},{"@type":"WebSite","@id":"https:\/\/adcelectronique.com\/#website","url":"https:\/\/adcelectronique.com\/","name":"ADC Electronique","description":"","potentialAction":[{"@type":"SearchAction","target":{"@type":"EntryPoint","urlTemplate":"https:\/\/adcelectronique.com\/?s={search_term_string}"},"query-input":{"@type":"PropertyValueSpecification","valueRequired":true,"valueName":"search_term_string"}}],"inLanguage":"fr-FR"}]}},"_links":{"self":[{"href":"https:\/\/adcelectronique.com\/index.php\/wp-json\/wp\/v2\/product\/11119","targetHints":{"allow":["GET"]}}],"collection":[{"href":"https:\/\/adcelectronique.com\/index.php\/wp-json\/wp\/v2\/product"}],"about":[{"href":"https:\/\/adcelectronique.com\/index.php\/wp-json\/wp\/v2\/types\/product"}],"replies":[{"embeddable":true,"href":"https:\/\/adcelectronique.com\/index.php\/wp-json\/wp\/v2\/comments?post=11119"}],"version-history":[{"count":0,"href":"https:\/\/adcelectronique.com\/index.php\/wp-json\/wp\/v2\/product\/11119\/revisions"}],"wp:featuredmedia":[{"embeddable":true,"href":"https:\/\/adcelectronique.com\/index.php\/wp-json\/wp\/v2\/media\/11120"}],"wp:attachment":[{"href":"https:\/\/adcelectronique.com\/index.php\/wp-json\/wp\/v2\/media?parent=11119"}],"wp:term":[{"taxonomy":"product_brand","embeddable":true,"href":"https:\/\/adcelectronique.com\/index.php\/wp-json\/wp\/v2\/product_brand?post=11119"},{"taxonomy":"product_cat","embeddable":true,"href":"https:\/\/adcelectronique.com\/index.php\/wp-json\/wp\/v2\/product_cat?post=11119"},{"taxonomy":"product_tag","embeddable":true,"href":"https:\/\/adcelectronique.com\/index.php\/wp-json\/wp\/v2\/product_tag?post=11119"}],"curies":[{"name":"wp","href":"https:\/\/api.w.org\/{rel}","templated":true}]}}