{"id":11122,"date":"2026-03-30T08:54:45","date_gmt":"2026-03-30T08:54:45","guid":{"rendered":"https:\/\/adcelectronique.com\/?post_type=product&#038;p=11122"},"modified":"2026-03-30T08:54:46","modified_gmt":"2026-03-30T08:54:46","slug":"module-tte-lan","status":"publish","type":"product","link":"https:\/\/adcelectronique.com\/index.php\/product\/module-tte-lan\/","title":{"rendered":"MODULE TTE LAN"},"content":{"rendered":"<h3><em>\u00a0 \u00a0 \u00a0 \u00a0 \u00a0 \u00a0 \u00a0 \u00a0 \u00a0 \u00a0 \u00a0 \u00a0 \u00a0 \u00a0 \u00a0 \u00a0 \u00a0 \u00a0 \u00a0 \u00a0 \u00a0 \u00a0 \u00a0 \u00a0 \u00a0 \u00a0 \u00a0 \u00a0 \u00a0 \u00a0 \u00a0 \u00a0 \u00a0 \u00a0 \u00a0 \u00a0 MODULE TTE LAN\u00a0<\/em><\/h3>\n<h4><em>DESCRIPTION<\/em><\/h4>\n<p data-start=\"292\" data-end=\"620\"><strong data-start=\"292\" data-end=\"303\">TTE LAN<\/strong> est un module de communication universel permettant de connecter une centrale d\u2019alarme intrusion ou incendie adressable \u00e0 un r\u00e9seau Ethernet. Il peut \u00eatre utilis\u00e9 avec les centrales de la s\u00e9rie <strong data-start=\"498\" data-end=\"509\">Eclipse<\/strong> via une communication s\u00e9rie, mais \u00e9galement avec des centrales d\u2019autres marques gr\u00e2ce \u00e0 ses entr\u00e9es int\u00e9gr\u00e9es.<\/p>\n<p data-start=\"622\" data-end=\"925\">Ce module permet la transmission des alarmes vers un centre de t\u00e9l\u00e9surveillance ou vers l\u2019utilisateur final, ainsi que la <strong data-start=\"744\" data-end=\"802\">gestion, la programmation et la supervision \u00e0 distance<\/strong> du syst\u00e8me via le logiciel <strong data-start=\"830\" data-end=\"845\">AJAX SP PRO<\/strong>.<\/p>\n<hr data-start=\"927\" data-end=\"930\" \/>\n<h2 data-section-id=\"128riy1\" data-start=\"932\" data-end=\"963\">Caract\u00e9ristiques principales<\/h2>\n<ul data-start=\"964\" data-end=\"1477\">\n<li data-section-id=\"1hzblpq\" data-start=\"964\" data-end=\"1008\">Module de communication <strong data-start=\"990\" data-end=\"1008\">LAN \/ Ethernet<\/strong><\/li>\n<li data-section-id=\"1c39v9n\" data-start=\"1009\" data-end=\"1069\">Compatible avec centrales intrusion et incendie adressable<\/li>\n<li data-section-id=\"1chikdi\" data-start=\"1070\" data-end=\"1127\">Fonctionne avec les centrales <strong data-start=\"1102\" data-end=\"1127\">Teletek s\u00e9rie Eclipse<\/strong><\/li>\n<li data-section-id=\"1ffsf1b\" data-start=\"1128\" data-end=\"1176\">Utilisable avec des centrales d\u2019autres marques<\/li>\n<li data-section-id=\"bonq0e\" data-start=\"1177\" data-end=\"1235\">Transmission des alarmes vers centre de t\u00e9l\u00e9surveillance<\/li>\n<li data-section-id=\"8j22g9\" data-start=\"1236\" data-end=\"1290\">Notification des \u00e9v\u00e9nements vers l\u2019utilisateur final<\/li>\n<li data-section-id=\"2lw8pf\" data-start=\"1291\" data-end=\"1328\">Gestion et programmation \u00e0 distance<\/li>\n<li data-section-id=\"1gp3pe5\" data-start=\"1329\" data-end=\"1371\">Compatible avec logiciel <strong data-start=\"1356\" data-end=\"1371\">AJAX SP PRO<\/strong><\/li>\n<li data-section-id=\"x9w7yo\" data-start=\"1372\" data-end=\"1418\">Bo\u00eetier plastique compact pour montage mural<\/li>\n<li data-section-id=\"tyuwib\" data-start=\"1419\" data-end=\"1477\">Adapt\u00e9 aux applications <strong data-start=\"1445\" data-end=\"1477\">domotiques (home automation)<\/strong><\/li>\n<\/ul>\n<hr data-start=\"1479\" data-end=\"1482\" \/>\n<h2 data-section-id=\"1ilt2zm\" data-start=\"1484\" data-end=\"1514\">Caract\u00e9ristiques techniques<\/h2>\n<ul data-start=\"1515\" data-end=\"1836\">\n<li data-section-id=\"14zgi7m\" data-start=\"1515\" data-end=\"1551\">Type : module de communication LAN<\/li>\n<li data-section-id=\"13mrme6\" data-start=\"1552\" data-end=\"1597\">Communication avec centrale : liaison s\u00e9rie<\/li>\n<li data-section-id=\"10io68u\" data-start=\"1598\" data-end=\"1657\">Entr\u00e9es : 6 entr\u00e9es pour connexion avec centrales tierces<\/li>\n<li data-section-id=\"qphqr0\" data-start=\"1658\" data-end=\"1690\">Transmission : r\u00e9seau Ethernet<\/li>\n<li data-section-id=\"nlrueq\" data-start=\"1691\" data-end=\"1731\">Installation : bo\u00eetier plastique mural<\/li>\n<li data-section-id=\"1mr8hbx\" data-start=\"1732\" data-end=\"1787\">Utilisation : syst\u00e8mes d\u2019alarme intrusion et incendie<\/li>\n<li data-section-id=\"1hre73p\" data-start=\"1788\" data-end=\"1836\">Conception robuste pour fonctionnement continu<\/li>\n<\/ul>\n","protected":false},"excerpt":{"rendered":"<h4><em>DESCRIPTION<\/em><\/h4>\n<p data-start=\"292\" data-end=\"620\"><strong data-start=\"292\" data-end=\"303\">TTE LAN<\/strong> est un module de communication universel permettant de connecter une centrale d\u2019alarme intrusion ou incendie adressable \u00e0 un r\u00e9seau Ethernet. Il peut \u00eatre utilis\u00e9 avec les centrales de la s\u00e9rie <strong data-start=\"498\" data-end=\"509\">Eclipse<\/strong> via une communication s\u00e9rie, mais \u00e9galement avec des centrales d\u2019autres marques gr\u00e2ce \u00e0 ses entr\u00e9es int\u00e9gr\u00e9es.<\/p>\n<p data-start=\"622\" data-end=\"925\">Ce module permet la transmission des alarmes vers un centre de t\u00e9l\u00e9surveillance ou vers l\u2019utilisateur final, ainsi que la <strong data-start=\"744\" data-end=\"802\">gestion, la programmation et la supervision \u00e0 distance<\/strong> du syst\u00e8me via le logiciel <strong data-start=\"830\" data-end=\"845\">AJAX SP PRO<\/strong>.<\/p>\n","protected":false},"featured_media":11123,"comment_status":"open","ping_status":"closed","template":"","meta":[],"product_brand":[149],"product_cat":[147],"product_tag":[],"class_list":{"0":"post-11122","1":"product","2":"type-product","3":"status-publish","4":"has-post-thumbnail","6":"product_brand-teletek","7":"product_cat-anti-intrusion","9":"first","10":"instock","11":"shipping-taxable","12":"product-type-simple"},"yoast_head":"<!-- This site is optimized with the Yoast SEO Premium plugin v26.2 (Yoast SEO v26.2) - https:\/\/yoast.com\/wordpress\/plugins\/seo\/ -->\n<title>MODULE TTE LAN - ADC Electronique<\/title>\n<meta name=\"robots\" content=\"index, follow, max-snippet:-1, max-image-preview:large, max-video-preview:-1\" \/>\n<link rel=\"canonical\" href=\"https:\/\/adcelectronique.com\/index.php\/product\/module-tte-lan\/\" \/>\n<meta property=\"og:locale\" content=\"fr_FR\" \/>\n<meta property=\"og:type\" content=\"article\" \/>\n<meta property=\"og:title\" content=\"MODULE TTE LAN\" \/>\n<meta property=\"og:description\" content=\"DESCRIPTION TTE LAN est un module de communication universel permettant de connecter une centrale d\u2019alarme intrusion ou incendie adressable \u00e0 un r\u00e9seau Ethernet. Il peut \u00eatre utilis\u00e9 avec les centrales de la s\u00e9rie Eclipse via une communication s\u00e9rie, mais \u00e9galement avec des centrales d\u2019autres marques gr\u00e2ce \u00e0 ses entr\u00e9es int\u00e9gr\u00e9es. Ce module permet la transmission des alarmes vers un centre de t\u00e9l\u00e9surveillance ou vers l\u2019utilisateur final, ainsi que la gestion, la programmation et la supervision \u00e0 distance du syst\u00e8me via le logiciel AJAX SP PRO.\" \/>\n<meta property=\"og:url\" content=\"https:\/\/adcelectronique.com\/index.php\/product\/module-tte-lan\/\" \/>\n<meta property=\"og:site_name\" content=\"ADC Electronique\" \/>\n<meta property=\"article:modified_time\" content=\"2026-03-30T08:54:46+00:00\" \/>\n<meta property=\"og:image\" content=\"https:\/\/adcelectronique.com\/wp-content\/uploads\/2026\/03\/images-1-2.jpg\" \/>\n\t<meta property=\"og:image:width\" content=\"225\" \/>\n\t<meta property=\"og:image:height\" content=\"225\" \/>\n\t<meta property=\"og:image:type\" content=\"image\/jpeg\" \/>\n<meta name=\"twitter:card\" content=\"summary_large_image\" \/>\n<meta name=\"twitter:label1\" content=\"Dur\u00e9e de lecture estim\u00e9e\" \/>\n\t<meta name=\"twitter:data1\" content=\"1 minute\" \/>\n<script type=\"application\/ld+json\" class=\"yoast-schema-graph\">{\"@context\":\"https:\/\/schema.org\",\"@graph\":[{\"@type\":\"WebPage\",\"@id\":\"https:\/\/adcelectronique.com\/index.php\/product\/module-tte-lan\/\",\"url\":\"https:\/\/adcelectronique.com\/index.php\/product\/module-tte-lan\/\",\"name\":\"MODULE TTE LAN - ADC Electronique\",\"isPartOf\":{\"@id\":\"https:\/\/adcelectronique.com\/#website\"},\"primaryImageOfPage\":{\"@id\":\"https:\/\/adcelectronique.com\/index.php\/product\/module-tte-lan\/#primaryimage\"},\"image\":{\"@id\":\"https:\/\/adcelectronique.com\/index.php\/product\/module-tte-lan\/#primaryimage\"},\"thumbnailUrl\":\"https:\/\/adcelectronique.com\/wp-content\/uploads\/2026\/03\/images-1-2.jpg\",\"datePublished\":\"2026-03-30T08:54:45+00:00\",\"dateModified\":\"2026-03-30T08:54:46+00:00\",\"breadcrumb\":{\"@id\":\"https:\/\/adcelectronique.com\/index.php\/product\/module-tte-lan\/#breadcrumb\"},\"inLanguage\":\"fr-FR\",\"potentialAction\":[{\"@type\":\"ReadAction\",\"target\":[\"https:\/\/adcelectronique.com\/index.php\/product\/module-tte-lan\/\"]}]},{\"@type\":\"ImageObject\",\"inLanguage\":\"fr-FR\",\"@id\":\"https:\/\/adcelectronique.com\/index.php\/product\/module-tte-lan\/#primaryimage\",\"url\":\"https:\/\/adcelectronique.com\/wp-content\/uploads\/2026\/03\/images-1-2.jpg\",\"contentUrl\":\"https:\/\/adcelectronique.com\/wp-content\/uploads\/2026\/03\/images-1-2.jpg\",\"width\":225,\"height\":225},{\"@type\":\"BreadcrumbList\",\"@id\":\"https:\/\/adcelectronique.com\/index.php\/product\/module-tte-lan\/#breadcrumb\",\"itemListElement\":[{\"@type\":\"ListItem\",\"position\":1,\"name\":\"Home\",\"item\":\"https:\/\/adcelectronique.com\/\"},{\"@type\":\"ListItem\",\"position\":2,\"name\":\"Shop\",\"item\":\"https:\/\/adcelectronique.com\/index.php\/shop\/\"},{\"@type\":\"ListItem\",\"position\":3,\"name\":\"MODULE TTE LAN\"}]},{\"@type\":\"WebSite\",\"@id\":\"https:\/\/adcelectronique.com\/#website\",\"url\":\"https:\/\/adcelectronique.com\/\",\"name\":\"ADC Electronique\",\"description\":\"\",\"potentialAction\":[{\"@type\":\"SearchAction\",\"target\":{\"@type\":\"EntryPoint\",\"urlTemplate\":\"https:\/\/adcelectronique.com\/?s={search_term_string}\"},\"query-input\":{\"@type\":\"PropertyValueSpecification\",\"valueRequired\":true,\"valueName\":\"search_term_string\"}}],\"inLanguage\":\"fr-FR\"}]}<\/script>\n<!-- \/ Yoast SEO Premium plugin. -->","yoast_head_json":{"title":"MODULE TTE LAN - ADC Electronique","robots":{"index":"index","follow":"follow","max-snippet":"max-snippet:-1","max-image-preview":"max-image-preview:large","max-video-preview":"max-video-preview:-1"},"canonical":"https:\/\/adcelectronique.com\/index.php\/product\/module-tte-lan\/","og_locale":"fr_FR","og_type":"article","og_title":"MODULE TTE LAN","og_description":"DESCRIPTION TTE LAN est un module de communication universel permettant de connecter une centrale d\u2019alarme intrusion ou incendie adressable \u00e0 un r\u00e9seau Ethernet. Il peut \u00eatre utilis\u00e9 avec les centrales de la s\u00e9rie Eclipse via une communication s\u00e9rie, mais \u00e9galement avec des centrales d\u2019autres marques gr\u00e2ce \u00e0 ses entr\u00e9es int\u00e9gr\u00e9es. Ce module permet la transmission des alarmes vers un centre de t\u00e9l\u00e9surveillance ou vers l\u2019utilisateur final, ainsi que la gestion, la programmation et la supervision \u00e0 distance du syst\u00e8me via le logiciel AJAX SP PRO.","og_url":"https:\/\/adcelectronique.com\/index.php\/product\/module-tte-lan\/","og_site_name":"ADC Electronique","article_modified_time":"2026-03-30T08:54:46+00:00","og_image":[{"width":225,"height":225,"url":"https:\/\/adcelectronique.com\/wp-content\/uploads\/2026\/03\/images-1-2.jpg","type":"image\/jpeg"}],"twitter_card":"summary_large_image","twitter_misc":{"Dur\u00e9e de lecture estim\u00e9e":"1 minute"},"schema":{"@context":"https:\/\/schema.org","@graph":[{"@type":"WebPage","@id":"https:\/\/adcelectronique.com\/index.php\/product\/module-tte-lan\/","url":"https:\/\/adcelectronique.com\/index.php\/product\/module-tte-lan\/","name":"MODULE TTE LAN - ADC Electronique","isPartOf":{"@id":"https:\/\/adcelectronique.com\/#website"},"primaryImageOfPage":{"@id":"https:\/\/adcelectronique.com\/index.php\/product\/module-tte-lan\/#primaryimage"},"image":{"@id":"https:\/\/adcelectronique.com\/index.php\/product\/module-tte-lan\/#primaryimage"},"thumbnailUrl":"https:\/\/adcelectronique.com\/wp-content\/uploads\/2026\/03\/images-1-2.jpg","datePublished":"2026-03-30T08:54:45+00:00","dateModified":"2026-03-30T08:54:46+00:00","breadcrumb":{"@id":"https:\/\/adcelectronique.com\/index.php\/product\/module-tte-lan\/#breadcrumb"},"inLanguage":"fr-FR","potentialAction":[{"@type":"ReadAction","target":["https:\/\/adcelectronique.com\/index.php\/product\/module-tte-lan\/"]}]},{"@type":"ImageObject","inLanguage":"fr-FR","@id":"https:\/\/adcelectronique.com\/index.php\/product\/module-tte-lan\/#primaryimage","url":"https:\/\/adcelectronique.com\/wp-content\/uploads\/2026\/03\/images-1-2.jpg","contentUrl":"https:\/\/adcelectronique.com\/wp-content\/uploads\/2026\/03\/images-1-2.jpg","width":225,"height":225},{"@type":"BreadcrumbList","@id":"https:\/\/adcelectronique.com\/index.php\/product\/module-tte-lan\/#breadcrumb","itemListElement":[{"@type":"ListItem","position":1,"name":"Home","item":"https:\/\/adcelectronique.com\/"},{"@type":"ListItem","position":2,"name":"Shop","item":"https:\/\/adcelectronique.com\/index.php\/shop\/"},{"@type":"ListItem","position":3,"name":"MODULE TTE LAN"}]},{"@type":"WebSite","@id":"https:\/\/adcelectronique.com\/#website","url":"https:\/\/adcelectronique.com\/","name":"ADC Electronique","description":"","potentialAction":[{"@type":"SearchAction","target":{"@type":"EntryPoint","urlTemplate":"https:\/\/adcelectronique.com\/?s={search_term_string}"},"query-input":{"@type":"PropertyValueSpecification","valueRequired":true,"valueName":"search_term_string"}}],"inLanguage":"fr-FR"}]}},"_links":{"self":[{"href":"https:\/\/adcelectronique.com\/index.php\/wp-json\/wp\/v2\/product\/11122","targetHints":{"allow":["GET"]}}],"collection":[{"href":"https:\/\/adcelectronique.com\/index.php\/wp-json\/wp\/v2\/product"}],"about":[{"href":"https:\/\/adcelectronique.com\/index.php\/wp-json\/wp\/v2\/types\/product"}],"replies":[{"embeddable":true,"href":"https:\/\/adcelectronique.com\/index.php\/wp-json\/wp\/v2\/comments?post=11122"}],"version-history":[{"count":0,"href":"https:\/\/adcelectronique.com\/index.php\/wp-json\/wp\/v2\/product\/11122\/revisions"}],"wp:featuredmedia":[{"embeddable":true,"href":"https:\/\/adcelectronique.com\/index.php\/wp-json\/wp\/v2\/media\/11123"}],"wp:attachment":[{"href":"https:\/\/adcelectronique.com\/index.php\/wp-json\/wp\/v2\/media?parent=11122"}],"wp:term":[{"taxonomy":"product_brand","embeddable":true,"href":"https:\/\/adcelectronique.com\/index.php\/wp-json\/wp\/v2\/product_brand?post=11122"},{"taxonomy":"product_cat","embeddable":true,"href":"https:\/\/adcelectronique.com\/index.php\/wp-json\/wp\/v2\/product_cat?post=11122"},{"taxonomy":"product_tag","embeddable":true,"href":"https:\/\/adcelectronique.com\/index.php\/wp-json\/wp\/v2\/product_tag?post=11122"}],"curies":[{"name":"wp","href":"https:\/\/api.w.org\/{rel}","templated":true}]}}