{"id":11129,"date":"2026-03-30T09:06:03","date_gmt":"2026-03-30T09:06:03","guid":{"rendered":"https:\/\/adcelectronique.com\/?post_type=product&#038;p=11129"},"modified":"2026-03-30T09:06:04","modified_gmt":"2026-03-30T09:06:04","slug":"sirene-exterieure-auto-alimente-teletek-sr-200","status":"publish","type":"product","link":"https:\/\/adcelectronique.com\/index.php\/product\/sirene-exterieure-auto-alimente-teletek-sr-200\/","title":{"rendered":"SIRENE EXTERIEURE AUTO ALIMENTE TELETEK SR 200"},"content":{"rendered":"<h3 data-start=\"279\" data-end=\"605\">\u00a0 \u00a0 \u00a0 \u00a0 \u00a0 \u00a0 \u00a0 \u00a0 \u00a0 \u00a0 \u00a0 \u00a0 \u00a0 \u00a0SIRENE EXTERIEURE AUTO ALIMENTE TELETEK SR 200<\/h3>\n<h4><em>\u00a0DESCRIPTION<\/em><\/h4>\n<p data-start=\"279\" data-end=\"605\">La <strong data-start=\"282\" data-end=\"310\">sir\u00e8ne ext\u00e9rieure SR 200<\/strong> est un dispositif d\u2019alarme contr\u00f4l\u00e9 par microprocesseur, con\u00e7u pour avertir visuellement et acoustiquement en cas d\u2019intrusion ou d\u2019\u00e9v\u00e9nement critique. Elle est adapt\u00e9e \u00e0 une installation ext\u00e9rieure et assure une protection fiable et efficace pour habitations, commerces et sites professionnels.<\/p>\n<hr data-start=\"607\" data-end=\"610\" \/>\n<h2 data-section-id=\"128riy1\" data-start=\"612\" data-end=\"643\">Caract\u00e9ristiques principales<\/h2>\n<ul data-start=\"644\" data-end=\"1016\">\n<li data-section-id=\"1xi90sk\" data-start=\"644\" data-end=\"697\">Sir\u00e8ne ext\u00e9rieure avec contr\u00f4le <strong data-start=\"678\" data-end=\"697\">microprocesseur<\/strong><\/li>\n<li data-section-id=\"jz92f3\" data-start=\"698\" data-end=\"762\">Signal sonore puissant et flash lumineux pour alerte imm\u00e9diate<\/li>\n<li data-section-id=\"1qtw2cg\" data-start=\"763\" data-end=\"794\">Installation simple et rapide<\/li>\n<li data-section-id=\"1qgy730\" data-start=\"795\" data-end=\"833\">Haute fiabilit\u00e9 pour usage ext\u00e9rieur<\/li>\n<li data-section-id=\"1s2y72a\" data-start=\"834\" data-end=\"888\">Compatible avec les syst\u00e8mes d\u2019alarme professionnels<\/li>\n<li data-section-id=\"swjchm\" data-start=\"889\" data-end=\"945\">Id\u00e9al pour habitations, commerces et sites industriels<\/li>\n<li data-section-id=\"16vzfh3\" data-start=\"946\" data-end=\"988\">R\u00e9sistance aux intemp\u00e9ries et vandalisme<\/li>\n<li data-section-id=\"1gpb2bn\" data-start=\"989\" data-end=\"1016\">Format compact et discret<\/li>\n<\/ul>\n<hr data-start=\"1018\" data-end=\"1021\" \/>\n<h2 data-section-id=\"1ilt2zm\" data-start=\"1023\" data-end=\"1053\">Caract\u00e9ristiques techniques<\/h2>\n<ul data-start=\"1054\" data-end=\"1461\">\n<li data-section-id=\"gvgqk1\" data-start=\"1054\" data-end=\"1093\">Type : sir\u00e8ne ext\u00e9rieure \u00e9lectronique<\/li>\n<li data-section-id=\"p7wpku\" data-start=\"1094\" data-end=\"1130\">Contr\u00f4le : microprocesseur int\u00e9gr\u00e9<\/li>\n<li data-section-id=\"18pyczu\" data-start=\"1131\" data-end=\"1169\">Avertissement : son + flash lumineux<\/li>\n<li data-section-id=\"1s96kay\" data-start=\"1170\" data-end=\"1229\">Alimentation : adapt\u00e9e \u00e0 la centrale (typiquement 12V DC)<\/li>\n<li data-section-id=\"1e1igvf\" data-start=\"1230\" data-end=\"1270\">Installation : montage mural ext\u00e9rieur<\/li>\n<li data-section-id=\"1h2stkl\" data-start=\"1271\" data-end=\"1342\">Temp\u00e9rature de fonctionnement : adapt\u00e9e aux environnements ext\u00e9rieurs<\/li>\n<li data-section-id=\"1jlwv12\" data-start=\"1343\" data-end=\"1409\">Mat\u00e9riau : plastique robuste r\u00e9sistant aux UV et aux intemp\u00e9ries<\/li>\n<li data-section-id=\"d39dt5\" data-start=\"1410\" data-end=\"1461\">Consommation : faible pour fonctionnement continu<\/li>\n<\/ul>\n","protected":false},"excerpt":{"rendered":"<h4><em>DESCRIPTION<\/em><\/h4>\n<p data-start=\"279\" data-end=\"605\">La <strong data-start=\"282\" data-end=\"310\">sir\u00e8ne ext\u00e9rieure SR 200<\/strong> est un dispositif d\u2019alarme contr\u00f4l\u00e9 par microprocesseur, con\u00e7u pour avertir visuellement et acoustiquement en cas d\u2019intrusion ou d\u2019\u00e9v\u00e9nement critique. Elle est adapt\u00e9e \u00e0 une installation ext\u00e9rieure et assure une protection fiable et efficace pour habitations, commerces et sites professionnels.<\/p>\n","protected":false},"featured_media":11130,"comment_status":"open","ping_status":"closed","template":"","meta":[],"product_brand":[149],"product_cat":[147],"product_tag":[],"class_list":{"0":"post-11129","1":"product","2":"type-product","3":"status-publish","4":"has-post-thumbnail","6":"product_brand-teletek","7":"product_cat-anti-intrusion","9":"first","10":"outofstock","11":"shipping-taxable","12":"product-type-simple"},"yoast_head":"<!-- This site is optimized with the Yoast SEO Premium plugin v26.2 (Yoast SEO v26.2) - https:\/\/yoast.com\/wordpress\/plugins\/seo\/ -->\n<title>SIRENE EXTERIEURE AUTO ALIMENTE TELETEK SR 200 - ADC Electronique<\/title>\n<meta name=\"robots\" content=\"index, follow, max-snippet:-1, max-image-preview:large, max-video-preview:-1\" \/>\n<link rel=\"canonical\" href=\"https:\/\/adcelectronique.com\/index.php\/product\/sirene-exterieure-auto-alimente-teletek-sr-200\/\" \/>\n<meta property=\"og:locale\" content=\"fr_FR\" \/>\n<meta property=\"og:type\" content=\"article\" \/>\n<meta property=\"og:title\" content=\"SIRENE EXTERIEURE AUTO ALIMENTE TELETEK SR 200\" \/>\n<meta property=\"og:description\" content=\"DESCRIPTION La sir\u00e8ne ext\u00e9rieure SR 200 est un dispositif d\u2019alarme contr\u00f4l\u00e9 par microprocesseur, con\u00e7u pour avertir visuellement et acoustiquement en cas d\u2019intrusion ou d\u2019\u00e9v\u00e9nement critique. Elle est adapt\u00e9e \u00e0 une installation ext\u00e9rieure et assure une protection fiable et efficace pour habitations, commerces et sites professionnels.\" \/>\n<meta property=\"og:url\" content=\"https:\/\/adcelectronique.com\/index.php\/product\/sirene-exterieure-auto-alimente-teletek-sr-200\/\" \/>\n<meta property=\"og:site_name\" content=\"ADC Electronique\" \/>\n<meta property=\"article:modified_time\" content=\"2026-03-30T09:06:04+00:00\" \/>\n<meta property=\"og:image\" content=\"https:\/\/adcelectronique.com\/wp-content\/uploads\/2026\/03\/31PLygrvVOL.jpg\" \/>\n\t<meta property=\"og:image:width\" content=\"500\" \/>\n\t<meta property=\"og:image:height\" content=\"407\" \/>\n\t<meta property=\"og:image:type\" content=\"image\/jpeg\" \/>\n<meta name=\"twitter:card\" content=\"summary_large_image\" \/>\n<meta name=\"twitter:label1\" content=\"Dur\u00e9e de lecture estim\u00e9e\" \/>\n\t<meta name=\"twitter:data1\" content=\"1 minute\" \/>\n<script type=\"application\/ld+json\" class=\"yoast-schema-graph\">{\"@context\":\"https:\/\/schema.org\",\"@graph\":[{\"@type\":\"WebPage\",\"@id\":\"https:\/\/adcelectronique.com\/index.php\/product\/sirene-exterieure-auto-alimente-teletek-sr-200\/\",\"url\":\"https:\/\/adcelectronique.com\/index.php\/product\/sirene-exterieure-auto-alimente-teletek-sr-200\/\",\"name\":\"SIRENE EXTERIEURE AUTO ALIMENTE TELETEK SR 200 - ADC Electronique\",\"isPartOf\":{\"@id\":\"https:\/\/adcelectronique.com\/#website\"},\"primaryImageOfPage\":{\"@id\":\"https:\/\/adcelectronique.com\/index.php\/product\/sirene-exterieure-auto-alimente-teletek-sr-200\/#primaryimage\"},\"image\":{\"@id\":\"https:\/\/adcelectronique.com\/index.php\/product\/sirene-exterieure-auto-alimente-teletek-sr-200\/#primaryimage\"},\"thumbnailUrl\":\"https:\/\/adcelectronique.com\/wp-content\/uploads\/2026\/03\/31PLygrvVOL.jpg\",\"datePublished\":\"2026-03-30T09:06:03+00:00\",\"dateModified\":\"2026-03-30T09:06:04+00:00\",\"breadcrumb\":{\"@id\":\"https:\/\/adcelectronique.com\/index.php\/product\/sirene-exterieure-auto-alimente-teletek-sr-200\/#breadcrumb\"},\"inLanguage\":\"fr-FR\",\"potentialAction\":[{\"@type\":\"ReadAction\",\"target\":[\"https:\/\/adcelectronique.com\/index.php\/product\/sirene-exterieure-auto-alimente-teletek-sr-200\/\"]}]},{\"@type\":\"ImageObject\",\"inLanguage\":\"fr-FR\",\"@id\":\"https:\/\/adcelectronique.com\/index.php\/product\/sirene-exterieure-auto-alimente-teletek-sr-200\/#primaryimage\",\"url\":\"https:\/\/adcelectronique.com\/wp-content\/uploads\/2026\/03\/31PLygrvVOL.jpg\",\"contentUrl\":\"https:\/\/adcelectronique.com\/wp-content\/uploads\/2026\/03\/31PLygrvVOL.jpg\",\"width\":500,\"height\":407},{\"@type\":\"BreadcrumbList\",\"@id\":\"https:\/\/adcelectronique.com\/index.php\/product\/sirene-exterieure-auto-alimente-teletek-sr-200\/#breadcrumb\",\"itemListElement\":[{\"@type\":\"ListItem\",\"position\":1,\"name\":\"Home\",\"item\":\"https:\/\/adcelectronique.com\/\"},{\"@type\":\"ListItem\",\"position\":2,\"name\":\"Shop\",\"item\":\"https:\/\/adcelectronique.com\/index.php\/shop\/\"},{\"@type\":\"ListItem\",\"position\":3,\"name\":\"SIRENE EXTERIEURE AUTO ALIMENTE TELETEK SR 200\"}]},{\"@type\":\"WebSite\",\"@id\":\"https:\/\/adcelectronique.com\/#website\",\"url\":\"https:\/\/adcelectronique.com\/\",\"name\":\"ADC Electronique\",\"description\":\"\",\"potentialAction\":[{\"@type\":\"SearchAction\",\"target\":{\"@type\":\"EntryPoint\",\"urlTemplate\":\"https:\/\/adcelectronique.com\/?s={search_term_string}\"},\"query-input\":{\"@type\":\"PropertyValueSpecification\",\"valueRequired\":true,\"valueName\":\"search_term_string\"}}],\"inLanguage\":\"fr-FR\"}]}<\/script>\n<!-- \/ Yoast SEO Premium plugin. -->","yoast_head_json":{"title":"SIRENE EXTERIEURE AUTO ALIMENTE TELETEK SR 200 - ADC Electronique","robots":{"index":"index","follow":"follow","max-snippet":"max-snippet:-1","max-image-preview":"max-image-preview:large","max-video-preview":"max-video-preview:-1"},"canonical":"https:\/\/adcelectronique.com\/index.php\/product\/sirene-exterieure-auto-alimente-teletek-sr-200\/","og_locale":"fr_FR","og_type":"article","og_title":"SIRENE EXTERIEURE AUTO ALIMENTE TELETEK SR 200","og_description":"DESCRIPTION La sir\u00e8ne ext\u00e9rieure SR 200 est un dispositif d\u2019alarme contr\u00f4l\u00e9 par microprocesseur, con\u00e7u pour avertir visuellement et acoustiquement en cas d\u2019intrusion ou d\u2019\u00e9v\u00e9nement critique. Elle est adapt\u00e9e \u00e0 une installation ext\u00e9rieure et assure une protection fiable et efficace pour habitations, commerces et sites professionnels.","og_url":"https:\/\/adcelectronique.com\/index.php\/product\/sirene-exterieure-auto-alimente-teletek-sr-200\/","og_site_name":"ADC Electronique","article_modified_time":"2026-03-30T09:06:04+00:00","og_image":[{"width":500,"height":407,"url":"https:\/\/adcelectronique.com\/wp-content\/uploads\/2026\/03\/31PLygrvVOL.jpg","type":"image\/jpeg"}],"twitter_card":"summary_large_image","twitter_misc":{"Dur\u00e9e de lecture estim\u00e9e":"1 minute"},"schema":{"@context":"https:\/\/schema.org","@graph":[{"@type":"WebPage","@id":"https:\/\/adcelectronique.com\/index.php\/product\/sirene-exterieure-auto-alimente-teletek-sr-200\/","url":"https:\/\/adcelectronique.com\/index.php\/product\/sirene-exterieure-auto-alimente-teletek-sr-200\/","name":"SIRENE EXTERIEURE AUTO ALIMENTE TELETEK SR 200 - ADC Electronique","isPartOf":{"@id":"https:\/\/adcelectronique.com\/#website"},"primaryImageOfPage":{"@id":"https:\/\/adcelectronique.com\/index.php\/product\/sirene-exterieure-auto-alimente-teletek-sr-200\/#primaryimage"},"image":{"@id":"https:\/\/adcelectronique.com\/index.php\/product\/sirene-exterieure-auto-alimente-teletek-sr-200\/#primaryimage"},"thumbnailUrl":"https:\/\/adcelectronique.com\/wp-content\/uploads\/2026\/03\/31PLygrvVOL.jpg","datePublished":"2026-03-30T09:06:03+00:00","dateModified":"2026-03-30T09:06:04+00:00","breadcrumb":{"@id":"https:\/\/adcelectronique.com\/index.php\/product\/sirene-exterieure-auto-alimente-teletek-sr-200\/#breadcrumb"},"inLanguage":"fr-FR","potentialAction":[{"@type":"ReadAction","target":["https:\/\/adcelectronique.com\/index.php\/product\/sirene-exterieure-auto-alimente-teletek-sr-200\/"]}]},{"@type":"ImageObject","inLanguage":"fr-FR","@id":"https:\/\/adcelectronique.com\/index.php\/product\/sirene-exterieure-auto-alimente-teletek-sr-200\/#primaryimage","url":"https:\/\/adcelectronique.com\/wp-content\/uploads\/2026\/03\/31PLygrvVOL.jpg","contentUrl":"https:\/\/adcelectronique.com\/wp-content\/uploads\/2026\/03\/31PLygrvVOL.jpg","width":500,"height":407},{"@type":"BreadcrumbList","@id":"https:\/\/adcelectronique.com\/index.php\/product\/sirene-exterieure-auto-alimente-teletek-sr-200\/#breadcrumb","itemListElement":[{"@type":"ListItem","position":1,"name":"Home","item":"https:\/\/adcelectronique.com\/"},{"@type":"ListItem","position":2,"name":"Shop","item":"https:\/\/adcelectronique.com\/index.php\/shop\/"},{"@type":"ListItem","position":3,"name":"SIRENE EXTERIEURE AUTO ALIMENTE TELETEK SR 200"}]},{"@type":"WebSite","@id":"https:\/\/adcelectronique.com\/#website","url":"https:\/\/adcelectronique.com\/","name":"ADC Electronique","description":"","potentialAction":[{"@type":"SearchAction","target":{"@type":"EntryPoint","urlTemplate":"https:\/\/adcelectronique.com\/?s={search_term_string}"},"query-input":{"@type":"PropertyValueSpecification","valueRequired":true,"valueName":"search_term_string"}}],"inLanguage":"fr-FR"}]}},"_links":{"self":[{"href":"https:\/\/adcelectronique.com\/index.php\/wp-json\/wp\/v2\/product\/11129","targetHints":{"allow":["GET"]}}],"collection":[{"href":"https:\/\/adcelectronique.com\/index.php\/wp-json\/wp\/v2\/product"}],"about":[{"href":"https:\/\/adcelectronique.com\/index.php\/wp-json\/wp\/v2\/types\/product"}],"replies":[{"embeddable":true,"href":"https:\/\/adcelectronique.com\/index.php\/wp-json\/wp\/v2\/comments?post=11129"}],"version-history":[{"count":0,"href":"https:\/\/adcelectronique.com\/index.php\/wp-json\/wp\/v2\/product\/11129\/revisions"}],"wp:featuredmedia":[{"embeddable":true,"href":"https:\/\/adcelectronique.com\/index.php\/wp-json\/wp\/v2\/media\/11130"}],"wp:attachment":[{"href":"https:\/\/adcelectronique.com\/index.php\/wp-json\/wp\/v2\/media?parent=11129"}],"wp:term":[{"taxonomy":"product_brand","embeddable":true,"href":"https:\/\/adcelectronique.com\/index.php\/wp-json\/wp\/v2\/product_brand?post=11129"},{"taxonomy":"product_cat","embeddable":true,"href":"https:\/\/adcelectronique.com\/index.php\/wp-json\/wp\/v2\/product_cat?post=11129"},{"taxonomy":"product_tag","embeddable":true,"href":"https:\/\/adcelectronique.com\/index.php\/wp-json\/wp\/v2\/product_tag?post=11129"}],"curies":[{"name":"wp","href":"https:\/\/api.w.org\/{rel}","templated":true}]}}