{"id":11138,"date":"2026-03-30T09:16:25","date_gmt":"2026-03-30T09:16:25","guid":{"rendered":"https:\/\/adcelectronique.com\/?post_type=product&#038;p=11138"},"modified":"2026-03-30T09:16:26","modified_gmt":"2026-03-30T09:16:26","slug":"sirene-exterieure-auto-alimente-teletek-sr-300b","status":"publish","type":"product","link":"https:\/\/adcelectronique.com\/index.php\/product\/sirene-exterieure-auto-alimente-teletek-sr-300b\/","title":{"rendered":"SIRENE EXTERIEURE AUTO-ALIMENTE TELETEK SR 300B"},"content":{"rendered":"<h3>\u00a0 \u00a0 \u00a0 \u00a0 \u00a0 \u00a0 \u00a0 \u00a0 \u00a0 \u00a0 \u00a0 \u00a0 \u00a0 \u00a0 \u00a0 \u00a0 \u00a0SIRENE EXTERIEURE AUTO-ALIMENTE TELETEK SR 300B<\/h3>\n<h2>Description<\/h2>\n<p data-start=\"279\" data-end=\"573\">La <strong data-start=\"282\" data-end=\"293\">SR 300B<\/strong> est une <strong data-start=\"302\" data-end=\"330\">sir\u00e8ne ext\u00e9rieure piezzo<\/strong> \u00e9quip\u00e9e d\u2019un <strong data-start=\"344\" data-end=\"358\">flash bleu<\/strong> et d\u2019un niveau sonore r\u00e9glable. Con\u00e7ue pour alerter efficacement en cas d\u2019intrusion, elle offre une protection renforc\u00e9e gr\u00e2ce \u00e0 son <strong data-start=\"492\" data-end=\"524\">couvercle interne m\u00e9tallique<\/strong> et \u00e0 son <strong data-start=\"534\" data-end=\"570\">auto-protection bidirectionnelle<\/strong>.<\/p>\n<p data-start=\"575\" data-end=\"818\">Elle est livr\u00e9e avec une <strong data-start=\"600\" data-end=\"633\">batterie int\u00e9gr\u00e9e (9V, 200mA)<\/strong> pour garantir un fonctionnement autonome et fiable. Son <strong data-start=\"690\" data-end=\"708\">couvercle plat<\/strong> permet l\u2019apposition d\u2019un <strong data-start=\"734\" data-end=\"775\">logo ou autocollant de l\u2019installateur<\/strong>, combinant visibilit\u00e9 et personnalisation.<\/p>\n<p data-start=\"820\" data-end=\"962\">Certifi\u00e9e <strong data-start=\"830\" data-end=\"860\">EN 50131 Grade 2 Classe IV<\/strong>, la SR 300B r\u00e9pond aux normes professionnelles pour les installations r\u00e9sidentielles et commerciales.<\/p>\n<hr data-start=\"964\" data-end=\"967\" \/>\n<h2 data-section-id=\"128riy1\" data-start=\"969\" data-end=\"1000\">Caract\u00e9ristiques principales<\/h2>\n<ul data-start=\"1001\" data-end=\"1353\">\n<li data-section-id=\"tgsdv\" data-start=\"1001\" data-end=\"1047\">Sir\u00e8ne ext\u00e9rieure <strong data-start=\"1021\" data-end=\"1031\">piezzo<\/strong> avec flash bleu<\/li>\n<li data-section-id=\"i7olnc\" data-start=\"1048\" data-end=\"1072\">Niveau sonore r\u00e9glable<\/li>\n<li data-section-id=\"1q1s0gq\" data-start=\"1073\" data-end=\"1129\">Couvercle interne m\u00e9tallique pour protection renforc\u00e9e<\/li>\n<li data-section-id=\"zawm3t\" data-start=\"1130\" data-end=\"1164\">Auto-protection bidirectionnelle<\/li>\n<li data-section-id=\"hpwrmf\" data-start=\"1165\" data-end=\"1201\">Batterie int\u00e9gr\u00e9e : <strong data-start=\"1187\" data-end=\"1201\">9V \/ 200mA<\/strong><\/li>\n<li data-section-id=\"vmyzrm\" data-start=\"1202\" data-end=\"1271\">Couvercle plastique plat pour logo ou autocollant de l\u2019installateur<\/li>\n<li data-section-id=\"dsizqk\" data-start=\"1272\" data-end=\"1314\">Certifi\u00e9e <strong data-start=\"1284\" data-end=\"1314\">EN 50131 Grade 2 Classe IV<\/strong><\/li>\n<li data-section-id=\"rswule\" data-start=\"1315\" data-end=\"1353\">Installation murale simple et rapide<\/li>\n<\/ul>\n<hr data-start=\"1355\" data-end=\"1358\" \/>\n<h2 data-section-id=\"1ilt2zm\" data-start=\"1360\" data-end=\"1390\">Caract\u00e9ristiques techniques<\/h2>\n<ul data-start=\"1391\" data-end=\"1806\">\n<li data-section-id=\"17cn2jy\" data-start=\"1391\" data-end=\"1424\">Type : sir\u00e8ne ext\u00e9rieure piezzo<\/li>\n<li data-section-id=\"5wxsn\" data-start=\"1425\" data-end=\"1451\">Flash : LED bleu int\u00e9gr\u00e9<\/li>\n<li data-section-id=\"1adntq2\" data-start=\"1452\" data-end=\"1485\">Puissance acoustique : r\u00e9glable<\/li>\n<li data-section-id=\"1b4cig0\" data-start=\"1486\" data-end=\"1560\">Protection : couvercle interne m\u00e9tallique + anti-sabotage bidirectionnel<\/li>\n<li data-section-id=\"195es4c\" data-start=\"1561\" data-end=\"1606\">Alimentation : batterie int\u00e9gr\u00e9e 9V \/ 200mA<\/li>\n<li data-section-id=\"zbm709\" data-start=\"1607\" data-end=\"1658\">Mat\u00e9riau : plastique r\u00e9sistant UV + m\u00e9tal interne<\/li>\n<li data-section-id=\"158qklu\" data-start=\"1659\" data-end=\"1689\">Installation : montage mural<\/li>\n<li data-section-id=\"1mz7v44\" data-start=\"1690\" data-end=\"1734\">Certification : EN 50131 Grade 2 Classe IV<\/li>\n<li data-section-id=\"1cva72y\" data-start=\"1735\" data-end=\"1806\">Dimensions : compact pour facilit\u00e9 d\u2019installation et personnalisation<\/li>\n<\/ul>\n","protected":false},"excerpt":{"rendered":"<h2>Description<\/h2>\n<p data-start=\"279\" data-end=\"573\">La <strong data-start=\"282\" data-end=\"293\">SR 300B<\/strong> est une <strong data-start=\"302\" data-end=\"330\">sir\u00e8ne ext\u00e9rieure piezzo<\/strong> \u00e9quip\u00e9e d\u2019un <strong data-start=\"344\" data-end=\"358\">flash bleu<\/strong> et d\u2019un niveau sonore r\u00e9glable. Con\u00e7ue pour alerter efficacement en cas d\u2019intrusion, elle offre une protection renforc\u00e9e gr\u00e2ce \u00e0 son <strong data-start=\"492\" data-end=\"524\">couvercle interne m\u00e9tallique<\/strong> et \u00e0 son <strong data-start=\"534\" data-end=\"570\">auto-protection bidirectionnelle<\/strong>.<\/p>\n<p data-start=\"575\" data-end=\"818\">Elle est livr\u00e9e avec une <strong data-start=\"600\" data-end=\"633\">batterie int\u00e9gr\u00e9e (9V, 200mA)<\/strong> pour garantir un fonctionnement autonome et fiable. Son <strong data-start=\"690\" data-end=\"708\">couvercle plat<\/strong> permet l\u2019apposition d\u2019un <strong data-start=\"734\" data-end=\"775\">logo ou autocollant de l\u2019installateur<\/strong>, combinant visibilit\u00e9 et personnalisation.<\/p>\n<p data-start=\"820\" data-end=\"962\">Certifi\u00e9e <strong data-start=\"830\" data-end=\"860\">EN 50131 Grade 2 Classe IV<\/strong>, la SR 300B r\u00e9pond aux normes professionnelles pour les installations r\u00e9sidentielles et commerciales.<\/p>\n","protected":false},"featured_media":11139,"comment_status":"open","ping_status":"closed","template":"","meta":[],"product_brand":[149],"product_cat":[147],"product_tag":[],"class_list":{"0":"post-11138","1":"product","2":"type-product","3":"status-publish","4":"has-post-thumbnail","6":"product_brand-teletek","7":"product_cat-anti-intrusion","9":"first","10":"instock","11":"shipping-taxable","12":"product-type-simple"},"yoast_head":"<!-- This site is optimized with the Yoast SEO Premium plugin v26.2 (Yoast SEO v26.2) - https:\/\/yoast.com\/wordpress\/plugins\/seo\/ -->\n<title>SIRENE EXTERIEURE AUTO-ALIMENTE TELETEK SR 300B - ADC Electronique<\/title>\n<meta name=\"robots\" content=\"index, follow, max-snippet:-1, max-image-preview:large, max-video-preview:-1\" \/>\n<link rel=\"canonical\" href=\"https:\/\/adcelectronique.com\/index.php\/product\/sirene-exterieure-auto-alimente-teletek-sr-300b\/\" \/>\n<meta property=\"og:locale\" content=\"fr_FR\" \/>\n<meta property=\"og:type\" content=\"article\" \/>\n<meta property=\"og:title\" content=\"SIRENE EXTERIEURE AUTO-ALIMENTE TELETEK SR 300B\" \/>\n<meta property=\"og:description\" content=\"Description La SR 300B est une sir\u00e8ne ext\u00e9rieure piezzo \u00e9quip\u00e9e d\u2019un flash bleu et d\u2019un niveau sonore r\u00e9glable. Con\u00e7ue pour alerter efficacement en cas d\u2019intrusion, elle offre une protection renforc\u00e9e gr\u00e2ce \u00e0 son couvercle interne m\u00e9tallique et \u00e0 son auto-protection bidirectionnelle. Elle est livr\u00e9e avec une batterie int\u00e9gr\u00e9e (9V, 200mA) pour garantir un fonctionnement autonome et fiable. Son couvercle plat permet l\u2019apposition d\u2019un logo ou autocollant de l\u2019installateur, combinant visibilit\u00e9 et personnalisation. Certifi\u00e9e EN 50131 Grade 2 Classe IV, la SR 300B r\u00e9pond aux normes professionnelles pour les installations r\u00e9sidentielles et commerciales.\" \/>\n<meta property=\"og:url\" content=\"https:\/\/adcelectronique.com\/index.php\/product\/sirene-exterieure-auto-alimente-teletek-sr-300b\/\" \/>\n<meta property=\"og:site_name\" content=\"ADC Electronique\" \/>\n<meta property=\"article:modified_time\" content=\"2026-03-30T09:16:26+00:00\" \/>\n<meta property=\"og:image\" content=\"https:\/\/adcelectronique.com\/wp-content\/uploads\/2026\/03\/SR-300B.jpg\" \/>\n\t<meta property=\"og:image:width\" content=\"550\" \/>\n\t<meta property=\"og:image:height\" content=\"550\" \/>\n\t<meta property=\"og:image:type\" content=\"image\/jpeg\" \/>\n<meta name=\"twitter:card\" content=\"summary_large_image\" \/>\n<meta name=\"twitter:label1\" content=\"Dur\u00e9e de lecture estim\u00e9e\" \/>\n\t<meta name=\"twitter:data1\" content=\"2 minutes\" \/>\n<script type=\"application\/ld+json\" class=\"yoast-schema-graph\">{\"@context\":\"https:\/\/schema.org\",\"@graph\":[{\"@type\":\"WebPage\",\"@id\":\"https:\/\/adcelectronique.com\/index.php\/product\/sirene-exterieure-auto-alimente-teletek-sr-300b\/\",\"url\":\"https:\/\/adcelectronique.com\/index.php\/product\/sirene-exterieure-auto-alimente-teletek-sr-300b\/\",\"name\":\"SIRENE EXTERIEURE AUTO-ALIMENTE TELETEK SR 300B - ADC Electronique\",\"isPartOf\":{\"@id\":\"https:\/\/adcelectronique.com\/#website\"},\"primaryImageOfPage\":{\"@id\":\"https:\/\/adcelectronique.com\/index.php\/product\/sirene-exterieure-auto-alimente-teletek-sr-300b\/#primaryimage\"},\"image\":{\"@id\":\"https:\/\/adcelectronique.com\/index.php\/product\/sirene-exterieure-auto-alimente-teletek-sr-300b\/#primaryimage\"},\"thumbnailUrl\":\"https:\/\/adcelectronique.com\/wp-content\/uploads\/2026\/03\/SR-300B.jpg\",\"datePublished\":\"2026-03-30T09:16:25+00:00\",\"dateModified\":\"2026-03-30T09:16:26+00:00\",\"breadcrumb\":{\"@id\":\"https:\/\/adcelectronique.com\/index.php\/product\/sirene-exterieure-auto-alimente-teletek-sr-300b\/#breadcrumb\"},\"inLanguage\":\"fr-FR\",\"potentialAction\":[{\"@type\":\"ReadAction\",\"target\":[\"https:\/\/adcelectronique.com\/index.php\/product\/sirene-exterieure-auto-alimente-teletek-sr-300b\/\"]}]},{\"@type\":\"ImageObject\",\"inLanguage\":\"fr-FR\",\"@id\":\"https:\/\/adcelectronique.com\/index.php\/product\/sirene-exterieure-auto-alimente-teletek-sr-300b\/#primaryimage\",\"url\":\"https:\/\/adcelectronique.com\/wp-content\/uploads\/2026\/03\/SR-300B.jpg\",\"contentUrl\":\"https:\/\/adcelectronique.com\/wp-content\/uploads\/2026\/03\/SR-300B.jpg\",\"width\":550,\"height\":550},{\"@type\":\"BreadcrumbList\",\"@id\":\"https:\/\/adcelectronique.com\/index.php\/product\/sirene-exterieure-auto-alimente-teletek-sr-300b\/#breadcrumb\",\"itemListElement\":[{\"@type\":\"ListItem\",\"position\":1,\"name\":\"Home\",\"item\":\"https:\/\/adcelectronique.com\/\"},{\"@type\":\"ListItem\",\"position\":2,\"name\":\"Shop\",\"item\":\"https:\/\/adcelectronique.com\/index.php\/shop\/\"},{\"@type\":\"ListItem\",\"position\":3,\"name\":\"SIRENE EXTERIEURE AUTO-ALIMENTE TELETEK SR 300B\"}]},{\"@type\":\"WebSite\",\"@id\":\"https:\/\/adcelectronique.com\/#website\",\"url\":\"https:\/\/adcelectronique.com\/\",\"name\":\"ADC Electronique\",\"description\":\"\",\"potentialAction\":[{\"@type\":\"SearchAction\",\"target\":{\"@type\":\"EntryPoint\",\"urlTemplate\":\"https:\/\/adcelectronique.com\/?s={search_term_string}\"},\"query-input\":{\"@type\":\"PropertyValueSpecification\",\"valueRequired\":true,\"valueName\":\"search_term_string\"}}],\"inLanguage\":\"fr-FR\"}]}<\/script>\n<!-- \/ Yoast SEO Premium plugin. -->","yoast_head_json":{"title":"SIRENE EXTERIEURE AUTO-ALIMENTE TELETEK SR 300B - ADC Electronique","robots":{"index":"index","follow":"follow","max-snippet":"max-snippet:-1","max-image-preview":"max-image-preview:large","max-video-preview":"max-video-preview:-1"},"canonical":"https:\/\/adcelectronique.com\/index.php\/product\/sirene-exterieure-auto-alimente-teletek-sr-300b\/","og_locale":"fr_FR","og_type":"article","og_title":"SIRENE EXTERIEURE AUTO-ALIMENTE TELETEK SR 300B","og_description":"Description La SR 300B est une sir\u00e8ne ext\u00e9rieure piezzo \u00e9quip\u00e9e d\u2019un flash bleu et d\u2019un niveau sonore r\u00e9glable. Con\u00e7ue pour alerter efficacement en cas d\u2019intrusion, elle offre une protection renforc\u00e9e gr\u00e2ce \u00e0 son couvercle interne m\u00e9tallique et \u00e0 son auto-protection bidirectionnelle. Elle est livr\u00e9e avec une batterie int\u00e9gr\u00e9e (9V, 200mA) pour garantir un fonctionnement autonome et fiable. Son couvercle plat permet l\u2019apposition d\u2019un logo ou autocollant de l\u2019installateur, combinant visibilit\u00e9 et personnalisation. Certifi\u00e9e EN 50131 Grade 2 Classe IV, la SR 300B r\u00e9pond aux normes professionnelles pour les installations r\u00e9sidentielles et commerciales.","og_url":"https:\/\/adcelectronique.com\/index.php\/product\/sirene-exterieure-auto-alimente-teletek-sr-300b\/","og_site_name":"ADC Electronique","article_modified_time":"2026-03-30T09:16:26+00:00","og_image":[{"width":550,"height":550,"url":"https:\/\/adcelectronique.com\/wp-content\/uploads\/2026\/03\/SR-300B.jpg","type":"image\/jpeg"}],"twitter_card":"summary_large_image","twitter_misc":{"Dur\u00e9e de lecture estim\u00e9e":"2 minutes"},"schema":{"@context":"https:\/\/schema.org","@graph":[{"@type":"WebPage","@id":"https:\/\/adcelectronique.com\/index.php\/product\/sirene-exterieure-auto-alimente-teletek-sr-300b\/","url":"https:\/\/adcelectronique.com\/index.php\/product\/sirene-exterieure-auto-alimente-teletek-sr-300b\/","name":"SIRENE EXTERIEURE AUTO-ALIMENTE TELETEK SR 300B - ADC Electronique","isPartOf":{"@id":"https:\/\/adcelectronique.com\/#website"},"primaryImageOfPage":{"@id":"https:\/\/adcelectronique.com\/index.php\/product\/sirene-exterieure-auto-alimente-teletek-sr-300b\/#primaryimage"},"image":{"@id":"https:\/\/adcelectronique.com\/index.php\/product\/sirene-exterieure-auto-alimente-teletek-sr-300b\/#primaryimage"},"thumbnailUrl":"https:\/\/adcelectronique.com\/wp-content\/uploads\/2026\/03\/SR-300B.jpg","datePublished":"2026-03-30T09:16:25+00:00","dateModified":"2026-03-30T09:16:26+00:00","breadcrumb":{"@id":"https:\/\/adcelectronique.com\/index.php\/product\/sirene-exterieure-auto-alimente-teletek-sr-300b\/#breadcrumb"},"inLanguage":"fr-FR","potentialAction":[{"@type":"ReadAction","target":["https:\/\/adcelectronique.com\/index.php\/product\/sirene-exterieure-auto-alimente-teletek-sr-300b\/"]}]},{"@type":"ImageObject","inLanguage":"fr-FR","@id":"https:\/\/adcelectronique.com\/index.php\/product\/sirene-exterieure-auto-alimente-teletek-sr-300b\/#primaryimage","url":"https:\/\/adcelectronique.com\/wp-content\/uploads\/2026\/03\/SR-300B.jpg","contentUrl":"https:\/\/adcelectronique.com\/wp-content\/uploads\/2026\/03\/SR-300B.jpg","width":550,"height":550},{"@type":"BreadcrumbList","@id":"https:\/\/adcelectronique.com\/index.php\/product\/sirene-exterieure-auto-alimente-teletek-sr-300b\/#breadcrumb","itemListElement":[{"@type":"ListItem","position":1,"name":"Home","item":"https:\/\/adcelectronique.com\/"},{"@type":"ListItem","position":2,"name":"Shop","item":"https:\/\/adcelectronique.com\/index.php\/shop\/"},{"@type":"ListItem","position":3,"name":"SIRENE EXTERIEURE AUTO-ALIMENTE TELETEK SR 300B"}]},{"@type":"WebSite","@id":"https:\/\/adcelectronique.com\/#website","url":"https:\/\/adcelectronique.com\/","name":"ADC Electronique","description":"","potentialAction":[{"@type":"SearchAction","target":{"@type":"EntryPoint","urlTemplate":"https:\/\/adcelectronique.com\/?s={search_term_string}"},"query-input":{"@type":"PropertyValueSpecification","valueRequired":true,"valueName":"search_term_string"}}],"inLanguage":"fr-FR"}]}},"_links":{"self":[{"href":"https:\/\/adcelectronique.com\/index.php\/wp-json\/wp\/v2\/product\/11138","targetHints":{"allow":["GET"]}}],"collection":[{"href":"https:\/\/adcelectronique.com\/index.php\/wp-json\/wp\/v2\/product"}],"about":[{"href":"https:\/\/adcelectronique.com\/index.php\/wp-json\/wp\/v2\/types\/product"}],"replies":[{"embeddable":true,"href":"https:\/\/adcelectronique.com\/index.php\/wp-json\/wp\/v2\/comments?post=11138"}],"version-history":[{"count":0,"href":"https:\/\/adcelectronique.com\/index.php\/wp-json\/wp\/v2\/product\/11138\/revisions"}],"wp:featuredmedia":[{"embeddable":true,"href":"https:\/\/adcelectronique.com\/index.php\/wp-json\/wp\/v2\/media\/11139"}],"wp:attachment":[{"href":"https:\/\/adcelectronique.com\/index.php\/wp-json\/wp\/v2\/media?parent=11138"}],"wp:term":[{"taxonomy":"product_brand","embeddable":true,"href":"https:\/\/adcelectronique.com\/index.php\/wp-json\/wp\/v2\/product_brand?post=11138"},{"taxonomy":"product_cat","embeddable":true,"href":"https:\/\/adcelectronique.com\/index.php\/wp-json\/wp\/v2\/product_cat?post=11138"},{"taxonomy":"product_tag","embeddable":true,"href":"https:\/\/adcelectronique.com\/index.php\/wp-json\/wp\/v2\/product_tag?post=11138"}],"curies":[{"name":"wp","href":"https:\/\/api.w.org\/{rel}","templated":true}]}}