{"id":11143,"date":"2026-03-30T09:18:54","date_gmt":"2026-03-30T09:18:54","guid":{"rendered":"https:\/\/adcelectronique.com\/?post_type=product&#038;p=11143"},"modified":"2026-03-30T09:18:55","modified_gmt":"2026-03-30T09:18:55","slug":"sirene-exterieure-auto-alimente-teletek-sr-400","status":"publish","type":"product","link":"https:\/\/adcelectronique.com\/index.php\/product\/sirene-exterieure-auto-alimente-teletek-sr-400\/","title":{"rendered":"SIRENE EXTERIEURE AUTO-ALIMENTE TELETEK SR 400"},"content":{"rendered":"<h3>\u00a0 \u00a0 \u00a0 \u00a0 \u00a0 \u00a0 \u00a0 \u00a0 \u00a0 \u00a0 \u00a0 \u00a0 \u00a0 \u00a0 \u00a0 \u00a0 SIRENE EXTERIEURE AUTO-ALIMENTE TELETEK SR 400<\/h3>\n<h4><em>\u00a0DESCRIPTION<\/em><\/h4>\n<p data-start=\"277\" data-end=\"598\">La <strong data-start=\"280\" data-end=\"290\">SR 400<\/strong> est une <strong data-start=\"299\" data-end=\"327\">sir\u00e8ne ext\u00e9rieure piezzo<\/strong> \u00e9quip\u00e9e d\u2019un <strong data-start=\"341\" data-end=\"355\">flash bleu<\/strong> et de niveaux sonores s\u00e9lectionnables. Elle est con\u00e7ue pour alerter efficacement en cas d\u2019intrusion tout en offrant une protection renforc\u00e9e gr\u00e2ce \u00e0 son <strong data-start=\"509\" data-end=\"543\">bo\u00eetier int\u00e9rieur en plastique<\/strong> et \u00e0 sa <strong data-start=\"552\" data-end=\"597\">protection bidirectionnelle anti-sabotage<\/strong>.<\/p>\n<p data-start=\"600\" data-end=\"845\">La sir\u00e8ne est livr\u00e9e avec une <strong data-start=\"630\" data-end=\"660\">batterie NiMH 9V \/ 1100mAh<\/strong>, garantissant un fonctionnement autonome et fiable. Son <strong data-start=\"717\" data-end=\"735\">couvercle plat<\/strong> permet l\u2019apposition d\u2019un <strong data-start=\"761\" data-end=\"802\">logo ou autocollant de l\u2019installateur<\/strong>, combinant visibilit\u00e9 et personnalisation.<\/p>\n<hr data-start=\"847\" data-end=\"850\" \/>\n<h2 data-section-id=\"128riy1\" data-start=\"852\" data-end=\"883\">Caract\u00e9ristiques principales<\/h2>\n<ul data-start=\"884\" data-end=\"1279\">\n<li data-section-id=\"tgsdv\" data-start=\"884\" data-end=\"930\">Sir\u00e8ne ext\u00e9rieure <strong data-start=\"904\" data-end=\"914\">piezzo<\/strong> avec flash bleu<\/li>\n<li data-section-id=\"f8jmlu\" data-start=\"931\" data-end=\"964\">Niveaux sonores s\u00e9lectionnables<\/li>\n<li data-section-id=\"18by5m5\" data-start=\"965\" data-end=\"1023\">Bo\u00eetier int\u00e9rieur en plastique pour protection renforc\u00e9e<\/li>\n<li data-section-id=\"zawm3t\" data-start=\"1024\" data-end=\"1058\">Auto-protection bidirectionnelle<\/li>\n<li data-section-id=\"14h7fat\" data-start=\"1059\" data-end=\"1100\">Batterie int\u00e9gr\u00e9e <strong data-start=\"1079\" data-end=\"1100\">NiMH 9V \/ 1100mAh<\/strong><\/li>\n<li data-section-id=\"vmyzrm\" data-start=\"1101\" data-end=\"1170\">Couvercle plastique plat pour logo ou autocollant de l\u2019installateur<\/li>\n<li data-section-id=\"rswule\" data-start=\"1171\" data-end=\"1209\">Installation murale simple et rapide<\/li>\n<li data-section-id=\"e0yn44\" data-start=\"1210\" data-end=\"1279\">Solution id\u00e9ale pour habitations, commerces et sites professionnels<\/li>\n<\/ul>\n<hr data-start=\"1281\" data-end=\"1284\" \/>\n<h2 data-section-id=\"1ilt2zm\" data-start=\"1286\" data-end=\"1316\">Caract\u00e9ristiques techniques<\/h2>\n<ul data-start=\"1317\" data-end=\"1671\">\n<li data-section-id=\"17cn2jy\" data-start=\"1317\" data-end=\"1350\">Type : sir\u00e8ne ext\u00e9rieure piezzo<\/li>\n<li data-section-id=\"5wxsn\" data-start=\"1351\" data-end=\"1377\">Flash : LED bleu int\u00e9gr\u00e9<\/li>\n<li data-section-id=\"l0terh\" data-start=\"1378\" data-end=\"1428\">Puissance acoustique : r\u00e9glable \/ s\u00e9lectionnable<\/li>\n<li data-section-id=\"rsko7i\" data-start=\"1429\" data-end=\"1492\">Protection : bo\u00eetier int\u00e9rieur + anti-sabotage bidirectionnel<\/li>\n<li data-section-id=\"72swbr\" data-start=\"1493\" data-end=\"1536\">Alimentation : batterie NiMH 9V \/ 1100mAh<\/li>\n<li data-section-id=\"qsbn7k\" data-start=\"1537\" data-end=\"1572\">Mat\u00e9riau : plastique r\u00e9sistant UV<\/li>\n<li data-section-id=\"158qklu\" data-start=\"1573\" data-end=\"1603\">Installation : montage mural<\/li>\n<li data-section-id=\"qyawd2\" data-start=\"1604\" data-end=\"1671\">Dimensions : compact pour installation facile et personnalisation<\/li>\n<\/ul>\n<h2 data-section-id=\"14bu86z\" data-start=\"1678\" data-end=\"1694\"><\/h2>\n","protected":false},"excerpt":{"rendered":"<h4><em>DESCRIPTION<\/em><\/h4>\n<p data-start=\"277\" data-end=\"598\">La <strong data-start=\"280\" data-end=\"290\">SR 400<\/strong> est une <strong data-start=\"299\" data-end=\"327\">sir\u00e8ne ext\u00e9rieure piezzo<\/strong> \u00e9quip\u00e9e d\u2019un <strong data-start=\"341\" data-end=\"355\">flash bleu<\/strong> et de niveaux sonores s\u00e9lectionnables. Elle est con\u00e7ue pour alerter efficacement en cas d\u2019intrusion tout en offrant une protection renforc\u00e9e gr\u00e2ce \u00e0 son <strong data-start=\"509\" data-end=\"543\">bo\u00eetier int\u00e9rieur en plastique<\/strong> et \u00e0 sa <strong data-start=\"552\" data-end=\"597\">protection bidirectionnelle anti-sabotage<\/strong>.<\/p>\n<p data-start=\"600\" data-end=\"845\">La sir\u00e8ne est livr\u00e9e avec une <strong data-start=\"630\" data-end=\"660\">batterie NiMH 9V \/ 1100mAh<\/strong>, garantissant un fonctionnement autonome et fiable. Son <strong data-start=\"717\" data-end=\"735\">couvercle plat<\/strong> permet l\u2019apposition d\u2019un <strong data-start=\"761\" data-end=\"802\">logo ou autocollant de l\u2019installateur<\/strong>, combinant visibilit\u00e9 et personnalisation.<\/p>\n","protected":false},"featured_media":11144,"comment_status":"open","ping_status":"closed","template":"","meta":[],"product_brand":[149],"product_cat":[147],"product_tag":[],"class_list":{"0":"post-11143","1":"product","2":"type-product","3":"status-publish","4":"has-post-thumbnail","6":"product_brand-teletek","7":"product_cat-anti-intrusion","9":"first","10":"instock","11":"shipping-taxable","12":"product-type-simple"},"yoast_head":"<!-- This site is optimized with the Yoast SEO Premium plugin v26.2 (Yoast SEO v26.2) - https:\/\/yoast.com\/wordpress\/plugins\/seo\/ -->\n<title>SIRENE EXTERIEURE AUTO-ALIMENTE TELETEK SR 400 - ADC Electronique<\/title>\n<meta name=\"robots\" content=\"index, follow, max-snippet:-1, max-image-preview:large, max-video-preview:-1\" \/>\n<link rel=\"canonical\" href=\"https:\/\/adcelectronique.com\/index.php\/product\/sirene-exterieure-auto-alimente-teletek-sr-400\/\" \/>\n<meta property=\"og:locale\" content=\"fr_FR\" \/>\n<meta property=\"og:type\" content=\"article\" \/>\n<meta property=\"og:title\" content=\"SIRENE EXTERIEURE AUTO-ALIMENTE TELETEK SR 400\" \/>\n<meta property=\"og:description\" content=\"DESCRIPTION La SR 400 est une sir\u00e8ne ext\u00e9rieure piezzo \u00e9quip\u00e9e d\u2019un flash bleu et de niveaux sonores s\u00e9lectionnables. Elle est con\u00e7ue pour alerter efficacement en cas d\u2019intrusion tout en offrant une protection renforc\u00e9e gr\u00e2ce \u00e0 son bo\u00eetier int\u00e9rieur en plastique et \u00e0 sa protection bidirectionnelle anti-sabotage. La sir\u00e8ne est livr\u00e9e avec une batterie NiMH 9V \/ 1100mAh, garantissant un fonctionnement autonome et fiable. Son couvercle plat permet l\u2019apposition d\u2019un logo ou autocollant de l\u2019installateur, combinant visibilit\u00e9 et personnalisation.\" \/>\n<meta property=\"og:url\" content=\"https:\/\/adcelectronique.com\/index.php\/product\/sirene-exterieure-auto-alimente-teletek-sr-400\/\" \/>\n<meta property=\"og:site_name\" content=\"ADC Electronique\" \/>\n<meta property=\"article:modified_time\" content=\"2026-03-30T09:18:55+00:00\" \/>\n<meta property=\"og:image\" content=\"https:\/\/adcelectronique.com\/wp-content\/uploads\/2026\/03\/2ozSpeb9YzTcKTG5j7zYs01xDCTNb6m1Gr9vaniPLNB86YLxgZ3Iu02AZJxh3PGsjIIfcackVlZFnwn_rk0PzmrH6On7plRmw-F6GoWF_zW0dprWSnKqMMQYG8eOxtLoDAAqGRGkV60JCR2qIAyVRcr_GFiBgDHiY8dvFGX1lrU8_cCGIkbgkQzuBe7Bxz7v-scaled.jpg\" \/>\n\t<meta property=\"og:image:width\" content=\"2560\" \/>\n\t<meta property=\"og:image:height\" content=\"2560\" \/>\n\t<meta property=\"og:image:type\" content=\"image\/jpeg\" \/>\n<meta name=\"twitter:card\" content=\"summary_large_image\" \/>\n<meta name=\"twitter:label1\" content=\"Dur\u00e9e de lecture estim\u00e9e\" \/>\n\t<meta name=\"twitter:data1\" content=\"2 minutes\" \/>\n<script type=\"application\/ld+json\" class=\"yoast-schema-graph\">{\"@context\":\"https:\/\/schema.org\",\"@graph\":[{\"@type\":\"WebPage\",\"@id\":\"https:\/\/adcelectronique.com\/index.php\/product\/sirene-exterieure-auto-alimente-teletek-sr-400\/\",\"url\":\"https:\/\/adcelectronique.com\/index.php\/product\/sirene-exterieure-auto-alimente-teletek-sr-400\/\",\"name\":\"SIRENE EXTERIEURE AUTO-ALIMENTE TELETEK SR 400 - ADC Electronique\",\"isPartOf\":{\"@id\":\"https:\/\/adcelectronique.com\/#website\"},\"primaryImageOfPage\":{\"@id\":\"https:\/\/adcelectronique.com\/index.php\/product\/sirene-exterieure-auto-alimente-teletek-sr-400\/#primaryimage\"},\"image\":{\"@id\":\"https:\/\/adcelectronique.com\/index.php\/product\/sirene-exterieure-auto-alimente-teletek-sr-400\/#primaryimage\"},\"thumbnailUrl\":\"https:\/\/adcelectronique.com\/wp-content\/uploads\/2026\/03\/2ozSpeb9YzTcKTG5j7zYs01xDCTNb6m1Gr9vaniPLNB86YLxgZ3Iu02AZJxh3PGsjIIfcackVlZFnwn_rk0PzmrH6On7plRmw-F6GoWF_zW0dprWSnKqMMQYG8eOxtLoDAAqGRGkV60JCR2qIAyVRcr_GFiBgDHiY8dvFGX1lrU8_cCGIkbgkQzuBe7Bxz7v-scaled.jpg\",\"datePublished\":\"2026-03-30T09:18:54+00:00\",\"dateModified\":\"2026-03-30T09:18:55+00:00\",\"breadcrumb\":{\"@id\":\"https:\/\/adcelectronique.com\/index.php\/product\/sirene-exterieure-auto-alimente-teletek-sr-400\/#breadcrumb\"},\"inLanguage\":\"fr-FR\",\"potentialAction\":[{\"@type\":\"ReadAction\",\"target\":[\"https:\/\/adcelectronique.com\/index.php\/product\/sirene-exterieure-auto-alimente-teletek-sr-400\/\"]}]},{\"@type\":\"ImageObject\",\"inLanguage\":\"fr-FR\",\"@id\":\"https:\/\/adcelectronique.com\/index.php\/product\/sirene-exterieure-auto-alimente-teletek-sr-400\/#primaryimage\",\"url\":\"https:\/\/adcelectronique.com\/wp-content\/uploads\/2026\/03\/2ozSpeb9YzTcKTG5j7zYs01xDCTNb6m1Gr9vaniPLNB86YLxgZ3Iu02AZJxh3PGsjIIfcackVlZFnwn_rk0PzmrH6On7plRmw-F6GoWF_zW0dprWSnKqMMQYG8eOxtLoDAAqGRGkV60JCR2qIAyVRcr_GFiBgDHiY8dvFGX1lrU8_cCGIkbgkQzuBe7Bxz7v-scaled.jpg\",\"contentUrl\":\"https:\/\/adcelectronique.com\/wp-content\/uploads\/2026\/03\/2ozSpeb9YzTcKTG5j7zYs01xDCTNb6m1Gr9vaniPLNB86YLxgZ3Iu02AZJxh3PGsjIIfcackVlZFnwn_rk0PzmrH6On7plRmw-F6GoWF_zW0dprWSnKqMMQYG8eOxtLoDAAqGRGkV60JCR2qIAyVRcr_GFiBgDHiY8dvFGX1lrU8_cCGIkbgkQzuBe7Bxz7v-scaled.jpg\",\"width\":2560,\"height\":2560},{\"@type\":\"BreadcrumbList\",\"@id\":\"https:\/\/adcelectronique.com\/index.php\/product\/sirene-exterieure-auto-alimente-teletek-sr-400\/#breadcrumb\",\"itemListElement\":[{\"@type\":\"ListItem\",\"position\":1,\"name\":\"Home\",\"item\":\"https:\/\/adcelectronique.com\/\"},{\"@type\":\"ListItem\",\"position\":2,\"name\":\"Shop\",\"item\":\"https:\/\/adcelectronique.com\/index.php\/shop\/\"},{\"@type\":\"ListItem\",\"position\":3,\"name\":\"SIRENE EXTERIEURE AUTO-ALIMENTE TELETEK SR 400\"}]},{\"@type\":\"WebSite\",\"@id\":\"https:\/\/adcelectronique.com\/#website\",\"url\":\"https:\/\/adcelectronique.com\/\",\"name\":\"ADC Electronique\",\"description\":\"\",\"potentialAction\":[{\"@type\":\"SearchAction\",\"target\":{\"@type\":\"EntryPoint\",\"urlTemplate\":\"https:\/\/adcelectronique.com\/?s={search_term_string}\"},\"query-input\":{\"@type\":\"PropertyValueSpecification\",\"valueRequired\":true,\"valueName\":\"search_term_string\"}}],\"inLanguage\":\"fr-FR\"}]}<\/script>\n<!-- \/ Yoast SEO Premium plugin. -->","yoast_head_json":{"title":"SIRENE EXTERIEURE AUTO-ALIMENTE TELETEK SR 400 - ADC Electronique","robots":{"index":"index","follow":"follow","max-snippet":"max-snippet:-1","max-image-preview":"max-image-preview:large","max-video-preview":"max-video-preview:-1"},"canonical":"https:\/\/adcelectronique.com\/index.php\/product\/sirene-exterieure-auto-alimente-teletek-sr-400\/","og_locale":"fr_FR","og_type":"article","og_title":"SIRENE EXTERIEURE AUTO-ALIMENTE TELETEK SR 400","og_description":"DESCRIPTION La SR 400 est une sir\u00e8ne ext\u00e9rieure piezzo \u00e9quip\u00e9e d\u2019un flash bleu et de niveaux sonores s\u00e9lectionnables. Elle est con\u00e7ue pour alerter efficacement en cas d\u2019intrusion tout en offrant une protection renforc\u00e9e gr\u00e2ce \u00e0 son bo\u00eetier int\u00e9rieur en plastique et \u00e0 sa protection bidirectionnelle anti-sabotage. La sir\u00e8ne est livr\u00e9e avec une batterie NiMH 9V \/ 1100mAh, garantissant un fonctionnement autonome et fiable. Son couvercle plat permet l\u2019apposition d\u2019un logo ou autocollant de l\u2019installateur, combinant visibilit\u00e9 et personnalisation.","og_url":"https:\/\/adcelectronique.com\/index.php\/product\/sirene-exterieure-auto-alimente-teletek-sr-400\/","og_site_name":"ADC Electronique","article_modified_time":"2026-03-30T09:18:55+00:00","og_image":[{"width":2560,"height":2560,"url":"https:\/\/adcelectronique.com\/wp-content\/uploads\/2026\/03\/2ozSpeb9YzTcKTG5j7zYs01xDCTNb6m1Gr9vaniPLNB86YLxgZ3Iu02AZJxh3PGsjIIfcackVlZFnwn_rk0PzmrH6On7plRmw-F6GoWF_zW0dprWSnKqMMQYG8eOxtLoDAAqGRGkV60JCR2qIAyVRcr_GFiBgDHiY8dvFGX1lrU8_cCGIkbgkQzuBe7Bxz7v-scaled.jpg","type":"image\/jpeg"}],"twitter_card":"summary_large_image","twitter_misc":{"Dur\u00e9e de lecture estim\u00e9e":"2 minutes"},"schema":{"@context":"https:\/\/schema.org","@graph":[{"@type":"WebPage","@id":"https:\/\/adcelectronique.com\/index.php\/product\/sirene-exterieure-auto-alimente-teletek-sr-400\/","url":"https:\/\/adcelectronique.com\/index.php\/product\/sirene-exterieure-auto-alimente-teletek-sr-400\/","name":"SIRENE EXTERIEURE AUTO-ALIMENTE TELETEK SR 400 - ADC Electronique","isPartOf":{"@id":"https:\/\/adcelectronique.com\/#website"},"primaryImageOfPage":{"@id":"https:\/\/adcelectronique.com\/index.php\/product\/sirene-exterieure-auto-alimente-teletek-sr-400\/#primaryimage"},"image":{"@id":"https:\/\/adcelectronique.com\/index.php\/product\/sirene-exterieure-auto-alimente-teletek-sr-400\/#primaryimage"},"thumbnailUrl":"https:\/\/adcelectronique.com\/wp-content\/uploads\/2026\/03\/2ozSpeb9YzTcKTG5j7zYs01xDCTNb6m1Gr9vaniPLNB86YLxgZ3Iu02AZJxh3PGsjIIfcackVlZFnwn_rk0PzmrH6On7plRmw-F6GoWF_zW0dprWSnKqMMQYG8eOxtLoDAAqGRGkV60JCR2qIAyVRcr_GFiBgDHiY8dvFGX1lrU8_cCGIkbgkQzuBe7Bxz7v-scaled.jpg","datePublished":"2026-03-30T09:18:54+00:00","dateModified":"2026-03-30T09:18:55+00:00","breadcrumb":{"@id":"https:\/\/adcelectronique.com\/index.php\/product\/sirene-exterieure-auto-alimente-teletek-sr-400\/#breadcrumb"},"inLanguage":"fr-FR","potentialAction":[{"@type":"ReadAction","target":["https:\/\/adcelectronique.com\/index.php\/product\/sirene-exterieure-auto-alimente-teletek-sr-400\/"]}]},{"@type":"ImageObject","inLanguage":"fr-FR","@id":"https:\/\/adcelectronique.com\/index.php\/product\/sirene-exterieure-auto-alimente-teletek-sr-400\/#primaryimage","url":"https:\/\/adcelectronique.com\/wp-content\/uploads\/2026\/03\/2ozSpeb9YzTcKTG5j7zYs01xDCTNb6m1Gr9vaniPLNB86YLxgZ3Iu02AZJxh3PGsjIIfcackVlZFnwn_rk0PzmrH6On7plRmw-F6GoWF_zW0dprWSnKqMMQYG8eOxtLoDAAqGRGkV60JCR2qIAyVRcr_GFiBgDHiY8dvFGX1lrU8_cCGIkbgkQzuBe7Bxz7v-scaled.jpg","contentUrl":"https:\/\/adcelectronique.com\/wp-content\/uploads\/2026\/03\/2ozSpeb9YzTcKTG5j7zYs01xDCTNb6m1Gr9vaniPLNB86YLxgZ3Iu02AZJxh3PGsjIIfcackVlZFnwn_rk0PzmrH6On7plRmw-F6GoWF_zW0dprWSnKqMMQYG8eOxtLoDAAqGRGkV60JCR2qIAyVRcr_GFiBgDHiY8dvFGX1lrU8_cCGIkbgkQzuBe7Bxz7v-scaled.jpg","width":2560,"height":2560},{"@type":"BreadcrumbList","@id":"https:\/\/adcelectronique.com\/index.php\/product\/sirene-exterieure-auto-alimente-teletek-sr-400\/#breadcrumb","itemListElement":[{"@type":"ListItem","position":1,"name":"Home","item":"https:\/\/adcelectronique.com\/"},{"@type":"ListItem","position":2,"name":"Shop","item":"https:\/\/adcelectronique.com\/index.php\/shop\/"},{"@type":"ListItem","position":3,"name":"SIRENE EXTERIEURE AUTO-ALIMENTE TELETEK SR 400"}]},{"@type":"WebSite","@id":"https:\/\/adcelectronique.com\/#website","url":"https:\/\/adcelectronique.com\/","name":"ADC Electronique","description":"","potentialAction":[{"@type":"SearchAction","target":{"@type":"EntryPoint","urlTemplate":"https:\/\/adcelectronique.com\/?s={search_term_string}"},"query-input":{"@type":"PropertyValueSpecification","valueRequired":true,"valueName":"search_term_string"}}],"inLanguage":"fr-FR"}]}},"_links":{"self":[{"href":"https:\/\/adcelectronique.com\/index.php\/wp-json\/wp\/v2\/product\/11143","targetHints":{"allow":["GET"]}}],"collection":[{"href":"https:\/\/adcelectronique.com\/index.php\/wp-json\/wp\/v2\/product"}],"about":[{"href":"https:\/\/adcelectronique.com\/index.php\/wp-json\/wp\/v2\/types\/product"}],"replies":[{"embeddable":true,"href":"https:\/\/adcelectronique.com\/index.php\/wp-json\/wp\/v2\/comments?post=11143"}],"version-history":[{"count":0,"href":"https:\/\/adcelectronique.com\/index.php\/wp-json\/wp\/v2\/product\/11143\/revisions"}],"wp:featuredmedia":[{"embeddable":true,"href":"https:\/\/adcelectronique.com\/index.php\/wp-json\/wp\/v2\/media\/11144"}],"wp:attachment":[{"href":"https:\/\/adcelectronique.com\/index.php\/wp-json\/wp\/v2\/media?parent=11143"}],"wp:term":[{"taxonomy":"product_brand","embeddable":true,"href":"https:\/\/adcelectronique.com\/index.php\/wp-json\/wp\/v2\/product_brand?post=11143"},{"taxonomy":"product_cat","embeddable":true,"href":"https:\/\/adcelectronique.com\/index.php\/wp-json\/wp\/v2\/product_cat?post=11143"},{"taxonomy":"product_tag","embeddable":true,"href":"https:\/\/adcelectronique.com\/index.php\/wp-json\/wp\/v2\/product_tag?post=11143"}],"curies":[{"name":"wp","href":"https:\/\/api.w.org\/{rel}","templated":true}]}}