{"id":11146,"date":"2026-03-30T09:22:37","date_gmt":"2026-03-30T09:22:37","guid":{"rendered":"https:\/\/adcelectronique.com\/?post_type=product&#038;p=11146"},"modified":"2026-03-30T09:22:38","modified_gmt":"2026-03-30T09:22:38","slug":"sirene-interieur-teletek-sr-50","status":"publish","type":"product","link":"https:\/\/adcelectronique.com\/index.php\/product\/sirene-interieur-teletek-sr-50\/","title":{"rendered":"SIRENE INTERIEUR TELETEK SR 50"},"content":{"rendered":"<h3>\u00a0 \u00a0 \u00a0 \u00a0 \u00a0 \u00a0 \u00a0 \u00a0 \u00a0 \u00a0 \u00a0 \u00a0 \u00a0 \u00a0 \u00a0 \u00a0 \u00a0 \u00a0 \u00a0 \u00a0 \u00a0 \u00a0 \u00a0 \u00a0 \u00a0 \u00a0 \u00a0SIRENE INTERIEUR TELETEK SR 50<\/h3>\n<h4><em>\u00a0DESCRIPTION<\/em><\/h4>\n<p data-start=\"268\" data-end=\"577\">La <strong data-start=\"271\" data-end=\"279\">SR50<\/strong> est une <strong data-start=\"288\" data-end=\"318\">sir\u00e8ne d\u2019alarme int\u00e9rieure<\/strong> \u00e9quip\u00e9e d\u2019un <strong data-start=\"332\" data-end=\"350\">flash lumineux<\/strong> et d\u2019une entr\u00e9e pour connexion \u00e0 une centrale d\u2019alarme anti-intrusion. Con\u00e7ue pour une utilisation <strong data-start=\"450\" data-end=\"475\">int\u00e9rieure uniquement<\/strong>, elle offre une alerte sonore et visuelle efficace dans les habitations, bureaux ou petits commerces.<\/p>\n<p data-start=\"579\" data-end=\"784\">Avec sa <strong data-start=\"587\" data-end=\"606\">taille compacte<\/strong>, la SR50 s\u2019installe facilement sur des surfaces planes sans d\u00e9montage du bo\u00eetier. La fixation est simplifi\u00e9e gr\u00e2ce \u00e0 une <strong data-start=\"728\" data-end=\"741\">seule vis<\/strong>, permettant un montage rapide et s\u00e9curis\u00e9.<\/p>\n<hr data-start=\"786\" data-end=\"789\" \/>\n<h2 data-section-id=\"128riy1\" data-start=\"791\" data-end=\"822\">Caract\u00e9ristiques principales<\/h2>\n<ul data-start=\"823\" data-end=\"1133\">\n<li data-section-id=\"oq1trz\" data-start=\"823\" data-end=\"866\">Sir\u00e8ne int\u00e9rieure avec <strong data-start=\"848\" data-end=\"866\">flash lumineux<\/strong><\/li>\n<li data-section-id=\"1fyjtu3\" data-start=\"867\" data-end=\"929\">Entr\u00e9e pour connexion \u00e0 une centrale d\u2019alarme anti-intrusion<\/li>\n<li data-section-id=\"193iur1\" data-start=\"930\" data-end=\"971\">Installation simple sur surfaces planes<\/li>\n<li data-section-id=\"17uvoa9\" data-start=\"972\" data-end=\"1020\">Taille compacte adapt\u00e9e aux espaces int\u00e9rieurs<\/li>\n<li data-section-id=\"3vzf22\" data-start=\"1021\" data-end=\"1062\">Montage facile sans d\u00e9monter le bo\u00eetier<\/li>\n<li data-section-id=\"883mff\" data-start=\"1063\" data-end=\"1096\">Fixation avec <strong data-start=\"1079\" data-end=\"1096\">une seule vis<\/strong><\/li>\n<li data-section-id=\"ow8349\" data-start=\"1097\" data-end=\"1133\">Alerte sonore et visuelle efficace<\/li>\n<\/ul>\n<hr data-start=\"1135\" data-end=\"1138\" \/>\n<h2 data-section-id=\"1ilt2zm\" data-start=\"1140\" data-end=\"1170\">Caract\u00e9ristiques techniques<\/h2>\n<ul data-start=\"1171\" data-end=\"1466\">\n<li data-section-id=\"gruzuv\" data-start=\"1171\" data-end=\"1197\">Type : sir\u00e8ne int\u00e9rieure<\/li>\n<li data-section-id=\"9aa3jd\" data-start=\"1198\" data-end=\"1219\">Flash : LED int\u00e9gr\u00e9<\/li>\n<li data-section-id=\"sam5vi\" data-start=\"1220\" data-end=\"1269\">Alimentation : via centrale d\u2019alarme (filiaire)<\/li>\n<li data-section-id=\"6rjv01\" data-start=\"1270\" data-end=\"1310\">Installation : montage mural int\u00e9rieur<\/li>\n<li data-section-id=\"1r3dw4z\" data-start=\"1311\" data-end=\"1334\">Dimensions : compacte<\/li>\n<li data-section-id=\"52uxwk\" data-start=\"1335\" data-end=\"1389\">Utilisation : habitations, bureaux, petits commerces<\/li>\n<li data-section-id=\"11swsh1\" data-start=\"1390\" data-end=\"1433\">Montage : rapide et s\u00e9curis\u00e9, 1 seule vis<\/li>\n<li data-section-id=\"1imc3dv\" data-start=\"1434\" data-end=\"1466\">Mat\u00e9riau : plastique r\u00e9sistant<\/li>\n<\/ul>\n","protected":false},"excerpt":{"rendered":"<h4><em>\u00a0DESCRIPTION<\/em><\/h4>\n<p data-start=\"268\" data-end=\"577\">La <strong data-start=\"271\" data-end=\"279\">SR50<\/strong> est une <strong data-start=\"288\" data-end=\"318\">sir\u00e8ne d\u2019alarme int\u00e9rieure<\/strong> \u00e9quip\u00e9e d\u2019un <strong data-start=\"332\" data-end=\"350\">flash lumineux<\/strong> et d\u2019une entr\u00e9e pour connexion \u00e0 une centrale d\u2019alarme anti-intrusion. Con\u00e7ue pour une utilisation <strong data-start=\"450\" data-end=\"475\">int\u00e9rieure uniquement<\/strong>, elle offre une alerte sonore et visuelle efficace dans les habitations, bureaux ou petits commerces.<\/p>\n<p data-start=\"579\" data-end=\"784\">Avec sa <strong data-start=\"587\" data-end=\"606\">taille compacte<\/strong>, la SR50 s\u2019installe facilement sur des surfaces planes sans d\u00e9montage du bo\u00eetier. La fixation est simplifi\u00e9e gr\u00e2ce \u00e0 une <strong data-start=\"728\" data-end=\"741\">seule vis<\/strong>, permettant un montage rapide et s\u00e9curis\u00e9.<\/p>\n","protected":false},"featured_media":11147,"comment_status":"open","ping_status":"closed","template":"","meta":[],"product_brand":[149],"product_cat":[147],"product_tag":[],"class_list":{"0":"post-11146","1":"product","2":"type-product","3":"status-publish","4":"has-post-thumbnail","6":"product_brand-teletek","7":"product_cat-anti-intrusion","9":"first","10":"instock","11":"shipping-taxable","12":"product-type-simple"},"yoast_head":"<!-- This site is optimized with the Yoast SEO Premium plugin v26.2 (Yoast SEO v26.2) - https:\/\/yoast.com\/wordpress\/plugins\/seo\/ -->\n<title>SIRENE INTERIEUR TELETEK SR 50 - ADC Electronique<\/title>\n<meta name=\"robots\" content=\"index, follow, max-snippet:-1, max-image-preview:large, max-video-preview:-1\" \/>\n<link rel=\"canonical\" href=\"https:\/\/adcelectronique.com\/index.php\/product\/sirene-interieur-teletek-sr-50\/\" \/>\n<meta property=\"og:locale\" content=\"fr_FR\" \/>\n<meta property=\"og:type\" content=\"article\" \/>\n<meta property=\"og:title\" content=\"SIRENE INTERIEUR TELETEK SR 50\" \/>\n<meta property=\"og:description\" content=\"\u00a0DESCRIPTION La SR50 est une sir\u00e8ne d\u2019alarme int\u00e9rieure \u00e9quip\u00e9e d\u2019un flash lumineux et d\u2019une entr\u00e9e pour connexion \u00e0 une centrale d\u2019alarme anti-intrusion. Con\u00e7ue pour une utilisation int\u00e9rieure uniquement, elle offre une alerte sonore et visuelle efficace dans les habitations, bureaux ou petits commerces. Avec sa taille compacte, la SR50 s\u2019installe facilement sur des surfaces planes sans d\u00e9montage du bo\u00eetier. La fixation est simplifi\u00e9e gr\u00e2ce \u00e0 une seule vis, permettant un montage rapide et s\u00e9curis\u00e9.\" \/>\n<meta property=\"og:url\" content=\"https:\/\/adcelectronique.com\/index.php\/product\/sirene-interieur-teletek-sr-50\/\" \/>\n<meta property=\"og:site_name\" content=\"ADC Electronique\" \/>\n<meta property=\"article:modified_time\" content=\"2026-03-30T09:22:38+00:00\" \/>\n<meta property=\"og:image\" content=\"https:\/\/adcelectronique.com\/wp-content\/uploads\/2026\/03\/Xqij0t7xPtU8qHukqQaG-aZJ1c3U_77N1pg-8ZcdQZKdTYRj7pW045U1Vi5r80N7_Z845NZ8MbwI9S1_rD3Mgsoxdac-kHGHYFsMGvJXFv0zpS8h5bTzRujvJnBUluGLBD91xKast4x0MZsZCY-01j9Cvu9_B3FjIpuLYRH7dikfv0CSVzjpxIj0rC7E3hiG.jpg\" \/>\n\t<meta property=\"og:image:width\" content=\"800\" \/>\n\t<meta property=\"og:image:height\" content=\"800\" \/>\n\t<meta property=\"og:image:type\" content=\"image\/jpeg\" \/>\n<meta name=\"twitter:card\" content=\"summary_large_image\" \/>\n<meta name=\"twitter:label1\" content=\"Dur\u00e9e de lecture estim\u00e9e\" \/>\n\t<meta name=\"twitter:data1\" content=\"1 minute\" \/>\n<script type=\"application\/ld+json\" class=\"yoast-schema-graph\">{\"@context\":\"https:\/\/schema.org\",\"@graph\":[{\"@type\":\"WebPage\",\"@id\":\"https:\/\/adcelectronique.com\/index.php\/product\/sirene-interieur-teletek-sr-50\/\",\"url\":\"https:\/\/adcelectronique.com\/index.php\/product\/sirene-interieur-teletek-sr-50\/\",\"name\":\"SIRENE INTERIEUR TELETEK SR 50 - ADC Electronique\",\"isPartOf\":{\"@id\":\"https:\/\/adcelectronique.com\/#website\"},\"primaryImageOfPage\":{\"@id\":\"https:\/\/adcelectronique.com\/index.php\/product\/sirene-interieur-teletek-sr-50\/#primaryimage\"},\"image\":{\"@id\":\"https:\/\/adcelectronique.com\/index.php\/product\/sirene-interieur-teletek-sr-50\/#primaryimage\"},\"thumbnailUrl\":\"https:\/\/adcelectronique.com\/wp-content\/uploads\/2026\/03\/Xqij0t7xPtU8qHukqQaG-aZJ1c3U_77N1pg-8ZcdQZKdTYRj7pW045U1Vi5r80N7_Z845NZ8MbwI9S1_rD3Mgsoxdac-kHGHYFsMGvJXFv0zpS8h5bTzRujvJnBUluGLBD91xKast4x0MZsZCY-01j9Cvu9_B3FjIpuLYRH7dikfv0CSVzjpxIj0rC7E3hiG.jpg\",\"datePublished\":\"2026-03-30T09:22:37+00:00\",\"dateModified\":\"2026-03-30T09:22:38+00:00\",\"breadcrumb\":{\"@id\":\"https:\/\/adcelectronique.com\/index.php\/product\/sirene-interieur-teletek-sr-50\/#breadcrumb\"},\"inLanguage\":\"fr-FR\",\"potentialAction\":[{\"@type\":\"ReadAction\",\"target\":[\"https:\/\/adcelectronique.com\/index.php\/product\/sirene-interieur-teletek-sr-50\/\"]}]},{\"@type\":\"ImageObject\",\"inLanguage\":\"fr-FR\",\"@id\":\"https:\/\/adcelectronique.com\/index.php\/product\/sirene-interieur-teletek-sr-50\/#primaryimage\",\"url\":\"https:\/\/adcelectronique.com\/wp-content\/uploads\/2026\/03\/Xqij0t7xPtU8qHukqQaG-aZJ1c3U_77N1pg-8ZcdQZKdTYRj7pW045U1Vi5r80N7_Z845NZ8MbwI9S1_rD3Mgsoxdac-kHGHYFsMGvJXFv0zpS8h5bTzRujvJnBUluGLBD91xKast4x0MZsZCY-01j9Cvu9_B3FjIpuLYRH7dikfv0CSVzjpxIj0rC7E3hiG.jpg\",\"contentUrl\":\"https:\/\/adcelectronique.com\/wp-content\/uploads\/2026\/03\/Xqij0t7xPtU8qHukqQaG-aZJ1c3U_77N1pg-8ZcdQZKdTYRj7pW045U1Vi5r80N7_Z845NZ8MbwI9S1_rD3Mgsoxdac-kHGHYFsMGvJXFv0zpS8h5bTzRujvJnBUluGLBD91xKast4x0MZsZCY-01j9Cvu9_B3FjIpuLYRH7dikfv0CSVzjpxIj0rC7E3hiG.jpg\",\"width\":800,\"height\":800},{\"@type\":\"BreadcrumbList\",\"@id\":\"https:\/\/adcelectronique.com\/index.php\/product\/sirene-interieur-teletek-sr-50\/#breadcrumb\",\"itemListElement\":[{\"@type\":\"ListItem\",\"position\":1,\"name\":\"Home\",\"item\":\"https:\/\/adcelectronique.com\/\"},{\"@type\":\"ListItem\",\"position\":2,\"name\":\"Shop\",\"item\":\"https:\/\/adcelectronique.com\/index.php\/shop\/\"},{\"@type\":\"ListItem\",\"position\":3,\"name\":\"SIRENE INTERIEUR TELETEK SR 50\"}]},{\"@type\":\"WebSite\",\"@id\":\"https:\/\/adcelectronique.com\/#website\",\"url\":\"https:\/\/adcelectronique.com\/\",\"name\":\"ADC Electronique\",\"description\":\"\",\"potentialAction\":[{\"@type\":\"SearchAction\",\"target\":{\"@type\":\"EntryPoint\",\"urlTemplate\":\"https:\/\/adcelectronique.com\/?s={search_term_string}\"},\"query-input\":{\"@type\":\"PropertyValueSpecification\",\"valueRequired\":true,\"valueName\":\"search_term_string\"}}],\"inLanguage\":\"fr-FR\"}]}<\/script>\n<!-- \/ Yoast SEO Premium plugin. -->","yoast_head_json":{"title":"SIRENE INTERIEUR TELETEK SR 50 - ADC Electronique","robots":{"index":"index","follow":"follow","max-snippet":"max-snippet:-1","max-image-preview":"max-image-preview:large","max-video-preview":"max-video-preview:-1"},"canonical":"https:\/\/adcelectronique.com\/index.php\/product\/sirene-interieur-teletek-sr-50\/","og_locale":"fr_FR","og_type":"article","og_title":"SIRENE INTERIEUR TELETEK SR 50","og_description":"\u00a0DESCRIPTION La SR50 est une sir\u00e8ne d\u2019alarme int\u00e9rieure \u00e9quip\u00e9e d\u2019un flash lumineux et d\u2019une entr\u00e9e pour connexion \u00e0 une centrale d\u2019alarme anti-intrusion. Con\u00e7ue pour une utilisation int\u00e9rieure uniquement, elle offre une alerte sonore et visuelle efficace dans les habitations, bureaux ou petits commerces. Avec sa taille compacte, la SR50 s\u2019installe facilement sur des surfaces planes sans d\u00e9montage du bo\u00eetier. La fixation est simplifi\u00e9e gr\u00e2ce \u00e0 une seule vis, permettant un montage rapide et s\u00e9curis\u00e9.","og_url":"https:\/\/adcelectronique.com\/index.php\/product\/sirene-interieur-teletek-sr-50\/","og_site_name":"ADC Electronique","article_modified_time":"2026-03-30T09:22:38+00:00","og_image":[{"width":800,"height":800,"url":"https:\/\/adcelectronique.com\/wp-content\/uploads\/2026\/03\/Xqij0t7xPtU8qHukqQaG-aZJ1c3U_77N1pg-8ZcdQZKdTYRj7pW045U1Vi5r80N7_Z845NZ8MbwI9S1_rD3Mgsoxdac-kHGHYFsMGvJXFv0zpS8h5bTzRujvJnBUluGLBD91xKast4x0MZsZCY-01j9Cvu9_B3FjIpuLYRH7dikfv0CSVzjpxIj0rC7E3hiG.jpg","type":"image\/jpeg"}],"twitter_card":"summary_large_image","twitter_misc":{"Dur\u00e9e de lecture estim\u00e9e":"1 minute"},"schema":{"@context":"https:\/\/schema.org","@graph":[{"@type":"WebPage","@id":"https:\/\/adcelectronique.com\/index.php\/product\/sirene-interieur-teletek-sr-50\/","url":"https:\/\/adcelectronique.com\/index.php\/product\/sirene-interieur-teletek-sr-50\/","name":"SIRENE INTERIEUR TELETEK SR 50 - ADC Electronique","isPartOf":{"@id":"https:\/\/adcelectronique.com\/#website"},"primaryImageOfPage":{"@id":"https:\/\/adcelectronique.com\/index.php\/product\/sirene-interieur-teletek-sr-50\/#primaryimage"},"image":{"@id":"https:\/\/adcelectronique.com\/index.php\/product\/sirene-interieur-teletek-sr-50\/#primaryimage"},"thumbnailUrl":"https:\/\/adcelectronique.com\/wp-content\/uploads\/2026\/03\/Xqij0t7xPtU8qHukqQaG-aZJ1c3U_77N1pg-8ZcdQZKdTYRj7pW045U1Vi5r80N7_Z845NZ8MbwI9S1_rD3Mgsoxdac-kHGHYFsMGvJXFv0zpS8h5bTzRujvJnBUluGLBD91xKast4x0MZsZCY-01j9Cvu9_B3FjIpuLYRH7dikfv0CSVzjpxIj0rC7E3hiG.jpg","datePublished":"2026-03-30T09:22:37+00:00","dateModified":"2026-03-30T09:22:38+00:00","breadcrumb":{"@id":"https:\/\/adcelectronique.com\/index.php\/product\/sirene-interieur-teletek-sr-50\/#breadcrumb"},"inLanguage":"fr-FR","potentialAction":[{"@type":"ReadAction","target":["https:\/\/adcelectronique.com\/index.php\/product\/sirene-interieur-teletek-sr-50\/"]}]},{"@type":"ImageObject","inLanguage":"fr-FR","@id":"https:\/\/adcelectronique.com\/index.php\/product\/sirene-interieur-teletek-sr-50\/#primaryimage","url":"https:\/\/adcelectronique.com\/wp-content\/uploads\/2026\/03\/Xqij0t7xPtU8qHukqQaG-aZJ1c3U_77N1pg-8ZcdQZKdTYRj7pW045U1Vi5r80N7_Z845NZ8MbwI9S1_rD3Mgsoxdac-kHGHYFsMGvJXFv0zpS8h5bTzRujvJnBUluGLBD91xKast4x0MZsZCY-01j9Cvu9_B3FjIpuLYRH7dikfv0CSVzjpxIj0rC7E3hiG.jpg","contentUrl":"https:\/\/adcelectronique.com\/wp-content\/uploads\/2026\/03\/Xqij0t7xPtU8qHukqQaG-aZJ1c3U_77N1pg-8ZcdQZKdTYRj7pW045U1Vi5r80N7_Z845NZ8MbwI9S1_rD3Mgsoxdac-kHGHYFsMGvJXFv0zpS8h5bTzRujvJnBUluGLBD91xKast4x0MZsZCY-01j9Cvu9_B3FjIpuLYRH7dikfv0CSVzjpxIj0rC7E3hiG.jpg","width":800,"height":800},{"@type":"BreadcrumbList","@id":"https:\/\/adcelectronique.com\/index.php\/product\/sirene-interieur-teletek-sr-50\/#breadcrumb","itemListElement":[{"@type":"ListItem","position":1,"name":"Home","item":"https:\/\/adcelectronique.com\/"},{"@type":"ListItem","position":2,"name":"Shop","item":"https:\/\/adcelectronique.com\/index.php\/shop\/"},{"@type":"ListItem","position":3,"name":"SIRENE INTERIEUR TELETEK SR 50"}]},{"@type":"WebSite","@id":"https:\/\/adcelectronique.com\/#website","url":"https:\/\/adcelectronique.com\/","name":"ADC Electronique","description":"","potentialAction":[{"@type":"SearchAction","target":{"@type":"EntryPoint","urlTemplate":"https:\/\/adcelectronique.com\/?s={search_term_string}"},"query-input":{"@type":"PropertyValueSpecification","valueRequired":true,"valueName":"search_term_string"}}],"inLanguage":"fr-FR"}]}},"_links":{"self":[{"href":"https:\/\/adcelectronique.com\/index.php\/wp-json\/wp\/v2\/product\/11146","targetHints":{"allow":["GET"]}}],"collection":[{"href":"https:\/\/adcelectronique.com\/index.php\/wp-json\/wp\/v2\/product"}],"about":[{"href":"https:\/\/adcelectronique.com\/index.php\/wp-json\/wp\/v2\/types\/product"}],"replies":[{"embeddable":true,"href":"https:\/\/adcelectronique.com\/index.php\/wp-json\/wp\/v2\/comments?post=11146"}],"version-history":[{"count":0,"href":"https:\/\/adcelectronique.com\/index.php\/wp-json\/wp\/v2\/product\/11146\/revisions"}],"wp:featuredmedia":[{"embeddable":true,"href":"https:\/\/adcelectronique.com\/index.php\/wp-json\/wp\/v2\/media\/11147"}],"wp:attachment":[{"href":"https:\/\/adcelectronique.com\/index.php\/wp-json\/wp\/v2\/media?parent=11146"}],"wp:term":[{"taxonomy":"product_brand","embeddable":true,"href":"https:\/\/adcelectronique.com\/index.php\/wp-json\/wp\/v2\/product_brand?post=11146"},{"taxonomy":"product_cat","embeddable":true,"href":"https:\/\/adcelectronique.com\/index.php\/wp-json\/wp\/v2\/product_cat?post=11146"},{"taxonomy":"product_tag","embeddable":true,"href":"https:\/\/adcelectronique.com\/index.php\/wp-json\/wp\/v2\/product_tag?post=11146"}],"curies":[{"name":"wp","href":"https:\/\/api.w.org\/{rel}","templated":true}]}}