{"id":11151,"date":"2026-03-30T09:26:42","date_gmt":"2026-03-30T09:26:42","guid":{"rendered":"https:\/\/adcelectronique.com\/?post_type=product&#038;p=11151"},"modified":"2026-03-30T09:26:43","modified_gmt":"2026-03-30T09:26:43","slug":"sirene-interieur-teletek-sr-110","status":"publish","type":"product","link":"https:\/\/adcelectronique.com\/index.php\/product\/sirene-interieur-teletek-sr-110\/","title":{"rendered":"SIRENE INTERIEUR TELETEK SR 110"},"content":{"rendered":"<h3>\u00a0 \u00a0 \u00a0 \u00a0 \u00a0 \u00a0 \u00a0 \u00a0 \u00a0 \u00a0 \u00a0 \u00a0 \u00a0 \u00a0 \u00a0 \u00a0 \u00a0 \u00a0 \u00a0 \u00a0 \u00a0 \u00a0 \u00a0 \u00a0 \u00a0 \u00a0 \u00a0 \u00a0 \u00a0 SIRENE INTERIEUR TELETEK SR 110<\/h3>\n<h4><em>\u00a0DESCRIPTION<\/em><\/h4>\n<p data-start=\"284\" data-end=\"541\">La <strong data-start=\"287\" data-end=\"297\">SR 110<\/strong> est une <strong data-start=\"306\" data-end=\"333\">sir\u00e8ne int\u00e9rieure pi\u00e9zo<\/strong> con\u00e7ue pour les syst\u00e8mes d\u2019alarme anti-intrusion. Elle fournit une alerte sonore puissante et fiable dans les habitations, bureaux ou commerces. Son design compact permet une installation discr\u00e8te et simple.<\/p>\n<hr data-start=\"543\" data-end=\"546\" \/>\n<h2 data-section-id=\"128riy1\" data-start=\"548\" data-end=\"579\">Caract\u00e9ristiques principales<\/h2>\n<ul data-start=\"580\" data-end=\"939\">\n<li data-section-id=\"wahsod\" data-start=\"580\" data-end=\"632\">Sir\u00e8ne int\u00e9rieure <strong data-start=\"600\" data-end=\"609\">pi\u00e9zo<\/strong> pour syst\u00e8mes d\u2019alarme<\/li>\n<li data-section-id=\"1pv8ogm\" data-start=\"633\" data-end=\"670\">Puissance sonore : <strong data-start=\"654\" data-end=\"670\">100 dB \u00e0 1 m<\/strong><\/li>\n<li data-section-id=\"6upq0w\" data-start=\"671\" data-end=\"706\">Fr\u00e9quence de base : 2,5 \u2013 3 kHz<\/li>\n<li data-section-id=\"1enq8je\" data-start=\"707\" data-end=\"741\">Fr\u00e9quence de modulation : 3,2 Hz<\/li>\n<li data-section-id=\"1lu0q9c\" data-start=\"742\" data-end=\"784\">Tension de fonctionnement : 10 \u2013 14 V DC<\/li>\n<li data-section-id=\"1q94cb4\" data-start=\"785\" data-end=\"817\">Consommation maximale : 270 mA<\/li>\n<li data-section-id=\"1ocl5sl\" data-start=\"818\" data-end=\"865\">Temp\u00e9rature de fonctionnement : -25\u00b0C \u2026 +55\u00b0C<\/li>\n<li data-section-id=\"q7sspr\" data-start=\"866\" data-end=\"907\">Dimensions compactes : 155 \u00d7 92 \u00d7 41 mm<\/li>\n<li data-section-id=\"1qtw2cg\" data-start=\"908\" data-end=\"939\">Installation simple et rapide<\/li>\n<\/ul>\n<hr data-start=\"941\" data-end=\"944\" \/>\n<h2 data-section-id=\"1ilt2zm\" data-start=\"946\" data-end=\"976\">Caract\u00e9ristiques techniques<\/h2>\n<div class=\"TyagGW_tableContainer\">\n<div class=\"group TyagGW_tableWrapper flex flex-col-reverse w-fit\">\n<table class=\"w-fit min-w-(--thread-content-width)\" data-start=\"977\" data-end=\"1373\">\n<thead data-start=\"977\" data-end=\"999\">\n<tr data-start=\"977\" data-end=\"999\">\n<th class=\"\" data-start=\"977\" data-end=\"989\" data-col-size=\"sm\">Param\u00e8tre<\/th>\n<th class=\"\" data-start=\"989\" data-end=\"999\" data-col-size=\"sm\">Valeur<\/th>\n<\/tr>\n<\/thead>\n<tbody data-start=\"1023\" data-end=\"1373\">\n<tr data-start=\"1023\" data-end=\"1057\">\n<td data-start=\"1023\" data-end=\"1030\" data-col-size=\"sm\">Type<\/td>\n<td data-start=\"1030\" data-end=\"1057\" data-col-size=\"sm\">Sir\u00e8ne int\u00e9rieure pi\u00e9zo<\/td>\n<\/tr>\n<tr data-start=\"1058\" data-end=\"1095\">\n<td data-start=\"1058\" data-end=\"1081\" data-col-size=\"sm\">Puissance acoustique<\/td>\n<td data-start=\"1081\" data-end=\"1095\" data-col-size=\"sm\">100 dB \/ m<\/td>\n<\/tr>\n<tr data-start=\"1096\" data-end=\"1131\">\n<td data-start=\"1096\" data-end=\"1116\" data-col-size=\"sm\">Fr\u00e9quence de base<\/td>\n<td data-start=\"1116\" data-end=\"1131\" data-col-size=\"sm\">2,5 \u2013 3 kHz<\/td>\n<\/tr>\n<tr data-start=\"1132\" data-end=\"1168\">\n<td data-start=\"1132\" data-end=\"1158\" data-col-size=\"sm\">Fr\u00e9quence de modulation<\/td>\n<td data-start=\"1158\" data-end=\"1168\" data-col-size=\"sm\">3,2 Hz<\/td>\n<\/tr>\n<tr data-start=\"1169\" data-end=\"1213\">\n<td data-start=\"1169\" data-end=\"1197\" data-col-size=\"sm\">Tension de fonctionnement<\/td>\n<td data-col-size=\"sm\" data-start=\"1197\" data-end=\"1213\">10 \u2013 14 V DC<\/td>\n<\/tr>\n<tr data-start=\"1214\" data-end=\"1255\">\n<td data-start=\"1214\" data-end=\"1240\" data-col-size=\"sm\">Courant de consommation<\/td>\n<td data-start=\"1240\" data-end=\"1255\" data-col-size=\"sm\">Max. 270 mA<\/td>\n<\/tr>\n<tr data-start=\"1256\" data-end=\"1305\">\n<td data-start=\"1256\" data-end=\"1288\" data-col-size=\"sm\">Temp\u00e9rature de fonctionnement<\/td>\n<td data-col-size=\"sm\" data-start=\"1288\" data-end=\"1305\">-25\u00b0C \u2026 +55\u00b0C<\/td>\n<\/tr>\n<tr data-start=\"1306\" data-end=\"1339\">\n<td data-start=\"1306\" data-end=\"1319\" data-col-size=\"sm\">Dimensions<\/td>\n<td data-start=\"1319\" data-end=\"1339\" data-col-size=\"sm\">155 \u00d7 92 \u00d7 41 mm<\/td>\n<\/tr>\n<tr data-start=\"1340\" data-end=\"1373\">\n<td data-start=\"1340\" data-end=\"1350\" data-col-size=\"sm\">Montage<\/td>\n<td data-start=\"1350\" data-end=\"1373\" data-col-size=\"sm\">Murale \/ int\u00e9rieure<\/td>\n<\/tr>\n<\/tbody>\n<\/table>\n<\/div>\n<\/div>\n","protected":false},"excerpt":{"rendered":"<h4><em>\u00a0DESCRIPTION<\/em><\/h4>\n<p data-start=\"284\" data-end=\"541\">La <strong data-start=\"287\" data-end=\"297\">SR 110<\/strong> est une <strong data-start=\"306\" data-end=\"333\">sir\u00e8ne int\u00e9rieure pi\u00e9zo<\/strong> con\u00e7ue pour les syst\u00e8mes d\u2019alarme anti-intrusion. Elle fournit une alerte sonore puissante et fiable dans les habitations, bureaux ou commerces. Son design compact permet une installation discr\u00e8te et simple.<\/p>\n","protected":false},"featured_media":11152,"comment_status":"open","ping_status":"closed","template":"","meta":[],"product_brand":[149],"product_cat":[147],"product_tag":[],"class_list":{"0":"post-11151","1":"product","2":"type-product","3":"status-publish","4":"has-post-thumbnail","6":"product_brand-teletek","7":"product_cat-anti-intrusion","9":"first","10":"outofstock","11":"shipping-taxable","12":"product-type-simple"},"yoast_head":"<!-- This site is optimized with the Yoast SEO Premium plugin v26.2 (Yoast SEO v26.2) - https:\/\/yoast.com\/wordpress\/plugins\/seo\/ -->\n<title>SIRENE INTERIEUR TELETEK SR 110 - ADC Electronique<\/title>\n<meta name=\"robots\" content=\"index, follow, max-snippet:-1, max-image-preview:large, max-video-preview:-1\" \/>\n<link rel=\"canonical\" href=\"https:\/\/adcelectronique.com\/index.php\/product\/sirene-interieur-teletek-sr-110\/\" \/>\n<meta property=\"og:locale\" content=\"fr_FR\" \/>\n<meta property=\"og:type\" content=\"article\" \/>\n<meta property=\"og:title\" content=\"SIRENE INTERIEUR TELETEK SR 110\" \/>\n<meta property=\"og:description\" content=\"\u00a0DESCRIPTION La SR 110 est une sir\u00e8ne int\u00e9rieure pi\u00e9zo con\u00e7ue pour les syst\u00e8mes d\u2019alarme anti-intrusion. Elle fournit une alerte sonore puissante et fiable dans les habitations, bureaux ou commerces. Son design compact permet une installation discr\u00e8te et simple.\" \/>\n<meta property=\"og:url\" content=\"https:\/\/adcelectronique.com\/index.php\/product\/sirene-interieur-teletek-sr-110\/\" \/>\n<meta property=\"og:site_name\" content=\"ADC Electronique\" \/>\n<meta property=\"article:modified_time\" content=\"2026-03-30T09:26:43+00:00\" \/>\n<meta property=\"og:image\" content=\"https:\/\/adcelectronique.com\/wp-content\/uploads\/2026\/03\/1575031511821bd42e271b28b53cc644.jpg\" \/>\n\t<meta property=\"og:image:width\" content=\"629\" \/>\n\t<meta property=\"og:image:height\" content=\"629\" \/>\n\t<meta property=\"og:image:type\" content=\"image\/jpeg\" \/>\n<meta name=\"twitter:card\" content=\"summary_large_image\" \/>\n<meta name=\"twitter:label1\" content=\"Dur\u00e9e de lecture estim\u00e9e\" \/>\n\t<meta name=\"twitter:data1\" content=\"1 minute\" \/>\n<script type=\"application\/ld+json\" class=\"yoast-schema-graph\">{\"@context\":\"https:\/\/schema.org\",\"@graph\":[{\"@type\":\"WebPage\",\"@id\":\"https:\/\/adcelectronique.com\/index.php\/product\/sirene-interieur-teletek-sr-110\/\",\"url\":\"https:\/\/adcelectronique.com\/index.php\/product\/sirene-interieur-teletek-sr-110\/\",\"name\":\"SIRENE INTERIEUR TELETEK SR 110 - ADC Electronique\",\"isPartOf\":{\"@id\":\"https:\/\/adcelectronique.com\/#website\"},\"primaryImageOfPage\":{\"@id\":\"https:\/\/adcelectronique.com\/index.php\/product\/sirene-interieur-teletek-sr-110\/#primaryimage\"},\"image\":{\"@id\":\"https:\/\/adcelectronique.com\/index.php\/product\/sirene-interieur-teletek-sr-110\/#primaryimage\"},\"thumbnailUrl\":\"https:\/\/adcelectronique.com\/wp-content\/uploads\/2026\/03\/1575031511821bd42e271b28b53cc644.jpg\",\"datePublished\":\"2026-03-30T09:26:42+00:00\",\"dateModified\":\"2026-03-30T09:26:43+00:00\",\"breadcrumb\":{\"@id\":\"https:\/\/adcelectronique.com\/index.php\/product\/sirene-interieur-teletek-sr-110\/#breadcrumb\"},\"inLanguage\":\"fr-FR\",\"potentialAction\":[{\"@type\":\"ReadAction\",\"target\":[\"https:\/\/adcelectronique.com\/index.php\/product\/sirene-interieur-teletek-sr-110\/\"]}]},{\"@type\":\"ImageObject\",\"inLanguage\":\"fr-FR\",\"@id\":\"https:\/\/adcelectronique.com\/index.php\/product\/sirene-interieur-teletek-sr-110\/#primaryimage\",\"url\":\"https:\/\/adcelectronique.com\/wp-content\/uploads\/2026\/03\/1575031511821bd42e271b28b53cc644.jpg\",\"contentUrl\":\"https:\/\/adcelectronique.com\/wp-content\/uploads\/2026\/03\/1575031511821bd42e271b28b53cc644.jpg\",\"width\":629,\"height\":629},{\"@type\":\"BreadcrumbList\",\"@id\":\"https:\/\/adcelectronique.com\/index.php\/product\/sirene-interieur-teletek-sr-110\/#breadcrumb\",\"itemListElement\":[{\"@type\":\"ListItem\",\"position\":1,\"name\":\"Home\",\"item\":\"https:\/\/adcelectronique.com\/\"},{\"@type\":\"ListItem\",\"position\":2,\"name\":\"Shop\",\"item\":\"https:\/\/adcelectronique.com\/index.php\/shop\/\"},{\"@type\":\"ListItem\",\"position\":3,\"name\":\"SIRENE INTERIEUR TELETEK SR 110\"}]},{\"@type\":\"WebSite\",\"@id\":\"https:\/\/adcelectronique.com\/#website\",\"url\":\"https:\/\/adcelectronique.com\/\",\"name\":\"ADC Electronique\",\"description\":\"\",\"potentialAction\":[{\"@type\":\"SearchAction\",\"target\":{\"@type\":\"EntryPoint\",\"urlTemplate\":\"https:\/\/adcelectronique.com\/?s={search_term_string}\"},\"query-input\":{\"@type\":\"PropertyValueSpecification\",\"valueRequired\":true,\"valueName\":\"search_term_string\"}}],\"inLanguage\":\"fr-FR\"}]}<\/script>\n<!-- \/ Yoast SEO Premium plugin. -->","yoast_head_json":{"title":"SIRENE INTERIEUR TELETEK SR 110 - ADC Electronique","robots":{"index":"index","follow":"follow","max-snippet":"max-snippet:-1","max-image-preview":"max-image-preview:large","max-video-preview":"max-video-preview:-1"},"canonical":"https:\/\/adcelectronique.com\/index.php\/product\/sirene-interieur-teletek-sr-110\/","og_locale":"fr_FR","og_type":"article","og_title":"SIRENE INTERIEUR TELETEK SR 110","og_description":"\u00a0DESCRIPTION La SR 110 est une sir\u00e8ne int\u00e9rieure pi\u00e9zo con\u00e7ue pour les syst\u00e8mes d\u2019alarme anti-intrusion. Elle fournit une alerte sonore puissante et fiable dans les habitations, bureaux ou commerces. Son design compact permet une installation discr\u00e8te et simple.","og_url":"https:\/\/adcelectronique.com\/index.php\/product\/sirene-interieur-teletek-sr-110\/","og_site_name":"ADC Electronique","article_modified_time":"2026-03-30T09:26:43+00:00","og_image":[{"width":629,"height":629,"url":"https:\/\/adcelectronique.com\/wp-content\/uploads\/2026\/03\/1575031511821bd42e271b28b53cc644.jpg","type":"image\/jpeg"}],"twitter_card":"summary_large_image","twitter_misc":{"Dur\u00e9e de lecture estim\u00e9e":"1 minute"},"schema":{"@context":"https:\/\/schema.org","@graph":[{"@type":"WebPage","@id":"https:\/\/adcelectronique.com\/index.php\/product\/sirene-interieur-teletek-sr-110\/","url":"https:\/\/adcelectronique.com\/index.php\/product\/sirene-interieur-teletek-sr-110\/","name":"SIRENE INTERIEUR TELETEK SR 110 - ADC Electronique","isPartOf":{"@id":"https:\/\/adcelectronique.com\/#website"},"primaryImageOfPage":{"@id":"https:\/\/adcelectronique.com\/index.php\/product\/sirene-interieur-teletek-sr-110\/#primaryimage"},"image":{"@id":"https:\/\/adcelectronique.com\/index.php\/product\/sirene-interieur-teletek-sr-110\/#primaryimage"},"thumbnailUrl":"https:\/\/adcelectronique.com\/wp-content\/uploads\/2026\/03\/1575031511821bd42e271b28b53cc644.jpg","datePublished":"2026-03-30T09:26:42+00:00","dateModified":"2026-03-30T09:26:43+00:00","breadcrumb":{"@id":"https:\/\/adcelectronique.com\/index.php\/product\/sirene-interieur-teletek-sr-110\/#breadcrumb"},"inLanguage":"fr-FR","potentialAction":[{"@type":"ReadAction","target":["https:\/\/adcelectronique.com\/index.php\/product\/sirene-interieur-teletek-sr-110\/"]}]},{"@type":"ImageObject","inLanguage":"fr-FR","@id":"https:\/\/adcelectronique.com\/index.php\/product\/sirene-interieur-teletek-sr-110\/#primaryimage","url":"https:\/\/adcelectronique.com\/wp-content\/uploads\/2026\/03\/1575031511821bd42e271b28b53cc644.jpg","contentUrl":"https:\/\/adcelectronique.com\/wp-content\/uploads\/2026\/03\/1575031511821bd42e271b28b53cc644.jpg","width":629,"height":629},{"@type":"BreadcrumbList","@id":"https:\/\/adcelectronique.com\/index.php\/product\/sirene-interieur-teletek-sr-110\/#breadcrumb","itemListElement":[{"@type":"ListItem","position":1,"name":"Home","item":"https:\/\/adcelectronique.com\/"},{"@type":"ListItem","position":2,"name":"Shop","item":"https:\/\/adcelectronique.com\/index.php\/shop\/"},{"@type":"ListItem","position":3,"name":"SIRENE INTERIEUR TELETEK SR 110"}]},{"@type":"WebSite","@id":"https:\/\/adcelectronique.com\/#website","url":"https:\/\/adcelectronique.com\/","name":"ADC Electronique","description":"","potentialAction":[{"@type":"SearchAction","target":{"@type":"EntryPoint","urlTemplate":"https:\/\/adcelectronique.com\/?s={search_term_string}"},"query-input":{"@type":"PropertyValueSpecification","valueRequired":true,"valueName":"search_term_string"}}],"inLanguage":"fr-FR"}]}},"_links":{"self":[{"href":"https:\/\/adcelectronique.com\/index.php\/wp-json\/wp\/v2\/product\/11151","targetHints":{"allow":["GET"]}}],"collection":[{"href":"https:\/\/adcelectronique.com\/index.php\/wp-json\/wp\/v2\/product"}],"about":[{"href":"https:\/\/adcelectronique.com\/index.php\/wp-json\/wp\/v2\/types\/product"}],"replies":[{"embeddable":true,"href":"https:\/\/adcelectronique.com\/index.php\/wp-json\/wp\/v2\/comments?post=11151"}],"version-history":[{"count":0,"href":"https:\/\/adcelectronique.com\/index.php\/wp-json\/wp\/v2\/product\/11151\/revisions"}],"wp:featuredmedia":[{"embeddable":true,"href":"https:\/\/adcelectronique.com\/index.php\/wp-json\/wp\/v2\/media\/11152"}],"wp:attachment":[{"href":"https:\/\/adcelectronique.com\/index.php\/wp-json\/wp\/v2\/media?parent=11151"}],"wp:term":[{"taxonomy":"product_brand","embeddable":true,"href":"https:\/\/adcelectronique.com\/index.php\/wp-json\/wp\/v2\/product_brand?post=11151"},{"taxonomy":"product_cat","embeddable":true,"href":"https:\/\/adcelectronique.com\/index.php\/wp-json\/wp\/v2\/product_cat?post=11151"},{"taxonomy":"product_tag","embeddable":true,"href":"https:\/\/adcelectronique.com\/index.php\/wp-json\/wp\/v2\/product_tag?post=11151"}],"curies":[{"name":"wp","href":"https:\/\/api.w.org\/{rel}","templated":true}]}}