{"id":11154,"date":"2026-03-30T09:32:54","date_gmt":"2026-03-30T09:32:54","guid":{"rendered":"https:\/\/adcelectronique.com\/?post_type=product&#038;p=11154"},"modified":"2026-03-30T09:32:55","modified_gmt":"2026-03-30T09:32:55","slug":"detecteur-infra-rouge-titan-simple","status":"publish","type":"product","link":"https:\/\/adcelectronique.com\/index.php\/product\/detecteur-infra-rouge-titan-simple\/","title":{"rendered":"DETECTEUR INFRA-ROUGE TITAN SIMPLE"},"content":{"rendered":"<h3>\u00a0 \u00a0 \u00a0 \u00a0 \u00a0 \u00a0 \u00a0 \u00a0 \u00a0 \u00a0 \u00a0 \u00a0 \u00a0 \u00a0 \u00a0 \u00a0 \u00a0 \u00a0 \u00a0 \u00a0 \u00a0 \u00a0 \u00a0 \u00a0 DETECTEUR INFRA-ROUGE TITAN SIMPLE<\/h3>\n<h4><em>\u00a0DESCRIPTION<\/em><\/h4>\n<p data-start=\"307\" data-end=\"518\">Le <strong data-start=\"310\" data-end=\"322\">TITAN AG<\/strong> est un <strong data-start=\"330\" data-end=\"354\">d\u00e9tecteur infrarouge<\/strong> \u00e9quip\u00e9 d\u2019une <strong data-start=\"368\" data-end=\"392\">lentille cylindrique<\/strong> optimis\u00e9e pour une <strong data-start=\"412\" data-end=\"443\">d\u00e9tection pr\u00e9cise et fiable<\/strong> dans des environnements commerciaux ou administratifs de taille moyenne.<\/p>\n<p data-start=\"520\" data-end=\"753\">Fabriqu\u00e9 par <strong data-start=\"533\" data-end=\"556\">Teletek Electronics<\/strong>, ce dispositif r\u00e9pond aux exigences de s\u00e9curit\u00e9 professionnelle gr\u00e2ce \u00e0 sa <strong data-start=\"632\" data-end=\"677\">certification EN50131, Grade 2, Classe II<\/strong>, garantissant un haut niveau de fiabilit\u00e9 pour les installations sensibles.<\/p>\n<hr data-start=\"755\" data-end=\"758\" \/>\n<h2 data-section-id=\"128riy1\" data-start=\"760\" data-end=\"791\">Caract\u00e9ristiques principales<\/h2>\n<ul data-start=\"792\" data-end=\"1144\">\n<li data-section-id=\"okneii\" data-start=\"792\" data-end=\"868\">D\u00e9tecteur infrarouge pour environnements <strong data-start=\"835\" data-end=\"868\">commerciaux et administratifs<\/strong><\/li>\n<li data-section-id=\"1sostj8\" data-start=\"869\" data-end=\"915\">Lentille cylindrique pour d\u00e9tection optimale<\/li>\n<li data-section-id=\"1s8mg7n\" data-start=\"916\" data-end=\"946\">Haute fiabilit\u00e9 et pr\u00e9cision<\/li>\n<li data-section-id=\"1a2z58q\" data-start=\"947\" data-end=\"989\">Installation facile sur murs ou plafonds<\/li>\n<li data-section-id=\"2kanzq\" data-start=\"990\" data-end=\"1030\">Certifi\u00e9 <strong data-start=\"1001\" data-end=\"1030\">EN50131 Grade 2 Classe II<\/strong><\/li>\n<li data-section-id=\"5a9rt6\" data-start=\"1031\" data-end=\"1079\">Adapt\u00e9 aux syst\u00e8mes de s\u00e9curit\u00e9 professionnels<\/li>\n<li data-section-id=\"1snpq3q\" data-start=\"1080\" data-end=\"1144\">Id\u00e9al pour bureaux, commerces et installations administratives<\/li>\n<\/ul>\n<hr data-start=\"1146\" data-end=\"1149\" \/>\n<h2 data-section-id=\"1ilt2zm\" data-start=\"1151\" data-end=\"1181\">Caract\u00e9ristiques techniques<\/h2>\n<div class=\"TyagGW_tableContainer\">\n<div class=\"group TyagGW_tableWrapper flex flex-col-reverse w-fit\">\n<table class=\"w-fit min-w-(--thread-content-width)\" data-start=\"1182\" data-end=\"1526\">\n<thead data-start=\"1182\" data-end=\"1204\">\n<tr data-start=\"1182\" data-end=\"1204\">\n<th class=\"\" data-start=\"1182\" data-end=\"1194\" data-col-size=\"sm\">Param\u00e8tre<\/th>\n<th class=\"\" data-start=\"1194\" data-end=\"1204\" data-col-size=\"md\">Valeur<\/th>\n<\/tr>\n<\/thead>\n<tbody data-start=\"1228\" data-end=\"1526\">\n<tr data-start=\"1228\" data-end=\"1272\">\n<td data-start=\"1228\" data-end=\"1235\" data-col-size=\"sm\">Type<\/td>\n<td data-start=\"1235\" data-end=\"1272\" data-col-size=\"md\">D\u00e9tecteur infrarouge passif (PIR)<\/td>\n<\/tr>\n<tr data-start=\"1273\" data-end=\"1299\">\n<td data-start=\"1273\" data-end=\"1284\" data-col-size=\"sm\">Lentille<\/td>\n<td data-start=\"1284\" data-end=\"1299\" data-col-size=\"md\">Cylindrique<\/td>\n<\/tr>\n<tr data-start=\"1300\" data-end=\"1367\">\n<td data-start=\"1300\" data-end=\"1321\" data-col-size=\"sm\">Zone de couverture<\/td>\n<td data-start=\"1321\" data-end=\"1367\" data-col-size=\"md\">Moyenne (adapt\u00e9e aux bureaux et commerces)<\/td>\n<\/tr>\n<tr data-start=\"1368\" data-end=\"1413\">\n<td data-start=\"1368\" data-end=\"1384\" data-col-size=\"sm\">Certification<\/td>\n<td data-start=\"1384\" data-end=\"1413\" data-col-size=\"md\">EN50131 Grade 2 Classe II<\/td>\n<\/tr>\n<tr data-start=\"1414\" data-end=\"1450\">\n<td data-start=\"1414\" data-end=\"1429\" data-col-size=\"sm\">Installation<\/td>\n<td data-start=\"1429\" data-end=\"1450\" data-col-size=\"md\">Murale ou plafond<\/td>\n<\/tr>\n<tr data-start=\"1451\" data-end=\"1490\">\n<td data-start=\"1451\" data-end=\"1459\" data-col-size=\"sm\">Usage<\/td>\n<td data-start=\"1459\" data-end=\"1490\" data-col-size=\"md\">Commercial et administratif<\/td>\n<\/tr>\n<tr data-start=\"1491\" data-end=\"1526\">\n<td data-start=\"1491\" data-end=\"1503\" data-col-size=\"sm\">Fabricant<\/td>\n<td data-start=\"1503\" data-end=\"1526\" data-col-size=\"md\">Teletek Electronics<\/td>\n<\/tr>\n<\/tbody>\n<\/table>\n<\/div>\n<\/div>\n<p>&nbsp;<\/p>\n","protected":false},"excerpt":{"rendered":"<h4><em>DESCRIPTION<\/em><\/h4>\n<p data-start=\"307\" data-end=\"518\">Le <strong data-start=\"310\" data-end=\"322\">TITAN AG<\/strong> est un <strong data-start=\"330\" data-end=\"354\">d\u00e9tecteur infrarouge<\/strong> \u00e9quip\u00e9 d\u2019une <strong data-start=\"368\" data-end=\"392\">lentille cylindrique<\/strong> optimis\u00e9e pour une <strong data-start=\"412\" data-end=\"443\">d\u00e9tection pr\u00e9cise et fiable<\/strong> dans des environnements commerciaux ou administratifs de taille moyenne.<\/p>\n<p data-start=\"520\" data-end=\"753\">Fabriqu\u00e9 par <strong data-start=\"533\" data-end=\"556\">Teletek Electronics<\/strong>, ce dispositif r\u00e9pond aux exigences de s\u00e9curit\u00e9 professionnelle gr\u00e2ce \u00e0 sa <strong data-start=\"632\" data-end=\"677\">certification EN50131, Grade 2, Classe II<\/strong>, garantissant un haut niveau de fiabilit\u00e9 pour les installations sensibles.<\/p>\n","protected":false},"featured_media":11155,"comment_status":"open","ping_status":"closed","template":"","meta":[],"product_brand":[149],"product_cat":[147],"product_tag":[],"class_list":{"0":"post-11154","1":"product","2":"type-product","3":"status-publish","4":"has-post-thumbnail","6":"product_brand-teletek","7":"product_cat-anti-intrusion","9":"first","10":"instock","11":"shipping-taxable","12":"product-type-simple"},"yoast_head":"<!-- This site is optimized with the Yoast SEO Premium plugin v26.2 (Yoast SEO v26.2) - https:\/\/yoast.com\/wordpress\/plugins\/seo\/ -->\n<title>DETECTEUR INFRA-ROUGE TITAN SIMPLE - ADC Electronique<\/title>\n<meta name=\"robots\" content=\"index, follow, max-snippet:-1, max-image-preview:large, max-video-preview:-1\" \/>\n<link rel=\"canonical\" href=\"https:\/\/adcelectronique.com\/index.php\/product\/detecteur-infra-rouge-titan-simple\/\" \/>\n<meta property=\"og:locale\" content=\"fr_FR\" \/>\n<meta property=\"og:type\" content=\"article\" \/>\n<meta property=\"og:title\" content=\"DETECTEUR INFRA-ROUGE TITAN SIMPLE\" \/>\n<meta property=\"og:description\" content=\"DESCRIPTION Le TITAN AG est un d\u00e9tecteur infrarouge \u00e9quip\u00e9 d\u2019une lentille cylindrique optimis\u00e9e pour une d\u00e9tection pr\u00e9cise et fiable dans des environnements commerciaux ou administratifs de taille moyenne. Fabriqu\u00e9 par Teletek Electronics, ce dispositif r\u00e9pond aux exigences de s\u00e9curit\u00e9 professionnelle gr\u00e2ce \u00e0 sa certification EN50131, Grade 2, Classe II, garantissant un haut niveau de fiabilit\u00e9 pour les installations sensibles.\" \/>\n<meta property=\"og:url\" content=\"https:\/\/adcelectronique.com\/index.php\/product\/detecteur-infra-rouge-titan-simple\/\" \/>\n<meta property=\"og:site_name\" content=\"ADC Electronique\" \/>\n<meta property=\"article:modified_time\" content=\"2026-03-30T09:32:55+00:00\" \/>\n<meta property=\"og:image\" content=\"https:\/\/adcelectronique.com\/wp-content\/uploads\/2026\/03\/SECOLINK-Detecteur-Double-Technologie-Infrarouge-Filaire-TITAN-AG.webp\" \/>\n\t<meta property=\"og:image:width\" content=\"600\" \/>\n\t<meta property=\"og:image:height\" content=\"600\" \/>\n\t<meta property=\"og:image:type\" content=\"image\/webp\" \/>\n<meta name=\"twitter:card\" content=\"summary_large_image\" \/>\n<meta name=\"twitter:label1\" content=\"Dur\u00e9e de lecture estim\u00e9e\" \/>\n\t<meta name=\"twitter:data1\" content=\"1 minute\" \/>\n<script type=\"application\/ld+json\" class=\"yoast-schema-graph\">{\"@context\":\"https:\/\/schema.org\",\"@graph\":[{\"@type\":\"WebPage\",\"@id\":\"https:\/\/adcelectronique.com\/index.php\/product\/detecteur-infra-rouge-titan-simple\/\",\"url\":\"https:\/\/adcelectronique.com\/index.php\/product\/detecteur-infra-rouge-titan-simple\/\",\"name\":\"DETECTEUR INFRA-ROUGE TITAN SIMPLE - ADC Electronique\",\"isPartOf\":{\"@id\":\"https:\/\/adcelectronique.com\/#website\"},\"primaryImageOfPage\":{\"@id\":\"https:\/\/adcelectronique.com\/index.php\/product\/detecteur-infra-rouge-titan-simple\/#primaryimage\"},\"image\":{\"@id\":\"https:\/\/adcelectronique.com\/index.php\/product\/detecteur-infra-rouge-titan-simple\/#primaryimage\"},\"thumbnailUrl\":\"https:\/\/adcelectronique.com\/wp-content\/uploads\/2026\/03\/SECOLINK-Detecteur-Double-Technologie-Infrarouge-Filaire-TITAN-AG.webp\",\"datePublished\":\"2026-03-30T09:32:54+00:00\",\"dateModified\":\"2026-03-30T09:32:55+00:00\",\"breadcrumb\":{\"@id\":\"https:\/\/adcelectronique.com\/index.php\/product\/detecteur-infra-rouge-titan-simple\/#breadcrumb\"},\"inLanguage\":\"fr-FR\",\"potentialAction\":[{\"@type\":\"ReadAction\",\"target\":[\"https:\/\/adcelectronique.com\/index.php\/product\/detecteur-infra-rouge-titan-simple\/\"]}]},{\"@type\":\"ImageObject\",\"inLanguage\":\"fr-FR\",\"@id\":\"https:\/\/adcelectronique.com\/index.php\/product\/detecteur-infra-rouge-titan-simple\/#primaryimage\",\"url\":\"https:\/\/adcelectronique.com\/wp-content\/uploads\/2026\/03\/SECOLINK-Detecteur-Double-Technologie-Infrarouge-Filaire-TITAN-AG.webp\",\"contentUrl\":\"https:\/\/adcelectronique.com\/wp-content\/uploads\/2026\/03\/SECOLINK-Detecteur-Double-Technologie-Infrarouge-Filaire-TITAN-AG.webp\",\"width\":600,\"height\":600},{\"@type\":\"BreadcrumbList\",\"@id\":\"https:\/\/adcelectronique.com\/index.php\/product\/detecteur-infra-rouge-titan-simple\/#breadcrumb\",\"itemListElement\":[{\"@type\":\"ListItem\",\"position\":1,\"name\":\"Home\",\"item\":\"https:\/\/adcelectronique.com\/\"},{\"@type\":\"ListItem\",\"position\":2,\"name\":\"Shop\",\"item\":\"https:\/\/adcelectronique.com\/index.php\/shop\/\"},{\"@type\":\"ListItem\",\"position\":3,\"name\":\"DETECTEUR INFRA-ROUGE TITAN SIMPLE\"}]},{\"@type\":\"WebSite\",\"@id\":\"https:\/\/adcelectronique.com\/#website\",\"url\":\"https:\/\/adcelectronique.com\/\",\"name\":\"ADC Electronique\",\"description\":\"\",\"potentialAction\":[{\"@type\":\"SearchAction\",\"target\":{\"@type\":\"EntryPoint\",\"urlTemplate\":\"https:\/\/adcelectronique.com\/?s={search_term_string}\"},\"query-input\":{\"@type\":\"PropertyValueSpecification\",\"valueRequired\":true,\"valueName\":\"search_term_string\"}}],\"inLanguage\":\"fr-FR\"}]}<\/script>\n<!-- \/ Yoast SEO Premium plugin. -->","yoast_head_json":{"title":"DETECTEUR INFRA-ROUGE TITAN SIMPLE - ADC Electronique","robots":{"index":"index","follow":"follow","max-snippet":"max-snippet:-1","max-image-preview":"max-image-preview:large","max-video-preview":"max-video-preview:-1"},"canonical":"https:\/\/adcelectronique.com\/index.php\/product\/detecteur-infra-rouge-titan-simple\/","og_locale":"fr_FR","og_type":"article","og_title":"DETECTEUR INFRA-ROUGE TITAN SIMPLE","og_description":"DESCRIPTION Le TITAN AG est un d\u00e9tecteur infrarouge \u00e9quip\u00e9 d\u2019une lentille cylindrique optimis\u00e9e pour une d\u00e9tection pr\u00e9cise et fiable dans des environnements commerciaux ou administratifs de taille moyenne. Fabriqu\u00e9 par Teletek Electronics, ce dispositif r\u00e9pond aux exigences de s\u00e9curit\u00e9 professionnelle gr\u00e2ce \u00e0 sa certification EN50131, Grade 2, Classe II, garantissant un haut niveau de fiabilit\u00e9 pour les installations sensibles.","og_url":"https:\/\/adcelectronique.com\/index.php\/product\/detecteur-infra-rouge-titan-simple\/","og_site_name":"ADC Electronique","article_modified_time":"2026-03-30T09:32:55+00:00","og_image":[{"width":600,"height":600,"url":"https:\/\/adcelectronique.com\/wp-content\/uploads\/2026\/03\/SECOLINK-Detecteur-Double-Technologie-Infrarouge-Filaire-TITAN-AG.webp","type":"image\/webp"}],"twitter_card":"summary_large_image","twitter_misc":{"Dur\u00e9e de lecture estim\u00e9e":"1 minute"},"schema":{"@context":"https:\/\/schema.org","@graph":[{"@type":"WebPage","@id":"https:\/\/adcelectronique.com\/index.php\/product\/detecteur-infra-rouge-titan-simple\/","url":"https:\/\/adcelectronique.com\/index.php\/product\/detecteur-infra-rouge-titan-simple\/","name":"DETECTEUR INFRA-ROUGE TITAN SIMPLE - ADC Electronique","isPartOf":{"@id":"https:\/\/adcelectronique.com\/#website"},"primaryImageOfPage":{"@id":"https:\/\/adcelectronique.com\/index.php\/product\/detecteur-infra-rouge-titan-simple\/#primaryimage"},"image":{"@id":"https:\/\/adcelectronique.com\/index.php\/product\/detecteur-infra-rouge-titan-simple\/#primaryimage"},"thumbnailUrl":"https:\/\/adcelectronique.com\/wp-content\/uploads\/2026\/03\/SECOLINK-Detecteur-Double-Technologie-Infrarouge-Filaire-TITAN-AG.webp","datePublished":"2026-03-30T09:32:54+00:00","dateModified":"2026-03-30T09:32:55+00:00","breadcrumb":{"@id":"https:\/\/adcelectronique.com\/index.php\/product\/detecteur-infra-rouge-titan-simple\/#breadcrumb"},"inLanguage":"fr-FR","potentialAction":[{"@type":"ReadAction","target":["https:\/\/adcelectronique.com\/index.php\/product\/detecteur-infra-rouge-titan-simple\/"]}]},{"@type":"ImageObject","inLanguage":"fr-FR","@id":"https:\/\/adcelectronique.com\/index.php\/product\/detecteur-infra-rouge-titan-simple\/#primaryimage","url":"https:\/\/adcelectronique.com\/wp-content\/uploads\/2026\/03\/SECOLINK-Detecteur-Double-Technologie-Infrarouge-Filaire-TITAN-AG.webp","contentUrl":"https:\/\/adcelectronique.com\/wp-content\/uploads\/2026\/03\/SECOLINK-Detecteur-Double-Technologie-Infrarouge-Filaire-TITAN-AG.webp","width":600,"height":600},{"@type":"BreadcrumbList","@id":"https:\/\/adcelectronique.com\/index.php\/product\/detecteur-infra-rouge-titan-simple\/#breadcrumb","itemListElement":[{"@type":"ListItem","position":1,"name":"Home","item":"https:\/\/adcelectronique.com\/"},{"@type":"ListItem","position":2,"name":"Shop","item":"https:\/\/adcelectronique.com\/index.php\/shop\/"},{"@type":"ListItem","position":3,"name":"DETECTEUR INFRA-ROUGE TITAN SIMPLE"}]},{"@type":"WebSite","@id":"https:\/\/adcelectronique.com\/#website","url":"https:\/\/adcelectronique.com\/","name":"ADC Electronique","description":"","potentialAction":[{"@type":"SearchAction","target":{"@type":"EntryPoint","urlTemplate":"https:\/\/adcelectronique.com\/?s={search_term_string}"},"query-input":{"@type":"PropertyValueSpecification","valueRequired":true,"valueName":"search_term_string"}}],"inLanguage":"fr-FR"}]}},"_links":{"self":[{"href":"https:\/\/adcelectronique.com\/index.php\/wp-json\/wp\/v2\/product\/11154","targetHints":{"allow":["GET"]}}],"collection":[{"href":"https:\/\/adcelectronique.com\/index.php\/wp-json\/wp\/v2\/product"}],"about":[{"href":"https:\/\/adcelectronique.com\/index.php\/wp-json\/wp\/v2\/types\/product"}],"replies":[{"embeddable":true,"href":"https:\/\/adcelectronique.com\/index.php\/wp-json\/wp\/v2\/comments?post=11154"}],"version-history":[{"count":0,"href":"https:\/\/adcelectronique.com\/index.php\/wp-json\/wp\/v2\/product\/11154\/revisions"}],"wp:featuredmedia":[{"embeddable":true,"href":"https:\/\/adcelectronique.com\/index.php\/wp-json\/wp\/v2\/media\/11155"}],"wp:attachment":[{"href":"https:\/\/adcelectronique.com\/index.php\/wp-json\/wp\/v2\/media?parent=11154"}],"wp:term":[{"taxonomy":"product_brand","embeddable":true,"href":"https:\/\/adcelectronique.com\/index.php\/wp-json\/wp\/v2\/product_brand?post=11154"},{"taxonomy":"product_cat","embeddable":true,"href":"https:\/\/adcelectronique.com\/index.php\/wp-json\/wp\/v2\/product_cat?post=11154"},{"taxonomy":"product_tag","embeddable":true,"href":"https:\/\/adcelectronique.com\/index.php\/wp-json\/wp\/v2\/product_tag?post=11154"}],"curies":[{"name":"wp","href":"https:\/\/api.w.org\/{rel}","templated":true}]}}