{"id":11163,"date":"2026-03-30T09:42:07","date_gmt":"2026-03-30T09:42:07","guid":{"rendered":"https:\/\/adcelectronique.com\/?post_type=product&#038;p=11163"},"modified":"2026-03-30T09:42:08","modified_gmt":"2026-03-30T09:42:08","slug":"detecteur-pir-avec-lentille-semi-spherique-pirin-dl","status":"publish","type":"product","link":"https:\/\/adcelectronique.com\/index.php\/product\/detecteur-pir-avec-lentille-semi-spherique-pirin-dl\/","title":{"rendered":"DETECTEUR PIR AVEC LENTILLE SEMI-SPHERIQUE PIRIN DL"},"content":{"rendered":"<h3>\u00a0 \u00a0 \u00a0 \u00a0 \u00a0 \u00a0 \u00a0 \u00a0 \u00a0 \u00a0 \u00a0 \u00a0 \u00a0 \u00a0 DETECTEUR PIR AVEC LENTILLE SEMI-SPHERIQUE PIRIN DL<\/h3>\n<h4><em>DESCRIPTION<\/em><\/h4>\n<p data-start=\"267\" data-end=\"423\">Le <strong data-start=\"270\" data-end=\"282\">PIRIN DL<\/strong> est un <strong data-start=\"290\" data-end=\"328\">d\u00e9tecteur de mouvement PIR filaire<\/strong> de <strong data-start=\"332\" data-end=\"354\">grade 2, classe II<\/strong>, certifi\u00e9 <strong data-start=\"365\" data-end=\"375\">INCERT<\/strong>, offrant une <strong data-start=\"389\" data-end=\"420\">d\u00e9tection fiable et pr\u00e9cise<\/strong>.<\/p>\n<p data-start=\"425\" data-end=\"640\">Il est con\u00e7u pour \u00eatre <strong data-start=\"448\" data-end=\"470\">facile \u00e0 installer<\/strong> et int\u00e8gre un <strong data-start=\"485\" data-end=\"530\">algorithme de traitement num\u00e9rique avanc\u00e9<\/strong>, garantissant une d\u00e9tection optimis\u00e9e adapt\u00e9e aux environnements r\u00e9sidentiels, commerciaux ou administratifs.<\/p>\n<hr data-start=\"642\" data-end=\"645\" \/>\n<h2 data-section-id=\"128riy1\" data-start=\"647\" data-end=\"678\">Caract\u00e9ristiques principales<\/h2>\n<ul data-start=\"679\" data-end=\"995\">\n<li data-section-id=\"1hcn1hd\" data-start=\"679\" data-end=\"719\">D\u00e9tecteur de mouvement <strong data-start=\"704\" data-end=\"719\">PIR filaire<\/strong><\/li>\n<li data-section-id=\"mllaqp\" data-start=\"720\" data-end=\"768\">Certification : <strong data-start=\"738\" data-end=\"768\">INCERT, Grade 2, Classe II<\/strong><\/li>\n<li data-section-id=\"27r3zf\" data-start=\"769\" data-end=\"839\">Algorithme de traitement num\u00e9rique avanc\u00e9 pour une d\u00e9tection pr\u00e9cise<\/li>\n<li data-section-id=\"14ep0ne\" data-start=\"840\" data-end=\"871\">Installation facile et rapide<\/li>\n<li data-section-id=\"wywmrf\" data-start=\"872\" data-end=\"943\">Adapt\u00e9 aux environnements r\u00e9sidentiels, commerciaux et professionnels<\/li>\n<li data-section-id=\"ma8y61\" data-start=\"944\" data-end=\"995\">D\u00e9tection fiable et r\u00e9duction des fausses alarmes<\/li>\n<\/ul>\n<hr data-start=\"997\" data-end=\"1000\" \/>\n<h2 data-section-id=\"1ilt2zm\" data-start=\"1002\" data-end=\"1032\">Caract\u00e9ristiques techniques<\/h2>\n<div class=\"TyagGW_tableContainer\">\n<div class=\"group TyagGW_tableWrapper flex flex-col-reverse w-fit\">\n<table class=\"w-fit min-w-(--thread-content-width)\" data-start=\"1033\" data-end=\"1374\">\n<thead data-start=\"1033\" data-end=\"1055\">\n<tr data-start=\"1033\" data-end=\"1055\">\n<th class=\"\" data-start=\"1033\" data-end=\"1045\" data-col-size=\"sm\">Param\u00e8tre<\/th>\n<th class=\"\" data-start=\"1045\" data-end=\"1055\" data-col-size=\"sm\">Valeur<\/th>\n<\/tr>\n<\/thead>\n<tbody data-start=\"1079\" data-end=\"1374\">\n<tr data-start=\"1079\" data-end=\"1124\">\n<td data-start=\"1079\" data-end=\"1086\" data-col-size=\"sm\">Type<\/td>\n<td data-start=\"1086\" data-end=\"1124\" data-col-size=\"sm\">D\u00e9tecteur de mouvement PIR filaire<\/td>\n<\/tr>\n<tr data-start=\"1125\" data-end=\"1166\">\n<td data-start=\"1125\" data-end=\"1139\" data-col-size=\"sm\">Technologie<\/td>\n<td data-start=\"1139\" data-end=\"1166\" data-col-size=\"sm\">Infrarouge passif (PIR)<\/td>\n<\/tr>\n<tr data-start=\"1167\" data-end=\"1213\">\n<td data-start=\"1167\" data-end=\"1183\" data-col-size=\"sm\">Certification<\/td>\n<td data-start=\"1183\" data-end=\"1213\" data-col-size=\"sm\">INCERT, Grade 2, Classe II<\/td>\n<\/tr>\n<tr data-start=\"1214\" data-end=\"1258\">\n<td data-start=\"1214\" data-end=\"1227\" data-col-size=\"sm\">Traitement<\/td>\n<td data-start=\"1227\" data-end=\"1258\" data-col-size=\"sm\">Algorithme num\u00e9rique avanc\u00e9<\/td>\n<\/tr>\n<tr data-start=\"1259\" data-end=\"1287\">\n<td data-start=\"1259\" data-end=\"1269\" data-col-size=\"sm\">Montage<\/td>\n<td data-start=\"1269\" data-end=\"1287\" data-col-size=\"sm\">Mur ou plafond<\/td>\n<\/tr>\n<tr data-start=\"1288\" data-end=\"1338\">\n<td data-start=\"1288\" data-end=\"1296\" data-col-size=\"sm\">Usage<\/td>\n<td data-start=\"1296\" data-end=\"1338\" data-col-size=\"sm\">R\u00e9sidentiel, commercial, administratif<\/td>\n<\/tr>\n<tr data-start=\"1339\" data-end=\"1374\">\n<td data-start=\"1339\" data-end=\"1351\" data-col-size=\"sm\">Fabricant<\/td>\n<td data-start=\"1351\" data-end=\"1374\" data-col-size=\"sm\">Teletek Electronics<\/td>\n<\/tr>\n<\/tbody>\n<\/table>\n<\/div>\n<\/div>\n","protected":false},"excerpt":{"rendered":"<h4><em>DESCRIPTION<\/em><\/h4>\n<p data-start=\"267\" data-end=\"423\">Le <strong data-start=\"270\" data-end=\"282\">PIRIN DL<\/strong> est un <strong data-start=\"290\" data-end=\"328\">d\u00e9tecteur de mouvement PIR filaire<\/strong> de <strong data-start=\"332\" data-end=\"354\">grade 2, classe II<\/strong>, certifi\u00e9 <strong data-start=\"365\" data-end=\"375\">INCERT<\/strong>, offrant une <strong data-start=\"389\" data-end=\"420\">d\u00e9tection fiable et pr\u00e9cise<\/strong>.<\/p>\n<p data-start=\"425\" data-end=\"640\">Il est con\u00e7u pour \u00eatre <strong data-start=\"448\" data-end=\"470\">facile \u00e0 installer<\/strong> et int\u00e8gre un <strong data-start=\"485\" data-end=\"530\">algorithme de traitement num\u00e9rique avanc\u00e9<\/strong>, garantissant une d\u00e9tection optimis\u00e9e adapt\u00e9e aux environnements r\u00e9sidentiels, commerciaux ou administratifs.<\/p>\n","protected":false},"featured_media":11164,"comment_status":"open","ping_status":"closed","template":"","meta":[],"product_brand":[149],"product_cat":[147],"product_tag":[],"class_list":{"0":"post-11163","1":"product","2":"type-product","3":"status-publish","4":"has-post-thumbnail","6":"product_brand-teletek","7":"product_cat-anti-intrusion","9":"first","10":"instock","11":"shipping-taxable","12":"product-type-simple"},"yoast_head":"<!-- This site is optimized with the Yoast SEO Premium plugin v26.2 (Yoast SEO v26.2) - https:\/\/yoast.com\/wordpress\/plugins\/seo\/ -->\n<title>DETECTEUR PIR AVEC LENTILLE SEMI-SPHERIQUE PIRIN DL - ADC Electronique<\/title>\n<meta name=\"robots\" content=\"index, follow, max-snippet:-1, max-image-preview:large, max-video-preview:-1\" \/>\n<link rel=\"canonical\" href=\"https:\/\/adcelectronique.com\/index.php\/product\/detecteur-pir-avec-lentille-semi-spherique-pirin-dl\/\" \/>\n<meta property=\"og:locale\" content=\"fr_FR\" \/>\n<meta property=\"og:type\" content=\"article\" \/>\n<meta property=\"og:title\" content=\"DETECTEUR PIR AVEC LENTILLE SEMI-SPHERIQUE PIRIN DL\" \/>\n<meta property=\"og:description\" content=\"DESCRIPTION Le PIRIN DL est un d\u00e9tecteur de mouvement PIR filaire de grade 2, classe II, certifi\u00e9 INCERT, offrant une d\u00e9tection fiable et pr\u00e9cise. Il est con\u00e7u pour \u00eatre facile \u00e0 installer et int\u00e8gre un algorithme de traitement num\u00e9rique avanc\u00e9, garantissant une d\u00e9tection optimis\u00e9e adapt\u00e9e aux environnements r\u00e9sidentiels, commerciaux ou administratifs.\" \/>\n<meta property=\"og:url\" content=\"https:\/\/adcelectronique.com\/index.php\/product\/detecteur-pir-avec-lentille-semi-spherique-pirin-dl\/\" \/>\n<meta property=\"og:site_name\" content=\"ADC Electronique\" \/>\n<meta property=\"article:modified_time\" content=\"2026-03-30T09:42:08+00:00\" \/>\n<meta property=\"og:image\" content=\"https:\/\/adcelectronique.com\/wp-content\/uploads\/2026\/03\/GHU.jpg\" \/>\n\t<meta property=\"og:image:width\" content=\"1200\" \/>\n\t<meta property=\"og:image:height\" content=\"1200\" \/>\n\t<meta property=\"og:image:type\" content=\"image\/jpeg\" \/>\n<meta name=\"twitter:card\" content=\"summary_large_image\" \/>\n<meta name=\"twitter:label1\" content=\"Dur\u00e9e de lecture estim\u00e9e\" \/>\n\t<meta name=\"twitter:data1\" content=\"1 minute\" \/>\n<script type=\"application\/ld+json\" class=\"yoast-schema-graph\">{\"@context\":\"https:\/\/schema.org\",\"@graph\":[{\"@type\":\"WebPage\",\"@id\":\"https:\/\/adcelectronique.com\/index.php\/product\/detecteur-pir-avec-lentille-semi-spherique-pirin-dl\/\",\"url\":\"https:\/\/adcelectronique.com\/index.php\/product\/detecteur-pir-avec-lentille-semi-spherique-pirin-dl\/\",\"name\":\"DETECTEUR PIR AVEC LENTILLE SEMI-SPHERIQUE PIRIN DL - ADC Electronique\",\"isPartOf\":{\"@id\":\"https:\/\/adcelectronique.com\/#website\"},\"primaryImageOfPage\":{\"@id\":\"https:\/\/adcelectronique.com\/index.php\/product\/detecteur-pir-avec-lentille-semi-spherique-pirin-dl\/#primaryimage\"},\"image\":{\"@id\":\"https:\/\/adcelectronique.com\/index.php\/product\/detecteur-pir-avec-lentille-semi-spherique-pirin-dl\/#primaryimage\"},\"thumbnailUrl\":\"https:\/\/adcelectronique.com\/wp-content\/uploads\/2026\/03\/GHU.jpg\",\"datePublished\":\"2026-03-30T09:42:07+00:00\",\"dateModified\":\"2026-03-30T09:42:08+00:00\",\"breadcrumb\":{\"@id\":\"https:\/\/adcelectronique.com\/index.php\/product\/detecteur-pir-avec-lentille-semi-spherique-pirin-dl\/#breadcrumb\"},\"inLanguage\":\"fr-FR\",\"potentialAction\":[{\"@type\":\"ReadAction\",\"target\":[\"https:\/\/adcelectronique.com\/index.php\/product\/detecteur-pir-avec-lentille-semi-spherique-pirin-dl\/\"]}]},{\"@type\":\"ImageObject\",\"inLanguage\":\"fr-FR\",\"@id\":\"https:\/\/adcelectronique.com\/index.php\/product\/detecteur-pir-avec-lentille-semi-spherique-pirin-dl\/#primaryimage\",\"url\":\"https:\/\/adcelectronique.com\/wp-content\/uploads\/2026\/03\/GHU.jpg\",\"contentUrl\":\"https:\/\/adcelectronique.com\/wp-content\/uploads\/2026\/03\/GHU.jpg\",\"width\":1200,\"height\":1200},{\"@type\":\"BreadcrumbList\",\"@id\":\"https:\/\/adcelectronique.com\/index.php\/product\/detecteur-pir-avec-lentille-semi-spherique-pirin-dl\/#breadcrumb\",\"itemListElement\":[{\"@type\":\"ListItem\",\"position\":1,\"name\":\"Home\",\"item\":\"https:\/\/adcelectronique.com\/\"},{\"@type\":\"ListItem\",\"position\":2,\"name\":\"Shop\",\"item\":\"https:\/\/adcelectronique.com\/index.php\/shop\/\"},{\"@type\":\"ListItem\",\"position\":3,\"name\":\"DETECTEUR PIR AVEC LENTILLE SEMI-SPHERIQUE PIRIN DL\"}]},{\"@type\":\"WebSite\",\"@id\":\"https:\/\/adcelectronique.com\/#website\",\"url\":\"https:\/\/adcelectronique.com\/\",\"name\":\"ADC Electronique\",\"description\":\"\",\"potentialAction\":[{\"@type\":\"SearchAction\",\"target\":{\"@type\":\"EntryPoint\",\"urlTemplate\":\"https:\/\/adcelectronique.com\/?s={search_term_string}\"},\"query-input\":{\"@type\":\"PropertyValueSpecification\",\"valueRequired\":true,\"valueName\":\"search_term_string\"}}],\"inLanguage\":\"fr-FR\"}]}<\/script>\n<!-- \/ Yoast SEO Premium plugin. -->","yoast_head_json":{"title":"DETECTEUR PIR AVEC LENTILLE SEMI-SPHERIQUE PIRIN DL - ADC Electronique","robots":{"index":"index","follow":"follow","max-snippet":"max-snippet:-1","max-image-preview":"max-image-preview:large","max-video-preview":"max-video-preview:-1"},"canonical":"https:\/\/adcelectronique.com\/index.php\/product\/detecteur-pir-avec-lentille-semi-spherique-pirin-dl\/","og_locale":"fr_FR","og_type":"article","og_title":"DETECTEUR PIR AVEC LENTILLE SEMI-SPHERIQUE PIRIN DL","og_description":"DESCRIPTION Le PIRIN DL est un d\u00e9tecteur de mouvement PIR filaire de grade 2, classe II, certifi\u00e9 INCERT, offrant une d\u00e9tection fiable et pr\u00e9cise. Il est con\u00e7u pour \u00eatre facile \u00e0 installer et int\u00e8gre un algorithme de traitement num\u00e9rique avanc\u00e9, garantissant une d\u00e9tection optimis\u00e9e adapt\u00e9e aux environnements r\u00e9sidentiels, commerciaux ou administratifs.","og_url":"https:\/\/adcelectronique.com\/index.php\/product\/detecteur-pir-avec-lentille-semi-spherique-pirin-dl\/","og_site_name":"ADC Electronique","article_modified_time":"2026-03-30T09:42:08+00:00","og_image":[{"width":1200,"height":1200,"url":"https:\/\/adcelectronique.com\/wp-content\/uploads\/2026\/03\/GHU.jpg","type":"image\/jpeg"}],"twitter_card":"summary_large_image","twitter_misc":{"Dur\u00e9e de lecture estim\u00e9e":"1 minute"},"schema":{"@context":"https:\/\/schema.org","@graph":[{"@type":"WebPage","@id":"https:\/\/adcelectronique.com\/index.php\/product\/detecteur-pir-avec-lentille-semi-spherique-pirin-dl\/","url":"https:\/\/adcelectronique.com\/index.php\/product\/detecteur-pir-avec-lentille-semi-spherique-pirin-dl\/","name":"DETECTEUR PIR AVEC LENTILLE SEMI-SPHERIQUE PIRIN DL - ADC Electronique","isPartOf":{"@id":"https:\/\/adcelectronique.com\/#website"},"primaryImageOfPage":{"@id":"https:\/\/adcelectronique.com\/index.php\/product\/detecteur-pir-avec-lentille-semi-spherique-pirin-dl\/#primaryimage"},"image":{"@id":"https:\/\/adcelectronique.com\/index.php\/product\/detecteur-pir-avec-lentille-semi-spherique-pirin-dl\/#primaryimage"},"thumbnailUrl":"https:\/\/adcelectronique.com\/wp-content\/uploads\/2026\/03\/GHU.jpg","datePublished":"2026-03-30T09:42:07+00:00","dateModified":"2026-03-30T09:42:08+00:00","breadcrumb":{"@id":"https:\/\/adcelectronique.com\/index.php\/product\/detecteur-pir-avec-lentille-semi-spherique-pirin-dl\/#breadcrumb"},"inLanguage":"fr-FR","potentialAction":[{"@type":"ReadAction","target":["https:\/\/adcelectronique.com\/index.php\/product\/detecteur-pir-avec-lentille-semi-spherique-pirin-dl\/"]}]},{"@type":"ImageObject","inLanguage":"fr-FR","@id":"https:\/\/adcelectronique.com\/index.php\/product\/detecteur-pir-avec-lentille-semi-spherique-pirin-dl\/#primaryimage","url":"https:\/\/adcelectronique.com\/wp-content\/uploads\/2026\/03\/GHU.jpg","contentUrl":"https:\/\/adcelectronique.com\/wp-content\/uploads\/2026\/03\/GHU.jpg","width":1200,"height":1200},{"@type":"BreadcrumbList","@id":"https:\/\/adcelectronique.com\/index.php\/product\/detecteur-pir-avec-lentille-semi-spherique-pirin-dl\/#breadcrumb","itemListElement":[{"@type":"ListItem","position":1,"name":"Home","item":"https:\/\/adcelectronique.com\/"},{"@type":"ListItem","position":2,"name":"Shop","item":"https:\/\/adcelectronique.com\/index.php\/shop\/"},{"@type":"ListItem","position":3,"name":"DETECTEUR PIR AVEC LENTILLE SEMI-SPHERIQUE PIRIN DL"}]},{"@type":"WebSite","@id":"https:\/\/adcelectronique.com\/#website","url":"https:\/\/adcelectronique.com\/","name":"ADC Electronique","description":"","potentialAction":[{"@type":"SearchAction","target":{"@type":"EntryPoint","urlTemplate":"https:\/\/adcelectronique.com\/?s={search_term_string}"},"query-input":{"@type":"PropertyValueSpecification","valueRequired":true,"valueName":"search_term_string"}}],"inLanguage":"fr-FR"}]}},"_links":{"self":[{"href":"https:\/\/adcelectronique.com\/index.php\/wp-json\/wp\/v2\/product\/11163","targetHints":{"allow":["GET"]}}],"collection":[{"href":"https:\/\/adcelectronique.com\/index.php\/wp-json\/wp\/v2\/product"}],"about":[{"href":"https:\/\/adcelectronique.com\/index.php\/wp-json\/wp\/v2\/types\/product"}],"replies":[{"embeddable":true,"href":"https:\/\/adcelectronique.com\/index.php\/wp-json\/wp\/v2\/comments?post=11163"}],"version-history":[{"count":0,"href":"https:\/\/adcelectronique.com\/index.php\/wp-json\/wp\/v2\/product\/11163\/revisions"}],"wp:featuredmedia":[{"embeddable":true,"href":"https:\/\/adcelectronique.com\/index.php\/wp-json\/wp\/v2\/media\/11164"}],"wp:attachment":[{"href":"https:\/\/adcelectronique.com\/index.php\/wp-json\/wp\/v2\/media?parent=11163"}],"wp:term":[{"taxonomy":"product_brand","embeddable":true,"href":"https:\/\/adcelectronique.com\/index.php\/wp-json\/wp\/v2\/product_brand?post=11163"},{"taxonomy":"product_cat","embeddable":true,"href":"https:\/\/adcelectronique.com\/index.php\/wp-json\/wp\/v2\/product_cat?post=11163"},{"taxonomy":"product_tag","embeddable":true,"href":"https:\/\/adcelectronique.com\/index.php\/wp-json\/wp\/v2\/product_tag?post=11163"}],"curies":[{"name":"wp","href":"https:\/\/api.w.org\/{rel}","templated":true}]}}