{"id":11167,"date":"2026-03-30T09:47:46","date_gmt":"2026-03-30T09:47:46","guid":{"rendered":"https:\/\/adcelectronique.com\/?post_type=product&#038;p=11167"},"modified":"2026-03-30T09:47:47","modified_gmt":"2026-03-30T09:47:47","slug":"detecteur-double-technologie-pirin-mw","status":"publish","type":"product","link":"https:\/\/adcelectronique.com\/index.php\/product\/detecteur-double-technologie-pirin-mw\/","title":{"rendered":"DETECTEUR DOUBLE TECHNOLOGIE PIRIN MW"},"content":{"rendered":"<h3>\u00a0 \u00a0 \u00a0 \u00a0 \u00a0 \u00a0 \u00a0 \u00a0 \u00a0 \u00a0 \u00a0 \u00a0 \u00a0 \u00a0 \u00a0 \u00a0DETECTEUR DOUBLE TECHNOLOGIE PIRIN MW<\/h3>\n<h4><em>DESCRIPTION<\/em><\/h4>\n<p data-start=\"283\" data-end=\"465\">Le <strong data-start=\"286\" data-end=\"298\">PIRIN MW<\/strong> est un <strong data-start=\"306\" data-end=\"339\">d\u00e9tecteur de mouvement avanc\u00e9<\/strong> combinant la <strong data-start=\"353\" data-end=\"393\">technologie infrarouge passive (PIR)<\/strong> et les <strong data-start=\"401\" data-end=\"421\">micro-ondes (MW)<\/strong> pour une <strong data-start=\"431\" data-end=\"462\">d\u00e9tection pr\u00e9cise et fiable<\/strong>.<\/p>\n<p data-start=\"467\" data-end=\"744\">Con\u00e7u pour une <strong data-start=\"482\" data-end=\"517\">installation rapide et efficace<\/strong>, le PIRIN MW offre plusieurs <strong data-start=\"547\" data-end=\"574\">modes de fonctionnement<\/strong> (<strong data-start=\"576\" data-end=\"601\">AND, OR, Triple Knock<\/strong>) et int\u00e8gre des <strong data-start=\"618\" data-end=\"637\">r\u00e9sistances EOL<\/strong>, simplifiant le montage et r\u00e9duisant le temps d\u2019installation pour les syst\u00e8mes de s\u00e9curit\u00e9 professionnels.<\/p>\n<hr data-start=\"746\" data-end=\"749\" \/>\n<h2 data-section-id=\"128riy1\" data-start=\"751\" data-end=\"782\">Caract\u00e9ristiques principales<\/h2>\n<ul data-start=\"783\" data-end=\"1145\">\n<li data-section-id=\"1ypfhg0\" data-start=\"783\" data-end=\"841\">D\u00e9tecteur de mouvement <strong data-start=\"808\" data-end=\"830\">double technologie<\/strong> : PIR + MW<\/li>\n<li data-section-id=\"1y6v4e8\" data-start=\"842\" data-end=\"895\">Modes de fonctionnement : <strong data-start=\"870\" data-end=\"895\">AND, OR, Triple Knock<\/strong><\/li>\n<li data-section-id=\"51q91l\" data-start=\"896\" data-end=\"958\">R\u00e9sistances <strong data-start=\"910\" data-end=\"927\">EOL int\u00e9gr\u00e9es<\/strong> pour simplifier l\u2019installation<\/li>\n<li data-section-id=\"n81unc\" data-start=\"959\" data-end=\"988\">D\u00e9tection pr\u00e9cise et fiable<\/li>\n<li data-section-id=\"szc0cm\" data-start=\"989\" data-end=\"1022\">Installation rapide et efficace<\/li>\n<li data-section-id=\"f63gru\" data-start=\"1023\" data-end=\"1081\">Adapt\u00e9 aux environnements r\u00e9sidentiels et professionnels<\/li>\n<li data-section-id=\"1glwtl5\" data-start=\"1082\" data-end=\"1145\">R\u00e9duction des fausses alarmes gr\u00e2ce \u00e0 la technologie combin\u00e9e<\/li>\n<\/ul>\n<hr data-start=\"1147\" data-end=\"1150\" \/>\n<h2 data-section-id=\"1ilt2zm\" data-start=\"1152\" data-end=\"1182\">Caract\u00e9ristiques techniques<\/h2>\n<div class=\"TyagGW_tableContainer\">\n<div class=\"group TyagGW_tableWrapper flex flex-col-reverse w-fit\">\n<table class=\"w-fit min-w-(--thread-content-width)\" data-start=\"1183\" data-end=\"1529\">\n<thead data-start=\"1183\" data-end=\"1205\">\n<tr data-start=\"1183\" data-end=\"1205\">\n<th class=\"\" data-start=\"1183\" data-end=\"1195\" data-col-size=\"sm\">Param\u00e8tre<\/th>\n<th class=\"\" data-start=\"1195\" data-end=\"1205\" data-col-size=\"md\">Valeur<\/th>\n<\/tr>\n<\/thead>\n<tbody data-start=\"1229\" data-end=\"1529\">\n<tr data-start=\"1229\" data-end=\"1292\">\n<td data-start=\"1229\" data-end=\"1236\" data-col-size=\"sm\">Type<\/td>\n<td data-col-size=\"md\" data-start=\"1236\" data-end=\"1292\">D\u00e9tecteur de mouvement double technologie (PIR + MW)<\/td>\n<\/tr>\n<tr data-start=\"1293\" data-end=\"1342\">\n<td data-start=\"1293\" data-end=\"1307\" data-col-size=\"sm\">Technologie<\/td>\n<td data-col-size=\"md\" data-start=\"1307\" data-end=\"1342\">Infrarouge passif + micro-ondes<\/td>\n<\/tr>\n<tr data-start=\"1343\" data-end=\"1394\">\n<td data-start=\"1343\" data-end=\"1369\" data-col-size=\"sm\">Modes de fonctionnement<\/td>\n<td data-start=\"1369\" data-end=\"1394\" data-col-size=\"md\">AND, OR, Triple Knock<\/td>\n<\/tr>\n<tr data-start=\"1395\" data-end=\"1426\">\n<td data-start=\"1395\" data-end=\"1409\" data-col-size=\"sm\">R\u00e9sistances<\/td>\n<td data-start=\"1409\" data-end=\"1426\" data-col-size=\"md\">EOL int\u00e9gr\u00e9es<\/td>\n<\/tr>\n<tr data-start=\"1427\" data-end=\"1455\">\n<td data-start=\"1427\" data-end=\"1437\" data-col-size=\"sm\">Montage<\/td>\n<td data-start=\"1437\" data-end=\"1455\" data-col-size=\"md\">Mur ou plafond<\/td>\n<\/tr>\n<tr data-start=\"1456\" data-end=\"1493\">\n<td data-start=\"1456\" data-end=\"1464\" data-col-size=\"sm\">Usage<\/td>\n<td data-start=\"1464\" data-end=\"1493\" data-col-size=\"md\">R\u00e9sidentiel et commercial<\/td>\n<\/tr>\n<tr data-start=\"1494\" data-end=\"1529\">\n<td data-start=\"1494\" data-end=\"1506\" data-col-size=\"sm\">Fabricant<\/td>\n<td data-start=\"1506\" data-end=\"1529\" data-col-size=\"md\">Teletek Electronics<\/td>\n<\/tr>\n<\/tbody>\n<\/table>\n<\/div>\n<\/div>\n","protected":false},"excerpt":{"rendered":"<h4><em>DESCRIPTION<\/em><\/h4>\n<p data-start=\"283\" data-end=\"465\">Le <strong data-start=\"286\" data-end=\"298\">PIRIN MW<\/strong> est un <strong data-start=\"306\" data-end=\"339\">d\u00e9tecteur de mouvement avanc\u00e9<\/strong> combinant la <strong data-start=\"353\" data-end=\"393\">technologie infrarouge passive (PIR)<\/strong> et les <strong data-start=\"401\" data-end=\"421\">micro-ondes (MW)<\/strong> pour une <strong data-start=\"431\" data-end=\"462\">d\u00e9tection pr\u00e9cise et fiable<\/strong>.<\/p>\n<p data-start=\"467\" data-end=\"744\">Con\u00e7u pour une <strong data-start=\"482\" data-end=\"517\">installation rapide et efficace<\/strong>, le PIRIN MW offre plusieurs <strong data-start=\"547\" data-end=\"574\">modes de fonctionnement<\/strong> (<strong data-start=\"576\" data-end=\"601\">AND, OR, Triple Knock<\/strong>) et int\u00e8gre des <strong data-start=\"618\" data-end=\"637\">r\u00e9sistances EOL<\/strong>, simplifiant le montage et r\u00e9duisant le temps d\u2019installation pour les syst\u00e8mes de s\u00e9curit\u00e9 professionnels.<\/p>\n","protected":false},"featured_media":11168,"comment_status":"open","ping_status":"closed","template":"","meta":[],"product_brand":[149],"product_cat":[147],"product_tag":[],"class_list":{"0":"post-11167","1":"product","2":"type-product","3":"status-publish","4":"has-post-thumbnail","6":"product_brand-teletek","7":"product_cat-anti-intrusion","9":"first","10":"instock","11":"shipping-taxable","12":"product-type-simple"},"yoast_head":"<!-- This site is optimized with the Yoast SEO Premium plugin v26.2 (Yoast SEO v26.2) - https:\/\/yoast.com\/wordpress\/plugins\/seo\/ -->\n<title>DETECTEUR DOUBLE TECHNOLOGIE PIRIN MW - ADC Electronique<\/title>\n<meta name=\"robots\" content=\"index, follow, max-snippet:-1, max-image-preview:large, max-video-preview:-1\" \/>\n<link rel=\"canonical\" href=\"https:\/\/adcelectronique.com\/index.php\/product\/detecteur-double-technologie-pirin-mw\/\" \/>\n<meta property=\"og:locale\" content=\"fr_FR\" \/>\n<meta property=\"og:type\" content=\"article\" \/>\n<meta property=\"og:title\" content=\"DETECTEUR DOUBLE TECHNOLOGIE PIRIN MW\" \/>\n<meta property=\"og:description\" content=\"DESCRIPTION Le PIRIN MW est un d\u00e9tecteur de mouvement avanc\u00e9 combinant la technologie infrarouge passive (PIR) et les micro-ondes (MW) pour une d\u00e9tection pr\u00e9cise et fiable. Con\u00e7u pour une installation rapide et efficace, le PIRIN MW offre plusieurs modes de fonctionnement (AND, OR, Triple Knock) et int\u00e8gre des r\u00e9sistances EOL, simplifiant le montage et r\u00e9duisant le temps d\u2019installation pour les syst\u00e8mes de s\u00e9curit\u00e9 professionnels.\" \/>\n<meta property=\"og:url\" content=\"https:\/\/adcelectronique.com\/index.php\/product\/detecteur-double-technologie-pirin-mw\/\" \/>\n<meta property=\"og:site_name\" content=\"ADC Electronique\" \/>\n<meta property=\"article:modified_time\" content=\"2026-03-30T09:47:47+00:00\" \/>\n<meta property=\"og:image\" content=\"https:\/\/adcelectronique.com\/wp-content\/uploads\/2026\/03\/Product-photos-4-2-730x730-1.png\" \/>\n\t<meta property=\"og:image:width\" content=\"730\" \/>\n\t<meta property=\"og:image:height\" content=\"730\" \/>\n\t<meta property=\"og:image:type\" content=\"image\/png\" \/>\n<meta name=\"twitter:card\" content=\"summary_large_image\" \/>\n<meta name=\"twitter:label1\" content=\"Dur\u00e9e de lecture estim\u00e9e\" \/>\n\t<meta name=\"twitter:data1\" content=\"1 minute\" \/>\n<script type=\"application\/ld+json\" class=\"yoast-schema-graph\">{\"@context\":\"https:\/\/schema.org\",\"@graph\":[{\"@type\":\"WebPage\",\"@id\":\"https:\/\/adcelectronique.com\/index.php\/product\/detecteur-double-technologie-pirin-mw\/\",\"url\":\"https:\/\/adcelectronique.com\/index.php\/product\/detecteur-double-technologie-pirin-mw\/\",\"name\":\"DETECTEUR DOUBLE TECHNOLOGIE PIRIN MW - ADC Electronique\",\"isPartOf\":{\"@id\":\"https:\/\/adcelectronique.com\/#website\"},\"primaryImageOfPage\":{\"@id\":\"https:\/\/adcelectronique.com\/index.php\/product\/detecteur-double-technologie-pirin-mw\/#primaryimage\"},\"image\":{\"@id\":\"https:\/\/adcelectronique.com\/index.php\/product\/detecteur-double-technologie-pirin-mw\/#primaryimage\"},\"thumbnailUrl\":\"https:\/\/adcelectronique.com\/wp-content\/uploads\/2026\/03\/Product-photos-4-2-730x730-1.png\",\"datePublished\":\"2026-03-30T09:47:46+00:00\",\"dateModified\":\"2026-03-30T09:47:47+00:00\",\"breadcrumb\":{\"@id\":\"https:\/\/adcelectronique.com\/index.php\/product\/detecteur-double-technologie-pirin-mw\/#breadcrumb\"},\"inLanguage\":\"fr-FR\",\"potentialAction\":[{\"@type\":\"ReadAction\",\"target\":[\"https:\/\/adcelectronique.com\/index.php\/product\/detecteur-double-technologie-pirin-mw\/\"]}]},{\"@type\":\"ImageObject\",\"inLanguage\":\"fr-FR\",\"@id\":\"https:\/\/adcelectronique.com\/index.php\/product\/detecteur-double-technologie-pirin-mw\/#primaryimage\",\"url\":\"https:\/\/adcelectronique.com\/wp-content\/uploads\/2026\/03\/Product-photos-4-2-730x730-1.png\",\"contentUrl\":\"https:\/\/adcelectronique.com\/wp-content\/uploads\/2026\/03\/Product-photos-4-2-730x730-1.png\",\"width\":730,\"height\":730},{\"@type\":\"BreadcrumbList\",\"@id\":\"https:\/\/adcelectronique.com\/index.php\/product\/detecteur-double-technologie-pirin-mw\/#breadcrumb\",\"itemListElement\":[{\"@type\":\"ListItem\",\"position\":1,\"name\":\"Home\",\"item\":\"https:\/\/adcelectronique.com\/\"},{\"@type\":\"ListItem\",\"position\":2,\"name\":\"Shop\",\"item\":\"https:\/\/adcelectronique.com\/index.php\/shop\/\"},{\"@type\":\"ListItem\",\"position\":3,\"name\":\"DETECTEUR DOUBLE TECHNOLOGIE PIRIN MW\"}]},{\"@type\":\"WebSite\",\"@id\":\"https:\/\/adcelectronique.com\/#website\",\"url\":\"https:\/\/adcelectronique.com\/\",\"name\":\"ADC Electronique\",\"description\":\"\",\"potentialAction\":[{\"@type\":\"SearchAction\",\"target\":{\"@type\":\"EntryPoint\",\"urlTemplate\":\"https:\/\/adcelectronique.com\/?s={search_term_string}\"},\"query-input\":{\"@type\":\"PropertyValueSpecification\",\"valueRequired\":true,\"valueName\":\"search_term_string\"}}],\"inLanguage\":\"fr-FR\"}]}<\/script>\n<!-- \/ Yoast SEO Premium plugin. -->","yoast_head_json":{"title":"DETECTEUR DOUBLE TECHNOLOGIE PIRIN MW - ADC Electronique","robots":{"index":"index","follow":"follow","max-snippet":"max-snippet:-1","max-image-preview":"max-image-preview:large","max-video-preview":"max-video-preview:-1"},"canonical":"https:\/\/adcelectronique.com\/index.php\/product\/detecteur-double-technologie-pirin-mw\/","og_locale":"fr_FR","og_type":"article","og_title":"DETECTEUR DOUBLE TECHNOLOGIE PIRIN MW","og_description":"DESCRIPTION Le PIRIN MW est un d\u00e9tecteur de mouvement avanc\u00e9 combinant la technologie infrarouge passive (PIR) et les micro-ondes (MW) pour une d\u00e9tection pr\u00e9cise et fiable. Con\u00e7u pour une installation rapide et efficace, le PIRIN MW offre plusieurs modes de fonctionnement (AND, OR, Triple Knock) et int\u00e8gre des r\u00e9sistances EOL, simplifiant le montage et r\u00e9duisant le temps d\u2019installation pour les syst\u00e8mes de s\u00e9curit\u00e9 professionnels.","og_url":"https:\/\/adcelectronique.com\/index.php\/product\/detecteur-double-technologie-pirin-mw\/","og_site_name":"ADC Electronique","article_modified_time":"2026-03-30T09:47:47+00:00","og_image":[{"width":730,"height":730,"url":"https:\/\/adcelectronique.com\/wp-content\/uploads\/2026\/03\/Product-photos-4-2-730x730-1.png","type":"image\/png"}],"twitter_card":"summary_large_image","twitter_misc":{"Dur\u00e9e de lecture estim\u00e9e":"1 minute"},"schema":{"@context":"https:\/\/schema.org","@graph":[{"@type":"WebPage","@id":"https:\/\/adcelectronique.com\/index.php\/product\/detecteur-double-technologie-pirin-mw\/","url":"https:\/\/adcelectronique.com\/index.php\/product\/detecteur-double-technologie-pirin-mw\/","name":"DETECTEUR DOUBLE TECHNOLOGIE PIRIN MW - ADC Electronique","isPartOf":{"@id":"https:\/\/adcelectronique.com\/#website"},"primaryImageOfPage":{"@id":"https:\/\/adcelectronique.com\/index.php\/product\/detecteur-double-technologie-pirin-mw\/#primaryimage"},"image":{"@id":"https:\/\/adcelectronique.com\/index.php\/product\/detecteur-double-technologie-pirin-mw\/#primaryimage"},"thumbnailUrl":"https:\/\/adcelectronique.com\/wp-content\/uploads\/2026\/03\/Product-photos-4-2-730x730-1.png","datePublished":"2026-03-30T09:47:46+00:00","dateModified":"2026-03-30T09:47:47+00:00","breadcrumb":{"@id":"https:\/\/adcelectronique.com\/index.php\/product\/detecteur-double-technologie-pirin-mw\/#breadcrumb"},"inLanguage":"fr-FR","potentialAction":[{"@type":"ReadAction","target":["https:\/\/adcelectronique.com\/index.php\/product\/detecteur-double-technologie-pirin-mw\/"]}]},{"@type":"ImageObject","inLanguage":"fr-FR","@id":"https:\/\/adcelectronique.com\/index.php\/product\/detecteur-double-technologie-pirin-mw\/#primaryimage","url":"https:\/\/adcelectronique.com\/wp-content\/uploads\/2026\/03\/Product-photos-4-2-730x730-1.png","contentUrl":"https:\/\/adcelectronique.com\/wp-content\/uploads\/2026\/03\/Product-photos-4-2-730x730-1.png","width":730,"height":730},{"@type":"BreadcrumbList","@id":"https:\/\/adcelectronique.com\/index.php\/product\/detecteur-double-technologie-pirin-mw\/#breadcrumb","itemListElement":[{"@type":"ListItem","position":1,"name":"Home","item":"https:\/\/adcelectronique.com\/"},{"@type":"ListItem","position":2,"name":"Shop","item":"https:\/\/adcelectronique.com\/index.php\/shop\/"},{"@type":"ListItem","position":3,"name":"DETECTEUR DOUBLE TECHNOLOGIE PIRIN MW"}]},{"@type":"WebSite","@id":"https:\/\/adcelectronique.com\/#website","url":"https:\/\/adcelectronique.com\/","name":"ADC Electronique","description":"","potentialAction":[{"@type":"SearchAction","target":{"@type":"EntryPoint","urlTemplate":"https:\/\/adcelectronique.com\/?s={search_term_string}"},"query-input":{"@type":"PropertyValueSpecification","valueRequired":true,"valueName":"search_term_string"}}],"inLanguage":"fr-FR"}]}},"_links":{"self":[{"href":"https:\/\/adcelectronique.com\/index.php\/wp-json\/wp\/v2\/product\/11167","targetHints":{"allow":["GET"]}}],"collection":[{"href":"https:\/\/adcelectronique.com\/index.php\/wp-json\/wp\/v2\/product"}],"about":[{"href":"https:\/\/adcelectronique.com\/index.php\/wp-json\/wp\/v2\/types\/product"}],"replies":[{"embeddable":true,"href":"https:\/\/adcelectronique.com\/index.php\/wp-json\/wp\/v2\/comments?post=11167"}],"version-history":[{"count":0,"href":"https:\/\/adcelectronique.com\/index.php\/wp-json\/wp\/v2\/product\/11167\/revisions"}],"wp:featuredmedia":[{"embeddable":true,"href":"https:\/\/adcelectronique.com\/index.php\/wp-json\/wp\/v2\/media\/11168"}],"wp:attachment":[{"href":"https:\/\/adcelectronique.com\/index.php\/wp-json\/wp\/v2\/media?parent=11167"}],"wp:term":[{"taxonomy":"product_brand","embeddable":true,"href":"https:\/\/adcelectronique.com\/index.php\/wp-json\/wp\/v2\/product_brand?post=11167"},{"taxonomy":"product_cat","embeddable":true,"href":"https:\/\/adcelectronique.com\/index.php\/wp-json\/wp\/v2\/product_cat?post=11167"},{"taxonomy":"product_tag","embeddable":true,"href":"https:\/\/adcelectronique.com\/index.php\/wp-json\/wp\/v2\/product_tag?post=11167"}],"curies":[{"name":"wp","href":"https:\/\/api.w.org\/{rel}","templated":true}]}}