{"id":11171,"date":"2026-03-30T09:56:00","date_gmt":"2026-03-30T09:56:00","guid":{"rendered":"https:\/\/adcelectronique.com\/?post_type=product&#038;p=11171"},"modified":"2026-03-30T09:56:01","modified_gmt":"2026-03-30T09:56:01","slug":"detecteur-double-technologie-exterieur-otd40","status":"publish","type":"product","link":"https:\/\/adcelectronique.com\/index.php\/product\/detecteur-double-technologie-exterieur-otd40\/","title":{"rendered":"DETECTEUR DOUBLE TECHNOLOGIE EXTERIEUR OTD40"},"content":{"rendered":"<h3>\u00a0 \u00a0 \u00a0 \u00a0 \u00a0 \u00a0 \u00a0 \u00a0 \u00a0 \u00a0 \u00a0 \u00a0 \u00a0 \u00a0 \u00a0 \u00a0 \u00a0 DETECTEUR DOUBLE TECHNOLOGIE EXTERIEUR OTD40<\/h3>\n<h4><em>DESCRIPTION<\/em><\/h4>\n<p data-start=\"296\" data-end=\"472\">Le <strong data-start=\"299\" data-end=\"310\">OTD-40T<\/strong> est un <strong data-start=\"318\" data-end=\"360\">d\u00e9tecteur ext\u00e9rieur triple technologie<\/strong> combinant <strong data-start=\"371\" data-end=\"403\">PIR + PIR + micro-ondes (MW)<\/strong> pour une <strong data-start=\"413\" data-end=\"469\">protection avanc\u00e9e contre les intrusions ext\u00e9rieures<\/strong>.<\/p>\n<p data-start=\"474\" data-end=\"681\">Il offre <strong data-start=\"483\" data-end=\"511\">trois modes de d\u00e9tection<\/strong> sur <strong data-start=\"516\" data-end=\"547\">deux niveaux de sensibilit\u00e9<\/strong>, permettant d\u2019optimiser la d\u00e9tection selon l\u2019environnement et de <strong data-start=\"613\" data-end=\"678\">maximiser la pr\u00e9cision tout en minimisant les fausses alarmes<\/strong>.<\/p>\n<p data-start=\"683\" data-end=\"1058\">Outre les modes classiques <strong data-start=\"710\" data-end=\"716\">ET<\/strong> et <strong data-start=\"720\" data-end=\"726\">OU<\/strong>, le d\u00e9tecteur dispose d\u2019un <strong data-start=\"754\" data-end=\"769\">mode \u00ab EI \u00bb<\/strong> pour pr\u00e9venir les sabotages caus\u00e9s par des pulv\u00e9risations sur l\u2019objectif. Sa conception est <strong data-start=\"862\" data-end=\"884\">totalement \u00e9tanche<\/strong>, adapt\u00e9e aux installations ext\u00e9rieures. Il inclut \u00e9galement un <strong data-start=\"948\" data-end=\"985\">r\u00e9glage automatique anti-masquage<\/strong> et une <strong data-start=\"993\" data-end=\"1019\">m\u00e9moire de type alarme<\/strong> pour un suivi efficace des \u00e9v\u00e9nements.<\/p>\n<hr data-start=\"1060\" data-end=\"1063\" \/>\n<h2 data-section-id=\"128riy1\" data-start=\"1065\" data-end=\"1096\">Caract\u00e9ristiques principales<\/h2>\n<ul data-start=\"1097\" data-end=\"1584\">\n<li data-section-id=\"a84o2l\" data-start=\"1097\" data-end=\"1158\">D\u00e9tecteur ext\u00e9rieur <strong data-start=\"1119\" data-end=\"1141\">triple technologie<\/strong> : PIR + PIR + MW<\/li>\n<li data-section-id=\"1jcfp8\" data-start=\"1159\" data-end=\"1218\">Trois modes de d\u00e9tection avec deux niveaux de sensibilit\u00e9<\/li>\n<li data-section-id=\"o6of1t\" data-start=\"1219\" data-end=\"1292\">Modes de fonctionnement : <strong data-start=\"1247\" data-end=\"1261\">ET, OU, EI<\/strong> pour s\u00e9curit\u00e9 et anti-sabotage<\/li>\n<li data-section-id=\"103b6h8\" data-start=\"1293\" data-end=\"1343\">Conception <strong data-start=\"1306\" data-end=\"1322\">100% \u00e9tanche<\/strong> pour usage ext\u00e9rieur<\/li>\n<li data-section-id=\"1om4pnn\" data-start=\"1344\" data-end=\"1379\">R\u00e9glage automatique anti-masquage<\/li>\n<li data-section-id=\"1hg28gk\" data-start=\"1380\" data-end=\"1415\">M\u00e9moire int\u00e9gr\u00e9e pour les alarmes<\/li>\n<li data-section-id=\"19g3jgz\" data-start=\"1416\" data-end=\"1504\">Optimisation entre <strong data-start=\"1437\" data-end=\"1471\">capacit\u00e9 de d\u00e9tection maximale<\/strong> et <strong data-start=\"1475\" data-end=\"1504\">fausses alarmes minimales<\/strong><\/li>\n<li data-section-id=\"166l74j\" data-start=\"1505\" data-end=\"1584\">Adapt\u00e9 aux environnements commerciaux, industriels et r\u00e9sidentiels ext\u00e9rieurs<\/li>\n<\/ul>\n<hr data-start=\"1586\" data-end=\"1589\" \/>\n<h2 data-section-id=\"1ilt2zm\" data-start=\"1591\" data-end=\"1621\">Caract\u00e9ristiques techniques<\/h2>\n<div class=\"TyagGW_tableContainer\">\n<div class=\"group TyagGW_tableWrapper flex flex-col-reverse w-fit\">\n<table class=\"w-fit min-w-(--thread-content-width)\" data-start=\"1622\" data-end=\"2109\">\n<thead data-start=\"1622\" data-end=\"1644\">\n<tr data-start=\"1622\" data-end=\"1644\">\n<th class=\"\" data-start=\"1622\" data-end=\"1634\" data-col-size=\"sm\">Param\u00e8tre<\/th>\n<th class=\"\" data-start=\"1634\" data-end=\"1644\" data-col-size=\"md\">Valeur<\/th>\n<\/tr>\n<\/thead>\n<tbody data-start=\"1668\" data-end=\"2109\">\n<tr data-start=\"1668\" data-end=\"1734\">\n<td data-start=\"1668\" data-end=\"1675\" data-col-size=\"sm\">Type<\/td>\n<td data-start=\"1675\" data-end=\"1734\" data-col-size=\"md\">D\u00e9tecteur ext\u00e9rieur triple technologie (PIR + PIR + MW)<\/td>\n<\/tr>\n<tr data-start=\"1735\" data-end=\"1772\">\n<td data-start=\"1735\" data-end=\"1749\" data-col-size=\"sm\">Technologie<\/td>\n<td data-start=\"1749\" data-end=\"1772\" data-col-size=\"md\">2 PIR + micro-ondes<\/td>\n<\/tr>\n<tr data-start=\"1773\" data-end=\"1829\">\n<td data-start=\"1773\" data-end=\"1799\" data-col-size=\"sm\">Modes de fonctionnement<\/td>\n<td data-col-size=\"md\" data-start=\"1799\" data-end=\"1829\">ET, OU, EI (anti-sabotage)<\/td>\n<\/tr>\n<tr data-start=\"1830\" data-end=\"1870\">\n<td data-start=\"1830\" data-end=\"1844\" data-col-size=\"sm\">Sensibilit\u00e9<\/td>\n<td data-col-size=\"md\" data-start=\"1844\" data-end=\"1870\">R\u00e9glable sur 2 niveaux<\/td>\n<\/tr>\n<tr data-start=\"1871\" data-end=\"1934\">\n<td data-start=\"1871\" data-end=\"1884\" data-col-size=\"sm\">Protection<\/td>\n<td data-start=\"1884\" data-end=\"1934\" data-col-size=\"md\">Enti\u00e8rement \u00e9tanche, anti-masquage automatique<\/td>\n<\/tr>\n<tr data-start=\"1935\" data-end=\"1969\">\n<td data-start=\"1935\" data-end=\"1945\" data-col-size=\"sm\">M\u00e9moire<\/td>\n<td data-start=\"1945\" data-end=\"1969\" data-col-size=\"md\">Type alarme int\u00e9gr\u00e9e<\/td>\n<\/tr>\n<tr data-start=\"1970\" data-end=\"2013\">\n<td data-start=\"1970\" data-end=\"1985\" data-col-size=\"sm\">Installation<\/td>\n<td data-start=\"1985\" data-end=\"2013\" data-col-size=\"md\">Ext\u00e9rieur, mur ou poteau<\/td>\n<\/tr>\n<tr data-start=\"2014\" data-end=\"2073\">\n<td data-start=\"2014\" data-end=\"2022\" data-col-size=\"sm\">Usage<\/td>\n<td data-start=\"2022\" data-end=\"2073\" data-col-size=\"md\">R\u00e9sidentiel, commercial et industriel ext\u00e9rieur<\/td>\n<\/tr>\n<\/tbody>\n<\/table>\n<\/div>\n<\/div>\n","protected":false},"excerpt":{"rendered":"<h4><em>DESCRIPTION<\/em><\/h4>\n<p data-start=\"296\" data-end=\"472\">Le <strong data-start=\"299\" data-end=\"310\">OTD-40T<\/strong> est un <strong data-start=\"318\" data-end=\"360\">d\u00e9tecteur ext\u00e9rieur triple technologie<\/strong> combinant <strong data-start=\"371\" data-end=\"403\">PIR + PIR + micro-ondes (MW)<\/strong> pour une <strong data-start=\"413\" data-end=\"469\">protection avanc\u00e9e contre les intrusions ext\u00e9rieures<\/strong>.<\/p>\n<p data-start=\"474\" data-end=\"681\">Il offre <strong data-start=\"483\" data-end=\"511\">trois modes de d\u00e9tection<\/strong> sur <strong data-start=\"516\" data-end=\"547\">deux niveaux de sensibilit\u00e9<\/strong>, permettant d\u2019optimiser la d\u00e9tection selon l\u2019environnement et de <strong data-start=\"613\" data-end=\"678\">maximiser la pr\u00e9cision tout en minimisant les fausses alarmes<\/strong>.<\/p>\n<p data-start=\"683\" data-end=\"1058\">Outre les modes classiques <strong data-start=\"710\" data-end=\"716\">ET<\/strong> et <strong data-start=\"720\" data-end=\"726\">OU<\/strong>, le d\u00e9tecteur dispose d\u2019un <strong data-start=\"754\" data-end=\"769\">mode \u00ab EI \u00bb<\/strong> pour pr\u00e9venir les sabotages caus\u00e9s par des pulv\u00e9risations sur l\u2019objectif. Sa conception est <strong data-start=\"862\" data-end=\"884\">totalement \u00e9tanche<\/strong>, adapt\u00e9e aux installations ext\u00e9rieures. Il inclut \u00e9galement un <strong data-start=\"948\" data-end=\"985\">r\u00e9glage automatique anti-masquage<\/strong> et une <strong data-start=\"993\" data-end=\"1019\">m\u00e9moire de type alarme<\/strong> pour un suivi efficace des \u00e9v\u00e9nements.<\/p>\n","protected":false},"featured_media":11172,"comment_status":"open","ping_status":"closed","template":"","meta":[],"product_brand":[],"product_cat":[147],"product_tag":[],"class_list":{"0":"post-11171","1":"product","2":"type-product","3":"status-publish","4":"has-post-thumbnail","6":"product_cat-anti-intrusion","8":"first","9":"instock","10":"shipping-taxable","11":"product-type-simple"},"yoast_head":"<!-- This site is optimized with the Yoast SEO Premium plugin v26.2 (Yoast SEO v26.2) - https:\/\/yoast.com\/wordpress\/plugins\/seo\/ -->\n<title>DETECTEUR DOUBLE TECHNOLOGIE EXTERIEUR OTD40 - ADC Electronique<\/title>\n<meta name=\"robots\" content=\"index, follow, max-snippet:-1, max-image-preview:large, max-video-preview:-1\" \/>\n<link rel=\"canonical\" href=\"https:\/\/adcelectronique.com\/index.php\/product\/detecteur-double-technologie-exterieur-otd40\/\" \/>\n<meta property=\"og:locale\" content=\"fr_FR\" \/>\n<meta property=\"og:type\" content=\"article\" \/>\n<meta property=\"og:title\" content=\"DETECTEUR DOUBLE TECHNOLOGIE EXTERIEUR OTD40\" \/>\n<meta property=\"og:description\" content=\"DESCRIPTION Le OTD-40T est un d\u00e9tecteur ext\u00e9rieur triple technologie combinant PIR + PIR + micro-ondes (MW) pour une protection avanc\u00e9e contre les intrusions ext\u00e9rieures. Il offre trois modes de d\u00e9tection sur deux niveaux de sensibilit\u00e9, permettant d\u2019optimiser la d\u00e9tection selon l\u2019environnement et de maximiser la pr\u00e9cision tout en minimisant les fausses alarmes. Outre les modes classiques ET et OU, le d\u00e9tecteur dispose d\u2019un mode \u00ab EI \u00bb pour pr\u00e9venir les sabotages caus\u00e9s par des pulv\u00e9risations sur l\u2019objectif. Sa conception est totalement \u00e9tanche, adapt\u00e9e aux installations ext\u00e9rieures. Il inclut \u00e9galement un r\u00e9glage automatique anti-masquage et une m\u00e9moire de type alarme pour un suivi efficace des \u00e9v\u00e9nements.\" \/>\n<meta property=\"og:url\" content=\"https:\/\/adcelectronique.com\/index.php\/product\/detecteur-double-technologie-exterieur-otd40\/\" \/>\n<meta property=\"og:site_name\" content=\"ADC Electronique\" \/>\n<meta property=\"article:modified_time\" content=\"2026-03-30T09:56:01+00:00\" \/>\n<meta property=\"og:image\" content=\"https:\/\/adcelectronique.com\/wp-content\/uploads\/2026\/03\/TL21-Detecteur-exterieur-double-technologie-OTD40.jpg\" \/>\n\t<meta property=\"og:image:width\" content=\"225\" \/>\n\t<meta property=\"og:image:height\" content=\"225\" \/>\n\t<meta property=\"og:image:type\" content=\"image\/jpeg\" \/>\n<meta name=\"twitter:card\" content=\"summary_large_image\" \/>\n<meta name=\"twitter:label1\" content=\"Dur\u00e9e de lecture estim\u00e9e\" \/>\n\t<meta name=\"twitter:data1\" content=\"2 minutes\" \/>\n<script type=\"application\/ld+json\" class=\"yoast-schema-graph\">{\"@context\":\"https:\/\/schema.org\",\"@graph\":[{\"@type\":\"WebPage\",\"@id\":\"https:\/\/adcelectronique.com\/index.php\/product\/detecteur-double-technologie-exterieur-otd40\/\",\"url\":\"https:\/\/adcelectronique.com\/index.php\/product\/detecteur-double-technologie-exterieur-otd40\/\",\"name\":\"DETECTEUR DOUBLE TECHNOLOGIE EXTERIEUR OTD40 - ADC Electronique\",\"isPartOf\":{\"@id\":\"https:\/\/adcelectronique.com\/#website\"},\"primaryImageOfPage\":{\"@id\":\"https:\/\/adcelectronique.com\/index.php\/product\/detecteur-double-technologie-exterieur-otd40\/#primaryimage\"},\"image\":{\"@id\":\"https:\/\/adcelectronique.com\/index.php\/product\/detecteur-double-technologie-exterieur-otd40\/#primaryimage\"},\"thumbnailUrl\":\"https:\/\/adcelectronique.com\/wp-content\/uploads\/2026\/03\/TL21-Detecteur-exterieur-double-technologie-OTD40.jpg\",\"datePublished\":\"2026-03-30T09:56:00+00:00\",\"dateModified\":\"2026-03-30T09:56:01+00:00\",\"breadcrumb\":{\"@id\":\"https:\/\/adcelectronique.com\/index.php\/product\/detecteur-double-technologie-exterieur-otd40\/#breadcrumb\"},\"inLanguage\":\"fr-FR\",\"potentialAction\":[{\"@type\":\"ReadAction\",\"target\":[\"https:\/\/adcelectronique.com\/index.php\/product\/detecteur-double-technologie-exterieur-otd40\/\"]}]},{\"@type\":\"ImageObject\",\"inLanguage\":\"fr-FR\",\"@id\":\"https:\/\/adcelectronique.com\/index.php\/product\/detecteur-double-technologie-exterieur-otd40\/#primaryimage\",\"url\":\"https:\/\/adcelectronique.com\/wp-content\/uploads\/2026\/03\/TL21-Detecteur-exterieur-double-technologie-OTD40.jpg\",\"contentUrl\":\"https:\/\/adcelectronique.com\/wp-content\/uploads\/2026\/03\/TL21-Detecteur-exterieur-double-technologie-OTD40.jpg\",\"width\":225,\"height\":225},{\"@type\":\"BreadcrumbList\",\"@id\":\"https:\/\/adcelectronique.com\/index.php\/product\/detecteur-double-technologie-exterieur-otd40\/#breadcrumb\",\"itemListElement\":[{\"@type\":\"ListItem\",\"position\":1,\"name\":\"Home\",\"item\":\"https:\/\/adcelectronique.com\/\"},{\"@type\":\"ListItem\",\"position\":2,\"name\":\"Shop\",\"item\":\"https:\/\/adcelectronique.com\/index.php\/shop\/\"},{\"@type\":\"ListItem\",\"position\":3,\"name\":\"DETECTEUR DOUBLE TECHNOLOGIE EXTERIEUR OTD40\"}]},{\"@type\":\"WebSite\",\"@id\":\"https:\/\/adcelectronique.com\/#website\",\"url\":\"https:\/\/adcelectronique.com\/\",\"name\":\"ADC Electronique\",\"description\":\"\",\"potentialAction\":[{\"@type\":\"SearchAction\",\"target\":{\"@type\":\"EntryPoint\",\"urlTemplate\":\"https:\/\/adcelectronique.com\/?s={search_term_string}\"},\"query-input\":{\"@type\":\"PropertyValueSpecification\",\"valueRequired\":true,\"valueName\":\"search_term_string\"}}],\"inLanguage\":\"fr-FR\"}]}<\/script>\n<!-- \/ Yoast SEO Premium plugin. -->","yoast_head_json":{"title":"DETECTEUR DOUBLE TECHNOLOGIE EXTERIEUR OTD40 - ADC Electronique","robots":{"index":"index","follow":"follow","max-snippet":"max-snippet:-1","max-image-preview":"max-image-preview:large","max-video-preview":"max-video-preview:-1"},"canonical":"https:\/\/adcelectronique.com\/index.php\/product\/detecteur-double-technologie-exterieur-otd40\/","og_locale":"fr_FR","og_type":"article","og_title":"DETECTEUR DOUBLE TECHNOLOGIE EXTERIEUR OTD40","og_description":"DESCRIPTION Le OTD-40T est un d\u00e9tecteur ext\u00e9rieur triple technologie combinant PIR + PIR + micro-ondes (MW) pour une protection avanc\u00e9e contre les intrusions ext\u00e9rieures. Il offre trois modes de d\u00e9tection sur deux niveaux de sensibilit\u00e9, permettant d\u2019optimiser la d\u00e9tection selon l\u2019environnement et de maximiser la pr\u00e9cision tout en minimisant les fausses alarmes. Outre les modes classiques ET et OU, le d\u00e9tecteur dispose d\u2019un mode \u00ab EI \u00bb pour pr\u00e9venir les sabotages caus\u00e9s par des pulv\u00e9risations sur l\u2019objectif. Sa conception est totalement \u00e9tanche, adapt\u00e9e aux installations ext\u00e9rieures. Il inclut \u00e9galement un r\u00e9glage automatique anti-masquage et une m\u00e9moire de type alarme pour un suivi efficace des \u00e9v\u00e9nements.","og_url":"https:\/\/adcelectronique.com\/index.php\/product\/detecteur-double-technologie-exterieur-otd40\/","og_site_name":"ADC Electronique","article_modified_time":"2026-03-30T09:56:01+00:00","og_image":[{"width":225,"height":225,"url":"https:\/\/adcelectronique.com\/wp-content\/uploads\/2026\/03\/TL21-Detecteur-exterieur-double-technologie-OTD40.jpg","type":"image\/jpeg"}],"twitter_card":"summary_large_image","twitter_misc":{"Dur\u00e9e de lecture estim\u00e9e":"2 minutes"},"schema":{"@context":"https:\/\/schema.org","@graph":[{"@type":"WebPage","@id":"https:\/\/adcelectronique.com\/index.php\/product\/detecteur-double-technologie-exterieur-otd40\/","url":"https:\/\/adcelectronique.com\/index.php\/product\/detecteur-double-technologie-exterieur-otd40\/","name":"DETECTEUR DOUBLE TECHNOLOGIE EXTERIEUR OTD40 - ADC Electronique","isPartOf":{"@id":"https:\/\/adcelectronique.com\/#website"},"primaryImageOfPage":{"@id":"https:\/\/adcelectronique.com\/index.php\/product\/detecteur-double-technologie-exterieur-otd40\/#primaryimage"},"image":{"@id":"https:\/\/adcelectronique.com\/index.php\/product\/detecteur-double-technologie-exterieur-otd40\/#primaryimage"},"thumbnailUrl":"https:\/\/adcelectronique.com\/wp-content\/uploads\/2026\/03\/TL21-Detecteur-exterieur-double-technologie-OTD40.jpg","datePublished":"2026-03-30T09:56:00+00:00","dateModified":"2026-03-30T09:56:01+00:00","breadcrumb":{"@id":"https:\/\/adcelectronique.com\/index.php\/product\/detecteur-double-technologie-exterieur-otd40\/#breadcrumb"},"inLanguage":"fr-FR","potentialAction":[{"@type":"ReadAction","target":["https:\/\/adcelectronique.com\/index.php\/product\/detecteur-double-technologie-exterieur-otd40\/"]}]},{"@type":"ImageObject","inLanguage":"fr-FR","@id":"https:\/\/adcelectronique.com\/index.php\/product\/detecteur-double-technologie-exterieur-otd40\/#primaryimage","url":"https:\/\/adcelectronique.com\/wp-content\/uploads\/2026\/03\/TL21-Detecteur-exterieur-double-technologie-OTD40.jpg","contentUrl":"https:\/\/adcelectronique.com\/wp-content\/uploads\/2026\/03\/TL21-Detecteur-exterieur-double-technologie-OTD40.jpg","width":225,"height":225},{"@type":"BreadcrumbList","@id":"https:\/\/adcelectronique.com\/index.php\/product\/detecteur-double-technologie-exterieur-otd40\/#breadcrumb","itemListElement":[{"@type":"ListItem","position":1,"name":"Home","item":"https:\/\/adcelectronique.com\/"},{"@type":"ListItem","position":2,"name":"Shop","item":"https:\/\/adcelectronique.com\/index.php\/shop\/"},{"@type":"ListItem","position":3,"name":"DETECTEUR DOUBLE TECHNOLOGIE EXTERIEUR OTD40"}]},{"@type":"WebSite","@id":"https:\/\/adcelectronique.com\/#website","url":"https:\/\/adcelectronique.com\/","name":"ADC Electronique","description":"","potentialAction":[{"@type":"SearchAction","target":{"@type":"EntryPoint","urlTemplate":"https:\/\/adcelectronique.com\/?s={search_term_string}"},"query-input":{"@type":"PropertyValueSpecification","valueRequired":true,"valueName":"search_term_string"}}],"inLanguage":"fr-FR"}]}},"_links":{"self":[{"href":"https:\/\/adcelectronique.com\/index.php\/wp-json\/wp\/v2\/product\/11171","targetHints":{"allow":["GET"]}}],"collection":[{"href":"https:\/\/adcelectronique.com\/index.php\/wp-json\/wp\/v2\/product"}],"about":[{"href":"https:\/\/adcelectronique.com\/index.php\/wp-json\/wp\/v2\/types\/product"}],"replies":[{"embeddable":true,"href":"https:\/\/adcelectronique.com\/index.php\/wp-json\/wp\/v2\/comments?post=11171"}],"version-history":[{"count":0,"href":"https:\/\/adcelectronique.com\/index.php\/wp-json\/wp\/v2\/product\/11171\/revisions"}],"wp:featuredmedia":[{"embeddable":true,"href":"https:\/\/adcelectronique.com\/index.php\/wp-json\/wp\/v2\/media\/11172"}],"wp:attachment":[{"href":"https:\/\/adcelectronique.com\/index.php\/wp-json\/wp\/v2\/media?parent=11171"}],"wp:term":[{"taxonomy":"product_brand","embeddable":true,"href":"https:\/\/adcelectronique.com\/index.php\/wp-json\/wp\/v2\/product_brand?post=11171"},{"taxonomy":"product_cat","embeddable":true,"href":"https:\/\/adcelectronique.com\/index.php\/wp-json\/wp\/v2\/product_cat?post=11171"},{"taxonomy":"product_tag","embeddable":true,"href":"https:\/\/adcelectronique.com\/index.php\/wp-json\/wp\/v2\/product_tag?post=11171"}],"curies":[{"name":"wp","href":"https:\/\/api.w.org\/{rel}","templated":true}]}}