{"id":11180,"date":"2026-03-30T10:13:33","date_gmt":"2026-03-30T10:13:33","guid":{"rendered":"https:\/\/adcelectronique.com\/?post_type=product&#038;p=11180"},"modified":"2026-03-30T10:13:34","modified_gmt":"2026-03-30T10:13:34","slug":"barriere-infra-rouge-exterieur-2-faisseaux-100m","status":"publish","type":"product","link":"https:\/\/adcelectronique.com\/index.php\/product\/barriere-infra-rouge-exterieur-2-faisseaux-100m\/","title":{"rendered":"\u00a0BARRIERE INFRA-ROUGE EXTERIEUR 2 FAISSEAUX 100M"},"content":{"rendered":"<h3>\u00a0 \u00a0 \u00a0 \u00a0 \u00a0 \u00a0 \u00a0 \u00a0 \u00a0 \u00a0 \u00a0 \u00a0 \u00a0 \u00a0 \u00a0 \u00a0 \u00a0 BARRIERE INFRA-ROUGE EXTERIEUR 2 FAISSEAUX 100M<\/h3>\n<h4><em>DESCRIPTION<\/em><\/h4>\n<p data-start=\"304\" data-end=\"727\"><strong data-start=\"310\" data-end=\"344\">barri\u00e8re infrarouge ext\u00e9rieure<\/strong> est con\u00e7ue pour la <strong data-start=\"364\" data-end=\"407\">protection p\u00e9rim\u00e9trique professionnelle<\/strong> avec une port\u00e9e maximale de <strong data-start=\"436\" data-end=\"450\">100 m\u00e8tres<\/strong>.<br data-start=\"451\" data-end=\"454\" \/>Elle utilise <strong data-start=\"467\" data-end=\"494\">2 faisceaux infrarouges<\/strong> pour d\u00e9tecter les intrusions avec pr\u00e9cision et int\u00e8gre des <strong data-start=\"554\" data-end=\"595\">colonnes modulaires ultra-r\u00e9sistantes<\/strong>, offrant une vue de <strong data-start=\"616\" data-end=\"631\">180\u00b0 \u00e0 360\u00b0<\/strong>. Son installation est simple gr\u00e2ce \u00e0 l\u2019<strong data-start=\"671\" data-end=\"692\">alignement facile<\/strong> et aux <strong data-start=\"700\" data-end=\"726\">canaux s\u00e9lectionnables<\/strong>.<\/p>\n<hr data-start=\"729\" data-end=\"732\" \/>\n<h2 data-section-id=\"16ak9sf\" data-start=\"734\" data-end=\"748\">Points cl\u00e9s<\/h2>\n<ul data-start=\"749\" data-end=\"1216\">\n<li data-section-id=\"1y1uel5\" data-start=\"749\" data-end=\"802\"><strong data-start=\"751\" data-end=\"777\">2 faisceaux infrarouge<\/strong> pour d\u00e9tection pr\u00e9cise<\/li>\n<li data-section-id=\"ybvdnr\" data-start=\"803\" data-end=\"836\"><strong data-start=\"805\" data-end=\"826\">Port\u00e9e ext\u00e9rieure<\/strong> : 100 m<\/li>\n<li data-section-id=\"1et8ok7\" data-start=\"837\" data-end=\"899\"><strong data-start=\"839\" data-end=\"867\">4 canaux s\u00e9lectionnables<\/strong> pour \u00e9viter les interf\u00e9rences<\/li>\n<li data-section-id=\"1ra767c\" data-start=\"900\" data-end=\"975\"><strong data-start=\"902\" data-end=\"930\">Chauffage r\u00e9gul\u00e9 int\u00e9gr\u00e9<\/strong> pour fonctionnement fiable par temps froid<\/li>\n<li data-section-id=\"1omf554\" data-start=\"976\" data-end=\"1042\"><strong data-start=\"978\" data-end=\"1007\">Fonction disqualification<\/strong> pour r\u00e9duire les fausses alarmes<\/li>\n<li data-section-id=\"8jnt0b\" data-start=\"1043\" data-end=\"1109\"><strong data-start=\"1045\" data-end=\"1068\">Colonnes modulaires<\/strong> permettant une couverture 180\u00b0 et 360\u00b0<\/li>\n<li data-section-id=\"s5e36m\" data-start=\"1110\" data-end=\"1161\"><strong data-start=\"1112\" data-end=\"1142\">Colonnes ultra-r\u00e9sistantes<\/strong> jusqu\u2019\u00e0 3 m\u00e8tres<\/li>\n<li data-section-id=\"1bj07jb\" data-start=\"1162\" data-end=\"1216\"><strong data-start=\"1164\" data-end=\"1185\">Alignement facile<\/strong> pour une installation rapide<\/li>\n<\/ul>\n<hr data-start=\"1218\" data-end=\"1221\" \/>\n<h2 data-section-id=\"1ilt2zm\" data-start=\"1223\" data-end=\"1253\">Caract\u00e9ristiques techniques<\/h2>\n<div class=\"TyagGW_tableContainer\">\n<div class=\"group TyagGW_tableWrapper flex flex-col-reverse w-fit\">\n<table class=\"w-fit min-w-(--thread-content-width)\" data-start=\"1254\" data-end=\"1785\">\n<thead data-start=\"1254\" data-end=\"1276\">\n<tr data-start=\"1254\" data-end=\"1276\">\n<th class=\"\" data-start=\"1254\" data-end=\"1266\" data-col-size=\"sm\">Param\u00e8tre<\/th>\n<th class=\"\" data-start=\"1266\" data-end=\"1276\" data-col-size=\"md\">Valeur<\/th>\n<\/tr>\n<\/thead>\n<tbody data-start=\"1300\" data-end=\"1785\">\n<tr data-start=\"1300\" data-end=\"1341\">\n<td data-start=\"1300\" data-end=\"1307\" data-col-size=\"sm\">Type<\/td>\n<td data-start=\"1307\" data-end=\"1341\" data-col-size=\"md\">Barri\u00e8re infrarouge ext\u00e9rieure<\/td>\n<\/tr>\n<tr data-start=\"1342\" data-end=\"1369\">\n<td data-start=\"1342\" data-end=\"1364\" data-col-size=\"sm\">Nombre de faisceaux<\/td>\n<td data-start=\"1364\" data-end=\"1369\" data-col-size=\"md\">2<\/td>\n<\/tr>\n<tr data-start=\"1370\" data-end=\"1388\">\n<td data-start=\"1370\" data-end=\"1379\" data-col-size=\"sm\">Port\u00e9e<\/td>\n<td data-start=\"1379\" data-end=\"1388\" data-col-size=\"md\">100 m<\/td>\n<\/tr>\n<tr data-start=\"1389\" data-end=\"1426\">\n<td data-start=\"1389\" data-end=\"1398\" data-col-size=\"sm\">Canaux<\/td>\n<td data-start=\"1398\" data-end=\"1426\" data-col-size=\"md\">4 canaux s\u00e9lectionnables<\/td>\n<\/tr>\n<tr data-start=\"1427\" data-end=\"1457\">\n<td data-start=\"1427\" data-end=\"1439\" data-col-size=\"sm\">Chauffage<\/td>\n<td data-start=\"1439\" data-end=\"1457\" data-col-size=\"md\">R\u00e9gul\u00e9 int\u00e9gr\u00e9<\/td>\n<\/tr>\n<tr data-start=\"1458\" data-end=\"1510\">\n<td data-start=\"1458\" data-end=\"1490\" data-col-size=\"sm\">Protection anti-fausse alarme<\/td>\n<td data-start=\"1490\" data-end=\"1510\" data-col-size=\"md\">Disqualification<\/td>\n<\/tr>\n<tr data-start=\"1511\" data-end=\"1568\">\n<td data-start=\"1511\" data-end=\"1522\" data-col-size=\"sm\">Colonnes<\/td>\n<td data-start=\"1522\" data-end=\"1568\" data-col-size=\"md\">Modulaires, ultra-r\u00e9sistantes, jusqu\u2019\u00e0 3 m<\/td>\n<\/tr>\n<tr data-start=\"1569\" data-end=\"1610\">\n<td data-start=\"1569\" data-end=\"1575\" data-col-size=\"sm\">Vue<\/td>\n<td data-start=\"1575\" data-end=\"1610\" data-col-size=\"md\">180\u00b0 \u2013 360\u00b0 selon configuration<\/td>\n<\/tr>\n<tr data-start=\"1611\" data-end=\"1644\">\n<td data-start=\"1611\" data-end=\"1624\" data-col-size=\"sm\">Alignement<\/td>\n<td data-start=\"1624\" data-end=\"1644\" data-col-size=\"md\">Facile et rapide<\/td>\n<\/tr>\n<tr data-start=\"1645\" data-end=\"1691\">\n<td data-start=\"1645\" data-end=\"1655\" data-col-size=\"sm\">Montage<\/td>\n<td data-start=\"1655\" data-end=\"1691\" data-col-size=\"md\">Ext\u00e9rieur, sur cl\u00f4ture ou poteau<\/td>\n<\/tr>\n<tr data-start=\"1692\" data-end=\"1749\">\n<td data-start=\"1692\" data-end=\"1700\" data-col-size=\"sm\">Usage<\/td>\n<td data-start=\"1700\" data-end=\"1749\" data-col-size=\"md\">R\u00e9sidentiel, commercial, industriel ext\u00e9rieur<\/td>\n<\/tr>\n<\/tbody>\n<\/table>\n<\/div>\n<\/div>\n<p>&nbsp;<\/p>\n","protected":false},"excerpt":{"rendered":"<h4><em>DESCRIPTION<\/em><\/h4>\n<p data-start=\"304\" data-end=\"727\"><strong data-start=\"310\" data-end=\"344\">barri\u00e8re infrarouge ext\u00e9rieure<\/strong> est con\u00e7ue pour la <strong data-start=\"364\" data-end=\"407\">protection p\u00e9rim\u00e9trique professionnelle<\/strong> avec une port\u00e9e maximale de <strong data-start=\"436\" data-end=\"450\">100 m\u00e8tres<\/strong>.<br data-start=\"451\" data-end=\"454\" \/>Elle utilise <strong data-start=\"467\" data-end=\"494\">2 faisceaux infrarouges<\/strong> pour d\u00e9tecter les intrusions avec pr\u00e9cision et int\u00e8gre des <strong data-start=\"554\" data-end=\"595\">colonnes modulaires ultra-r\u00e9sistantes<\/strong>, offrant une vue de <strong data-start=\"616\" data-end=\"631\">180\u00b0 \u00e0 360\u00b0<\/strong>. Son installation est simple gr\u00e2ce \u00e0 l\u2019<strong data-start=\"671\" data-end=\"692\">alignement facile<\/strong> et aux <strong data-start=\"700\" data-end=\"726\">canaux s\u00e9lectionnables<\/strong>.<\/p>\n","protected":false},"featured_media":11181,"comment_status":"open","ping_status":"closed","template":"","meta":[],"product_brand":[],"product_cat":[147],"product_tag":[],"class_list":{"0":"post-11180","1":"product","2":"type-product","3":"status-publish","4":"has-post-thumbnail","6":"product_cat-anti-intrusion","8":"first","9":"instock","10":"shipping-taxable","11":"product-type-simple"},"yoast_head":"<!-- This site is optimized with the Yoast SEO Premium plugin v26.2 (Yoast SEO v26.2) - https:\/\/yoast.com\/wordpress\/plugins\/seo\/ -->\n<title>\u00a0BARRIERE INFRA-ROUGE EXTERIEUR 2 FAISSEAUX 100M - ADC Electronique<\/title>\n<meta name=\"robots\" content=\"index, follow, max-snippet:-1, max-image-preview:large, max-video-preview:-1\" \/>\n<link rel=\"canonical\" href=\"https:\/\/adcelectronique.com\/index.php\/product\/barriere-infra-rouge-exterieur-2-faisseaux-100m\/\" \/>\n<meta property=\"og:locale\" content=\"fr_FR\" \/>\n<meta property=\"og:type\" content=\"article\" \/>\n<meta property=\"og:title\" content=\"\u00a0BARRIERE INFRA-ROUGE EXTERIEUR 2 FAISSEAUX 100M\" \/>\n<meta property=\"og:description\" content=\"DESCRIPTION barri\u00e8re infrarouge ext\u00e9rieure est con\u00e7ue pour la protection p\u00e9rim\u00e9trique professionnelle avec une port\u00e9e maximale de 100 m\u00e8tres.Elle utilise 2 faisceaux infrarouges pour d\u00e9tecter les intrusions avec pr\u00e9cision et int\u00e8gre des colonnes modulaires ultra-r\u00e9sistantes, offrant une vue de 180\u00b0 \u00e0 360\u00b0. Son installation est simple gr\u00e2ce \u00e0 l\u2019alignement facile et aux canaux s\u00e9lectionnables.\" \/>\n<meta property=\"og:url\" content=\"https:\/\/adcelectronique.com\/index.php\/product\/barriere-infra-rouge-exterieur-2-faisseaux-100m\/\" \/>\n<meta property=\"og:site_name\" content=\"ADC Electronique\" \/>\n<meta property=\"article:modified_time\" content=\"2026-03-30T10:13:34+00:00\" \/>\n<meta property=\"og:image\" content=\"https:\/\/adcelectronique.com\/wp-content\/uploads\/2026\/03\/51Ozv-cmDzL._AC_UF10001000_QL80_.jpg\" \/>\n\t<meta property=\"og:image:width\" content=\"1000\" \/>\n\t<meta property=\"og:image:height\" content=\"865\" \/>\n\t<meta property=\"og:image:type\" content=\"image\/jpeg\" \/>\n<meta name=\"twitter:card\" content=\"summary_large_image\" \/>\n<meta name=\"twitter:label1\" content=\"Dur\u00e9e de lecture estim\u00e9e\" \/>\n\t<meta name=\"twitter:data1\" content=\"1 minute\" \/>\n<script type=\"application\/ld+json\" class=\"yoast-schema-graph\">{\"@context\":\"https:\/\/schema.org\",\"@graph\":[{\"@type\":\"WebPage\",\"@id\":\"https:\/\/adcelectronique.com\/index.php\/product\/barriere-infra-rouge-exterieur-2-faisseaux-100m\/\",\"url\":\"https:\/\/adcelectronique.com\/index.php\/product\/barriere-infra-rouge-exterieur-2-faisseaux-100m\/\",\"name\":\"\u00a0BARRIERE INFRA-ROUGE EXTERIEUR 2 FAISSEAUX 100M - ADC Electronique\",\"isPartOf\":{\"@id\":\"https:\/\/adcelectronique.com\/#website\"},\"primaryImageOfPage\":{\"@id\":\"https:\/\/adcelectronique.com\/index.php\/product\/barriere-infra-rouge-exterieur-2-faisseaux-100m\/#primaryimage\"},\"image\":{\"@id\":\"https:\/\/adcelectronique.com\/index.php\/product\/barriere-infra-rouge-exterieur-2-faisseaux-100m\/#primaryimage\"},\"thumbnailUrl\":\"https:\/\/adcelectronique.com\/wp-content\/uploads\/2026\/03\/51Ozv-cmDzL._AC_UF10001000_QL80_.jpg\",\"datePublished\":\"2026-03-30T10:13:33+00:00\",\"dateModified\":\"2026-03-30T10:13:34+00:00\",\"breadcrumb\":{\"@id\":\"https:\/\/adcelectronique.com\/index.php\/product\/barriere-infra-rouge-exterieur-2-faisseaux-100m\/#breadcrumb\"},\"inLanguage\":\"fr-FR\",\"potentialAction\":[{\"@type\":\"ReadAction\",\"target\":[\"https:\/\/adcelectronique.com\/index.php\/product\/barriere-infra-rouge-exterieur-2-faisseaux-100m\/\"]}]},{\"@type\":\"ImageObject\",\"inLanguage\":\"fr-FR\",\"@id\":\"https:\/\/adcelectronique.com\/index.php\/product\/barriere-infra-rouge-exterieur-2-faisseaux-100m\/#primaryimage\",\"url\":\"https:\/\/adcelectronique.com\/wp-content\/uploads\/2026\/03\/51Ozv-cmDzL._AC_UF10001000_QL80_.jpg\",\"contentUrl\":\"https:\/\/adcelectronique.com\/wp-content\/uploads\/2026\/03\/51Ozv-cmDzL._AC_UF10001000_QL80_.jpg\",\"width\":1000,\"height\":865},{\"@type\":\"BreadcrumbList\",\"@id\":\"https:\/\/adcelectronique.com\/index.php\/product\/barriere-infra-rouge-exterieur-2-faisseaux-100m\/#breadcrumb\",\"itemListElement\":[{\"@type\":\"ListItem\",\"position\":1,\"name\":\"Home\",\"item\":\"https:\/\/adcelectronique.com\/\"},{\"@type\":\"ListItem\",\"position\":2,\"name\":\"Shop\",\"item\":\"https:\/\/adcelectronique.com\/index.php\/shop\/\"},{\"@type\":\"ListItem\",\"position\":3,\"name\":\"\u00a0BARRIERE INFRA-ROUGE EXTERIEUR 2 FAISSEAUX 100M\"}]},{\"@type\":\"WebSite\",\"@id\":\"https:\/\/adcelectronique.com\/#website\",\"url\":\"https:\/\/adcelectronique.com\/\",\"name\":\"ADC Electronique\",\"description\":\"\",\"potentialAction\":[{\"@type\":\"SearchAction\",\"target\":{\"@type\":\"EntryPoint\",\"urlTemplate\":\"https:\/\/adcelectronique.com\/?s={search_term_string}\"},\"query-input\":{\"@type\":\"PropertyValueSpecification\",\"valueRequired\":true,\"valueName\":\"search_term_string\"}}],\"inLanguage\":\"fr-FR\"}]}<\/script>\n<!-- \/ Yoast SEO Premium plugin. -->","yoast_head_json":{"title":"\u00a0BARRIERE INFRA-ROUGE EXTERIEUR 2 FAISSEAUX 100M - ADC Electronique","robots":{"index":"index","follow":"follow","max-snippet":"max-snippet:-1","max-image-preview":"max-image-preview:large","max-video-preview":"max-video-preview:-1"},"canonical":"https:\/\/adcelectronique.com\/index.php\/product\/barriere-infra-rouge-exterieur-2-faisseaux-100m\/","og_locale":"fr_FR","og_type":"article","og_title":"\u00a0BARRIERE INFRA-ROUGE EXTERIEUR 2 FAISSEAUX 100M","og_description":"DESCRIPTION barri\u00e8re infrarouge ext\u00e9rieure est con\u00e7ue pour la protection p\u00e9rim\u00e9trique professionnelle avec une port\u00e9e maximale de 100 m\u00e8tres.Elle utilise 2 faisceaux infrarouges pour d\u00e9tecter les intrusions avec pr\u00e9cision et int\u00e8gre des colonnes modulaires ultra-r\u00e9sistantes, offrant une vue de 180\u00b0 \u00e0 360\u00b0. Son installation est simple gr\u00e2ce \u00e0 l\u2019alignement facile et aux canaux s\u00e9lectionnables.","og_url":"https:\/\/adcelectronique.com\/index.php\/product\/barriere-infra-rouge-exterieur-2-faisseaux-100m\/","og_site_name":"ADC Electronique","article_modified_time":"2026-03-30T10:13:34+00:00","og_image":[{"width":1000,"height":865,"url":"https:\/\/adcelectronique.com\/wp-content\/uploads\/2026\/03\/51Ozv-cmDzL._AC_UF10001000_QL80_.jpg","type":"image\/jpeg"}],"twitter_card":"summary_large_image","twitter_misc":{"Dur\u00e9e de lecture estim\u00e9e":"1 minute"},"schema":{"@context":"https:\/\/schema.org","@graph":[{"@type":"WebPage","@id":"https:\/\/adcelectronique.com\/index.php\/product\/barriere-infra-rouge-exterieur-2-faisseaux-100m\/","url":"https:\/\/adcelectronique.com\/index.php\/product\/barriere-infra-rouge-exterieur-2-faisseaux-100m\/","name":"\u00a0BARRIERE INFRA-ROUGE EXTERIEUR 2 FAISSEAUX 100M - ADC Electronique","isPartOf":{"@id":"https:\/\/adcelectronique.com\/#website"},"primaryImageOfPage":{"@id":"https:\/\/adcelectronique.com\/index.php\/product\/barriere-infra-rouge-exterieur-2-faisseaux-100m\/#primaryimage"},"image":{"@id":"https:\/\/adcelectronique.com\/index.php\/product\/barriere-infra-rouge-exterieur-2-faisseaux-100m\/#primaryimage"},"thumbnailUrl":"https:\/\/adcelectronique.com\/wp-content\/uploads\/2026\/03\/51Ozv-cmDzL._AC_UF10001000_QL80_.jpg","datePublished":"2026-03-30T10:13:33+00:00","dateModified":"2026-03-30T10:13:34+00:00","breadcrumb":{"@id":"https:\/\/adcelectronique.com\/index.php\/product\/barriere-infra-rouge-exterieur-2-faisseaux-100m\/#breadcrumb"},"inLanguage":"fr-FR","potentialAction":[{"@type":"ReadAction","target":["https:\/\/adcelectronique.com\/index.php\/product\/barriere-infra-rouge-exterieur-2-faisseaux-100m\/"]}]},{"@type":"ImageObject","inLanguage":"fr-FR","@id":"https:\/\/adcelectronique.com\/index.php\/product\/barriere-infra-rouge-exterieur-2-faisseaux-100m\/#primaryimage","url":"https:\/\/adcelectronique.com\/wp-content\/uploads\/2026\/03\/51Ozv-cmDzL._AC_UF10001000_QL80_.jpg","contentUrl":"https:\/\/adcelectronique.com\/wp-content\/uploads\/2026\/03\/51Ozv-cmDzL._AC_UF10001000_QL80_.jpg","width":1000,"height":865},{"@type":"BreadcrumbList","@id":"https:\/\/adcelectronique.com\/index.php\/product\/barriere-infra-rouge-exterieur-2-faisseaux-100m\/#breadcrumb","itemListElement":[{"@type":"ListItem","position":1,"name":"Home","item":"https:\/\/adcelectronique.com\/"},{"@type":"ListItem","position":2,"name":"Shop","item":"https:\/\/adcelectronique.com\/index.php\/shop\/"},{"@type":"ListItem","position":3,"name":"\u00a0BARRIERE INFRA-ROUGE EXTERIEUR 2 FAISSEAUX 100M"}]},{"@type":"WebSite","@id":"https:\/\/adcelectronique.com\/#website","url":"https:\/\/adcelectronique.com\/","name":"ADC Electronique","description":"","potentialAction":[{"@type":"SearchAction","target":{"@type":"EntryPoint","urlTemplate":"https:\/\/adcelectronique.com\/?s={search_term_string}"},"query-input":{"@type":"PropertyValueSpecification","valueRequired":true,"valueName":"search_term_string"}}],"inLanguage":"fr-FR"}]}},"_links":{"self":[{"href":"https:\/\/adcelectronique.com\/index.php\/wp-json\/wp\/v2\/product\/11180","targetHints":{"allow":["GET"]}}],"collection":[{"href":"https:\/\/adcelectronique.com\/index.php\/wp-json\/wp\/v2\/product"}],"about":[{"href":"https:\/\/adcelectronique.com\/index.php\/wp-json\/wp\/v2\/types\/product"}],"replies":[{"embeddable":true,"href":"https:\/\/adcelectronique.com\/index.php\/wp-json\/wp\/v2\/comments?post=11180"}],"version-history":[{"count":0,"href":"https:\/\/adcelectronique.com\/index.php\/wp-json\/wp\/v2\/product\/11180\/revisions"}],"wp:featuredmedia":[{"embeddable":true,"href":"https:\/\/adcelectronique.com\/index.php\/wp-json\/wp\/v2\/media\/11181"}],"wp:attachment":[{"href":"https:\/\/adcelectronique.com\/index.php\/wp-json\/wp\/v2\/media?parent=11180"}],"wp:term":[{"taxonomy":"product_brand","embeddable":true,"href":"https:\/\/adcelectronique.com\/index.php\/wp-json\/wp\/v2\/product_brand?post=11180"},{"taxonomy":"product_cat","embeddable":true,"href":"https:\/\/adcelectronique.com\/index.php\/wp-json\/wp\/v2\/product_cat?post=11180"},{"taxonomy":"product_tag","embeddable":true,"href":"https:\/\/adcelectronique.com\/index.php\/wp-json\/wp\/v2\/product_tag?post=11180"}],"curies":[{"name":"wp","href":"https:\/\/api.w.org\/{rel}","templated":true}]}}