{"id":11184,"date":"2026-04-01T08:20:18","date_gmt":"2026-04-01T08:20:18","guid":{"rendered":"https:\/\/adcelectronique.com\/?post_type=product&#038;p=11184"},"modified":"2026-04-01T08:20:19","modified_gmt":"2026-04-01T08:20:19","slug":"centrale-anti-incendie-adressable-iris8","status":"publish","type":"product","link":"https:\/\/adcelectronique.com\/index.php\/product\/centrale-anti-incendie-adressable-iris8\/","title":{"rendered":"CENTRALE ANTI INCENDIE ADRESSABLE IRIS8"},"content":{"rendered":"<h3 class=\"product_title entry-title wd-entities-title\">\u00a0 \u00a0 \u00a0 \u00a0 \u00a0 \u00a0 \u00a0 \u00a0 \u00a0 \u00a0 \u00a0 \u00a0 \u00a0 \u00a0 \u00a0 \u00a0 \u00a0 \u00a0 \u00a0 \u00a0 \u00a0 \u00a0 CENTRALE ANTI INCENDIE ADRESSABLE IRIS8<\/h3>\n<h2>Description<\/h2>\n<p data-start=\"276\" data-end=\"563\"><strong data-start=\"276\" data-end=\"287\">IRIS8 B<\/strong> est une <strong data-start=\"296\" data-end=\"364\">centrale de d\u00e9tection incendie adressable de derni\u00e8re g\u00e9n\u00e9ration<\/strong>, d\u00e9velopp\u00e9e par <strong data-start=\"381\" data-end=\"404\">Teletek Electronics<\/strong>. Elle est con\u00e7ue pour r\u00e9pondre aux besoins des <strong data-start=\"452\" data-end=\"491\">b\u00e2timents de petite \u00e0 grande taille<\/strong> gr\u00e2ce \u00e0 son <strong data-start=\"504\" data-end=\"530\">architecture modulaire<\/strong> et ses fonctionnalit\u00e9s avanc\u00e9es.<\/p>\n<p data-start=\"565\" data-end=\"809\">Dot\u00e9e d\u2019une structure de boucles <strong data-start=\"598\" data-end=\"620\">\u00ab 4+4 \u00bb extensible<\/strong>, elle permet une int\u00e9gration simple dans diff\u00e9rents projets et peut fonctionner avec la <strong data-start=\"709\" data-end=\"758\">nouvelle gamme de d\u00e9tecteurs sans fil Teletek<\/strong>, offrant ainsi une solution flexible et \u00e9volutive.<\/p>\n<hr data-start=\"811\" data-end=\"814\" \/>\n<h2 data-section-id=\"128riy1\" data-start=\"816\" data-end=\"847\">Caract\u00e9ristiques principales<\/h2>\n<ul data-start=\"848\" data-end=\"1256\">\n<li data-section-id=\"yjhv6l\" data-start=\"848\" data-end=\"905\">Centrale incendie <strong data-start=\"868\" data-end=\"905\">adressable de derni\u00e8re g\u00e9n\u00e9ration<\/strong><\/li>\n<li data-section-id=\"r2ppqv\" data-start=\"906\" data-end=\"945\">Structure modulaire <strong data-start=\"928\" data-end=\"945\">4 + 4 boucles<\/strong><\/li>\n<li data-section-id=\"ddecg8\" data-start=\"946\" data-end=\"998\">Adapt\u00e9e aux <strong data-start=\"960\" data-end=\"998\">petits, moyens et grands b\u00e2timents<\/strong><\/li>\n<li data-section-id=\"rvpz0v\" data-start=\"999\" data-end=\"1064\">Compatible avec les <strong data-start=\"1021\" data-end=\"1064\">d\u00e9tecteurs filaires et sans fil Teletek<\/strong><\/li>\n<li data-section-id=\"1mcnlo6\" data-start=\"1065\" data-end=\"1120\">Gestion avanc\u00e9e des dispositifs de d\u00e9tection incendie<\/li>\n<li data-section-id=\"1pc8wj7\" data-start=\"1121\" data-end=\"1152\">Interface simple et intuitive<\/li>\n<li data-section-id=\"14dkejb\" data-start=\"1153\" data-end=\"1189\">Installation flexible et \u00e9volutive<\/li>\n<li data-section-id=\"1pce9ka\" data-start=\"1190\" data-end=\"1256\">Id\u00e9ale pour b\u00e2timents commerciaux, industriels et administratifs<\/li>\n<\/ul>\n<hr data-start=\"1258\" data-end=\"1261\" \/>\n<h2 data-section-id=\"1ilt2zm\" data-start=\"1263\" data-end=\"1293\">Caract\u00e9ristiques techniques<\/h2>\n<div class=\"TyagGW_tableContainer\">\n<div class=\"group TyagGW_tableWrapper flex flex-col-reverse w-fit\">\n<table class=\"w-fit min-w-(--thread-content-width)\" data-start=\"1294\" data-end=\"1672\">\n<thead data-start=\"1294\" data-end=\"1316\">\n<tr data-start=\"1294\" data-end=\"1316\">\n<th class=\"\" data-start=\"1294\" data-end=\"1306\" data-col-size=\"sm\">Param\u00e8tre<\/th>\n<th class=\"\" data-start=\"1306\" data-end=\"1316\" data-col-size=\"md\">Valeur<\/th>\n<\/tr>\n<\/thead>\n<tbody data-start=\"1340\" data-end=\"1672\">\n<tr data-start=\"1340\" data-end=\"1392\">\n<td data-start=\"1340\" data-end=\"1347\" data-col-size=\"sm\">Type<\/td>\n<td data-start=\"1347\" data-end=\"1392\" data-col-size=\"md\">Centrale de d\u00e9tection incendie adressable<\/td>\n<\/tr>\n<tr data-start=\"1393\" data-end=\"1434\">\n<td data-start=\"1393\" data-end=\"1405\" data-col-size=\"sm\">Structure<\/td>\n<td data-start=\"1405\" data-end=\"1434\" data-col-size=\"md\">Modulaire \u2013 4 + 4 boucles<\/td>\n<\/tr>\n<tr data-start=\"1435\" data-end=\"1458\">\n<td data-start=\"1435\" data-end=\"1451\" data-col-size=\"sm\">Extensibilit\u00e9<\/td>\n<td data-start=\"1451\" data-end=\"1458\" data-col-size=\"md\">Oui<\/td>\n<\/tr>\n<tr data-start=\"1459\" data-end=\"1518\">\n<td data-start=\"1459\" data-end=\"1475\" data-col-size=\"sm\">Compatibilit\u00e9<\/td>\n<td data-start=\"1475\" data-end=\"1518\" data-col-size=\"md\">D\u00e9tecteurs filaires et sans fil Teletek<\/td>\n<\/tr>\n<tr data-start=\"1519\" data-end=\"1588\">\n<td data-start=\"1519\" data-end=\"1534\" data-col-size=\"sm\">Installation<\/td>\n<td data-start=\"1534\" data-end=\"1588\" data-col-size=\"md\">B\u00e2timents r\u00e9sidentiels, commerciaux et industriels<\/td>\n<\/tr>\n<tr data-start=\"1589\" data-end=\"1636\">\n<td data-start=\"1589\" data-end=\"1603\" data-col-size=\"sm\">Technologie<\/td>\n<td data-start=\"1603\" data-end=\"1636\" data-col-size=\"md\">D\u00e9tection incendie adressable<\/td>\n<\/tr>\n<tr data-start=\"1637\" data-end=\"1672\">\n<td data-start=\"1637\" data-end=\"1649\" data-col-size=\"sm\">Fabricant<\/td>\n<td data-start=\"1649\" data-end=\"1672\" data-col-size=\"md\">Teletek Electronics<\/td>\n<\/tr>\n<\/tbody>\n<\/table>\n<\/div>\n<\/div>\n","protected":false},"excerpt":{"rendered":"<h2>Description<\/h2>\n<p data-start=\"276\" data-end=\"563\"><strong data-start=\"276\" data-end=\"287\">IRIS8 B<\/strong> est une <strong data-start=\"296\" data-end=\"364\">centrale de d\u00e9tection incendie adressable de derni\u00e8re g\u00e9n\u00e9ration<\/strong>, d\u00e9velopp\u00e9e par <strong data-start=\"381\" data-end=\"404\">Teletek Electronics<\/strong>. Elle est con\u00e7ue pour r\u00e9pondre aux besoins des <strong data-start=\"452\" data-end=\"491\">b\u00e2timents de petite \u00e0 grande taille<\/strong> gr\u00e2ce \u00e0 son <strong data-start=\"504\" data-end=\"530\">architecture modulaire<\/strong> et ses fonctionnalit\u00e9s avanc\u00e9es.<\/p>\n<p data-start=\"565\" data-end=\"809\">Dot\u00e9e d\u2019une structure de boucles <strong data-start=\"598\" data-end=\"620\">\u00ab 4+4 \u00bb extensible<\/strong>, elle permet une int\u00e9gration simple dans diff\u00e9rents projets et peut fonctionner avec la <strong data-start=\"709\" data-end=\"758\">nouvelle gamme de d\u00e9tecteurs sans fil Teletek<\/strong>, offrant ainsi une solution flexible et \u00e9volutive.<\/p>\n","protected":false},"featured_media":11185,"comment_status":"open","ping_status":"closed","template":"","meta":[],"product_brand":[149],"product_cat":[153],"product_tag":[],"class_list":{"0":"post-11184","1":"product","2":"type-product","3":"status-publish","4":"has-post-thumbnail","6":"product_brand-teletek","7":"product_cat-system-detection-incendie-adressable","9":"first","10":"instock","11":"shipping-taxable","12":"product-type-simple"},"yoast_head":"<!-- This site is optimized with the Yoast SEO Premium plugin v26.2 (Yoast SEO v26.2) - https:\/\/yoast.com\/wordpress\/plugins\/seo\/ -->\n<title>CENTRALE ANTI INCENDIE ADRESSABLE IRIS8 - ADC Electronique<\/title>\n<meta name=\"robots\" content=\"index, follow, max-snippet:-1, max-image-preview:large, max-video-preview:-1\" \/>\n<link rel=\"canonical\" href=\"https:\/\/adcelectronique.com\/index.php\/product\/centrale-anti-incendie-adressable-iris8\/\" \/>\n<meta property=\"og:locale\" content=\"fr_FR\" \/>\n<meta property=\"og:type\" content=\"article\" \/>\n<meta property=\"og:title\" content=\"CENTRALE ANTI INCENDIE ADRESSABLE IRIS8\" \/>\n<meta property=\"og:description\" content=\"Description IRIS8 B est une centrale de d\u00e9tection incendie adressable de derni\u00e8re g\u00e9n\u00e9ration, d\u00e9velopp\u00e9e par Teletek Electronics. Elle est con\u00e7ue pour r\u00e9pondre aux besoins des b\u00e2timents de petite \u00e0 grande taille gr\u00e2ce \u00e0 son architecture modulaire et ses fonctionnalit\u00e9s avanc\u00e9es. Dot\u00e9e d\u2019une structure de boucles \u00ab 4+4 \u00bb extensible, elle permet une int\u00e9gration simple dans diff\u00e9rents projets et peut fonctionner avec la nouvelle gamme de d\u00e9tecteurs sans fil Teletek, offrant ainsi une solution flexible et \u00e9volutive.\" \/>\n<meta property=\"og:url\" content=\"https:\/\/adcelectronique.com\/index.php\/product\/centrale-anti-incendie-adressable-iris8\/\" \/>\n<meta property=\"og:site_name\" content=\"ADC Electronique\" \/>\n<meta property=\"article:modified_time\" content=\"2026-04-01T08:20:19+00:00\" \/>\n<meta property=\"og:image\" content=\"https:\/\/adcelectronique.com\/wp-content\/uploads\/2026\/04\/IRIS-08-B-2.png\" \/>\n\t<meta property=\"og:image:width\" content=\"395\" \/>\n\t<meta property=\"og:image:height\" content=\"563\" \/>\n\t<meta property=\"og:image:type\" content=\"image\/png\" \/>\n<meta name=\"twitter:card\" content=\"summary_large_image\" \/>\n<meta name=\"twitter:label1\" content=\"Dur\u00e9e de lecture estim\u00e9e\" \/>\n\t<meta name=\"twitter:data1\" content=\"2 minutes\" \/>\n<script type=\"application\/ld+json\" class=\"yoast-schema-graph\">{\"@context\":\"https:\/\/schema.org\",\"@graph\":[{\"@type\":\"WebPage\",\"@id\":\"https:\/\/adcelectronique.com\/index.php\/product\/centrale-anti-incendie-adressable-iris8\/\",\"url\":\"https:\/\/adcelectronique.com\/index.php\/product\/centrale-anti-incendie-adressable-iris8\/\",\"name\":\"CENTRALE ANTI INCENDIE ADRESSABLE IRIS8 - ADC Electronique\",\"isPartOf\":{\"@id\":\"https:\/\/adcelectronique.com\/#website\"},\"primaryImageOfPage\":{\"@id\":\"https:\/\/adcelectronique.com\/index.php\/product\/centrale-anti-incendie-adressable-iris8\/#primaryimage\"},\"image\":{\"@id\":\"https:\/\/adcelectronique.com\/index.php\/product\/centrale-anti-incendie-adressable-iris8\/#primaryimage\"},\"thumbnailUrl\":\"https:\/\/adcelectronique.com\/wp-content\/uploads\/2026\/04\/IRIS-08-B-2.png\",\"datePublished\":\"2026-04-01T08:20:18+00:00\",\"dateModified\":\"2026-04-01T08:20:19+00:00\",\"breadcrumb\":{\"@id\":\"https:\/\/adcelectronique.com\/index.php\/product\/centrale-anti-incendie-adressable-iris8\/#breadcrumb\"},\"inLanguage\":\"fr-FR\",\"potentialAction\":[{\"@type\":\"ReadAction\",\"target\":[\"https:\/\/adcelectronique.com\/index.php\/product\/centrale-anti-incendie-adressable-iris8\/\"]}]},{\"@type\":\"ImageObject\",\"inLanguage\":\"fr-FR\",\"@id\":\"https:\/\/adcelectronique.com\/index.php\/product\/centrale-anti-incendie-adressable-iris8\/#primaryimage\",\"url\":\"https:\/\/adcelectronique.com\/wp-content\/uploads\/2026\/04\/IRIS-08-B-2.png\",\"contentUrl\":\"https:\/\/adcelectronique.com\/wp-content\/uploads\/2026\/04\/IRIS-08-B-2.png\",\"width\":395,\"height\":563},{\"@type\":\"BreadcrumbList\",\"@id\":\"https:\/\/adcelectronique.com\/index.php\/product\/centrale-anti-incendie-adressable-iris8\/#breadcrumb\",\"itemListElement\":[{\"@type\":\"ListItem\",\"position\":1,\"name\":\"Home\",\"item\":\"https:\/\/adcelectronique.com\/\"},{\"@type\":\"ListItem\",\"position\":2,\"name\":\"Shop\",\"item\":\"https:\/\/adcelectronique.com\/index.php\/shop\/\"},{\"@type\":\"ListItem\",\"position\":3,\"name\":\"CENTRALE ANTI INCENDIE ADRESSABLE IRIS8\"}]},{\"@type\":\"WebSite\",\"@id\":\"https:\/\/adcelectronique.com\/#website\",\"url\":\"https:\/\/adcelectronique.com\/\",\"name\":\"ADC Electronique\",\"description\":\"\",\"potentialAction\":[{\"@type\":\"SearchAction\",\"target\":{\"@type\":\"EntryPoint\",\"urlTemplate\":\"https:\/\/adcelectronique.com\/?s={search_term_string}\"},\"query-input\":{\"@type\":\"PropertyValueSpecification\",\"valueRequired\":true,\"valueName\":\"search_term_string\"}}],\"inLanguage\":\"fr-FR\"}]}<\/script>\n<!-- \/ Yoast SEO Premium plugin. -->","yoast_head_json":{"title":"CENTRALE ANTI INCENDIE ADRESSABLE IRIS8 - ADC Electronique","robots":{"index":"index","follow":"follow","max-snippet":"max-snippet:-1","max-image-preview":"max-image-preview:large","max-video-preview":"max-video-preview:-1"},"canonical":"https:\/\/adcelectronique.com\/index.php\/product\/centrale-anti-incendie-adressable-iris8\/","og_locale":"fr_FR","og_type":"article","og_title":"CENTRALE ANTI INCENDIE ADRESSABLE IRIS8","og_description":"Description IRIS8 B est une centrale de d\u00e9tection incendie adressable de derni\u00e8re g\u00e9n\u00e9ration, d\u00e9velopp\u00e9e par Teletek Electronics. Elle est con\u00e7ue pour r\u00e9pondre aux besoins des b\u00e2timents de petite \u00e0 grande taille gr\u00e2ce \u00e0 son architecture modulaire et ses fonctionnalit\u00e9s avanc\u00e9es. Dot\u00e9e d\u2019une structure de boucles \u00ab 4+4 \u00bb extensible, elle permet une int\u00e9gration simple dans diff\u00e9rents projets et peut fonctionner avec la nouvelle gamme de d\u00e9tecteurs sans fil Teletek, offrant ainsi une solution flexible et \u00e9volutive.","og_url":"https:\/\/adcelectronique.com\/index.php\/product\/centrale-anti-incendie-adressable-iris8\/","og_site_name":"ADC Electronique","article_modified_time":"2026-04-01T08:20:19+00:00","og_image":[{"width":395,"height":563,"url":"https:\/\/adcelectronique.com\/wp-content\/uploads\/2026\/04\/IRIS-08-B-2.png","type":"image\/png"}],"twitter_card":"summary_large_image","twitter_misc":{"Dur\u00e9e de lecture estim\u00e9e":"2 minutes"},"schema":{"@context":"https:\/\/schema.org","@graph":[{"@type":"WebPage","@id":"https:\/\/adcelectronique.com\/index.php\/product\/centrale-anti-incendie-adressable-iris8\/","url":"https:\/\/adcelectronique.com\/index.php\/product\/centrale-anti-incendie-adressable-iris8\/","name":"CENTRALE ANTI INCENDIE ADRESSABLE IRIS8 - ADC Electronique","isPartOf":{"@id":"https:\/\/adcelectronique.com\/#website"},"primaryImageOfPage":{"@id":"https:\/\/adcelectronique.com\/index.php\/product\/centrale-anti-incendie-adressable-iris8\/#primaryimage"},"image":{"@id":"https:\/\/adcelectronique.com\/index.php\/product\/centrale-anti-incendie-adressable-iris8\/#primaryimage"},"thumbnailUrl":"https:\/\/adcelectronique.com\/wp-content\/uploads\/2026\/04\/IRIS-08-B-2.png","datePublished":"2026-04-01T08:20:18+00:00","dateModified":"2026-04-01T08:20:19+00:00","breadcrumb":{"@id":"https:\/\/adcelectronique.com\/index.php\/product\/centrale-anti-incendie-adressable-iris8\/#breadcrumb"},"inLanguage":"fr-FR","potentialAction":[{"@type":"ReadAction","target":["https:\/\/adcelectronique.com\/index.php\/product\/centrale-anti-incendie-adressable-iris8\/"]}]},{"@type":"ImageObject","inLanguage":"fr-FR","@id":"https:\/\/adcelectronique.com\/index.php\/product\/centrale-anti-incendie-adressable-iris8\/#primaryimage","url":"https:\/\/adcelectronique.com\/wp-content\/uploads\/2026\/04\/IRIS-08-B-2.png","contentUrl":"https:\/\/adcelectronique.com\/wp-content\/uploads\/2026\/04\/IRIS-08-B-2.png","width":395,"height":563},{"@type":"BreadcrumbList","@id":"https:\/\/adcelectronique.com\/index.php\/product\/centrale-anti-incendie-adressable-iris8\/#breadcrumb","itemListElement":[{"@type":"ListItem","position":1,"name":"Home","item":"https:\/\/adcelectronique.com\/"},{"@type":"ListItem","position":2,"name":"Shop","item":"https:\/\/adcelectronique.com\/index.php\/shop\/"},{"@type":"ListItem","position":3,"name":"CENTRALE ANTI INCENDIE ADRESSABLE IRIS8"}]},{"@type":"WebSite","@id":"https:\/\/adcelectronique.com\/#website","url":"https:\/\/adcelectronique.com\/","name":"ADC Electronique","description":"","potentialAction":[{"@type":"SearchAction","target":{"@type":"EntryPoint","urlTemplate":"https:\/\/adcelectronique.com\/?s={search_term_string}"},"query-input":{"@type":"PropertyValueSpecification","valueRequired":true,"valueName":"search_term_string"}}],"inLanguage":"fr-FR"}]}},"_links":{"self":[{"href":"https:\/\/adcelectronique.com\/index.php\/wp-json\/wp\/v2\/product\/11184","targetHints":{"allow":["GET"]}}],"collection":[{"href":"https:\/\/adcelectronique.com\/index.php\/wp-json\/wp\/v2\/product"}],"about":[{"href":"https:\/\/adcelectronique.com\/index.php\/wp-json\/wp\/v2\/types\/product"}],"replies":[{"embeddable":true,"href":"https:\/\/adcelectronique.com\/index.php\/wp-json\/wp\/v2\/comments?post=11184"}],"version-history":[{"count":0,"href":"https:\/\/adcelectronique.com\/index.php\/wp-json\/wp\/v2\/product\/11184\/revisions"}],"wp:featuredmedia":[{"embeddable":true,"href":"https:\/\/adcelectronique.com\/index.php\/wp-json\/wp\/v2\/media\/11185"}],"wp:attachment":[{"href":"https:\/\/adcelectronique.com\/index.php\/wp-json\/wp\/v2\/media?parent=11184"}],"wp:term":[{"taxonomy":"product_brand","embeddable":true,"href":"https:\/\/adcelectronique.com\/index.php\/wp-json\/wp\/v2\/product_brand?post=11184"},{"taxonomy":"product_cat","embeddable":true,"href":"https:\/\/adcelectronique.com\/index.php\/wp-json\/wp\/v2\/product_cat?post=11184"},{"taxonomy":"product_tag","embeddable":true,"href":"https:\/\/adcelectronique.com\/index.php\/wp-json\/wp\/v2\/product_tag?post=11184"}],"curies":[{"name":"wp","href":"https:\/\/api.w.org\/{rel}","templated":true}]}}