{"id":11198,"date":"2026-04-01T08:39:27","date_gmt":"2026-04-01T08:39:27","guid":{"rendered":"https:\/\/adcelectronique.com\/?post_type=product&#038;p=11198"},"modified":"2026-04-01T08:39:28","modified_gmt":"2026-04-01T08:39:28","slug":"logiciel-observer-supervision-des-centrales-incendie-iris-iris-pro","status":"publish","type":"product","link":"https:\/\/adcelectronique.com\/index.php\/product\/logiciel-observer-supervision-des-centrales-incendie-iris-iris-pro\/","title":{"rendered":"Logiciel OBSERVER \u2013 Supervision des centrales incendie IRIS \/ IRIS PRO"},"content":{"rendered":"<h3>\u00a0 \u00a0 \u00a0 \u00a0 \u00a0 \u00a0 \u00a0 \u00a0 \u00a0 \u00a0 \u00a0 \u00a0 Logiciel OBSERVER \u2013 Supervision des centrales incendie IRIS \/ IRIS PRO<\/h3>\n<h2>Description<\/h2>\n<p data-start=\"274\" data-end=\"443\"><strong data-start=\"274\" data-end=\"286\">OBSERVER<\/strong> est un <strong data-start=\"294\" data-end=\"328\">logiciel de supervision avanc\u00e9<\/strong> con\u00e7u pour la <strong data-start=\"343\" data-end=\"440\">surveillance centralis\u00e9e des sites \u00e9quip\u00e9s de centrales incendie adressables IRIS et IRIS PRO<\/strong>.<\/p>\n<p data-start=\"445\" data-end=\"668\">Il permet une <strong data-start=\"459\" data-end=\"525\">visualisation en temps r\u00e9el des alarmes, d\u00e9fauts et \u00e9v\u00e9nements<\/strong>, tout en offrant une gestion claire et intuitive des installations de s\u00e9curit\u00e9 incendie dans les environnements professionnels et industriels.<\/p>\n<hr data-start=\"670\" data-end=\"673\" \/>\n<h2 data-section-id=\"128riy1\" data-start=\"675\" data-end=\"706\">Caract\u00e9ristiques principales<\/h2>\n<ul data-start=\"707\" data-end=\"1096\">\n<li data-section-id=\"144ti6s\" data-start=\"707\" data-end=\"777\">Logiciel de supervision pour <strong data-start=\"738\" data-end=\"777\">centrales incendie IRIS et IRIS PRO<\/strong><\/li>\n<li data-section-id=\"3mpml0\" data-start=\"778\" data-end=\"829\">Affichage en temps r\u00e9el des alarmes et \u00e9v\u00e9nements<\/li>\n<li data-section-id=\"iv1jjk\" data-start=\"830\" data-end=\"872\">Interface intuitive et facile \u00e0 utiliser<\/li>\n<li data-section-id=\"tmzybn\" data-start=\"873\" data-end=\"917\">Supervision centralis\u00e9e de plusieurs sites<\/li>\n<li data-section-id=\"xo69p2\" data-start=\"918\" data-end=\"962\">Gestion et suivi des \u00e9v\u00e9nements du syst\u00e8me<\/li>\n<li data-section-id=\"647i9d\" data-start=\"963\" data-end=\"1023\">Adapt\u00e9 aux installations professionnelles et industrielles<\/li>\n<li data-section-id=\"1f1hsbb\" data-start=\"1024\" data-end=\"1096\">Compatible avec les syst\u00e8mes de d\u00e9tection incendie adressables Teletek<\/li>\n<\/ul>\n<hr data-start=\"1098\" data-end=\"1101\" \/>\n<h2 data-section-id=\"1uhpli1\" data-start=\"1103\" data-end=\"1121\">Fonctionnalit\u00e9s<\/h2>\n<ul data-start=\"1122\" data-end=\"1356\">\n<li data-section-id=\"nfgbgt\" data-start=\"1122\" data-end=\"1170\">Visualisation en direct des alarmes incendie<\/li>\n<li data-section-id=\"gqjl8k\" data-start=\"1171\" data-end=\"1212\">Suivi des d\u00e9fauts et \u00e9tats du syst\u00e8me<\/li>\n<li data-section-id=\"1aw4xmd\" data-start=\"1213\" data-end=\"1242\">Historique des \u00e9v\u00e9nements<\/li>\n<li data-section-id=\"ykh54h\" data-start=\"1243\" data-end=\"1270\">Supervision multi-sites<\/li>\n<li data-section-id=\"512mec\" data-start=\"1271\" data-end=\"1310\">Interface claire et professionnelle<\/li>\n<li data-section-id=\"8yy26z\" data-start=\"1311\" data-end=\"1356\">Gestion centralis\u00e9e des syst\u00e8mes incendie<\/li>\n<\/ul>\n<hr data-start=\"1358\" data-end=\"1361\" \/>\n<h2 data-section-id=\"1ilt2zm\" data-start=\"1363\" data-end=\"1393\">Caract\u00e9ristiques techniques<\/h2>\n<div class=\"TyagGW_tableContainer\">\n<div class=\"group TyagGW_tableWrapper flex flex-col-reverse w-fit\">\n<table class=\"w-fit min-w-(--thread-content-width)\" data-start=\"1394\" data-end=\"1750\">\n<thead data-start=\"1394\" data-end=\"1416\">\n<tr data-start=\"1394\" data-end=\"1416\">\n<th class=\"\" data-start=\"1394\" data-end=\"1406\" data-col-size=\"sm\">Param\u00e8tre<\/th>\n<th class=\"\" data-start=\"1406\" data-end=\"1416\" data-col-size=\"md\">Valeur<\/th>\n<\/tr>\n<\/thead>\n<tbody data-start=\"1440\" data-end=\"1750\">\n<tr data-start=\"1440\" data-end=\"1483\">\n<td data-start=\"1440\" data-end=\"1447\" data-col-size=\"sm\">Type<\/td>\n<td data-start=\"1447\" data-end=\"1483\" data-col-size=\"md\">Logiciel de supervision incendie<\/td>\n<\/tr>\n<tr data-start=\"1484\" data-end=\"1530\">\n<td data-start=\"1484\" data-end=\"1500\" data-col-size=\"sm\">Compatibilit\u00e9<\/td>\n<td data-start=\"1500\" data-end=\"1530\" data-col-size=\"md\">Centrales IRIS et IRIS PRO<\/td>\n<\/tr>\n<tr data-start=\"1531\" data-end=\"1591\">\n<td data-start=\"1531\" data-end=\"1542\" data-col-size=\"sm\">Fonction<\/td>\n<td data-start=\"1542\" data-end=\"1591\" data-col-size=\"md\">Surveillance et gestion des syst\u00e8mes incendie<\/td>\n<\/tr>\n<tr data-start=\"1592\" data-end=\"1645\">\n<td data-start=\"1592\" data-end=\"1606\" data-col-size=\"sm\">Utilisation<\/td>\n<td data-start=\"1606\" data-end=\"1645\" data-col-size=\"md\">Sites professionnels et industriels<\/td>\n<\/tr>\n<tr data-start=\"1646\" data-end=\"1714\">\n<td data-start=\"1646\" data-end=\"1658\" data-col-size=\"sm\">Interface<\/td>\n<td data-start=\"1658\" data-end=\"1714\" data-col-size=\"md\">Logiciel de supervision avec affichage en temps r\u00e9el<\/td>\n<\/tr>\n<tr data-start=\"1715\" data-end=\"1750\">\n<td data-start=\"1715\" data-end=\"1727\" data-col-size=\"sm\">Fabricant<\/td>\n<td data-start=\"1727\" data-end=\"1750\" data-col-size=\"md\">Teletek Electronics<\/td>\n<\/tr>\n<\/tbody>\n<\/table>\n<\/div>\n<\/div>\n","protected":false},"excerpt":{"rendered":"<p data-start=\"274\" data-end=\"443\"><strong data-start=\"274\" data-end=\"286\">OBSERVER<\/strong> est un <strong data-start=\"294\" data-end=\"328\">logiciel de supervision avanc\u00e9<\/strong> con\u00e7u pour la <strong data-start=\"343\" data-end=\"440\">surveillance centralis\u00e9e des sites \u00e9quip\u00e9s de centrales incendie adressables IRIS et IRIS PRO<\/strong>.<\/p>\n<p data-start=\"445\" data-end=\"668\">Il permet une <strong data-start=\"459\" data-end=\"525\">visualisation en temps r\u00e9el des alarmes, d\u00e9fauts et \u00e9v\u00e9nements<\/strong>, tout en offrant une gestion claire et intuitive des installations de s\u00e9curit\u00e9 incendie dans les environnements professionnels et industriels.<\/p>\n","protected":false},"featured_media":11199,"comment_status":"open","ping_status":"closed","template":"","meta":[],"product_brand":[149],"product_cat":[153],"product_tag":[],"class_list":{"0":"post-11198","1":"product","2":"type-product","3":"status-publish","4":"has-post-thumbnail","6":"product_brand-teletek","7":"product_cat-system-detection-incendie-adressable","9":"first","10":"instock","11":"shipping-taxable","12":"product-type-simple"},"yoast_head":"<!-- This site is optimized with the Yoast SEO Premium plugin v26.2 (Yoast SEO v26.2) - https:\/\/yoast.com\/wordpress\/plugins\/seo\/ -->\n<title>Logiciel OBSERVER \u2013 Supervision des centrales incendie IRIS \/ IRIS PRO - ADC Electronique<\/title>\n<meta name=\"robots\" content=\"index, follow, max-snippet:-1, max-image-preview:large, max-video-preview:-1\" \/>\n<link rel=\"canonical\" href=\"https:\/\/adcelectronique.com\/index.php\/product\/logiciel-observer-supervision-des-centrales-incendie-iris-iris-pro\/\" \/>\n<meta property=\"og:locale\" content=\"fr_FR\" \/>\n<meta property=\"og:type\" content=\"article\" \/>\n<meta property=\"og:title\" content=\"Logiciel OBSERVER \u2013 Supervision des centrales incendie IRIS \/ IRIS PRO\" \/>\n<meta property=\"og:description\" content=\"OBSERVER est un logiciel de supervision avanc\u00e9 con\u00e7u pour la surveillance centralis\u00e9e des sites \u00e9quip\u00e9s de centrales incendie adressables IRIS et IRIS PRO. Il permet une visualisation en temps r\u00e9el des alarmes, d\u00e9fauts et \u00e9v\u00e9nements, tout en offrant une gestion claire et intuitive des installations de s\u00e9curit\u00e9 incendie dans les environnements professionnels et industriels.\" \/>\n<meta property=\"og:url\" content=\"https:\/\/adcelectronique.com\/index.php\/product\/logiciel-observer-supervision-des-centrales-incendie-iris-iris-pro\/\" \/>\n<meta property=\"og:site_name\" content=\"ADC Electronique\" \/>\n<meta property=\"article:modified_time\" content=\"2026-04-01T08:39:28+00:00\" \/>\n<meta property=\"og:image\" content=\"https:\/\/adcelectronique.com\/wp-content\/uploads\/2026\/04\/Observer-LOG.jpg\" \/>\n\t<meta property=\"og:image:width\" content=\"500\" \/>\n\t<meta property=\"og:image:height\" content=\"269\" \/>\n\t<meta property=\"og:image:type\" content=\"image\/jpeg\" \/>\n<meta name=\"twitter:card\" content=\"summary_large_image\" \/>\n<meta name=\"twitter:label1\" content=\"Dur\u00e9e de lecture estim\u00e9e\" \/>\n\t<meta name=\"twitter:data1\" content=\"1 minute\" \/>\n<script type=\"application\/ld+json\" class=\"yoast-schema-graph\">{\"@context\":\"https:\/\/schema.org\",\"@graph\":[{\"@type\":\"WebPage\",\"@id\":\"https:\/\/adcelectronique.com\/index.php\/product\/logiciel-observer-supervision-des-centrales-incendie-iris-iris-pro\/\",\"url\":\"https:\/\/adcelectronique.com\/index.php\/product\/logiciel-observer-supervision-des-centrales-incendie-iris-iris-pro\/\",\"name\":\"Logiciel OBSERVER \u2013 Supervision des centrales incendie IRIS \/ IRIS PRO - ADC Electronique\",\"isPartOf\":{\"@id\":\"https:\/\/adcelectronique.com\/#website\"},\"primaryImageOfPage\":{\"@id\":\"https:\/\/adcelectronique.com\/index.php\/product\/logiciel-observer-supervision-des-centrales-incendie-iris-iris-pro\/#primaryimage\"},\"image\":{\"@id\":\"https:\/\/adcelectronique.com\/index.php\/product\/logiciel-observer-supervision-des-centrales-incendie-iris-iris-pro\/#primaryimage\"},\"thumbnailUrl\":\"https:\/\/adcelectronique.com\/wp-content\/uploads\/2026\/04\/Observer-LOG.jpg\",\"datePublished\":\"2026-04-01T08:39:27+00:00\",\"dateModified\":\"2026-04-01T08:39:28+00:00\",\"breadcrumb\":{\"@id\":\"https:\/\/adcelectronique.com\/index.php\/product\/logiciel-observer-supervision-des-centrales-incendie-iris-iris-pro\/#breadcrumb\"},\"inLanguage\":\"fr-FR\",\"potentialAction\":[{\"@type\":\"ReadAction\",\"target\":[\"https:\/\/adcelectronique.com\/index.php\/product\/logiciel-observer-supervision-des-centrales-incendie-iris-iris-pro\/\"]}]},{\"@type\":\"ImageObject\",\"inLanguage\":\"fr-FR\",\"@id\":\"https:\/\/adcelectronique.com\/index.php\/product\/logiciel-observer-supervision-des-centrales-incendie-iris-iris-pro\/#primaryimage\",\"url\":\"https:\/\/adcelectronique.com\/wp-content\/uploads\/2026\/04\/Observer-LOG.jpg\",\"contentUrl\":\"https:\/\/adcelectronique.com\/wp-content\/uploads\/2026\/04\/Observer-LOG.jpg\",\"width\":500,\"height\":269},{\"@type\":\"BreadcrumbList\",\"@id\":\"https:\/\/adcelectronique.com\/index.php\/product\/logiciel-observer-supervision-des-centrales-incendie-iris-iris-pro\/#breadcrumb\",\"itemListElement\":[{\"@type\":\"ListItem\",\"position\":1,\"name\":\"Home\",\"item\":\"https:\/\/adcelectronique.com\/\"},{\"@type\":\"ListItem\",\"position\":2,\"name\":\"Shop\",\"item\":\"https:\/\/adcelectronique.com\/index.php\/shop\/\"},{\"@type\":\"ListItem\",\"position\":3,\"name\":\"Logiciel OBSERVER \u2013 Supervision des centrales incendie IRIS \/ IRIS PRO\"}]},{\"@type\":\"WebSite\",\"@id\":\"https:\/\/adcelectronique.com\/#website\",\"url\":\"https:\/\/adcelectronique.com\/\",\"name\":\"ADC Electronique\",\"description\":\"\",\"potentialAction\":[{\"@type\":\"SearchAction\",\"target\":{\"@type\":\"EntryPoint\",\"urlTemplate\":\"https:\/\/adcelectronique.com\/?s={search_term_string}\"},\"query-input\":{\"@type\":\"PropertyValueSpecification\",\"valueRequired\":true,\"valueName\":\"search_term_string\"}}],\"inLanguage\":\"fr-FR\"}]}<\/script>\n<!-- \/ Yoast SEO Premium plugin. -->","yoast_head_json":{"title":"Logiciel OBSERVER \u2013 Supervision des centrales incendie IRIS \/ IRIS PRO - ADC Electronique","robots":{"index":"index","follow":"follow","max-snippet":"max-snippet:-1","max-image-preview":"max-image-preview:large","max-video-preview":"max-video-preview:-1"},"canonical":"https:\/\/adcelectronique.com\/index.php\/product\/logiciel-observer-supervision-des-centrales-incendie-iris-iris-pro\/","og_locale":"fr_FR","og_type":"article","og_title":"Logiciel OBSERVER \u2013 Supervision des centrales incendie IRIS \/ IRIS PRO","og_description":"OBSERVER est un logiciel de supervision avanc\u00e9 con\u00e7u pour la surveillance centralis\u00e9e des sites \u00e9quip\u00e9s de centrales incendie adressables IRIS et IRIS PRO. Il permet une visualisation en temps r\u00e9el des alarmes, d\u00e9fauts et \u00e9v\u00e9nements, tout en offrant une gestion claire et intuitive des installations de s\u00e9curit\u00e9 incendie dans les environnements professionnels et industriels.","og_url":"https:\/\/adcelectronique.com\/index.php\/product\/logiciel-observer-supervision-des-centrales-incendie-iris-iris-pro\/","og_site_name":"ADC Electronique","article_modified_time":"2026-04-01T08:39:28+00:00","og_image":[{"width":500,"height":269,"url":"https:\/\/adcelectronique.com\/wp-content\/uploads\/2026\/04\/Observer-LOG.jpg","type":"image\/jpeg"}],"twitter_card":"summary_large_image","twitter_misc":{"Dur\u00e9e de lecture estim\u00e9e":"1 minute"},"schema":{"@context":"https:\/\/schema.org","@graph":[{"@type":"WebPage","@id":"https:\/\/adcelectronique.com\/index.php\/product\/logiciel-observer-supervision-des-centrales-incendie-iris-iris-pro\/","url":"https:\/\/adcelectronique.com\/index.php\/product\/logiciel-observer-supervision-des-centrales-incendie-iris-iris-pro\/","name":"Logiciel OBSERVER \u2013 Supervision des centrales incendie IRIS \/ IRIS PRO - ADC Electronique","isPartOf":{"@id":"https:\/\/adcelectronique.com\/#website"},"primaryImageOfPage":{"@id":"https:\/\/adcelectronique.com\/index.php\/product\/logiciel-observer-supervision-des-centrales-incendie-iris-iris-pro\/#primaryimage"},"image":{"@id":"https:\/\/adcelectronique.com\/index.php\/product\/logiciel-observer-supervision-des-centrales-incendie-iris-iris-pro\/#primaryimage"},"thumbnailUrl":"https:\/\/adcelectronique.com\/wp-content\/uploads\/2026\/04\/Observer-LOG.jpg","datePublished":"2026-04-01T08:39:27+00:00","dateModified":"2026-04-01T08:39:28+00:00","breadcrumb":{"@id":"https:\/\/adcelectronique.com\/index.php\/product\/logiciel-observer-supervision-des-centrales-incendie-iris-iris-pro\/#breadcrumb"},"inLanguage":"fr-FR","potentialAction":[{"@type":"ReadAction","target":["https:\/\/adcelectronique.com\/index.php\/product\/logiciel-observer-supervision-des-centrales-incendie-iris-iris-pro\/"]}]},{"@type":"ImageObject","inLanguage":"fr-FR","@id":"https:\/\/adcelectronique.com\/index.php\/product\/logiciel-observer-supervision-des-centrales-incendie-iris-iris-pro\/#primaryimage","url":"https:\/\/adcelectronique.com\/wp-content\/uploads\/2026\/04\/Observer-LOG.jpg","contentUrl":"https:\/\/adcelectronique.com\/wp-content\/uploads\/2026\/04\/Observer-LOG.jpg","width":500,"height":269},{"@type":"BreadcrumbList","@id":"https:\/\/adcelectronique.com\/index.php\/product\/logiciel-observer-supervision-des-centrales-incendie-iris-iris-pro\/#breadcrumb","itemListElement":[{"@type":"ListItem","position":1,"name":"Home","item":"https:\/\/adcelectronique.com\/"},{"@type":"ListItem","position":2,"name":"Shop","item":"https:\/\/adcelectronique.com\/index.php\/shop\/"},{"@type":"ListItem","position":3,"name":"Logiciel OBSERVER \u2013 Supervision des centrales incendie IRIS \/ IRIS PRO"}]},{"@type":"WebSite","@id":"https:\/\/adcelectronique.com\/#website","url":"https:\/\/adcelectronique.com\/","name":"ADC Electronique","description":"","potentialAction":[{"@type":"SearchAction","target":{"@type":"EntryPoint","urlTemplate":"https:\/\/adcelectronique.com\/?s={search_term_string}"},"query-input":{"@type":"PropertyValueSpecification","valueRequired":true,"valueName":"search_term_string"}}],"inLanguage":"fr-FR"}]}},"_links":{"self":[{"href":"https:\/\/adcelectronique.com\/index.php\/wp-json\/wp\/v2\/product\/11198","targetHints":{"allow":["GET"]}}],"collection":[{"href":"https:\/\/adcelectronique.com\/index.php\/wp-json\/wp\/v2\/product"}],"about":[{"href":"https:\/\/adcelectronique.com\/index.php\/wp-json\/wp\/v2\/types\/product"}],"replies":[{"embeddable":true,"href":"https:\/\/adcelectronique.com\/index.php\/wp-json\/wp\/v2\/comments?post=11198"}],"version-history":[{"count":0,"href":"https:\/\/adcelectronique.com\/index.php\/wp-json\/wp\/v2\/product\/11198\/revisions"}],"wp:featuredmedia":[{"embeddable":true,"href":"https:\/\/adcelectronique.com\/index.php\/wp-json\/wp\/v2\/media\/11199"}],"wp:attachment":[{"href":"https:\/\/adcelectronique.com\/index.php\/wp-json\/wp\/v2\/media?parent=11198"}],"wp:term":[{"taxonomy":"product_brand","embeddable":true,"href":"https:\/\/adcelectronique.com\/index.php\/wp-json\/wp\/v2\/product_brand?post=11198"},{"taxonomy":"product_cat","embeddable":true,"href":"https:\/\/adcelectronique.com\/index.php\/wp-json\/wp\/v2\/product_cat?post=11198"},{"taxonomy":"product_tag","embeddable":true,"href":"https:\/\/adcelectronique.com\/index.php\/wp-json\/wp\/v2\/product_tag?post=11198"}],"curies":[{"name":"wp","href":"https:\/\/api.w.org\/{rel}","templated":true}]}}