{"id":11205,"date":"2026-04-12T08:57:12","date_gmt":"2026-04-12T08:57:12","guid":{"rendered":"https:\/\/adcelectronique.com\/?post_type=product&#038;p=11205"},"modified":"2026-04-12T08:57:13","modified_gmt":"2026-04-12T08:57:13","slug":"module-loop-iris8","status":"publish","type":"product","link":"https:\/\/adcelectronique.com\/index.php\/product\/module-loop-iris8\/","title":{"rendered":"MODULE LOOP IRIS8"},"content":{"rendered":"<h3 data-start=\"292\" data-end=\"599\">\u00a0 \u00a0 \u00a0 \u00a0 \u00a0 \u00a0 \u00a0 \u00a0 \u00a0 \u00a0 \u00a0 \u00a0 \u00a0 \u00a0 \u00a0 \u00a0 \u00a0 \u00a0 \u00a0 \u00a0 \u00a0 \u00a0 \u00a0 \u00a0 \u00a0 \u00a0 \u00a0 \u00a0 \u00a0 \u00a0 \u00a0 \u00a0 \u00a0 \u00a0 \u00a0 \u00a0 \u00a0MODULE LOOP IRIS8<\/h3>\n<h4 data-start=\"292\" data-end=\"599\">DESCRIPTION:<\/h4>\n<p data-start=\"292\" data-end=\"599\"><strong data-start=\"292\" data-end=\"306\">LOOP IRIS 8.<\/strong> est un <strong data-start=\"314\" data-end=\"366\">module d\u2019extension de boucle incendie adressable<\/strong> con\u00e7u pour augmenter les capacit\u00e9s de la centrale <strong data-start=\"417\" data-end=\"426\">IRIS8<\/strong>. Il permet d\u2019ajouter jusqu\u2019\u00e0 <strong data-start=\"456\" data-end=\"485\">4 boucles suppl\u00e9mentaires<\/strong>, offrant ainsi une solution \u00e9volutive pour les installations de d\u00e9tection incendie de moyenne \u00e0 grande envergure.<\/p>\n<p data-start=\"601\" data-end=\"667\">Le module prend en charge <strong data-start=\"627\" data-end=\"663\">deux protocoles de communication<\/strong> :<\/p>\n<ul data-start=\"668\" data-end=\"759\">\n<li data-section-id=\"1pevslg\" data-start=\"668\" data-end=\"718\"><strong data-start=\"670\" data-end=\"716\">System Sensor (s\u00e9ries 200\/500 \u2013 boucle SS)<\/strong><\/li>\n<li data-section-id=\"1ns3wel\" data-start=\"719\" data-end=\"759\"><strong data-start=\"721\" data-end=\"757\">Teletek Electronics (boucle TTE)<\/strong><\/li>\n<\/ul>\n<p data-start=\"761\" data-end=\"911\">Il est possible de <strong data-start=\"780\" data-end=\"818\">combiner les deux types de boucles<\/strong> dans une m\u00eame configuration, assurant une grande flexibilit\u00e9 selon les dispositifs utilis\u00e9s.<\/p>\n<hr data-start=\"913\" data-end=\"916\" \/>\n<h2 data-section-id=\"128riy1\" data-start=\"918\" data-end=\"949\">Caract\u00e9ristiques principales<\/h2>\n<ul data-start=\"950\" data-end=\"1335\">\n<li data-section-id=\"1k4hbjd\" data-start=\"950\" data-end=\"999\">Extension de <strong data-start=\"965\" data-end=\"999\">4 boucles incendie adressables<\/strong><\/li>\n<li data-section-id=\"euk9n1\" data-start=\"1000\" data-end=\"1039\">Compatible avec la centrale <strong data-start=\"1030\" data-end=\"1039\">IRIS8<\/strong><\/li>\n<li data-section-id=\"14wok8a\" data-start=\"1040\" data-end=\"1127\">Support des protocoles :\n<ul data-start=\"1069\" data-end=\"1127\">\n<li data-section-id=\"1avx6nu\" data-start=\"1069\" data-end=\"1093\"><strong data-start=\"1071\" data-end=\"1093\">System Sensor (SS)<\/strong><\/li>\n<li data-section-id=\"jtyqdb\" data-start=\"1096\" data-end=\"1127\"><strong data-start=\"1098\" data-end=\"1127\">Teletek Electronics (TTE)<\/strong><\/li>\n<\/ul>\n<\/li>\n<li data-section-id=\"k9k0a1\" data-start=\"1128\" data-end=\"1182\">Possibilit\u00e9 d\u2019utiliser <strong data-start=\"1153\" data-end=\"1182\">boucles mixtes (SS + TTE)<\/strong><\/li>\n<li data-section-id=\"1nc89g7\" data-start=\"1183\" data-end=\"1226\">Solution \u00e9volutive pour syst\u00e8mes incendie<\/li>\n<li data-section-id=\"1a36rlr\" data-start=\"1227\" data-end=\"1286\">Installation professionnelle avec planification optimis\u00e9e<\/li>\n<li data-section-id=\"18curpq\" data-start=\"1287\" data-end=\"1335\">Gestion simplifi\u00e9e des dispositifs adressables<\/li>\n<\/ul>\n<hr data-start=\"1337\" data-end=\"1340\" \/>\n<h2 data-section-id=\"1ilt2zm\" data-start=\"1342\" data-end=\"1372\">Caract\u00e9ristiques techniques<\/h2>\n<div class=\"TyagGW_tableContainer\">\n<div class=\"group TyagGW_tableWrapper flex flex-col-reverse w-fit\">\n<table class=\"w-fit min-w-(--thread-content-width)\" data-start=\"1373\" data-end=\"1807\">\n<thead data-start=\"1373\" data-end=\"1395\">\n<tr data-start=\"1373\" data-end=\"1395\">\n<th class=\"\" data-start=\"1373\" data-end=\"1385\" data-col-size=\"sm\">Param\u00e8tre<\/th>\n<th class=\"\" data-start=\"1385\" data-end=\"1395\" data-col-size=\"sm\">Valeur<\/th>\n<\/tr>\n<\/thead>\n<tbody data-start=\"1419\" data-end=\"1807\">\n<tr data-start=\"1419\" data-end=\"1468\">\n<td data-start=\"1419\" data-end=\"1426\" data-col-size=\"sm\">Type<\/td>\n<td data-col-size=\"sm\" data-start=\"1426\" data-end=\"1468\">Module d\u2019extension de boucles incendie<\/td>\n<\/tr>\n<tr data-start=\"1469\" data-end=\"1526\">\n<td data-start=\"1469\" data-end=\"1489\" data-col-size=\"sm\">Nombre de boucles<\/td>\n<td data-col-size=\"sm\" data-start=\"1489\" data-end=\"1526\">Jusqu\u2019\u00e0 4 boucles suppl\u00e9mentaires<\/td>\n<\/tr>\n<tr data-start=\"1527\" data-end=\"1561\">\n<td data-start=\"1527\" data-end=\"1543\" data-col-size=\"sm\">Compatibilit\u00e9<\/td>\n<td data-col-size=\"sm\" data-start=\"1543\" data-end=\"1561\">Centrale IRIS8<\/td>\n<\/tr>\n<tr data-start=\"1562\" data-end=\"1618\">\n<td data-start=\"1562\" data-end=\"1575\" data-col-size=\"sm\">Protocoles<\/td>\n<td data-col-size=\"sm\" data-start=\"1575\" data-end=\"1618\">System Sensor (200\/500) + Teletek (TTE)<\/td>\n<\/tr>\n<tr data-start=\"1619\" data-end=\"1668\">\n<td data-start=\"1619\" data-end=\"1635\" data-col-size=\"sm\">Configuration<\/td>\n<td data-col-size=\"sm\" data-start=\"1635\" data-end=\"1668\">Boucles SS et TTE combinables<\/td>\n<\/tr>\n<tr data-start=\"1669\" data-end=\"1720\">\n<td data-start=\"1669\" data-end=\"1684\" data-col-size=\"sm\">Installation<\/td>\n<td data-col-size=\"sm\" data-start=\"1684\" data-end=\"1720\">Syst\u00e8mes incendie professionnels<\/td>\n<\/tr>\n<tr data-start=\"1721\" data-end=\"1771\">\n<td data-start=\"1721\" data-end=\"1735\" data-col-size=\"sm\">Utilisation<\/td>\n<td data-col-size=\"sm\" data-start=\"1735\" data-end=\"1771\">Extension de capacit\u00e9 du syst\u00e8me<\/td>\n<\/tr>\n<tr data-start=\"1772\" data-end=\"1807\">\n<td data-start=\"1772\" data-end=\"1784\" data-col-size=\"sm\">Fabricant<\/td>\n<td data-start=\"1784\" data-end=\"1807\" data-col-size=\"sm\">Teletek Electronics<\/td>\n<\/tr>\n<\/tbody>\n<\/table>\n<\/div>\n<\/div>\n","protected":false},"excerpt":{"rendered":"<p data-start=\"292\" data-end=\"599\"><strong data-start=\"292\" data-end=\"306\">LOOP IRIS 8.<\/strong> est un <strong data-start=\"314\" data-end=\"366\">module d\u2019extension de boucle incendie adressable<\/strong> con\u00e7u pour augmenter les capacit\u00e9s de la centrale <strong data-start=\"417\" data-end=\"426\">IRIS8<\/strong>. Il permet d\u2019ajouter jusqu\u2019\u00e0 <strong data-start=\"456\" data-end=\"485\">4 boucles suppl\u00e9mentaires<\/strong>, offrant ainsi une solution \u00e9volutive pour les installations de d\u00e9tection incendie de moyenne \u00e0 grande envergure.<\/p>\n<p data-start=\"601\" data-end=\"667\">Le module prend en charge <strong data-start=\"627\" data-end=\"663\">deux protocoles de communication<\/strong> :<\/p>\n<ul data-start=\"668\" data-end=\"759\">\n<li data-section-id=\"1pevslg\" data-start=\"668\" data-end=\"718\"><strong data-start=\"670\" data-end=\"716\">System Sensor (s\u00e9ries 200\/500 \u2013 boucle SS)<\/strong><\/li>\n<li data-section-id=\"1ns3wel\" data-start=\"719\" data-end=\"759\"><strong data-start=\"721\" data-end=\"757\">Teletek Electronics (boucle TTE)<\/strong><\/li>\n<\/ul>\n<p data-start=\"761\" data-end=\"911\">Il est possible de <strong data-start=\"780\" data-end=\"818\">combiner les deux types de boucles<\/strong> dans une m\u00eame configuration, assurant une grande flexibilit\u00e9 selon les dispositifs utilis\u00e9s.<\/p>\n","protected":false},"featured_media":11206,"comment_status":"open","ping_status":"closed","template":"","meta":[],"product_brand":[149],"product_cat":[153],"product_tag":[],"class_list":{"0":"post-11205","1":"product","2":"type-product","3":"status-publish","4":"has-post-thumbnail","6":"product_brand-teletek","7":"product_cat-system-detection-incendie-adressable","9":"first","10":"instock","11":"shipping-taxable","12":"product-type-simple"},"yoast_head":"<!-- This site is optimized with the Yoast SEO Premium plugin v26.2 (Yoast SEO v26.2) - https:\/\/yoast.com\/wordpress\/plugins\/seo\/ -->\n<title>MODULE LOOP IRIS8 - ADC Electronique<\/title>\n<meta name=\"robots\" content=\"index, follow, max-snippet:-1, max-image-preview:large, max-video-preview:-1\" \/>\n<link rel=\"canonical\" href=\"https:\/\/adcelectronique.com\/index.php\/product\/module-loop-iris8\/\" \/>\n<meta property=\"og:locale\" content=\"fr_FR\" \/>\n<meta property=\"og:type\" content=\"article\" \/>\n<meta property=\"og:title\" content=\"MODULE LOOP IRIS8\" \/>\n<meta property=\"og:description\" content=\"LOOP IRIS 8. est un module d\u2019extension de boucle incendie adressable con\u00e7u pour augmenter les capacit\u00e9s de la centrale IRIS8. Il permet d\u2019ajouter jusqu\u2019\u00e0 4 boucles suppl\u00e9mentaires, offrant ainsi une solution \u00e9volutive pour les installations de d\u00e9tection incendie de moyenne \u00e0 grande envergure. Le module prend en charge deux protocoles de communication :    System Sensor (s\u00e9ries 200\/500 \u2013 boucle SS)  Teletek Electronics (boucle TTE)  Il est possible de combiner les deux types de boucles dans une m\u00eame configuration, assurant une grande flexibilit\u00e9 selon les dispositifs utilis\u00e9s.\" \/>\n<meta property=\"og:url\" content=\"https:\/\/adcelectronique.com\/index.php\/product\/module-loop-iris8\/\" \/>\n<meta property=\"og:site_name\" content=\"ADC Electronique\" \/>\n<meta property=\"article:modified_time\" content=\"2026-04-12T08:57:13+00:00\" \/>\n<meta property=\"og:image\" content=\"https:\/\/adcelectronique.com\/wp-content\/uploads\/2026\/04\/LOOP.jpg\" \/>\n\t<meta property=\"og:image:width\" content=\"500\" \/>\n\t<meta property=\"og:image:height\" content=\"500\" \/>\n\t<meta property=\"og:image:type\" content=\"image\/jpeg\" \/>\n<meta name=\"twitter:card\" content=\"summary_large_image\" \/>\n<meta name=\"twitter:label1\" content=\"Dur\u00e9e de lecture estim\u00e9e\" \/>\n\t<meta name=\"twitter:data1\" content=\"2 minutes\" \/>\n<script type=\"application\/ld+json\" class=\"yoast-schema-graph\">{\"@context\":\"https:\/\/schema.org\",\"@graph\":[{\"@type\":\"WebPage\",\"@id\":\"https:\/\/adcelectronique.com\/index.php\/product\/module-loop-iris8\/\",\"url\":\"https:\/\/adcelectronique.com\/index.php\/product\/module-loop-iris8\/\",\"name\":\"MODULE LOOP IRIS8 - ADC Electronique\",\"isPartOf\":{\"@id\":\"https:\/\/adcelectronique.com\/#website\"},\"primaryImageOfPage\":{\"@id\":\"https:\/\/adcelectronique.com\/index.php\/product\/module-loop-iris8\/#primaryimage\"},\"image\":{\"@id\":\"https:\/\/adcelectronique.com\/index.php\/product\/module-loop-iris8\/#primaryimage\"},\"thumbnailUrl\":\"https:\/\/adcelectronique.com\/wp-content\/uploads\/2026\/04\/LOOP.jpg\",\"datePublished\":\"2026-04-12T08:57:12+00:00\",\"dateModified\":\"2026-04-12T08:57:13+00:00\",\"breadcrumb\":{\"@id\":\"https:\/\/adcelectronique.com\/index.php\/product\/module-loop-iris8\/#breadcrumb\"},\"inLanguage\":\"fr-FR\",\"potentialAction\":[{\"@type\":\"ReadAction\",\"target\":[\"https:\/\/adcelectronique.com\/index.php\/product\/module-loop-iris8\/\"]}]},{\"@type\":\"ImageObject\",\"inLanguage\":\"fr-FR\",\"@id\":\"https:\/\/adcelectronique.com\/index.php\/product\/module-loop-iris8\/#primaryimage\",\"url\":\"https:\/\/adcelectronique.com\/wp-content\/uploads\/2026\/04\/LOOP.jpg\",\"contentUrl\":\"https:\/\/adcelectronique.com\/wp-content\/uploads\/2026\/04\/LOOP.jpg\",\"width\":500,\"height\":500},{\"@type\":\"BreadcrumbList\",\"@id\":\"https:\/\/adcelectronique.com\/index.php\/product\/module-loop-iris8\/#breadcrumb\",\"itemListElement\":[{\"@type\":\"ListItem\",\"position\":1,\"name\":\"Home\",\"item\":\"https:\/\/adcelectronique.com\/\"},{\"@type\":\"ListItem\",\"position\":2,\"name\":\"Shop\",\"item\":\"https:\/\/adcelectronique.com\/index.php\/shop\/\"},{\"@type\":\"ListItem\",\"position\":3,\"name\":\"MODULE LOOP IRIS8\"}]},{\"@type\":\"WebSite\",\"@id\":\"https:\/\/adcelectronique.com\/#website\",\"url\":\"https:\/\/adcelectronique.com\/\",\"name\":\"ADC Electronique\",\"description\":\"\",\"potentialAction\":[{\"@type\":\"SearchAction\",\"target\":{\"@type\":\"EntryPoint\",\"urlTemplate\":\"https:\/\/adcelectronique.com\/?s={search_term_string}\"},\"query-input\":{\"@type\":\"PropertyValueSpecification\",\"valueRequired\":true,\"valueName\":\"search_term_string\"}}],\"inLanguage\":\"fr-FR\"}]}<\/script>\n<!-- \/ Yoast SEO Premium plugin. -->","yoast_head_json":{"title":"MODULE LOOP IRIS8 - ADC Electronique","robots":{"index":"index","follow":"follow","max-snippet":"max-snippet:-1","max-image-preview":"max-image-preview:large","max-video-preview":"max-video-preview:-1"},"canonical":"https:\/\/adcelectronique.com\/index.php\/product\/module-loop-iris8\/","og_locale":"fr_FR","og_type":"article","og_title":"MODULE LOOP IRIS8","og_description":"LOOP IRIS 8. est un module d\u2019extension de boucle incendie adressable con\u00e7u pour augmenter les capacit\u00e9s de la centrale IRIS8. Il permet d\u2019ajouter jusqu\u2019\u00e0 4 boucles suppl\u00e9mentaires, offrant ainsi une solution \u00e9volutive pour les installations de d\u00e9tection incendie de moyenne \u00e0 grande envergure. Le module prend en charge deux protocoles de communication :    System Sensor (s\u00e9ries 200\/500 \u2013 boucle SS)  Teletek Electronics (boucle TTE)  Il est possible de combiner les deux types de boucles dans une m\u00eame configuration, assurant une grande flexibilit\u00e9 selon les dispositifs utilis\u00e9s.","og_url":"https:\/\/adcelectronique.com\/index.php\/product\/module-loop-iris8\/","og_site_name":"ADC Electronique","article_modified_time":"2026-04-12T08:57:13+00:00","og_image":[{"width":500,"height":500,"url":"https:\/\/adcelectronique.com\/wp-content\/uploads\/2026\/04\/LOOP.jpg","type":"image\/jpeg"}],"twitter_card":"summary_large_image","twitter_misc":{"Dur\u00e9e de lecture estim\u00e9e":"2 minutes"},"schema":{"@context":"https:\/\/schema.org","@graph":[{"@type":"WebPage","@id":"https:\/\/adcelectronique.com\/index.php\/product\/module-loop-iris8\/","url":"https:\/\/adcelectronique.com\/index.php\/product\/module-loop-iris8\/","name":"MODULE LOOP IRIS8 - ADC Electronique","isPartOf":{"@id":"https:\/\/adcelectronique.com\/#website"},"primaryImageOfPage":{"@id":"https:\/\/adcelectronique.com\/index.php\/product\/module-loop-iris8\/#primaryimage"},"image":{"@id":"https:\/\/adcelectronique.com\/index.php\/product\/module-loop-iris8\/#primaryimage"},"thumbnailUrl":"https:\/\/adcelectronique.com\/wp-content\/uploads\/2026\/04\/LOOP.jpg","datePublished":"2026-04-12T08:57:12+00:00","dateModified":"2026-04-12T08:57:13+00:00","breadcrumb":{"@id":"https:\/\/adcelectronique.com\/index.php\/product\/module-loop-iris8\/#breadcrumb"},"inLanguage":"fr-FR","potentialAction":[{"@type":"ReadAction","target":["https:\/\/adcelectronique.com\/index.php\/product\/module-loop-iris8\/"]}]},{"@type":"ImageObject","inLanguage":"fr-FR","@id":"https:\/\/adcelectronique.com\/index.php\/product\/module-loop-iris8\/#primaryimage","url":"https:\/\/adcelectronique.com\/wp-content\/uploads\/2026\/04\/LOOP.jpg","contentUrl":"https:\/\/adcelectronique.com\/wp-content\/uploads\/2026\/04\/LOOP.jpg","width":500,"height":500},{"@type":"BreadcrumbList","@id":"https:\/\/adcelectronique.com\/index.php\/product\/module-loop-iris8\/#breadcrumb","itemListElement":[{"@type":"ListItem","position":1,"name":"Home","item":"https:\/\/adcelectronique.com\/"},{"@type":"ListItem","position":2,"name":"Shop","item":"https:\/\/adcelectronique.com\/index.php\/shop\/"},{"@type":"ListItem","position":3,"name":"MODULE LOOP IRIS8"}]},{"@type":"WebSite","@id":"https:\/\/adcelectronique.com\/#website","url":"https:\/\/adcelectronique.com\/","name":"ADC Electronique","description":"","potentialAction":[{"@type":"SearchAction","target":{"@type":"EntryPoint","urlTemplate":"https:\/\/adcelectronique.com\/?s={search_term_string}"},"query-input":{"@type":"PropertyValueSpecification","valueRequired":true,"valueName":"search_term_string"}}],"inLanguage":"fr-FR"}]}},"_links":{"self":[{"href":"https:\/\/adcelectronique.com\/index.php\/wp-json\/wp\/v2\/product\/11205","targetHints":{"allow":["GET"]}}],"collection":[{"href":"https:\/\/adcelectronique.com\/index.php\/wp-json\/wp\/v2\/product"}],"about":[{"href":"https:\/\/adcelectronique.com\/index.php\/wp-json\/wp\/v2\/types\/product"}],"replies":[{"embeddable":true,"href":"https:\/\/adcelectronique.com\/index.php\/wp-json\/wp\/v2\/comments?post=11205"}],"version-history":[{"count":1,"href":"https:\/\/adcelectronique.com\/index.php\/wp-json\/wp\/v2\/product\/11205\/revisions"}],"predecessor-version":[{"id":11207,"href":"https:\/\/adcelectronique.com\/index.php\/wp-json\/wp\/v2\/product\/11205\/revisions\/11207"}],"wp:featuredmedia":[{"embeddable":true,"href":"https:\/\/adcelectronique.com\/index.php\/wp-json\/wp\/v2\/media\/11206"}],"wp:attachment":[{"href":"https:\/\/adcelectronique.com\/index.php\/wp-json\/wp\/v2\/media?parent=11205"}],"wp:term":[{"taxonomy":"product_brand","embeddable":true,"href":"https:\/\/adcelectronique.com\/index.php\/wp-json\/wp\/v2\/product_brand?post=11205"},{"taxonomy":"product_cat","embeddable":true,"href":"https:\/\/adcelectronique.com\/index.php\/wp-json\/wp\/v2\/product_cat?post=11205"},{"taxonomy":"product_tag","embeddable":true,"href":"https:\/\/adcelectronique.com\/index.php\/wp-json\/wp\/v2\/product_tag?post=11205"}],"curies":[{"name":"wp","href":"https:\/\/api.w.org\/{rel}","templated":true}]}}