{"id":11208,"date":"2026-04-12T09:03:49","date_gmt":"2026-04-12T09:03:49","guid":{"rendered":"https:\/\/adcelectronique.com\/?post_type=product&#038;p=11208"},"modified":"2026-04-12T09:03:50","modified_gmt":"2026-04-12T09:03:50","slug":"module-de-redendence-pour-repititeur","status":"publish","type":"product","link":"https:\/\/adcelectronique.com\/index.php\/product\/module-de-redendence-pour-repititeur\/","title":{"rendered":"MODULE DE REDENDENCE POUR REPITITEUR"},"content":{"rendered":"<h3>\u00a0 \u00a0 \u00a0 \u00a0 \u00a0 \u00a0 \u00a0 \u00a0 \u00a0 \u00a0 \u00a0 \u00a0 \u00a0 \u00a0 \u00a0 \u00a0 \u00a0 \u00a0 \u00a0 \u00a0 \u00a0 \u00a0MODULE DE REDENDENCE POUR REPITITEUR<\/h3>\n<h2>Description<\/h2>\n<p data-start=\"323\" data-end=\"516\">\u00a0est con\u00e7u pour la <strong data-start=\"385\" data-end=\"472\">mise en r\u00e9seau des centrales incendie adressables Teletek Electronics IRIS et SIMPO<\/strong> via une architecture fiable et s\u00e9curis\u00e9e.<\/p>\n<p data-start=\"518\" data-end=\"747\">Il permet de connecter jusqu\u2019\u00e0 <strong data-start=\"549\" data-end=\"574\">32 centrales incendie<\/strong> au sein d\u2019un m\u00eame r\u00e9seau, tout en assurant une <strong data-start=\"622\" data-end=\"650\">communication redondante<\/strong> gr\u00e2ce \u00e0 une ligne de secours, garantissant ainsi la continuit\u00e9 du syst\u00e8me en cas de d\u00e9faillance.<\/p>\n<hr data-start=\"749\" data-end=\"752\" \/>\n<h2 data-section-id=\"128riy1\" data-start=\"754\" data-end=\"785\">Caract\u00e9ristiques principales<\/h2>\n<ul data-start=\"786\" data-end=\"1117\">\n<li data-section-id=\"pbgt6o\" data-start=\"786\" data-end=\"844\">Module de communication r\u00e9seau pour centrales incendie<\/li>\n<li data-section-id=\"n5pecn\" data-start=\"845\" data-end=\"882\">Compatible avec <strong data-start=\"863\" data-end=\"880\">IRIS et SIMPO<\/strong><\/li>\n<li data-section-id=\"xykcnh\" data-start=\"883\" data-end=\"926\">Mise en r\u00e9seau jusqu\u2019\u00e0 <strong data-start=\"908\" data-end=\"924\">32 centrales<\/strong><\/li>\n<li data-section-id=\"13gf354\" data-start=\"927\" data-end=\"969\">Communication <strong data-start=\"943\" data-end=\"967\">redondante s\u00e9curis\u00e9e<\/strong><\/li>\n<li data-section-id=\"rc77s6\" data-start=\"970\" data-end=\"1007\">Garantie de continuit\u00e9 de service<\/li>\n<li data-section-id=\"w9zc4f\" data-start=\"1008\" data-end=\"1069\">Installation adapt\u00e9e aux syst\u00e8mes incendie professionnels<\/li>\n<li data-section-id=\"socrzk\" data-start=\"1070\" data-end=\"1117\">Fiabilit\u00e9 \u00e9lev\u00e9e pour grandes installations<\/li>\n<\/ul>\n<hr data-start=\"1119\" data-end=\"1122\" \/>\n<h2 data-section-id=\"1ilt2zm\" data-start=\"1124\" data-end=\"1154\">Caract\u00e9ristiques techniques<\/h2>\n<div class=\"TyagGW_tableContainer\">\n<div class=\"group TyagGW_tableWrapper flex flex-col-reverse w-fit\">\n<table class=\"w-fit min-w-(--thread-content-width)\" data-start=\"1155\" data-end=\"1526\">\n<thead data-start=\"1155\" data-end=\"1177\">\n<tr data-start=\"1155\" data-end=\"1177\">\n<th class=\"\" data-start=\"1155\" data-end=\"1167\" data-col-size=\"sm\">Param\u00e8tre<\/th>\n<th class=\"\" data-start=\"1167\" data-end=\"1177\" data-col-size=\"sm\">Valeur<\/th>\n<\/tr>\n<\/thead>\n<tbody data-start=\"1201\" data-end=\"1526\">\n<tr data-start=\"1201\" data-end=\"1235\">\n<td data-start=\"1201\" data-end=\"1208\" data-col-size=\"sm\">Type<\/td>\n<td data-col-size=\"sm\" data-start=\"1208\" data-end=\"1235\">Module r\u00e9seau redondant<\/td>\n<\/tr>\n<tr data-start=\"1236\" data-end=\"1278\">\n<td data-start=\"1236\" data-end=\"1252\" data-col-size=\"sm\">Compatibilit\u00e9<\/td>\n<td data-col-size=\"sm\" data-start=\"1252\" data-end=\"1278\">Centrales IRIS \/ SIMPO<\/td>\n<\/tr>\n<tr data-start=\"1279\" data-end=\"1315\">\n<td data-start=\"1279\" data-end=\"1301\" data-col-size=\"sm\">Nombre de centrales<\/td>\n<td data-col-size=\"sm\" data-start=\"1301\" data-end=\"1315\">Jusqu\u2019\u00e0 32<\/td>\n<\/tr>\n<tr data-start=\"1316\" data-end=\"1341\">\n<td data-start=\"1316\" data-end=\"1332\" data-col-size=\"sm\">Communication<\/td>\n<td data-col-size=\"sm\" data-start=\"1332\" data-end=\"1341\">RS485<\/td>\n<\/tr>\n<tr data-start=\"1342\" data-end=\"1386\">\n<td data-start=\"1342\" data-end=\"1362\" data-col-size=\"sm\">Distance maximale<\/td>\n<td data-col-size=\"sm\" data-start=\"1362\" data-end=\"1386\">1000 m entre modules<\/td>\n<\/tr>\n<tr data-start=\"1387\" data-end=\"1438\">\n<td data-start=\"1387\" data-end=\"1398\" data-col-size=\"sm\">Fonction<\/td>\n<td data-col-size=\"sm\" data-start=\"1398\" data-end=\"1438\">R\u00e9seau + redondance de communication<\/td>\n<\/tr>\n<tr data-start=\"1439\" data-end=\"1490\">\n<td data-start=\"1439\" data-end=\"1454\" data-col-size=\"sm\">Installation<\/td>\n<td data-col-size=\"sm\" data-start=\"1454\" data-end=\"1490\">Syst\u00e8mes incendie professionnels<\/td>\n<\/tr>\n<tr data-start=\"1491\" data-end=\"1526\">\n<td data-start=\"1491\" data-end=\"1503\" data-col-size=\"sm\">Fabricant<\/td>\n<td data-col-size=\"sm\" data-start=\"1503\" data-end=\"1526\">Teletek Electronics<\/td>\n<\/tr>\n<\/tbody>\n<\/table>\n<\/div>\n<\/div>\n","protected":false},"excerpt":{"rendered":"<p data-start=\"323\" data-end=\"516\">est con\u00e7u pour la <strong data-start=\"385\" data-end=\"472\">mise en r\u00e9seau des centrales incendie adressables Teletek Electronics IRIS et SIMPO<\/strong> via une architecture fiable et s\u00e9curis\u00e9e.<\/p>\n<p data-start=\"518\" data-end=\"747\">Il permet de connecter jusqu\u2019\u00e0 <strong data-start=\"549\" data-end=\"574\">32 centrales incendie<\/strong> au sein d\u2019un m\u00eame r\u00e9seau, tout en assurant une <strong data-start=\"622\" data-end=\"650\">communication redondante<\/strong> gr\u00e2ce \u00e0 une ligne de secours, garantissant ainsi la continuit\u00e9 du syst\u00e8me en cas de d\u00e9faillance.<\/p>\n","protected":false},"featured_media":11209,"comment_status":"open","ping_status":"closed","template":"","meta":[],"product_brand":[149],"product_cat":[153],"product_tag":[],"class_list":{"0":"post-11208","1":"product","2":"type-product","3":"status-publish","4":"has-post-thumbnail","6":"product_brand-teletek","7":"product_cat-system-detection-incendie-adressable","9":"first","10":"instock","11":"shipping-taxable","12":"product-type-simple"},"yoast_head":"<!-- This site is optimized with the Yoast SEO Premium plugin v26.2 (Yoast SEO v26.2) - https:\/\/yoast.com\/wordpress\/plugins\/seo\/ -->\n<title>MODULE DE REDENDENCE POUR REPITITEUR - ADC Electronique<\/title>\n<meta name=\"robots\" content=\"index, follow, max-snippet:-1, max-image-preview:large, max-video-preview:-1\" \/>\n<link rel=\"canonical\" href=\"https:\/\/adcelectronique.com\/index.php\/product\/module-de-redendence-pour-repititeur\/\" \/>\n<meta property=\"og:locale\" content=\"fr_FR\" \/>\n<meta property=\"og:type\" content=\"article\" \/>\n<meta property=\"og:title\" content=\"MODULE DE REDENDENCE POUR REPITITEUR\" \/>\n<meta property=\"og:description\" content=\"est con\u00e7u pour la mise en r\u00e9seau des centrales incendie adressables Teletek Electronics IRIS et SIMPO via une architecture fiable et s\u00e9curis\u00e9e. Il permet de connecter jusqu\u2019\u00e0 32 centrales incendie au sein d\u2019un m\u00eame r\u00e9seau, tout en assurant une communication redondante gr\u00e2ce \u00e0 une ligne de secours, garantissant ainsi la continuit\u00e9 du syst\u00e8me en cas de d\u00e9faillance.\" \/>\n<meta property=\"og:url\" content=\"https:\/\/adcelectronique.com\/index.php\/product\/module-de-redendence-pour-repititeur\/\" \/>\n<meta property=\"og:site_name\" content=\"ADC Electronique\" \/>\n<meta property=\"article:modified_time\" content=\"2026-04-12T09:03:50+00:00\" \/>\n<meta property=\"og:image\" content=\"https:\/\/adcelectronique.com\/wp-content\/uploads\/2026\/04\/RED.jpg\" \/>\n\t<meta property=\"og:image:width\" content=\"500\" \/>\n\t<meta property=\"og:image:height\" content=\"500\" \/>\n\t<meta property=\"og:image:type\" content=\"image\/jpeg\" \/>\n<meta name=\"twitter:card\" content=\"summary_large_image\" \/>\n<meta name=\"twitter:label1\" content=\"Dur\u00e9e de lecture estim\u00e9e\" \/>\n\t<meta name=\"twitter:data1\" content=\"1 minute\" \/>\n<script type=\"application\/ld+json\" class=\"yoast-schema-graph\">{\"@context\":\"https:\/\/schema.org\",\"@graph\":[{\"@type\":\"WebPage\",\"@id\":\"https:\/\/adcelectronique.com\/index.php\/product\/module-de-redendence-pour-repititeur\/\",\"url\":\"https:\/\/adcelectronique.com\/index.php\/product\/module-de-redendence-pour-repititeur\/\",\"name\":\"MODULE DE REDENDENCE POUR REPITITEUR - ADC Electronique\",\"isPartOf\":{\"@id\":\"https:\/\/adcelectronique.com\/#website\"},\"primaryImageOfPage\":{\"@id\":\"https:\/\/adcelectronique.com\/index.php\/product\/module-de-redendence-pour-repititeur\/#primaryimage\"},\"image\":{\"@id\":\"https:\/\/adcelectronique.com\/index.php\/product\/module-de-redendence-pour-repititeur\/#primaryimage\"},\"thumbnailUrl\":\"https:\/\/adcelectronique.com\/wp-content\/uploads\/2026\/04\/RED.jpg\",\"datePublished\":\"2026-04-12T09:03:49+00:00\",\"dateModified\":\"2026-04-12T09:03:50+00:00\",\"breadcrumb\":{\"@id\":\"https:\/\/adcelectronique.com\/index.php\/product\/module-de-redendence-pour-repititeur\/#breadcrumb\"},\"inLanguage\":\"fr-FR\",\"potentialAction\":[{\"@type\":\"ReadAction\",\"target\":[\"https:\/\/adcelectronique.com\/index.php\/product\/module-de-redendence-pour-repititeur\/\"]}]},{\"@type\":\"ImageObject\",\"inLanguage\":\"fr-FR\",\"@id\":\"https:\/\/adcelectronique.com\/index.php\/product\/module-de-redendence-pour-repititeur\/#primaryimage\",\"url\":\"https:\/\/adcelectronique.com\/wp-content\/uploads\/2026\/04\/RED.jpg\",\"contentUrl\":\"https:\/\/adcelectronique.com\/wp-content\/uploads\/2026\/04\/RED.jpg\",\"width\":500,\"height\":500},{\"@type\":\"BreadcrumbList\",\"@id\":\"https:\/\/adcelectronique.com\/index.php\/product\/module-de-redendence-pour-repititeur\/#breadcrumb\",\"itemListElement\":[{\"@type\":\"ListItem\",\"position\":1,\"name\":\"Home\",\"item\":\"https:\/\/adcelectronique.com\/\"},{\"@type\":\"ListItem\",\"position\":2,\"name\":\"Shop\",\"item\":\"https:\/\/adcelectronique.com\/index.php\/shop\/\"},{\"@type\":\"ListItem\",\"position\":3,\"name\":\"MODULE DE REDENDENCE POUR REPITITEUR\"}]},{\"@type\":\"WebSite\",\"@id\":\"https:\/\/adcelectronique.com\/#website\",\"url\":\"https:\/\/adcelectronique.com\/\",\"name\":\"ADC Electronique\",\"description\":\"\",\"potentialAction\":[{\"@type\":\"SearchAction\",\"target\":{\"@type\":\"EntryPoint\",\"urlTemplate\":\"https:\/\/adcelectronique.com\/?s={search_term_string}\"},\"query-input\":{\"@type\":\"PropertyValueSpecification\",\"valueRequired\":true,\"valueName\":\"search_term_string\"}}],\"inLanguage\":\"fr-FR\"}]}<\/script>\n<!-- \/ Yoast SEO Premium plugin. -->","yoast_head_json":{"title":"MODULE DE REDENDENCE POUR REPITITEUR - ADC Electronique","robots":{"index":"index","follow":"follow","max-snippet":"max-snippet:-1","max-image-preview":"max-image-preview:large","max-video-preview":"max-video-preview:-1"},"canonical":"https:\/\/adcelectronique.com\/index.php\/product\/module-de-redendence-pour-repititeur\/","og_locale":"fr_FR","og_type":"article","og_title":"MODULE DE REDENDENCE POUR REPITITEUR","og_description":"est con\u00e7u pour la mise en r\u00e9seau des centrales incendie adressables Teletek Electronics IRIS et SIMPO via une architecture fiable et s\u00e9curis\u00e9e. Il permet de connecter jusqu\u2019\u00e0 32 centrales incendie au sein d\u2019un m\u00eame r\u00e9seau, tout en assurant une communication redondante gr\u00e2ce \u00e0 une ligne de secours, garantissant ainsi la continuit\u00e9 du syst\u00e8me en cas de d\u00e9faillance.","og_url":"https:\/\/adcelectronique.com\/index.php\/product\/module-de-redendence-pour-repititeur\/","og_site_name":"ADC Electronique","article_modified_time":"2026-04-12T09:03:50+00:00","og_image":[{"width":500,"height":500,"url":"https:\/\/adcelectronique.com\/wp-content\/uploads\/2026\/04\/RED.jpg","type":"image\/jpeg"}],"twitter_card":"summary_large_image","twitter_misc":{"Dur\u00e9e de lecture estim\u00e9e":"1 minute"},"schema":{"@context":"https:\/\/schema.org","@graph":[{"@type":"WebPage","@id":"https:\/\/adcelectronique.com\/index.php\/product\/module-de-redendence-pour-repititeur\/","url":"https:\/\/adcelectronique.com\/index.php\/product\/module-de-redendence-pour-repititeur\/","name":"MODULE DE REDENDENCE POUR REPITITEUR - ADC Electronique","isPartOf":{"@id":"https:\/\/adcelectronique.com\/#website"},"primaryImageOfPage":{"@id":"https:\/\/adcelectronique.com\/index.php\/product\/module-de-redendence-pour-repititeur\/#primaryimage"},"image":{"@id":"https:\/\/adcelectronique.com\/index.php\/product\/module-de-redendence-pour-repititeur\/#primaryimage"},"thumbnailUrl":"https:\/\/adcelectronique.com\/wp-content\/uploads\/2026\/04\/RED.jpg","datePublished":"2026-04-12T09:03:49+00:00","dateModified":"2026-04-12T09:03:50+00:00","breadcrumb":{"@id":"https:\/\/adcelectronique.com\/index.php\/product\/module-de-redendence-pour-repititeur\/#breadcrumb"},"inLanguage":"fr-FR","potentialAction":[{"@type":"ReadAction","target":["https:\/\/adcelectronique.com\/index.php\/product\/module-de-redendence-pour-repititeur\/"]}]},{"@type":"ImageObject","inLanguage":"fr-FR","@id":"https:\/\/adcelectronique.com\/index.php\/product\/module-de-redendence-pour-repititeur\/#primaryimage","url":"https:\/\/adcelectronique.com\/wp-content\/uploads\/2026\/04\/RED.jpg","contentUrl":"https:\/\/adcelectronique.com\/wp-content\/uploads\/2026\/04\/RED.jpg","width":500,"height":500},{"@type":"BreadcrumbList","@id":"https:\/\/adcelectronique.com\/index.php\/product\/module-de-redendence-pour-repititeur\/#breadcrumb","itemListElement":[{"@type":"ListItem","position":1,"name":"Home","item":"https:\/\/adcelectronique.com\/"},{"@type":"ListItem","position":2,"name":"Shop","item":"https:\/\/adcelectronique.com\/index.php\/shop\/"},{"@type":"ListItem","position":3,"name":"MODULE DE REDENDENCE POUR REPITITEUR"}]},{"@type":"WebSite","@id":"https:\/\/adcelectronique.com\/#website","url":"https:\/\/adcelectronique.com\/","name":"ADC Electronique","description":"","potentialAction":[{"@type":"SearchAction","target":{"@type":"EntryPoint","urlTemplate":"https:\/\/adcelectronique.com\/?s={search_term_string}"},"query-input":{"@type":"PropertyValueSpecification","valueRequired":true,"valueName":"search_term_string"}}],"inLanguage":"fr-FR"}]}},"_links":{"self":[{"href":"https:\/\/adcelectronique.com\/index.php\/wp-json\/wp\/v2\/product\/11208","targetHints":{"allow":["GET"]}}],"collection":[{"href":"https:\/\/adcelectronique.com\/index.php\/wp-json\/wp\/v2\/product"}],"about":[{"href":"https:\/\/adcelectronique.com\/index.php\/wp-json\/wp\/v2\/types\/product"}],"replies":[{"embeddable":true,"href":"https:\/\/adcelectronique.com\/index.php\/wp-json\/wp\/v2\/comments?post=11208"}],"version-history":[{"count":1,"href":"https:\/\/adcelectronique.com\/index.php\/wp-json\/wp\/v2\/product\/11208\/revisions"}],"predecessor-version":[{"id":11211,"href":"https:\/\/adcelectronique.com\/index.php\/wp-json\/wp\/v2\/product\/11208\/revisions\/11211"}],"wp:featuredmedia":[{"embeddable":true,"href":"https:\/\/adcelectronique.com\/index.php\/wp-json\/wp\/v2\/media\/11209"}],"wp:attachment":[{"href":"https:\/\/adcelectronique.com\/index.php\/wp-json\/wp\/v2\/media?parent=11208"}],"wp:term":[{"taxonomy":"product_brand","embeddable":true,"href":"https:\/\/adcelectronique.com\/index.php\/wp-json\/wp\/v2\/product_brand?post=11208"},{"taxonomy":"product_cat","embeddable":true,"href":"https:\/\/adcelectronique.com\/index.php\/wp-json\/wp\/v2\/product_cat?post=11208"},{"taxonomy":"product_tag","embeddable":true,"href":"https:\/\/adcelectronique.com\/index.php\/wp-json\/wp\/v2\/product_tag?post=11208"}],"curies":[{"name":"wp","href":"https:\/\/api.w.org\/{rel}","templated":true}]}}