{"id":11217,"date":"2026-04-12T09:26:29","date_gmt":"2026-04-12T09:26:29","guid":{"rendered":"https:\/\/adcelectronique.com\/?post_type=product&#038;p=11217"},"modified":"2026-04-12T09:26:30","modified_gmt":"2026-04-12T09:26:30","slug":"mio22m-module-02-entrees-02-sorties-avec-isolateur","status":"publish","type":"product","link":"https:\/\/adcelectronique.com\/index.php\/product\/mio22m-module-02-entrees-02-sorties-avec-isolateur\/","title":{"rendered":"MIO22M-MODULE 02 ENTREES \/02 SORTIES AVEC ISOLATEUR"},"content":{"rendered":"<h3>\u00a0 \u00a0 \u00a0 \u00a0 \u00a0 \u00a0 \u00a0 \u00a0 \u00a0 \u00a0 \u00a0 \u00a0 \u00a0MIO22M-MODULE 02 ENTREES \/02 SORTIES AVEC ISOLATEUR<\/h3>\n<p>&nbsp;<\/p>\n<p data-start=\"112\" data-end=\"360\">Le <strong data-start=\"115\" data-end=\"135\">SensoIRIS MIO22M<\/strong> de <span class=\"hover:entity-accent entity-underline inline cursor-pointer align-baseline\"><span class=\"whitespace-normal\">Teletek Electronics<\/span><\/span> est un <strong data-start=\"184\" data-end=\"228\">module d\u2019entr\u00e9e\/sortie adressable avanc\u00e9<\/strong>, con\u00e7u pour les syst\u00e8mes de d\u00e9tection incendie. Il permet de <strong data-start=\"290\" data-end=\"333\">surveiller et commander des \u00e9quipements<\/strong> avec une grande fiabilit\u00e9.<\/p>\n<hr data-start=\"362\" data-end=\"365\" \/>\n<h2 data-section-id=\"pg1otb\" data-start=\"367\" data-end=\"401\">\u2699\ufe0f Caract\u00e9ristiques principales<\/h2>\n<ul data-start=\"402\" data-end=\"789\">\n<li data-section-id=\"yjaa94\" data-start=\"402\" data-end=\"441\"><strong data-start=\"404\" data-end=\"441\">2 entr\u00e9es analogiques surveill\u00e9es<\/strong><\/li>\n<li data-section-id=\"4smduq\" data-start=\"442\" data-end=\"490\"><strong data-start=\"444\" data-end=\"488\">2 sorties relais surveill\u00e9es (monitored)<\/strong><\/li>\n<li data-section-id=\"1lzf29o\" data-start=\"491\" data-end=\"557\"><strong data-start=\"493\" data-end=\"531\">Isolateur de court-circuit int\u00e9gr\u00e9<\/strong> (protection de la boucle)<\/li>\n<li data-section-id=\"cneg2v\" data-start=\"558\" data-end=\"592\"><strong data-start=\"560\" data-end=\"590\">Adressable (protocole TTE)<\/strong><\/li>\n<li data-section-id=\"hwi2ne\" data-start=\"593\" data-end=\"685\"><strong data-start=\"595\" data-end=\"645\">Alimentation par la boucle incendie ou externe<\/strong><\/li>\n<li data-section-id=\"1xomsrx\" data-start=\"686\" data-end=\"789\"><strong data-start=\"688\" data-end=\"737\">Configuration des sorties (monitor\u00e9es ou non)<\/strong> via jumpers<\/li>\n<\/ul>\n<hr data-start=\"791\" data-end=\"794\" \/>\n<h2 data-section-id=\"o7n92e\" data-start=\"796\" data-end=\"836\"><span role=\"text\">\ud83d\udd0d Particularit\u00e9 du mod\u00e8le <strong data-start=\"826\" data-end=\"836\">MIO22M<\/strong><\/span><\/h2>\n<p data-start=\"837\" data-end=\"880\">\ud83d\udc49 La version <strong data-start=\"851\" data-end=\"878\">\u201cM\u201d = Monitored outputs<\/strong><\/p>\n<ul data-start=\"881\" data-end=\"1068\">\n<li data-section-id=\"1lnjhti\" data-start=\"881\" data-end=\"945\">Les sorties peuvent \u00eatre <strong data-start=\"908\" data-end=\"943\">surveill\u00e9es (contr\u00f4le de ligne)<\/strong><\/li>\n<li data-section-id=\"15ldssj\" data-start=\"946\" data-end=\"1009\">D\u00e9tection de <strong data-start=\"961\" data-end=\"1007\">coupure ou d\u00e9faut sur la ligne de commande<\/strong><\/li>\n<li data-section-id=\"1ikg99h\" data-start=\"1010\" data-end=\"1068\">Id\u00e9al pour \u00e9quipements critiques (sir\u00e8nes, d\u00e9senfumage\u2026)<\/li>\n<\/ul>\n<hr data-start=\"1070\" data-end=\"1073\" \/>\n<h2 data-section-id=\"1wfg0u7\" data-start=\"1075\" data-end=\"1106\">\ud83d\udcca Sp\u00e9cifications techniques<\/h2>\n<ul data-start=\"1107\" data-end=\"1495\">\n<li data-section-id=\"zx1phr\" data-start=\"1107\" data-end=\"1174\">Tension : <strong data-start=\"1119\" data-end=\"1134\">16 \u2013 32 VDC<\/strong><\/li>\n<li data-section-id=\"11mj1nq\" data-start=\"1175\" data-end=\"1265\">Sorties : <strong data-start=\"1187\" data-end=\"1225\">DC 30V \/ 1\u20132A max \u2013 AC 125V \/ 0.5A<\/strong><\/li>\n<li data-section-id=\"158y3fy\" data-start=\"1266\" data-end=\"1339\">Temp\u00e9rature : <strong data-start=\"1282\" data-end=\"1299\">-10\u00b0C \u00e0 +60\u00b0C<\/strong><\/li>\n<li data-section-id=\"1vnes09\" data-start=\"1340\" data-end=\"1414\">Certifi\u00e9 : <strong data-start=\"1353\" data-end=\"1374\">EN54-18 &amp; EN54-17<\/strong><\/li>\n<li data-section-id=\"dcwj8s\" data-start=\"1415\" data-end=\"1469\">Bo\u00eetier : plastique avec <strong data-start=\"1442\" data-end=\"1467\">couvercle transparent<\/strong><\/li>\n<li data-section-id=\"lpsiz0\" data-start=\"1470\" data-end=\"1495\">Installation : murale<\/li>\n<\/ul>\n","protected":false},"excerpt":{"rendered":"<p>Le <strong data-start=\"115\" data-end=\"135\">SensoIRIS MIO22M<\/strong> de <span class=\"hover:entity-accent entity-underline inline cursor-pointer align-baseline\"><span class=\"whitespace-normal\">Teletek Electronics<\/span><\/span> est un <strong data-start=\"184\" data-end=\"228\">module d\u2019entr\u00e9e\/sortie adressable avanc\u00e9<\/strong>, con\u00e7u pour les syst\u00e8mes de d\u00e9tection incendie. Il permet de <strong data-start=\"290\" data-end=\"333\">surveiller et commander des \u00e9quipements<\/strong> avec une grande fiabilit\u00e9.<\/p>\n","protected":false},"featured_media":11218,"comment_status":"open","ping_status":"closed","template":"","meta":[],"product_brand":[149],"product_cat":[153],"product_tag":[],"class_list":{"0":"post-11217","1":"product","2":"type-product","3":"status-publish","4":"has-post-thumbnail","6":"product_brand-teletek","7":"product_cat-system-detection-incendie-adressable","9":"first","10":"instock","11":"shipping-taxable","12":"product-type-simple"},"yoast_head":"<!-- This site is optimized with the Yoast SEO Premium plugin v26.2 (Yoast SEO v26.2) - https:\/\/yoast.com\/wordpress\/plugins\/seo\/ -->\n<title>MIO22M-MODULE 02 ENTREES \/02 SORTIES AVEC ISOLATEUR - ADC Electronique<\/title>\n<meta name=\"robots\" content=\"index, follow, max-snippet:-1, max-image-preview:large, max-video-preview:-1\" \/>\n<link rel=\"canonical\" href=\"https:\/\/adcelectronique.com\/index.php\/product\/mio22m-module-02-entrees-02-sorties-avec-isolateur\/\" \/>\n<meta property=\"og:locale\" content=\"fr_FR\" \/>\n<meta property=\"og:type\" content=\"article\" \/>\n<meta property=\"og:title\" content=\"MIO22M-MODULE 02 ENTREES \/02 SORTIES AVEC ISOLATEUR\" \/>\n<meta property=\"og:description\" content=\"Le SensoIRIS MIO22M de Teletek Electronics est un module d\u2019entr\u00e9e\/sortie adressable avanc\u00e9, con\u00e7u pour les syst\u00e8mes de d\u00e9tection incendie. Il permet de surveiller et commander des \u00e9quipements avec une grande fiabilit\u00e9.\" \/>\n<meta property=\"og:url\" content=\"https:\/\/adcelectronique.com\/index.php\/product\/mio22m-module-02-entrees-02-sorties-avec-isolateur\/\" \/>\n<meta property=\"og:site_name\" content=\"ADC Electronique\" \/>\n<meta property=\"article:modified_time\" content=\"2026-04-12T09:26:30+00:00\" \/>\n<meta property=\"og:image\" content=\"https:\/\/adcelectronique.com\/wp-content\/uploads\/2026\/04\/images.jpg\" \/>\n\t<meta property=\"og:image:width\" content=\"225\" \/>\n\t<meta property=\"og:image:height\" content=\"225\" \/>\n\t<meta property=\"og:image:type\" content=\"image\/jpeg\" \/>\n<meta name=\"twitter:card\" content=\"summary_large_image\" \/>\n<meta name=\"twitter:label1\" content=\"Dur\u00e9e de lecture estim\u00e9e\" \/>\n\t<meta name=\"twitter:data1\" content=\"1 minute\" \/>\n<script type=\"application\/ld+json\" class=\"yoast-schema-graph\">{\"@context\":\"https:\/\/schema.org\",\"@graph\":[{\"@type\":\"WebPage\",\"@id\":\"https:\/\/adcelectronique.com\/index.php\/product\/mio22m-module-02-entrees-02-sorties-avec-isolateur\/\",\"url\":\"https:\/\/adcelectronique.com\/index.php\/product\/mio22m-module-02-entrees-02-sorties-avec-isolateur\/\",\"name\":\"MIO22M-MODULE 02 ENTREES \/02 SORTIES AVEC ISOLATEUR - ADC Electronique\",\"isPartOf\":{\"@id\":\"https:\/\/adcelectronique.com\/#website\"},\"primaryImageOfPage\":{\"@id\":\"https:\/\/adcelectronique.com\/index.php\/product\/mio22m-module-02-entrees-02-sorties-avec-isolateur\/#primaryimage\"},\"image\":{\"@id\":\"https:\/\/adcelectronique.com\/index.php\/product\/mio22m-module-02-entrees-02-sorties-avec-isolateur\/#primaryimage\"},\"thumbnailUrl\":\"https:\/\/adcelectronique.com\/wp-content\/uploads\/2026\/04\/images.jpg\",\"datePublished\":\"2026-04-12T09:26:29+00:00\",\"dateModified\":\"2026-04-12T09:26:30+00:00\",\"breadcrumb\":{\"@id\":\"https:\/\/adcelectronique.com\/index.php\/product\/mio22m-module-02-entrees-02-sorties-avec-isolateur\/#breadcrumb\"},\"inLanguage\":\"fr-FR\",\"potentialAction\":[{\"@type\":\"ReadAction\",\"target\":[\"https:\/\/adcelectronique.com\/index.php\/product\/mio22m-module-02-entrees-02-sorties-avec-isolateur\/\"]}]},{\"@type\":\"ImageObject\",\"inLanguage\":\"fr-FR\",\"@id\":\"https:\/\/adcelectronique.com\/index.php\/product\/mio22m-module-02-entrees-02-sorties-avec-isolateur\/#primaryimage\",\"url\":\"https:\/\/adcelectronique.com\/wp-content\/uploads\/2026\/04\/images.jpg\",\"contentUrl\":\"https:\/\/adcelectronique.com\/wp-content\/uploads\/2026\/04\/images.jpg\",\"width\":225,\"height\":225},{\"@type\":\"BreadcrumbList\",\"@id\":\"https:\/\/adcelectronique.com\/index.php\/product\/mio22m-module-02-entrees-02-sorties-avec-isolateur\/#breadcrumb\",\"itemListElement\":[{\"@type\":\"ListItem\",\"position\":1,\"name\":\"Home\",\"item\":\"https:\/\/adcelectronique.com\/\"},{\"@type\":\"ListItem\",\"position\":2,\"name\":\"Shop\",\"item\":\"https:\/\/adcelectronique.com\/index.php\/shop\/\"},{\"@type\":\"ListItem\",\"position\":3,\"name\":\"MIO22M-MODULE 02 ENTREES \/02 SORTIES AVEC ISOLATEUR\"}]},{\"@type\":\"WebSite\",\"@id\":\"https:\/\/adcelectronique.com\/#website\",\"url\":\"https:\/\/adcelectronique.com\/\",\"name\":\"ADC Electronique\",\"description\":\"\",\"potentialAction\":[{\"@type\":\"SearchAction\",\"target\":{\"@type\":\"EntryPoint\",\"urlTemplate\":\"https:\/\/adcelectronique.com\/?s={search_term_string}\"},\"query-input\":{\"@type\":\"PropertyValueSpecification\",\"valueRequired\":true,\"valueName\":\"search_term_string\"}}],\"inLanguage\":\"fr-FR\"}]}<\/script>\n<!-- \/ Yoast SEO Premium plugin. -->","yoast_head_json":{"title":"MIO22M-MODULE 02 ENTREES \/02 SORTIES AVEC ISOLATEUR - ADC Electronique","robots":{"index":"index","follow":"follow","max-snippet":"max-snippet:-1","max-image-preview":"max-image-preview:large","max-video-preview":"max-video-preview:-1"},"canonical":"https:\/\/adcelectronique.com\/index.php\/product\/mio22m-module-02-entrees-02-sorties-avec-isolateur\/","og_locale":"fr_FR","og_type":"article","og_title":"MIO22M-MODULE 02 ENTREES \/02 SORTIES AVEC ISOLATEUR","og_description":"Le SensoIRIS MIO22M de Teletek Electronics est un module d\u2019entr\u00e9e\/sortie adressable avanc\u00e9, con\u00e7u pour les syst\u00e8mes de d\u00e9tection incendie. Il permet de surveiller et commander des \u00e9quipements avec une grande fiabilit\u00e9.","og_url":"https:\/\/adcelectronique.com\/index.php\/product\/mio22m-module-02-entrees-02-sorties-avec-isolateur\/","og_site_name":"ADC Electronique","article_modified_time":"2026-04-12T09:26:30+00:00","og_image":[{"width":225,"height":225,"url":"https:\/\/adcelectronique.com\/wp-content\/uploads\/2026\/04\/images.jpg","type":"image\/jpeg"}],"twitter_card":"summary_large_image","twitter_misc":{"Dur\u00e9e de lecture estim\u00e9e":"1 minute"},"schema":{"@context":"https:\/\/schema.org","@graph":[{"@type":"WebPage","@id":"https:\/\/adcelectronique.com\/index.php\/product\/mio22m-module-02-entrees-02-sorties-avec-isolateur\/","url":"https:\/\/adcelectronique.com\/index.php\/product\/mio22m-module-02-entrees-02-sorties-avec-isolateur\/","name":"MIO22M-MODULE 02 ENTREES \/02 SORTIES AVEC ISOLATEUR - ADC Electronique","isPartOf":{"@id":"https:\/\/adcelectronique.com\/#website"},"primaryImageOfPage":{"@id":"https:\/\/adcelectronique.com\/index.php\/product\/mio22m-module-02-entrees-02-sorties-avec-isolateur\/#primaryimage"},"image":{"@id":"https:\/\/adcelectronique.com\/index.php\/product\/mio22m-module-02-entrees-02-sorties-avec-isolateur\/#primaryimage"},"thumbnailUrl":"https:\/\/adcelectronique.com\/wp-content\/uploads\/2026\/04\/images.jpg","datePublished":"2026-04-12T09:26:29+00:00","dateModified":"2026-04-12T09:26:30+00:00","breadcrumb":{"@id":"https:\/\/adcelectronique.com\/index.php\/product\/mio22m-module-02-entrees-02-sorties-avec-isolateur\/#breadcrumb"},"inLanguage":"fr-FR","potentialAction":[{"@type":"ReadAction","target":["https:\/\/adcelectronique.com\/index.php\/product\/mio22m-module-02-entrees-02-sorties-avec-isolateur\/"]}]},{"@type":"ImageObject","inLanguage":"fr-FR","@id":"https:\/\/adcelectronique.com\/index.php\/product\/mio22m-module-02-entrees-02-sorties-avec-isolateur\/#primaryimage","url":"https:\/\/adcelectronique.com\/wp-content\/uploads\/2026\/04\/images.jpg","contentUrl":"https:\/\/adcelectronique.com\/wp-content\/uploads\/2026\/04\/images.jpg","width":225,"height":225},{"@type":"BreadcrumbList","@id":"https:\/\/adcelectronique.com\/index.php\/product\/mio22m-module-02-entrees-02-sorties-avec-isolateur\/#breadcrumb","itemListElement":[{"@type":"ListItem","position":1,"name":"Home","item":"https:\/\/adcelectronique.com\/"},{"@type":"ListItem","position":2,"name":"Shop","item":"https:\/\/adcelectronique.com\/index.php\/shop\/"},{"@type":"ListItem","position":3,"name":"MIO22M-MODULE 02 ENTREES \/02 SORTIES AVEC ISOLATEUR"}]},{"@type":"WebSite","@id":"https:\/\/adcelectronique.com\/#website","url":"https:\/\/adcelectronique.com\/","name":"ADC Electronique","description":"","potentialAction":[{"@type":"SearchAction","target":{"@type":"EntryPoint","urlTemplate":"https:\/\/adcelectronique.com\/?s={search_term_string}"},"query-input":{"@type":"PropertyValueSpecification","valueRequired":true,"valueName":"search_term_string"}}],"inLanguage":"fr-FR"}]}},"_links":{"self":[{"href":"https:\/\/adcelectronique.com\/index.php\/wp-json\/wp\/v2\/product\/11217","targetHints":{"allow":["GET"]}}],"collection":[{"href":"https:\/\/adcelectronique.com\/index.php\/wp-json\/wp\/v2\/product"}],"about":[{"href":"https:\/\/adcelectronique.com\/index.php\/wp-json\/wp\/v2\/types\/product"}],"replies":[{"embeddable":true,"href":"https:\/\/adcelectronique.com\/index.php\/wp-json\/wp\/v2\/comments?post=11217"}],"version-history":[{"count":1,"href":"https:\/\/adcelectronique.com\/index.php\/wp-json\/wp\/v2\/product\/11217\/revisions"}],"predecessor-version":[{"id":11220,"href":"https:\/\/adcelectronique.com\/index.php\/wp-json\/wp\/v2\/product\/11217\/revisions\/11220"}],"wp:featuredmedia":[{"embeddable":true,"href":"https:\/\/adcelectronique.com\/index.php\/wp-json\/wp\/v2\/media\/11218"}],"wp:attachment":[{"href":"https:\/\/adcelectronique.com\/index.php\/wp-json\/wp\/v2\/media?parent=11217"}],"wp:term":[{"taxonomy":"product_brand","embeddable":true,"href":"https:\/\/adcelectronique.com\/index.php\/wp-json\/wp\/v2\/product_brand?post=11217"},{"taxonomy":"product_cat","embeddable":true,"href":"https:\/\/adcelectronique.com\/index.php\/wp-json\/wp\/v2\/product_cat?post=11217"},{"taxonomy":"product_tag","embeddable":true,"href":"https:\/\/adcelectronique.com\/index.php\/wp-json\/wp\/v2\/product_tag?post=11217"}],"curies":[{"name":"wp","href":"https:\/\/api.w.org\/{rel}","templated":true}]}}