{"id":11229,"date":"2026-04-12T09:45:08","date_gmt":"2026-04-12T09:45:08","guid":{"rendered":"https:\/\/adcelectronique.com\/?post_type=product&#038;p=11229"},"modified":"2026-04-12T09:45:08","modified_gmt":"2026-04-12T09:45:08","slug":"mout240-module-1-sortie-relais-avec-isolateur","status":"publish","type":"product","link":"https:\/\/adcelectronique.com\/index.php\/product\/mout240-module-1-sortie-relais-avec-isolateur\/","title":{"rendered":"MOUT240 -MODULE 1 SORTIE RELAIS AVEC ISOLATEUR"},"content":{"rendered":"<h3>\u00a0 \u00a0 \u00a0 \u00a0 \u00a0 \u00a0 \u00a0 \u00a0 \u00a0 \u00a0 \u00a0 \u00a0 \u00a0 \u00a0 \u00a0 \u00a0MOUT240 -MODULE 1 SORTIE RELAIS AVEC ISOLATEUR<\/h3>\n<p data-start=\"287\" data-end=\"438\">Le <strong data-start=\"290\" data-end=\"312\">SensoIRIS MOUT-240<\/strong> est un <strong data-start=\"320\" data-end=\"358\">module adressable de sortie relais<\/strong> con\u00e7u pour les syst\u00e8mes de d\u00e9tection incendie utilisant le <strong data-start=\"418\" data-end=\"435\">protocole TTE<\/strong>.<\/p>\n<p data-start=\"440\" data-end=\"640\">Il permet le <strong data-start=\"453\" data-end=\"490\">contr\u00f4le de circuits sous 240V AC<\/strong>, offrant une solution fiable pour piloter des \u00e9quipements tels que sir\u00e8nes, ventilations, \u00e9clairages de s\u00e9curit\u00e9 ou autres dispositifs \u00e9lectriques.<\/p>\n<p data-start=\"642\" data-end=\"825\">Gr\u00e2ce \u00e0 son <strong data-start=\"654\" data-end=\"670\">bo\u00eetier IP65<\/strong>, il est adapt\u00e9 aux <strong data-start=\"690\" data-end=\"719\">installations ext\u00e9rieures<\/strong> et aux environnements industriels exigeants, tout en \u00e9tant aliment\u00e9 directement par la centrale incendie.<\/p>\n<hr data-start=\"827\" data-end=\"830\" \/>\n<h2 data-section-id=\"128riy1\" data-start=\"832\" data-end=\"863\">Caract\u00e9ristiques principales<\/h2>\n<ul data-start=\"864\" data-end=\"1207\">\n<li data-section-id=\"1cyoosf\" data-start=\"864\" data-end=\"912\">Module adressable de <strong data-start=\"887\" data-end=\"912\">sortie relais 240V AC<\/strong><\/li>\n<li data-section-id=\"1sft95s\" data-start=\"913\" data-end=\"951\">Compatible avec le <strong data-start=\"934\" data-end=\"951\">protocole TTE<\/strong><\/li>\n<li data-section-id=\"5bbl7j\" data-start=\"952\" data-end=\"1005\">Interface pour <strong data-start=\"969\" data-end=\"1005\">circuits haute tension (240V AC)<\/strong><\/li>\n<li data-section-id=\"1qwhgsf\" data-start=\"1006\" data-end=\"1061\">Bo\u00eetier <strong data-start=\"1016\" data-end=\"1032\">IP65 \u00e9tanche<\/strong> pour installation ext\u00e9rieure<\/li>\n<li data-section-id=\"1y6iwsg\" data-start=\"1062\" data-end=\"1094\">Montage mural simple et rapide<\/li>\n<li data-section-id=\"jvqua8\" data-start=\"1095\" data-end=\"1141\">Commande directe depuis la centrale incendie<\/li>\n<li data-section-id=\"z1n3w2\" data-start=\"1142\" data-end=\"1207\">Id\u00e9al pour automatisation et contr\u00f4le d\u2019\u00e9quipements \u00e9lectriques<\/li>\n<\/ul>\n<hr data-start=\"1209\" data-end=\"1212\" \/>\n<h2 data-section-id=\"1ilt2zm\" data-start=\"1214\" data-end=\"1244\">Caract\u00e9ristiques techniques<\/h2>\n<div class=\"TyagGW_tableContainer\">\n<div class=\"group TyagGW_tableWrapper flex flex-col-reverse w-fit\">\n<table class=\"w-fit min-w-(--thread-content-width)\" data-start=\"1245\" data-end=\"1620\">\n<thead data-start=\"1245\" data-end=\"1267\">\n<tr data-start=\"1245\" data-end=\"1267\">\n<th class=\"\" data-start=\"1245\" data-end=\"1257\" data-col-size=\"sm\">Param\u00e8tre<\/th>\n<th class=\"\" data-start=\"1257\" data-end=\"1267\" data-col-size=\"sm\">Valeur<\/th>\n<\/tr>\n<\/thead>\n<tbody data-start=\"1291\" data-end=\"1620\">\n<tr data-start=\"1291\" data-end=\"1336\">\n<td data-start=\"1291\" data-end=\"1298\" data-col-size=\"sm\">Type<\/td>\n<td data-start=\"1298\" data-end=\"1336\" data-col-size=\"sm\">Module de sortie relais adressable<\/td>\n<\/tr>\n<tr data-start=\"1337\" data-end=\"1368\">\n<td data-start=\"1337\" data-end=\"1357\" data-col-size=\"sm\">Tension de sortie<\/td>\n<td data-col-size=\"sm\" data-start=\"1357\" data-end=\"1368\">240V AC<\/td>\n<\/tr>\n<tr data-start=\"1369\" data-end=\"1402\">\n<td data-start=\"1369\" data-end=\"1385\" data-col-size=\"sm\">Communication<\/td>\n<td data-start=\"1385\" data-end=\"1402\" data-col-size=\"sm\">Protocole TTE<\/td>\n<\/tr>\n<tr data-start=\"1403\" data-end=\"1446\">\n<td data-start=\"1403\" data-end=\"1418\" data-col-size=\"sm\">Alimentation<\/td>\n<td data-col-size=\"sm\" data-start=\"1418\" data-end=\"1446\">Par la centrale incendie<\/td>\n<\/tr>\n<tr data-start=\"1447\" data-end=\"1478\">\n<td data-start=\"1447\" data-end=\"1470\" data-col-size=\"sm\">Indice de protection<\/td>\n<td data-col-size=\"sm\" data-start=\"1470\" data-end=\"1478\">IP65<\/td>\n<\/tr>\n<tr data-start=\"1479\" data-end=\"1535\">\n<td data-start=\"1479\" data-end=\"1494\" data-col-size=\"sm\">Installation<\/td>\n<td data-col-size=\"sm\" data-start=\"1494\" data-end=\"1535\">Int\u00e9rieur \/ ext\u00e9rieur (montage mural)<\/td>\n<\/tr>\n<tr data-start=\"1536\" data-end=\"1584\">\n<td data-start=\"1536\" data-end=\"1550\" data-col-size=\"sm\">Utilisation<\/td>\n<td data-col-size=\"sm\" data-start=\"1550\" data-end=\"1584\">Syst\u00e8mes de d\u00e9tection incendie<\/td>\n<\/tr>\n<tr data-start=\"1585\" data-end=\"1620\">\n<td data-start=\"1585\" data-end=\"1597\" data-col-size=\"sm\">Fabricant<\/td>\n<td data-start=\"1597\" data-end=\"1620\" data-col-size=\"sm\">Teletek Electronics<\/td>\n<\/tr>\n<\/tbody>\n<\/table>\n<\/div>\n<\/div>\n","protected":false},"excerpt":{"rendered":"<p data-start=\"287\" data-end=\"438\">Le <strong data-start=\"290\" data-end=\"312\">SensoIRIS MOUT-240<\/strong> est un <strong data-start=\"320\" data-end=\"358\">module adressable de sortie relais<\/strong> con\u00e7u pour les syst\u00e8mes de d\u00e9tection incendie utilisant le <strong data-start=\"418\" data-end=\"435\">protocole TTE<\/strong>.<\/p>\n<p data-start=\"440\" data-end=\"640\">Il permet le <strong data-start=\"453\" data-end=\"490\">contr\u00f4le de circuits sous 240V AC<\/strong>, offrant une solution fiable pour piloter des \u00e9quipements tels que sir\u00e8nes, ventilations, \u00e9clairages de s\u00e9curit\u00e9 ou autres dispositifs \u00e9lectriques.<\/p>\n<p data-start=\"642\" data-end=\"825\">Gr\u00e2ce \u00e0 son <strong data-start=\"654\" data-end=\"670\">bo\u00eetier IP65<\/strong>, il est adapt\u00e9 aux <strong data-start=\"690\" data-end=\"719\">installations ext\u00e9rieures<\/strong> et aux environnements industriels exigeants, tout en \u00e9tant aliment\u00e9 directement par la centrale incendie.<\/p>\n","protected":false},"featured_media":11230,"comment_status":"open","ping_status":"closed","template":"","meta":[],"product_brand":[149],"product_cat":[153],"product_tag":[],"class_list":{"0":"post-11229","1":"product","2":"type-product","3":"status-publish","4":"has-post-thumbnail","6":"product_brand-teletek","7":"product_cat-system-detection-incendie-adressable","9":"first","10":"instock","11":"shipping-taxable","12":"product-type-simple"},"yoast_head":"<!-- This site is optimized with the Yoast SEO Premium plugin v26.2 (Yoast SEO v26.2) - https:\/\/yoast.com\/wordpress\/plugins\/seo\/ -->\n<title>MOUT240 -MODULE 1 SORTIE RELAIS AVEC ISOLATEUR - ADC Electronique<\/title>\n<meta name=\"robots\" content=\"index, follow, max-snippet:-1, max-image-preview:large, max-video-preview:-1\" \/>\n<link rel=\"canonical\" href=\"https:\/\/adcelectronique.com\/index.php\/product\/mout240-module-1-sortie-relais-avec-isolateur\/\" \/>\n<meta property=\"og:locale\" content=\"fr_FR\" \/>\n<meta property=\"og:type\" content=\"article\" \/>\n<meta property=\"og:title\" content=\"MOUT240 -MODULE 1 SORTIE RELAIS AVEC ISOLATEUR\" \/>\n<meta property=\"og:description\" content=\"Le SensoIRIS MOUT-240 est un module adressable de sortie relais con\u00e7u pour les syst\u00e8mes de d\u00e9tection incendie utilisant le protocole TTE. Il permet le contr\u00f4le de circuits sous 240V AC, offrant une solution fiable pour piloter des \u00e9quipements tels que sir\u00e8nes, ventilations, \u00e9clairages de s\u00e9curit\u00e9 ou autres dispositifs \u00e9lectriques. Gr\u00e2ce \u00e0 son bo\u00eetier IP65, il est adapt\u00e9 aux installations ext\u00e9rieures et aux environnements industriels exigeants, tout en \u00e9tant aliment\u00e9 directement par la centrale incendie.\" \/>\n<meta property=\"og:url\" content=\"https:\/\/adcelectronique.com\/index.php\/product\/mout240-module-1-sortie-relais-avec-isolateur\/\" \/>\n<meta property=\"og:site_name\" content=\"ADC Electronique\" \/>\n<meta property=\"og:image\" content=\"https:\/\/adcelectronique.com\/wp-content\/uploads\/2026\/04\/MOUT-240.png\" \/>\n\t<meta property=\"og:image:width\" content=\"450\" \/>\n\t<meta property=\"og:image:height\" content=\"450\" \/>\n\t<meta property=\"og:image:type\" content=\"image\/png\" \/>\n<meta name=\"twitter:card\" content=\"summary_large_image\" \/>\n<meta name=\"twitter:label1\" content=\"Dur\u00e9e de lecture estim\u00e9e\" \/>\n\t<meta name=\"twitter:data1\" content=\"2 minutes\" \/>\n<script type=\"application\/ld+json\" class=\"yoast-schema-graph\">{\"@context\":\"https:\/\/schema.org\",\"@graph\":[{\"@type\":\"WebPage\",\"@id\":\"https:\/\/adcelectronique.com\/index.php\/product\/mout240-module-1-sortie-relais-avec-isolateur\/\",\"url\":\"https:\/\/adcelectronique.com\/index.php\/product\/mout240-module-1-sortie-relais-avec-isolateur\/\",\"name\":\"MOUT240 -MODULE 1 SORTIE RELAIS AVEC ISOLATEUR - ADC Electronique\",\"isPartOf\":{\"@id\":\"https:\/\/adcelectronique.com\/#website\"},\"primaryImageOfPage\":{\"@id\":\"https:\/\/adcelectronique.com\/index.php\/product\/mout240-module-1-sortie-relais-avec-isolateur\/#primaryimage\"},\"image\":{\"@id\":\"https:\/\/adcelectronique.com\/index.php\/product\/mout240-module-1-sortie-relais-avec-isolateur\/#primaryimage\"},\"thumbnailUrl\":\"https:\/\/adcelectronique.com\/wp-content\/uploads\/2026\/04\/MOUT-240.png\",\"datePublished\":\"2026-04-12T09:45:08+00:00\",\"breadcrumb\":{\"@id\":\"https:\/\/adcelectronique.com\/index.php\/product\/mout240-module-1-sortie-relais-avec-isolateur\/#breadcrumb\"},\"inLanguage\":\"fr-FR\",\"potentialAction\":[{\"@type\":\"ReadAction\",\"target\":[\"https:\/\/adcelectronique.com\/index.php\/product\/mout240-module-1-sortie-relais-avec-isolateur\/\"]}]},{\"@type\":\"ImageObject\",\"inLanguage\":\"fr-FR\",\"@id\":\"https:\/\/adcelectronique.com\/index.php\/product\/mout240-module-1-sortie-relais-avec-isolateur\/#primaryimage\",\"url\":\"https:\/\/adcelectronique.com\/wp-content\/uploads\/2026\/04\/MOUT-240.png\",\"contentUrl\":\"https:\/\/adcelectronique.com\/wp-content\/uploads\/2026\/04\/MOUT-240.png\",\"width\":450,\"height\":450},{\"@type\":\"BreadcrumbList\",\"@id\":\"https:\/\/adcelectronique.com\/index.php\/product\/mout240-module-1-sortie-relais-avec-isolateur\/#breadcrumb\",\"itemListElement\":[{\"@type\":\"ListItem\",\"position\":1,\"name\":\"Home\",\"item\":\"https:\/\/adcelectronique.com\/\"},{\"@type\":\"ListItem\",\"position\":2,\"name\":\"Shop\",\"item\":\"https:\/\/adcelectronique.com\/index.php\/shop\/\"},{\"@type\":\"ListItem\",\"position\":3,\"name\":\"MOUT240 -MODULE 1 SORTIE RELAIS AVEC ISOLATEUR\"}]},{\"@type\":\"WebSite\",\"@id\":\"https:\/\/adcelectronique.com\/#website\",\"url\":\"https:\/\/adcelectronique.com\/\",\"name\":\"ADC Electronique\",\"description\":\"\",\"potentialAction\":[{\"@type\":\"SearchAction\",\"target\":{\"@type\":\"EntryPoint\",\"urlTemplate\":\"https:\/\/adcelectronique.com\/?s={search_term_string}\"},\"query-input\":{\"@type\":\"PropertyValueSpecification\",\"valueRequired\":true,\"valueName\":\"search_term_string\"}}],\"inLanguage\":\"fr-FR\"}]}<\/script>\n<!-- \/ Yoast SEO Premium plugin. -->","yoast_head_json":{"title":"MOUT240 -MODULE 1 SORTIE RELAIS AVEC ISOLATEUR - ADC Electronique","robots":{"index":"index","follow":"follow","max-snippet":"max-snippet:-1","max-image-preview":"max-image-preview:large","max-video-preview":"max-video-preview:-1"},"canonical":"https:\/\/adcelectronique.com\/index.php\/product\/mout240-module-1-sortie-relais-avec-isolateur\/","og_locale":"fr_FR","og_type":"article","og_title":"MOUT240 -MODULE 1 SORTIE RELAIS AVEC ISOLATEUR","og_description":"Le SensoIRIS MOUT-240 est un module adressable de sortie relais con\u00e7u pour les syst\u00e8mes de d\u00e9tection incendie utilisant le protocole TTE. Il permet le contr\u00f4le de circuits sous 240V AC, offrant une solution fiable pour piloter des \u00e9quipements tels que sir\u00e8nes, ventilations, \u00e9clairages de s\u00e9curit\u00e9 ou autres dispositifs \u00e9lectriques. Gr\u00e2ce \u00e0 son bo\u00eetier IP65, il est adapt\u00e9 aux installations ext\u00e9rieures et aux environnements industriels exigeants, tout en \u00e9tant aliment\u00e9 directement par la centrale incendie.","og_url":"https:\/\/adcelectronique.com\/index.php\/product\/mout240-module-1-sortie-relais-avec-isolateur\/","og_site_name":"ADC Electronique","og_image":[{"width":450,"height":450,"url":"https:\/\/adcelectronique.com\/wp-content\/uploads\/2026\/04\/MOUT-240.png","type":"image\/png"}],"twitter_card":"summary_large_image","twitter_misc":{"Dur\u00e9e de lecture estim\u00e9e":"2 minutes"},"schema":{"@context":"https:\/\/schema.org","@graph":[{"@type":"WebPage","@id":"https:\/\/adcelectronique.com\/index.php\/product\/mout240-module-1-sortie-relais-avec-isolateur\/","url":"https:\/\/adcelectronique.com\/index.php\/product\/mout240-module-1-sortie-relais-avec-isolateur\/","name":"MOUT240 -MODULE 1 SORTIE RELAIS AVEC ISOLATEUR - ADC Electronique","isPartOf":{"@id":"https:\/\/adcelectronique.com\/#website"},"primaryImageOfPage":{"@id":"https:\/\/adcelectronique.com\/index.php\/product\/mout240-module-1-sortie-relais-avec-isolateur\/#primaryimage"},"image":{"@id":"https:\/\/adcelectronique.com\/index.php\/product\/mout240-module-1-sortie-relais-avec-isolateur\/#primaryimage"},"thumbnailUrl":"https:\/\/adcelectronique.com\/wp-content\/uploads\/2026\/04\/MOUT-240.png","datePublished":"2026-04-12T09:45:08+00:00","breadcrumb":{"@id":"https:\/\/adcelectronique.com\/index.php\/product\/mout240-module-1-sortie-relais-avec-isolateur\/#breadcrumb"},"inLanguage":"fr-FR","potentialAction":[{"@type":"ReadAction","target":["https:\/\/adcelectronique.com\/index.php\/product\/mout240-module-1-sortie-relais-avec-isolateur\/"]}]},{"@type":"ImageObject","inLanguage":"fr-FR","@id":"https:\/\/adcelectronique.com\/index.php\/product\/mout240-module-1-sortie-relais-avec-isolateur\/#primaryimage","url":"https:\/\/adcelectronique.com\/wp-content\/uploads\/2026\/04\/MOUT-240.png","contentUrl":"https:\/\/adcelectronique.com\/wp-content\/uploads\/2026\/04\/MOUT-240.png","width":450,"height":450},{"@type":"BreadcrumbList","@id":"https:\/\/adcelectronique.com\/index.php\/product\/mout240-module-1-sortie-relais-avec-isolateur\/#breadcrumb","itemListElement":[{"@type":"ListItem","position":1,"name":"Home","item":"https:\/\/adcelectronique.com\/"},{"@type":"ListItem","position":2,"name":"Shop","item":"https:\/\/adcelectronique.com\/index.php\/shop\/"},{"@type":"ListItem","position":3,"name":"MOUT240 -MODULE 1 SORTIE RELAIS AVEC ISOLATEUR"}]},{"@type":"WebSite","@id":"https:\/\/adcelectronique.com\/#website","url":"https:\/\/adcelectronique.com\/","name":"ADC Electronique","description":"","potentialAction":[{"@type":"SearchAction","target":{"@type":"EntryPoint","urlTemplate":"https:\/\/adcelectronique.com\/?s={search_term_string}"},"query-input":{"@type":"PropertyValueSpecification","valueRequired":true,"valueName":"search_term_string"}}],"inLanguage":"fr-FR"}]}},"_links":{"self":[{"href":"https:\/\/adcelectronique.com\/index.php\/wp-json\/wp\/v2\/product\/11229","targetHints":{"allow":["GET"]}}],"collection":[{"href":"https:\/\/adcelectronique.com\/index.php\/wp-json\/wp\/v2\/product"}],"about":[{"href":"https:\/\/adcelectronique.com\/index.php\/wp-json\/wp\/v2\/types\/product"}],"replies":[{"embeddable":true,"href":"https:\/\/adcelectronique.com\/index.php\/wp-json\/wp\/v2\/comments?post=11229"}],"version-history":[{"count":1,"href":"https:\/\/adcelectronique.com\/index.php\/wp-json\/wp\/v2\/product\/11229\/revisions"}],"predecessor-version":[{"id":11231,"href":"https:\/\/adcelectronique.com\/index.php\/wp-json\/wp\/v2\/product\/11229\/revisions\/11231"}],"wp:featuredmedia":[{"embeddable":true,"href":"https:\/\/adcelectronique.com\/index.php\/wp-json\/wp\/v2\/media\/11230"}],"wp:attachment":[{"href":"https:\/\/adcelectronique.com\/index.php\/wp-json\/wp\/v2\/media?parent=11229"}],"wp:term":[{"taxonomy":"product_brand","embeddable":true,"href":"https:\/\/adcelectronique.com\/index.php\/wp-json\/wp\/v2\/product_brand?post=11229"},{"taxonomy":"product_cat","embeddable":true,"href":"https:\/\/adcelectronique.com\/index.php\/wp-json\/wp\/v2\/product_cat?post=11229"},{"taxonomy":"product_tag","embeddable":true,"href":"https:\/\/adcelectronique.com\/index.php\/wp-json\/wp\/v2\/product_tag?post=11229"}],"curies":[{"name":"wp","href":"https:\/\/api.w.org\/{rel}","templated":true}]}}