{"id":11235,"date":"2026-04-12T09:54:49","date_gmt":"2026-04-12T09:54:49","guid":{"rendered":"https:\/\/adcelectronique.com\/?post_type=product&#038;p=11235"},"modified":"2026-04-12T09:54:50","modified_gmt":"2026-04-12T09:54:50","slug":"mout-ip55-module-de-sirenes-conventionelles-avec-isolateur","status":"publish","type":"product","link":"https:\/\/adcelectronique.com\/index.php\/product\/mout-ip55-module-de-sirenes-conventionelles-avec-isolateur\/","title":{"rendered":"MOUT IP55 MODULE DE SIRENES CONVENTIONELLES AVEC ISOLATEUR"},"content":{"rendered":"<h3>\u00a0 \u00a0 \u00a0 \u00a0 \u00a0 \u00a0 \u00a0 MOUT IP55 MODULE DE SIRENES CONVENTIONELLES AVEC ISOLATEUR<\/h3>\n<p data-start=\"150\" data-end=\"416\">Le <strong data-start=\"153\" data-end=\"176\">SensoIRIS MOUT IP55<\/strong> est un <strong data-start=\"184\" data-end=\"215\">module adressable de sortie<\/strong> con\u00e7u pour les syst\u00e8mes de d\u00e9tection incendie. Il permet de piloter des <strong data-start=\"288\" data-end=\"316\">sir\u00e8nes conventionnelles<\/strong> via une sortie \u00e0 potentiel, tout en assurant une int\u00e9gration compl\u00e8te dans les r\u00e9seaux adressables.<\/p>\n<p data-start=\"418\" data-end=\"604\">Gr\u00e2ce \u00e0 son bo\u00eetier <strong data-start=\"438\" data-end=\"446\">IP55<\/strong>, il offre une protection renforc\u00e9e contre la poussi\u00e8re et les projections d\u2019eau, ce qui le rend adapt\u00e9 aux installations <strong data-start=\"568\" data-end=\"603\">int\u00e9rieures et semi-ext\u00e9rieures<\/strong>.<\/p>\n<p data-start=\"606\" data-end=\"762\">Le module est certifi\u00e9 selon les normes europ\u00e9ennes <strong data-start=\"658\" data-end=\"679\">EN54-18 \/ EN54-17<\/strong>, garantissant sa conformit\u00e9 pour les syst\u00e8mes de s\u00e9curit\u00e9 incendie professionnels.<\/p>\n<hr data-start=\"764\" data-end=\"767\" \/>\n<h2 data-section-id=\"128riy1\" data-start=\"769\" data-end=\"800\">Caract\u00e9ristiques principales<\/h2>\n<ul data-start=\"801\" data-end=\"1104\">\n<li data-section-id=\"2jqmpo\" data-start=\"801\" data-end=\"855\">Module adressable de sortie pour syst\u00e8mes incendie<\/li>\n<li data-section-id=\"a0onm5\" data-start=\"856\" data-end=\"900\">Commande de <strong data-start=\"870\" data-end=\"898\">sir\u00e8nes conventionnelles<\/strong><\/li>\n<li data-section-id=\"1sp33wa\" data-start=\"901\" data-end=\"935\">Bo\u00eetier de protection <strong data-start=\"925\" data-end=\"933\">IP55<\/strong><\/li>\n<li data-section-id=\"1cxyxh3\" data-start=\"936\" data-end=\"977\">Int\u00e9gration dans syst\u00e8mes adressables<\/li>\n<li data-section-id=\"1t03gb8\" data-start=\"978\" data-end=\"1033\">Haute fiabilit\u00e9 pour installations professionnelles<\/li>\n<li data-section-id=\"pft5x4\" data-start=\"1034\" data-end=\"1064\">Installation murale simple<\/li>\n<li data-section-id=\"1xlox0d\" data-start=\"1065\" data-end=\"1104\">Compatible environnements exigeants<\/li>\n<\/ul>\n<hr data-start=\"1106\" data-end=\"1109\" \/>\n<h2 data-section-id=\"1ilt2zm\" data-start=\"1111\" data-end=\"1141\">Caract\u00e9ristiques techniques<\/h2>\n<div class=\"TyagGW_tableContainer\">\n<div class=\"group TyagGW_tableWrapper flex flex-col-reverse w-fit\">\n<table class=\"w-fit min-w-(--thread-content-width)\" data-start=\"1142\" data-end=\"1516\">\n<thead data-start=\"1142\" data-end=\"1164\">\n<tr data-start=\"1142\" data-end=\"1164\">\n<th class=\"\" data-start=\"1142\" data-end=\"1154\" data-col-size=\"sm\">Param\u00e8tre<\/th>\n<th class=\"\" data-start=\"1154\" data-end=\"1164\" data-col-size=\"md\">Valeur<\/th>\n<\/tr>\n<\/thead>\n<tbody data-start=\"1188\" data-end=\"1516\">\n<tr data-start=\"1188\" data-end=\"1226\">\n<td data-start=\"1188\" data-end=\"1195\" data-col-size=\"sm\">Type<\/td>\n<td data-start=\"1195\" data-end=\"1226\" data-col-size=\"md\">Module de sortie adressable<\/td>\n<\/tr>\n<tr data-start=\"1227\" data-end=\"1275\">\n<td data-start=\"1227\" data-end=\"1238\" data-col-size=\"sm\">Fonction<\/td>\n<td data-start=\"1238\" data-end=\"1275\" data-col-size=\"md\">Commande sir\u00e8nes conventionnelles<\/td>\n<\/tr>\n<tr data-start=\"1276\" data-end=\"1297\">\n<td data-start=\"1276\" data-end=\"1289\" data-col-size=\"sm\">Protection<\/td>\n<td data-start=\"1289\" data-end=\"1297\" data-col-size=\"md\">IP55<\/td>\n<\/tr>\n<tr data-start=\"1298\" data-end=\"1360\">\n<td data-start=\"1298\" data-end=\"1314\" data-col-size=\"sm\">Communication<\/td>\n<td data-start=\"1314\" data-end=\"1360\" data-col-size=\"md\">Syst\u00e8me adressable (TTE \/ IRIS compatible)<\/td>\n<\/tr>\n<tr data-start=\"1361\" data-end=\"1402\">\n<td data-start=\"1361\" data-end=\"1376\" data-col-size=\"sm\">Alimentation<\/td>\n<td data-start=\"1376\" data-end=\"1402\" data-col-size=\"md\">Par la boucle incendie<\/td>\n<\/tr>\n<tr data-start=\"1403\" data-end=\"1449\">\n<td data-start=\"1403\" data-end=\"1418\" data-col-size=\"sm\">Installation<\/td>\n<td data-start=\"1418\" data-end=\"1449\" data-col-size=\"md\">Int\u00e9rieur \/ semi-ext\u00e9rieure<\/td>\n<\/tr>\n<tr data-start=\"1450\" data-end=\"1480\">\n<td data-start=\"1450\" data-end=\"1459\" data-col-size=\"sm\">Normes<\/td>\n<td data-start=\"1459\" data-end=\"1480\" data-col-size=\"md\">EN54-18 \/ EN54-17<\/td>\n<\/tr>\n<tr data-start=\"1481\" data-end=\"1516\">\n<td data-start=\"1481\" data-end=\"1493\" data-col-size=\"sm\">Fabricant<\/td>\n<td data-start=\"1493\" data-end=\"1516\" data-col-size=\"md\">Teletek Electronics<\/td>\n<\/tr>\n<\/tbody>\n<\/table>\n<\/div>\n<\/div>\n","protected":false},"excerpt":{"rendered":"<p data-start=\"150\" data-end=\"416\">Le <strong data-start=\"153\" data-end=\"176\">SensoIRIS MOUT IP55<\/strong> est un <strong data-start=\"184\" data-end=\"215\">module adressable de sortie<\/strong> con\u00e7u pour les syst\u00e8mes de d\u00e9tection incendie. Il permet de piloter des <strong data-start=\"288\" data-end=\"316\">sir\u00e8nes conventionnelles<\/strong> via une sortie \u00e0 potentiel, tout en assurant une int\u00e9gration compl\u00e8te dans les r\u00e9seaux adressables.<\/p>\n<p data-start=\"418\" data-end=\"604\">Gr\u00e2ce \u00e0 son bo\u00eetier <strong data-start=\"438\" data-end=\"446\">IP55<\/strong>, il offre une protection renforc\u00e9e contre la poussi\u00e8re et les projections d\u2019eau, ce qui le rend adapt\u00e9 aux installations <strong data-start=\"568\" data-end=\"603\">int\u00e9rieures et semi-ext\u00e9rieures<\/strong>.<\/p>\n<p data-start=\"606\" data-end=\"762\">Le module est certifi\u00e9 selon les normes europ\u00e9ennes <strong data-start=\"658\" data-end=\"679\">EN54-18 \/ EN54-17<\/strong>, garantissant sa conformit\u00e9 pour les syst\u00e8mes de s\u00e9curit\u00e9 incendie professionnels.<\/p>\n","protected":false},"featured_media":11236,"comment_status":"open","ping_status":"closed","template":"","meta":[],"product_brand":[149],"product_cat":[153],"product_tag":[],"class_list":{"0":"post-11235","1":"product","2":"type-product","3":"status-publish","4":"has-post-thumbnail","6":"product_brand-teletek","7":"product_cat-system-detection-incendie-adressable","9":"first","10":"instock","11":"shipping-taxable","12":"product-type-simple"},"yoast_head":"<!-- This site is optimized with the Yoast SEO Premium plugin v26.2 (Yoast SEO v26.2) - https:\/\/yoast.com\/wordpress\/plugins\/seo\/ -->\n<title>MOUT IP55 MODULE DE SIRENES CONVENTIONELLES AVEC ISOLATEUR - ADC Electronique<\/title>\n<meta name=\"robots\" content=\"index, follow, max-snippet:-1, max-image-preview:large, max-video-preview:-1\" \/>\n<link rel=\"canonical\" href=\"https:\/\/adcelectronique.com\/index.php\/product\/mout-ip55-module-de-sirenes-conventionelles-avec-isolateur\/\" \/>\n<meta property=\"og:locale\" content=\"fr_FR\" \/>\n<meta property=\"og:type\" content=\"article\" \/>\n<meta property=\"og:title\" content=\"MOUT IP55 MODULE DE SIRENES CONVENTIONELLES AVEC ISOLATEUR\" \/>\n<meta property=\"og:description\" content=\"Le SensoIRIS MOUT IP55 est un module adressable de sortie con\u00e7u pour les syst\u00e8mes de d\u00e9tection incendie. Il permet de piloter des sir\u00e8nes conventionnelles via une sortie \u00e0 potentiel, tout en assurant une int\u00e9gration compl\u00e8te dans les r\u00e9seaux adressables. Gr\u00e2ce \u00e0 son bo\u00eetier IP55, il offre une protection renforc\u00e9e contre la poussi\u00e8re et les projections d\u2019eau, ce qui le rend adapt\u00e9 aux installations int\u00e9rieures et semi-ext\u00e9rieures. Le module est certifi\u00e9 selon les normes europ\u00e9ennes EN54-18 \/ EN54-17, garantissant sa conformit\u00e9 pour les syst\u00e8mes de s\u00e9curit\u00e9 incendie professionnels.\" \/>\n<meta property=\"og:url\" content=\"https:\/\/adcelectronique.com\/index.php\/product\/mout-ip55-module-de-sirenes-conventionelles-avec-isolateur\/\" \/>\n<meta property=\"og:site_name\" content=\"ADC Electronique\" \/>\n<meta property=\"article:modified_time\" content=\"2026-04-12T09:54:50+00:00\" \/>\n<meta property=\"og:image\" content=\"https:\/\/adcelectronique.com\/wp-content\/uploads\/2026\/04\/SensoIRIS_MOUT_IP55.png\" \/>\n\t<meta property=\"og:image:width\" content=\"450\" \/>\n\t<meta property=\"og:image:height\" content=\"450\" \/>\n\t<meta property=\"og:image:type\" content=\"image\/png\" \/>\n<meta name=\"twitter:card\" content=\"summary_large_image\" \/>\n<meta name=\"twitter:label1\" content=\"Dur\u00e9e de lecture estim\u00e9e\" \/>\n\t<meta name=\"twitter:data1\" content=\"2 minutes\" \/>\n<script type=\"application\/ld+json\" class=\"yoast-schema-graph\">{\"@context\":\"https:\/\/schema.org\",\"@graph\":[{\"@type\":\"WebPage\",\"@id\":\"https:\/\/adcelectronique.com\/index.php\/product\/mout-ip55-module-de-sirenes-conventionelles-avec-isolateur\/\",\"url\":\"https:\/\/adcelectronique.com\/index.php\/product\/mout-ip55-module-de-sirenes-conventionelles-avec-isolateur\/\",\"name\":\"MOUT IP55 MODULE DE SIRENES CONVENTIONELLES AVEC ISOLATEUR - ADC Electronique\",\"isPartOf\":{\"@id\":\"https:\/\/adcelectronique.com\/#website\"},\"primaryImageOfPage\":{\"@id\":\"https:\/\/adcelectronique.com\/index.php\/product\/mout-ip55-module-de-sirenes-conventionelles-avec-isolateur\/#primaryimage\"},\"image\":{\"@id\":\"https:\/\/adcelectronique.com\/index.php\/product\/mout-ip55-module-de-sirenes-conventionelles-avec-isolateur\/#primaryimage\"},\"thumbnailUrl\":\"https:\/\/adcelectronique.com\/wp-content\/uploads\/2026\/04\/SensoIRIS_MOUT_IP55.png\",\"datePublished\":\"2026-04-12T09:54:49+00:00\",\"dateModified\":\"2026-04-12T09:54:50+00:00\",\"breadcrumb\":{\"@id\":\"https:\/\/adcelectronique.com\/index.php\/product\/mout-ip55-module-de-sirenes-conventionelles-avec-isolateur\/#breadcrumb\"},\"inLanguage\":\"fr-FR\",\"potentialAction\":[{\"@type\":\"ReadAction\",\"target\":[\"https:\/\/adcelectronique.com\/index.php\/product\/mout-ip55-module-de-sirenes-conventionelles-avec-isolateur\/\"]}]},{\"@type\":\"ImageObject\",\"inLanguage\":\"fr-FR\",\"@id\":\"https:\/\/adcelectronique.com\/index.php\/product\/mout-ip55-module-de-sirenes-conventionelles-avec-isolateur\/#primaryimage\",\"url\":\"https:\/\/adcelectronique.com\/wp-content\/uploads\/2026\/04\/SensoIRIS_MOUT_IP55.png\",\"contentUrl\":\"https:\/\/adcelectronique.com\/wp-content\/uploads\/2026\/04\/SensoIRIS_MOUT_IP55.png\",\"width\":450,\"height\":450},{\"@type\":\"BreadcrumbList\",\"@id\":\"https:\/\/adcelectronique.com\/index.php\/product\/mout-ip55-module-de-sirenes-conventionelles-avec-isolateur\/#breadcrumb\",\"itemListElement\":[{\"@type\":\"ListItem\",\"position\":1,\"name\":\"Home\",\"item\":\"https:\/\/adcelectronique.com\/\"},{\"@type\":\"ListItem\",\"position\":2,\"name\":\"Shop\",\"item\":\"https:\/\/adcelectronique.com\/index.php\/shop\/\"},{\"@type\":\"ListItem\",\"position\":3,\"name\":\"MOUT IP55 MODULE DE SIRENES CONVENTIONELLES AVEC ISOLATEUR\"}]},{\"@type\":\"WebSite\",\"@id\":\"https:\/\/adcelectronique.com\/#website\",\"url\":\"https:\/\/adcelectronique.com\/\",\"name\":\"ADC Electronique\",\"description\":\"\",\"potentialAction\":[{\"@type\":\"SearchAction\",\"target\":{\"@type\":\"EntryPoint\",\"urlTemplate\":\"https:\/\/adcelectronique.com\/?s={search_term_string}\"},\"query-input\":{\"@type\":\"PropertyValueSpecification\",\"valueRequired\":true,\"valueName\":\"search_term_string\"}}],\"inLanguage\":\"fr-FR\"}]}<\/script>\n<!-- \/ Yoast SEO Premium plugin. -->","yoast_head_json":{"title":"MOUT IP55 MODULE DE SIRENES CONVENTIONELLES AVEC ISOLATEUR - ADC Electronique","robots":{"index":"index","follow":"follow","max-snippet":"max-snippet:-1","max-image-preview":"max-image-preview:large","max-video-preview":"max-video-preview:-1"},"canonical":"https:\/\/adcelectronique.com\/index.php\/product\/mout-ip55-module-de-sirenes-conventionelles-avec-isolateur\/","og_locale":"fr_FR","og_type":"article","og_title":"MOUT IP55 MODULE DE SIRENES CONVENTIONELLES AVEC ISOLATEUR","og_description":"Le SensoIRIS MOUT IP55 est un module adressable de sortie con\u00e7u pour les syst\u00e8mes de d\u00e9tection incendie. Il permet de piloter des sir\u00e8nes conventionnelles via une sortie \u00e0 potentiel, tout en assurant une int\u00e9gration compl\u00e8te dans les r\u00e9seaux adressables. Gr\u00e2ce \u00e0 son bo\u00eetier IP55, il offre une protection renforc\u00e9e contre la poussi\u00e8re et les projections d\u2019eau, ce qui le rend adapt\u00e9 aux installations int\u00e9rieures et semi-ext\u00e9rieures. Le module est certifi\u00e9 selon les normes europ\u00e9ennes EN54-18 \/ EN54-17, garantissant sa conformit\u00e9 pour les syst\u00e8mes de s\u00e9curit\u00e9 incendie professionnels.","og_url":"https:\/\/adcelectronique.com\/index.php\/product\/mout-ip55-module-de-sirenes-conventionelles-avec-isolateur\/","og_site_name":"ADC Electronique","article_modified_time":"2026-04-12T09:54:50+00:00","og_image":[{"width":450,"height":450,"url":"https:\/\/adcelectronique.com\/wp-content\/uploads\/2026\/04\/SensoIRIS_MOUT_IP55.png","type":"image\/png"}],"twitter_card":"summary_large_image","twitter_misc":{"Dur\u00e9e de lecture estim\u00e9e":"2 minutes"},"schema":{"@context":"https:\/\/schema.org","@graph":[{"@type":"WebPage","@id":"https:\/\/adcelectronique.com\/index.php\/product\/mout-ip55-module-de-sirenes-conventionelles-avec-isolateur\/","url":"https:\/\/adcelectronique.com\/index.php\/product\/mout-ip55-module-de-sirenes-conventionelles-avec-isolateur\/","name":"MOUT IP55 MODULE DE SIRENES CONVENTIONELLES AVEC ISOLATEUR - ADC Electronique","isPartOf":{"@id":"https:\/\/adcelectronique.com\/#website"},"primaryImageOfPage":{"@id":"https:\/\/adcelectronique.com\/index.php\/product\/mout-ip55-module-de-sirenes-conventionelles-avec-isolateur\/#primaryimage"},"image":{"@id":"https:\/\/adcelectronique.com\/index.php\/product\/mout-ip55-module-de-sirenes-conventionelles-avec-isolateur\/#primaryimage"},"thumbnailUrl":"https:\/\/adcelectronique.com\/wp-content\/uploads\/2026\/04\/SensoIRIS_MOUT_IP55.png","datePublished":"2026-04-12T09:54:49+00:00","dateModified":"2026-04-12T09:54:50+00:00","breadcrumb":{"@id":"https:\/\/adcelectronique.com\/index.php\/product\/mout-ip55-module-de-sirenes-conventionelles-avec-isolateur\/#breadcrumb"},"inLanguage":"fr-FR","potentialAction":[{"@type":"ReadAction","target":["https:\/\/adcelectronique.com\/index.php\/product\/mout-ip55-module-de-sirenes-conventionelles-avec-isolateur\/"]}]},{"@type":"ImageObject","inLanguage":"fr-FR","@id":"https:\/\/adcelectronique.com\/index.php\/product\/mout-ip55-module-de-sirenes-conventionelles-avec-isolateur\/#primaryimage","url":"https:\/\/adcelectronique.com\/wp-content\/uploads\/2026\/04\/SensoIRIS_MOUT_IP55.png","contentUrl":"https:\/\/adcelectronique.com\/wp-content\/uploads\/2026\/04\/SensoIRIS_MOUT_IP55.png","width":450,"height":450},{"@type":"BreadcrumbList","@id":"https:\/\/adcelectronique.com\/index.php\/product\/mout-ip55-module-de-sirenes-conventionelles-avec-isolateur\/#breadcrumb","itemListElement":[{"@type":"ListItem","position":1,"name":"Home","item":"https:\/\/adcelectronique.com\/"},{"@type":"ListItem","position":2,"name":"Shop","item":"https:\/\/adcelectronique.com\/index.php\/shop\/"},{"@type":"ListItem","position":3,"name":"MOUT IP55 MODULE DE SIRENES CONVENTIONELLES AVEC ISOLATEUR"}]},{"@type":"WebSite","@id":"https:\/\/adcelectronique.com\/#website","url":"https:\/\/adcelectronique.com\/","name":"ADC Electronique","description":"","potentialAction":[{"@type":"SearchAction","target":{"@type":"EntryPoint","urlTemplate":"https:\/\/adcelectronique.com\/?s={search_term_string}"},"query-input":{"@type":"PropertyValueSpecification","valueRequired":true,"valueName":"search_term_string"}}],"inLanguage":"fr-FR"}]}},"_links":{"self":[{"href":"https:\/\/adcelectronique.com\/index.php\/wp-json\/wp\/v2\/product\/11235","targetHints":{"allow":["GET"]}}],"collection":[{"href":"https:\/\/adcelectronique.com\/index.php\/wp-json\/wp\/v2\/product"}],"about":[{"href":"https:\/\/adcelectronique.com\/index.php\/wp-json\/wp\/v2\/types\/product"}],"replies":[{"embeddable":true,"href":"https:\/\/adcelectronique.com\/index.php\/wp-json\/wp\/v2\/comments?post=11235"}],"version-history":[{"count":1,"href":"https:\/\/adcelectronique.com\/index.php\/wp-json\/wp\/v2\/product\/11235\/revisions"}],"predecessor-version":[{"id":11237,"href":"https:\/\/adcelectronique.com\/index.php\/wp-json\/wp\/v2\/product\/11235\/revisions\/11237"}],"wp:featuredmedia":[{"embeddable":true,"href":"https:\/\/adcelectronique.com\/index.php\/wp-json\/wp\/v2\/media\/11236"}],"wp:attachment":[{"href":"https:\/\/adcelectronique.com\/index.php\/wp-json\/wp\/v2\/media?parent=11235"}],"wp:term":[{"taxonomy":"product_brand","embeddable":true,"href":"https:\/\/adcelectronique.com\/index.php\/wp-json\/wp\/v2\/product_brand?post=11235"},{"taxonomy":"product_cat","embeddable":true,"href":"https:\/\/adcelectronique.com\/index.php\/wp-json\/wp\/v2\/product_cat?post=11235"},{"taxonomy":"product_tag","embeddable":true,"href":"https:\/\/adcelectronique.com\/index.php\/wp-json\/wp\/v2\/product_tag?post=11235"}],"curies":[{"name":"wp","href":"https:\/\/api.w.org\/{rel}","templated":true}]}}