{"id":11240,"date":"2026-04-12T09:58:35","date_gmt":"2026-04-12T09:58:35","guid":{"rendered":"https:\/\/adcelectronique.com\/?post_type=product&#038;p=11240"},"modified":"2026-04-12T09:58:36","modified_gmt":"2026-04-12T09:58:36","slug":"detecteur-de-fummee-adressable-s130","status":"publish","type":"product","link":"https:\/\/adcelectronique.com\/index.php\/product\/detecteur-de-fummee-adressable-s130\/","title":{"rendered":"DETECTEUR DE FUMMEE ADRESSABLE S130"},"content":{"rendered":"<h3>\u00a0 \u00a0 \u00a0 \u00a0 \u00a0 \u00a0 \u00a0 \u00a0 \u00a0 \u00a0 \u00a0 \u00a0 \u00a0 \u00a0 \u00a0 \u00a0 \u00a0 \u00a0 \u00a0 \u00a0 \u00a0 \u00a0 \u00a0 \u00a0 \u00a0 \u00a0 DETECTEUR DE FUMMEE ADRESSABLE S130<\/h3>\n<p data-start=\"133\" data-end=\"308\">Le <strong data-start=\"136\" data-end=\"154\">SensoIRIS S130<\/strong> est un <strong data-start=\"162\" data-end=\"203\">d\u00e9tecteur optique de fum\u00e9e adressable<\/strong> con\u00e7u pour les syst\u00e8mes de d\u00e9tection incendie fonctionnant avec le <strong data-start=\"271\" data-end=\"305\">protocole de communication TTE<\/strong>.<\/p>\n<p data-start=\"310\" data-end=\"577\">Il est enti\u00e8rement <strong data-start=\"329\" data-end=\"379\">command\u00e9 et supervis\u00e9 par la centrale incendie<\/strong>, ce qui permet une gestion pr\u00e9cise, rapide et fiable des \u00e9v\u00e9nements de d\u00e9tection. Gr\u00e2ce \u00e0 sa technologie optique, il assure une <strong data-start=\"508\" data-end=\"576\">d\u00e9tection efficace des fum\u00e9es d\u00e8s les premiers stades d\u2019incendie<\/strong>.<\/p>\n<hr data-start=\"579\" data-end=\"582\" \/>\n<h2 data-section-id=\"128riy1\" data-start=\"584\" data-end=\"615\">Caract\u00e9ristiques principales<\/h2>\n<ul data-start=\"616\" data-end=\"907\">\n<li data-section-id=\"1jl4s2x\" data-start=\"616\" data-end=\"659\">D\u00e9tecteur de fum\u00e9e <strong data-start=\"637\" data-end=\"659\">optique adressable<\/strong><\/li>\n<li data-section-id=\"1kh98go\" data-start=\"660\" data-end=\"690\">Compatible protocole <strong data-start=\"683\" data-end=\"690\">TTE<\/strong><\/li>\n<li data-section-id=\"xdrifi\" data-start=\"691\" data-end=\"745\">Surveillance et commande depuis la centrale incendie<\/li>\n<li data-section-id=\"v5ovvd\" data-start=\"746\" data-end=\"776\">D\u00e9tection pr\u00e9coce des fum\u00e9es<\/li>\n<li data-section-id=\"743yr0\" data-start=\"777\" data-end=\"825\">Haute fiabilit\u00e9 en environnement professionnel<\/li>\n<li data-section-id=\"fszo4w\" data-start=\"826\" data-end=\"858\">Installation simple au plafond<\/li>\n<li data-section-id=\"1jeu0kw\" data-start=\"859\" data-end=\"907\">Int\u00e9gration dans syst\u00e8mes incendie adressables<\/li>\n<\/ul>\n<hr data-start=\"909\" data-end=\"912\" \/>\n<h2 data-section-id=\"1ilt2zm\" data-start=\"914\" data-end=\"944\">Caract\u00e9ristiques techniques<\/h2>\n<div class=\"TyagGW_tableContainer\">\n<div class=\"group TyagGW_tableWrapper flex flex-col-reverse w-fit\">\n<table class=\"w-fit min-w-(--thread-content-width)\" data-start=\"945\" data-end=\"1327\">\n<thead data-start=\"945\" data-end=\"967\">\n<tr data-start=\"945\" data-end=\"967\">\n<th class=\"\" data-start=\"945\" data-end=\"957\" data-col-size=\"sm\">Param\u00e8tre<\/th>\n<th class=\"\" data-start=\"957\" data-end=\"967\" data-col-size=\"sm\">Valeur<\/th>\n<\/tr>\n<\/thead>\n<tbody data-start=\"991\" data-end=\"1327\">\n<tr data-start=\"991\" data-end=\"1039\">\n<td data-start=\"991\" data-end=\"998\" data-col-size=\"sm\">Type<\/td>\n<td data-start=\"998\" data-end=\"1039\" data-col-size=\"sm\">D\u00e9tecteur de fum\u00e9e optique adressable<\/td>\n<\/tr>\n<tr data-start=\"1040\" data-end=\"1084\">\n<td data-start=\"1040\" data-end=\"1054\" data-col-size=\"sm\">Technologie<\/td>\n<td data-start=\"1054\" data-end=\"1084\" data-col-size=\"sm\">D\u00e9tection optique de fum\u00e9e<\/td>\n<\/tr>\n<tr data-start=\"1085\" data-end=\"1118\">\n<td data-start=\"1085\" data-end=\"1101\" data-col-size=\"sm\">Communication<\/td>\n<td data-start=\"1101\" data-end=\"1118\" data-col-size=\"sm\">Protocole TTE<\/td>\n<\/tr>\n<tr data-start=\"1119\" data-end=\"1161\">\n<td data-start=\"1119\" data-end=\"1130\" data-col-size=\"sm\">Commande<\/td>\n<td data-start=\"1130\" data-end=\"1161\" data-col-size=\"sm\">Depuis la centrale incendie<\/td>\n<\/tr>\n<tr data-start=\"1162\" data-end=\"1188\">\n<td data-start=\"1162\" data-end=\"1177\" data-col-size=\"sm\">Installation<\/td>\n<td data-start=\"1177\" data-end=\"1188\" data-col-size=\"sm\">Plafond<\/td>\n<\/tr>\n<tr data-start=\"1189\" data-end=\"1237\">\n<td data-start=\"1189\" data-end=\"1203\" data-col-size=\"sm\">Utilisation<\/td>\n<td data-start=\"1203\" data-end=\"1237\" data-col-size=\"sm\">Syst\u00e8mes de d\u00e9tection incendie<\/td>\n<\/tr>\n<tr data-start=\"1238\" data-end=\"1291\">\n<td data-start=\"1238\" data-end=\"1252\" data-col-size=\"sm\">Application<\/td>\n<td data-start=\"1252\" data-end=\"1291\" data-col-size=\"sm\">R\u00e9sidentiel, commercial, industriel<\/td>\n<\/tr>\n<tr data-start=\"1292\" data-end=\"1327\">\n<td data-start=\"1292\" data-end=\"1304\" data-col-size=\"sm\">Fabricant<\/td>\n<td data-start=\"1304\" data-end=\"1327\" data-col-size=\"sm\">Teletek Electronics<\/td>\n<\/tr>\n<\/tbody>\n<\/table>\n<\/div>\n<\/div>\n","protected":false},"excerpt":{"rendered":"<p data-start=\"133\" data-end=\"308\">Le <strong data-start=\"136\" data-end=\"154\">SensoIRIS S130<\/strong> est un <strong data-start=\"162\" data-end=\"203\">d\u00e9tecteur optique de fum\u00e9e adressable<\/strong> con\u00e7u pour les syst\u00e8mes de d\u00e9tection incendie fonctionnant avec le <strong data-start=\"271\" data-end=\"305\">protocole de communication TTE<\/strong>.<\/p>\n<p data-start=\"310\" data-end=\"577\">Il est enti\u00e8rement <strong data-start=\"329\" data-end=\"379\">command\u00e9 et supervis\u00e9 par la centrale incendie<\/strong>, ce qui permet une gestion pr\u00e9cise, rapide et fiable des \u00e9v\u00e9nements de d\u00e9tection. Gr\u00e2ce \u00e0 sa technologie optique, il assure une <strong data-start=\"508\" data-end=\"576\">d\u00e9tection efficace des fum\u00e9es d\u00e8s les premiers stades d\u2019incendie<\/strong>.<\/p>\n","protected":false},"featured_media":11241,"comment_status":"open","ping_status":"closed","template":"","meta":[],"product_brand":[149],"product_cat":[153],"product_tag":[],"class_list":{"0":"post-11240","1":"product","2":"type-product","3":"status-publish","4":"has-post-thumbnail","6":"product_brand-teletek","7":"product_cat-system-detection-incendie-adressable","9":"first","10":"instock","11":"shipping-taxable","12":"product-type-simple"},"yoast_head":"<!-- This site is optimized with the Yoast SEO Premium plugin v26.2 (Yoast SEO v26.2) - https:\/\/yoast.com\/wordpress\/plugins\/seo\/ -->\n<title>DETECTEUR DE FUMMEE ADRESSABLE S130 - ADC Electronique<\/title>\n<meta name=\"robots\" content=\"index, follow, max-snippet:-1, max-image-preview:large, max-video-preview:-1\" \/>\n<link rel=\"canonical\" href=\"https:\/\/adcelectronique.com\/index.php\/product\/detecteur-de-fummee-adressable-s130\/\" \/>\n<meta property=\"og:locale\" content=\"fr_FR\" \/>\n<meta property=\"og:type\" content=\"article\" \/>\n<meta property=\"og:title\" content=\"DETECTEUR DE FUMMEE ADRESSABLE S130\" \/>\n<meta property=\"og:description\" content=\"Le SensoIRIS S130 est un d\u00e9tecteur optique de fum\u00e9e adressable con\u00e7u pour les syst\u00e8mes de d\u00e9tection incendie fonctionnant avec le protocole de communication TTE. Il est enti\u00e8rement command\u00e9 et supervis\u00e9 par la centrale incendie, ce qui permet une gestion pr\u00e9cise, rapide et fiable des \u00e9v\u00e9nements de d\u00e9tection. Gr\u00e2ce \u00e0 sa technologie optique, il assure une d\u00e9tection efficace des fum\u00e9es d\u00e8s les premiers stades d\u2019incendie.\" \/>\n<meta property=\"og:url\" content=\"https:\/\/adcelectronique.com\/index.php\/product\/detecteur-de-fummee-adressable-s130\/\" \/>\n<meta property=\"og:site_name\" content=\"ADC Electronique\" \/>\n<meta property=\"article:modified_time\" content=\"2026-04-12T09:58:36+00:00\" \/>\n<meta property=\"og:image\" content=\"https:\/\/adcelectronique.com\/wp-content\/uploads\/2026\/04\/S130.jpg\" \/>\n\t<meta property=\"og:image:width\" content=\"720\" \/>\n\t<meta property=\"og:image:height\" content=\"720\" \/>\n\t<meta property=\"og:image:type\" content=\"image\/jpeg\" \/>\n<meta name=\"twitter:card\" content=\"summary_large_image\" \/>\n<meta name=\"twitter:label1\" content=\"Dur\u00e9e de lecture estim\u00e9e\" \/>\n\t<meta name=\"twitter:data1\" content=\"1 minute\" \/>\n<script type=\"application\/ld+json\" class=\"yoast-schema-graph\">{\"@context\":\"https:\/\/schema.org\",\"@graph\":[{\"@type\":\"WebPage\",\"@id\":\"https:\/\/adcelectronique.com\/index.php\/product\/detecteur-de-fummee-adressable-s130\/\",\"url\":\"https:\/\/adcelectronique.com\/index.php\/product\/detecteur-de-fummee-adressable-s130\/\",\"name\":\"DETECTEUR DE FUMMEE ADRESSABLE S130 - ADC Electronique\",\"isPartOf\":{\"@id\":\"https:\/\/adcelectronique.com\/#website\"},\"primaryImageOfPage\":{\"@id\":\"https:\/\/adcelectronique.com\/index.php\/product\/detecteur-de-fummee-adressable-s130\/#primaryimage\"},\"image\":{\"@id\":\"https:\/\/adcelectronique.com\/index.php\/product\/detecteur-de-fummee-adressable-s130\/#primaryimage\"},\"thumbnailUrl\":\"https:\/\/adcelectronique.com\/wp-content\/uploads\/2026\/04\/S130.jpg\",\"datePublished\":\"2026-04-12T09:58:35+00:00\",\"dateModified\":\"2026-04-12T09:58:36+00:00\",\"breadcrumb\":{\"@id\":\"https:\/\/adcelectronique.com\/index.php\/product\/detecteur-de-fummee-adressable-s130\/#breadcrumb\"},\"inLanguage\":\"fr-FR\",\"potentialAction\":[{\"@type\":\"ReadAction\",\"target\":[\"https:\/\/adcelectronique.com\/index.php\/product\/detecteur-de-fummee-adressable-s130\/\"]}]},{\"@type\":\"ImageObject\",\"inLanguage\":\"fr-FR\",\"@id\":\"https:\/\/adcelectronique.com\/index.php\/product\/detecteur-de-fummee-adressable-s130\/#primaryimage\",\"url\":\"https:\/\/adcelectronique.com\/wp-content\/uploads\/2026\/04\/S130.jpg\",\"contentUrl\":\"https:\/\/adcelectronique.com\/wp-content\/uploads\/2026\/04\/S130.jpg\",\"width\":720,\"height\":720},{\"@type\":\"BreadcrumbList\",\"@id\":\"https:\/\/adcelectronique.com\/index.php\/product\/detecteur-de-fummee-adressable-s130\/#breadcrumb\",\"itemListElement\":[{\"@type\":\"ListItem\",\"position\":1,\"name\":\"Home\",\"item\":\"https:\/\/adcelectronique.com\/\"},{\"@type\":\"ListItem\",\"position\":2,\"name\":\"Shop\",\"item\":\"https:\/\/adcelectronique.com\/index.php\/shop\/\"},{\"@type\":\"ListItem\",\"position\":3,\"name\":\"DETECTEUR DE FUMMEE ADRESSABLE S130\"}]},{\"@type\":\"WebSite\",\"@id\":\"https:\/\/adcelectronique.com\/#website\",\"url\":\"https:\/\/adcelectronique.com\/\",\"name\":\"ADC Electronique\",\"description\":\"\",\"potentialAction\":[{\"@type\":\"SearchAction\",\"target\":{\"@type\":\"EntryPoint\",\"urlTemplate\":\"https:\/\/adcelectronique.com\/?s={search_term_string}\"},\"query-input\":{\"@type\":\"PropertyValueSpecification\",\"valueRequired\":true,\"valueName\":\"search_term_string\"}}],\"inLanguage\":\"fr-FR\"}]}<\/script>\n<!-- \/ Yoast SEO Premium plugin. -->","yoast_head_json":{"title":"DETECTEUR DE FUMMEE ADRESSABLE S130 - ADC Electronique","robots":{"index":"index","follow":"follow","max-snippet":"max-snippet:-1","max-image-preview":"max-image-preview:large","max-video-preview":"max-video-preview:-1"},"canonical":"https:\/\/adcelectronique.com\/index.php\/product\/detecteur-de-fummee-adressable-s130\/","og_locale":"fr_FR","og_type":"article","og_title":"DETECTEUR DE FUMMEE ADRESSABLE S130","og_description":"Le SensoIRIS S130 est un d\u00e9tecteur optique de fum\u00e9e adressable con\u00e7u pour les syst\u00e8mes de d\u00e9tection incendie fonctionnant avec le protocole de communication TTE. Il est enti\u00e8rement command\u00e9 et supervis\u00e9 par la centrale incendie, ce qui permet une gestion pr\u00e9cise, rapide et fiable des \u00e9v\u00e9nements de d\u00e9tection. Gr\u00e2ce \u00e0 sa technologie optique, il assure une d\u00e9tection efficace des fum\u00e9es d\u00e8s les premiers stades d\u2019incendie.","og_url":"https:\/\/adcelectronique.com\/index.php\/product\/detecteur-de-fummee-adressable-s130\/","og_site_name":"ADC Electronique","article_modified_time":"2026-04-12T09:58:36+00:00","og_image":[{"width":720,"height":720,"url":"https:\/\/adcelectronique.com\/wp-content\/uploads\/2026\/04\/S130.jpg","type":"image\/jpeg"}],"twitter_card":"summary_large_image","twitter_misc":{"Dur\u00e9e de lecture estim\u00e9e":"1 minute"},"schema":{"@context":"https:\/\/schema.org","@graph":[{"@type":"WebPage","@id":"https:\/\/adcelectronique.com\/index.php\/product\/detecteur-de-fummee-adressable-s130\/","url":"https:\/\/adcelectronique.com\/index.php\/product\/detecteur-de-fummee-adressable-s130\/","name":"DETECTEUR DE FUMMEE ADRESSABLE S130 - ADC Electronique","isPartOf":{"@id":"https:\/\/adcelectronique.com\/#website"},"primaryImageOfPage":{"@id":"https:\/\/adcelectronique.com\/index.php\/product\/detecteur-de-fummee-adressable-s130\/#primaryimage"},"image":{"@id":"https:\/\/adcelectronique.com\/index.php\/product\/detecteur-de-fummee-adressable-s130\/#primaryimage"},"thumbnailUrl":"https:\/\/adcelectronique.com\/wp-content\/uploads\/2026\/04\/S130.jpg","datePublished":"2026-04-12T09:58:35+00:00","dateModified":"2026-04-12T09:58:36+00:00","breadcrumb":{"@id":"https:\/\/adcelectronique.com\/index.php\/product\/detecteur-de-fummee-adressable-s130\/#breadcrumb"},"inLanguage":"fr-FR","potentialAction":[{"@type":"ReadAction","target":["https:\/\/adcelectronique.com\/index.php\/product\/detecteur-de-fummee-adressable-s130\/"]}]},{"@type":"ImageObject","inLanguage":"fr-FR","@id":"https:\/\/adcelectronique.com\/index.php\/product\/detecteur-de-fummee-adressable-s130\/#primaryimage","url":"https:\/\/adcelectronique.com\/wp-content\/uploads\/2026\/04\/S130.jpg","contentUrl":"https:\/\/adcelectronique.com\/wp-content\/uploads\/2026\/04\/S130.jpg","width":720,"height":720},{"@type":"BreadcrumbList","@id":"https:\/\/adcelectronique.com\/index.php\/product\/detecteur-de-fummee-adressable-s130\/#breadcrumb","itemListElement":[{"@type":"ListItem","position":1,"name":"Home","item":"https:\/\/adcelectronique.com\/"},{"@type":"ListItem","position":2,"name":"Shop","item":"https:\/\/adcelectronique.com\/index.php\/shop\/"},{"@type":"ListItem","position":3,"name":"DETECTEUR DE FUMMEE ADRESSABLE S130"}]},{"@type":"WebSite","@id":"https:\/\/adcelectronique.com\/#website","url":"https:\/\/adcelectronique.com\/","name":"ADC Electronique","description":"","potentialAction":[{"@type":"SearchAction","target":{"@type":"EntryPoint","urlTemplate":"https:\/\/adcelectronique.com\/?s={search_term_string}"},"query-input":{"@type":"PropertyValueSpecification","valueRequired":true,"valueName":"search_term_string"}}],"inLanguage":"fr-FR"}]}},"_links":{"self":[{"href":"https:\/\/adcelectronique.com\/index.php\/wp-json\/wp\/v2\/product\/11240","targetHints":{"allow":["GET"]}}],"collection":[{"href":"https:\/\/adcelectronique.com\/index.php\/wp-json\/wp\/v2\/product"}],"about":[{"href":"https:\/\/adcelectronique.com\/index.php\/wp-json\/wp\/v2\/types\/product"}],"replies":[{"embeddable":true,"href":"https:\/\/adcelectronique.com\/index.php\/wp-json\/wp\/v2\/comments?post=11240"}],"version-history":[{"count":1,"href":"https:\/\/adcelectronique.com\/index.php\/wp-json\/wp\/v2\/product\/11240\/revisions"}],"predecessor-version":[{"id":11244,"href":"https:\/\/adcelectronique.com\/index.php\/wp-json\/wp\/v2\/product\/11240\/revisions\/11244"}],"wp:featuredmedia":[{"embeddable":true,"href":"https:\/\/adcelectronique.com\/index.php\/wp-json\/wp\/v2\/media\/11241"}],"wp:attachment":[{"href":"https:\/\/adcelectronique.com\/index.php\/wp-json\/wp\/v2\/media?parent=11240"}],"wp:term":[{"taxonomy":"product_brand","embeddable":true,"href":"https:\/\/adcelectronique.com\/index.php\/wp-json\/wp\/v2\/product_brand?post=11240"},{"taxonomy":"product_cat","embeddable":true,"href":"https:\/\/adcelectronique.com\/index.php\/wp-json\/wp\/v2\/product_cat?post=11240"},{"taxonomy":"product_tag","embeddable":true,"href":"https:\/\/adcelectronique.com\/index.php\/wp-json\/wp\/v2\/product_tag?post=11240"}],"curies":[{"name":"wp","href":"https:\/\/api.w.org\/{rel}","templated":true}]}}