{"id":11245,"date":"2026-04-12T10:30:07","date_gmt":"2026-04-12T10:30:07","guid":{"rendered":"https:\/\/adcelectronique.com\/?post_type=product&#038;p=11245"},"modified":"2026-04-12T10:30:08","modified_gmt":"2026-04-12T10:30:08","slug":"detecteur-mixte-fummee-et-temperature-adressable-m140","status":"publish","type":"product","link":"https:\/\/adcelectronique.com\/index.php\/product\/detecteur-mixte-fummee-et-temperature-adressable-m140\/","title":{"rendered":"DETECTEUR MIXTE FUMMEE ET TEMPERATURE ADRESSABLE M140"},"content":{"rendered":"<h3 data-start=\"148\" data-end=\"388\">\u00a0 \u00a0 \u00a0 \u00a0 \u00a0 \u00a0 \u00a0 \u00a0 \u00a0DETECTEUR MIXTE FUMMEE ET TEMPERATURE ADRESSABLE M140<\/h3>\n<p data-start=\"148\" data-end=\"388\">Le <strong data-start=\"151\" data-end=\"169\">SensoIRIS M140<\/strong> est un <strong data-start=\"177\" data-end=\"209\">d\u00e9tecteur adressable combin\u00e9<\/strong> int\u00e9grant la <strong data-start=\"223\" data-end=\"253\">d\u00e9tection optique de fum\u00e9e<\/strong> et la <strong data-start=\"260\" data-end=\"285\">mesure de temp\u00e9rature<\/strong>. Il est con\u00e7u pour les syst\u00e8mes de d\u00e9tection incendie utilisant le <strong data-start=\"353\" data-end=\"387\">protocole de communication TTE<\/strong>.<\/p>\n<p data-start=\"390\" data-end=\"600\">Enti\u00e8rement aliment\u00e9 et supervis\u00e9 par la centrale incendie, il peut \u00eatre <strong data-start=\"463\" data-end=\"522\">configur\u00e9 et contr\u00f4l\u00e9 via le protocole de communication<\/strong>, garantissant une gestion intelligente et fiable des \u00e9v\u00e9nements de d\u00e9tection.<\/p>\n<p data-start=\"602\" data-end=\"717\">Le d\u00e9tecteur <strong data-start=\"615\" data-end=\"666\">SensoIRIS M140 est compatible avec la base B124<\/strong>, assurant une installation standardis\u00e9e et rapide.<\/p>\n<hr data-start=\"719\" data-end=\"722\" \/>\n<h2 data-section-id=\"128riy1\" data-start=\"724\" data-end=\"755\">Caract\u00e9ristiques principales<\/h2>\n<ul data-start=\"756\" data-end=\"1091\">\n<li data-section-id=\"7gz94d\" data-start=\"756\" data-end=\"810\">D\u00e9tecteur <strong data-start=\"768\" data-end=\"810\">adressable combin\u00e9 fum\u00e9e + temp\u00e9rature<\/strong><\/li>\n<li data-section-id=\"1drizzb\" data-start=\"811\" data-end=\"850\">Technologie : <strong data-start=\"827\" data-end=\"850\">optique + thermique<\/strong><\/li>\n<li data-section-id=\"1kh98go\" data-start=\"851\" data-end=\"881\">Compatible protocole <strong data-start=\"874\" data-end=\"881\">TTE<\/strong><\/li>\n<li data-section-id=\"gd4jns\" data-start=\"882\" data-end=\"933\">Alimentation et supervision via centrale incendie<\/li>\n<li data-section-id=\"7upbvj\" data-start=\"934\" data-end=\"965\">Compatible avec <strong data-start=\"952\" data-end=\"965\">base B124<\/strong><\/li>\n<li data-section-id=\"11pyqa\" data-start=\"966\" data-end=\"1008\">D\u00e9tection fiable et rapide des incendies<\/li>\n<li data-section-id=\"1kb0vi0\" data-start=\"1009\" data-end=\"1054\">Installation plafond simple et standardis\u00e9e<\/li>\n<li data-section-id=\"1qj7ewx\" data-start=\"1055\" data-end=\"1091\">Adapt\u00e9 aux syst\u00e8mes professionnels<\/li>\n<\/ul>\n<hr data-start=\"1093\" data-end=\"1096\" \/>\n<h2 data-section-id=\"1ilt2zm\" data-start=\"1098\" data-end=\"1128\">Caract\u00e9ristiques techniques<\/h2>\n<div class=\"TyagGW_tableContainer\">\n<div class=\"group TyagGW_tableWrapper flex flex-col-reverse w-fit\">\n<table class=\"w-fit min-w-(--thread-content-width)\" data-start=\"1129\" data-end=\"1467\">\n<thead data-start=\"1129\" data-end=\"1151\">\n<tr data-start=\"1129\" data-end=\"1151\">\n<th class=\"\" data-start=\"1129\" data-end=\"1141\" data-col-size=\"sm\">Param\u00e8tre<\/th>\n<th class=\"\" data-start=\"1141\" data-end=\"1151\" data-col-size=\"sm\">Valeur<\/th>\n<\/tr>\n<\/thead>\n<tbody data-start=\"1175\" data-end=\"1467\">\n<tr data-start=\"1175\" data-end=\"1214\">\n<td data-start=\"1175\" data-end=\"1182\" data-col-size=\"sm\">Type<\/td>\n<td data-start=\"1182\" data-end=\"1214\" data-col-size=\"sm\">D\u00e9tecteur combin\u00e9 adressable<\/td>\n<\/tr>\n<tr data-start=\"1215\" data-end=\"1253\">\n<td data-start=\"1215\" data-end=\"1230\" data-col-size=\"sm\">Technologies<\/td>\n<td data-start=\"1230\" data-end=\"1253\" data-col-size=\"sm\">Optique + thermique<\/td>\n<\/tr>\n<tr data-start=\"1254\" data-end=\"1287\">\n<td data-start=\"1254\" data-end=\"1270\" data-col-size=\"sm\">Communication<\/td>\n<td data-start=\"1270\" data-end=\"1287\" data-col-size=\"sm\">Protocole TTE<\/td>\n<\/tr>\n<tr data-start=\"1288\" data-end=\"1328\">\n<td data-start=\"1288\" data-end=\"1303\" data-col-size=\"sm\">Alimentation<\/td>\n<td data-start=\"1303\" data-end=\"1328\" data-col-size=\"sm\">Via centrale incendie<\/td>\n<\/tr>\n<tr data-start=\"1329\" data-end=\"1355\">\n<td data-start=\"1329\" data-end=\"1347\" data-col-size=\"sm\">Base compatible<\/td>\n<td data-start=\"1347\" data-end=\"1355\" data-col-size=\"sm\">B124<\/td>\n<\/tr>\n<tr data-start=\"1356\" data-end=\"1382\">\n<td data-start=\"1356\" data-end=\"1371\" data-col-size=\"sm\">Installation<\/td>\n<td data-start=\"1371\" data-end=\"1382\" data-col-size=\"sm\">Plafond<\/td>\n<\/tr>\n<tr data-start=\"1383\" data-end=\"1431\">\n<td data-start=\"1383\" data-end=\"1397\" data-col-size=\"sm\">Utilisation<\/td>\n<td data-start=\"1397\" data-end=\"1431\" data-col-size=\"sm\">Syst\u00e8mes de d\u00e9tection incendie<\/td>\n<\/tr>\n<tr data-start=\"1432\" data-end=\"1467\">\n<td data-start=\"1432\" data-end=\"1444\" data-col-size=\"sm\">Fabricant<\/td>\n<td data-start=\"1444\" data-end=\"1467\" data-col-size=\"sm\">Teletek Electronics<\/td>\n<\/tr>\n<\/tbody>\n<\/table>\n<\/div>\n<\/div>\n","protected":false},"excerpt":{"rendered":"<p data-start=\"148\" data-end=\"388\">Le <strong data-start=\"151\" data-end=\"169\">SensoIRIS M140<\/strong> est un <strong data-start=\"177\" data-end=\"209\">d\u00e9tecteur adressable combin\u00e9<\/strong> int\u00e9grant la <strong data-start=\"223\" data-end=\"253\">d\u00e9tection optique de fum\u00e9e<\/strong> et la <strong data-start=\"260\" data-end=\"285\">mesure de temp\u00e9rature<\/strong>. Il est con\u00e7u pour les syst\u00e8mes de d\u00e9tection incendie utilisant le <strong data-start=\"353\" data-end=\"387\">protocole de communication TTE<\/strong>.<\/p>\n<p data-start=\"390\" data-end=\"600\">Enti\u00e8rement aliment\u00e9 et supervis\u00e9 par la centrale incendie, il peut \u00eatre <strong data-start=\"463\" data-end=\"522\">configur\u00e9 et contr\u00f4l\u00e9 via le protocole de communication<\/strong>, garantissant une gestion intelligente et fiable des \u00e9v\u00e9nements de d\u00e9tection.<\/p>\n<p data-start=\"602\" data-end=\"717\">Le d\u00e9tecteur <strong data-start=\"615\" data-end=\"666\">SensoIRIS M140 est compatible avec la base B124<\/strong>, assurant une installation standardis\u00e9e et rapide.<\/p>\n","protected":false},"featured_media":11243,"comment_status":"open","ping_status":"closed","template":"","meta":[],"product_brand":[149],"product_cat":[153],"product_tag":[],"class_list":{"0":"post-11245","1":"product","2":"type-product","3":"status-publish","4":"has-post-thumbnail","6":"product_brand-teletek","7":"product_cat-system-detection-incendie-adressable","9":"first","10":"instock","11":"shipping-taxable","12":"product-type-simple"},"yoast_head":"<!-- This site is optimized with the Yoast SEO Premium plugin v26.2 (Yoast SEO v26.2) - https:\/\/yoast.com\/wordpress\/plugins\/seo\/ -->\n<title>DETECTEUR MIXTE FUMMEE ET TEMPERATURE ADRESSABLE M140 - ADC Electronique<\/title>\n<meta name=\"robots\" content=\"index, follow, max-snippet:-1, max-image-preview:large, max-video-preview:-1\" \/>\n<link rel=\"canonical\" href=\"https:\/\/adcelectronique.com\/index.php\/product\/detecteur-mixte-fummee-et-temperature-adressable-m140\/\" \/>\n<meta property=\"og:locale\" content=\"fr_FR\" \/>\n<meta property=\"og:type\" content=\"article\" \/>\n<meta property=\"og:title\" content=\"DETECTEUR MIXTE FUMMEE ET TEMPERATURE ADRESSABLE M140\" \/>\n<meta property=\"og:description\" content=\"Le SensoIRIS M140 est un d\u00e9tecteur adressable combin\u00e9 int\u00e9grant la d\u00e9tection optique de fum\u00e9e et la mesure de temp\u00e9rature. Il est con\u00e7u pour les syst\u00e8mes de d\u00e9tection incendie utilisant le protocole de communication TTE. Enti\u00e8rement aliment\u00e9 et supervis\u00e9 par la centrale incendie, il peut \u00eatre configur\u00e9 et contr\u00f4l\u00e9 via le protocole de communication, garantissant une gestion intelligente et fiable des \u00e9v\u00e9nements de d\u00e9tection. Le d\u00e9tecteur SensoIRIS M140 est compatible avec la base B124, assurant une installation standardis\u00e9e et rapide.\" \/>\n<meta property=\"og:url\" content=\"https:\/\/adcelectronique.com\/index.php\/product\/detecteur-mixte-fummee-et-temperature-adressable-m140\/\" \/>\n<meta property=\"og:site_name\" content=\"ADC Electronique\" \/>\n<meta property=\"article:modified_time\" content=\"2026-04-12T10:30:08+00:00\" \/>\n<meta property=\"og:image\" content=\"https:\/\/adcelectronique.com\/wp-content\/uploads\/2026\/04\/images-1.jpg\" \/>\n\t<meta property=\"og:image:width\" content=\"225\" \/>\n\t<meta property=\"og:image:height\" content=\"225\" \/>\n\t<meta property=\"og:image:type\" content=\"image\/jpeg\" \/>\n<meta name=\"twitter:card\" content=\"summary_large_image\" \/>\n<meta name=\"twitter:label1\" content=\"Dur\u00e9e de lecture estim\u00e9e\" \/>\n\t<meta name=\"twitter:data1\" content=\"1 minute\" \/>\n<script type=\"application\/ld+json\" class=\"yoast-schema-graph\">{\"@context\":\"https:\/\/schema.org\",\"@graph\":[{\"@type\":\"WebPage\",\"@id\":\"https:\/\/adcelectronique.com\/index.php\/product\/detecteur-mixte-fummee-et-temperature-adressable-m140\/\",\"url\":\"https:\/\/adcelectronique.com\/index.php\/product\/detecteur-mixte-fummee-et-temperature-adressable-m140\/\",\"name\":\"DETECTEUR MIXTE FUMMEE ET TEMPERATURE ADRESSABLE M140 - ADC Electronique\",\"isPartOf\":{\"@id\":\"https:\/\/adcelectronique.com\/#website\"},\"primaryImageOfPage\":{\"@id\":\"https:\/\/adcelectronique.com\/index.php\/product\/detecteur-mixte-fummee-et-temperature-adressable-m140\/#primaryimage\"},\"image\":{\"@id\":\"https:\/\/adcelectronique.com\/index.php\/product\/detecteur-mixte-fummee-et-temperature-adressable-m140\/#primaryimage\"},\"thumbnailUrl\":\"https:\/\/adcelectronique.com\/wp-content\/uploads\/2026\/04\/images-1.jpg\",\"datePublished\":\"2026-04-12T10:30:07+00:00\",\"dateModified\":\"2026-04-12T10:30:08+00:00\",\"breadcrumb\":{\"@id\":\"https:\/\/adcelectronique.com\/index.php\/product\/detecteur-mixte-fummee-et-temperature-adressable-m140\/#breadcrumb\"},\"inLanguage\":\"fr-FR\",\"potentialAction\":[{\"@type\":\"ReadAction\",\"target\":[\"https:\/\/adcelectronique.com\/index.php\/product\/detecteur-mixte-fummee-et-temperature-adressable-m140\/\"]}]},{\"@type\":\"ImageObject\",\"inLanguage\":\"fr-FR\",\"@id\":\"https:\/\/adcelectronique.com\/index.php\/product\/detecteur-mixte-fummee-et-temperature-adressable-m140\/#primaryimage\",\"url\":\"https:\/\/adcelectronique.com\/wp-content\/uploads\/2026\/04\/images-1.jpg\",\"contentUrl\":\"https:\/\/adcelectronique.com\/wp-content\/uploads\/2026\/04\/images-1.jpg\",\"width\":225,\"height\":225},{\"@type\":\"BreadcrumbList\",\"@id\":\"https:\/\/adcelectronique.com\/index.php\/product\/detecteur-mixte-fummee-et-temperature-adressable-m140\/#breadcrumb\",\"itemListElement\":[{\"@type\":\"ListItem\",\"position\":1,\"name\":\"Home\",\"item\":\"https:\/\/adcelectronique.com\/\"},{\"@type\":\"ListItem\",\"position\":2,\"name\":\"Shop\",\"item\":\"https:\/\/adcelectronique.com\/index.php\/shop\/\"},{\"@type\":\"ListItem\",\"position\":3,\"name\":\"DETECTEUR MIXTE FUMMEE ET TEMPERATURE ADRESSABLE M140\"}]},{\"@type\":\"WebSite\",\"@id\":\"https:\/\/adcelectronique.com\/#website\",\"url\":\"https:\/\/adcelectronique.com\/\",\"name\":\"ADC Electronique\",\"description\":\"\",\"potentialAction\":[{\"@type\":\"SearchAction\",\"target\":{\"@type\":\"EntryPoint\",\"urlTemplate\":\"https:\/\/adcelectronique.com\/?s={search_term_string}\"},\"query-input\":{\"@type\":\"PropertyValueSpecification\",\"valueRequired\":true,\"valueName\":\"search_term_string\"}}],\"inLanguage\":\"fr-FR\"}]}<\/script>\n<!-- \/ Yoast SEO Premium plugin. -->","yoast_head_json":{"title":"DETECTEUR MIXTE FUMMEE ET TEMPERATURE ADRESSABLE M140 - ADC Electronique","robots":{"index":"index","follow":"follow","max-snippet":"max-snippet:-1","max-image-preview":"max-image-preview:large","max-video-preview":"max-video-preview:-1"},"canonical":"https:\/\/adcelectronique.com\/index.php\/product\/detecteur-mixte-fummee-et-temperature-adressable-m140\/","og_locale":"fr_FR","og_type":"article","og_title":"DETECTEUR MIXTE FUMMEE ET TEMPERATURE ADRESSABLE M140","og_description":"Le SensoIRIS M140 est un d\u00e9tecteur adressable combin\u00e9 int\u00e9grant la d\u00e9tection optique de fum\u00e9e et la mesure de temp\u00e9rature. Il est con\u00e7u pour les syst\u00e8mes de d\u00e9tection incendie utilisant le protocole de communication TTE. Enti\u00e8rement aliment\u00e9 et supervis\u00e9 par la centrale incendie, il peut \u00eatre configur\u00e9 et contr\u00f4l\u00e9 via le protocole de communication, garantissant une gestion intelligente et fiable des \u00e9v\u00e9nements de d\u00e9tection. Le d\u00e9tecteur SensoIRIS M140 est compatible avec la base B124, assurant une installation standardis\u00e9e et rapide.","og_url":"https:\/\/adcelectronique.com\/index.php\/product\/detecteur-mixte-fummee-et-temperature-adressable-m140\/","og_site_name":"ADC Electronique","article_modified_time":"2026-04-12T10:30:08+00:00","og_image":[{"width":225,"height":225,"url":"https:\/\/adcelectronique.com\/wp-content\/uploads\/2026\/04\/images-1.jpg","type":"image\/jpeg"}],"twitter_card":"summary_large_image","twitter_misc":{"Dur\u00e9e de lecture estim\u00e9e":"1 minute"},"schema":{"@context":"https:\/\/schema.org","@graph":[{"@type":"WebPage","@id":"https:\/\/adcelectronique.com\/index.php\/product\/detecteur-mixte-fummee-et-temperature-adressable-m140\/","url":"https:\/\/adcelectronique.com\/index.php\/product\/detecteur-mixte-fummee-et-temperature-adressable-m140\/","name":"DETECTEUR MIXTE FUMMEE ET TEMPERATURE ADRESSABLE M140 - ADC Electronique","isPartOf":{"@id":"https:\/\/adcelectronique.com\/#website"},"primaryImageOfPage":{"@id":"https:\/\/adcelectronique.com\/index.php\/product\/detecteur-mixte-fummee-et-temperature-adressable-m140\/#primaryimage"},"image":{"@id":"https:\/\/adcelectronique.com\/index.php\/product\/detecteur-mixte-fummee-et-temperature-adressable-m140\/#primaryimage"},"thumbnailUrl":"https:\/\/adcelectronique.com\/wp-content\/uploads\/2026\/04\/images-1.jpg","datePublished":"2026-04-12T10:30:07+00:00","dateModified":"2026-04-12T10:30:08+00:00","breadcrumb":{"@id":"https:\/\/adcelectronique.com\/index.php\/product\/detecteur-mixte-fummee-et-temperature-adressable-m140\/#breadcrumb"},"inLanguage":"fr-FR","potentialAction":[{"@type":"ReadAction","target":["https:\/\/adcelectronique.com\/index.php\/product\/detecteur-mixte-fummee-et-temperature-adressable-m140\/"]}]},{"@type":"ImageObject","inLanguage":"fr-FR","@id":"https:\/\/adcelectronique.com\/index.php\/product\/detecteur-mixte-fummee-et-temperature-adressable-m140\/#primaryimage","url":"https:\/\/adcelectronique.com\/wp-content\/uploads\/2026\/04\/images-1.jpg","contentUrl":"https:\/\/adcelectronique.com\/wp-content\/uploads\/2026\/04\/images-1.jpg","width":225,"height":225},{"@type":"BreadcrumbList","@id":"https:\/\/adcelectronique.com\/index.php\/product\/detecteur-mixte-fummee-et-temperature-adressable-m140\/#breadcrumb","itemListElement":[{"@type":"ListItem","position":1,"name":"Home","item":"https:\/\/adcelectronique.com\/"},{"@type":"ListItem","position":2,"name":"Shop","item":"https:\/\/adcelectronique.com\/index.php\/shop\/"},{"@type":"ListItem","position":3,"name":"DETECTEUR MIXTE FUMMEE ET TEMPERATURE ADRESSABLE M140"}]},{"@type":"WebSite","@id":"https:\/\/adcelectronique.com\/#website","url":"https:\/\/adcelectronique.com\/","name":"ADC Electronique","description":"","potentialAction":[{"@type":"SearchAction","target":{"@type":"EntryPoint","urlTemplate":"https:\/\/adcelectronique.com\/?s={search_term_string}"},"query-input":{"@type":"PropertyValueSpecification","valueRequired":true,"valueName":"search_term_string"}}],"inLanguage":"fr-FR"}]}},"_links":{"self":[{"href":"https:\/\/adcelectronique.com\/index.php\/wp-json\/wp\/v2\/product\/11245","targetHints":{"allow":["GET"]}}],"collection":[{"href":"https:\/\/adcelectronique.com\/index.php\/wp-json\/wp\/v2\/product"}],"about":[{"href":"https:\/\/adcelectronique.com\/index.php\/wp-json\/wp\/v2\/types\/product"}],"replies":[{"embeddable":true,"href":"https:\/\/adcelectronique.com\/index.php\/wp-json\/wp\/v2\/comments?post=11245"}],"version-history":[{"count":1,"href":"https:\/\/adcelectronique.com\/index.php\/wp-json\/wp\/v2\/product\/11245\/revisions"}],"predecessor-version":[{"id":11247,"href":"https:\/\/adcelectronique.com\/index.php\/wp-json\/wp\/v2\/product\/11245\/revisions\/11247"}],"wp:featuredmedia":[{"embeddable":true,"href":"https:\/\/adcelectronique.com\/index.php\/wp-json\/wp\/v2\/media\/11243"}],"wp:attachment":[{"href":"https:\/\/adcelectronique.com\/index.php\/wp-json\/wp\/v2\/media?parent=11245"}],"wp:term":[{"taxonomy":"product_brand","embeddable":true,"href":"https:\/\/adcelectronique.com\/index.php\/wp-json\/wp\/v2\/product_brand?post=11245"},{"taxonomy":"product_cat","embeddable":true,"href":"https:\/\/adcelectronique.com\/index.php\/wp-json\/wp\/v2\/product_cat?post=11245"},{"taxonomy":"product_tag","embeddable":true,"href":"https:\/\/adcelectronique.com\/index.php\/wp-json\/wp\/v2\/product_tag?post=11245"}],"curies":[{"name":"wp","href":"https:\/\/api.w.org\/{rel}","templated":true}]}}